{"id":11368,"date":"2022-01-19T12:54:33","date_gmt":"2022-01-19T11:54:33","guid":{"rendered":"https:\/\/new.tiketi.com\/buti-la-zungu-bus-online-booking-bus-tickets-reservation\/"},"modified":"2022-02-01T16:11:22","modified_gmt":"2022-02-01T15:11:22","slug":"buti-la-zungu-bus","status":"publish","type":"page","link":"https:\/\/tiketi.com\/fr-fr\/buti-la-zungu-bus\/","title":{"rendered":"R\u00e9servation en ligne de bus Buti La Zungu, billets de bus, itin\u00e9raires et tarifs"},"content":{"rendered":"<h2>Bus Buti La Zungu R\u00e9servation de billets de bus en ligne<\/h2>\n<h3>D\u00e9couvrez votre itin\u00e9raire de voyage sur le web, le mobile ou l&#039;application et r\u00e9servez des billets de bus Buti La Zungu pas chers en ligne d\u00e8s maintenant.<\/h3>\n<p>La r\u00e9servation en ligne de bus Buti La Zungu en toute simplicit\u00e9. Butila Zungu Express est l&#039;une des compagnies de bus l\u00e9gendaires de Tanzanie. Ils sont c\u00e9l\u00e8bres pour leurs routes de la zone sud vers la ville d&#039;affaires de Dar es Salaam. Vous pouvez \u00e9galement faire la r\u00e9servation en ligne de billets de bus Buti La Zungu bus en ligne et \u00e9conomiser du temps et de l&#039;argent.<\/p>\n<h2>R\u00e9servation en ligne de bus Buti La Zungu, FAQ sur les billets de bus, les itin\u00e9raires et les tarifs<\/h2>\n<h3>Quels sont les c\u00e9l\u00e8bres itin\u00e9raires couverts par le service de bus Buti La Zunga ?<\/h3>\n<p>\u2022 Dar es Salam \u00e0 lindi<br \/>\n\u2022 Dar es Salam \u00e0 Mtwara<br \/>\n\u2022 Dar es Salam \u00e0 Masasi<\/p>\n<h3>Ligne de service de bus Bhuti la Zungu<\/h3>\n<p>Ils assurent le transport quotidien en bus de la ville de Dar es Salaam aux villes de la zone sud comme Mtwara, Masai et Lindi. Ils ont des d\u00e9parts l&#039;apr\u00e8s-midi et le matin dans toutes les destinations o\u00f9 les passagers et les clients peuvent r\u00e9server leurs billets avant la date du voyage ou la date du voyage.<\/p>\n<p>La r\u00e9servation de billets en ligne peut \u00eatre effectu\u00e9e dans leurs bureaux situ\u00e9s dans chaque terminal de leurs destinations ou en contactant l&#039;un de leurs agents pour obtenir de l&#039;aide. En outre, vous pouvez effectuer une r\u00e9servation en les appelant directement via les num\u00e9ros de t\u00e9l\u00e9phone indiqu\u00e9s ci-dessous.<\/p>\n<h3>Ligne de la flotte de bus Bhuti la Zungu<\/h3>\n<p>Cette entreprise poss\u00e8de et g\u00e8re les bus les plus luxueux pour les routes du sud depuis Dar es Salaalm. Ils ont les nouveaux mod\u00e8les de bus Sunglong et Yutong qui sont directement import\u00e9s de Chine.<\/p>\n<p>Leurs bus sont fabriqu\u00e9s avec des sp\u00e9cifications personnalis\u00e9es pour vous offrir un confort sp\u00e9cial et juste tout le temps lorsque vous \u00eates en route vers vos lieux.<\/p>\n<h3>Quelles sont les coordonn\u00e9es des bus Bhuti la Zungu ?<\/h3>\n<p>Bureau principal de Lind<br \/>\nCase postale 578<br \/>\nLindi<\/p>\n<h2>Buti La Zungu Bus Conseils de r\u00e9servation de billets de bus en ligne<\/h2>\n<p>Buti La Zunga est dans l&#039;industrie du transport depuis plus de vingt ans. \u00c0 cette \u00e9poque, les grands entra\u00eeneurs provenaient de la soci\u00e9t\u00e9 Scania avec une carrosserie fabriqu\u00e9e dans le pays par des fabricants kenyans et tanzaniens.<\/p>\n<p>Actuellement, l&#039;industrie du transport a remplac\u00e9 et Buti la Zunga subit \u00e9galement de grandes innovations sur sa liste de flotte. Ils g\u00e8rent maintenant leur entreprise avec des mod\u00e8les de bus chinois complets comme les bus Sunlong et Yutong.<\/p>","protected":false},"excerpt":{"rendered":"<p>Buti La Zungu Bus Online Bus Ticket Booking Discover your travel route on web, mobile or app and book cheap Buti La Zungu Bus tickets online now. Buti La Zungu bus online booking made easy. Butila Zungu Express is one among the legendary bus firms in Tanzania. They are famous for their Southern zone routes [&hellip;]<\/p>\n","protected":false},"author":1,"featured_media":13999,"parent":0,"menu_order":0,"comment_status":"open","ping_status":"closed","template":"template-home-modern.php","meta":{"footnotes":""},"class_list":["post-11368","page","type-page","status-publish","has-post-thumbnail","hentry"],"yoast_head":"<!-- This site is optimized with the Yoast SEO plugin v27.4 - https:\/\/yoast.com\/product\/yoast-seo-wordpress\/ -->\n<title>Buti La Zungu Bus Online Booking, Bus Tickets, Routes &amp; Fares<\/title>\n<meta name=\"description\" content=\"Looking for Buti La Zunga Bus online booking, app, route, fare &amp; schedule? Make a Buti La Zunga bus online bus ticket booking online now\" \/>\n<meta name=\"robots\" content=\"index, follow, max-snippet:-1, max-image-preview:large, max-video-preview:-1\" \/>\n<link rel=\"canonical\" href=\"https:\/\/tiketi.com\/fr-fr\/buti-la-zungu-bus\/\" \/>\n<meta property=\"og:locale\" content=\"fr_FR\" \/>\n<meta property=\"og:type\" content=\"article\" \/>\n<meta property=\"og:title\" content=\"Buti La Zungu Bus Online Booking, Bus Tickets, Routes &amp; Fares\" \/>\n<meta property=\"og:description\" content=\"Looking for Buti La Zunga Bus online booking, app, route, fare &amp; schedule? Make a Buti La Zunga bus online bus ticket booking online now\" \/>\n<meta property=\"og:url\" content=\"https:\/\/tiketi.com\/fr-fr\/buti-la-zungu-bus\/\" \/>\n<meta property=\"og:site_name\" content=\"Tiketi.com\" \/>\n<meta property=\"article:publisher\" content=\"https:\/\/www.facebook.com\/TiketiCom\/\" \/>\n<meta property=\"article:modified_time\" content=\"2022-02-01T15:11:22+00:00\" \/>\n<meta property=\"og:image\" content=\"https:\/\/tiketi.com\/wp-content\/uploads\/2022\/01\/bus-ticket-online-booking.jpg\" \/>\n\t<meta property=\"og:image:width\" content=\"1200\" \/>\n\t<meta property=\"og:image:height\" content=\"206\" \/>\n\t<meta property=\"og:image:type\" content=\"image\/jpeg\" \/>\n<meta name=\"twitter:card\" content=\"summary_large_image\" \/>\n<meta name=\"twitter:label1\" content=\"Dur\u00e9e de lecture estim\u00e9e\" \/>\n\t<meta name=\"twitter:data1\" content=\"2 minutes\" \/>\n<script type=\"application\/ld+json\" class=\"yoast-schema-graph\">{\"@context\":\"https:\\\/\\\/schema.org\",\"@graph\":[{\"@type\":\"WebPage\",\"@id\":\"https:\\\/\\\/tiketi.com\\\/sw\\\/buti-la-zungu-bus\\\/\",\"url\":\"https:\\\/\\\/tiketi.com\\\/sw\\\/buti-la-zungu-bus\\\/\",\"name\":\"Buti La Zungu Bus Online Booking, Bus Tickets, Routes & Fares\",\"isPartOf\":{\"@id\":\"https:\\\/\\\/tiketi.com\\\/#website\"},\"primaryImageOfPage\":{\"@id\":\"https:\\\/\\\/tiketi.com\\\/sw\\\/buti-la-zungu-bus\\\/#primaryimage\"},\"image\":{\"@id\":\"https:\\\/\\\/tiketi.com\\\/sw\\\/buti-la-zungu-bus\\\/#primaryimage\"},\"thumbnailUrl\":\"https:\\\/\\\/tiketi.com\\\/wp-content\\\/uploads\\\/2022\\\/01\\\/bus-ticket-online-booking.jpg\",\"datePublished\":\"2022-01-19T11:54:33+00:00\",\"dateModified\":\"2022-02-01T15:11:22+00:00\",\"description\":\"Looking for Buti La Zunga Bus online booking, app, route, fare & schedule? Make a Buti La Zunga bus online bus ticket booking online now\",\"breadcrumb\":{\"@id\":\"https:\\\/\\\/tiketi.com\\\/sw\\\/buti-la-zungu-bus\\\/#breadcrumb\"},\"inLanguage\":\"fr-FR\",\"potentialAction\":[{\"@type\":\"ReadAction\",\"target\":[\"https:\\\/\\\/tiketi.com\\\/sw\\\/buti-la-zungu-bus\\\/\"]}]},{\"@type\":\"ImageObject\",\"inLanguage\":\"fr-FR\",\"@id\":\"https:\\\/\\\/tiketi.com\\\/sw\\\/buti-la-zungu-bus\\\/#primaryimage\",\"url\":\"https:\\\/\\\/tiketi.com\\\/wp-content\\\/uploads\\\/2022\\\/01\\\/bus-ticket-online-booking.jpg\",\"contentUrl\":\"https:\\\/\\\/tiketi.com\\\/wp-content\\\/uploads\\\/2022\\\/01\\\/bus-ticket-online-booking.jpg\",\"width\":1200,\"height\":206,\"caption\":\"Online Bus Ticket Booking\"},{\"@type\":\"BreadcrumbList\",\"@id\":\"https:\\\/\\\/tiketi.com\\\/sw\\\/buti-la-zungu-bus\\\/#breadcrumb\",\"itemListElement\":[{\"@type\":\"ListItem\",\"position\":1,\"name\":\"Home\",\"item\":\"https:\\\/\\\/tiketi.com\\\/\"},{\"@type\":\"ListItem\",\"position\":2,\"name\":\"Buti La Zungu Bus Online Booking, Bus Tickets, Routes &#038; Fares\"}]},{\"@type\":\"WebSite\",\"@id\":\"https:\\\/\\\/tiketi.com\\\/#website\",\"url\":\"https:\\\/\\\/tiketi.com\\\/\",\"name\":\"Flight & Bus Tickets, Tour Packages & Activitites - Tiketi.com\",\"description\":\"Flight &amp; Bus Tickets, Tours, Activitites\",\"publisher\":{\"@id\":\"https:\\\/\\\/tiketi.com\\\/#organization\"},\"potentialAction\":[{\"@type\":\"SearchAction\",\"target\":{\"@type\":\"EntryPoint\",\"urlTemplate\":\"https:\\\/\\\/tiketi.com\\\/?s={search_term_string}\"},\"query-input\":{\"@type\":\"PropertyValueSpecification\",\"valueRequired\":true,\"valueName\":\"search_term_string\"}}],\"inLanguage\":\"fr-FR\"},{\"@type\":\"Organization\",\"@id\":\"https:\\\/\\\/tiketi.com\\\/#organization\",\"name\":\"Tiketi.com\",\"alternateName\":\"Tiketi\",\"url\":\"https:\\\/\\\/tiketi.com\\\/\",\"logo\":{\"@type\":\"ImageObject\",\"inLanguage\":\"fr-FR\",\"@id\":\"https:\\\/\\\/tiketi.com\\\/#\\\/schema\\\/logo\\\/image\\\/\",\"url\":\"https:\\\/\\\/tiketi.com\\\/wp-content\\\/uploads\\\/2019\\\/05\\\/tiketi-logo-696.png\",\"contentUrl\":\"https:\\\/\\\/tiketi.com\\\/wp-content\\\/uploads\\\/2019\\\/05\\\/tiketi-logo-696.png\",\"width\":696,\"height\":696,\"caption\":\"Tiketi.com\"},\"image\":{\"@id\":\"https:\\\/\\\/tiketi.com\\\/#\\\/schema\\\/logo\\\/image\\\/\"},\"sameAs\":[\"https:\\\/\\\/www.facebook.com\\\/TiketiCom\\\/\"]}]}<\/script>\n<!-- \/ Yoast SEO plugin. -->","yoast_head_json":{"title":"R\u00e9servation en ligne de bus Buti La Zungu, billets de bus, itin\u00e9raires et tarifs","description":"Vous recherchez une r\u00e9servation en ligne de Buti La Zunga Bus, une application, un itin\u00e9raire, un tarif et un horaire? Faire une r\u00e9servation de billet de bus en ligne pour le bus Buti La Zunga en ligne maintenant","robots":{"index":"index","follow":"follow","max-snippet":"max-snippet:-1","max-image-preview":"max-image-preview:large","max-video-preview":"max-video-preview:-1"},"canonical":"https:\/\/tiketi.com\/fr-fr\/buti-la-zungu-bus\/","og_locale":"fr_FR","og_type":"article","og_title":"Buti La Zungu Bus Online Booking, Bus Tickets, Routes & Fares","og_description":"Looking for Buti La Zunga Bus online booking, app, route, fare & schedule? Make a Buti La Zunga bus online bus ticket booking online now","og_url":"https:\/\/tiketi.com\/fr-fr\/buti-la-zungu-bus\/","og_site_name":"Tiketi.com","article_publisher":"https:\/\/www.facebook.com\/TiketiCom\/","article_modified_time":"2022-02-01T15:11:22+00:00","og_image":[{"width":1200,"height":206,"url":"https:\/\/tiketi.com\/wp-content\/uploads\/2022\/01\/bus-ticket-online-booking.jpg","type":"image\/jpeg"}],"twitter_card":"summary_large_image","twitter_misc":{"Dur\u00e9e de lecture estim\u00e9e":"2 minutes"},"schema":{"@context":"https:\/\/schema.org","@graph":[{"@type":"WebPage","@id":"https:\/\/tiketi.com\/sw\/buti-la-zungu-bus\/","url":"https:\/\/tiketi.com\/sw\/buti-la-zungu-bus\/","name":"R\u00e9servation en ligne de bus Buti La Zungu, billets de bus, itin\u00e9raires et tarifs","isPartOf":{"@id":"https:\/\/tiketi.com\/#website"},"primaryImageOfPage":{"@id":"https:\/\/tiketi.com\/sw\/buti-la-zungu-bus\/#primaryimage"},"image":{"@id":"https:\/\/tiketi.com\/sw\/buti-la-zungu-bus\/#primaryimage"},"thumbnailUrl":"https:\/\/tiketi.com\/wp-content\/uploads\/2022\/01\/bus-ticket-online-booking.jpg","datePublished":"2022-01-19T11:54:33+00:00","dateModified":"2022-02-01T15:11:22+00:00","description":"Vous recherchez une r\u00e9servation en ligne de Buti La Zunga Bus, une application, un itin\u00e9raire, un tarif et un horaire? Faire une r\u00e9servation de billet de bus en ligne pour le bus Buti La Zunga en ligne maintenant","breadcrumb":{"@id":"https:\/\/tiketi.com\/sw\/buti-la-zungu-bus\/#breadcrumb"},"inLanguage":"fr-FR","potentialAction":[{"@type":"ReadAction","target":["https:\/\/tiketi.com\/sw\/buti-la-zungu-bus\/"]}]},{"@type":"ImageObject","inLanguage":"fr-FR","@id":"https:\/\/tiketi.com\/sw\/buti-la-zungu-bus\/#primaryimage","url":"https:\/\/tiketi.com\/wp-content\/uploads\/2022\/01\/bus-ticket-online-booking.jpg","contentUrl":"https:\/\/tiketi.com\/wp-content\/uploads\/2022\/01\/bus-ticket-online-booking.jpg","width":1200,"height":206,"caption":"Online Bus Ticket Booking"},{"@type":"BreadcrumbList","@id":"https:\/\/tiketi.com\/sw\/buti-la-zungu-bus\/#breadcrumb","itemListElement":[{"@type":"ListItem","position":1,"name":"Home","item":"https:\/\/tiketi.com\/"},{"@type":"ListItem","position":2,"name":"Buti La Zungu Bus Online Booking, Bus Tickets, Routes &#038; Fares"}]},{"@type":"WebSite","@id":"https:\/\/tiketi.com\/#website","url":"https:\/\/tiketi.com\/","name":"Billets d&#039;avion et de bus, forfaits touristiques et activit\u00e9s - Tiketi.com","description":"Billets d&#039;avion et de bus, Tours, Activit\u00e9s","publisher":{"@id":"https:\/\/tiketi.com\/#organization"},"potentialAction":[{"@type":"SearchAction","target":{"@type":"EntryPoint","urlTemplate":"https:\/\/tiketi.com\/?s={search_term_string}"},"query-input":{"@type":"PropertyValueSpecification","valueRequired":true,"valueName":"search_term_string"}}],"inLanguage":"fr-FR"},{"@type":"Organization","@id":"https:\/\/tiketi.com\/#organization","name":"Tiketi.com","alternateName":"Tiketi","url":"https:\/\/tiketi.com\/","logo":{"@type":"ImageObject","inLanguage":"fr-FR","@id":"https:\/\/tiketi.com\/#\/schema\/logo\/image\/","url":"https:\/\/tiketi.com\/wp-content\/uploads\/2019\/05\/tiketi-logo-696.png","contentUrl":"https:\/\/tiketi.com\/wp-content\/uploads\/2019\/05\/tiketi-logo-696.png","width":696,"height":696,"caption":"Tiketi.com"},"image":{"@id":"https:\/\/tiketi.com\/#\/schema\/logo\/image\/"},"sameAs":["https:\/\/www.facebook.com\/TiketiCom\/"]}]}},"_links":{"self":[{"href":"https:\/\/tiketi.com\/fr-fr\/wp-json\/wp\/v2\/pages\/11368","targetHints":{"allow":["GET"]}}],"collection":[{"href":"https:\/\/tiketi.com\/fr-fr\/wp-json\/wp\/v2\/pages"}],"about":[{"href":"https:\/\/tiketi.com\/fr-fr\/wp-json\/wp\/v2\/types\/page"}],"author":[{"embeddable":true,"href":"https:\/\/tiketi.com\/fr-fr\/wp-json\/wp\/v2\/users\/1"}],"replies":[{"embeddable":true,"href":"https:\/\/tiketi.com\/fr-fr\/wp-json\/wp\/v2\/comments?post=11368"}],"version-history":[{"count":0,"href":"https:\/\/tiketi.com\/fr-fr\/wp-json\/wp\/v2\/pages\/11368\/revisions"}],"wp:featuredmedia":[{"embeddable":true,"href":"https:\/\/tiketi.com\/fr-fr\/wp-json\/wp\/v2\/media\/13999"}],"wp:attachment":[{"href":"https:\/\/tiketi.com\/fr-fr\/wp-json\/wp\/v2\/media?parent=11368"}],"curies":[{"name":"wp","href":"https:\/\/api.w.org\/{rel}","templated":true}]}}