{"id":11369,"date":"2022-01-19T12:54:35","date_gmt":"2022-01-19T11:54:35","guid":{"rendered":"https:\/\/new.tiketi.com\/bm-luxury-coach-online-booking-bus-tickets-contacts-routes-fares\/"},"modified":"2025-08-02T14:00:33","modified_gmt":"2025-08-02T13:00:33","slug":"bm-luxury-coach","status":"publish","type":"page","link":"https:\/\/tiketi.com\/fr-fr\/companies\/buses\/bm-luxury-coach\/","title":{"rendered":"BM Luxury Coach R\u00e9servation en ligne, billets de bus, itin\u00e9raires, horaires et tarifs"},"content":{"rendered":"<h2>R\u00e9servation de billets en ligne BM, Arusha, Dodoma, etc.<\/h2>\n<h3>D\u00e9couvrez votre itin\u00e9raire de voyage sur le web, le mobile ou l&#039;application et r\u00e9servez votre billet de bus BM pas cher en ligne d\u00e8s maintenant.<\/h3>\n<p>La r\u00e9servation en ligne de BM Luxury Coach simplifi\u00e9e. BM Bus est une compagnie de bus de transport de passagers bas\u00e9e dans la r\u00e9gion de Morogoro. Ils sont dans l&#039;industrie du transport depuis plus de 10 ans. Ils ont commenc\u00e9 comme une petite entreprise de transport desservant les passagers sur les lignes de bus Turiani \u00e0 Dar es Salaam avant de reprendre les lignes Morogoro \u00e0 Dar Es Salaam au d\u00e9but des ann\u00e9es 2010. La r\u00e9servation de billets en ligne BM est s\u00e9curis\u00e9e et vous fait gagner du temps et de l&#039;argent.<\/p>\n<h2>FAQ sur la r\u00e9servation en ligne de BM Luxury Coach, les billets de bus, les itin\u00e9raires, les tarifs et les horaires<\/h2>\n<h3>Lignes de bus BM Dar vers Arusha, Dodoma, Morogoro, etc.<\/h3>\n<p>Ils sont maintenant une entreprise g\u00e9ante et \u00e9norme dans l&#039;industrie du transport de passagers en Tanzanie, \u00e9tendant leurs itin\u00e9raires vers Lushoto, Arusha, Moshi. La r\u00e9servation en ligne de bus BM propose \u00e9galement des trajets en bus de Dar es Salaam \u00e0 Arusha ainsi que d&#039;Arusha au m\u00eame endroit. BM coach est le meilleur concurrent des services de bus Abood sur le Morogoro \u00e0 Arusha et Dar es Salaam \u00e0 Morogoro.<\/p>\n<h3>Quels sont les c\u00e9l\u00e8bres itin\u00e9raires de bus BM couverts en Tanzanie ?<\/h3>\n<p>\u2022 Turiani \u00e0 Dar es Salam<br \/>\n\u2022 Morogoro \u00e0 Dar es Salam<br \/>\n\u2022 Turiani \u00e0 Arusha<br \/>\n\u2022 Morogoro \u00e0 Arusha via Msolwa\/Chalinze<br \/>\n\u2022 Dar es Salaam \u00e0 Arusha via Chalinze\/Msata<br \/>\n\u2022 Dar es Salam \u00e0 Dodoma<br \/>\n\u2022 Morogo \u00e0 Masasi via Dar es Salaam<\/p>\n<h3>Ligne de service de la flotte d&#039;autobus BM<\/h3>\n<p>Les bus BM offrent des services de bus interurbains quotidiens de la r\u00e9gion de Morogoro vers d&#039;autres r\u00e9gions de Tanzanie et vice versa. Le meilleur itin\u00e9raire de r\u00e9servation en ligne de bus BM est Morogoro \u00e0 Dar es Salaam o\u00f9 de nombreux bus fonctionnent. Ils ont un d\u00e9part matinal bien programm\u00e9 pour les lignes de bus longue distance BM et toutes les trente minutes de d\u00e9part de Morogoro \u00e0 Dar es Salaam.<\/p>\n<h3>Quelles sont les coordonn\u00e9es des bus BM pour la r\u00e9servation en ligne des bus BM ?<\/h3>\n<p>Bureau de r\u00e9servation et contacts BM Coach :<\/p>\n<p>Dar es Salaam, Tanzanie<\/p>\n<h2>R\u00e9servation de billets en ligne BM Arusha, Conseils Dodoma<\/h2>\n<p>La r\u00e9servation BM peut \u00eatre effectu\u00e9e en ligne de mani\u00e8re s\u00fbre et facile et dans les bureaux situ\u00e9s dans tous les terminaux et arr\u00eats de bus o\u00f9 leur bus se rendait. Vous pouvez faire votre r\u00e9servation de billets en ligne BM n&#039;importe quoi, n&#039;importe o\u00f9.<\/p>\n<h2>Autres compagnies de bus populaires en Tanzanie<\/h2>\n<table border=\"0\" cellspacing=\"1\" cellpadding=\"1\">\n<tbody>\n<tr>\n<td>\n<ul>\n<li><a href=\"https:\/\/tiketi.com\/fr-fr\/companies\/buses\/trinity-express\/\" target=\"_blank\" rel=\"noopener\">Trinity Express Booking<\/a><\/li>\n<\/ul>\n<\/td>\n<td style=\"width: 30px;\"><\/td>\n<td>\n<ul>\n<li><a href=\"https:\/\/tiketi.com\/fr-fr\/companies\/buses\/kilimanjaro-express\/\" target=\"_blank\" rel=\"noopener\">R\u00e9servation Dar Express<\/a><\/li>\n<\/ul>\n<\/td>\n<td style=\"width: 30px;\"><\/td>\n<td>\n<ul>\n<li><a href=\"https:\/\/tiketi.com\/fr-fr\/companies\/buses\/abood-bus\/\" target=\"_blank\" rel=\"noopener\">R\u00e9servation de bus Abood<\/a><\/li>\n<\/ul>\n<\/td>\n<\/tr>\n<tr>\n<td>\n<ul>\n<li><a href=\"https:\/\/tiketi.com\/fr-fr\/companies\/buses\/super-feo-bus\/\" target=\"_blank\" rel=\"noopener\">Super Feo Booking<\/a><\/li>\n<\/ul>\n<\/td>\n<td style=\"width: 30px;\"><\/td>\n<td>\n<ul>\n<li><a href=\"https:\/\/tiketi.com\/fr-fr\/companies\/buses\/happy-nation-express\/\" target=\"_blank\" rel=\"noopener\">R\u00e9servation Happy Nation Express<\/a><\/li>\n<\/ul>\n<\/td>\n<td style=\"width: 30px;\"><\/td>\n<td>\n<ul>\n<li><a href=\"https:\/\/tiketi.com\/fr-fr\/companies\/buses\/esther-luxury-coach\/\" target=\"_blank\" rel=\"noopener\">R\u00e9servation d&#039;autocars de luxe Esther<\/a><\/li>\n<\/ul>\n<\/td>\n<\/tr>\n<tr>\n<td>\n<ul>\n<li><a href=\"https:\/\/tiketi.com\/fr-fr\/companies\/buses\/shabiby-line\/\" target=\"_blank\" rel=\"noopener\">R\u00e9servation de bus Shabiby Line<\/a><\/li>\n<\/ul>\n<\/td>\n<td style=\"width: 30px;\"><\/td>\n<td>\n<ul>\n<li><a href=\"https:\/\/tiketi.com\/fr-fr\/companies\/buses\/satco-express\/\" target=\"_blank\" rel=\"noopener\">R\u00e9servation de bus Satco<\/a><\/li>\n<\/ul>\n<\/td>\n<td style=\"width: 30px;\"><\/td>\n<td>\n<ul>\n<li><a href=\"https:\/\/tiketi.com\/fr-fr\/companies\/buses\/abc-autobus-de-classe-superieur\/\" target=\"_blank\" rel=\"noopener\">R\u00e9servation de bus ABC Upper Class<\/a><\/li>\n<\/ul>\n<\/td>\n<\/tr>\n<\/tbody>\n<\/table>\n<p>&nbsp;<\/p>\n<p>&nbsp;<\/p>","protected":false},"excerpt":{"rendered":"<p>BM Online Ticket Booking, Arusha, Dodoma Etc. Discover your travel route on web, mobile or app and book your cheap BM bus ticket online now. BM Luxury Coach online booking made easy. BM Bus is a passenger transport bus company which is based in Morogoro area. They are in the transport industry for more than [&hellip;]<\/p>\n","protected":false},"author":1,"featured_media":13999,"parent":25524,"menu_order":0,"comment_status":"open","ping_status":"closed","template":"template-home-modern.php","meta":{"footnotes":""},"class_list":["post-11369","page","type-page","status-publish","has-post-thumbnail","hentry"],"yoast_head":"<!-- This site is optimized with the Yoast SEO plugin v27.3 - https:\/\/yoast.com\/product\/yoast-seo-wordpress\/ -->\n<title>BM Luxury Coach Online Booking, Bus Tickets, Schedule &amp; Fares<\/title>\n<meta name=\"description\" content=\"Looking for BM Luxury Coach online booking, app, bus routes, fare and schedule? Make cheap BM Luxury Coach online bus ticket booking now\" \/>\n<meta name=\"robots\" content=\"index, follow, max-snippet:-1, max-image-preview:large, max-video-preview:-1\" \/>\n<link rel=\"canonical\" href=\"https:\/\/tiketi.com\/fr-fr\/companies\/buses\/bm-luxury-coach\/\" \/>\n<meta property=\"og:locale\" content=\"fr_FR\" \/>\n<meta property=\"og:type\" content=\"article\" \/>\n<meta property=\"og:title\" content=\"BM Luxury Coach Online Booking, Bus Tickets, Schedule &amp; Fares\" \/>\n<meta property=\"og:description\" content=\"Looking for BM Luxury Coach online booking, app, bus routes, fare and schedule? Make cheap BM Luxury Coach online bus ticket booking now\" \/>\n<meta property=\"og:url\" content=\"https:\/\/tiketi.com\/fr-fr\/companies\/buses\/bm-luxury-coach\/\" \/>\n<meta property=\"og:site_name\" content=\"Tiketi.com\" \/>\n<meta property=\"article:publisher\" content=\"https:\/\/www.facebook.com\/TiketiCom\/\" \/>\n<meta property=\"article:modified_time\" content=\"2025-08-02T13:00:33+00:00\" \/>\n<meta property=\"og:image\" content=\"https:\/\/tiketi.com\/wp-content\/uploads\/2022\/01\/bus-ticket-online-booking.jpg\" \/>\n\t<meta property=\"og:image:width\" content=\"1200\" \/>\n\t<meta property=\"og:image:height\" content=\"206\" \/>\n\t<meta property=\"og:image:type\" content=\"image\/jpeg\" \/>\n<meta name=\"twitter:card\" content=\"summary_large_image\" \/>\n<meta name=\"twitter:label1\" content=\"Dur\u00e9e de lecture estim\u00e9e\" \/>\n\t<meta name=\"twitter:data1\" content=\"2 minutes\" \/>\n<script type=\"application\/ld+json\" class=\"yoast-schema-graph\">{\"@context\":\"https:\\\/\\\/schema.org\",\"@graph\":[{\"@type\":\"WebPage\",\"@id\":\"https:\\\/\\\/tiketi.com\\\/companies\\\/buses\\\/bm-luxury-coach\\\/\",\"url\":\"https:\\\/\\\/tiketi.com\\\/companies\\\/buses\\\/bm-luxury-coach\\\/\",\"name\":\"BM Luxury Coach Online Booking, Bus Tickets, Schedule & Fares\",\"isPartOf\":{\"@id\":\"https:\\\/\\\/tiketi.com\\\/#website\"},\"primaryImageOfPage\":{\"@id\":\"https:\\\/\\\/tiketi.com\\\/companies\\\/buses\\\/bm-luxury-coach\\\/#primaryimage\"},\"image\":{\"@id\":\"https:\\\/\\\/tiketi.com\\\/companies\\\/buses\\\/bm-luxury-coach\\\/#primaryimage\"},\"thumbnailUrl\":\"https:\\\/\\\/tiketi.com\\\/wp-content\\\/uploads\\\/2022\\\/01\\\/bus-ticket-online-booking.jpg\",\"datePublished\":\"2022-01-19T11:54:35+00:00\",\"dateModified\":\"2025-08-02T13:00:33+00:00\",\"description\":\"Looking for BM Luxury Coach online booking, app, bus routes, fare and schedule? Make cheap BM Luxury Coach online bus ticket booking now\",\"breadcrumb\":{\"@id\":\"https:\\\/\\\/tiketi.com\\\/companies\\\/buses\\\/bm-luxury-coach\\\/#breadcrumb\"},\"inLanguage\":\"fr-FR\",\"potentialAction\":[{\"@type\":\"ReadAction\",\"target\":[\"https:\\\/\\\/tiketi.com\\\/companies\\\/buses\\\/bm-luxury-coach\\\/\"]}]},{\"@type\":\"ImageObject\",\"inLanguage\":\"fr-FR\",\"@id\":\"https:\\\/\\\/tiketi.com\\\/companies\\\/buses\\\/bm-luxury-coach\\\/#primaryimage\",\"url\":\"https:\\\/\\\/tiketi.com\\\/wp-content\\\/uploads\\\/2022\\\/01\\\/bus-ticket-online-booking.jpg\",\"contentUrl\":\"https:\\\/\\\/tiketi.com\\\/wp-content\\\/uploads\\\/2022\\\/01\\\/bus-ticket-online-booking.jpg\",\"width\":1200,\"height\":206,\"caption\":\"Online Bus Ticket Booking\"},{\"@type\":\"BreadcrumbList\",\"@id\":\"https:\\\/\\\/tiketi.com\\\/companies\\\/buses\\\/bm-luxury-coach\\\/#breadcrumb\",\"itemListElement\":[{\"@type\":\"ListItem\",\"position\":1,\"name\":\"Home\",\"item\":\"https:\\\/\\\/tiketi.com\\\/\"},{\"@type\":\"ListItem\",\"position\":2,\"name\":\"Companies\",\"item\":\"https:\\\/\\\/tiketi.com\\\/companies\\\/\"},{\"@type\":\"ListItem\",\"position\":3,\"name\":\"Buses\",\"item\":\"https:\\\/\\\/tiketi.com\\\/companies\\\/buses\\\/\"},{\"@type\":\"ListItem\",\"position\":4,\"name\":\"BM Luxury Coach Online Booking, Bus Tickets, Routes, Schedule &#038; Fares\"}]},{\"@type\":\"WebSite\",\"@id\":\"https:\\\/\\\/tiketi.com\\\/#website\",\"url\":\"https:\\\/\\\/tiketi.com\\\/\",\"name\":\"Flight & Bus Tickets, Tour Packages & Activitites - Tiketi.com\",\"description\":\"Flight &amp; Bus Tickets, Tours, Activitites\",\"publisher\":{\"@id\":\"https:\\\/\\\/tiketi.com\\\/#organization\"},\"potentialAction\":[{\"@type\":\"SearchAction\",\"target\":{\"@type\":\"EntryPoint\",\"urlTemplate\":\"https:\\\/\\\/tiketi.com\\\/?s={search_term_string}\"},\"query-input\":{\"@type\":\"PropertyValueSpecification\",\"valueRequired\":true,\"valueName\":\"search_term_string\"}}],\"inLanguage\":\"fr-FR\"},{\"@type\":\"Organization\",\"@id\":\"https:\\\/\\\/tiketi.com\\\/#organization\",\"name\":\"Tiketi.com\",\"alternateName\":\"Tiketi\",\"url\":\"https:\\\/\\\/tiketi.com\\\/\",\"logo\":{\"@type\":\"ImageObject\",\"inLanguage\":\"fr-FR\",\"@id\":\"https:\\\/\\\/tiketi.com\\\/#\\\/schema\\\/logo\\\/image\\\/\",\"url\":\"https:\\\/\\\/tiketi.com\\\/wp-content\\\/uploads\\\/2019\\\/05\\\/tiketi-logo-696.png\",\"contentUrl\":\"https:\\\/\\\/tiketi.com\\\/wp-content\\\/uploads\\\/2019\\\/05\\\/tiketi-logo-696.png\",\"width\":696,\"height\":696,\"caption\":\"Tiketi.com\"},\"image\":{\"@id\":\"https:\\\/\\\/tiketi.com\\\/#\\\/schema\\\/logo\\\/image\\\/\"},\"sameAs\":[\"https:\\\/\\\/www.facebook.com\\\/TiketiCom\\\/\"]}]}<\/script>\n<!-- \/ Yoast SEO plugin. -->","yoast_head_json":{"title":"BM Luxury Coach R\u00e9servation en ligne, billets de bus, horaires et tarifs","description":"Vous recherchez une r\u00e9servation en ligne, une application, des itin\u00e9raires de bus, des tarifs et des horaires pour BM Luxury Coach\u00a0? R\u00e9servez d\u00e8s maintenant vos billets de bus en ligne BM Luxury Coach \u00e0 bas prix","robots":{"index":"index","follow":"follow","max-snippet":"max-snippet:-1","max-image-preview":"max-image-preview:large","max-video-preview":"max-video-preview:-1"},"canonical":"https:\/\/tiketi.com\/fr-fr\/companies\/buses\/bm-luxury-coach\/","og_locale":"fr_FR","og_type":"article","og_title":"BM Luxury Coach Online Booking, Bus Tickets, Schedule & Fares","og_description":"Looking for BM Luxury Coach online booking, app, bus routes, fare and schedule? Make cheap BM Luxury Coach online bus ticket booking now","og_url":"https:\/\/tiketi.com\/fr-fr\/companies\/buses\/bm-luxury-coach\/","og_site_name":"Tiketi.com","article_publisher":"https:\/\/www.facebook.com\/TiketiCom\/","article_modified_time":"2025-08-02T13:00:33+00:00","og_image":[{"width":1200,"height":206,"url":"https:\/\/tiketi.com\/wp-content\/uploads\/2022\/01\/bus-ticket-online-booking.jpg","type":"image\/jpeg"}],"twitter_card":"summary_large_image","twitter_misc":{"Dur\u00e9e de lecture estim\u00e9e":"2 minutes"},"schema":{"@context":"https:\/\/schema.org","@graph":[{"@type":"WebPage","@id":"https:\/\/tiketi.com\/companies\/buses\/bm-luxury-coach\/","url":"https:\/\/tiketi.com\/companies\/buses\/bm-luxury-coach\/","name":"BM Luxury Coach R\u00e9servation en ligne, billets de bus, horaires et tarifs","isPartOf":{"@id":"https:\/\/tiketi.com\/#website"},"primaryImageOfPage":{"@id":"https:\/\/tiketi.com\/companies\/buses\/bm-luxury-coach\/#primaryimage"},"image":{"@id":"https:\/\/tiketi.com\/companies\/buses\/bm-luxury-coach\/#primaryimage"},"thumbnailUrl":"https:\/\/tiketi.com\/wp-content\/uploads\/2022\/01\/bus-ticket-online-booking.jpg","datePublished":"2022-01-19T11:54:35+00:00","dateModified":"2025-08-02T13:00:33+00:00","description":"Vous recherchez une r\u00e9servation en ligne, une application, des itin\u00e9raires de bus, des tarifs et des horaires pour BM Luxury Coach\u00a0? R\u00e9servez d\u00e8s maintenant vos billets de bus en ligne BM Luxury Coach \u00e0 bas prix","breadcrumb":{"@id":"https:\/\/tiketi.com\/companies\/buses\/bm-luxury-coach\/#breadcrumb"},"inLanguage":"fr-FR","potentialAction":[{"@type":"ReadAction","target":["https:\/\/tiketi.com\/companies\/buses\/bm-luxury-coach\/"]}]},{"@type":"ImageObject","inLanguage":"fr-FR","@id":"https:\/\/tiketi.com\/companies\/buses\/bm-luxury-coach\/#primaryimage","url":"https:\/\/tiketi.com\/wp-content\/uploads\/2022\/01\/bus-ticket-online-booking.jpg","contentUrl":"https:\/\/tiketi.com\/wp-content\/uploads\/2022\/01\/bus-ticket-online-booking.jpg","width":1200,"height":206,"caption":"Online Bus Ticket Booking"},{"@type":"BreadcrumbList","@id":"https:\/\/tiketi.com\/companies\/buses\/bm-luxury-coach\/#breadcrumb","itemListElement":[{"@type":"ListItem","position":1,"name":"Home","item":"https:\/\/tiketi.com\/"},{"@type":"ListItem","position":2,"name":"Companies","item":"https:\/\/tiketi.com\/companies\/"},{"@type":"ListItem","position":3,"name":"Buses","item":"https:\/\/tiketi.com\/companies\/buses\/"},{"@type":"ListItem","position":4,"name":"BM Luxury Coach Online Booking, Bus Tickets, Routes, Schedule &#038; Fares"}]},{"@type":"WebSite","@id":"https:\/\/tiketi.com\/#website","url":"https:\/\/tiketi.com\/","name":"Billets d&#039;avion et de bus, forfaits touristiques et activit\u00e9s - Tiketi.com","description":"Billets d&#039;avion et de bus, Tours, Activit\u00e9s","publisher":{"@id":"https:\/\/tiketi.com\/#organization"},"potentialAction":[{"@type":"SearchAction","target":{"@type":"EntryPoint","urlTemplate":"https:\/\/tiketi.com\/?s={search_term_string}"},"query-input":{"@type":"PropertyValueSpecification","valueRequired":true,"valueName":"search_term_string"}}],"inLanguage":"fr-FR"},{"@type":"Organization","@id":"https:\/\/tiketi.com\/#organization","name":"Tiketi.com","alternateName":"Tiketi","url":"https:\/\/tiketi.com\/","logo":{"@type":"ImageObject","inLanguage":"fr-FR","@id":"https:\/\/tiketi.com\/#\/schema\/logo\/image\/","url":"https:\/\/tiketi.com\/wp-content\/uploads\/2019\/05\/tiketi-logo-696.png","contentUrl":"https:\/\/tiketi.com\/wp-content\/uploads\/2019\/05\/tiketi-logo-696.png","width":696,"height":696,"caption":"Tiketi.com"},"image":{"@id":"https:\/\/tiketi.com\/#\/schema\/logo\/image\/"},"sameAs":["https:\/\/www.facebook.com\/TiketiCom\/"]}]}},"_links":{"self":[{"href":"https:\/\/tiketi.com\/fr-fr\/wp-json\/wp\/v2\/pages\/11369","targetHints":{"allow":["GET"]}}],"collection":[{"href":"https:\/\/tiketi.com\/fr-fr\/wp-json\/wp\/v2\/pages"}],"about":[{"href":"https:\/\/tiketi.com\/fr-fr\/wp-json\/wp\/v2\/types\/page"}],"author":[{"embeddable":true,"href":"https:\/\/tiketi.com\/fr-fr\/wp-json\/wp\/v2\/users\/1"}],"replies":[{"embeddable":true,"href":"https:\/\/tiketi.com\/fr-fr\/wp-json\/wp\/v2\/comments?post=11369"}],"version-history":[{"count":2,"href":"https:\/\/tiketi.com\/fr-fr\/wp-json\/wp\/v2\/pages\/11369\/revisions"}],"predecessor-version":[{"id":32305,"href":"https:\/\/tiketi.com\/fr-fr\/wp-json\/wp\/v2\/pages\/11369\/revisions\/32305"}],"up":[{"embeddable":true,"href":"https:\/\/tiketi.com\/fr-fr\/wp-json\/wp\/v2\/pages\/25524"}],"wp:featuredmedia":[{"embeddable":true,"href":"https:\/\/tiketi.com\/fr-fr\/wp-json\/wp\/v2\/media\/13999"}],"wp:attachment":[{"href":"https:\/\/tiketi.com\/fr-fr\/wp-json\/wp\/v2\/media?parent=11369"}],"curies":[{"name":"wp","href":"https:\/\/api.w.org\/{rel}","templated":true}]}}