{"id":11370,"date":"2022-01-19T12:54:35","date_gmt":"2022-01-19T11:54:35","guid":{"rendered":"https:\/\/new.tiketi.com\/tashriff-luxury-coach-online-booking-bus-tickets-reservation\/"},"modified":"2022-02-22T10:49:41","modified_gmt":"2022-02-22T09:49:41","slug":"tashriff-luxury-coach","status":"publish","type":"page","link":"https:\/\/tiketi.com\/fr-fr\/tashriff-luxury-coach\/","title":{"rendered":"Tashriff Luxury Coach R\u00e9servation en ligne, billets de bus, horaires et tarifs"},"content":{"rendered":"<h2>R\u00e9servation de billets de bus en ligne pour Tashriff Luxury Coach<\/h2>\n<h3>D\u00e9couvrez votre itin\u00e9raire de voyage sur le web, le mobile ou l&#039;application et r\u00e9servez en ligne d\u00e8s maintenant des billets de bus Tashriff pas chers.<\/h3>\n<p>La r\u00e9servation en ligne de Tashriff Luxury Coach en toute simplicit\u00e9. Tashriff Luxury Coach est un bus interurbain bas\u00e9 \u00e0 Tanga qui est dans l&#039;industrie depuis plus de trente ans maintenant. C&#039;est l&#039;une des premi\u00e8res compagnies de bus \u00e0 desservir les clients entre Dar es Salaam et la ville de Tanga via Chalinze. La r\u00e9servation de billets de bus en ligne Tashriff Luxury Coach vous permet d&#039;\u00e9conomiser du temps et de l&#039;argent.<\/p>\n<h2>Tashriff Luxury Coach R\u00e9servation en ligne, billets de bus, horaires et tarifs FAQ<\/h2>\n<h3>Quels sont les c\u00e9l\u00e8bres itin\u00e9raires couverts par la r\u00e9servation en ligne de Tashriff Luxury Coach ?<\/h3>\n<p>\u2022 Tanga \u00e0 Arusha via Moshi<br \/>\n\u2022 Tanga \u00e0 Dar es Salaam<br \/>\n\u2022 Tanga \u00e0 Dodoma via Morogoro<br \/>\n\u2022 Dar es Salam \u00e0 Singida<br \/>\n\u2022 Tanga \u00e0 Mtwara via Dar es Salaam<br \/>\n\u2022 Tanga \u00e0 Masasi<br \/>\n\u2022 Tanga \u00e0 Ifakara<\/p>\n<h3>Flotte d&#039;autocars de luxe Tashriff<\/h3>\n<p>Au moment de la cr\u00e9ation de la soci\u00e9t\u00e9 de bus, ils utilisaient le mod\u00e8le de bus Scania avec des carrosseries assembl\u00e9es dans le pays. En raison du d\u00e9veloppement de la modernisation et de la technologie, ils ont beaucoup investi dans les bus Golden Dragon, Chinese Yutong et Few Scania.<\/p>\n<p>Ce sont des bus de classe luxe et semi-luxe et certains d&#039;entre eux avec une section VIP \u00e0 l&#039;avant du bus \u00e0 partir de la place du milieu. Les tarifs de la section VIP sont diff\u00e9rents de la partie repos dans le m\u00eame bus.<\/p>\n<p>La plupart de leurs bus ont une disposition de si\u00e8ges deux par deux et peu d&#039;entre eux sont des si\u00e8ges VIP avec une disposition deux par un. Tous leurs bus ont un service de climatisation via certains d&#039;entre eux ne font pas fonctionner la climatisation.<\/p>\n<p>Les divertissements \u00e0 bord sont accessibles dans leurs bus \u00e0 partir d&#039;une t\u00e9l\u00e9vision LCD 6 et d&#039;un syst\u00e8me audio install\u00e9s sur chaque si\u00e8ge du bus. Leurs bus disposent \u00e9galement d&#039;un syst\u00e8me de recharge et d&#039;une connexion Wi-Fi gratuite sur chaque si\u00e8ge.<\/p>\n<h3>Quelles sont les coordonn\u00e9es du service de r\u00e9servation en ligne et des bus de Tashriff ?<\/h3>\n<p>Gofu Chini Road, Tanga, Tanzanie<br \/>\nDar Es Salam<\/p>\n<h2>Tashriff Luxury Coach Conseils de r\u00e9servation de billets de bus en ligne<\/h2>\n<p>Lors de sa cr\u00e9ation, les autocars de luxe Tashriff utilisaient des bus domestiques ordinaires malgr\u00e9 leur nom les qualifiant d&#039;autocars de luxe.<\/p>\n<p>Ils ont commenc\u00e9 avec 1 route de Tanga \u00e0 Dar es Salaam au moment o\u00f9 l&#039;entreprise s&#039;est \u00e9tablie. \u00c0 l&#039;heure actuelle, l&#039;entreprise a \u00e9largi ses services en augmentant de nombreuses autres routes avec la Tanzanie, principalement les r\u00e9gions du sud et du centre.<\/p>","protected":false},"excerpt":{"rendered":"<p>Tashriff Luxury Coach Online Bus Ticket Booking Discover your travel route on web, mobile or app and book cheap Tashriff bus tickets online now. Tashriff Luxury Coach online booking made easy. Tashriff Luxury Coach is a Tanga based intercity bus which have been in the industry for more than thirty years now. It is one [&hellip;]<\/p>\n","protected":false},"author":1,"featured_media":13999,"parent":0,"menu_order":0,"comment_status":"open","ping_status":"closed","template":"template-home-modern.php","meta":{"footnotes":""},"class_list":["post-11370","page","type-page","status-publish","has-post-thumbnail","hentry"],"yoast_head":"<!-- This site is optimized with the Yoast SEO plugin v27.2 - https:\/\/yoast.com\/product\/yoast-seo-wordpress\/ -->\n<title>Tashriff Luxury Coach Online Booking, Bus Tickets, Schedule &amp; Fare<\/title>\n<meta name=\"description\" content=\"Looking for Tashriff Luxury Coach online booking, app, contacts, bus routes, fare and schedule? Make cheap Tashriff Luxury Coach online bus ticket booking\" \/>\n<meta name=\"robots\" content=\"index, follow, max-snippet:-1, max-image-preview:large, max-video-preview:-1\" \/>\n<link rel=\"canonical\" href=\"https:\/\/tiketi.com\/fr-fr\/tashriff-luxury-coach\/\" \/>\n<meta property=\"og:locale\" content=\"fr_FR\" \/>\n<meta property=\"og:type\" content=\"article\" \/>\n<meta property=\"og:title\" content=\"Tashriff Luxury Coach Online Booking, Bus Tickets, Schedule &amp; Fare\" \/>\n<meta property=\"og:description\" content=\"Looking for Tashriff Luxury Coach online booking, app, contacts, bus routes, fare and schedule? Make cheap Tashriff Luxury Coach online bus ticket booking\" \/>\n<meta property=\"og:url\" content=\"https:\/\/tiketi.com\/fr-fr\/tashriff-luxury-coach\/\" \/>\n<meta property=\"og:site_name\" content=\"Tiketi.com\" \/>\n<meta property=\"article:publisher\" content=\"https:\/\/www.facebook.com\/TiketiCom\/\" \/>\n<meta property=\"article:modified_time\" content=\"2022-02-22T09:49:41+00:00\" \/>\n<meta property=\"og:image\" content=\"https:\/\/tiketi.com\/wp-content\/uploads\/2022\/01\/bus-ticket-online-booking.jpg\" \/>\n\t<meta property=\"og:image:width\" content=\"1200\" \/>\n\t<meta property=\"og:image:height\" content=\"206\" \/>\n\t<meta property=\"og:image:type\" content=\"image\/jpeg\" \/>\n<meta name=\"twitter:card\" content=\"summary_large_image\" \/>\n<meta name=\"twitter:label1\" content=\"Dur\u00e9e de lecture estim\u00e9e\" \/>\n\t<meta name=\"twitter:data1\" content=\"2 minutes\" \/>\n<script type=\"application\/ld+json\" class=\"yoast-schema-graph\">{\"@context\":\"https:\/\/schema.org\",\"@graph\":[{\"@type\":\"WebPage\",\"@id\":\"https:\/\/tiketi.com\/tashriff-luxury-coach\/\",\"url\":\"https:\/\/tiketi.com\/tashriff-luxury-coach\/\",\"name\":\"Tashriff Luxury Coach Online Booking, Bus Tickets, Schedule & Fare\",\"isPartOf\":{\"@id\":\"https:\/\/tiketi.com\/#website\"},\"primaryImageOfPage\":{\"@id\":\"https:\/\/tiketi.com\/tashriff-luxury-coach\/#primaryimage\"},\"image\":{\"@id\":\"https:\/\/tiketi.com\/tashriff-luxury-coach\/#primaryimage\"},\"thumbnailUrl\":\"https:\/\/tiketi.com\/wp-content\/uploads\/2022\/01\/bus-ticket-online-booking.jpg\",\"datePublished\":\"2022-01-19T11:54:35+00:00\",\"dateModified\":\"2022-02-22T09:49:41+00:00\",\"description\":\"Looking for Tashriff Luxury Coach online booking, app, contacts, bus routes, fare and schedule? Make cheap Tashriff Luxury Coach online bus ticket booking\",\"breadcrumb\":{\"@id\":\"https:\/\/tiketi.com\/tashriff-luxury-coach\/#breadcrumb\"},\"inLanguage\":\"fr-FR\",\"potentialAction\":[{\"@type\":\"ReadAction\",\"target\":[\"https:\/\/tiketi.com\/tashriff-luxury-coach\/\"]}]},{\"@type\":\"ImageObject\",\"inLanguage\":\"fr-FR\",\"@id\":\"https:\/\/tiketi.com\/tashriff-luxury-coach\/#primaryimage\",\"url\":\"https:\/\/tiketi.com\/wp-content\/uploads\/2022\/01\/bus-ticket-online-booking.jpg\",\"contentUrl\":\"https:\/\/tiketi.com\/wp-content\/uploads\/2022\/01\/bus-ticket-online-booking.jpg\",\"width\":1200,\"height\":206,\"caption\":\"Online Bus Ticket Booking\"},{\"@type\":\"BreadcrumbList\",\"@id\":\"https:\/\/tiketi.com\/tashriff-luxury-coach\/#breadcrumb\",\"itemListElement\":[{\"@type\":\"ListItem\",\"position\":1,\"name\":\"Home\",\"item\":\"https:\/\/tiketi.com\/\"},{\"@type\":\"ListItem\",\"position\":2,\"name\":\"Tashriff Luxury Coach Online Booking, Bus Tickets, Schedule &#038; Fare\"}]},{\"@type\":\"WebSite\",\"@id\":\"https:\/\/tiketi.com\/#website\",\"url\":\"https:\/\/tiketi.com\/\",\"name\":\"Flight & Bus Tickets, Tour Packages & Activitites - Tiketi.com\",\"description\":\"Flight &amp; Bus Tickets, Tours, Activitites\",\"publisher\":{\"@id\":\"https:\/\/tiketi.com\/#organization\"},\"potentialAction\":[{\"@type\":\"SearchAction\",\"target\":{\"@type\":\"EntryPoint\",\"urlTemplate\":\"https:\/\/tiketi.com\/?s={search_term_string}\"},\"query-input\":{\"@type\":\"PropertyValueSpecification\",\"valueRequired\":true,\"valueName\":\"search_term_string\"}}],\"inLanguage\":\"fr-FR\"},{\"@type\":\"Organization\",\"@id\":\"https:\/\/tiketi.com\/#organization\",\"name\":\"Tiketi.com\",\"alternateName\":\"Tiketi\",\"url\":\"https:\/\/tiketi.com\/\",\"logo\":{\"@type\":\"ImageObject\",\"inLanguage\":\"fr-FR\",\"@id\":\"https:\/\/tiketi.com\/#\/schema\/logo\/image\/\",\"url\":\"https:\/\/tiketi.com\/wp-content\/uploads\/2019\/05\/tiketi-logo-696.png\",\"contentUrl\":\"https:\/\/tiketi.com\/wp-content\/uploads\/2019\/05\/tiketi-logo-696.png\",\"width\":696,\"height\":696,\"caption\":\"Tiketi.com\"},\"image\":{\"@id\":\"https:\/\/tiketi.com\/#\/schema\/logo\/image\/\"},\"sameAs\":[\"https:\/\/www.facebook.com\/TiketiCom\/\"]}]}<\/script>\n<!-- \/ Yoast SEO plugin. -->","yoast_head_json":{"title":"Tashriff Luxury Coach R\u00e9servation en ligne, billets de bus, horaires et tarifs","description":"Vous recherchez une r\u00e9servation en ligne, une application, des contacts, des itin\u00e9raires de bus, des tarifs et des horaires pour Tashriff Luxury Coach ? R\u00e9servez vos billets de bus en ligne Tashriff Luxury Coach pas chers","robots":{"index":"index","follow":"follow","max-snippet":"max-snippet:-1","max-image-preview":"max-image-preview:large","max-video-preview":"max-video-preview:-1"},"canonical":"https:\/\/tiketi.com\/fr-fr\/tashriff-luxury-coach\/","og_locale":"fr_FR","og_type":"article","og_title":"Tashriff Luxury Coach Online Booking, Bus Tickets, Schedule & Fare","og_description":"Looking for Tashriff Luxury Coach online booking, app, contacts, bus routes, fare and schedule? Make cheap Tashriff Luxury Coach online bus ticket booking","og_url":"https:\/\/tiketi.com\/fr-fr\/tashriff-luxury-coach\/","og_site_name":"Tiketi.com","article_publisher":"https:\/\/www.facebook.com\/TiketiCom\/","article_modified_time":"2022-02-22T09:49:41+00:00","og_image":[{"width":1200,"height":206,"url":"https:\/\/tiketi.com\/wp-content\/uploads\/2022\/01\/bus-ticket-online-booking.jpg","type":"image\/jpeg"}],"twitter_card":"summary_large_image","twitter_misc":{"Dur\u00e9e de lecture estim\u00e9e":"2 minutes"},"schema":{"@context":"https:\/\/schema.org","@graph":[{"@type":"WebPage","@id":"https:\/\/tiketi.com\/tashriff-luxury-coach\/","url":"https:\/\/tiketi.com\/tashriff-luxury-coach\/","name":"Tashriff Luxury Coach R\u00e9servation en ligne, billets de bus, horaires et tarifs","isPartOf":{"@id":"https:\/\/tiketi.com\/#website"},"primaryImageOfPage":{"@id":"https:\/\/tiketi.com\/tashriff-luxury-coach\/#primaryimage"},"image":{"@id":"https:\/\/tiketi.com\/tashriff-luxury-coach\/#primaryimage"},"thumbnailUrl":"https:\/\/tiketi.com\/wp-content\/uploads\/2022\/01\/bus-ticket-online-booking.jpg","datePublished":"2022-01-19T11:54:35+00:00","dateModified":"2022-02-22T09:49:41+00:00","description":"Vous recherchez une r\u00e9servation en ligne, une application, des contacts, des itin\u00e9raires de bus, des tarifs et des horaires pour Tashriff Luxury Coach ? R\u00e9servez vos billets de bus en ligne Tashriff Luxury Coach pas chers","breadcrumb":{"@id":"https:\/\/tiketi.com\/tashriff-luxury-coach\/#breadcrumb"},"inLanguage":"fr-FR","potentialAction":[{"@type":"ReadAction","target":["https:\/\/tiketi.com\/tashriff-luxury-coach\/"]}]},{"@type":"ImageObject","inLanguage":"fr-FR","@id":"https:\/\/tiketi.com\/tashriff-luxury-coach\/#primaryimage","url":"https:\/\/tiketi.com\/wp-content\/uploads\/2022\/01\/bus-ticket-online-booking.jpg","contentUrl":"https:\/\/tiketi.com\/wp-content\/uploads\/2022\/01\/bus-ticket-online-booking.jpg","width":1200,"height":206,"caption":"Online Bus Ticket Booking"},{"@type":"BreadcrumbList","@id":"https:\/\/tiketi.com\/tashriff-luxury-coach\/#breadcrumb","itemListElement":[{"@type":"ListItem","position":1,"name":"Home","item":"https:\/\/tiketi.com\/"},{"@type":"ListItem","position":2,"name":"Tashriff Luxury Coach Online Booking, Bus Tickets, Schedule &#038; Fare"}]},{"@type":"WebSite","@id":"https:\/\/tiketi.com\/#website","url":"https:\/\/tiketi.com\/","name":"Billets d&#039;avion et de bus, forfaits touristiques et activit\u00e9s - Tiketi.com","description":"Billets d&#039;avion et de bus, Tours, Activit\u00e9s","publisher":{"@id":"https:\/\/tiketi.com\/#organization"},"potentialAction":[{"@type":"SearchAction","target":{"@type":"EntryPoint","urlTemplate":"https:\/\/tiketi.com\/?s={search_term_string}"},"query-input":{"@type":"PropertyValueSpecification","valueRequired":true,"valueName":"search_term_string"}}],"inLanguage":"fr-FR"},{"@type":"Organization","@id":"https:\/\/tiketi.com\/#organization","name":"Tiketi.com","alternateName":"Tiketi","url":"https:\/\/tiketi.com\/","logo":{"@type":"ImageObject","inLanguage":"fr-FR","@id":"https:\/\/tiketi.com\/#\/schema\/logo\/image\/","url":"https:\/\/tiketi.com\/wp-content\/uploads\/2019\/05\/tiketi-logo-696.png","contentUrl":"https:\/\/tiketi.com\/wp-content\/uploads\/2019\/05\/tiketi-logo-696.png","width":696,"height":696,"caption":"Tiketi.com"},"image":{"@id":"https:\/\/tiketi.com\/#\/schema\/logo\/image\/"},"sameAs":["https:\/\/www.facebook.com\/TiketiCom\/"]}]}},"_links":{"self":[{"href":"https:\/\/tiketi.com\/fr-fr\/wp-json\/wp\/v2\/pages\/11370","targetHints":{"allow":["GET"]}}],"collection":[{"href":"https:\/\/tiketi.com\/fr-fr\/wp-json\/wp\/v2\/pages"}],"about":[{"href":"https:\/\/tiketi.com\/fr-fr\/wp-json\/wp\/v2\/types\/page"}],"author":[{"embeddable":true,"href":"https:\/\/tiketi.com\/fr-fr\/wp-json\/wp\/v2\/users\/1"}],"replies":[{"embeddable":true,"href":"https:\/\/tiketi.com\/fr-fr\/wp-json\/wp\/v2\/comments?post=11370"}],"version-history":[{"count":0,"href":"https:\/\/tiketi.com\/fr-fr\/wp-json\/wp\/v2\/pages\/11370\/revisions"}],"wp:featuredmedia":[{"embeddable":true,"href":"https:\/\/tiketi.com\/fr-fr\/wp-json\/wp\/v2\/media\/13999"}],"wp:attachment":[{"href":"https:\/\/tiketi.com\/fr-fr\/wp-json\/wp\/v2\/media?parent=11370"}],"curies":[{"name":"wp","href":"https:\/\/api.w.org\/{rel}","templated":true}]}}