{"id":11374,"date":"2022-01-19T12:54:35","date_gmt":"2022-01-19T11:54:35","guid":{"rendered":"https:\/\/new.tiketi.com\/ena-coach-online-booking-bus-tickets-routes-fares\/"},"modified":"2025-08-02T12:09:47","modified_gmt":"2025-08-02T11:09:47","slug":"ena-coach","status":"publish","type":"page","link":"https:\/\/tiketi.com\/fr-fr\/companies\/buses\/ena-coach\/","title":{"rendered":"ENA Coach R\u00e9servation en ligne, billets de bus, itin\u00e9raires et tarifs"},"content":{"rendered":"<h2>ENA Coach R\u00e9servation de billets en ligne Kenya<\/h2>\n<h3>D\u00e9couvrez votre itin\u00e9raire de voyage sur le web, le mobile ou l&#039;application et faites la r\u00e9servation de billets en ligne ENA Coach pas cher en ligne.<\/h3>\n<p>La r\u00e9servation en ligne ENA Coach simplifi\u00e9e. Les bus ENA Coach sont l&#039;une des meilleures entreprises de bus et de navettes du Kenya. G\u00e9r\u00e9 par des investissements limit\u00e9s de l&#039;ENA, il fonctionne depuis 2010 et a \u00e9galement \u00e9t\u00e9 renomm\u00e9. Avec son bureau cl\u00e9 dans le b\u00e2timent KPCU, Haille Selassie Avenue \u00e0 Nairobi. La r\u00e9servation de billets en ligne ENA Coach vous permet d&#039;\u00e9conomiser du temps et de l&#039;argent.<\/p>\n<h2>ENA Coach R\u00e9servation en ligne, Contacts, Itin\u00e9raires &amp; Tarifs FAQs<\/h2>\n<h3>Quels sont les c\u00e9l\u00e8bres itin\u00e9raires de l&#039;ENA Coach ?<\/h3>\n<p>Les itin\u00e9raires d&#039;ENA Coach couvrent presque toutes les grandes villes et villages du Kenya avec plus de trente destinations. Les bus ENA Coach ont des d\u00e9parts quotidiens dans toutes les villes et villages ci-dessous.<\/p>\n<p>\u2022 Nairobi<br \/>\n\u2022 Kisumu<br \/>\n\u2022 Mombasa<br \/>\n\u2022 Baie d&#039;accueil<br \/>\n\u2022 Sirare<br \/>\n\u2022 Migori<br \/>\n\u2022 Kisii<br \/>\n\u2022 Kehancha<br \/>\n\u2022 Narok<br \/>\n\u2022 Oyugus<br \/>\n\u2022 Sotik<br \/>\n\u2022 Rongo<br \/>\n\u2022 Nyanchenge<br \/>\n\u2022 Awendo<br \/>\n\u2022 Rodi\u00a0Kponay<br \/>\n\u2022 Soris<\/p>\n<h3>Flotte d&#039;autocars et commodit\u00e9s ENA<\/h3>\n<p>L&#039;ENA est c\u00e9l\u00e8bre pour ses bus color\u00e9s et ses navettes douze places. Leurs terminaux et gares de bus \u00e0 la pointe de la technologie disposent d&#039;installations telles que le Wi-Fi, la climatisation, les services de restauration et les toilettes. La vision d&#039;ENA Coach est d&#039;offrir des services de transport de classe mondiale en utilisant les nouvelles technologies pour offrir le voyage le plus s\u00fbr avec le plus grand confort \u00e0 des prix abordables \u00e0 ses clients.<\/p>\n<h3>Quelles sont les coordonn\u00e9es des bureaux de r\u00e9servation Ena Coach ?<\/h3>\n<p>ENA Investments LTD<br \/>\nB\u00e2timent KPCU (Maison Wakulima),<br \/>\nRez-de-chauss\u00e9e le long de l&#039;avenue Haile Selassie,<br \/>\nNairobi, Kenya<\/p>\n<h2>Conseils de r\u00e9servation de billets en ligne ENA Coach<\/h2>\n<p>La r\u00e9servation en ligne de bus Ena Coach a des terminaux de bus dans d&#039;autres parties de Nairobi, Homa Bay, Kehancha et d&#039;autres provinces du Kenya traversant plus de trente lignes de bus via Nairobi, Kehancha, Mbitu, Kendu Bay et la plus grande r\u00e9gion d&#039;Afrique de l&#039;Est.<\/p>\n<p>\u2022\u00a0 \u00a0<strong>Utilisez la r\u00e9servation en ligne du bus Ena Coach<\/strong><strong>\u00a0portail.<\/strong><\/p>\n<p>\u2022\u00a0 \u00a0<strong>Rendez-vous sur le suivi colis ENA Coach.<\/strong><\/p>\n<h2>Other popular bus companies in Kenya<\/h2>\n<table border=\"0\" cellspacing=\"1\" cellpadding=\"1\">\n<tbody>\n<tr>\n<td>\n<ul>\n<li><a href=\"https:\/\/tiketi.com\/fr-fr\/companies\/buses\/simba-coach\/\" target=\"_blank\" rel=\"noopener\">Simba Coach Booking<\/a><\/li>\n<\/ul>\n<\/td>\n<td style=\"width: 30px;\"><\/td>\n<td>\n<ul>\n<li><a href=\"https:\/\/tiketi.com\/fr-fr\/companies\/buses\/chania-genesis-buses\/\" target=\"_blank\" rel=\"noopener\">Chania Genesis Coach Booking<\/a><\/li>\n<\/ul>\n<\/td>\n<td style=\"width: 30px;\"><\/td>\n<td>\n<ul>\n<li><a href=\"https:\/\/tiketi.com\/fr-fr\/companies\/buses\/easy-coach\/\" target=\"_blank\" rel=\"noopener\">Easy Coach Booking<\/a><\/li>\n<\/ul>\n<\/td>\n<\/tr>\n<tr>\n<td>\n<ul>\n<li><a href=\"https:\/\/tiketi.com\/fr-fr\/companies\/buses\/guardian-coach\/\" target=\"_blank\" rel=\"noopener\">Guardian Coach Booking<\/a><\/li>\n<\/ul>\n<\/td>\n<td style=\"width: 30px;\"><\/td>\n<td>\n<ul>\n<li><a href=\"https:\/\/tiketi.com\/fr-fr\/companies\/buses\/modern-coast-coaches\/\" target=\"_blank\" rel=\"noopener\">Modern Coast Booking<\/a><\/li>\n<\/ul>\n<\/td>\n<td style=\"width: 30px;\"><\/td>\n<td>\n<ul>\n<li><a href=\"https:\/\/tiketi.com\/fr-fr\/companies\/buses\/mash-poa-mash-east-africa\/\" target=\"_blank\" rel=\"noopener\">Mash Poa Booking<\/a><\/li>\n<\/ul>\n<\/td>\n<\/tr>\n<tr>\n<td>\n<ul>\n<li><a href=\"https:\/\/tiketi.com\/fr-fr\/companies\/buses\/coast-bus\/\" target=\"_blank\" rel=\"noopener\">Coast Bus Booking<\/a><\/li>\n<\/ul>\n<\/td>\n<td style=\"width: 30px;\"><\/td>\n<td>\n<ul>\n<li><a href=\"https:\/\/tiketi.com\/fr-fr\/companies\/buses\/dreamline-express-coaches\/\" target=\"_blank\" rel=\"noopener\">Dreamline Express Booking<\/a><\/li>\n<\/ul>\n<\/td>\n<td style=\"width: 30px;\"><\/td>\n<td>\n<ul>\n<li><a href=\"https:\/\/tiketi.com\/fr-fr\/companies\/buses\/buscar-coaches\/\" target=\"_blank\" rel=\"noopener\">Buscar Coach Booking<\/a><\/li>\n<\/ul>\n<\/td>\n<\/tr>\n<\/tbody>\n<\/table>\n<p>&nbsp;<\/p>\n<p>&nbsp;<\/p>","protected":false},"excerpt":{"rendered":"<p>ENA Coach Online Ticket Booking Kenya Discover your travel route on web, mobile or app and do cheap ENA Coach online ticket booking online. ENA Coach online booking made easy. ENA Coach buses is one of Kenya best bus and shuttle firms. Being run by ENA investments limited, it has been operating since 2010 and [&hellip;]<\/p>\n","protected":false},"author":1,"featured_media":13999,"parent":25524,"menu_order":0,"comment_status":"open","ping_status":"closed","template":"template-home-modern.php","meta":{"footnotes":""},"class_list":["post-11374","page","type-page","status-publish","has-post-thumbnail","hentry"],"yoast_head":"<!-- This site is optimized with the Yoast SEO plugin v27.3 - https:\/\/yoast.com\/product\/yoast-seo-wordpress\/ -->\n<title>ENA Coach Online Booking, Bus Tickets, Routes &amp; Fares<\/title>\n<meta name=\"description\" content=\"Looking for ENA Coach online booking, app, contacts, bus routes, fare and schedule timing? Make a ENA Coach online ticket booking now\" \/>\n<meta name=\"robots\" content=\"index, follow, max-snippet:-1, max-image-preview:large, max-video-preview:-1\" \/>\n<link rel=\"canonical\" href=\"https:\/\/tiketi.com\/fr-fr\/companies\/buses\/ena-coach\/\" \/>\n<meta property=\"og:locale\" content=\"fr_FR\" \/>\n<meta property=\"og:type\" content=\"article\" \/>\n<meta property=\"og:title\" content=\"ENA Coach Online Booking, Bus Tickets, Routes &amp; Fares\" \/>\n<meta property=\"og:description\" content=\"Looking for ENA Coach online booking, app, contacts, bus routes, fare and schedule timing? Make a ENA Coach online ticket booking now\" \/>\n<meta property=\"og:url\" content=\"https:\/\/tiketi.com\/fr-fr\/companies\/buses\/ena-coach\/\" \/>\n<meta property=\"og:site_name\" content=\"Tiketi.com\" \/>\n<meta property=\"article:publisher\" content=\"https:\/\/www.facebook.com\/TiketiCom\/\" \/>\n<meta property=\"article:modified_time\" content=\"2025-08-02T11:09:47+00:00\" \/>\n<meta property=\"og:image\" content=\"https:\/\/tiketi.com\/wp-content\/uploads\/2022\/01\/bus-ticket-online-booking.jpg\" \/>\n\t<meta property=\"og:image:width\" content=\"1200\" \/>\n\t<meta property=\"og:image:height\" content=\"206\" \/>\n\t<meta property=\"og:image:type\" content=\"image\/jpeg\" \/>\n<meta name=\"twitter:card\" content=\"summary_large_image\" \/>\n<meta name=\"twitter:label1\" content=\"Dur\u00e9e de lecture estim\u00e9e\" \/>\n\t<meta name=\"twitter:data1\" content=\"2 minutes\" \/>\n<script type=\"application\/ld+json\" class=\"yoast-schema-graph\">{\"@context\":\"https:\\\/\\\/schema.org\",\"@graph\":[{\"@type\":\"WebPage\",\"@id\":\"https:\\\/\\\/tiketi.com\\\/companies\\\/buses\\\/ena-coach\\\/\",\"url\":\"https:\\\/\\\/tiketi.com\\\/companies\\\/buses\\\/ena-coach\\\/\",\"name\":\"ENA Coach Online Booking, Bus Tickets, Routes & Fares\",\"isPartOf\":{\"@id\":\"https:\\\/\\\/tiketi.com\\\/#website\"},\"primaryImageOfPage\":{\"@id\":\"https:\\\/\\\/tiketi.com\\\/companies\\\/buses\\\/ena-coach\\\/#primaryimage\"},\"image\":{\"@id\":\"https:\\\/\\\/tiketi.com\\\/companies\\\/buses\\\/ena-coach\\\/#primaryimage\"},\"thumbnailUrl\":\"https:\\\/\\\/tiketi.com\\\/wp-content\\\/uploads\\\/2022\\\/01\\\/bus-ticket-online-booking.jpg\",\"datePublished\":\"2022-01-19T11:54:35+00:00\",\"dateModified\":\"2025-08-02T11:09:47+00:00\",\"description\":\"Looking for ENA Coach online booking, app, contacts, bus routes, fare and schedule timing? Make a ENA Coach online ticket booking now\",\"breadcrumb\":{\"@id\":\"https:\\\/\\\/tiketi.com\\\/companies\\\/buses\\\/ena-coach\\\/#breadcrumb\"},\"inLanguage\":\"fr-FR\",\"potentialAction\":[{\"@type\":\"ReadAction\",\"target\":[\"https:\\\/\\\/tiketi.com\\\/companies\\\/buses\\\/ena-coach\\\/\"]}]},{\"@type\":\"ImageObject\",\"inLanguage\":\"fr-FR\",\"@id\":\"https:\\\/\\\/tiketi.com\\\/companies\\\/buses\\\/ena-coach\\\/#primaryimage\",\"url\":\"https:\\\/\\\/tiketi.com\\\/wp-content\\\/uploads\\\/2022\\\/01\\\/bus-ticket-online-booking.jpg\",\"contentUrl\":\"https:\\\/\\\/tiketi.com\\\/wp-content\\\/uploads\\\/2022\\\/01\\\/bus-ticket-online-booking.jpg\",\"width\":1200,\"height\":206,\"caption\":\"Online Bus Ticket Booking\"},{\"@type\":\"BreadcrumbList\",\"@id\":\"https:\\\/\\\/tiketi.com\\\/companies\\\/buses\\\/ena-coach\\\/#breadcrumb\",\"itemListElement\":[{\"@type\":\"ListItem\",\"position\":1,\"name\":\"Home\",\"item\":\"https:\\\/\\\/tiketi.com\\\/\"},{\"@type\":\"ListItem\",\"position\":2,\"name\":\"Companies\",\"item\":\"https:\\\/\\\/tiketi.com\\\/companies\\\/\"},{\"@type\":\"ListItem\",\"position\":3,\"name\":\"Buses\",\"item\":\"https:\\\/\\\/tiketi.com\\\/companies\\\/buses\\\/\"},{\"@type\":\"ListItem\",\"position\":4,\"name\":\"ENA Coach Online Booking, Bus Tickets, Routes &#038; Fares\"}]},{\"@type\":\"WebSite\",\"@id\":\"https:\\\/\\\/tiketi.com\\\/#website\",\"url\":\"https:\\\/\\\/tiketi.com\\\/\",\"name\":\"Flight & Bus Tickets, Tour Packages & Activitites - Tiketi.com\",\"description\":\"Flight &amp; Bus Tickets, Tours, Activitites\",\"publisher\":{\"@id\":\"https:\\\/\\\/tiketi.com\\\/#organization\"},\"potentialAction\":[{\"@type\":\"SearchAction\",\"target\":{\"@type\":\"EntryPoint\",\"urlTemplate\":\"https:\\\/\\\/tiketi.com\\\/?s={search_term_string}\"},\"query-input\":{\"@type\":\"PropertyValueSpecification\",\"valueRequired\":true,\"valueName\":\"search_term_string\"}}],\"inLanguage\":\"fr-FR\"},{\"@type\":\"Organization\",\"@id\":\"https:\\\/\\\/tiketi.com\\\/#organization\",\"name\":\"Tiketi.com\",\"alternateName\":\"Tiketi\",\"url\":\"https:\\\/\\\/tiketi.com\\\/\",\"logo\":{\"@type\":\"ImageObject\",\"inLanguage\":\"fr-FR\",\"@id\":\"https:\\\/\\\/tiketi.com\\\/#\\\/schema\\\/logo\\\/image\\\/\",\"url\":\"https:\\\/\\\/tiketi.com\\\/wp-content\\\/uploads\\\/2019\\\/05\\\/tiketi-logo-696.png\",\"contentUrl\":\"https:\\\/\\\/tiketi.com\\\/wp-content\\\/uploads\\\/2019\\\/05\\\/tiketi-logo-696.png\",\"width\":696,\"height\":696,\"caption\":\"Tiketi.com\"},\"image\":{\"@id\":\"https:\\\/\\\/tiketi.com\\\/#\\\/schema\\\/logo\\\/image\\\/\"},\"sameAs\":[\"https:\\\/\\\/www.facebook.com\\\/TiketiCom\\\/\"]}]}<\/script>\n<!-- \/ Yoast SEO plugin. -->","yoast_head_json":{"title":"ENA Coach R\u00e9servation en ligne, billets de bus, itin\u00e9raires et tarifs","description":"Vous recherchez une r\u00e9servation en ligne, une application, des contacts, des itin\u00e9raires de bus, des tarifs et des horaires pour ENA Coach\u00a0? Faites une r\u00e9servation de billet en ligne ENA Coach maintenant","robots":{"index":"index","follow":"follow","max-snippet":"max-snippet:-1","max-image-preview":"max-image-preview:large","max-video-preview":"max-video-preview:-1"},"canonical":"https:\/\/tiketi.com\/fr-fr\/companies\/buses\/ena-coach\/","og_locale":"fr_FR","og_type":"article","og_title":"ENA Coach Online Booking, Bus Tickets, Routes & Fares","og_description":"Looking for ENA Coach online booking, app, contacts, bus routes, fare and schedule timing? Make a ENA Coach online ticket booking now","og_url":"https:\/\/tiketi.com\/fr-fr\/companies\/buses\/ena-coach\/","og_site_name":"Tiketi.com","article_publisher":"https:\/\/www.facebook.com\/TiketiCom\/","article_modified_time":"2025-08-02T11:09:47+00:00","og_image":[{"width":1200,"height":206,"url":"https:\/\/tiketi.com\/wp-content\/uploads\/2022\/01\/bus-ticket-online-booking.jpg","type":"image\/jpeg"}],"twitter_card":"summary_large_image","twitter_misc":{"Dur\u00e9e de lecture estim\u00e9e":"2 minutes"},"schema":{"@context":"https:\/\/schema.org","@graph":[{"@type":"WebPage","@id":"https:\/\/tiketi.com\/companies\/buses\/ena-coach\/","url":"https:\/\/tiketi.com\/companies\/buses\/ena-coach\/","name":"ENA Coach R\u00e9servation en ligne, billets de bus, itin\u00e9raires et tarifs","isPartOf":{"@id":"https:\/\/tiketi.com\/#website"},"primaryImageOfPage":{"@id":"https:\/\/tiketi.com\/companies\/buses\/ena-coach\/#primaryimage"},"image":{"@id":"https:\/\/tiketi.com\/companies\/buses\/ena-coach\/#primaryimage"},"thumbnailUrl":"https:\/\/tiketi.com\/wp-content\/uploads\/2022\/01\/bus-ticket-online-booking.jpg","datePublished":"2022-01-19T11:54:35+00:00","dateModified":"2025-08-02T11:09:47+00:00","description":"Vous recherchez une r\u00e9servation en ligne, une application, des contacts, des itin\u00e9raires de bus, des tarifs et des horaires pour ENA Coach\u00a0? Faites une r\u00e9servation de billet en ligne ENA Coach maintenant","breadcrumb":{"@id":"https:\/\/tiketi.com\/companies\/buses\/ena-coach\/#breadcrumb"},"inLanguage":"fr-FR","potentialAction":[{"@type":"ReadAction","target":["https:\/\/tiketi.com\/companies\/buses\/ena-coach\/"]}]},{"@type":"ImageObject","inLanguage":"fr-FR","@id":"https:\/\/tiketi.com\/companies\/buses\/ena-coach\/#primaryimage","url":"https:\/\/tiketi.com\/wp-content\/uploads\/2022\/01\/bus-ticket-online-booking.jpg","contentUrl":"https:\/\/tiketi.com\/wp-content\/uploads\/2022\/01\/bus-ticket-online-booking.jpg","width":1200,"height":206,"caption":"Online Bus Ticket Booking"},{"@type":"BreadcrumbList","@id":"https:\/\/tiketi.com\/companies\/buses\/ena-coach\/#breadcrumb","itemListElement":[{"@type":"ListItem","position":1,"name":"Home","item":"https:\/\/tiketi.com\/"},{"@type":"ListItem","position":2,"name":"Companies","item":"https:\/\/tiketi.com\/companies\/"},{"@type":"ListItem","position":3,"name":"Buses","item":"https:\/\/tiketi.com\/companies\/buses\/"},{"@type":"ListItem","position":4,"name":"ENA Coach Online Booking, Bus Tickets, Routes &#038; Fares"}]},{"@type":"WebSite","@id":"https:\/\/tiketi.com\/#website","url":"https:\/\/tiketi.com\/","name":"Billets d&#039;avion et de bus, forfaits touristiques et activit\u00e9s - Tiketi.com","description":"Billets d&#039;avion et de bus, Tours, Activit\u00e9s","publisher":{"@id":"https:\/\/tiketi.com\/#organization"},"potentialAction":[{"@type":"SearchAction","target":{"@type":"EntryPoint","urlTemplate":"https:\/\/tiketi.com\/?s={search_term_string}"},"query-input":{"@type":"PropertyValueSpecification","valueRequired":true,"valueName":"search_term_string"}}],"inLanguage":"fr-FR"},{"@type":"Organization","@id":"https:\/\/tiketi.com\/#organization","name":"Tiketi.com","alternateName":"Tiketi","url":"https:\/\/tiketi.com\/","logo":{"@type":"ImageObject","inLanguage":"fr-FR","@id":"https:\/\/tiketi.com\/#\/schema\/logo\/image\/","url":"https:\/\/tiketi.com\/wp-content\/uploads\/2019\/05\/tiketi-logo-696.png","contentUrl":"https:\/\/tiketi.com\/wp-content\/uploads\/2019\/05\/tiketi-logo-696.png","width":696,"height":696,"caption":"Tiketi.com"},"image":{"@id":"https:\/\/tiketi.com\/#\/schema\/logo\/image\/"},"sameAs":["https:\/\/www.facebook.com\/TiketiCom\/"]}]}},"_links":{"self":[{"href":"https:\/\/tiketi.com\/fr-fr\/wp-json\/wp\/v2\/pages\/11374","targetHints":{"allow":["GET"]}}],"collection":[{"href":"https:\/\/tiketi.com\/fr-fr\/wp-json\/wp\/v2\/pages"}],"about":[{"href":"https:\/\/tiketi.com\/fr-fr\/wp-json\/wp\/v2\/types\/page"}],"author":[{"embeddable":true,"href":"https:\/\/tiketi.com\/fr-fr\/wp-json\/wp\/v2\/users\/1"}],"replies":[{"embeddable":true,"href":"https:\/\/tiketi.com\/fr-fr\/wp-json\/wp\/v2\/comments?post=11374"}],"version-history":[{"count":1,"href":"https:\/\/tiketi.com\/fr-fr\/wp-json\/wp\/v2\/pages\/11374\/revisions"}],"predecessor-version":[{"id":32257,"href":"https:\/\/tiketi.com\/fr-fr\/wp-json\/wp\/v2\/pages\/11374\/revisions\/32257"}],"up":[{"embeddable":true,"href":"https:\/\/tiketi.com\/fr-fr\/wp-json\/wp\/v2\/pages\/25524"}],"wp:featuredmedia":[{"embeddable":true,"href":"https:\/\/tiketi.com\/fr-fr\/wp-json\/wp\/v2\/media\/13999"}],"wp:attachment":[{"href":"https:\/\/tiketi.com\/fr-fr\/wp-json\/wp\/v2\/media?parent=11374"}],"curies":[{"name":"wp","href":"https:\/\/api.w.org\/{rel}","templated":true}]}}