{"id":11375,"date":"2022-01-19T12:54:35","date_gmt":"2022-01-19T11:54:35","guid":{"rendered":"https:\/\/new.tiketi.com\/coast-bus-online-booking-bus-tickets-routes-fares\/"},"modified":"2025-08-02T13:37:53","modified_gmt":"2025-08-02T12:37:53","slug":"coast-bus","status":"publish","type":"page","link":"https:\/\/tiketi.com\/fr-fr\/companies\/buses\/coast-bus\/","title":{"rendered":"R\u00e9servation en ligne Coast Bus, billets de bus, horaires, itin\u00e9raires et tarifs"},"content":{"rendered":"<h2>R\u00e9servation de billets en ligne pas cher Coast Bus<\/h2>\n<h3>D\u00e9couvrez votre itin\u00e9raire de voyage sur le web, le mobile ou l&#039;application et r\u00e9servez en ligne des billets Coast Bus pas chers.<\/h3>\n<p>La r\u00e9servation en ligne de Coast Bus en toute simplicit\u00e9. La soci\u00e9t\u00e9 Coast Bus est le pionnier du secteur du transport de passagers en Afrique de l&#039;Est. \u00c9tant la soci\u00e9t\u00e9 d&#039;autocars la plus c\u00e9l\u00e8bre, elle a transport\u00e9 des passagers \u00e0 travers les grandes places du Kenya pendant plus de cinquante-cinq ans sans escale depuis sa cr\u00e9ation. La soci\u00e9t\u00e9 de r\u00e9servation de billets en ligne pour les bus Coast est devenue de plus en plus forte et est rest\u00e9e fid\u00e8le \u00e0 sa devise, &quot;nous menons les autres \u00e0 suivre&quot;.<\/p>\n<h2>FAQ sur la r\u00e9servation en ligne de Coast Bus, les billets de bus, les horaires, les itin\u00e9raires et les tarifs<\/h2>\n<h3>Quels sont les itin\u00e9raires de bus les plus populaires de Coast ?<\/h3>\n<p>\u2022 Mombasa \u00e0 Naivasha<br \/>\n\u2022 Mombasa \u00e0 Nakuru<br \/>\n\u2022 Mombasa \u00e0 Nairobi<br \/>\n\u2022 Mombasa \u00e0 Eldor\u00e9ti<br \/>\n\u2022 Mombasa \u00e0 Webuye<br \/>\n\u2022 Mombasa \u00e0 Kapsabet<br \/>\n\u2022 Mombasa \u00e0 Bungoma<br \/>\n\u2022 Mombasa \u00e0 Malaba<br \/>\n\u2022 Mombasa \u00e0 Voi<br \/>\n\u2022 Nairobi \u00e0 Kisumu<br \/>\n\u2022 Mombasa \u00e0 Mumias<\/p>\n<h3>Flotte de bus c\u00f4tiers<\/h3>\n<p>Coast bus est l&#039;un des plus anciens acteurs de l&#039;industrie sur le march\u00e9 de l&#039;Afrique de l&#039;Est avec cinquante-cinq ans d&#039;exp\u00e9rience. Leurs bus de luxe de grande gamme desservent toutes les grandes villes du Kenya et leur gamme de services va des tarifs abordables \u00e0 bas prix au haut de gamme pour couvrir tous les clients.<\/p>\n<h3>Commodit\u00e9s des autobus c\u00f4tiers<\/h3>\n<p>Coast bus propose des bus pour r\u00e9pondre \u00e0 tous vos besoins. Si vous recherchez des moyens de transport abordables, raisonnables et s\u00fbrs, Coast Bus est la r\u00e9ponse. Si vous \u00eates plus exigeant et que vous souhaitez un service classique, ils ont le meilleur bus pour vous. Leurs bus sont \u00e9quip\u00e9s d&#039;une connexion Wi-Fi gratuite, de climatiseurs, de collations et de toilettes \u00e0 bord et d&#039;h\u00f4tesses pour vous servir.<\/p>\n<h3>Horaires des bus c\u00f4tiers<\/h3>\n<p>Horaire de voyage de Coast Bus 2020.<\/p>\n<p><strong>Mombasa \u00e0 Nairobi<\/strong><\/p>\n<p>COAST AIR Jour &amp; Nuit<br \/>\nJour 09h30<br \/>\nNuit 22h30<\/p>\n<p>Nuit EXECUTIVE<br \/>\nJour sans bus<br \/>\nNuit 22h30<\/p>\n<p>CLASSE AC jour et nuit<br \/>\nJour 13h00<br \/>\nNuit 22h00<\/p>\n<p>Soir\u00e9e MWANANCHI<br \/>\nJour sans bus<br \/>\nNuit 21h30<\/p>\n<p><strong>Autre<\/strong><\/p>\n<p>MOMBASA \u2013 Soir\u00e9e KISUMU<br \/>\nDEP : 17h00<\/p>\n<p>MOMBASA \u2013 Soir\u00e9e KITUI<br \/>\nDEP : 20h00<\/p>\n<p>MOMBASA \u2013 Soir\u00e9e KAKAMEGA<br \/>\nDEP : 16h00<\/p>\n<p>MOMBASA \u2013 Soir\u00e9e BUNGOMA<br \/>\nDEP : 16h00<\/p>\n<h3>Quels sont les contacts de r\u00e9servation en ligne de Coast Bus ?<\/h3>\n<p>Accra Rd, Nairobi, Kenya<\/p>\n<h2>Conseils de r\u00e9servation de billets en ligne Coast Bus<\/h2>\n<p>Les services sont offerts 24 heures sur 24 tout au long de la semaine, ce qui signifie que quelqu&#039;un r\u00e9pondra \u00e0 votre appel chaque fois que vous aurez besoin d&#039;aide.<\/p>\n<p>Si vous trouvez pratique de communiquer par e-mail, vous pouvez faire vos demandes via l&#039;e-mail fourni sur le site.<\/p>\n<p>De plus, vous pouvez obtenir de l&#039;aide en les contactant via la hotline.<\/p>\n<p><strong>\u2022 Visitez le portail de r\u00e9servation de billets en ligne Coast Bus.<\/strong><\/p>\n<p><strong>\u2022 Visitez le suivi des colis Coast Bus\u200b.<\/strong><\/p>\n<p>&nbsp;<\/p>\n<h2>Other popular bus companies in Kenya<\/h2>\n<table border=\"0\" cellspacing=\"1\" cellpadding=\"1\">\n<tbody>\n<tr>\n<td>\n<ul>\n<li><a href=\"https:\/\/tiketi.com\/fr-fr\/companies\/buses\/simba-coach\/\" target=\"_blank\" rel=\"noopener\">Simba Coach Booking<\/a><\/li>\n<\/ul>\n<\/td>\n<td style=\"width: 30px;\"><\/td>\n<td>\n<ul>\n<li><a href=\"https:\/\/tiketi.com\/fr-fr\/companies\/buses\/ena-coach\/\" target=\"_blank\" rel=\"noopener\">Ena Coach Booking<\/a><\/li>\n<\/ul>\n<\/td>\n<td style=\"width: 30px;\"><\/td>\n<td>\n<ul>\n<li><a href=\"https:\/\/tiketi.com\/fr-fr\/companies\/buses\/easy-coach\/\" target=\"_blank\" rel=\"noopener\">Easy Coach Booking<\/a><\/li>\n<\/ul>\n<\/td>\n<\/tr>\n<tr>\n<td>\n<ul>\n<li><a href=\"https:\/\/tiketi.com\/fr-fr\/companies\/buses\/tahmeed-express-coaches\/\" target=\"_blank\" rel=\"noopener\">Tahmeed Coach Booking<\/a><\/li>\n<\/ul>\n<\/td>\n<td style=\"width: 30px;\"><\/td>\n<td>\n<ul>\n<li><a href=\"https:\/\/tiketi.com\/fr-fr\/companies\/buses\/guardian-coach\/\" target=\"_blank\" rel=\"noopener\">Guardian Coach Booking<\/a><\/li>\n<\/ul>\n<\/td>\n<td style=\"width: 30px;\"><\/td>\n<td>\n<ul>\n<li><a href=\"https:\/\/tiketi.com\/fr-fr\/companies\/buses\/modern-coast-coaches\/\" target=\"_blank\" rel=\"noopener\">Modern Coast Booking<\/a><\/li>\n<\/ul>\n<\/td>\n<\/tr>\n<tr>\n<td>\n<ul>\n<li><a href=\"https:\/\/tiketi.com\/fr-fr\/companies\/buses\/mash-poa-mash-east-africa\/\" target=\"_blank\" rel=\"noopener\">Masha Poa Booking<\/a><span style=\"font-family: inherit; font-size: inherit;\">\u00a0<\/span><\/li>\n<\/ul>\n<\/td>\n<td style=\"width: 30px;\"><\/td>\n<td>\n<ul>\n<li><a href=\"https:\/\/tiketi.com\/fr-fr\/companies\/buses\/dreamline-express-coaches\/\" target=\"_blank\" rel=\"noopener\">Dreamline Express Booking<\/a><\/li>\n<\/ul>\n<\/td>\n<td style=\"width: 30px;\"><\/td>\n<td>\n<ul>\n<li><a href=\"https:\/\/tiketi.com\/fr-fr\/spanish-buses\/\" target=\"_blank\" rel=\"noopener\">Spanish Coach Booking<\/a><\/li>\n<\/ul>\n<\/td>\n<\/tr>\n<\/tbody>\n<\/table>\n<p>&nbsp;<\/p>\n<p>&nbsp;<\/p>","protected":false},"excerpt":{"rendered":"<p>Cheap Coast Bus Online Ticket Booking Discover your travel route on web, mobile or app and book cheap Coast Bus tickets online. Coast Bus online booking made easy. Coast Bus company is the pioneer in east Africa passenger transport sector. Being the most \u00a0famous coach firm, it has ferried passengers across Kenya&#8217;s big places for [&hellip;]<\/p>\n","protected":false},"author":1,"featured_media":13999,"parent":25524,"menu_order":0,"comment_status":"open","ping_status":"closed","template":"template-home-modern.php","meta":{"footnotes":""},"class_list":["post-11375","page","type-page","status-publish","has-post-thumbnail","hentry"],"yoast_head":"<!-- This site is optimized with the Yoast SEO plugin v27.3 - https:\/\/yoast.com\/product\/yoast-seo-wordpress\/ -->\n<title>Coast Bus Online Booking, Bus Tickets, Schedule, Routes &amp; Fares<\/title>\n<meta name=\"description\" content=\"Looking for Coast Bus online booking, app, contacts, routes, fares and schedule? Make a cheap Coast Bus online ticket booking now and save\" \/>\n<meta name=\"robots\" content=\"index, follow, max-snippet:-1, max-image-preview:large, max-video-preview:-1\" \/>\n<link rel=\"canonical\" href=\"https:\/\/tiketi.com\/fr-fr\/companies\/buses\/coast-bus\/\" \/>\n<meta property=\"og:locale\" content=\"fr_FR\" \/>\n<meta property=\"og:type\" content=\"article\" \/>\n<meta property=\"og:title\" content=\"Coast Bus Online Booking, Bus Tickets, Schedule, Routes &amp; Fares\" \/>\n<meta property=\"og:description\" content=\"Looking for Coast Bus online booking, app, contacts, routes, fares and schedule? Make a cheap Coast Bus online ticket booking now and save\" \/>\n<meta property=\"og:url\" content=\"https:\/\/tiketi.com\/fr-fr\/companies\/buses\/coast-bus\/\" \/>\n<meta property=\"og:site_name\" content=\"Tiketi.com\" \/>\n<meta property=\"article:publisher\" content=\"https:\/\/www.facebook.com\/TiketiCom\/\" \/>\n<meta property=\"article:modified_time\" content=\"2025-08-02T12:37:53+00:00\" \/>\n<meta property=\"og:image\" content=\"https:\/\/tiketi.com\/wp-content\/uploads\/2022\/01\/bus-ticket-online-booking.jpg\" \/>\n\t<meta property=\"og:image:width\" content=\"1200\" \/>\n\t<meta property=\"og:image:height\" content=\"206\" \/>\n\t<meta property=\"og:image:type\" content=\"image\/jpeg\" \/>\n<meta name=\"twitter:card\" content=\"summary_large_image\" \/>\n<meta name=\"twitter:label1\" content=\"Dur\u00e9e de lecture estim\u00e9e\" \/>\n\t<meta name=\"twitter:data1\" content=\"3 minutes\" \/>\n<script type=\"application\/ld+json\" class=\"yoast-schema-graph\">{\"@context\":\"https:\\\/\\\/schema.org\",\"@graph\":[{\"@type\":\"WebPage\",\"@id\":\"https:\\\/\\\/tiketi.com\\\/companies\\\/buses\\\/coast-bus\\\/\",\"url\":\"https:\\\/\\\/tiketi.com\\\/companies\\\/buses\\\/coast-bus\\\/\",\"name\":\"Coast Bus Online Booking, Bus Tickets, Schedule, Routes & Fares\",\"isPartOf\":{\"@id\":\"https:\\\/\\\/tiketi.com\\\/#website\"},\"primaryImageOfPage\":{\"@id\":\"https:\\\/\\\/tiketi.com\\\/companies\\\/buses\\\/coast-bus\\\/#primaryimage\"},\"image\":{\"@id\":\"https:\\\/\\\/tiketi.com\\\/companies\\\/buses\\\/coast-bus\\\/#primaryimage\"},\"thumbnailUrl\":\"https:\\\/\\\/tiketi.com\\\/wp-content\\\/uploads\\\/2022\\\/01\\\/bus-ticket-online-booking.jpg\",\"datePublished\":\"2022-01-19T11:54:35+00:00\",\"dateModified\":\"2025-08-02T12:37:53+00:00\",\"description\":\"Looking for Coast Bus online booking, app, contacts, routes, fares and schedule? Make a cheap Coast Bus online ticket booking now and save\",\"breadcrumb\":{\"@id\":\"https:\\\/\\\/tiketi.com\\\/companies\\\/buses\\\/coast-bus\\\/#breadcrumb\"},\"inLanguage\":\"fr-FR\",\"potentialAction\":[{\"@type\":\"ReadAction\",\"target\":[\"https:\\\/\\\/tiketi.com\\\/companies\\\/buses\\\/coast-bus\\\/\"]}]},{\"@type\":\"ImageObject\",\"inLanguage\":\"fr-FR\",\"@id\":\"https:\\\/\\\/tiketi.com\\\/companies\\\/buses\\\/coast-bus\\\/#primaryimage\",\"url\":\"https:\\\/\\\/tiketi.com\\\/wp-content\\\/uploads\\\/2022\\\/01\\\/bus-ticket-online-booking.jpg\",\"contentUrl\":\"https:\\\/\\\/tiketi.com\\\/wp-content\\\/uploads\\\/2022\\\/01\\\/bus-ticket-online-booking.jpg\",\"width\":1200,\"height\":206,\"caption\":\"Online Bus Ticket Booking\"},{\"@type\":\"BreadcrumbList\",\"@id\":\"https:\\\/\\\/tiketi.com\\\/companies\\\/buses\\\/coast-bus\\\/#breadcrumb\",\"itemListElement\":[{\"@type\":\"ListItem\",\"position\":1,\"name\":\"Home\",\"item\":\"https:\\\/\\\/tiketi.com\\\/\"},{\"@type\":\"ListItem\",\"position\":2,\"name\":\"Companies\",\"item\":\"https:\\\/\\\/tiketi.com\\\/companies\\\/\"},{\"@type\":\"ListItem\",\"position\":3,\"name\":\"Buses\",\"item\":\"https:\\\/\\\/tiketi.com\\\/companies\\\/buses\\\/\"},{\"@type\":\"ListItem\",\"position\":4,\"name\":\"Coast Bus Online Booking, Bus Tickets, Schedule, Routes &#038; Fares\"}]},{\"@type\":\"WebSite\",\"@id\":\"https:\\\/\\\/tiketi.com\\\/#website\",\"url\":\"https:\\\/\\\/tiketi.com\\\/\",\"name\":\"Flight & Bus Tickets, Tour Packages & Activitites - Tiketi.com\",\"description\":\"Flight &amp; Bus Tickets, Tours, Activitites\",\"publisher\":{\"@id\":\"https:\\\/\\\/tiketi.com\\\/#organization\"},\"potentialAction\":[{\"@type\":\"SearchAction\",\"target\":{\"@type\":\"EntryPoint\",\"urlTemplate\":\"https:\\\/\\\/tiketi.com\\\/?s={search_term_string}\"},\"query-input\":{\"@type\":\"PropertyValueSpecification\",\"valueRequired\":true,\"valueName\":\"search_term_string\"}}],\"inLanguage\":\"fr-FR\"},{\"@type\":\"Organization\",\"@id\":\"https:\\\/\\\/tiketi.com\\\/#organization\",\"name\":\"Tiketi.com\",\"alternateName\":\"Tiketi\",\"url\":\"https:\\\/\\\/tiketi.com\\\/\",\"logo\":{\"@type\":\"ImageObject\",\"inLanguage\":\"fr-FR\",\"@id\":\"https:\\\/\\\/tiketi.com\\\/#\\\/schema\\\/logo\\\/image\\\/\",\"url\":\"https:\\\/\\\/tiketi.com\\\/wp-content\\\/uploads\\\/2019\\\/05\\\/tiketi-logo-696.png\",\"contentUrl\":\"https:\\\/\\\/tiketi.com\\\/wp-content\\\/uploads\\\/2019\\\/05\\\/tiketi-logo-696.png\",\"width\":696,\"height\":696,\"caption\":\"Tiketi.com\"},\"image\":{\"@id\":\"https:\\\/\\\/tiketi.com\\\/#\\\/schema\\\/logo\\\/image\\\/\"},\"sameAs\":[\"https:\\\/\\\/www.facebook.com\\\/TiketiCom\\\/\"]}]}<\/script>\n<!-- \/ Yoast SEO plugin. -->","yoast_head_json":{"title":"R\u00e9servation en ligne Coast Bus, billets de bus, horaires, itin\u00e9raires et tarifs","description":"Vous recherchez une r\u00e9servation en ligne Coast Bus, une application, des contacts, des itin\u00e9raires, des tarifs et des horaires? Faites une r\u00e9servation en ligne pas cher de Coast Bus maintenant et \u00e9conomisez","robots":{"index":"index","follow":"follow","max-snippet":"max-snippet:-1","max-image-preview":"max-image-preview:large","max-video-preview":"max-video-preview:-1"},"canonical":"https:\/\/tiketi.com\/fr-fr\/companies\/buses\/coast-bus\/","og_locale":"fr_FR","og_type":"article","og_title":"Coast Bus Online Booking, Bus Tickets, Schedule, Routes & Fares","og_description":"Looking for Coast Bus online booking, app, contacts, routes, fares and schedule? Make a cheap Coast Bus online ticket booking now and save","og_url":"https:\/\/tiketi.com\/fr-fr\/companies\/buses\/coast-bus\/","og_site_name":"Tiketi.com","article_publisher":"https:\/\/www.facebook.com\/TiketiCom\/","article_modified_time":"2025-08-02T12:37:53+00:00","og_image":[{"width":1200,"height":206,"url":"https:\/\/tiketi.com\/wp-content\/uploads\/2022\/01\/bus-ticket-online-booking.jpg","type":"image\/jpeg"}],"twitter_card":"summary_large_image","twitter_misc":{"Dur\u00e9e de lecture estim\u00e9e":"3 minutes"},"schema":{"@context":"https:\/\/schema.org","@graph":[{"@type":"WebPage","@id":"https:\/\/tiketi.com\/companies\/buses\/coast-bus\/","url":"https:\/\/tiketi.com\/companies\/buses\/coast-bus\/","name":"R\u00e9servation en ligne Coast Bus, billets de bus, horaires, itin\u00e9raires et tarifs","isPartOf":{"@id":"https:\/\/tiketi.com\/#website"},"primaryImageOfPage":{"@id":"https:\/\/tiketi.com\/companies\/buses\/coast-bus\/#primaryimage"},"image":{"@id":"https:\/\/tiketi.com\/companies\/buses\/coast-bus\/#primaryimage"},"thumbnailUrl":"https:\/\/tiketi.com\/wp-content\/uploads\/2022\/01\/bus-ticket-online-booking.jpg","datePublished":"2022-01-19T11:54:35+00:00","dateModified":"2025-08-02T12:37:53+00:00","description":"Vous recherchez une r\u00e9servation en ligne Coast Bus, une application, des contacts, des itin\u00e9raires, des tarifs et des horaires? Faites une r\u00e9servation en ligne pas cher de Coast Bus maintenant et \u00e9conomisez","breadcrumb":{"@id":"https:\/\/tiketi.com\/companies\/buses\/coast-bus\/#breadcrumb"},"inLanguage":"fr-FR","potentialAction":[{"@type":"ReadAction","target":["https:\/\/tiketi.com\/companies\/buses\/coast-bus\/"]}]},{"@type":"ImageObject","inLanguage":"fr-FR","@id":"https:\/\/tiketi.com\/companies\/buses\/coast-bus\/#primaryimage","url":"https:\/\/tiketi.com\/wp-content\/uploads\/2022\/01\/bus-ticket-online-booking.jpg","contentUrl":"https:\/\/tiketi.com\/wp-content\/uploads\/2022\/01\/bus-ticket-online-booking.jpg","width":1200,"height":206,"caption":"Online Bus Ticket Booking"},{"@type":"BreadcrumbList","@id":"https:\/\/tiketi.com\/companies\/buses\/coast-bus\/#breadcrumb","itemListElement":[{"@type":"ListItem","position":1,"name":"Home","item":"https:\/\/tiketi.com\/"},{"@type":"ListItem","position":2,"name":"Companies","item":"https:\/\/tiketi.com\/companies\/"},{"@type":"ListItem","position":3,"name":"Buses","item":"https:\/\/tiketi.com\/companies\/buses\/"},{"@type":"ListItem","position":4,"name":"Coast Bus Online Booking, Bus Tickets, Schedule, Routes &#038; Fares"}]},{"@type":"WebSite","@id":"https:\/\/tiketi.com\/#website","url":"https:\/\/tiketi.com\/","name":"Billets d&#039;avion et de bus, forfaits touristiques et activit\u00e9s - Tiketi.com","description":"Billets d&#039;avion et de bus, Tours, Activit\u00e9s","publisher":{"@id":"https:\/\/tiketi.com\/#organization"},"potentialAction":[{"@type":"SearchAction","target":{"@type":"EntryPoint","urlTemplate":"https:\/\/tiketi.com\/?s={search_term_string}"},"query-input":{"@type":"PropertyValueSpecification","valueRequired":true,"valueName":"search_term_string"}}],"inLanguage":"fr-FR"},{"@type":"Organization","@id":"https:\/\/tiketi.com\/#organization","name":"Tiketi.com","alternateName":"Tiketi","url":"https:\/\/tiketi.com\/","logo":{"@type":"ImageObject","inLanguage":"fr-FR","@id":"https:\/\/tiketi.com\/#\/schema\/logo\/image\/","url":"https:\/\/tiketi.com\/wp-content\/uploads\/2019\/05\/tiketi-logo-696.png","contentUrl":"https:\/\/tiketi.com\/wp-content\/uploads\/2019\/05\/tiketi-logo-696.png","width":696,"height":696,"caption":"Tiketi.com"},"image":{"@id":"https:\/\/tiketi.com\/#\/schema\/logo\/image\/"},"sameAs":["https:\/\/www.facebook.com\/TiketiCom\/"]}]}},"_links":{"self":[{"href":"https:\/\/tiketi.com\/fr-fr\/wp-json\/wp\/v2\/pages\/11375","targetHints":{"allow":["GET"]}}],"collection":[{"href":"https:\/\/tiketi.com\/fr-fr\/wp-json\/wp\/v2\/pages"}],"about":[{"href":"https:\/\/tiketi.com\/fr-fr\/wp-json\/wp\/v2\/types\/page"}],"author":[{"embeddable":true,"href":"https:\/\/tiketi.com\/fr-fr\/wp-json\/wp\/v2\/users\/1"}],"replies":[{"embeddable":true,"href":"https:\/\/tiketi.com\/fr-fr\/wp-json\/wp\/v2\/comments?post=11375"}],"version-history":[{"count":3,"href":"https:\/\/tiketi.com\/fr-fr\/wp-json\/wp\/v2\/pages\/11375\/revisions"}],"predecessor-version":[{"id":32295,"href":"https:\/\/tiketi.com\/fr-fr\/wp-json\/wp\/v2\/pages\/11375\/revisions\/32295"}],"up":[{"embeddable":true,"href":"https:\/\/tiketi.com\/fr-fr\/wp-json\/wp\/v2\/pages\/25524"}],"wp:featuredmedia":[{"embeddable":true,"href":"https:\/\/tiketi.com\/fr-fr\/wp-json\/wp\/v2\/media\/13999"}],"wp:attachment":[{"href":"https:\/\/tiketi.com\/fr-fr\/wp-json\/wp\/v2\/media?parent=11375"}],"curies":[{"name":"wp","href":"https:\/\/api.w.org\/{rel}","templated":true}]}}