{"id":11376,"date":"2022-01-19T12:54:35","date_gmt":"2022-01-19T11:54:35","guid":{"rendered":"https:\/\/new.tiketi.com\/randa-coach-online-booking-bus-tickets-reservation\/"},"modified":"2022-07-14T13:02:11","modified_gmt":"2022-07-14T12:02:11","slug":"randa-coach-services","status":"publish","type":"page","link":"https:\/\/tiketi.com\/fr-fr\/randa-coach-services\/","title":{"rendered":"Randa Coach R\u00e9servation en ligne, billets de bus, itin\u00e9raire, horaires et tarifs"},"content":{"rendered":"<p><strong>Un d:\u00a0<\/strong><\/p>\n<p><strong><a href=\"https:\/\/fiymo.com\/register\" target=\"_blank\" rel=\"noopener\"><\/a><\/strong><\/p>\n<h2>R\u00e9servation de billets de bus en ligne Randa Coach pas cher de Nairobi \u00e0 Mombasa<\/h2>\n<h3>D\u00e9couvrez votre itin\u00e9raire de voyage sur le web, le mobile ou l&#039;application et r\u00e9servez d\u00e8s maintenant en ligne des billets de bus Randa Coach pas chers.<\/h3>\n<p>Le service de r\u00e9servation en ligne Randa Coach assure le transport r\u00e9gulier de passagers et de colis de Mombasa \u00e0 Nairobi et vice versa. Ceci est r\u00e9alis\u00e9 via leurs autocars qui sont luxueux et relaxants pour votre voyage. Alors faites la r\u00e9servation de billets de bus en ligne Randa Coach maintenant!<\/p>\n<h2>Randa Coach R\u00e9servation en ligne, billets de bus, itin\u00e9raire, horaires et tarifs FAQ<\/h2>\n<h3>Quels sont les itin\u00e9raires de r\u00e9servation en ligne de bus Randa Coach couverts par les bus Randa Coach ?<\/h3>\n<p>La r\u00e9servation en ligne de bus Randa Coach propose ses services entre Nairobi et la ville de Mombasa de jour comme de nuit avec des d\u00e9parts programm\u00e9s. La capacit\u00e9 de transport de la plupart de leurs autocars est de quarante-quatre passagers seulement. La compagnie de bus Randa Coach est l&#039;une des principales et r\u00e9put\u00e9e pour ses meilleurs services sur la route de Mombasa \u00e0 Nairobi.<\/p>\n<h3>Flotte Randa Coach<\/h3>\n<p>Randa Coach a commenc\u00e9 \u00e0 travailler avec le mod\u00e8le de bus Scania avec des carrosseries fabriqu\u00e9es dans le pays par Master Fabricator, mais ils ont maintenant de nouveaux bus Yutong chinois en plus de ceux Scania.<\/p>\n<p>Yutong et Scania ont tous deux un immense coin salon et luxueux. L&#039;entra\u00eeneur a des dispositions assises deux par deux avec une sp\u00e9cification d&#039;entra\u00eeneur de couchage.<\/p>\n<h3>Commodit\u00e9s Randa Coach<\/h3>\n<p>Avec tout un trajet entre Mombasa et Nairobi, de si longs trajets peuvent \u00eatre ennuyeux. Vous n&#039;avez pas seulement besoin d&#039;un bus, un meilleur. Vous avez besoin d&#039;un v\u00e9hicule qui vous procurera une d\u00e9tente en position assise, avec la meilleure ventilation et beaucoup d&#039;espace pour la t\u00eate. Vous recherchez un bus d&#039;entreprise avec un int\u00e9rieur et un ext\u00e9rieur de haute qualit\u00e9, et au-del\u00e0 des n\u00e9cessit\u00e9s, vous avez besoin d&#039;un bus qui vous offre des choix comprenant un syst\u00e8me radio et une t\u00e9l\u00e9vision, des designs sympas et une connexion Wi-Fi gratuite.<\/p>\n<h3>Quelles sont les coordonn\u00e9es de Randa Coach booking &amp; bus ?<\/h3>\n<p>Randa Coach Ltd<br \/>\nAvenue Kenyatta, Mombasa, Kenya<\/p>\n<h2>Randa Coach Conseils de r\u00e9servation de billets de bus en ligne<\/h2>\n<p>Avec Randa Coach Nairobi \u00e0 Mombasa, le syst\u00e8me de r\u00e9servation en ligne offre \u00e9galement une r\u00e9servation plus facile et plus rapide, vous offrant ainsi une facilit\u00e9, et vous apprenez \u00e0 conna\u00eetre le tarif Randa Coach de nairobi \u00e0 mombasa avant de vous aider \u00e0 \u00e9tablir votre budget.<\/p>\n<p><strong>\u2022 Utilisez le portail de r\u00e9servation en ligne de bus Randa Coach.<\/strong><\/p>\n<p><strong>\u2022 Visitez le suivi des colis Randa Coach.<\/strong><\/p>","protected":false},"excerpt":{"rendered":"<p>Ad:\u00a0 Cheap Randa Coach Online Bus Ticket Booking Nairobi To Mombasa Discover your travel route on web, mobile or app and book cheap Randa Coach bus tickets online now. Randa Coach online booking service provides scheduled passenger and parcel transport from Mombasa to Nairobi and vice versa. This is achieved via their coaches which is [&hellip;]<\/p>\n","protected":false},"author":1,"featured_media":13999,"parent":0,"menu_order":0,"comment_status":"open","ping_status":"closed","template":"template-home-modern.php","meta":{"footnotes":""},"class_list":["post-11376","page","type-page","status-publish","has-post-thumbnail","hentry"],"yoast_head":"<!-- This site is optimized with the Yoast SEO plugin v27.2 - https:\/\/yoast.com\/product\/yoast-seo-wordpress\/ -->\n<title>Randa Coach Online Booking, Bus Tickets, Route, Schedule &amp; Fare<\/title>\n<meta name=\"description\" content=\"Looking for Randa Coach online booking, app, contacts, bus routes, fare and schedule timing? Make a Randa Coach online bus ticket booking now\" \/>\n<meta name=\"robots\" content=\"index, follow, max-snippet:-1, max-image-preview:large, max-video-preview:-1\" \/>\n<link rel=\"canonical\" href=\"https:\/\/tiketi.com\/fr-fr\/randa-coach-services\/\" \/>\n<meta property=\"og:locale\" content=\"fr_FR\" \/>\n<meta property=\"og:type\" content=\"article\" \/>\n<meta property=\"og:title\" content=\"Randa Coach Online Booking, Bus Tickets, Route, Schedule &amp; Fare\" \/>\n<meta property=\"og:description\" content=\"Looking for Randa Coach online booking, app, contacts, bus routes, fare and schedule timing? Make a Randa Coach online bus ticket booking now\" \/>\n<meta property=\"og:url\" content=\"https:\/\/tiketi.com\/fr-fr\/randa-coach-services\/\" \/>\n<meta property=\"og:site_name\" content=\"Tiketi.com\" \/>\n<meta property=\"article:publisher\" content=\"https:\/\/www.facebook.com\/TiketiCom\/\" \/>\n<meta property=\"article:modified_time\" content=\"2022-07-14T12:02:11+00:00\" \/>\n<meta property=\"og:image\" content=\"https:\/\/tiketi.com\/wp-content\/uploads\/2022\/01\/bus-ticket-online-booking.jpg\" \/>\n\t<meta property=\"og:image:width\" content=\"1200\" \/>\n\t<meta property=\"og:image:height\" content=\"206\" \/>\n\t<meta property=\"og:image:type\" content=\"image\/jpeg\" \/>\n<meta name=\"twitter:card\" content=\"summary_large_image\" \/>\n<meta name=\"twitter:label1\" content=\"Dur\u00e9e de lecture estim\u00e9e\" \/>\n\t<meta name=\"twitter:data1\" content=\"2 minutes\" \/>\n<script type=\"application\/ld+json\" class=\"yoast-schema-graph\">{\"@context\":\"https:\/\/schema.org\",\"@graph\":[{\"@type\":\"WebPage\",\"@id\":\"https:\/\/tiketi.com\/randa-coach-services\/\",\"url\":\"https:\/\/tiketi.com\/randa-coach-services\/\",\"name\":\"Randa Coach Online Booking, Bus Tickets, Route, Schedule & Fare\",\"isPartOf\":{\"@id\":\"https:\/\/tiketi.com\/#website\"},\"primaryImageOfPage\":{\"@id\":\"https:\/\/tiketi.com\/randa-coach-services\/#primaryimage\"},\"image\":{\"@id\":\"https:\/\/tiketi.com\/randa-coach-services\/#primaryimage\"},\"thumbnailUrl\":\"https:\/\/tiketi.com\/wp-content\/uploads\/2022\/01\/bus-ticket-online-booking.jpg\",\"datePublished\":\"2022-01-19T11:54:35+00:00\",\"dateModified\":\"2022-07-14T12:02:11+00:00\",\"description\":\"Looking for Randa Coach online booking, app, contacts, bus routes, fare and schedule timing? Make a Randa Coach online bus ticket booking now\",\"breadcrumb\":{\"@id\":\"https:\/\/tiketi.com\/randa-coach-services\/#breadcrumb\"},\"inLanguage\":\"fr-FR\",\"potentialAction\":[{\"@type\":\"ReadAction\",\"target\":[\"https:\/\/tiketi.com\/randa-coach-services\/\"]}]},{\"@type\":\"ImageObject\",\"inLanguage\":\"fr-FR\",\"@id\":\"https:\/\/tiketi.com\/randa-coach-services\/#primaryimage\",\"url\":\"https:\/\/tiketi.com\/wp-content\/uploads\/2022\/01\/bus-ticket-online-booking.jpg\",\"contentUrl\":\"https:\/\/tiketi.com\/wp-content\/uploads\/2022\/01\/bus-ticket-online-booking.jpg\",\"width\":1200,\"height\":206,\"caption\":\"Online Bus Ticket Booking\"},{\"@type\":\"BreadcrumbList\",\"@id\":\"https:\/\/tiketi.com\/randa-coach-services\/#breadcrumb\",\"itemListElement\":[{\"@type\":\"ListItem\",\"position\":1,\"name\":\"Home\",\"item\":\"https:\/\/tiketi.com\/\"},{\"@type\":\"ListItem\",\"position\":2,\"name\":\"Randa Coach Online Booking, Bus Tickets, Route, Schedule &#038; Fare\"}]},{\"@type\":\"WebSite\",\"@id\":\"https:\/\/tiketi.com\/#website\",\"url\":\"https:\/\/tiketi.com\/\",\"name\":\"Flight & Bus Tickets, Tour Packages & Activitites - Tiketi.com\",\"description\":\"Flight &amp; Bus Tickets, Tours, Activitites\",\"publisher\":{\"@id\":\"https:\/\/tiketi.com\/#organization\"},\"potentialAction\":[{\"@type\":\"SearchAction\",\"target\":{\"@type\":\"EntryPoint\",\"urlTemplate\":\"https:\/\/tiketi.com\/?s={search_term_string}\"},\"query-input\":{\"@type\":\"PropertyValueSpecification\",\"valueRequired\":true,\"valueName\":\"search_term_string\"}}],\"inLanguage\":\"fr-FR\"},{\"@type\":\"Organization\",\"@id\":\"https:\/\/tiketi.com\/#organization\",\"name\":\"Tiketi.com\",\"alternateName\":\"Tiketi\",\"url\":\"https:\/\/tiketi.com\/\",\"logo\":{\"@type\":\"ImageObject\",\"inLanguage\":\"fr-FR\",\"@id\":\"https:\/\/tiketi.com\/#\/schema\/logo\/image\/\",\"url\":\"https:\/\/tiketi.com\/wp-content\/uploads\/2019\/05\/tiketi-logo-696.png\",\"contentUrl\":\"https:\/\/tiketi.com\/wp-content\/uploads\/2019\/05\/tiketi-logo-696.png\",\"width\":696,\"height\":696,\"caption\":\"Tiketi.com\"},\"image\":{\"@id\":\"https:\/\/tiketi.com\/#\/schema\/logo\/image\/\"},\"sameAs\":[\"https:\/\/www.facebook.com\/TiketiCom\/\"]}]}<\/script>\n<!-- \/ Yoast SEO plugin. -->","yoast_head_json":{"title":"Randa Coach R\u00e9servation en ligne, billets de bus, itin\u00e9raire, horaires et tarifs","description":"Vous recherchez une r\u00e9servation en ligne Randa Coach, une application, des contacts, des itin\u00e9raires de bus, des tarifs et des horaires? Faites une r\u00e9servation de billet de bus en ligne Randa Coach maintenant","robots":{"index":"index","follow":"follow","max-snippet":"max-snippet:-1","max-image-preview":"max-image-preview:large","max-video-preview":"max-video-preview:-1"},"canonical":"https:\/\/tiketi.com\/fr-fr\/randa-coach-services\/","og_locale":"fr_FR","og_type":"article","og_title":"Randa Coach Online Booking, Bus Tickets, Route, Schedule & Fare","og_description":"Looking for Randa Coach online booking, app, contacts, bus routes, fare and schedule timing? Make a Randa Coach online bus ticket booking now","og_url":"https:\/\/tiketi.com\/fr-fr\/randa-coach-services\/","og_site_name":"Tiketi.com","article_publisher":"https:\/\/www.facebook.com\/TiketiCom\/","article_modified_time":"2022-07-14T12:02:11+00:00","og_image":[{"width":1200,"height":206,"url":"https:\/\/tiketi.com\/wp-content\/uploads\/2022\/01\/bus-ticket-online-booking.jpg","type":"image\/jpeg"}],"twitter_card":"summary_large_image","twitter_misc":{"Dur\u00e9e de lecture estim\u00e9e":"2 minutes"},"schema":{"@context":"https:\/\/schema.org","@graph":[{"@type":"WebPage","@id":"https:\/\/tiketi.com\/randa-coach-services\/","url":"https:\/\/tiketi.com\/randa-coach-services\/","name":"Randa Coach R\u00e9servation en ligne, billets de bus, itin\u00e9raire, horaires et tarifs","isPartOf":{"@id":"https:\/\/tiketi.com\/#website"},"primaryImageOfPage":{"@id":"https:\/\/tiketi.com\/randa-coach-services\/#primaryimage"},"image":{"@id":"https:\/\/tiketi.com\/randa-coach-services\/#primaryimage"},"thumbnailUrl":"https:\/\/tiketi.com\/wp-content\/uploads\/2022\/01\/bus-ticket-online-booking.jpg","datePublished":"2022-01-19T11:54:35+00:00","dateModified":"2022-07-14T12:02:11+00:00","description":"Vous recherchez une r\u00e9servation en ligne Randa Coach, une application, des contacts, des itin\u00e9raires de bus, des tarifs et des horaires? Faites une r\u00e9servation de billet de bus en ligne Randa Coach maintenant","breadcrumb":{"@id":"https:\/\/tiketi.com\/randa-coach-services\/#breadcrumb"},"inLanguage":"fr-FR","potentialAction":[{"@type":"ReadAction","target":["https:\/\/tiketi.com\/randa-coach-services\/"]}]},{"@type":"ImageObject","inLanguage":"fr-FR","@id":"https:\/\/tiketi.com\/randa-coach-services\/#primaryimage","url":"https:\/\/tiketi.com\/wp-content\/uploads\/2022\/01\/bus-ticket-online-booking.jpg","contentUrl":"https:\/\/tiketi.com\/wp-content\/uploads\/2022\/01\/bus-ticket-online-booking.jpg","width":1200,"height":206,"caption":"Online Bus Ticket Booking"},{"@type":"BreadcrumbList","@id":"https:\/\/tiketi.com\/randa-coach-services\/#breadcrumb","itemListElement":[{"@type":"ListItem","position":1,"name":"Home","item":"https:\/\/tiketi.com\/"},{"@type":"ListItem","position":2,"name":"Randa Coach Online Booking, Bus Tickets, Route, Schedule &#038; Fare"}]},{"@type":"WebSite","@id":"https:\/\/tiketi.com\/#website","url":"https:\/\/tiketi.com\/","name":"Billets d&#039;avion et de bus, forfaits touristiques et activit\u00e9s - Tiketi.com","description":"Billets d&#039;avion et de bus, Tours, Activit\u00e9s","publisher":{"@id":"https:\/\/tiketi.com\/#organization"},"potentialAction":[{"@type":"SearchAction","target":{"@type":"EntryPoint","urlTemplate":"https:\/\/tiketi.com\/?s={search_term_string}"},"query-input":{"@type":"PropertyValueSpecification","valueRequired":true,"valueName":"search_term_string"}}],"inLanguage":"fr-FR"},{"@type":"Organization","@id":"https:\/\/tiketi.com\/#organization","name":"Tiketi.com","alternateName":"Tiketi","url":"https:\/\/tiketi.com\/","logo":{"@type":"ImageObject","inLanguage":"fr-FR","@id":"https:\/\/tiketi.com\/#\/schema\/logo\/image\/","url":"https:\/\/tiketi.com\/wp-content\/uploads\/2019\/05\/tiketi-logo-696.png","contentUrl":"https:\/\/tiketi.com\/wp-content\/uploads\/2019\/05\/tiketi-logo-696.png","width":696,"height":696,"caption":"Tiketi.com"},"image":{"@id":"https:\/\/tiketi.com\/#\/schema\/logo\/image\/"},"sameAs":["https:\/\/www.facebook.com\/TiketiCom\/"]}]}},"_links":{"self":[{"href":"https:\/\/tiketi.com\/fr-fr\/wp-json\/wp\/v2\/pages\/11376","targetHints":{"allow":["GET"]}}],"collection":[{"href":"https:\/\/tiketi.com\/fr-fr\/wp-json\/wp\/v2\/pages"}],"about":[{"href":"https:\/\/tiketi.com\/fr-fr\/wp-json\/wp\/v2\/types\/page"}],"author":[{"embeddable":true,"href":"https:\/\/tiketi.com\/fr-fr\/wp-json\/wp\/v2\/users\/1"}],"replies":[{"embeddable":true,"href":"https:\/\/tiketi.com\/fr-fr\/wp-json\/wp\/v2\/comments?post=11376"}],"version-history":[{"count":0,"href":"https:\/\/tiketi.com\/fr-fr\/wp-json\/wp\/v2\/pages\/11376\/revisions"}],"wp:featuredmedia":[{"embeddable":true,"href":"https:\/\/tiketi.com\/fr-fr\/wp-json\/wp\/v2\/media\/13999"}],"wp:attachment":[{"href":"https:\/\/tiketi.com\/fr-fr\/wp-json\/wp\/v2\/media?parent=11376"}],"curies":[{"name":"wp","href":"https:\/\/api.w.org\/{rel}","templated":true}]}}