{"id":11377,"date":"2022-01-19T12:54:35","date_gmt":"2022-01-19T11:54:35","guid":{"rendered":"https:\/\/new.tiketi.com\/crown-bus-online-booking-bus-tickets-routes-fares\/"},"modified":"2022-07-14T13:02:03","modified_gmt":"2022-07-14T12:02:03","slug":"crown-bus-service","status":"publish","type":"page","link":"https:\/\/tiketi.com\/fr-fr\/crown-bus-service\/","title":{"rendered":"R\u00e9servation en ligne de Crown Bus, billets de bus, itin\u00e9raires et tarifs"},"content":{"rendered":"<p><strong>Un d:\u00a0<\/strong><\/p>\n<p><strong><a href=\"https:\/\/fiymo.com\/register\" target=\"_blank\" rel=\"noopener\"><\/a><\/strong><\/p>\n<h2>R\u00e9servation de billets de bus en ligne Crown Bus<\/h2>\n<h3>D\u00e9couvrez votre itin\u00e9raire sur le Web, votre mobile ou votre application et r\u00e9servez des billets de bus Crown \u00e0 bas prix en ligne.<\/h3>\n<p>La r\u00e9servation en ligne des bus Crown est facilit\u00e9e. Crown bus service Ltd Kenya (CBS) a \u00e9t\u00e9 fond\u00e9e principalement en 2004 par 2 personnes. Plus tard, la direction de l&#039;entreprise, encourag\u00e9e par la passion de fournir un service passagers de premi\u00e8re classe, a compl\u00e8tement d\u00e9marr\u00e9 ses op\u00e9rations en ao\u00fbt 2006. La premi\u00e8re route op\u00e9rationnelle de l&#039;entreprise \u00e9tait pr\u00e9vue de Nairobi \u00e0 Mombasa, le si\u00e8ge social \u00e9tant situ\u00e9 \u00e0 Nairobi. La r\u00e9servation de billets de bus en ligne Crown Bus est s\u00fbre et vous permet d&#039;\u00e9conomiser du temps et de l&#039;argent.<\/p>\n<h2>FAQ sur la r\u00e9servation en ligne, les contacts, les itin\u00e9raires et les tarifs de Crown Bus<\/h2>\n<h3>Quels sont les itin\u00e9raires\/destinations du service de bus Crown\u00a0?<\/h3>\n<p>La compagnie de bus dessert plus de vingt destinations en Ouganda et au Kenya, la plupart \u00e9tant situ\u00e9es dans la r\u00e9publique du Kenya. Vous trouverez ci-dessous quelques villes et villages o\u00f9 Crown Bus propose ses services\u00a0:<\/p>\n<p>\u2022 Voi<br \/>\n\u2022 Nairobi<br \/>\n\u2022 Mombasa<br \/>\n\u2022 Malaba<br \/>\n\u2022 Nakuru<br \/>\n\u2022 Chavakali<br \/>\n\u2022 Eldoret<br \/>\n\u2022 Kakam\u00e9ga<br \/>\n\u2022 Kapsa\u00ebt<br \/>\n\u2022 Chavakali<br \/>\n\u2022 Mbale (Ouganda)<br \/>\n\u2022 Mbal\u00e9 (Kenya)<br \/>\n\u2022 Kisumu<br \/>\n\u2022 Bungoma<br \/>\n\u2022 Webuye<br \/>\n\u2022 Ugunja<br \/>\n\u2022 Mumias<br \/>\n\u2022 Busia<br \/>\n\u2022 Kampala<\/p>\n<h3>Horaires et tarifs des bus Crown<\/h3>\n<p>Horaires de d\u00e9placement des bus Crown. D\u00e9part matin et jour 2020.<\/p>\n<p><strong>Ligne de bus\u00a0 <\/strong>\u00a0 \u00a0 \u00a0 \u00a0 \u00a0 \u00a0 \u00a0 \u00a0 \u00a0 \u00a0 \u00a0 \u00a0 \u00a0 \u00a0 \u00a0 \u00a0 \u00a0 \u00a0 \u00a0 \u00a0 \u00a0 \u00a0 \u00a0 \u00a0 \u00a0 <strong>\u00a0 Rapports\u00a0 \u00a0 <\/strong>\u00a0 \u00a0 \u00a0 \u00a0 <strong>D\u00e9part<\/strong>\u00a0 \u00a0 \u00a0 \u00a0 \u00a0<strong> \u00a0Temps Prix<\/strong><br \/>\nNairobi \u00e0 Kakamega, Mumias \u2013 Bungoma 06h30 07h00<br \/>\nNairobi \u00e0 Kisumu via Siaya 07h00 07h30<br \/>\nNairobi \u00e0 Mombasa 08h00 08h30<br \/>\nNairobi \u00e0 Mombasa 10h00 10h30<br \/>\nMalaba \u00e0 Mombasa 14h30 15h30 KSh 1500<br \/>\nBungoma \u00e0 Mombasa 15h00 15h30 KSh 1500<br \/>\nWebuye \u00e0 Mombasa 15h30 16h00 KSh 1500<br \/>\nEldoret \u00e0 Mombasa 16h30 17h00 KSh 1350<br \/>\nMombasa \u00e0 Malaba 1500 KSh<\/p>\n<p>Nairobi \u00e0 Kakamega, Mumias-Bungoma 19h00 19h30<br \/>\nNairobi \u00e0 Kisumu via Siaya 19h30 20h00<br \/>\nNairobi \u00e0 Mombasa 20h00 20h30<br \/>\nNairobi \u00e0 Mombasa 21h00 21h30<\/p>\n<h3>Quelles sont les coordonn\u00e9es du service de bus Crown ?<\/h3>\n<p>Crown Bus Service Limit\u00e9e<br \/>\nRue Monrovia, Lagos House-pr\u00e8s de l&#039;Arm\u00e9e du Salut,<br \/>\nPO Box 634, 00100 Nairobi, Kenya.<\/p>\n<h2>Conseils pour la r\u00e9servation de billets de bus en ligne Crown Bus<\/h2>\n<p>Les services de bus Crown sont sp\u00e9ciaux et donc attrayants pour un public plus large sur les routes kenyanes. Fait int\u00e9ressant, \u00ab\u00a0Crown\u00a0\u00bb est un acronyme pour d\u00e9tente, performances \u00e9tonnantes, fiabilit\u00e9, accueil et exp\u00e9rience nostalgique.<\/p>\n<p><strong>\u2022 Utilisez le portail de r\u00e9servation en ligne Crown Coach.<\/strong><\/p>\n<p><strong>\u2022 Visitez le suivi des colis Crown Bus\u200b.<\/strong><\/p>","protected":false},"excerpt":{"rendered":"<p>Ad:\u00a0 Crown Bus Online Bus Ticket Booking Discover your travel route on web, mobile or app and book cheap Crown bus tickets online. Crown bus online booking made easy.\u00a0Crown bus service Ltd Kenya (CBS) was primarily founded in the year 2004 by 2 people.\u00a0At a later stage, the firm management, encouraged by the passion of [&hellip;]<\/p>\n","protected":false},"author":1,"featured_media":13999,"parent":0,"menu_order":0,"comment_status":"open","ping_status":"closed","template":"template-home-modern.php","meta":{"footnotes":""},"class_list":["post-11377","page","type-page","status-publish","has-post-thumbnail","hentry"],"yoast_head":"<!-- This site is optimized with the Yoast SEO plugin v27.3 - https:\/\/yoast.com\/product\/yoast-seo-wordpress\/ -->\n<title>Crown Bus Online Booking, Bus Tickets, Routes &amp; Fares<\/title>\n<meta name=\"description\" content=\"Looking for Crown bus online booking, app, contacts, bus routes, fare and schedule? Make a Crown bus online bus ticket booking now and save\" \/>\n<meta name=\"robots\" content=\"index, follow, max-snippet:-1, max-image-preview:large, max-video-preview:-1\" \/>\n<link rel=\"canonical\" href=\"https:\/\/tiketi.com\/fr-fr\/crown-bus-service\/\" \/>\n<meta property=\"og:locale\" content=\"fr_FR\" \/>\n<meta property=\"og:type\" content=\"article\" \/>\n<meta property=\"og:title\" content=\"Crown Bus Online Booking, Bus Tickets, Routes &amp; Fares\" \/>\n<meta property=\"og:description\" content=\"Looking for Crown bus online booking, app, contacts, bus routes, fare and schedule? Make a Crown bus online bus ticket booking now and save\" \/>\n<meta property=\"og:url\" content=\"https:\/\/tiketi.com\/fr-fr\/crown-bus-service\/\" \/>\n<meta property=\"og:site_name\" content=\"Tiketi.com\" \/>\n<meta property=\"article:publisher\" content=\"https:\/\/www.facebook.com\/TiketiCom\/\" \/>\n<meta property=\"article:modified_time\" content=\"2022-07-14T12:02:03+00:00\" \/>\n<meta property=\"og:image\" content=\"https:\/\/tiketi.com\/wp-content\/uploads\/2022\/01\/bus-ticket-online-booking.jpg\" \/>\n\t<meta property=\"og:image:width\" content=\"1200\" \/>\n\t<meta property=\"og:image:height\" content=\"206\" \/>\n\t<meta property=\"og:image:type\" content=\"image\/jpeg\" \/>\n<meta name=\"twitter:card\" content=\"summary_large_image\" \/>\n<meta name=\"twitter:label1\" content=\"Dur\u00e9e de lecture estim\u00e9e\" \/>\n\t<meta name=\"twitter:data1\" content=\"2 minutes\" \/>\n<script type=\"application\/ld+json\" class=\"yoast-schema-graph\">{\"@context\":\"https:\\\/\\\/schema.org\",\"@graph\":[{\"@type\":\"WebPage\",\"@id\":\"https:\\\/\\\/tiketi.com\\\/crown-bus-service\\\/\",\"url\":\"https:\\\/\\\/tiketi.com\\\/crown-bus-service\\\/\",\"name\":\"Crown Bus Online Booking, Bus Tickets, Routes & Fares\",\"isPartOf\":{\"@id\":\"https:\\\/\\\/tiketi.com\\\/#website\"},\"primaryImageOfPage\":{\"@id\":\"https:\\\/\\\/tiketi.com\\\/crown-bus-service\\\/#primaryimage\"},\"image\":{\"@id\":\"https:\\\/\\\/tiketi.com\\\/crown-bus-service\\\/#primaryimage\"},\"thumbnailUrl\":\"https:\\\/\\\/tiketi.com\\\/wp-content\\\/uploads\\\/2022\\\/01\\\/bus-ticket-online-booking.jpg\",\"datePublished\":\"2022-01-19T11:54:35+00:00\",\"dateModified\":\"2022-07-14T12:02:03+00:00\",\"description\":\"Looking for Crown bus online booking, app, contacts, bus routes, fare and schedule? Make a Crown bus online bus ticket booking now and save\",\"breadcrumb\":{\"@id\":\"https:\\\/\\\/tiketi.com\\\/crown-bus-service\\\/#breadcrumb\"},\"inLanguage\":\"fr-FR\",\"potentialAction\":[{\"@type\":\"ReadAction\",\"target\":[\"https:\\\/\\\/tiketi.com\\\/crown-bus-service\\\/\"]}]},{\"@type\":\"ImageObject\",\"inLanguage\":\"fr-FR\",\"@id\":\"https:\\\/\\\/tiketi.com\\\/crown-bus-service\\\/#primaryimage\",\"url\":\"https:\\\/\\\/tiketi.com\\\/wp-content\\\/uploads\\\/2022\\\/01\\\/bus-ticket-online-booking.jpg\",\"contentUrl\":\"https:\\\/\\\/tiketi.com\\\/wp-content\\\/uploads\\\/2022\\\/01\\\/bus-ticket-online-booking.jpg\",\"width\":1200,\"height\":206,\"caption\":\"Online Bus Ticket Booking\"},{\"@type\":\"BreadcrumbList\",\"@id\":\"https:\\\/\\\/tiketi.com\\\/crown-bus-service\\\/#breadcrumb\",\"itemListElement\":[{\"@type\":\"ListItem\",\"position\":1,\"name\":\"Home\",\"item\":\"https:\\\/\\\/tiketi.com\\\/\"},{\"@type\":\"ListItem\",\"position\":2,\"name\":\"Crown Bus Online Booking, Bus Tickets, Routes &#038; Fares\"}]},{\"@type\":\"WebSite\",\"@id\":\"https:\\\/\\\/tiketi.com\\\/#website\",\"url\":\"https:\\\/\\\/tiketi.com\\\/\",\"name\":\"Flight & Bus Tickets, Tour Packages & Activitites - Tiketi.com\",\"description\":\"Flight &amp; Bus Tickets, Tours, Activitites\",\"publisher\":{\"@id\":\"https:\\\/\\\/tiketi.com\\\/#organization\"},\"potentialAction\":[{\"@type\":\"SearchAction\",\"target\":{\"@type\":\"EntryPoint\",\"urlTemplate\":\"https:\\\/\\\/tiketi.com\\\/?s={search_term_string}\"},\"query-input\":{\"@type\":\"PropertyValueSpecification\",\"valueRequired\":true,\"valueName\":\"search_term_string\"}}],\"inLanguage\":\"fr-FR\"},{\"@type\":\"Organization\",\"@id\":\"https:\\\/\\\/tiketi.com\\\/#organization\",\"name\":\"Tiketi.com\",\"alternateName\":\"Tiketi\",\"url\":\"https:\\\/\\\/tiketi.com\\\/\",\"logo\":{\"@type\":\"ImageObject\",\"inLanguage\":\"fr-FR\",\"@id\":\"https:\\\/\\\/tiketi.com\\\/#\\\/schema\\\/logo\\\/image\\\/\",\"url\":\"https:\\\/\\\/tiketi.com\\\/wp-content\\\/uploads\\\/2019\\\/05\\\/tiketi-logo-696.png\",\"contentUrl\":\"https:\\\/\\\/tiketi.com\\\/wp-content\\\/uploads\\\/2019\\\/05\\\/tiketi-logo-696.png\",\"width\":696,\"height\":696,\"caption\":\"Tiketi.com\"},\"image\":{\"@id\":\"https:\\\/\\\/tiketi.com\\\/#\\\/schema\\\/logo\\\/image\\\/\"},\"sameAs\":[\"https:\\\/\\\/www.facebook.com\\\/TiketiCom\\\/\"]}]}<\/script>\n<!-- \/ Yoast SEO plugin. -->","yoast_head_json":{"title":"R\u00e9servation en ligne de Crown Bus, billets de bus, itin\u00e9raires et tarifs","description":"Vous recherchez une r\u00e9servation en ligne de bus Crown, une application, des contacts, des itin\u00e9raires de bus, des tarifs et des horaires\u00a0? Faites une r\u00e9servation de billet de bus en ligne Crown Bus maintenant et \u00e9conomisez","robots":{"index":"index","follow":"follow","max-snippet":"max-snippet:-1","max-image-preview":"max-image-preview:large","max-video-preview":"max-video-preview:-1"},"canonical":"https:\/\/tiketi.com\/fr-fr\/crown-bus-service\/","og_locale":"fr_FR","og_type":"article","og_title":"Crown Bus Online Booking, Bus Tickets, Routes & Fares","og_description":"Looking for Crown bus online booking, app, contacts, bus routes, fare and schedule? Make a Crown bus online bus ticket booking now and save","og_url":"https:\/\/tiketi.com\/fr-fr\/crown-bus-service\/","og_site_name":"Tiketi.com","article_publisher":"https:\/\/www.facebook.com\/TiketiCom\/","article_modified_time":"2022-07-14T12:02:03+00:00","og_image":[{"width":1200,"height":206,"url":"https:\/\/tiketi.com\/wp-content\/uploads\/2022\/01\/bus-ticket-online-booking.jpg","type":"image\/jpeg"}],"twitter_card":"summary_large_image","twitter_misc":{"Dur\u00e9e de lecture estim\u00e9e":"2 minutes"},"schema":{"@context":"https:\/\/schema.org","@graph":[{"@type":"WebPage","@id":"https:\/\/tiketi.com\/crown-bus-service\/","url":"https:\/\/tiketi.com\/crown-bus-service\/","name":"R\u00e9servation en ligne de Crown Bus, billets de bus, itin\u00e9raires et tarifs","isPartOf":{"@id":"https:\/\/tiketi.com\/#website"},"primaryImageOfPage":{"@id":"https:\/\/tiketi.com\/crown-bus-service\/#primaryimage"},"image":{"@id":"https:\/\/tiketi.com\/crown-bus-service\/#primaryimage"},"thumbnailUrl":"https:\/\/tiketi.com\/wp-content\/uploads\/2022\/01\/bus-ticket-online-booking.jpg","datePublished":"2022-01-19T11:54:35+00:00","dateModified":"2022-07-14T12:02:03+00:00","description":"Vous recherchez une r\u00e9servation en ligne de bus Crown, une application, des contacts, des itin\u00e9raires de bus, des tarifs et des horaires\u00a0? Faites une r\u00e9servation de billet de bus en ligne Crown Bus maintenant et \u00e9conomisez","breadcrumb":{"@id":"https:\/\/tiketi.com\/crown-bus-service\/#breadcrumb"},"inLanguage":"fr-FR","potentialAction":[{"@type":"ReadAction","target":["https:\/\/tiketi.com\/crown-bus-service\/"]}]},{"@type":"ImageObject","inLanguage":"fr-FR","@id":"https:\/\/tiketi.com\/crown-bus-service\/#primaryimage","url":"https:\/\/tiketi.com\/wp-content\/uploads\/2022\/01\/bus-ticket-online-booking.jpg","contentUrl":"https:\/\/tiketi.com\/wp-content\/uploads\/2022\/01\/bus-ticket-online-booking.jpg","width":1200,"height":206,"caption":"Online Bus Ticket Booking"},{"@type":"BreadcrumbList","@id":"https:\/\/tiketi.com\/crown-bus-service\/#breadcrumb","itemListElement":[{"@type":"ListItem","position":1,"name":"Home","item":"https:\/\/tiketi.com\/"},{"@type":"ListItem","position":2,"name":"Crown Bus Online Booking, Bus Tickets, Routes &#038; Fares"}]},{"@type":"WebSite","@id":"https:\/\/tiketi.com\/#website","url":"https:\/\/tiketi.com\/","name":"Billets d&#039;avion et de bus, forfaits touristiques et activit\u00e9s - Tiketi.com","description":"Billets d&#039;avion et de bus, Tours, Activit\u00e9s","publisher":{"@id":"https:\/\/tiketi.com\/#organization"},"potentialAction":[{"@type":"SearchAction","target":{"@type":"EntryPoint","urlTemplate":"https:\/\/tiketi.com\/?s={search_term_string}"},"query-input":{"@type":"PropertyValueSpecification","valueRequired":true,"valueName":"search_term_string"}}],"inLanguage":"fr-FR"},{"@type":"Organization","@id":"https:\/\/tiketi.com\/#organization","name":"Tiketi.com","alternateName":"Tiketi","url":"https:\/\/tiketi.com\/","logo":{"@type":"ImageObject","inLanguage":"fr-FR","@id":"https:\/\/tiketi.com\/#\/schema\/logo\/image\/","url":"https:\/\/tiketi.com\/wp-content\/uploads\/2019\/05\/tiketi-logo-696.png","contentUrl":"https:\/\/tiketi.com\/wp-content\/uploads\/2019\/05\/tiketi-logo-696.png","width":696,"height":696,"caption":"Tiketi.com"},"image":{"@id":"https:\/\/tiketi.com\/#\/schema\/logo\/image\/"},"sameAs":["https:\/\/www.facebook.com\/TiketiCom\/"]}]}},"_links":{"self":[{"href":"https:\/\/tiketi.com\/fr-fr\/wp-json\/wp\/v2\/pages\/11377","targetHints":{"allow":["GET"]}}],"collection":[{"href":"https:\/\/tiketi.com\/fr-fr\/wp-json\/wp\/v2\/pages"}],"about":[{"href":"https:\/\/tiketi.com\/fr-fr\/wp-json\/wp\/v2\/types\/page"}],"author":[{"embeddable":true,"href":"https:\/\/tiketi.com\/fr-fr\/wp-json\/wp\/v2\/users\/1"}],"replies":[{"embeddable":true,"href":"https:\/\/tiketi.com\/fr-fr\/wp-json\/wp\/v2\/comments?post=11377"}],"version-history":[{"count":0,"href":"https:\/\/tiketi.com\/fr-fr\/wp-json\/wp\/v2\/pages\/11377\/revisions"}],"wp:featuredmedia":[{"embeddable":true,"href":"https:\/\/tiketi.com\/fr-fr\/wp-json\/wp\/v2\/media\/13999"}],"wp:attachment":[{"href":"https:\/\/tiketi.com\/fr-fr\/wp-json\/wp\/v2\/media?parent=11377"}],"curies":[{"name":"wp","href":"https:\/\/api.w.org\/{rel}","templated":true}]}}