{"id":11378,"date":"2022-01-19T12:54:35","date_gmt":"2022-01-19T11:54:35","guid":{"rendered":"https:\/\/new.tiketi.com\/simba-coach-online-booking-bus-tickets-reservation-contacts-routes-fares\/"},"modified":"2025-08-02T12:43:58","modified_gmt":"2025-08-02T11:43:58","slug":"simba-coach","status":"publish","type":"page","link":"https:\/\/tiketi.com\/fr-fr\/companies\/buses\/simba-coach\/","title":{"rendered":"R\u00e9servation en ligne de Simba Coach, billets de bus, itin\u00e9raire, horaires et tarifs"},"content":{"rendered":"<h2>Simba Coach R\u00e9servation de billets en ligne Kenya<\/h2>\n<h3>D\u00e9couvrez votre itin\u00e9raire de voyage sur le web, le mobile ou l&#039;application et faites la r\u00e9servation en ligne de bus Simba maintenant.<\/h3>\n<p>La r\u00e9servation en ligne de Simba Coach simplifi\u00e9e. La soci\u00e9t\u00e9 kenyane d&#039;autobus interurbains, Simba Coach, fournit des services de transport public. Il dessert des villes cl\u00e9s et d&#039;autres villes du pays. La soci\u00e9t\u00e9 Simba Coach se vante d&#039;\u00eatre l&#039;une des plus anciennes entreprises de bus du pays avec des bureaux de r\u00e9servation bien r\u00e9partis dans tout le pays. L&#039;entreprise a \u00e9tendu sa zone d&#039;activit\u00e9 \u00e0 d&#039;autres pays d&#039;Afrique de l&#039;Est tels que l&#039;Ouganda, le Rwanda et l&#039;\u00c9thiopie. Faites de m\u00eame pour la r\u00e9servation de billets en ligne Simba Coach et \u00e9conomisez du temps et de l&#039;argent. Voici le guide sur la fa\u00e7on de faire la r\u00e9servation en ligne du bus Simba :<\/p>\n<h2>FAQ sur la r\u00e9servation en ligne de Simba Coach, les billets de bus, les itin\u00e9raires, les horaires et les tarifs<\/h2>\n<h3>Quels sont les c\u00e9l\u00e8bres itin\u00e9raires du Simba Coach ?<\/h3>\n<p>\u2022 Mombasa \u00e0 Busia<br \/>\n\u2022 Mombasa \u00e0 Malaba<br \/>\n\u2022 Mombasa \u00e0 Nairobi<br \/>\n\u2022 Mombasa \u00e0 Kitale<br \/>\n\u2022 Nairobi \u00e0 Ukunda<br \/>\n\u2022 Mombasa \u00e0 HomaBay<br \/>\n\u2022 Nairobi \u00e0 Malindi<br \/>\n\u2022 Nairobi \u00e0 Mpeketoni<br \/>\n\u2022 Nairobi \u00e0 Kampala<br \/>\n\u2022 Nairobi \u00e0 Lamu<br \/>\n\u2022 Nairobi \u00e0 Kigali<\/p>\n<h3>Flotte d&#039;autocars Simba et commodit\u00e9s<\/h3>\n<p>Les bus Simba utilisent les mod\u00e8les Scania et Golden Dragon Bus, avec un tapis rouge incroyable qui vise \u00e0 offrir aux passagers le plaisir du tapis rouge. De plus, les bus sont \u00e9quip\u00e9s de si\u00e8ges inclinables qui assurent le confort des clients tout au long du voyage.<\/p>\n<p>Ils ont \u00e9galement un grand \u00e9cran LCD plac\u00e9 pour les clients VIP. Certains d&#039;entre eux ont quatre autres \u00e9crans LCD, plac\u00e9s entre les si\u00e8ges pour arr\u00eater la tension des passagers back-benders essayant d&#039;avoir un aper\u00e7u sur la t\u00e9l\u00e9vision avant.<\/p>\n<h3>Tarifs et horaires des bus Simba<\/h3>\n<p>Simba Coach\u2019s travel schedule 2025\/26.<\/p>\n<p><strong>Ligne de bus\u00a0 \u00a0<\/strong> \u00a0 \u00a0 \u00a0 \u00a0 \u00a0 \u00a0 \u00a0 \u00a0 \u00a0 \u00a0 <strong>Heure de d\u00e9part Prix<\/strong><\/p>\n<p>Mombasa \u00e0 Nairobi 21h30 Ksh.1000 \u2013 Ksh.1200<\/p>\n<p>Mombasa \u00e0 Malaba 15h30 Ksh.1600 \u2013 Ksh.1800<\/p>\n<p>Mombasa \u00e0 Busia 15h30 Ksh.1600 \u2013 Ksh.1800<\/p>\n<p>Mombasa \u00e0 Kitale 16h00 Ksh.1600 \u2013 Ksh.1800<\/p>\n<p>Mombasa \u00e0 Homa Bay 15h00 Ksh.1400 - Ksh.1600<\/p>\n<p>Nairobi \u00e0 Mombasa 22h30 Ksh.1000 \u2013 Ksh.1200<\/p>\n<p>Nairobi \u00e0 Ukunda 21h15 Ksh.1000 \u2013 Ksh.1200<\/p>\n<p>Nairobi \u00e0 Malindi 20h00 Ksh.1200 - Ksh.1600<\/p>\n<p>Nairobi \u00e0 Mpeketoni 20h30 Ksh.1800 \u2013 Ksh.1800<\/p>\n<h3>Quelles sont les coordonn\u00e9es des bus Simba Coach ?<\/h3>\n<p>Les bureaux de r\u00e9servation Simba Coach sont r\u00e9partis dans tout le pays. Contactez le bureau de Nairobi en utilisant les d\u00e9tails suivants\u00a0:<\/p>\n<p>Simba Coach ltd, Kumasi Rd, Nairobi, Kenya,<\/p>\n<h2>Conseils de r\u00e9servation de billets en ligne Simba Coach<\/h2>\n<p>La compagnie de bus de billetterie en ligne Simba Coach se rendra \u00e0 l&#039;endroit de votre choix. Entrez en contact avec eux en utilisant les coordonn\u00e9es de r\u00e9servation Simba Bus ci-dessus et r\u00e9solvez tous vos probl\u00e8mes dans les plus brefs d\u00e9lais.<\/p>\n<h3>Portail de r\u00e9servation en ligne Simba Coach<\/h3>\n<p>\u2022 Utilisez le portail de r\u00e9servation en ligne de bus Simba ci-dessus pour r\u00e9server vos billets de bus.<\/p>\n<h3>Suivi de colis Simba Coach<strong>\u00a0<\/strong><\/h3>\n<p>\u2022 Utilisez le suivi des colis Simba Coach pour suivre votre bus.<\/p>\n<p>&nbsp;<\/p>\n<h2>Other popular bus companies in Kenya<\/h2>\n<table border=\"0\" cellspacing=\"1\" cellpadding=\"1\">\n<tbody>\n<tr>\n<td>\n<ul>\n<li><a href=\"https:\/\/tiketi.com\/fr-fr\/companies\/buses\/mash-poa-mash-east-africa\/\" target=\"_blank\" rel=\"noopener\">Masha Poa Booking<\/a><\/li>\n<\/ul>\n<\/td>\n<td style=\"width: 30px;\"><\/td>\n<td>\n<ul>\n<li><a href=\"https:\/\/tiketi.com\/fr-fr\/companies\/buses\/ena-coach\/\" target=\"_blank\" rel=\"noopener\">Ena Coach Booking<\/a><\/li>\n<\/ul>\n<\/td>\n<td style=\"width: 30px;\"><\/td>\n<td>\n<ul>\n<li><a href=\"https:\/\/tiketi.com\/fr-fr\/companies\/buses\/easy-coach\/\" target=\"_blank\" rel=\"noopener\">Easy Coach Booking<\/a><\/li>\n<\/ul>\n<\/td>\n<\/tr>\n<tr>\n<td>\n<ul>\n<li><a href=\"https:\/\/tiketi.com\/fr-fr\/companies\/buses\/tahmeed-express-coaches\/\" target=\"_blank\" rel=\"noopener\">Tahmeed Coach Booking<\/a><\/li>\n<\/ul>\n<\/td>\n<td style=\"width: 30px;\"><\/td>\n<td>\n<ul>\n<li><a href=\"https:\/\/tiketi.com\/fr-fr\/companies\/buses\/guardian-coach\/\" target=\"_blank\" rel=\"noopener\">Guardian Coach Booking<\/a><\/li>\n<\/ul>\n<\/td>\n<td style=\"width: 30px;\"><\/td>\n<td>\n<ul>\n<li><a href=\"https:\/\/tiketi.com\/fr-fr\/companies\/buses\/modern-coast-coaches\/\" target=\"_blank\" rel=\"noopener\">Modern Coast Booking<\/a><\/li>\n<\/ul>\n<\/td>\n<\/tr>\n<tr>\n<td>\n<ul>\n<li><a href=\"https:\/\/tiketi.com\/fr-fr\/companies\/buses\/coast-bus\/\" target=\"_blank\" rel=\"noopener\">Coast Bus Booking<\/a><\/li>\n<\/ul>\n<\/td>\n<td style=\"width: 30px;\"><\/td>\n<td>\n<ul>\n<li><a href=\"https:\/\/tiketi.com\/fr-fr\/companies\/buses\/dreamline-express-coaches\/\" target=\"_blank\" rel=\"noopener\">Dreamline Express Booking<\/a><\/li>\n<\/ul>\n<\/td>\n<td style=\"width: 30px;\"><\/td>\n<td>\n<ul>\n<li><a href=\"https:\/\/tiketi.com\/fr-fr\/spanish-buses\/\" target=\"_blank\" rel=\"noopener\">Spanish Coach Booking<\/a><\/li>\n<\/ul>\n<\/td>\n<\/tr>\n<\/tbody>\n<\/table>\n<p>&nbsp;<\/p>","protected":false},"excerpt":{"rendered":"<p>Simba Coach Online Ticket Booking Kenya Discover your travel route on web, mobile or app and do Simba bus online booking now. Simba Coach online booking made easy.\u00a0The Kenyan intercity bus company, Simba Coach, provides public transport services. It serves key cities and other towns within the country. The Simba Coach company boasts of being [&hellip;]<\/p>\n","protected":false},"author":1,"featured_media":13999,"parent":25524,"menu_order":0,"comment_status":"open","ping_status":"closed","template":"template-home-modern.php","meta":{"footnotes":""},"class_list":["post-11378","page","type-page","status-publish","has-post-thumbnail","hentry"],"yoast_head":"<!-- This site is optimized with the Yoast SEO plugin v27.3 - https:\/\/yoast.com\/product\/yoast-seo-wordpress\/ -->\n<title>Simba Coach Online Booking, Bus Tickets, Route, Schedule &amp; Fare<\/title>\n<meta name=\"description\" content=\"Looking for Simba Coach online booking Kenya, bus routes, fare and schedule timing? Make a Simba Coach online ticket booking now and save money\" \/>\n<meta name=\"robots\" content=\"index, follow, max-snippet:-1, max-image-preview:large, max-video-preview:-1\" \/>\n<link rel=\"canonical\" href=\"https:\/\/tiketi.com\/fr-fr\/companies\/buses\/simba-coach\/\" \/>\n<meta property=\"og:locale\" content=\"fr_FR\" \/>\n<meta property=\"og:type\" content=\"article\" \/>\n<meta property=\"og:title\" content=\"Simba Coach Online Booking, Bus Tickets, Route, Schedule &amp; Fare\" \/>\n<meta property=\"og:description\" content=\"Looking for Simba Coach online booking Kenya, bus routes, fare and schedule timing? Make a Simba Coach online ticket booking now and save money\" \/>\n<meta property=\"og:url\" content=\"https:\/\/tiketi.com\/fr-fr\/companies\/buses\/simba-coach\/\" \/>\n<meta property=\"og:site_name\" content=\"Tiketi.com\" \/>\n<meta property=\"article:publisher\" content=\"https:\/\/www.facebook.com\/TiketiCom\/\" \/>\n<meta property=\"article:modified_time\" content=\"2025-08-02T11:43:58+00:00\" \/>\n<meta property=\"og:image\" content=\"https:\/\/tiketi.com\/wp-content\/uploads\/2022\/01\/bus-ticket-online-booking.jpg\" \/>\n\t<meta property=\"og:image:width\" content=\"1200\" \/>\n\t<meta property=\"og:image:height\" content=\"206\" \/>\n\t<meta property=\"og:image:type\" content=\"image\/jpeg\" \/>\n<meta name=\"twitter:card\" content=\"summary_large_image\" \/>\n<meta name=\"twitter:label1\" content=\"Dur\u00e9e de lecture estim\u00e9e\" \/>\n\t<meta name=\"twitter:data1\" content=\"3 minutes\" \/>\n<script type=\"application\/ld+json\" class=\"yoast-schema-graph\">{\"@context\":\"https:\\\/\\\/schema.org\",\"@graph\":[{\"@type\":\"WebPage\",\"@id\":\"https:\\\/\\\/tiketi.com\\\/companies\\\/buses\\\/simba-coach\\\/\",\"url\":\"https:\\\/\\\/tiketi.com\\\/companies\\\/buses\\\/simba-coach\\\/\",\"name\":\"Simba Coach Online Booking, Bus Tickets, Route, Schedule & Fare\",\"isPartOf\":{\"@id\":\"https:\\\/\\\/tiketi.com\\\/#website\"},\"primaryImageOfPage\":{\"@id\":\"https:\\\/\\\/tiketi.com\\\/companies\\\/buses\\\/simba-coach\\\/#primaryimage\"},\"image\":{\"@id\":\"https:\\\/\\\/tiketi.com\\\/companies\\\/buses\\\/simba-coach\\\/#primaryimage\"},\"thumbnailUrl\":\"https:\\\/\\\/tiketi.com\\\/wp-content\\\/uploads\\\/2022\\\/01\\\/bus-ticket-online-booking.jpg\",\"datePublished\":\"2022-01-19T11:54:35+00:00\",\"dateModified\":\"2025-08-02T11:43:58+00:00\",\"description\":\"Looking for Simba Coach online booking Kenya, bus routes, fare and schedule timing? Make a Simba Coach online ticket booking now and save money\",\"breadcrumb\":{\"@id\":\"https:\\\/\\\/tiketi.com\\\/companies\\\/buses\\\/simba-coach\\\/#breadcrumb\"},\"inLanguage\":\"fr-FR\",\"potentialAction\":[{\"@type\":\"ReadAction\",\"target\":[\"https:\\\/\\\/tiketi.com\\\/companies\\\/buses\\\/simba-coach\\\/\"]}]},{\"@type\":\"ImageObject\",\"inLanguage\":\"fr-FR\",\"@id\":\"https:\\\/\\\/tiketi.com\\\/companies\\\/buses\\\/simba-coach\\\/#primaryimage\",\"url\":\"https:\\\/\\\/tiketi.com\\\/wp-content\\\/uploads\\\/2022\\\/01\\\/bus-ticket-online-booking.jpg\",\"contentUrl\":\"https:\\\/\\\/tiketi.com\\\/wp-content\\\/uploads\\\/2022\\\/01\\\/bus-ticket-online-booking.jpg\",\"width\":1200,\"height\":206,\"caption\":\"Online Bus Ticket Booking\"},{\"@type\":\"BreadcrumbList\",\"@id\":\"https:\\\/\\\/tiketi.com\\\/companies\\\/buses\\\/simba-coach\\\/#breadcrumb\",\"itemListElement\":[{\"@type\":\"ListItem\",\"position\":1,\"name\":\"Home\",\"item\":\"https:\\\/\\\/tiketi.com\\\/\"},{\"@type\":\"ListItem\",\"position\":2,\"name\":\"Companies\",\"item\":\"https:\\\/\\\/tiketi.com\\\/companies\\\/\"},{\"@type\":\"ListItem\",\"position\":3,\"name\":\"Buses\",\"item\":\"https:\\\/\\\/tiketi.com\\\/companies\\\/buses\\\/\"},{\"@type\":\"ListItem\",\"position\":4,\"name\":\"Simba Coach Online Booking, Bus Tickets, Route, Schedule &#038; Fare\"}]},{\"@type\":\"WebSite\",\"@id\":\"https:\\\/\\\/tiketi.com\\\/#website\",\"url\":\"https:\\\/\\\/tiketi.com\\\/\",\"name\":\"Flight & Bus Tickets, Tour Packages & Activitites - Tiketi.com\",\"description\":\"Flight &amp; Bus Tickets, Tours, Activitites\",\"publisher\":{\"@id\":\"https:\\\/\\\/tiketi.com\\\/#organization\"},\"potentialAction\":[{\"@type\":\"SearchAction\",\"target\":{\"@type\":\"EntryPoint\",\"urlTemplate\":\"https:\\\/\\\/tiketi.com\\\/?s={search_term_string}\"},\"query-input\":{\"@type\":\"PropertyValueSpecification\",\"valueRequired\":true,\"valueName\":\"search_term_string\"}}],\"inLanguage\":\"fr-FR\"},{\"@type\":\"Organization\",\"@id\":\"https:\\\/\\\/tiketi.com\\\/#organization\",\"name\":\"Tiketi.com\",\"alternateName\":\"Tiketi\",\"url\":\"https:\\\/\\\/tiketi.com\\\/\",\"logo\":{\"@type\":\"ImageObject\",\"inLanguage\":\"fr-FR\",\"@id\":\"https:\\\/\\\/tiketi.com\\\/#\\\/schema\\\/logo\\\/image\\\/\",\"url\":\"https:\\\/\\\/tiketi.com\\\/wp-content\\\/uploads\\\/2019\\\/05\\\/tiketi-logo-696.png\",\"contentUrl\":\"https:\\\/\\\/tiketi.com\\\/wp-content\\\/uploads\\\/2019\\\/05\\\/tiketi-logo-696.png\",\"width\":696,\"height\":696,\"caption\":\"Tiketi.com\"},\"image\":{\"@id\":\"https:\\\/\\\/tiketi.com\\\/#\\\/schema\\\/logo\\\/image\\\/\"},\"sameAs\":[\"https:\\\/\\\/www.facebook.com\\\/TiketiCom\\\/\"]}]}<\/script>\n<!-- \/ Yoast SEO plugin. -->","yoast_head_json":{"title":"R\u00e9servation en ligne de Simba Coach, billets de bus, itin\u00e9raire, horaires et tarifs","description":"Vous recherchez la r\u00e9servation en ligne de Simba Coach Kenya, les itin\u00e9raires de bus, les tarifs et les horaires? Faites une r\u00e9servation en ligne de billets Simba Coach maintenant et \u00e9conomisez de l&#039;argent","robots":{"index":"index","follow":"follow","max-snippet":"max-snippet:-1","max-image-preview":"max-image-preview:large","max-video-preview":"max-video-preview:-1"},"canonical":"https:\/\/tiketi.com\/fr-fr\/companies\/buses\/simba-coach\/","og_locale":"fr_FR","og_type":"article","og_title":"Simba Coach Online Booking, Bus Tickets, Route, Schedule & Fare","og_description":"Looking for Simba Coach online booking Kenya, bus routes, fare and schedule timing? Make a Simba Coach online ticket booking now and save money","og_url":"https:\/\/tiketi.com\/fr-fr\/companies\/buses\/simba-coach\/","og_site_name":"Tiketi.com","article_publisher":"https:\/\/www.facebook.com\/TiketiCom\/","article_modified_time":"2025-08-02T11:43:58+00:00","og_image":[{"width":1200,"height":206,"url":"https:\/\/tiketi.com\/wp-content\/uploads\/2022\/01\/bus-ticket-online-booking.jpg","type":"image\/jpeg"}],"twitter_card":"summary_large_image","twitter_misc":{"Dur\u00e9e de lecture estim\u00e9e":"3 minutes"},"schema":{"@context":"https:\/\/schema.org","@graph":[{"@type":"WebPage","@id":"https:\/\/tiketi.com\/companies\/buses\/simba-coach\/","url":"https:\/\/tiketi.com\/companies\/buses\/simba-coach\/","name":"R\u00e9servation en ligne de Simba Coach, billets de bus, itin\u00e9raire, horaires et tarifs","isPartOf":{"@id":"https:\/\/tiketi.com\/#website"},"primaryImageOfPage":{"@id":"https:\/\/tiketi.com\/companies\/buses\/simba-coach\/#primaryimage"},"image":{"@id":"https:\/\/tiketi.com\/companies\/buses\/simba-coach\/#primaryimage"},"thumbnailUrl":"https:\/\/tiketi.com\/wp-content\/uploads\/2022\/01\/bus-ticket-online-booking.jpg","datePublished":"2022-01-19T11:54:35+00:00","dateModified":"2025-08-02T11:43:58+00:00","description":"Vous recherchez la r\u00e9servation en ligne de Simba Coach Kenya, les itin\u00e9raires de bus, les tarifs et les horaires? Faites une r\u00e9servation en ligne de billets Simba Coach maintenant et \u00e9conomisez de l&#039;argent","breadcrumb":{"@id":"https:\/\/tiketi.com\/companies\/buses\/simba-coach\/#breadcrumb"},"inLanguage":"fr-FR","potentialAction":[{"@type":"ReadAction","target":["https:\/\/tiketi.com\/companies\/buses\/simba-coach\/"]}]},{"@type":"ImageObject","inLanguage":"fr-FR","@id":"https:\/\/tiketi.com\/companies\/buses\/simba-coach\/#primaryimage","url":"https:\/\/tiketi.com\/wp-content\/uploads\/2022\/01\/bus-ticket-online-booking.jpg","contentUrl":"https:\/\/tiketi.com\/wp-content\/uploads\/2022\/01\/bus-ticket-online-booking.jpg","width":1200,"height":206,"caption":"Online Bus Ticket Booking"},{"@type":"BreadcrumbList","@id":"https:\/\/tiketi.com\/companies\/buses\/simba-coach\/#breadcrumb","itemListElement":[{"@type":"ListItem","position":1,"name":"Home","item":"https:\/\/tiketi.com\/"},{"@type":"ListItem","position":2,"name":"Companies","item":"https:\/\/tiketi.com\/companies\/"},{"@type":"ListItem","position":3,"name":"Buses","item":"https:\/\/tiketi.com\/companies\/buses\/"},{"@type":"ListItem","position":4,"name":"Simba Coach Online Booking, Bus Tickets, Route, Schedule &#038; Fare"}]},{"@type":"WebSite","@id":"https:\/\/tiketi.com\/#website","url":"https:\/\/tiketi.com\/","name":"Billets d&#039;avion et de bus, forfaits touristiques et activit\u00e9s - Tiketi.com","description":"Billets d&#039;avion et de bus, Tours, Activit\u00e9s","publisher":{"@id":"https:\/\/tiketi.com\/#organization"},"potentialAction":[{"@type":"SearchAction","target":{"@type":"EntryPoint","urlTemplate":"https:\/\/tiketi.com\/?s={search_term_string}"},"query-input":{"@type":"PropertyValueSpecification","valueRequired":true,"valueName":"search_term_string"}}],"inLanguage":"fr-FR"},{"@type":"Organization","@id":"https:\/\/tiketi.com\/#organization","name":"Tiketi.com","alternateName":"Tiketi","url":"https:\/\/tiketi.com\/","logo":{"@type":"ImageObject","inLanguage":"fr-FR","@id":"https:\/\/tiketi.com\/#\/schema\/logo\/image\/","url":"https:\/\/tiketi.com\/wp-content\/uploads\/2019\/05\/tiketi-logo-696.png","contentUrl":"https:\/\/tiketi.com\/wp-content\/uploads\/2019\/05\/tiketi-logo-696.png","width":696,"height":696,"caption":"Tiketi.com"},"image":{"@id":"https:\/\/tiketi.com\/#\/schema\/logo\/image\/"},"sameAs":["https:\/\/www.facebook.com\/TiketiCom\/"]}]}},"_links":{"self":[{"href":"https:\/\/tiketi.com\/fr-fr\/wp-json\/wp\/v2\/pages\/11378","targetHints":{"allow":["GET"]}}],"collection":[{"href":"https:\/\/tiketi.com\/fr-fr\/wp-json\/wp\/v2\/pages"}],"about":[{"href":"https:\/\/tiketi.com\/fr-fr\/wp-json\/wp\/v2\/types\/page"}],"author":[{"embeddable":true,"href":"https:\/\/tiketi.com\/fr-fr\/wp-json\/wp\/v2\/users\/1"}],"replies":[{"embeddable":true,"href":"https:\/\/tiketi.com\/fr-fr\/wp-json\/wp\/v2\/comments?post=11378"}],"version-history":[{"count":2,"href":"https:\/\/tiketi.com\/fr-fr\/wp-json\/wp\/v2\/pages\/11378\/revisions"}],"predecessor-version":[{"id":32281,"href":"https:\/\/tiketi.com\/fr-fr\/wp-json\/wp\/v2\/pages\/11378\/revisions\/32281"}],"up":[{"embeddable":true,"href":"https:\/\/tiketi.com\/fr-fr\/wp-json\/wp\/v2\/pages\/25524"}],"wp:featuredmedia":[{"embeddable":true,"href":"https:\/\/tiketi.com\/fr-fr\/wp-json\/wp\/v2\/media\/13999"}],"wp:attachment":[{"href":"https:\/\/tiketi.com\/fr-fr\/wp-json\/wp\/v2\/media?parent=11378"}],"curies":[{"name":"wp","href":"https:\/\/api.w.org\/{rel}","templated":true}]}}