{"id":11379,"date":"2022-01-19T12:54:35","date_gmt":"2022-01-19T11:54:35","guid":{"rendered":"https:\/\/new.tiketi.com\/dreamline-express-online-booking-bus-tickets-routes-fares\/"},"modified":"2025-08-02T13:16:44","modified_gmt":"2025-08-02T12:16:44","slug":"dreamline-express-coaches","status":"publish","type":"page","link":"https:\/\/tiketi.com\/fr-fr\/companies\/buses\/dreamline-express-coaches\/","title":{"rendered":"R\u00e9servation en ligne Dreamline Express, billets de bus, itin\u00e9raires, horaires et tarifs"},"content":{"rendered":"<h2>R\u00e9servation de billets de bus Dreamline pas cher<\/h2>\n<h3>D\u00e9couvrez votre itin\u00e9raire de voyage sur le web, le mobile ou l&#039;application et r\u00e9servez en ligne des billets de bus Dreamline Express pas chers.<\/h3>\n<p>La r\u00e9servation en ligne Dreamline Express simplifi\u00e9e. Dreamline express propose actuellement l&#039;un des meilleurs tarifs de r\u00e9servation de billets de bus en ligne. Que ce soit ce moment o\u00f9 tout le monde est press\u00e9 de voyager, ou juste un plan de voyage al\u00e9atoire, n&#039;h\u00e9sitez pas car avec la r\u00e9servation de billets de bus Dreamline, vous pouvez r\u00e9server votre billet de bus Dreamline n&#039;importe o\u00f9 et \u00e0 tout moment.<\/p>\n<h2>FAQ sur les r\u00e9servations en ligne, les contacts, les itin\u00e9raires et les tarifs de Dreamline Express<\/h2>\n<h3>Quelles sont les c\u00e9l\u00e8bres lignes de bus Dreamline ?<\/h3>\n<p>Actuellement, Dreamline Express couvre quotidiennement les distances de Nairobi \u00e0 Mombasa, de Mombasa \u00e0 Kisumu et de Nairobi \u00e0 Kampala. De plus, les r\u00e9sidents de Malinda voyageant \u00e0 Nairobi auront acc\u00e8s \u00e0 leurs visites car ils couvrent les itin\u00e9raires quotidiens de leur terminus de Malindi \u00e0 Nairobi CBD. Les autres meilleurs itin\u00e9raires contiennent\u00a0:<\/p>\n<h3>Bus Dreamline depuis Nairobi<\/h3>\n<p>\u2022 Nairobi \u00e0 Mombasa<br \/>\n\u2022 Nairobi \u00e0 Kigali<br \/>\n\u2022 Nairobi \u00e0 Malindi<br \/>\n\u2022 Nairobi \u00e0 Kampala<\/p>\n<h3>Bus Dreamline depuis Mombasa<\/h3>\n<p>\u2022 Mombasa \u00e0 Nairobi<br \/>\n\u2022 Mombasa \u00e0 Kisumu<br \/>\n\u2022 Mombasa \u00e0 Mumias<br \/>\n\u2022 Mombasa \u00e0 Migori<br \/>\n\u2022 Mombasa \u00e0 Kitui<\/p>\n<h3>Bus Dreamline Kampala<\/h3>\n<p>\u2022 Kampala \u00e0 Burjumbura<br \/>\n\u2022 Kampala \u00e0 Nairobi<\/p>\n<h3>Quelle est la liste des tarifs des bus Dreamline ?<\/h3>\n<p>Les cat\u00e9gories sont la classe affaires, les cat\u00e9gories VIP et normales.<\/p>\n<p>Cat\u00e9gorie VIP du billet de bus Dreamline<br \/>\n\u2022 Mombasa \u00e0 Malaba - 2\u00a0500 Ksh<br \/>\n\u2022 Nairobi \u00e0 Kampala - Ksh 2300<br \/>\n\u2022 Mombasa \u00e0 Kitale - Ksh 2200<br \/>\n\u2022 Nairobi \u00e0 Ksh - Ksh 1900<\/p>\n<p>Billet de bus Dreamline Cat\u00e9gorie classe affaires<\/p>\n<p>\u2022 Nairobi \u00e0 Kamapala - Ksh 1900<br \/>\n\u2022 Mombasa \u00e0 Malaba - Ksh 2100<br \/>\n\u2022 Mombasa \u00e0 Kitale - Ksh 2100<\/p>\n<h3>Horaires de r\u00e9servation en ligne Dreamline Express<\/h3>\n<p>Horaire de voyage de la r\u00e9servation en ligne de bus Dreamline \u00e0 partir du vendredi 10 juillet 2020.<\/p>\n<p>06h00 Mombasa \u00e0 Kisumu \u2013 Busia<br \/>\n6h30 Mombasa \u00e0 Eldoret \u2013 Malaba<br \/>\n7h00 Mombasa \u00e0 Eldoret \u2013 Kitale<br \/>\n7h15 Mombasa \u00e0 Kericho \u2013 Kisumu<\/p>\n<p>7h00 Mombasa \u00e0 Nairobi<br \/>\n8h00 Mombasa \u00e0 Nairobi<br \/>\n9h00 Mombasa \u00e0 Nairobi<br \/>\n10h00 Mombasa \u00e0 Nairobi<\/p>\n<p>7h30 Malindi \u00e0 Kilifi \u00e0 Nairobi<\/p>\n<p>7h00 Nairobi \u00e0 Mombasa<br \/>\n7h30 Nairobi \u00e0 Kilifi \u00e0 Malindi<br \/>\n8h00 Nairobi \u00e0 Kisumu \u00e0 Busia<br \/>\n8h15 Nairobi \u00e0 Mombasa \u00e0 Mtwapa<br \/>\n9h15 Nairobi \u00e0 Mombasa \u00e0 Mtwapa<br \/>\n10h00 Nairobi \u00e0 Mombasa<br \/>\n11h00 de Nairobi \u00e0 Mombasa<\/p>\n<h3>Quelles sont les coordonn\u00e9es du bureau de r\u00e9servation Dreamline Bus Nairobi ?<\/h3>\n<h4>Bureau de r\u00e9servation Dreamline Express Eastleigh Nairobi<\/h4>\n<p>rue General Waruingi, Nairobi<\/p>\n<h3>Bureau de r\u00e9servation Dreamline Bus Mombasa<\/h3>\n<p>Emplacement physique\u00a0: en face des bureaux de bus modernes, avenue Jomo Kenyatta, Mombasa<\/p>\n<h2>Conseils de r\u00e9servation de billets de bus Dreamline pas chers<\/h2>\n<h3>Avantages de voyager avec le bus express Dreamline<\/h3>\n<p>L&#039;entreprise offre un traitement VIP \u00e0 ceux qui sont pr\u00eats \u00e0 payer un suppl\u00e9ment. Vous b\u00e9n\u00e9ficiez d&#039;une connexion en ligne tout au long de votre voyage. Le bus dispose de prises de courant pour recharger vos gadgets tels que des ordinateurs portables ou des t\u00e9l\u00e9phones. Et, sans oublier l&#039;espace suppl\u00e9mentaire pour les jambes pour ce confort suppl\u00e9mentaire indispensable.<\/p>\n<p>\u2022\u00a0\u00a0 \u00a0<strong>Utilisez le bus Dreamline<\/strong> <strong>portail de r\u00e9servation en ligne.<\/strong><\/p>\n<p>\u2022\u00a0 \u00a0 <strong>Visitez le suivi des colis Dreamline Express.<\/strong><\/p>\n<h2>Other popular bus companies in Kenya<\/h2>\n<table border=\"0\" cellspacing=\"1\" cellpadding=\"1\">\n<tbody>\n<tr>\n<td>\n<ul>\n<li><a href=\"https:\/\/tiketi.com\/fr-fr\/companies\/buses\/simba-coach\/\" target=\"_blank\" rel=\"noopener\">Simba Coach Booking<\/a><\/li>\n<\/ul>\n<\/td>\n<td style=\"width: 30px;\"><\/td>\n<td>\n<ul>\n<li><a href=\"https:\/\/tiketi.com\/fr-fr\/companies\/buses\/ena-coach\/\" target=\"_blank\" rel=\"noopener\">Ena Coach Booking<\/a><\/li>\n<\/ul>\n<\/td>\n<td style=\"width: 30px;\"><\/td>\n<td>\n<ul>\n<li><a href=\"https:\/\/tiketi.com\/fr-fr\/companies\/buses\/easy-coach\/\" target=\"_blank\" rel=\"noopener\">Easy Coach Booking<\/a><\/li>\n<\/ul>\n<\/td>\n<\/tr>\n<tr>\n<td>\n<ul>\n<li><a href=\"https:\/\/tiketi.com\/fr-fr\/companies\/buses\/tahmeed-express-coaches\/\" target=\"_blank\" rel=\"noopener\">Tahmeed Coach Booking<\/a><\/li>\n<\/ul>\n<\/td>\n<td style=\"width: 30px;\"><\/td>\n<td>\n<ul>\n<li><a href=\"https:\/\/tiketi.com\/fr-fr\/companies\/buses\/guardian-coach\/\" target=\"_blank\" rel=\"noopener\">Guardian Coach Booking<\/a><\/li>\n<\/ul>\n<\/td>\n<td style=\"width: 30px;\"><\/td>\n<td>\n<ul>\n<li><a href=\"https:\/\/tiketi.com\/fr-fr\/companies\/buses\/modern-coast-coaches\/\" target=\"_blank\" rel=\"noopener\">Modern Coast Booking<\/a><\/li>\n<\/ul>\n<\/td>\n<\/tr>\n<tr>\n<td>\n<ul>\n<li><a href=\"https:\/\/tiketi.com\/fr-fr\/companies\/buses\/coast-bus\/\" target=\"_blank\" rel=\"noopener\">Coast Bus Booking<\/a><\/li>\n<\/ul>\n<\/td>\n<td style=\"width: 30px;\"><\/td>\n<td>\n<ul>\n<li><a href=\"https:\/\/tiketi.com\/fr-fr\/companies\/buses\/mash-poa-mash-east-africa\/\" target=\"_blank\" rel=\"noopener\">Masha Poa Booking<\/a><\/li>\n<\/ul>\n<\/td>\n<td style=\"width: 30px;\"><\/td>\n<td>\n<ul>\n<li><a href=\"https:\/\/tiketi.com\/fr-fr\/companies\/buses\/buscar-coaches\/\" target=\"_blank\" rel=\"noopener\">Buscar Coach Booking<\/a><\/li>\n<\/ul>\n<\/td>\n<\/tr>\n<\/tbody>\n<\/table>\n<p>&nbsp;<\/p>","protected":false},"excerpt":{"rendered":"<p>Cheap Dreamline Bus Ticket Booking Discover your travel route on web, mobile or app and book cheap Dreamline Express bus tickets online. Dreamline Express online booking made easy.\u00a0Dreamline express has one of the top online bus ticket booking rates at the moment. Whether it is that time when everybody is in rush to travel, or [&hellip;]<\/p>\n","protected":false},"author":1,"featured_media":13999,"parent":25524,"menu_order":0,"comment_status":"open","ping_status":"closed","template":"template-home-modern.php","meta":{"footnotes":""},"class_list":["post-11379","page","type-page","status-publish","has-post-thumbnail","hentry"],"yoast_head":"<!-- This site is optimized with the Yoast SEO plugin v27.3 - https:\/\/yoast.com\/product\/yoast-seo-wordpress\/ -->\n<title>Dreamline Express Online Booking, Bus Tickets, Schedule &amp; Fares<\/title>\n<meta name=\"description\" content=\"Looking for Dreamline Express online booking, app, contacts, routes, fares and schedule? Make a cheap Dreamline online bus ticket booking now\" \/>\n<meta name=\"robots\" content=\"index, follow, max-snippet:-1, max-image-preview:large, max-video-preview:-1\" \/>\n<link rel=\"canonical\" href=\"https:\/\/tiketi.com\/fr-fr\/companies\/buses\/dreamline-express-coaches\/\" \/>\n<meta property=\"og:locale\" content=\"fr_FR\" \/>\n<meta property=\"og:type\" content=\"article\" \/>\n<meta property=\"og:title\" content=\"Dreamline Express Online Booking, Bus Tickets, Schedule &amp; Fares\" \/>\n<meta property=\"og:description\" content=\"Looking for Dreamline Express online booking, app, contacts, routes, fares and schedule? Make a cheap Dreamline online bus ticket booking now\" \/>\n<meta property=\"og:url\" content=\"https:\/\/tiketi.com\/fr-fr\/companies\/buses\/dreamline-express-coaches\/\" \/>\n<meta property=\"og:site_name\" content=\"Tiketi.com\" \/>\n<meta property=\"article:publisher\" content=\"https:\/\/www.facebook.com\/TiketiCom\/\" \/>\n<meta property=\"article:modified_time\" content=\"2025-08-02T12:16:44+00:00\" \/>\n<meta property=\"og:image\" content=\"https:\/\/tiketi.com\/wp-content\/uploads\/2022\/01\/bus-ticket-online-booking.jpg\" \/>\n\t<meta property=\"og:image:width\" content=\"1200\" \/>\n\t<meta property=\"og:image:height\" content=\"206\" \/>\n\t<meta property=\"og:image:type\" content=\"image\/jpeg\" \/>\n<meta name=\"twitter:card\" content=\"summary_large_image\" \/>\n<meta name=\"twitter:label1\" content=\"Dur\u00e9e de lecture estim\u00e9e\" \/>\n\t<meta name=\"twitter:data1\" content=\"3 minutes\" \/>\n<script type=\"application\/ld+json\" class=\"yoast-schema-graph\">{\"@context\":\"https:\\\/\\\/schema.org\",\"@graph\":[{\"@type\":\"WebPage\",\"@id\":\"https:\\\/\\\/tiketi.com\\\/companies\\\/buses\\\/dreamline-express-coaches\\\/\",\"url\":\"https:\\\/\\\/tiketi.com\\\/companies\\\/buses\\\/dreamline-express-coaches\\\/\",\"name\":\"Dreamline Express Online Booking, Bus Tickets, Schedule & Fares\",\"isPartOf\":{\"@id\":\"https:\\\/\\\/tiketi.com\\\/#website\"},\"primaryImageOfPage\":{\"@id\":\"https:\\\/\\\/tiketi.com\\\/companies\\\/buses\\\/dreamline-express-coaches\\\/#primaryimage\"},\"image\":{\"@id\":\"https:\\\/\\\/tiketi.com\\\/companies\\\/buses\\\/dreamline-express-coaches\\\/#primaryimage\"},\"thumbnailUrl\":\"https:\\\/\\\/tiketi.com\\\/wp-content\\\/uploads\\\/2022\\\/01\\\/bus-ticket-online-booking.jpg\",\"datePublished\":\"2022-01-19T11:54:35+00:00\",\"dateModified\":\"2025-08-02T12:16:44+00:00\",\"description\":\"Looking for Dreamline Express online booking, app, contacts, routes, fares and schedule? Make a cheap Dreamline online bus ticket booking now\",\"breadcrumb\":{\"@id\":\"https:\\\/\\\/tiketi.com\\\/companies\\\/buses\\\/dreamline-express-coaches\\\/#breadcrumb\"},\"inLanguage\":\"fr-FR\",\"potentialAction\":[{\"@type\":\"ReadAction\",\"target\":[\"https:\\\/\\\/tiketi.com\\\/companies\\\/buses\\\/dreamline-express-coaches\\\/\"]}]},{\"@type\":\"ImageObject\",\"inLanguage\":\"fr-FR\",\"@id\":\"https:\\\/\\\/tiketi.com\\\/companies\\\/buses\\\/dreamline-express-coaches\\\/#primaryimage\",\"url\":\"https:\\\/\\\/tiketi.com\\\/wp-content\\\/uploads\\\/2022\\\/01\\\/bus-ticket-online-booking.jpg\",\"contentUrl\":\"https:\\\/\\\/tiketi.com\\\/wp-content\\\/uploads\\\/2022\\\/01\\\/bus-ticket-online-booking.jpg\",\"width\":1200,\"height\":206,\"caption\":\"Online Bus Ticket Booking\"},{\"@type\":\"BreadcrumbList\",\"@id\":\"https:\\\/\\\/tiketi.com\\\/companies\\\/buses\\\/dreamline-express-coaches\\\/#breadcrumb\",\"itemListElement\":[{\"@type\":\"ListItem\",\"position\":1,\"name\":\"Home\",\"item\":\"https:\\\/\\\/tiketi.com\\\/\"},{\"@type\":\"ListItem\",\"position\":2,\"name\":\"Companies\",\"item\":\"https:\\\/\\\/tiketi.com\\\/companies\\\/\"},{\"@type\":\"ListItem\",\"position\":3,\"name\":\"Buses\",\"item\":\"https:\\\/\\\/tiketi.com\\\/companies\\\/buses\\\/\"},{\"@type\":\"ListItem\",\"position\":4,\"name\":\"Dreamline Express Online Booking, Bus Tickets, Routes, Schedule &#038; Fares\"}]},{\"@type\":\"WebSite\",\"@id\":\"https:\\\/\\\/tiketi.com\\\/#website\",\"url\":\"https:\\\/\\\/tiketi.com\\\/\",\"name\":\"Flight & Bus Tickets, Tour Packages & Activitites - Tiketi.com\",\"description\":\"Flight &amp; Bus Tickets, Tours, Activitites\",\"publisher\":{\"@id\":\"https:\\\/\\\/tiketi.com\\\/#organization\"},\"potentialAction\":[{\"@type\":\"SearchAction\",\"target\":{\"@type\":\"EntryPoint\",\"urlTemplate\":\"https:\\\/\\\/tiketi.com\\\/?s={search_term_string}\"},\"query-input\":{\"@type\":\"PropertyValueSpecification\",\"valueRequired\":true,\"valueName\":\"search_term_string\"}}],\"inLanguage\":\"fr-FR\"},{\"@type\":\"Organization\",\"@id\":\"https:\\\/\\\/tiketi.com\\\/#organization\",\"name\":\"Tiketi.com\",\"alternateName\":\"Tiketi\",\"url\":\"https:\\\/\\\/tiketi.com\\\/\",\"logo\":{\"@type\":\"ImageObject\",\"inLanguage\":\"fr-FR\",\"@id\":\"https:\\\/\\\/tiketi.com\\\/#\\\/schema\\\/logo\\\/image\\\/\",\"url\":\"https:\\\/\\\/tiketi.com\\\/wp-content\\\/uploads\\\/2019\\\/05\\\/tiketi-logo-696.png\",\"contentUrl\":\"https:\\\/\\\/tiketi.com\\\/wp-content\\\/uploads\\\/2019\\\/05\\\/tiketi-logo-696.png\",\"width\":696,\"height\":696,\"caption\":\"Tiketi.com\"},\"image\":{\"@id\":\"https:\\\/\\\/tiketi.com\\\/#\\\/schema\\\/logo\\\/image\\\/\"},\"sameAs\":[\"https:\\\/\\\/www.facebook.com\\\/TiketiCom\\\/\"]}]}<\/script>\n<!-- \/ Yoast SEO plugin. -->","yoast_head_json":{"title":"R\u00e9servation en ligne Dreamline Express, billets de bus, horaires et tarifs","description":"Vous recherchez une r\u00e9servation en ligne Dreamline Express, une application, des contacts, des itin\u00e9raires, des tarifs et des horaires\u00a0? R\u00e9servez d\u00e8s maintenant un billet de bus en ligne Dreamline pas cher","robots":{"index":"index","follow":"follow","max-snippet":"max-snippet:-1","max-image-preview":"max-image-preview:large","max-video-preview":"max-video-preview:-1"},"canonical":"https:\/\/tiketi.com\/fr-fr\/companies\/buses\/dreamline-express-coaches\/","og_locale":"fr_FR","og_type":"article","og_title":"Dreamline Express Online Booking, Bus Tickets, Schedule & Fares","og_description":"Looking for Dreamline Express online booking, app, contacts, routes, fares and schedule? Make a cheap Dreamline online bus ticket booking now","og_url":"https:\/\/tiketi.com\/fr-fr\/companies\/buses\/dreamline-express-coaches\/","og_site_name":"Tiketi.com","article_publisher":"https:\/\/www.facebook.com\/TiketiCom\/","article_modified_time":"2025-08-02T12:16:44+00:00","og_image":[{"width":1200,"height":206,"url":"https:\/\/tiketi.com\/wp-content\/uploads\/2022\/01\/bus-ticket-online-booking.jpg","type":"image\/jpeg"}],"twitter_card":"summary_large_image","twitter_misc":{"Dur\u00e9e de lecture estim\u00e9e":"3 minutes"},"schema":{"@context":"https:\/\/schema.org","@graph":[{"@type":"WebPage","@id":"https:\/\/tiketi.com\/companies\/buses\/dreamline-express-coaches\/","url":"https:\/\/tiketi.com\/companies\/buses\/dreamline-express-coaches\/","name":"R\u00e9servation en ligne Dreamline Express, billets de bus, horaires et tarifs","isPartOf":{"@id":"https:\/\/tiketi.com\/#website"},"primaryImageOfPage":{"@id":"https:\/\/tiketi.com\/companies\/buses\/dreamline-express-coaches\/#primaryimage"},"image":{"@id":"https:\/\/tiketi.com\/companies\/buses\/dreamline-express-coaches\/#primaryimage"},"thumbnailUrl":"https:\/\/tiketi.com\/wp-content\/uploads\/2022\/01\/bus-ticket-online-booking.jpg","datePublished":"2022-01-19T11:54:35+00:00","dateModified":"2025-08-02T12:16:44+00:00","description":"Vous recherchez une r\u00e9servation en ligne Dreamline Express, une application, des contacts, des itin\u00e9raires, des tarifs et des horaires\u00a0? R\u00e9servez d\u00e8s maintenant un billet de bus en ligne Dreamline pas cher","breadcrumb":{"@id":"https:\/\/tiketi.com\/companies\/buses\/dreamline-express-coaches\/#breadcrumb"},"inLanguage":"fr-FR","potentialAction":[{"@type":"ReadAction","target":["https:\/\/tiketi.com\/companies\/buses\/dreamline-express-coaches\/"]}]},{"@type":"ImageObject","inLanguage":"fr-FR","@id":"https:\/\/tiketi.com\/companies\/buses\/dreamline-express-coaches\/#primaryimage","url":"https:\/\/tiketi.com\/wp-content\/uploads\/2022\/01\/bus-ticket-online-booking.jpg","contentUrl":"https:\/\/tiketi.com\/wp-content\/uploads\/2022\/01\/bus-ticket-online-booking.jpg","width":1200,"height":206,"caption":"Online Bus Ticket Booking"},{"@type":"BreadcrumbList","@id":"https:\/\/tiketi.com\/companies\/buses\/dreamline-express-coaches\/#breadcrumb","itemListElement":[{"@type":"ListItem","position":1,"name":"Home","item":"https:\/\/tiketi.com\/"},{"@type":"ListItem","position":2,"name":"Companies","item":"https:\/\/tiketi.com\/companies\/"},{"@type":"ListItem","position":3,"name":"Buses","item":"https:\/\/tiketi.com\/companies\/buses\/"},{"@type":"ListItem","position":4,"name":"Dreamline Express Online Booking, Bus Tickets, Routes, Schedule &#038; Fares"}]},{"@type":"WebSite","@id":"https:\/\/tiketi.com\/#website","url":"https:\/\/tiketi.com\/","name":"Billets d&#039;avion et de bus, forfaits touristiques et activit\u00e9s - Tiketi.com","description":"Billets d&#039;avion et de bus, Tours, Activit\u00e9s","publisher":{"@id":"https:\/\/tiketi.com\/#organization"},"potentialAction":[{"@type":"SearchAction","target":{"@type":"EntryPoint","urlTemplate":"https:\/\/tiketi.com\/?s={search_term_string}"},"query-input":{"@type":"PropertyValueSpecification","valueRequired":true,"valueName":"search_term_string"}}],"inLanguage":"fr-FR"},{"@type":"Organization","@id":"https:\/\/tiketi.com\/#organization","name":"Tiketi.com","alternateName":"Tiketi","url":"https:\/\/tiketi.com\/","logo":{"@type":"ImageObject","inLanguage":"fr-FR","@id":"https:\/\/tiketi.com\/#\/schema\/logo\/image\/","url":"https:\/\/tiketi.com\/wp-content\/uploads\/2019\/05\/tiketi-logo-696.png","contentUrl":"https:\/\/tiketi.com\/wp-content\/uploads\/2019\/05\/tiketi-logo-696.png","width":696,"height":696,"caption":"Tiketi.com"},"image":{"@id":"https:\/\/tiketi.com\/#\/schema\/logo\/image\/"},"sameAs":["https:\/\/www.facebook.com\/TiketiCom\/"]}]}},"_links":{"self":[{"href":"https:\/\/tiketi.com\/fr-fr\/wp-json\/wp\/v2\/pages\/11379","targetHints":{"allow":["GET"]}}],"collection":[{"href":"https:\/\/tiketi.com\/fr-fr\/wp-json\/wp\/v2\/pages"}],"about":[{"href":"https:\/\/tiketi.com\/fr-fr\/wp-json\/wp\/v2\/types\/page"}],"author":[{"embeddable":true,"href":"https:\/\/tiketi.com\/fr-fr\/wp-json\/wp\/v2\/users\/1"}],"replies":[{"embeddable":true,"href":"https:\/\/tiketi.com\/fr-fr\/wp-json\/wp\/v2\/comments?post=11379"}],"version-history":[{"count":3,"href":"https:\/\/tiketi.com\/fr-fr\/wp-json\/wp\/v2\/pages\/11379\/revisions"}],"predecessor-version":[{"id":32287,"href":"https:\/\/tiketi.com\/fr-fr\/wp-json\/wp\/v2\/pages\/11379\/revisions\/32287"}],"up":[{"embeddable":true,"href":"https:\/\/tiketi.com\/fr-fr\/wp-json\/wp\/v2\/pages\/25524"}],"wp:featuredmedia":[{"embeddable":true,"href":"https:\/\/tiketi.com\/fr-fr\/wp-json\/wp\/v2\/media\/13999"}],"wp:attachment":[{"href":"https:\/\/tiketi.com\/fr-fr\/wp-json\/wp\/v2\/media?parent=11379"}],"curies":[{"name":"wp","href":"https:\/\/api.w.org\/{rel}","templated":true}]}}