{"id":11380,"date":"2022-01-19T12:54:35","date_gmt":"2022-01-19T11:54:35","guid":{"rendered":"https:\/\/new.tiketi.com\/modern-coast-online-booking-bus-tickets-routes-fares\/"},"modified":"2025-08-02T13:17:57","modified_gmt":"2025-08-02T12:17:57","slug":"modern-coast-coaches","status":"publish","type":"page","link":"https:\/\/tiketi.com\/fr-fr\/companies\/buses\/modern-coast-coaches\/","title":{"rendered":"R\u00e9servation en ligne de la c\u00f4te moderne, billets de bus, itin\u00e9raires et tarifs"},"content":{"rendered":"<h2>R\u00e9servation en ligne de billets pour le bus c\u00f4tier moderne<\/h2>\n<h3>D\u00e9couvrez votre itin\u00e9raire de voyage sur le web, le mobile ou l&#039;application et faites une r\u00e9servation en ligne pas cher Modern Coast Express maintenant.<\/h3>\n<p>La r\u00e9servation en ligne de Modern Coast en toute simplicit\u00e9. Modern Coast Bus Kenya est une flotte d&#039;autobus de luxe qui circulent en Ouganda, au Kenya et en Tanzanie. La compagnie de bus, Modern Coast Express Ltd, a commenc\u00e9 ses op\u00e9rations le 26 mai 2007. Que diriez-vous de voyager entre Nairobi, Mombasa, Busia, Kisumu, Kampala, Nakuru, Dar-es-Salaam, etc. dans des bus climatis\u00e9s dot\u00e9s de toutes les commodit\u00e9s. Ceux-ci contiennent une connexion Internet haut d\u00e9bit, un bus-lit, des prises de courant pour recharger vos t\u00e9l\u00e9phones portables et beaucoup d&#039;espace pour les jambes pour voyager sans souci. Ajoutez \u00e0 cette liste de d\u00e9tente la r\u00e9servation facile de billets en ligne pour le bus Modern Coast.<\/p>\n<h2>Application de r\u00e9servation en ligne Modern Coast, FAQ sur les contacts, les itin\u00e9raires et les tarifs<\/h2>\n<h3>Quels sont les diff\u00e9rents types d&#039;autobus exploit\u00e9s par Modern Coast Express Coaches dans le cadre de sa flotte\u00a0?<\/h3>\n<p>Modern Coast Express est un lieu r\u00e9gional de transport en bus interurbain. Desservant plus de cinquante destinations \u00e0 travers l&#039;Afrique centrale et orientale, la flotte c\u00f4ti\u00e8re moderne est pr\u00e9cis\u00e9ment ce moderne. Tous les bus Modern Coast sont con\u00e7us comme des paquebots de luxe, avec 3 classes de si\u00e8ges allant du VIP \u00e0 l&#039;entreprise.<\/p>\n<p>Avec leurs ateliers internes, ils entretiennent toujours leur flotte compl\u00e8te pour garantir le plus haut niveau de s\u00e9curit\u00e9, de s\u00fbret\u00e9 et de confort, c&#039;est pourquoi ils sont consid\u00e9r\u00e9s comme le meilleur partenaire de voyage pour les clients et les entreprises.<\/p>\n<h3>Quels sont les itin\u00e9raires de r\u00e9servation en ligne Modern Coast Express les plus c\u00e9l\u00e8bres au quotidien\u00a0?<\/h3>\n<p>\u2022 Mombasa \u00e0 Dar es Salaam via Tanga<br \/>\n\u2022 Dar es Salaam \u00e0 Nairobi via Arusha<br \/>\n\u2022 Dar es Salaam \u00e0 Arusha via Moshi<br \/>\n\u2022 Nairobi \u00e0 Homabay<br \/>\n\u2022 Nairobi \u00e0 Kisumu<br \/>\n\u2022 Nairobi \u00e0 Busia<br \/>\n\u2022 Nairobi \u00e0 Mombasa<br \/>\n\u2022 Nairobi \u00e0 Kigali<br \/>\n\u2022 Nairobi \u00e0 Usenge<\/p>\n<h3>Horaires de la c\u00f4te moderne de Nairobi \u00e0 Mombasa<\/h3>\n<p>Bus NORMAL 7h00, 8h30, 10h30, 12h00, 20h00 et 22h30<\/p>\n<p>Bus OXYGEN \u00e0 8h00, 10h00 et 22h30.<\/p>\n<h3>Quelles sont les coordonn\u00e9es du bureau de r\u00e9servation Modern Coast ?<\/h3>\n<p>\u2022\u00a0\u00a0 <strong>Bureaux de Modern Coast \u00e0 Mombasa\u00a0:<\/strong><\/p>\n<p>Route de Mombasa, Mombasa, Kenya.<\/p>\n<p>\u2022\u00a0 \u00a0 <strong>Bureaux de bus Modern Coast \u00e0 Nairobi:<\/strong><\/p>\n<p>Place Luther, 4e \u00e9tage<br \/>\nNyerere \/ State House Road<br \/>\nNairobi, Kenya<\/p>\n<h2>Conseils de r\u00e9servation de billets en ligne pour Modern Coast Bus<\/h2>\n<p>Le paiement de la r\u00e9servation en ligne Modern Coast Express se fait via MPesa depuis le confort de votre bureau ou de votre domicile.<\/p>\n<p>Le service de r\u00e9servation en ligne de billets de bus Modern Coast est l&#039;un de leurs services standard qui a conduit la soci\u00e9t\u00e9 de bus \u00e0 ouvrir plus de trente succursales au Kenya. Cela s&#039;ajoute \u00e0 beaucoup d&#039;autres en Tanzanie et en Ouganda.<\/p>\n<p>\u200b\u2022\u00a0 \u00a0<strong>Utilisez le portail de r\u00e9servation en ligne de bus Modern Coast ci-dessus pour r\u00e9server vos billets de bus.<\/strong><\/p>\n<p><strong>\u200b\u2022 T\u00e9l\u00e9chargez l&#039;application de r\u00e9servation en ligne Modern Coast ci-dessous.<\/strong><\/p>\n<p>\u2022\u00a0 \u00a0<strong>Visitez le service en ligne de suivi des colis par courrier de Modern Coast.<\/strong><\/p>\n<h2>Other popular bus companies in Kenya<\/h2>\n<table border=\"0\" cellspacing=\"1\" cellpadding=\"1\">\n<tbody>\n<tr>\n<td>\n<ul>\n<li><a href=\"https:\/\/tiketi.com\/fr-fr\/companies\/buses\/simba-coach\/\" target=\"_blank\" rel=\"noopener\">Simba Coach Booking<\/a><\/li>\n<\/ul>\n<\/td>\n<td style=\"width: 30px;\"><\/td>\n<td>\n<ul>\n<li><a href=\"https:\/\/tiketi.com\/fr-fr\/companies\/buses\/ena-coach\/\" target=\"_blank\" rel=\"noopener\">Ena Coach Booking<\/a><\/li>\n<\/ul>\n<\/td>\n<td style=\"width: 30px;\"><\/td>\n<td>\n<ul>\n<li><a href=\"https:\/\/tiketi.com\/fr-fr\/companies\/buses\/easy-coach\/\" target=\"_blank\" rel=\"noopener\">Easy Coach Booking<\/a><\/li>\n<\/ul>\n<\/td>\n<\/tr>\n<tr>\n<td>\n<ul>\n<li><a href=\"https:\/\/tiketi.com\/fr-fr\/companies\/buses\/tahmeed-express-coaches\/\" target=\"_blank\" rel=\"noopener\">Tahmeed Coach Booking<\/a><\/li>\n<\/ul>\n<\/td>\n<td style=\"width: 30px;\"><\/td>\n<td>\n<ul>\n<li><a href=\"https:\/\/tiketi.com\/fr-fr\/companies\/buses\/guardian-coach\/\" target=\"_blank\" rel=\"noopener\">Guardian Coach Booking<\/a><\/li>\n<\/ul>\n<\/td>\n<td style=\"width: 30px;\"><\/td>\n<td>\n<ul>\n<li><a href=\"https:\/\/tiketi.com\/fr-fr\/companies\/buses\/mash-poa-mash-east-africa\/\" target=\"_blank\" rel=\"noopener\">Mash Poa Booking<\/a><\/li>\n<\/ul>\n<\/td>\n<\/tr>\n<tr>\n<td>\n<ul>\n<li><a href=\"https:\/\/tiketi.com\/fr-fr\/companies\/buses\/coast-bus\/\" target=\"_blank\" rel=\"noopener\">Coast Bus Booking<\/a><\/li>\n<\/ul>\n<\/td>\n<td style=\"width: 30px;\"><\/td>\n<td>\n<ul>\n<li><a href=\"https:\/\/tiketi.com\/fr-fr\/companies\/buses\/dreamline-express-coaches\/\" target=\"_blank\" rel=\"noopener\">Dreamline Express Booking<\/a><\/li>\n<\/ul>\n<\/td>\n<td style=\"width: 30px;\"><\/td>\n<td>\n<ul>\n<li><a href=\"https:\/\/tiketi.com\/fr-fr\/companies\/buses\/transline-coaches\/\" target=\"_blank\" rel=\"noopener\">Transline Classic Booking<\/a><\/li>\n<\/ul>\n<\/td>\n<\/tr>\n<\/tbody>\n<\/table>\n<p>&nbsp;<\/p>\n<p>&nbsp;<\/p>","protected":false},"excerpt":{"rendered":"<p>Modern Coast Bus Online Ticket Booking Discover your travel route on web, mobile or app and do cheap Modern Coast Express online booking now. Modern Coast online booking made easy. Modern Coast buses Kenya is a fleet of luxury buses that run within Uganda, Kenya, and Tanzania. The bus company, Modern Coast Express Ltd, started [&hellip;]<\/p>\n","protected":false},"author":1,"featured_media":13999,"parent":25524,"menu_order":0,"comment_status":"open","ping_status":"closed","template":"template-home-modern.php","meta":{"footnotes":""},"class_list":["post-11380","page","type-page","status-publish","has-post-thumbnail","hentry"],"yoast_head":"<!-- This site is optimized with the Yoast SEO plugin v27.3 - https:\/\/yoast.com\/product\/yoast-seo-wordpress\/ -->\n<title>Modern Coast Online Booking, Bus Tickets, Routes &amp; Fares<\/title>\n<meta name=\"description\" content=\"Looking for Modern Coast online booking app, contacts, routes, fare and schedule ? Make cheap Modern Coast bus online ticket booking now\" \/>\n<meta name=\"robots\" content=\"index, follow, max-snippet:-1, max-image-preview:large, max-video-preview:-1\" \/>\n<link rel=\"canonical\" href=\"https:\/\/tiketi.com\/fr-fr\/companies\/buses\/modern-coast-coaches\/\" \/>\n<meta property=\"og:locale\" content=\"fr_FR\" \/>\n<meta property=\"og:type\" content=\"article\" \/>\n<meta property=\"og:title\" content=\"Modern Coast Online Booking, Bus Tickets, Routes &amp; Fares\" \/>\n<meta property=\"og:description\" content=\"Looking for Modern Coast online booking app, contacts, routes, fare and schedule ? Make cheap Modern Coast bus online ticket booking now\" \/>\n<meta property=\"og:url\" content=\"https:\/\/tiketi.com\/fr-fr\/companies\/buses\/modern-coast-coaches\/\" \/>\n<meta property=\"og:site_name\" content=\"Tiketi.com\" \/>\n<meta property=\"article:publisher\" content=\"https:\/\/www.facebook.com\/TiketiCom\/\" \/>\n<meta property=\"article:modified_time\" content=\"2025-08-02T12:17:57+00:00\" \/>\n<meta property=\"og:image\" content=\"https:\/\/tiketi.com\/wp-content\/uploads\/2022\/01\/bus-ticket-online-booking.jpg\" \/>\n\t<meta property=\"og:image:width\" content=\"1200\" \/>\n\t<meta property=\"og:image:height\" content=\"206\" \/>\n\t<meta property=\"og:image:type\" content=\"image\/jpeg\" \/>\n<meta name=\"twitter:card\" content=\"summary_large_image\" \/>\n<meta name=\"twitter:label1\" content=\"Dur\u00e9e de lecture estim\u00e9e\" \/>\n\t<meta name=\"twitter:data1\" content=\"3 minutes\" \/>\n<script type=\"application\/ld+json\" class=\"yoast-schema-graph\">{\"@context\":\"https:\\\/\\\/schema.org\",\"@graph\":[{\"@type\":\"WebPage\",\"@id\":\"https:\\\/\\\/tiketi.com\\\/companies\\\/buses\\\/modern-coast-coaches\\\/\",\"url\":\"https:\\\/\\\/tiketi.com\\\/companies\\\/buses\\\/modern-coast-coaches\\\/\",\"name\":\"Modern Coast Online Booking, Bus Tickets, Routes & Fares\",\"isPartOf\":{\"@id\":\"https:\\\/\\\/tiketi.com\\\/#website\"},\"primaryImageOfPage\":{\"@id\":\"https:\\\/\\\/tiketi.com\\\/companies\\\/buses\\\/modern-coast-coaches\\\/#primaryimage\"},\"image\":{\"@id\":\"https:\\\/\\\/tiketi.com\\\/companies\\\/buses\\\/modern-coast-coaches\\\/#primaryimage\"},\"thumbnailUrl\":\"https:\\\/\\\/tiketi.com\\\/wp-content\\\/uploads\\\/2022\\\/01\\\/bus-ticket-online-booking.jpg\",\"datePublished\":\"2022-01-19T11:54:35+00:00\",\"dateModified\":\"2025-08-02T12:17:57+00:00\",\"description\":\"Looking for Modern Coast online booking app, contacts, routes, fare and schedule ? Make cheap Modern Coast bus online ticket booking now\",\"breadcrumb\":{\"@id\":\"https:\\\/\\\/tiketi.com\\\/companies\\\/buses\\\/modern-coast-coaches\\\/#breadcrumb\"},\"inLanguage\":\"fr-FR\",\"potentialAction\":[{\"@type\":\"ReadAction\",\"target\":[\"https:\\\/\\\/tiketi.com\\\/companies\\\/buses\\\/modern-coast-coaches\\\/\"]}]},{\"@type\":\"ImageObject\",\"inLanguage\":\"fr-FR\",\"@id\":\"https:\\\/\\\/tiketi.com\\\/companies\\\/buses\\\/modern-coast-coaches\\\/#primaryimage\",\"url\":\"https:\\\/\\\/tiketi.com\\\/wp-content\\\/uploads\\\/2022\\\/01\\\/bus-ticket-online-booking.jpg\",\"contentUrl\":\"https:\\\/\\\/tiketi.com\\\/wp-content\\\/uploads\\\/2022\\\/01\\\/bus-ticket-online-booking.jpg\",\"width\":1200,\"height\":206,\"caption\":\"Online Bus Ticket Booking\"},{\"@type\":\"BreadcrumbList\",\"@id\":\"https:\\\/\\\/tiketi.com\\\/companies\\\/buses\\\/modern-coast-coaches\\\/#breadcrumb\",\"itemListElement\":[{\"@type\":\"ListItem\",\"position\":1,\"name\":\"Home\",\"item\":\"https:\\\/\\\/tiketi.com\\\/\"},{\"@type\":\"ListItem\",\"position\":2,\"name\":\"Companies\",\"item\":\"https:\\\/\\\/tiketi.com\\\/companies\\\/\"},{\"@type\":\"ListItem\",\"position\":3,\"name\":\"Buses\",\"item\":\"https:\\\/\\\/tiketi.com\\\/companies\\\/buses\\\/\"},{\"@type\":\"ListItem\",\"position\":4,\"name\":\"Modern Coast Online Booking, Bus Tickets, Routes &#038; Fares\"}]},{\"@type\":\"WebSite\",\"@id\":\"https:\\\/\\\/tiketi.com\\\/#website\",\"url\":\"https:\\\/\\\/tiketi.com\\\/\",\"name\":\"Flight & Bus Tickets, Tour Packages & Activitites - Tiketi.com\",\"description\":\"Flight &amp; Bus Tickets, Tours, Activitites\",\"publisher\":{\"@id\":\"https:\\\/\\\/tiketi.com\\\/#organization\"},\"potentialAction\":[{\"@type\":\"SearchAction\",\"target\":{\"@type\":\"EntryPoint\",\"urlTemplate\":\"https:\\\/\\\/tiketi.com\\\/?s={search_term_string}\"},\"query-input\":{\"@type\":\"PropertyValueSpecification\",\"valueRequired\":true,\"valueName\":\"search_term_string\"}}],\"inLanguage\":\"fr-FR\"},{\"@type\":\"Organization\",\"@id\":\"https:\\\/\\\/tiketi.com\\\/#organization\",\"name\":\"Tiketi.com\",\"alternateName\":\"Tiketi\",\"url\":\"https:\\\/\\\/tiketi.com\\\/\",\"logo\":{\"@type\":\"ImageObject\",\"inLanguage\":\"fr-FR\",\"@id\":\"https:\\\/\\\/tiketi.com\\\/#\\\/schema\\\/logo\\\/image\\\/\",\"url\":\"https:\\\/\\\/tiketi.com\\\/wp-content\\\/uploads\\\/2019\\\/05\\\/tiketi-logo-696.png\",\"contentUrl\":\"https:\\\/\\\/tiketi.com\\\/wp-content\\\/uploads\\\/2019\\\/05\\\/tiketi-logo-696.png\",\"width\":696,\"height\":696,\"caption\":\"Tiketi.com\"},\"image\":{\"@id\":\"https:\\\/\\\/tiketi.com\\\/#\\\/schema\\\/logo\\\/image\\\/\"},\"sameAs\":[\"https:\\\/\\\/www.facebook.com\\\/TiketiCom\\\/\"]}]}<\/script>\n<!-- \/ Yoast SEO plugin. -->","yoast_head_json":{"title":"R\u00e9servation en ligne de la c\u00f4te moderne, billets de bus, itin\u00e9raires et tarifs","description":"Vous recherchez une application de r\u00e9servation en ligne Modern Coast, des contacts, des itin\u00e9raires, des tarifs et des horaires\u00a0? R\u00e9servez d\u00e8s maintenant vos billets en ligne de bus Modern Coast \u00e0 bas prix","robots":{"index":"index","follow":"follow","max-snippet":"max-snippet:-1","max-image-preview":"max-image-preview:large","max-video-preview":"max-video-preview:-1"},"canonical":"https:\/\/tiketi.com\/fr-fr\/companies\/buses\/modern-coast-coaches\/","og_locale":"fr_FR","og_type":"article","og_title":"Modern Coast Online Booking, Bus Tickets, Routes & Fares","og_description":"Looking for Modern Coast online booking app, contacts, routes, fare and schedule ? Make cheap Modern Coast bus online ticket booking now","og_url":"https:\/\/tiketi.com\/fr-fr\/companies\/buses\/modern-coast-coaches\/","og_site_name":"Tiketi.com","article_publisher":"https:\/\/www.facebook.com\/TiketiCom\/","article_modified_time":"2025-08-02T12:17:57+00:00","og_image":[{"width":1200,"height":206,"url":"https:\/\/tiketi.com\/wp-content\/uploads\/2022\/01\/bus-ticket-online-booking.jpg","type":"image\/jpeg"}],"twitter_card":"summary_large_image","twitter_misc":{"Dur\u00e9e de lecture estim\u00e9e":"3 minutes"},"schema":{"@context":"https:\/\/schema.org","@graph":[{"@type":"WebPage","@id":"https:\/\/tiketi.com\/companies\/buses\/modern-coast-coaches\/","url":"https:\/\/tiketi.com\/companies\/buses\/modern-coast-coaches\/","name":"R\u00e9servation en ligne de la c\u00f4te moderne, billets de bus, itin\u00e9raires et tarifs","isPartOf":{"@id":"https:\/\/tiketi.com\/#website"},"primaryImageOfPage":{"@id":"https:\/\/tiketi.com\/companies\/buses\/modern-coast-coaches\/#primaryimage"},"image":{"@id":"https:\/\/tiketi.com\/companies\/buses\/modern-coast-coaches\/#primaryimage"},"thumbnailUrl":"https:\/\/tiketi.com\/wp-content\/uploads\/2022\/01\/bus-ticket-online-booking.jpg","datePublished":"2022-01-19T11:54:35+00:00","dateModified":"2025-08-02T12:17:57+00:00","description":"Vous recherchez une application de r\u00e9servation en ligne Modern Coast, des contacts, des itin\u00e9raires, des tarifs et des horaires\u00a0? R\u00e9servez d\u00e8s maintenant vos billets en ligne de bus Modern Coast \u00e0 bas prix","breadcrumb":{"@id":"https:\/\/tiketi.com\/companies\/buses\/modern-coast-coaches\/#breadcrumb"},"inLanguage":"fr-FR","potentialAction":[{"@type":"ReadAction","target":["https:\/\/tiketi.com\/companies\/buses\/modern-coast-coaches\/"]}]},{"@type":"ImageObject","inLanguage":"fr-FR","@id":"https:\/\/tiketi.com\/companies\/buses\/modern-coast-coaches\/#primaryimage","url":"https:\/\/tiketi.com\/wp-content\/uploads\/2022\/01\/bus-ticket-online-booking.jpg","contentUrl":"https:\/\/tiketi.com\/wp-content\/uploads\/2022\/01\/bus-ticket-online-booking.jpg","width":1200,"height":206,"caption":"Online Bus Ticket Booking"},{"@type":"BreadcrumbList","@id":"https:\/\/tiketi.com\/companies\/buses\/modern-coast-coaches\/#breadcrumb","itemListElement":[{"@type":"ListItem","position":1,"name":"Home","item":"https:\/\/tiketi.com\/"},{"@type":"ListItem","position":2,"name":"Companies","item":"https:\/\/tiketi.com\/companies\/"},{"@type":"ListItem","position":3,"name":"Buses","item":"https:\/\/tiketi.com\/companies\/buses\/"},{"@type":"ListItem","position":4,"name":"Modern Coast Online Booking, Bus Tickets, Routes &#038; Fares"}]},{"@type":"WebSite","@id":"https:\/\/tiketi.com\/#website","url":"https:\/\/tiketi.com\/","name":"Billets d&#039;avion et de bus, forfaits touristiques et activit\u00e9s - Tiketi.com","description":"Billets d&#039;avion et de bus, Tours, Activit\u00e9s","publisher":{"@id":"https:\/\/tiketi.com\/#organization"},"potentialAction":[{"@type":"SearchAction","target":{"@type":"EntryPoint","urlTemplate":"https:\/\/tiketi.com\/?s={search_term_string}"},"query-input":{"@type":"PropertyValueSpecification","valueRequired":true,"valueName":"search_term_string"}}],"inLanguage":"fr-FR"},{"@type":"Organization","@id":"https:\/\/tiketi.com\/#organization","name":"Tiketi.com","alternateName":"Tiketi","url":"https:\/\/tiketi.com\/","logo":{"@type":"ImageObject","inLanguage":"fr-FR","@id":"https:\/\/tiketi.com\/#\/schema\/logo\/image\/","url":"https:\/\/tiketi.com\/wp-content\/uploads\/2019\/05\/tiketi-logo-696.png","contentUrl":"https:\/\/tiketi.com\/wp-content\/uploads\/2019\/05\/tiketi-logo-696.png","width":696,"height":696,"caption":"Tiketi.com"},"image":{"@id":"https:\/\/tiketi.com\/#\/schema\/logo\/image\/"},"sameAs":["https:\/\/www.facebook.com\/TiketiCom\/"]}]}},"_links":{"self":[{"href":"https:\/\/tiketi.com\/fr-fr\/wp-json\/wp\/v2\/pages\/11380","targetHints":{"allow":["GET"]}}],"collection":[{"href":"https:\/\/tiketi.com\/fr-fr\/wp-json\/wp\/v2\/pages"}],"about":[{"href":"https:\/\/tiketi.com\/fr-fr\/wp-json\/wp\/v2\/types\/page"}],"author":[{"embeddable":true,"href":"https:\/\/tiketi.com\/fr-fr\/wp-json\/wp\/v2\/users\/1"}],"replies":[{"embeddable":true,"href":"https:\/\/tiketi.com\/fr-fr\/wp-json\/wp\/v2\/comments?post=11380"}],"version-history":[{"count":3,"href":"https:\/\/tiketi.com\/fr-fr\/wp-json\/wp\/v2\/pages\/11380\/revisions"}],"predecessor-version":[{"id":32289,"href":"https:\/\/tiketi.com\/fr-fr\/wp-json\/wp\/v2\/pages\/11380\/revisions\/32289"}],"up":[{"embeddable":true,"href":"https:\/\/tiketi.com\/fr-fr\/wp-json\/wp\/v2\/pages\/25524"}],"wp:featuredmedia":[{"embeddable":true,"href":"https:\/\/tiketi.com\/fr-fr\/wp-json\/wp\/v2\/media\/13999"}],"wp:attachment":[{"href":"https:\/\/tiketi.com\/fr-fr\/wp-json\/wp\/v2\/media?parent=11380"}],"curies":[{"name":"wp","href":"https:\/\/api.w.org\/{rel}","templated":true}]}}