{"id":11381,"date":"2022-01-19T12:54:35","date_gmt":"2022-01-19T11:54:35","guid":{"rendered":"https:\/\/new.tiketi.com\/transline-classic-online-booking-bus-tickets-contacts-routes-fares\/"},"modified":"2025-08-02T13:22:12","modified_gmt":"2025-08-02T12:22:12","slug":"transline-coaches","status":"publish","type":"page","link":"https:\/\/tiketi.com\/fr-fr\/companies\/buses\/transline-coaches\/","title":{"rendered":"R\u00e9servation en ligne Transline Classic, billets de bus, horaires, itin\u00e9raires et tarifs"},"content":{"rendered":"<h2>R\u00e9servation en ligne des autocars Transline<\/h2>\n<h3>D\u00e9couvrez votre itin\u00e9raire de voyage sur le web, le mobile ou l&#039;application et achetez d\u00e8s maintenant votre billet en ligne de bus Transline pas cher.<\/h3>\n<p>La r\u00e9servation en ligne Transline Classic Kenya en toute simplicit\u00e9. La flotte de r\u00e9servation en ligne Transline Coaches est un atout de la Transline classic limited. Cr\u00e9\u00e9e il y a quelques ann\u00e9es, la compagnie de bus Transline Coach compte plus de 50 bus. Son statut est d\u00fb \u00e0 ses d\u00e9placements confortables, fiables et s\u00fbrs vers divers endroits et \u00e0 d&#039;autres incitations telles que le Wi-Fi dans les autocars les plus r\u00e9cents. Il n&#039;est pas \u00e9tonnant que la soci\u00e9t\u00e9 de r\u00e9servation de bus Transline ait domin\u00e9 l&#039;itin\u00e9raire Nairobi-Kisii. Faites la billetterie en ligne de bus Transline et \u00e9conomisez de l&#039;argent et du temps.<\/p>\n<h2>R\u00e9servation en ligne Transline Classic Kenya, billets de bus, horaires, itin\u00e9raires et tarifs FAQ<\/h2>\n<h3>Quelles sont les lignes de bus Transline Classic les plus c\u00e9l\u00e8bres au quotidien ?<\/h3>\n<p>Voici les lignes de bus classiques Transline :<\/p>\n<p>\u2022 Nairobi \u00e0 Kisumu<br \/>\n\u2022 Nairobi \u00e0 Kissi<br \/>\n\u2022 De Nairobi \u00e0 Busia<br \/>\n\u2022 Nairobi \u00e0 Kitale<br \/>\n\u2022 Nairobi \u00e0 Eldoret<br \/>\n\u2022 Kisii \u00e0 Migori<br \/>\n\u2022 Nairobi \u00e0 Migori<br \/>\n\u2022 Nairobi \u00e0 Kakamega<br \/>\n\u2022 Nairobi \u00e0 Bungoma<\/p>\n<h3>Tarifs et frais de bus Transline<\/h3>\n<p>Les tarifs et frais de Transline Bus changent en fonction de la p\u00e9riode de l&#039;ann\u00e9e, du nombre de clients et des co\u00fbts de carburant. Dans la plupart des cas, les charges sont r\u00e9guli\u00e8res.<\/p>\n<p>Frais de bus Transline\u00a0:<\/p>\n<p>Un voyage typique de Nairobi \u00e0 Kissi peut vous co\u00fbter entre 1 000 Ksh et 800 Ksh, quelle que soit votre place le long de la route.<\/p>\n<p>Pendant les saisons festives telles que P\u00e2ques, No\u00ebl et le Nouvel An, les tarifs grimpent jusqu&#039;\u00e0 1 500 Ksh. Dans de rares cas, vous pourriez m\u00eame d\u00e9bourser pr\u00e8s de 2 000 Ksh pour un aller simple.<\/p>\n<h3>Flotte Transline Classic<\/h3>\n<p>\u2022 Services de t\u00e9l\u00e9vision<br \/>\n\u2022   Wifi gratuit<br \/>\n\u2022   Syst\u00e8me musical<br \/>\n\u2022 Ports de charge sur chaque si\u00e8ge<br \/>\n\u2022 Service de climatisation<br \/>\n\u2022 Assez d&#039;espace pour les jambes<br \/>\n\u2022 Disposition des si\u00e8ges 2 par 2 pour faciliter l&#039;entr\u00e9e et la sortie du bus<br \/>\n\u2022 Entra\u00eeneurs r\u00e9glables.<\/p>\n<h3>Quelles sont les coordonn\u00e9es des bureaux de r\u00e9servation Transline Classic ?<\/h3>\n<p>Transline Classic Ltd<br \/>\nPO BOX 814, Nairobi<br \/>\nKenya<\/p>\n<p>Centre Afya Nairobi.<\/p>\n<h2>Transline Coaches Conseils de r\u00e9servation de billets d&#039;autobus en ligne<\/h2>\n<p>Actuellement, le syst\u00e8me de billetterie en ligne des bus Transline n&#039;est pas fonctionnel car il est impossible de cr\u00e9er un compte ou de se connecter. Quoi qu&#039;il en soit, l&#039;indisponibilit\u00e9 du service ne doit pas vous emp\u00eacher d&#039;effectuer la billetterie en ligne classique Transline pour un trajet sp\u00e9cifique dans le confort de votre si\u00e8ge.<\/p>\n<h3>R\u00e9servation de bus Transline<\/h3>\n<p>Vous effectuez la r\u00e9servation de billets en ligne Transline ou pouvez utiliser leur num\u00e9ro de t\u00e9l\u00e9phone pour faire conserver votre autocar Transline \u00e0 tout moment propos\u00e9. Le paiement de l&#039;application de r\u00e9servation en ligne Transline peut \u00e9galement \u00eatre effectu\u00e9 via M-Pesa pour plus de facilit\u00e9.<\/p>\n<p>Les trajets en bus Transline sont l&#039;un des meilleurs correspondants \u00e0 d&#039;autres acteurs importants de l&#039;industrie. Leurs entra\u00eeneurs ont des si\u00e8ges r\u00e9glables relaxants, un syst\u00e8me de musique, suffisamment d&#039;espace pour les jambes et des s\u00e9ries t\u00e9l\u00e9vis\u00e9es.<\/p>\n<p>\u200b\u2022 Utilisez le portail de r\u00e9servation en ligne Transline ci-dessus pour r\u00e9server vos billets de bus.<\/p>\n<p>\u2022 Utilisez le portail de suivi des colis Transline\u200b pour suivre votre bus.<\/p>\n<h2>Other popular bus companies in Kenya<\/h2>\n<table border=\"0\" cellspacing=\"1\" cellpadding=\"1\">\n<tbody>\n<tr>\n<td>\n<ul>\n<li><a href=\"https:\/\/tiketi.com\/fr-fr\/companies\/buses\/simba-coach\/\" target=\"_blank\" rel=\"noopener\">Simba Coach Booking<\/a><\/li>\n<\/ul>\n<\/td>\n<td style=\"width: 30px;\"><\/td>\n<td>\n<ul>\n<li><a href=\"https:\/\/tiketi.com\/fr-fr\/companies\/buses\/ena-coach\/\" target=\"_blank\" rel=\"noopener\">Ena Coach Booking<\/a><\/li>\n<\/ul>\n<\/td>\n<td style=\"width: 30px;\"><\/td>\n<td>\n<ul>\n<li><a href=\"https:\/\/tiketi.com\/fr-fr\/companies\/buses\/easy-coach\/\" target=\"_blank\" rel=\"noopener\">Easy Coach Booking<\/a><\/li>\n<\/ul>\n<\/td>\n<\/tr>\n<tr>\n<td>\n<ul>\n<li><a href=\"https:\/\/tiketi.com\/fr-fr\/companies\/buses\/guardian-coach\/\" target=\"_blank\" rel=\"noopener\">Guardian Coach Booking<\/a><\/li>\n<\/ul>\n<\/td>\n<td style=\"width: 30px;\"><\/td>\n<td>\n<ul>\n<li><a href=\"https:\/\/tiketi.com\/fr-fr\/companies\/buses\/modern-coast-coaches\/\" target=\"_blank\" rel=\"noopener\">Modern Coast Booking<\/a><\/li>\n<\/ul>\n<\/td>\n<td style=\"width: 30px;\"><\/td>\n<td>\n<ul>\n<li><a href=\"https:\/\/tiketi.com\/fr-fr\/companies\/buses\/mash-poa-mash-east-africa\/\" target=\"_blank\" rel=\"noopener\">Mash Poa Booking<\/a><\/li>\n<\/ul>\n<\/td>\n<\/tr>\n<tr>\n<td>\n<ul>\n<li><a href=\"https:\/\/tiketi.com\/fr-fr\/companies\/buses\/coast-bus\/\" target=\"_blank\" rel=\"noopener\">Coast Bus Booking<\/a><\/li>\n<\/ul>\n<\/td>\n<td style=\"width: 30px;\"><\/td>\n<td>\n<ul>\n<li><a href=\"https:\/\/tiketi.com\/fr-fr\/companies\/buses\/dreamline-express-coaches\/\" target=\"_blank\" rel=\"noopener\">Dreamline Express Booking<\/a><\/li>\n<\/ul>\n<\/td>\n<td style=\"width: 30px;\"><\/td>\n<td>\n<ul>\n<li><a href=\"https:\/\/tiketi.com\/fr-fr\/companies\/buses\/buscar-coaches\/\" target=\"_blank\" rel=\"noopener\">Buscar Coach Booking<\/a><\/li>\n<\/ul>\n<\/td>\n<\/tr>\n<\/tbody>\n<\/table>\n<p>&nbsp;<\/p>\n<p>&nbsp;<\/p>\n<p>&nbsp;<\/p>","protected":false},"excerpt":{"rendered":"<p>Transline Coaches Online Booking Discover your travel route on web, mobile or app and do cheap Transline bus online ticketing now. Transline Classic\u00a0online booking Kenya made easy. Transline Coaches online booking fleet is a asset of the Transline classic limited. Established some years back, the Transline Coach bus company has over 50 buses. Its status [&hellip;]<\/p>\n","protected":false},"author":1,"featured_media":13999,"parent":25524,"menu_order":0,"comment_status":"open","ping_status":"closed","template":"template-home-modern.php","meta":{"footnotes":""},"class_list":["post-11381","page","type-page","status-publish","has-post-thumbnail","hentry"],"yoast_head":"<!-- This site is optimized with the Yoast SEO plugin v27.3 - https:\/\/yoast.com\/product\/yoast-seo-wordpress\/ -->\n<title>Transline Classic Online Booking, Bus Tickets, Schedule, Routes &amp; Fares<\/title>\n<meta name=\"description\" content=\"Looking for Transline Classic online booking Kenya, app, contact, bus routes, fares and schedule timing? Make a Transline Coaches online bus ticket booking now\" \/>\n<meta name=\"robots\" content=\"index, follow, max-snippet:-1, max-image-preview:large, max-video-preview:-1\" \/>\n<link rel=\"canonical\" href=\"https:\/\/tiketi.com\/fr-fr\/companies\/buses\/transline-coaches\/\" \/>\n<meta property=\"og:locale\" content=\"fr_FR\" \/>\n<meta property=\"og:type\" content=\"article\" \/>\n<meta property=\"og:title\" content=\"Transline Classic Online Booking, Bus Tickets, Schedule, Routes &amp; Fares\" \/>\n<meta property=\"og:description\" content=\"Looking for Transline Classic online booking Kenya, app, contact, bus routes, fares and schedule timing? Make a Transline Coaches online bus ticket booking now\" \/>\n<meta property=\"og:url\" content=\"https:\/\/tiketi.com\/fr-fr\/companies\/buses\/transline-coaches\/\" \/>\n<meta property=\"og:site_name\" content=\"Tiketi.com\" \/>\n<meta property=\"article:publisher\" content=\"https:\/\/www.facebook.com\/TiketiCom\/\" \/>\n<meta property=\"article:modified_time\" content=\"2025-08-02T12:22:12+00:00\" \/>\n<meta property=\"og:image\" content=\"https:\/\/tiketi.com\/wp-content\/uploads\/2022\/01\/bus-ticket-online-booking.jpg\" \/>\n\t<meta property=\"og:image:width\" content=\"1200\" \/>\n\t<meta property=\"og:image:height\" content=\"206\" \/>\n\t<meta property=\"og:image:type\" content=\"image\/jpeg\" \/>\n<meta name=\"twitter:card\" content=\"summary_large_image\" \/>\n<meta name=\"twitter:label1\" content=\"Dur\u00e9e de lecture estim\u00e9e\" \/>\n\t<meta name=\"twitter:data1\" content=\"3 minutes\" \/>\n<script type=\"application\/ld+json\" class=\"yoast-schema-graph\">{\"@context\":\"https:\\\/\\\/schema.org\",\"@graph\":[{\"@type\":\"WebPage\",\"@id\":\"https:\\\/\\\/tiketi.com\\\/companies\\\/buses\\\/transline-coaches\\\/\",\"url\":\"https:\\\/\\\/tiketi.com\\\/companies\\\/buses\\\/transline-coaches\\\/\",\"name\":\"Transline Classic Online Booking, Bus Tickets, Schedule, Routes & Fares\",\"isPartOf\":{\"@id\":\"https:\\\/\\\/tiketi.com\\\/#website\"},\"primaryImageOfPage\":{\"@id\":\"https:\\\/\\\/tiketi.com\\\/companies\\\/buses\\\/transline-coaches\\\/#primaryimage\"},\"image\":{\"@id\":\"https:\\\/\\\/tiketi.com\\\/companies\\\/buses\\\/transline-coaches\\\/#primaryimage\"},\"thumbnailUrl\":\"https:\\\/\\\/tiketi.com\\\/wp-content\\\/uploads\\\/2022\\\/01\\\/bus-ticket-online-booking.jpg\",\"datePublished\":\"2022-01-19T11:54:35+00:00\",\"dateModified\":\"2025-08-02T12:22:12+00:00\",\"description\":\"Looking for Transline Classic online booking Kenya, app, contact, bus routes, fares and schedule timing? Make a Transline Coaches online bus ticket booking now\",\"breadcrumb\":{\"@id\":\"https:\\\/\\\/tiketi.com\\\/companies\\\/buses\\\/transline-coaches\\\/#breadcrumb\"},\"inLanguage\":\"fr-FR\",\"potentialAction\":[{\"@type\":\"ReadAction\",\"target\":[\"https:\\\/\\\/tiketi.com\\\/companies\\\/buses\\\/transline-coaches\\\/\"]}]},{\"@type\":\"ImageObject\",\"inLanguage\":\"fr-FR\",\"@id\":\"https:\\\/\\\/tiketi.com\\\/companies\\\/buses\\\/transline-coaches\\\/#primaryimage\",\"url\":\"https:\\\/\\\/tiketi.com\\\/wp-content\\\/uploads\\\/2022\\\/01\\\/bus-ticket-online-booking.jpg\",\"contentUrl\":\"https:\\\/\\\/tiketi.com\\\/wp-content\\\/uploads\\\/2022\\\/01\\\/bus-ticket-online-booking.jpg\",\"width\":1200,\"height\":206,\"caption\":\"Online Bus Ticket Booking\"},{\"@type\":\"BreadcrumbList\",\"@id\":\"https:\\\/\\\/tiketi.com\\\/companies\\\/buses\\\/transline-coaches\\\/#breadcrumb\",\"itemListElement\":[{\"@type\":\"ListItem\",\"position\":1,\"name\":\"Home\",\"item\":\"https:\\\/\\\/tiketi.com\\\/\"},{\"@type\":\"ListItem\",\"position\":2,\"name\":\"Companies\",\"item\":\"https:\\\/\\\/tiketi.com\\\/companies\\\/\"},{\"@type\":\"ListItem\",\"position\":3,\"name\":\"Buses\",\"item\":\"https:\\\/\\\/tiketi.com\\\/companies\\\/buses\\\/\"},{\"@type\":\"ListItem\",\"position\":4,\"name\":\"Transline Classic Online Booking, Bus Tickets, Schedule, Routes &#038; Fares\"}]},{\"@type\":\"WebSite\",\"@id\":\"https:\\\/\\\/tiketi.com\\\/#website\",\"url\":\"https:\\\/\\\/tiketi.com\\\/\",\"name\":\"Flight & Bus Tickets, Tour Packages & Activitites - Tiketi.com\",\"description\":\"Flight &amp; Bus Tickets, Tours, Activitites\",\"publisher\":{\"@id\":\"https:\\\/\\\/tiketi.com\\\/#organization\"},\"potentialAction\":[{\"@type\":\"SearchAction\",\"target\":{\"@type\":\"EntryPoint\",\"urlTemplate\":\"https:\\\/\\\/tiketi.com\\\/?s={search_term_string}\"},\"query-input\":{\"@type\":\"PropertyValueSpecification\",\"valueRequired\":true,\"valueName\":\"search_term_string\"}}],\"inLanguage\":\"fr-FR\"},{\"@type\":\"Organization\",\"@id\":\"https:\\\/\\\/tiketi.com\\\/#organization\",\"name\":\"Tiketi.com\",\"alternateName\":\"Tiketi\",\"url\":\"https:\\\/\\\/tiketi.com\\\/\",\"logo\":{\"@type\":\"ImageObject\",\"inLanguage\":\"fr-FR\",\"@id\":\"https:\\\/\\\/tiketi.com\\\/#\\\/schema\\\/logo\\\/image\\\/\",\"url\":\"https:\\\/\\\/tiketi.com\\\/wp-content\\\/uploads\\\/2019\\\/05\\\/tiketi-logo-696.png\",\"contentUrl\":\"https:\\\/\\\/tiketi.com\\\/wp-content\\\/uploads\\\/2019\\\/05\\\/tiketi-logo-696.png\",\"width\":696,\"height\":696,\"caption\":\"Tiketi.com\"},\"image\":{\"@id\":\"https:\\\/\\\/tiketi.com\\\/#\\\/schema\\\/logo\\\/image\\\/\"},\"sameAs\":[\"https:\\\/\\\/www.facebook.com\\\/TiketiCom\\\/\"]}]}<\/script>\n<!-- \/ Yoast SEO plugin. -->","yoast_head_json":{"title":"R\u00e9servation en ligne Transline Classic, billets de bus, horaires, itin\u00e9raires et tarifs","description":"Vous recherchez Transline Classic r\u00e9servation en ligne Kenya, application, contact, itin\u00e9raires de bus, tarifs et horaires? Faites une r\u00e9servation de billet de bus en ligne Transline Coaches maintenant","robots":{"index":"index","follow":"follow","max-snippet":"max-snippet:-1","max-image-preview":"max-image-preview:large","max-video-preview":"max-video-preview:-1"},"canonical":"https:\/\/tiketi.com\/fr-fr\/companies\/buses\/transline-coaches\/","og_locale":"fr_FR","og_type":"article","og_title":"Transline Classic Online Booking, Bus Tickets, Schedule, Routes & Fares","og_description":"Looking for Transline Classic online booking Kenya, app, contact, bus routes, fares and schedule timing? Make a Transline Coaches online bus ticket booking now","og_url":"https:\/\/tiketi.com\/fr-fr\/companies\/buses\/transline-coaches\/","og_site_name":"Tiketi.com","article_publisher":"https:\/\/www.facebook.com\/TiketiCom\/","article_modified_time":"2025-08-02T12:22:12+00:00","og_image":[{"width":1200,"height":206,"url":"https:\/\/tiketi.com\/wp-content\/uploads\/2022\/01\/bus-ticket-online-booking.jpg","type":"image\/jpeg"}],"twitter_card":"summary_large_image","twitter_misc":{"Dur\u00e9e de lecture estim\u00e9e":"3 minutes"},"schema":{"@context":"https:\/\/schema.org","@graph":[{"@type":"WebPage","@id":"https:\/\/tiketi.com\/companies\/buses\/transline-coaches\/","url":"https:\/\/tiketi.com\/companies\/buses\/transline-coaches\/","name":"R\u00e9servation en ligne Transline Classic, billets de bus, horaires, itin\u00e9raires et tarifs","isPartOf":{"@id":"https:\/\/tiketi.com\/#website"},"primaryImageOfPage":{"@id":"https:\/\/tiketi.com\/companies\/buses\/transline-coaches\/#primaryimage"},"image":{"@id":"https:\/\/tiketi.com\/companies\/buses\/transline-coaches\/#primaryimage"},"thumbnailUrl":"https:\/\/tiketi.com\/wp-content\/uploads\/2022\/01\/bus-ticket-online-booking.jpg","datePublished":"2022-01-19T11:54:35+00:00","dateModified":"2025-08-02T12:22:12+00:00","description":"Vous recherchez Transline Classic r\u00e9servation en ligne Kenya, application, contact, itin\u00e9raires de bus, tarifs et horaires? Faites une r\u00e9servation de billet de bus en ligne Transline Coaches maintenant","breadcrumb":{"@id":"https:\/\/tiketi.com\/companies\/buses\/transline-coaches\/#breadcrumb"},"inLanguage":"fr-FR","potentialAction":[{"@type":"ReadAction","target":["https:\/\/tiketi.com\/companies\/buses\/transline-coaches\/"]}]},{"@type":"ImageObject","inLanguage":"fr-FR","@id":"https:\/\/tiketi.com\/companies\/buses\/transline-coaches\/#primaryimage","url":"https:\/\/tiketi.com\/wp-content\/uploads\/2022\/01\/bus-ticket-online-booking.jpg","contentUrl":"https:\/\/tiketi.com\/wp-content\/uploads\/2022\/01\/bus-ticket-online-booking.jpg","width":1200,"height":206,"caption":"Online Bus Ticket Booking"},{"@type":"BreadcrumbList","@id":"https:\/\/tiketi.com\/companies\/buses\/transline-coaches\/#breadcrumb","itemListElement":[{"@type":"ListItem","position":1,"name":"Home","item":"https:\/\/tiketi.com\/"},{"@type":"ListItem","position":2,"name":"Companies","item":"https:\/\/tiketi.com\/companies\/"},{"@type":"ListItem","position":3,"name":"Buses","item":"https:\/\/tiketi.com\/companies\/buses\/"},{"@type":"ListItem","position":4,"name":"Transline Classic Online Booking, Bus Tickets, Schedule, Routes &#038; Fares"}]},{"@type":"WebSite","@id":"https:\/\/tiketi.com\/#website","url":"https:\/\/tiketi.com\/","name":"Billets d&#039;avion et de bus, forfaits touristiques et activit\u00e9s - Tiketi.com","description":"Billets d&#039;avion et de bus, Tours, Activit\u00e9s","publisher":{"@id":"https:\/\/tiketi.com\/#organization"},"potentialAction":[{"@type":"SearchAction","target":{"@type":"EntryPoint","urlTemplate":"https:\/\/tiketi.com\/?s={search_term_string}"},"query-input":{"@type":"PropertyValueSpecification","valueRequired":true,"valueName":"search_term_string"}}],"inLanguage":"fr-FR"},{"@type":"Organization","@id":"https:\/\/tiketi.com\/#organization","name":"Tiketi.com","alternateName":"Tiketi","url":"https:\/\/tiketi.com\/","logo":{"@type":"ImageObject","inLanguage":"fr-FR","@id":"https:\/\/tiketi.com\/#\/schema\/logo\/image\/","url":"https:\/\/tiketi.com\/wp-content\/uploads\/2019\/05\/tiketi-logo-696.png","contentUrl":"https:\/\/tiketi.com\/wp-content\/uploads\/2019\/05\/tiketi-logo-696.png","width":696,"height":696,"caption":"Tiketi.com"},"image":{"@id":"https:\/\/tiketi.com\/#\/schema\/logo\/image\/"},"sameAs":["https:\/\/www.facebook.com\/TiketiCom\/"]}]}},"_links":{"self":[{"href":"https:\/\/tiketi.com\/fr-fr\/wp-json\/wp\/v2\/pages\/11381","targetHints":{"allow":["GET"]}}],"collection":[{"href":"https:\/\/tiketi.com\/fr-fr\/wp-json\/wp\/v2\/pages"}],"about":[{"href":"https:\/\/tiketi.com\/fr-fr\/wp-json\/wp\/v2\/types\/page"}],"author":[{"embeddable":true,"href":"https:\/\/tiketi.com\/fr-fr\/wp-json\/wp\/v2\/users\/1"}],"replies":[{"embeddable":true,"href":"https:\/\/tiketi.com\/fr-fr\/wp-json\/wp\/v2\/comments?post=11381"}],"version-history":[{"count":3,"href":"https:\/\/tiketi.com\/fr-fr\/wp-json\/wp\/v2\/pages\/11381\/revisions"}],"predecessor-version":[{"id":32291,"href":"https:\/\/tiketi.com\/fr-fr\/wp-json\/wp\/v2\/pages\/11381\/revisions\/32291"}],"up":[{"embeddable":true,"href":"https:\/\/tiketi.com\/fr-fr\/wp-json\/wp\/v2\/pages\/25524"}],"wp:featuredmedia":[{"embeddable":true,"href":"https:\/\/tiketi.com\/fr-fr\/wp-json\/wp\/v2\/media\/13999"}],"wp:attachment":[{"href":"https:\/\/tiketi.com\/fr-fr\/wp-json\/wp\/v2\/media?parent=11381"}],"curies":[{"name":"wp","href":"https:\/\/api.w.org\/{rel}","templated":true}]}}