{"id":11382,"date":"2022-01-19T12:54:35","date_gmt":"2022-01-19T11:54:35","guid":{"rendered":"https:\/\/new.tiketi.com\/mash-online-booking-bus-tickets-routes-fares\/"},"modified":"2025-08-02T13:06:06","modified_gmt":"2025-08-02T12:06:06","slug":"mash-poa-mash-east-africa","status":"publish","type":"page","link":"https:\/\/tiketi.com\/fr-fr\/companies\/buses\/mash-poa-mash-east-africa\/","title":{"rendered":"R\u00e9servation en ligne Mash, billets de bus, horaires, itin\u00e9raire et tarif"},"content":{"rendered":"<h2>R\u00e9servation de billets de bus en ligne Mash Afrique de l&#039;Est pas cher<\/h2>\n<h3>D\u00e9couvrez votre itin\u00e9raire de voyage sur le web, le mobile ou l&#039;application et r\u00e9servez d\u00e8s maintenant en ligne des billets de bus Mash Afrique de l&#039;Est pas chers.<\/h3>\n<p>Mash r\u00e9servation en ligne facile. La r\u00e9servation de billets de bus en ligne n&#039;est pas seulement pratique, c&#039;est aussi le meilleur moyen de r\u00e9server une place dans le bus bien avant le d\u00e9but de l&#039;affluence. La r\u00e9servation de billets de bus en ligne Mash Afrique de l&#039;Est vous permet d&#039;\u00e9conomiser du temps et de l&#039;argent.<\/p>\n<p>Si c&#039;est la premi\u00e8re fois que vous essayez cela via la compagnie de bus, vous n&#039;avez pas \u00e0 h\u00e9siter. Ceci est un guide rapide et simple pour vous aider \u00e0 le faire.<\/p>\n<h2>FAQ sur la r\u00e9servation en ligne, les contacts, les itin\u00e9raires et les tarifs de Mash<\/h2>\n<h3>Quels sont les trajets parcourus quotidiennement par les bus Mash East Africa ?<\/h3>\n<p>Principaux itin\u00e9raires de Mash Afrique de l&#039;Est\u00a0:<\/p>\n<p>Nairobi \u2013 Mombasa, Nairobi \u2013 Kigali, Nairobi \u2013 Kampala, Nairobi \u2013 Malindi, Depuis Mombasa, Mombasa \u2013 Nairobi, Mombasa \u2013 Kisumu, Mombasa \u2013 Mumias, Mombasa \u2013 Migori, Mombasa \u2013 Kitui, Kampala \u2013 Nairobi, Kitui \u2013 Mombasa, Malindi \u2013 Nairobi .<\/p>\n<h3>Horaires de Mash Afrique de l&#039;Est<\/h3>\n<p>D\u00c9PARTS QUOTIDIENS DE MOMBASA VERS\u00a0:<\/p>\n<p>1. MOMBASA \u00c0 MALABA \u2013 5H30<\/p>\n<p>2. MOMBASA \u00c0 KISUMU \u2013 5H30<\/p>\n<p>3. MOMBASA \u00c0 KITUI \u2013 08:00<\/p>\n<p>4. MOMBASA \u00c0 NAIROBI (7h30, 8h30, 10h00 et 11h00)<\/p>\n<p>D\u00c9PARTS QUOTIDIENS DE NAIROBI VERS,<\/p>\n<p>1. NAIROBI \u00c0 KAMPALA \u2013 06:00 &amp; 06:15<\/p>\n<p>2 NAIROBI \u00c0 MALINDI \u2013 7H00<\/p>\n<p>3. NAIROBI \u00c0 MOMBASA (7h30, 8h00, 10h00 et 10h30)<\/p>\n<h3>Horaires de bus Mash Afrique de l&#039;Est<\/h3>\n<p>D\u00c9PART QUOTIDIEN DE MALINDI \u00c0 NAIROBI \u2013 06:30<\/p>\n<p>D\u00c9PARTS QUOTIDIENS DE KITUI \u00c0 MOMBASA \u2013 08:00<\/p>\n<p>D\u00c9PART QUOTIDIEN DE KAMPALA \u00c0 NAIROBI - 00:30 &amp; 01:00<\/p>\n<p>HEURE DE D\u00c9PART QUOTIDIEN DE KISUMU \u00c0 MOMBASA - 06:30<\/p>\n<p>D\u00c9PART QUOTIDIEN DE MALABA \u00c0 MOMBASA \u2013 07:30:AM<\/p>\n<p>NB SE PR\u00c9SENTER AU BUREAU 30 MINUTES AVANT L&#039;HEURE DE D\u00c9PART.<\/p>\n<h3>Quelles sont les coordonn\u00e9es de la r\u00e9servation en ligne Mash et des bus Mash Afrique de l&#039;Est\u00a0?<\/h3>\n<p>Mash Bus Services Ltd \/ Mash Afrique de l&#039;Est ltd<br \/>\nPlace Mash, mwembe tayari<br \/>\nMombasa, Kenya<\/p>\n<h2>Conseils de r\u00e9servation de billets de bus en ligne Mash East Africa<\/h2>\n<p>Mash East Africa offre un moyen plus simple, pratique et plus s\u00fbr de r\u00e9server un bus en ligne. Le syst\u00e8me de r\u00e9servation en ligne Mash Poa \/ Mash East Africa prend en charge tous les itin\u00e9raires couverts par le bus.<\/p>\n<h3>R\u00e9servation en ligne de bus Mash Afrique de l&#039;Est<\/h3>\n<p>Mash East Africa est l&#039;une des entreprises les plus c\u00e9l\u00e8bres du Kenya.<br \/>\nTout ce que vous devez effectuer est d&#039;abord de r\u00e9server votre billet en ligne et de faire un tour avec eux.<br \/>\nLa r\u00e9servation en ligne du bus Mash Poa peut \u00eatre effectu\u00e9e depuis votre ordinateur ou votre t\u00e9l\u00e9phone et en quelques minutes, vous aurez un billet \u00e9lectronique. Suivez les \u00e9tapes ci-dessous pour effectuer une r\u00e9servation en ligne de bus Mash East Africa.<\/p>\n<h3>Voici comment effectuer la r\u00e9servation en ligne de Mash East Africa\u00a0:<\/h3>\n<p>1. Recherchez ci-dessus les billets de bus Mash East Africa.<br \/>\n2. En haut de l&#039;\u00e9cran, vous verrez une barre de recherche avec les d\u00e9tails, de, \u00e0 et dates.<br \/>\n3. Choisissez une ville ou un village d&#039;o\u00f9 vous voulez que les bus Mash Pao viennent vous chercher.<br \/>\n4. Choisissez la date du voyage<br \/>\n5. Choisissez une date de retour, si n\u00e9cessaire, cliquez sur rechercher.<br \/>\n6. Sur la page suivante qui s&#039;ouvre, vous devrez afficher et choisir les si\u00e8ges accessibles.<br \/>\n7. Un graphique s&#039;affichera avec les num\u00e9ros de si\u00e8ge. Chaque si\u00e8ge a un tarif et un montant de couleur. Jaune pour VIP, Bleu pour Normal et Vert pour Business.<br \/>\n8. Choisissez un num\u00e9ro de si\u00e8ge en fonction du montant d&#039;argent que vous aimeriez d\u00e9penser pour le voyage.<br \/>\n9. Apr\u00e8s avoir choisi un si\u00e8ge, choisissez votre point d&#039;embarquement et votre point de chute. Vous verrez le montant du tarif affich\u00e9. Cliquez sur continuer<br \/>\n10. V\u00e9rifiez votre billet et cliquez sur Continuer pour imprimer ou afficher.<\/p>\n<h2>Other popular bus companies in Kenya<\/h2>\n<table border=\"0\" cellspacing=\"1\" cellpadding=\"1\">\n<tbody>\n<tr>\n<td>\n<ul>\n<li><a href=\"https:\/\/tiketi.com\/fr-fr\/companies\/buses\/simba-coach\/\" target=\"_blank\" rel=\"noopener\">Simba Coach Booking<\/a><\/li>\n<\/ul>\n<\/td>\n<td style=\"width: 30px;\"><\/td>\n<td>\n<ul>\n<li><a href=\"https:\/\/tiketi.com\/fr-fr\/companies\/buses\/ena-coach\/\" target=\"_blank\" rel=\"noopener\">Ena Coach Booking<\/a><\/li>\n<\/ul>\n<\/td>\n<td style=\"width: 30px;\"><\/td>\n<td>\n<ul>\n<li><a href=\"https:\/\/tiketi.com\/fr-fr\/companies\/buses\/easy-coach\/\" target=\"_blank\" rel=\"noopener\">Easy Coach Booking<\/a><\/li>\n<\/ul>\n<\/td>\n<\/tr>\n<tr>\n<td>\n<ul>\n<li><a href=\"https:\/\/tiketi.com\/fr-fr\/companies\/buses\/tahmeed-express-coaches\/\" target=\"_blank\" rel=\"noopener\">Tahmeed Coach Booking<\/a><\/li>\n<\/ul>\n<\/td>\n<td style=\"width: 30px;\"><\/td>\n<td>\n<ul>\n<li><a href=\"https:\/\/tiketi.com\/fr-fr\/companies\/buses\/guardian-coach\/\" target=\"_blank\" rel=\"noopener\">Guardian Coach Booking<\/a><\/li>\n<\/ul>\n<\/td>\n<td style=\"width: 30px;\"><\/td>\n<td>\n<ul>\n<li><a href=\"https:\/\/tiketi.com\/fr-fr\/companies\/buses\/modern-coast-coaches\/\" target=\"_blank\" rel=\"noopener\">Modern Coast Booking<\/a><\/li>\n<\/ul>\n<\/td>\n<\/tr>\n<tr>\n<td>\n<ul>\n<li><a href=\"https:\/\/tiketi.com\/fr-fr\/companies\/buses\/coast-bus\/\" target=\"_blank\" rel=\"noopener\">Coast Bus Booking<\/a><\/li>\n<\/ul>\n<\/td>\n<td style=\"width: 30px;\"><\/td>\n<td>\n<ul>\n<li><a href=\"https:\/\/tiketi.com\/fr-fr\/companies\/buses\/dreamline-express-coaches\/\" target=\"_blank\" rel=\"noopener\">Dreamline Express Booking<\/a><\/li>\n<\/ul>\n<\/td>\n<td style=\"width: 30px;\"><\/td>\n<td>\n<ul>\n<li><a href=\"https:\/\/tiketi.com\/fr-fr\/spanish-buses\/\" target=\"_blank\" rel=\"noopener\">Spanish Coach Booking<\/a><\/li>\n<\/ul>\n<\/td>\n<\/tr>\n<\/tbody>\n<\/table>\n<p>&nbsp;<\/p>","protected":false},"excerpt":{"rendered":"<p>Cheap Mash East Africa Online Bus Ticket Booking Discover your travel route on web, mobile or app and book cheap Mash East Africa bus tickets online now. Mash online booking made easy.\u00a0Online bus ticket booking is not just convenient but also a best way to reserve a spot on the bus long before traveling rush [&hellip;]<\/p>\n","protected":false},"author":1,"featured_media":13999,"parent":25524,"menu_order":0,"comment_status":"open","ping_status":"closed","template":"template-home-modern.php","meta":{"footnotes":""},"class_list":["post-11382","page","type-page","status-publish","has-post-thumbnail","hentry"],"yoast_head":"<!-- This site is optimized with the Yoast SEO plugin v27.3 - https:\/\/yoast.com\/product\/yoast-seo-wordpress\/ -->\n<title>Mash Online Booking, Bus Tickets, Bus Tickets, Route, Schedule &amp; Fare<\/title>\n<meta name=\"description\" content=\"Looking for Mash online booking, app, contacts, bus routes, fare and schedule? Make a Mash East Africa online bus ticket booking and save time and money!\" \/>\n<meta name=\"robots\" content=\"index, follow, max-snippet:-1, max-image-preview:large, max-video-preview:-1\" \/>\n<link rel=\"canonical\" href=\"https:\/\/tiketi.com\/fr-fr\/companies\/buses\/mash-poa-mash-east-africa\/\" \/>\n<meta property=\"og:locale\" content=\"fr_FR\" \/>\n<meta property=\"og:type\" content=\"article\" \/>\n<meta property=\"og:title\" content=\"Mash Online Booking, Bus Tickets, Bus Tickets, Route, Schedule &amp; Fare\" \/>\n<meta property=\"og:description\" content=\"Looking for Mash online booking, app, contacts, bus routes, fare and schedule? Make a Mash East Africa online bus ticket booking and save time and money!\" \/>\n<meta property=\"og:url\" content=\"https:\/\/tiketi.com\/fr-fr\/companies\/buses\/mash-poa-mash-east-africa\/\" \/>\n<meta property=\"og:site_name\" content=\"Tiketi.com\" \/>\n<meta property=\"article:publisher\" content=\"https:\/\/www.facebook.com\/TiketiCom\/\" \/>\n<meta property=\"article:modified_time\" content=\"2025-08-02T12:06:06+00:00\" \/>\n<meta property=\"og:image\" content=\"https:\/\/tiketi.com\/wp-content\/uploads\/2022\/01\/bus-ticket-online-booking.jpg\" \/>\n\t<meta property=\"og:image:width\" content=\"1200\" \/>\n\t<meta property=\"og:image:height\" content=\"206\" \/>\n\t<meta property=\"og:image:type\" content=\"image\/jpeg\" \/>\n<meta name=\"twitter:card\" content=\"summary_large_image\" \/>\n<meta name=\"twitter:label1\" content=\"Dur\u00e9e de lecture estim\u00e9e\" \/>\n\t<meta name=\"twitter:data1\" content=\"3 minutes\" \/>\n<script type=\"application\/ld+json\" class=\"yoast-schema-graph\">{\"@context\":\"https:\\\/\\\/schema.org\",\"@graph\":[{\"@type\":\"WebPage\",\"@id\":\"https:\\\/\\\/tiketi.com\\\/companies\\\/buses\\\/mash-poa-mash-east-africa\\\/\",\"url\":\"https:\\\/\\\/tiketi.com\\\/companies\\\/buses\\\/mash-poa-mash-east-africa\\\/\",\"name\":\"Mash Online Booking, Bus Tickets, Bus Tickets, Route, Schedule & Fare\",\"isPartOf\":{\"@id\":\"https:\\\/\\\/tiketi.com\\\/#website\"},\"primaryImageOfPage\":{\"@id\":\"https:\\\/\\\/tiketi.com\\\/companies\\\/buses\\\/mash-poa-mash-east-africa\\\/#primaryimage\"},\"image\":{\"@id\":\"https:\\\/\\\/tiketi.com\\\/companies\\\/buses\\\/mash-poa-mash-east-africa\\\/#primaryimage\"},\"thumbnailUrl\":\"https:\\\/\\\/tiketi.com\\\/wp-content\\\/uploads\\\/2022\\\/01\\\/bus-ticket-online-booking.jpg\",\"datePublished\":\"2022-01-19T11:54:35+00:00\",\"dateModified\":\"2025-08-02T12:06:06+00:00\",\"description\":\"Looking for Mash online booking, app, contacts, bus routes, fare and schedule? Make a Mash East Africa online bus ticket booking and save time and money!\",\"breadcrumb\":{\"@id\":\"https:\\\/\\\/tiketi.com\\\/companies\\\/buses\\\/mash-poa-mash-east-africa\\\/#breadcrumb\"},\"inLanguage\":\"fr-FR\",\"potentialAction\":[{\"@type\":\"ReadAction\",\"target\":[\"https:\\\/\\\/tiketi.com\\\/companies\\\/buses\\\/mash-poa-mash-east-africa\\\/\"]}]},{\"@type\":\"ImageObject\",\"inLanguage\":\"fr-FR\",\"@id\":\"https:\\\/\\\/tiketi.com\\\/companies\\\/buses\\\/mash-poa-mash-east-africa\\\/#primaryimage\",\"url\":\"https:\\\/\\\/tiketi.com\\\/wp-content\\\/uploads\\\/2022\\\/01\\\/bus-ticket-online-booking.jpg\",\"contentUrl\":\"https:\\\/\\\/tiketi.com\\\/wp-content\\\/uploads\\\/2022\\\/01\\\/bus-ticket-online-booking.jpg\",\"width\":1200,\"height\":206,\"caption\":\"Online Bus Ticket Booking\"},{\"@type\":\"BreadcrumbList\",\"@id\":\"https:\\\/\\\/tiketi.com\\\/companies\\\/buses\\\/mash-poa-mash-east-africa\\\/#breadcrumb\",\"itemListElement\":[{\"@type\":\"ListItem\",\"position\":1,\"name\":\"Home\",\"item\":\"https:\\\/\\\/tiketi.com\\\/\"},{\"@type\":\"ListItem\",\"position\":2,\"name\":\"Companies\",\"item\":\"https:\\\/\\\/tiketi.com\\\/companies\\\/\"},{\"@type\":\"ListItem\",\"position\":3,\"name\":\"Buses\",\"item\":\"https:\\\/\\\/tiketi.com\\\/companies\\\/buses\\\/\"},{\"@type\":\"ListItem\",\"position\":4,\"name\":\"Mash Online Booking, Bus Tickets, Schedule, Route &#038; Fare\"}]},{\"@type\":\"WebSite\",\"@id\":\"https:\\\/\\\/tiketi.com\\\/#website\",\"url\":\"https:\\\/\\\/tiketi.com\\\/\",\"name\":\"Flight & Bus Tickets, Tour Packages & Activitites - Tiketi.com\",\"description\":\"Flight &amp; Bus Tickets, Tours, Activitites\",\"publisher\":{\"@id\":\"https:\\\/\\\/tiketi.com\\\/#organization\"},\"potentialAction\":[{\"@type\":\"SearchAction\",\"target\":{\"@type\":\"EntryPoint\",\"urlTemplate\":\"https:\\\/\\\/tiketi.com\\\/?s={search_term_string}\"},\"query-input\":{\"@type\":\"PropertyValueSpecification\",\"valueRequired\":true,\"valueName\":\"search_term_string\"}}],\"inLanguage\":\"fr-FR\"},{\"@type\":\"Organization\",\"@id\":\"https:\\\/\\\/tiketi.com\\\/#organization\",\"name\":\"Tiketi.com\",\"alternateName\":\"Tiketi\",\"url\":\"https:\\\/\\\/tiketi.com\\\/\",\"logo\":{\"@type\":\"ImageObject\",\"inLanguage\":\"fr-FR\",\"@id\":\"https:\\\/\\\/tiketi.com\\\/#\\\/schema\\\/logo\\\/image\\\/\",\"url\":\"https:\\\/\\\/tiketi.com\\\/wp-content\\\/uploads\\\/2019\\\/05\\\/tiketi-logo-696.png\",\"contentUrl\":\"https:\\\/\\\/tiketi.com\\\/wp-content\\\/uploads\\\/2019\\\/05\\\/tiketi-logo-696.png\",\"width\":696,\"height\":696,\"caption\":\"Tiketi.com\"},\"image\":{\"@id\":\"https:\\\/\\\/tiketi.com\\\/#\\\/schema\\\/logo\\\/image\\\/\"},\"sameAs\":[\"https:\\\/\\\/www.facebook.com\\\/TiketiCom\\\/\"]}]}<\/script>\n<!-- \/ Yoast SEO plugin. -->","yoast_head_json":{"title":"R\u00e9servation en ligne Mash, Billets de bus, Billets de bus, Itin\u00e9raire, Horaire et Tarif","description":"Vous recherchez une r\u00e9servation en ligne Mash, une application, des contacts, des itin\u00e9raires de bus, des tarifs et des horaires\u00a0? Faites une r\u00e9servation en ligne de billets de bus Mash Afrique de l&#039;Est et gagnez du temps et de l&#039;argent !","robots":{"index":"index","follow":"follow","max-snippet":"max-snippet:-1","max-image-preview":"max-image-preview:large","max-video-preview":"max-video-preview:-1"},"canonical":"https:\/\/tiketi.com\/fr-fr\/companies\/buses\/mash-poa-mash-east-africa\/","og_locale":"fr_FR","og_type":"article","og_title":"Mash Online Booking, Bus Tickets, Bus Tickets, Route, Schedule & Fare","og_description":"Looking for Mash online booking, app, contacts, bus routes, fare and schedule? Make a Mash East Africa online bus ticket booking and save time and money!","og_url":"https:\/\/tiketi.com\/fr-fr\/companies\/buses\/mash-poa-mash-east-africa\/","og_site_name":"Tiketi.com","article_publisher":"https:\/\/www.facebook.com\/TiketiCom\/","article_modified_time":"2025-08-02T12:06:06+00:00","og_image":[{"width":1200,"height":206,"url":"https:\/\/tiketi.com\/wp-content\/uploads\/2022\/01\/bus-ticket-online-booking.jpg","type":"image\/jpeg"}],"twitter_card":"summary_large_image","twitter_misc":{"Dur\u00e9e de lecture estim\u00e9e":"3 minutes"},"schema":{"@context":"https:\/\/schema.org","@graph":[{"@type":"WebPage","@id":"https:\/\/tiketi.com\/companies\/buses\/mash-poa-mash-east-africa\/","url":"https:\/\/tiketi.com\/companies\/buses\/mash-poa-mash-east-africa\/","name":"R\u00e9servation en ligne Mash, Billets de bus, Billets de bus, Itin\u00e9raire, Horaire et Tarif","isPartOf":{"@id":"https:\/\/tiketi.com\/#website"},"primaryImageOfPage":{"@id":"https:\/\/tiketi.com\/companies\/buses\/mash-poa-mash-east-africa\/#primaryimage"},"image":{"@id":"https:\/\/tiketi.com\/companies\/buses\/mash-poa-mash-east-africa\/#primaryimage"},"thumbnailUrl":"https:\/\/tiketi.com\/wp-content\/uploads\/2022\/01\/bus-ticket-online-booking.jpg","datePublished":"2022-01-19T11:54:35+00:00","dateModified":"2025-08-02T12:06:06+00:00","description":"Vous recherchez une r\u00e9servation en ligne Mash, une application, des contacts, des itin\u00e9raires de bus, des tarifs et des horaires\u00a0? Faites une r\u00e9servation en ligne de billets de bus Mash Afrique de l&#039;Est et gagnez du temps et de l&#039;argent !","breadcrumb":{"@id":"https:\/\/tiketi.com\/companies\/buses\/mash-poa-mash-east-africa\/#breadcrumb"},"inLanguage":"fr-FR","potentialAction":[{"@type":"ReadAction","target":["https:\/\/tiketi.com\/companies\/buses\/mash-poa-mash-east-africa\/"]}]},{"@type":"ImageObject","inLanguage":"fr-FR","@id":"https:\/\/tiketi.com\/companies\/buses\/mash-poa-mash-east-africa\/#primaryimage","url":"https:\/\/tiketi.com\/wp-content\/uploads\/2022\/01\/bus-ticket-online-booking.jpg","contentUrl":"https:\/\/tiketi.com\/wp-content\/uploads\/2022\/01\/bus-ticket-online-booking.jpg","width":1200,"height":206,"caption":"Online Bus Ticket Booking"},{"@type":"BreadcrumbList","@id":"https:\/\/tiketi.com\/companies\/buses\/mash-poa-mash-east-africa\/#breadcrumb","itemListElement":[{"@type":"ListItem","position":1,"name":"Home","item":"https:\/\/tiketi.com\/"},{"@type":"ListItem","position":2,"name":"Companies","item":"https:\/\/tiketi.com\/companies\/"},{"@type":"ListItem","position":3,"name":"Buses","item":"https:\/\/tiketi.com\/companies\/buses\/"},{"@type":"ListItem","position":4,"name":"Mash Online Booking, Bus Tickets, Schedule, Route &#038; Fare"}]},{"@type":"WebSite","@id":"https:\/\/tiketi.com\/#website","url":"https:\/\/tiketi.com\/","name":"Billets d&#039;avion et de bus, forfaits touristiques et activit\u00e9s - Tiketi.com","description":"Billets d&#039;avion et de bus, Tours, Activit\u00e9s","publisher":{"@id":"https:\/\/tiketi.com\/#organization"},"potentialAction":[{"@type":"SearchAction","target":{"@type":"EntryPoint","urlTemplate":"https:\/\/tiketi.com\/?s={search_term_string}"},"query-input":{"@type":"PropertyValueSpecification","valueRequired":true,"valueName":"search_term_string"}}],"inLanguage":"fr-FR"},{"@type":"Organization","@id":"https:\/\/tiketi.com\/#organization","name":"Tiketi.com","alternateName":"Tiketi","url":"https:\/\/tiketi.com\/","logo":{"@type":"ImageObject","inLanguage":"fr-FR","@id":"https:\/\/tiketi.com\/#\/schema\/logo\/image\/","url":"https:\/\/tiketi.com\/wp-content\/uploads\/2019\/05\/tiketi-logo-696.png","contentUrl":"https:\/\/tiketi.com\/wp-content\/uploads\/2019\/05\/tiketi-logo-696.png","width":696,"height":696,"caption":"Tiketi.com"},"image":{"@id":"https:\/\/tiketi.com\/#\/schema\/logo\/image\/"},"sameAs":["https:\/\/www.facebook.com\/TiketiCom\/"]}]}},"_links":{"self":[{"href":"https:\/\/tiketi.com\/fr-fr\/wp-json\/wp\/v2\/pages\/11382","targetHints":{"allow":["GET"]}}],"collection":[{"href":"https:\/\/tiketi.com\/fr-fr\/wp-json\/wp\/v2\/pages"}],"about":[{"href":"https:\/\/tiketi.com\/fr-fr\/wp-json\/wp\/v2\/types\/page"}],"author":[{"embeddable":true,"href":"https:\/\/tiketi.com\/fr-fr\/wp-json\/wp\/v2\/users\/1"}],"replies":[{"embeddable":true,"href":"https:\/\/tiketi.com\/fr-fr\/wp-json\/wp\/v2\/comments?post=11382"}],"version-history":[{"count":3,"href":"https:\/\/tiketi.com\/fr-fr\/wp-json\/wp\/v2\/pages\/11382\/revisions"}],"predecessor-version":[{"id":32284,"href":"https:\/\/tiketi.com\/fr-fr\/wp-json\/wp\/v2\/pages\/11382\/revisions\/32284"}],"up":[{"embeddable":true,"href":"https:\/\/tiketi.com\/fr-fr\/wp-json\/wp\/v2\/pages\/25524"}],"wp:featuredmedia":[{"embeddable":true,"href":"https:\/\/tiketi.com\/fr-fr\/wp-json\/wp\/v2\/media\/13999"}],"wp:attachment":[{"href":"https:\/\/tiketi.com\/fr-fr\/wp-json\/wp\/v2\/media?parent=11382"}],"curies":[{"name":"wp","href":"https:\/\/api.w.org\/{rel}","templated":true}]}}