{"id":11384,"date":"2022-01-19T12:54:35","date_gmt":"2022-01-19T11:54:35","guid":{"rendered":"https:\/\/new.tiketi.com\/cheap-ferry-tickets-to-zanzibar-online-booking\/"},"modified":"2023-02-22T21:21:30","modified_gmt":"2023-02-22T20:21:30","slug":"ferry-dar-es-salaam-to-zanzibar-island","status":"publish","type":"page","link":"https:\/\/tiketi.com\/fr-fr\/ferry\/routes\/ferry-dar-es-salaam-to-zanzibar-island\/","title":{"rendered":"Billets de ferry pas chers pour Zanzibar R\u00e9servation en ligne"},"content":{"rendered":"<h2>Meilleurs billets de ferry de Dar es Salaam \u00e0 Zanzibar<\/h2>\n<h3>Comparez et r\u00e9servez en ligne vos billets de ferry de Zanzibar \u00e0 Dar es Salam \u00e0 bas prix.<\/h3>\n<p>Meilleurs billets de ferry pas chers pour Zanzibar, r\u00e9servation en ligne facile. Il existe plusieurs entreprises parmi lesquelles choisir, la principale \u00e9tant Fast Ferrie et Azam Marine. Ils ne diff\u00e8rent pas beaucoup en standard, alors choisissez-en un en fonction de votre meilleure heure de d\u00e9part. Il est excellent de voyager le matin ou vers l&#039;heure du d\u00e9jeuner pour arriver \u00e0 Zanzibar \u00e0 la lumi\u00e8re du jour. R\u00e9servez vos billets de ferry de Dar es Salaam \u00e0 Zanzibar en ligne et gagnez du temps et de l&#039;argent.<\/p>\n<h2>Billets de ferry pas chers pour Zanzibar R\u00e9servation en ligne, itin\u00e9raires, horaires et tarifs FAQ<\/h2>\n<h3>Billets de ferry Zanzibar \u00e0 Dar es Salaam types<\/h3>\n<p>Il existe diff\u00e9rents types de si\u00e8ges pour les billets de ferry de Zanzibar \u00e0 Dar es Salaam : \u00e9conomique et affaires. Le tarif du ferry de Dar es Salaam \u00e0 Zanzibar est diff\u00e9rent pour les deux classes. Vous pouvez \u00e9galement choisir un ferry pas cher pour Zanzibar, op\u00e9r\u00e9 par Zan, Azam Marine ou Coastal Fast Ferries.<\/p>\n<h3>Ferry pour Zanzibar r\u00e9servation en ligne<\/h3>\n<p>O\u00f9 faire la r\u00e9servation de billets de ferry de Dar es Salaam \u00e0 Zanzibar : R\u00e9servation au bureau de ferry \u00e0 Sokoine Dr, Dar es Salaam, Tanzanie. La billetterie et le ferry se trouvent au m\u00eame endroit ou faites la r\u00e9servation en ligne des billets de ferry de Zanzibar \u00e0 Dar es Salaam.<\/p>\n<h3>Horaires et tarifs des ferries de Zanzibar<\/h3>\n<p>Trouvez ci-dessous des tarifs de ferry pas chers vers Zanzibar de Dar es Salaam \u00e0 Zanzibar.<\/p>\n<h3>Billets de ferry de Dar es Salaam \u00e0 Zanzibar Azam Marine Tarifs 2022<\/h3>\n<p>Classe \u00e9conomique<\/p>\n<p>R\u00c9SIDENTS<br \/>\nAdulte (plus de 10 ans) = Tshs 25,000<br \/>\nEnfant (moins de 10 ans) = Tshs 15,000<\/p>\n<p>NON R\u00c9SIDENTS<br \/>\nAdulte (plus de 10 ans) = $35<br \/>\nEnfant (moins de 10 ans) = $25<\/p>\n<p>Classe affaire<\/p>\n<p>R\u00c9SIDENTS<br \/>\nAdulte (plus de 10 ans) = Tshs 35,000<br \/>\nEnfant (moins de 10 ans) = Tshs 35,000<\/p>\n<p>NON R\u00c9SIDENTS<br \/>\nAdulte (plus de 10 ans) = $40<br \/>\nEnfant (moins de 10 ans) = $40<\/p>\n<p>Classe VIP<\/p>\n<p>R\u00c9SIDENTS<br \/>\nAdulte (plus de 10 ans) = Tshs 60,000<br \/>\nEnfant (moins de 10 ans) = Tshs 60,000<\/p>\n<p>NON R\u00c9SIDENTS<br \/>\nAdulte (plus de 10 ans) = $60<br \/>\nEnfant (moins de 10 ans) = $60<\/p>\n<p>Classe royale<\/p>\n<p>R\u00c9SIDENTS<br \/>\nAdulte (plus de 10 ans) = Tshs 80 000<br \/>\nEnfant (moins de 10 ans) = Tshs 80 000<\/p>\n<p>NON R\u00c9SIDENTS<br \/>\nAdulte (plus de 10 ans) = $80<br \/>\nEnfant (moins de 10 ans) = $80<\/p>\n<p>Au moment de l&#039;achat, ils n&#039;acceptent pas alors assurez-vous d&#039;apporter suffisamment d&#039;argent liquide. Vous pouvez payer en $USD ou en devise locale.<\/p>\n<h3>Meilleurs billets de ferry entre Zanzibar et les op\u00e9rateurs de Dar es Salaam<\/h3>\n<p>\u2022 Ferries maritimes d&#039;Azam<br \/>\n\u2022 Ferries rapides c\u00f4tiers<\/p>\n<h3>Comment se rendre au terminal de ferry de Dar es Salaam \u00e0 Zanzibar<\/h3>\n<p>Top pour utiliser n&#039;importe quel compteur <a href=\"https:\/\/tiketi.com\/fr-fr\/book-taxi-dar-es-salaam-services\/\" target=\"_blank\" rel=\"noopener\">Taxi<\/a>.<\/p>\n<h2>Meilleur Ferry Dar es Salaam \u00e0 Zanzibar Billets Conseils<\/h2>\n<h4>Le meilleur ferry pour Zanzibar doit savoir :<\/h4>\n<p>\u2022 Vous devez apporter votre passeport et votre certificat de fi\u00e8vre jaune lorsque vous voyagez de Dar es Salaam \u00e0 Zanzibar en ferry.<\/p>\n<p>\u2022 Ils vendent des boissons et des collations \u00e0 bord. Dans la zone d&#039;attente du ferry, il y a aussi des stands, les prix sont abordables, vous pouvez donc acheter pour emporter.<\/p>\n<p>\u2022 Toujours en achetant des collations, assurez-vous d&#039;apporter de l&#039;argent.<\/p>\n<p>\u2022 Vous n&#039;\u00eates pas autoris\u00e9 \u00e0 prendre des images de toute sorte \u00e0 l&#039;entr\u00e9e.<\/p>\n<h3>Arriv\u00e9e \u00e0 Zanzibar<\/h3>\n<p>Une fois que vous avez d\u00e9barqu\u00e9 et r\u00e9cup\u00e9r\u00e9 vos bagages, suivez simplement la foule et faites la queue \u00e0 l&#039;immigration avec le passeport. Ils ne demandent aucun besoin, il s&#039;agit donc plut\u00f4t d&#039;une double v\u00e9rification de votre visa. Si vous s\u00e9journez dans un h\u00f4tel, il serait pr\u00e9f\u00e9rable d&#039;organiser votre prise en charge via eux. Sinon, vous devriez trouver de nombreux choix pour le transport local. Assurez-vous simplement de vous mettre d&#039;accord sur le prix au pr\u00e9alable.<\/p>","protected":false},"excerpt":{"rendered":"<p>Best Dar es Salaam to Zanzibar Ferry Tickets Compare and book your cheap ferry tickets Zanzibar to Dar es Salaam online. Best cheap ferry tickets to Zanzibar online booking made easy. There are several firms to pick from, the key one being Fast ferrie and Azam Marine. They do not differ much in standard so [&hellip;]<\/p>\n","protected":false},"author":1,"featured_media":16435,"parent":26809,"menu_order":0,"comment_status":"open","ping_status":"closed","template":"template-home-modern.php","meta":{"footnotes":""},"class_list":["post-11384","page","type-page","status-publish","has-post-thumbnail","hentry"],"yoast_head":"<!-- This site is optimized with the Yoast SEO plugin v27.4 - https:\/\/yoast.com\/product\/yoast-seo-wordpress\/ -->\n<title>Cheap Ferry Tickets to Zanzibar Online Booking<\/title>\n<meta name=\"description\" content=\"Looking for cheap ferry tickets to Zanzibar online booking? Compare and book cheap Dar es Salaam to Zanzibar ferry tickets online now\" \/>\n<meta name=\"robots\" content=\"index, follow, max-snippet:-1, max-image-preview:large, max-video-preview:-1\" \/>\n<link rel=\"canonical\" href=\"https:\/\/tiketi.com\/fr-fr\/ferry\/routes\/ferry-dar-es-salaam-to-zanzibar-island\/\" \/>\n<meta property=\"og:locale\" content=\"fr_FR\" \/>\n<meta property=\"og:type\" content=\"article\" \/>\n<meta property=\"og:title\" content=\"Cheap Ferry Tickets to Zanzibar Online Booking\" \/>\n<meta property=\"og:description\" content=\"Looking for cheap ferry tickets to Zanzibar online booking? Compare and book cheap Dar es Salaam to Zanzibar ferry tickets online now\" \/>\n<meta property=\"og:url\" content=\"https:\/\/tiketi.com\/fr-fr\/ferry\/routes\/ferry-dar-es-salaam-to-zanzibar-island\/\" \/>\n<meta property=\"og:site_name\" content=\"Tiketi.com\" \/>\n<meta property=\"article:publisher\" content=\"https:\/\/www.facebook.com\/TiketiCom\/\" \/>\n<meta property=\"article:modified_time\" content=\"2023-02-22T20:21:30+00:00\" \/>\n<meta property=\"og:image\" content=\"https:\/\/tiketi.com\/wp-content\/uploads\/2022\/02\/ferry-cruise-ship-voyage-41.jpg\" \/>\n\t<meta property=\"og:image:width\" content=\"1200\" \/>\n\t<meta property=\"og:image:height\" content=\"200\" \/>\n\t<meta property=\"og:image:type\" content=\"image\/jpeg\" \/>\n<meta name=\"twitter:card\" content=\"summary_large_image\" \/>\n<meta name=\"twitter:label1\" content=\"Dur\u00e9e de lecture estim\u00e9e\" \/>\n\t<meta name=\"twitter:data1\" content=\"3 minutes\" \/>\n<script type=\"application\/ld+json\" class=\"yoast-schema-graph\">{\"@context\":\"https:\\\/\\\/schema.org\",\"@graph\":[{\"@type\":\"WebPage\",\"@id\":\"https:\\\/\\\/tiketi.com\\\/ferry\\\/routes\\\/ferry-dar-es-salaam-to-zanzibar-island\\\/\",\"url\":\"https:\\\/\\\/tiketi.com\\\/ferry\\\/routes\\\/ferry-dar-es-salaam-to-zanzibar-island\\\/\",\"name\":\"Cheap Ferry Tickets to Zanzibar Online Booking\",\"isPartOf\":{\"@id\":\"https:\\\/\\\/tiketi.com\\\/#website\"},\"primaryImageOfPage\":{\"@id\":\"https:\\\/\\\/tiketi.com\\\/ferry\\\/routes\\\/ferry-dar-es-salaam-to-zanzibar-island\\\/#primaryimage\"},\"image\":{\"@id\":\"https:\\\/\\\/tiketi.com\\\/ferry\\\/routes\\\/ferry-dar-es-salaam-to-zanzibar-island\\\/#primaryimage\"},\"thumbnailUrl\":\"https:\\\/\\\/tiketi.com\\\/wp-content\\\/uploads\\\/2022\\\/02\\\/ferry-cruise-ship-voyage-41.jpg\",\"datePublished\":\"2022-01-19T11:54:35+00:00\",\"dateModified\":\"2023-02-22T20:21:30+00:00\",\"description\":\"Looking for cheap ferry tickets to Zanzibar online booking? Compare and book cheap Dar es Salaam to Zanzibar ferry tickets online now\",\"breadcrumb\":{\"@id\":\"https:\\\/\\\/tiketi.com\\\/ferry\\\/routes\\\/ferry-dar-es-salaam-to-zanzibar-island\\\/#breadcrumb\"},\"inLanguage\":\"fr-FR\",\"potentialAction\":[{\"@type\":\"ReadAction\",\"target\":[\"https:\\\/\\\/tiketi.com\\\/ferry\\\/routes\\\/ferry-dar-es-salaam-to-zanzibar-island\\\/\"]}]},{\"@type\":\"ImageObject\",\"inLanguage\":\"fr-FR\",\"@id\":\"https:\\\/\\\/tiketi.com\\\/ferry\\\/routes\\\/ferry-dar-es-salaam-to-zanzibar-island\\\/#primaryimage\",\"url\":\"https:\\\/\\\/tiketi.com\\\/wp-content\\\/uploads\\\/2022\\\/02\\\/ferry-cruise-ship-voyage-41.jpg\",\"contentUrl\":\"https:\\\/\\\/tiketi.com\\\/wp-content\\\/uploads\\\/2022\\\/02\\\/ferry-cruise-ship-voyage-41.jpg\",\"width\":1200,\"height\":200,\"caption\":\"Ferry Boat Tickets\"},{\"@type\":\"BreadcrumbList\",\"@id\":\"https:\\\/\\\/tiketi.com\\\/ferry\\\/routes\\\/ferry-dar-es-salaam-to-zanzibar-island\\\/#breadcrumb\",\"itemListElement\":[{\"@type\":\"ListItem\",\"position\":1,\"name\":\"Home\",\"item\":\"https:\\\/\\\/tiketi.com\\\/\"},{\"@type\":\"ListItem\",\"position\":2,\"name\":\"Ferry\",\"item\":\"https:\\\/\\\/tiketi.com\\\/ferry\\\/\"},{\"@type\":\"ListItem\",\"position\":3,\"name\":\"Routes\",\"item\":\"https:\\\/\\\/tiketi.com\\\/ferry\\\/routes\\\/\"},{\"@type\":\"ListItem\",\"position\":4,\"name\":\"Cheap Ferry Tickets to Zanzibar Online Booking\"}]},{\"@type\":\"WebSite\",\"@id\":\"https:\\\/\\\/tiketi.com\\\/#website\",\"url\":\"https:\\\/\\\/tiketi.com\\\/\",\"name\":\"Flight & Bus Tickets, Tour Packages & Activitites - Tiketi.com\",\"description\":\"Flight &amp; Bus Tickets, Tours, Activitites\",\"publisher\":{\"@id\":\"https:\\\/\\\/tiketi.com\\\/#organization\"},\"potentialAction\":[{\"@type\":\"SearchAction\",\"target\":{\"@type\":\"EntryPoint\",\"urlTemplate\":\"https:\\\/\\\/tiketi.com\\\/?s={search_term_string}\"},\"query-input\":{\"@type\":\"PropertyValueSpecification\",\"valueRequired\":true,\"valueName\":\"search_term_string\"}}],\"inLanguage\":\"fr-FR\"},{\"@type\":\"Organization\",\"@id\":\"https:\\\/\\\/tiketi.com\\\/#organization\",\"name\":\"Tiketi.com\",\"alternateName\":\"Tiketi\",\"url\":\"https:\\\/\\\/tiketi.com\\\/\",\"logo\":{\"@type\":\"ImageObject\",\"inLanguage\":\"fr-FR\",\"@id\":\"https:\\\/\\\/tiketi.com\\\/#\\\/schema\\\/logo\\\/image\\\/\",\"url\":\"https:\\\/\\\/tiketi.com\\\/wp-content\\\/uploads\\\/2019\\\/05\\\/tiketi-logo-696.png\",\"contentUrl\":\"https:\\\/\\\/tiketi.com\\\/wp-content\\\/uploads\\\/2019\\\/05\\\/tiketi-logo-696.png\",\"width\":696,\"height\":696,\"caption\":\"Tiketi.com\"},\"image\":{\"@id\":\"https:\\\/\\\/tiketi.com\\\/#\\\/schema\\\/logo\\\/image\\\/\"},\"sameAs\":[\"https:\\\/\\\/www.facebook.com\\\/TiketiCom\\\/\"]}]}<\/script>\n<!-- \/ Yoast SEO plugin. -->","yoast_head_json":{"title":"Billets de ferry pas chers pour Zanzibar R\u00e9servation en ligne","description":"Vous cherchez des billets de ferry pas chers pour la r\u00e9servation en ligne de Zanzibar ? Comparez et r\u00e9servez des billets de ferry Dar es Salaam \u00e0 Zanzibar pas chers en ligne d\u00e8s maintenant","robots":{"index":"index","follow":"follow","max-snippet":"max-snippet:-1","max-image-preview":"max-image-preview:large","max-video-preview":"max-video-preview:-1"},"canonical":"https:\/\/tiketi.com\/fr-fr\/ferry\/routes\/ferry-dar-es-salaam-to-zanzibar-island\/","og_locale":"fr_FR","og_type":"article","og_title":"Cheap Ferry Tickets to Zanzibar Online Booking","og_description":"Looking for cheap ferry tickets to Zanzibar online booking? Compare and book cheap Dar es Salaam to Zanzibar ferry tickets online now","og_url":"https:\/\/tiketi.com\/fr-fr\/ferry\/routes\/ferry-dar-es-salaam-to-zanzibar-island\/","og_site_name":"Tiketi.com","article_publisher":"https:\/\/www.facebook.com\/TiketiCom\/","article_modified_time":"2023-02-22T20:21:30+00:00","og_image":[{"width":1200,"height":200,"url":"https:\/\/tiketi.com\/wp-content\/uploads\/2022\/02\/ferry-cruise-ship-voyage-41.jpg","type":"image\/jpeg"}],"twitter_card":"summary_large_image","twitter_misc":{"Dur\u00e9e de lecture estim\u00e9e":"3 minutes"},"schema":{"@context":"https:\/\/schema.org","@graph":[{"@type":"WebPage","@id":"https:\/\/tiketi.com\/ferry\/routes\/ferry-dar-es-salaam-to-zanzibar-island\/","url":"https:\/\/tiketi.com\/ferry\/routes\/ferry-dar-es-salaam-to-zanzibar-island\/","name":"Billets de ferry pas chers pour Zanzibar R\u00e9servation en ligne","isPartOf":{"@id":"https:\/\/tiketi.com\/#website"},"primaryImageOfPage":{"@id":"https:\/\/tiketi.com\/ferry\/routes\/ferry-dar-es-salaam-to-zanzibar-island\/#primaryimage"},"image":{"@id":"https:\/\/tiketi.com\/ferry\/routes\/ferry-dar-es-salaam-to-zanzibar-island\/#primaryimage"},"thumbnailUrl":"https:\/\/tiketi.com\/wp-content\/uploads\/2022\/02\/ferry-cruise-ship-voyage-41.jpg","datePublished":"2022-01-19T11:54:35+00:00","dateModified":"2023-02-22T20:21:30+00:00","description":"Vous cherchez des billets de ferry pas chers pour la r\u00e9servation en ligne de Zanzibar ? Comparez et r\u00e9servez des billets de ferry Dar es Salaam \u00e0 Zanzibar pas chers en ligne d\u00e8s maintenant","breadcrumb":{"@id":"https:\/\/tiketi.com\/ferry\/routes\/ferry-dar-es-salaam-to-zanzibar-island\/#breadcrumb"},"inLanguage":"fr-FR","potentialAction":[{"@type":"ReadAction","target":["https:\/\/tiketi.com\/ferry\/routes\/ferry-dar-es-salaam-to-zanzibar-island\/"]}]},{"@type":"ImageObject","inLanguage":"fr-FR","@id":"https:\/\/tiketi.com\/ferry\/routes\/ferry-dar-es-salaam-to-zanzibar-island\/#primaryimage","url":"https:\/\/tiketi.com\/wp-content\/uploads\/2022\/02\/ferry-cruise-ship-voyage-41.jpg","contentUrl":"https:\/\/tiketi.com\/wp-content\/uploads\/2022\/02\/ferry-cruise-ship-voyage-41.jpg","width":1200,"height":200,"caption":"Ferry Boat Tickets"},{"@type":"BreadcrumbList","@id":"https:\/\/tiketi.com\/ferry\/routes\/ferry-dar-es-salaam-to-zanzibar-island\/#breadcrumb","itemListElement":[{"@type":"ListItem","position":1,"name":"Home","item":"https:\/\/tiketi.com\/"},{"@type":"ListItem","position":2,"name":"Ferry","item":"https:\/\/tiketi.com\/ferry\/"},{"@type":"ListItem","position":3,"name":"Routes","item":"https:\/\/tiketi.com\/ferry\/routes\/"},{"@type":"ListItem","position":4,"name":"Cheap Ferry Tickets to Zanzibar Online Booking"}]},{"@type":"WebSite","@id":"https:\/\/tiketi.com\/#website","url":"https:\/\/tiketi.com\/","name":"Billets d&#039;avion et de bus, forfaits touristiques et activit\u00e9s - Tiketi.com","description":"Billets d&#039;avion et de bus, Tours, Activit\u00e9s","publisher":{"@id":"https:\/\/tiketi.com\/#organization"},"potentialAction":[{"@type":"SearchAction","target":{"@type":"EntryPoint","urlTemplate":"https:\/\/tiketi.com\/?s={search_term_string}"},"query-input":{"@type":"PropertyValueSpecification","valueRequired":true,"valueName":"search_term_string"}}],"inLanguage":"fr-FR"},{"@type":"Organization","@id":"https:\/\/tiketi.com\/#organization","name":"Tiketi.com","alternateName":"Tiketi","url":"https:\/\/tiketi.com\/","logo":{"@type":"ImageObject","inLanguage":"fr-FR","@id":"https:\/\/tiketi.com\/#\/schema\/logo\/image\/","url":"https:\/\/tiketi.com\/wp-content\/uploads\/2019\/05\/tiketi-logo-696.png","contentUrl":"https:\/\/tiketi.com\/wp-content\/uploads\/2019\/05\/tiketi-logo-696.png","width":696,"height":696,"caption":"Tiketi.com"},"image":{"@id":"https:\/\/tiketi.com\/#\/schema\/logo\/image\/"},"sameAs":["https:\/\/www.facebook.com\/TiketiCom\/"]}]}},"_links":{"self":[{"href":"https:\/\/tiketi.com\/fr-fr\/wp-json\/wp\/v2\/pages\/11384","targetHints":{"allow":["GET"]}}],"collection":[{"href":"https:\/\/tiketi.com\/fr-fr\/wp-json\/wp\/v2\/pages"}],"about":[{"href":"https:\/\/tiketi.com\/fr-fr\/wp-json\/wp\/v2\/types\/page"}],"author":[{"embeddable":true,"href":"https:\/\/tiketi.com\/fr-fr\/wp-json\/wp\/v2\/users\/1"}],"replies":[{"embeddable":true,"href":"https:\/\/tiketi.com\/fr-fr\/wp-json\/wp\/v2\/comments?post=11384"}],"version-history":[{"count":0,"href":"https:\/\/tiketi.com\/fr-fr\/wp-json\/wp\/v2\/pages\/11384\/revisions"}],"up":[{"embeddable":true,"href":"https:\/\/tiketi.com\/fr-fr\/wp-json\/wp\/v2\/pages\/26809"}],"wp:featuredmedia":[{"embeddable":true,"href":"https:\/\/tiketi.com\/fr-fr\/wp-json\/wp\/v2\/media\/16435"}],"wp:attachment":[{"href":"https:\/\/tiketi.com\/fr-fr\/wp-json\/wp\/v2\/media?parent=11384"}],"curies":[{"name":"wp","href":"https:\/\/api.w.org\/{rel}","templated":true}]}}