{"id":11385,"date":"2022-01-19T12:54:35","date_gmt":"2022-01-19T11:54:35","guid":{"rendered":"https:\/\/new.tiketi.com\/train-from-dar-es-salaam-to-mwanza-train-tickets-booking\/"},"modified":"2023-07-22T15:57:57","modified_gmt":"2023-07-22T14:57:57","slug":"train-dar-es-salaam-to-mwanza","status":"publish","type":"page","link":"https:\/\/tiketi.com\/fr-fr\/train\/routes\/train-dar-es-salaam-to-mwanza\/","title":{"rendered":"R\u00e9servation de billets de train SGR de Dar es Salaam \u00e0 Mwanza"},"content":{"rendered":"<h2>Train SGR de Mwanza \u00e0 Dar es Salaam R\u00e9servation de billets en ligne<\/h2>\n<h3>R\u00e9servez vos billets de train pas chers de Dar es Salaam \u00e0Mwanza sgr en ligne maintenant <a href=\"https:\/\/booking.trc.co.tz\/\" target=\"_blank\" rel=\"noopener\">&gt;&gt;<\/a><\/h3>\n<p>R\u00e9servez en ligne des billets de train pas chers de Dar es Salaam \u00e0 Mwanza et voyagez de Dar es Salaam \u00e0 Mwanza en train. L&#039;un des plus grands lacs d&#039;Afrique, le lac Victoria est c\u00e9l\u00e8bre dans certaines parties de la plan\u00e8te gr\u00e2ce au documentaire &quot;Darwin Signature&quot;, bas\u00e9 \u00e0 Mwanza. Si vous n&#039;avez jamais entendu parler du documentaire, il est possible que vous sachiez que Mwanza a un port tr\u00e8s fr\u00e9quent\u00e9. Et si c&#039;est aussi une nouvelle, vous savez peut-\u00eatre que c&#039;est la deuxi\u00e8me plus grande ville de Tanzanie. Bient\u00f4t, vous pourrez r\u00e9server des trains sgr Dar - Mwanza. Voici le guide sur la fa\u00e7on de faire la r\u00e9servation en ligne de billets de train de Mwanza \u00e0 Dar es Salaam:<\/p>\n<h2>Train Sgr de Dar es Salaam \u00e0 Mwanza R\u00e9servation de billets de train, itin\u00e9raires, horaires et tarifs FAQs<\/h2>\n<h3>Est-ce que le train de Mwanza \u00e0 Dar es Salaam est le moyen abordable d&#039;aller de Dar es Salaam \u00e0 Mwanza ?<\/h3>\n<p>Le moyen abordable est de s&#039;entra\u00eener de Mwanza \u00e0 Dar es Salaam. Dar es Salaam \u00e0 Mwanza en train $33 et dure 19h 50m.<\/p>\n<h3>Y a-t-il un sgr Dar direct \u00e0 Mwanza ?<\/h3>\n<p>Non, il n&#039;y a pas de train direct de sgr Mwanza jusqu&#039;\u00e0 Dar es Salam. Quoi qu&#039;il en soit, il y a des services au d\u00e9part de Gares \u00e0 Tanzanie. Le trajet dure, y compris les transferts dure environ 19h 50m.<\/p>\n<h3>Bus ou trains sgr Dar \u00e0 Mwanza?<\/h3>\n<p>Le meilleur moyen de se rendre de Dar es Salaam \u00e0 Mwanza est en train, dure 19h 50m et sgr Dar \u00e0 Mwanza tarif $33. Vous pouvez \u00e9galement prendre le <a href=\"https:\/\/tiketi.com\/fr-fr\/book-cheap-bus-tickets-in-tanzania\/\" target=\"_blank\" rel=\"noopener\">autobus<\/a>, qui co\u00fbte $20 \u2013 30 et prend 23h.<\/p>\n<h3>Le moyen le plus rapide pour se rendre \u00e0 Mwanza est-il de prendre le train sgr de Dar es Salaam \u00e0 Mwanza ?<\/h3>\n<p>Le moyen le plus rapide pour se rendre de Dar es Salam \u00e0 Mwanza est de <a href=\"https:\/\/tiketi.com\/fr-fr\/cheap-flights\/\" target=\"_blank\" rel=\"noopener\">voler<\/a> qui co\u00fbte $90 \u2013 $200 et dure 1h 35m (sans escale). Et le deuxi\u00e8me moyen le plus rapide sera Dar es Salaam \u00e0 Mwanza sgr.<\/p>\n<h2>Train de Mwanza \u00e0 Dar es Salaam billets de train conseils de r\u00e9servation en ligne<\/h2>\n<p>Il y a quelques meilleurs endroits \u00e0 Mwanza. Et le grand lac donne l&#039;impression d&#039;\u00eatre au bord de la mer. Mwanza est le meilleur endroit pour se promener le long des rives du lac Victoria et apprendre un peu d&#039;histoire. C&#039;est un meilleur endroit pour se d\u00e9tendre. Si vous n&#039;\u00eates pas s\u00fbr de commencer \u00e0 explorer cette jolie ville.<\/p>","protected":false},"excerpt":{"rendered":"<p>SGR Train from Mwanza to Dar es Salaam Online Ticket Booking Reserve your cheap train Dar es Salaam to Mwanza sgr tickets online now &gt;&gt; Do cheap train from Dar es Salaam to Mwanza train tickets online booking and travel Dar es Salaam to Mwanza by train. One of the biggest lakes in Africa, Lake [&hellip;]<\/p>\n","protected":false},"author":1,"featured_media":20644,"parent":25256,"menu_order":0,"comment_status":"open","ping_status":"closed","template":"template-home-modern.php","meta":{"footnotes":""},"class_list":["post-11385","page","type-page","status-publish","has-post-thumbnail","hentry"],"yoast_head":"<!-- This site is optimized with the Yoast SEO plugin v27.2 - https:\/\/yoast.com\/product\/yoast-seo-wordpress\/ -->\n<title>Train from Dar es Salaam to Mwanza Train Tickets Booking<\/title>\n<meta name=\"description\" content=\"Looking for train from Dar es Salaam to Mwanza train tickets booking, routes, schedules &amp; fares? Book cheap train from Mwanza to\u00a0Dar es Salaam train tickets online\" \/>\n<meta name=\"robots\" content=\"index, follow, max-snippet:-1, max-image-preview:large, max-video-preview:-1\" \/>\n<link rel=\"canonical\" href=\"https:\/\/tiketi.com\/fr-fr\/train\/routes\/train-dar-es-salaam-to-mwanza\/\" \/>\n<meta property=\"og:locale\" content=\"fr_FR\" \/>\n<meta property=\"og:type\" content=\"article\" \/>\n<meta property=\"og:title\" content=\"Train from Dar es Salaam to Mwanza Train Tickets Booking\" \/>\n<meta property=\"og:description\" content=\"Looking for train from Dar es Salaam to Mwanza train tickets booking, routes, schedules &amp; fares? Book cheap train from Mwanza to\u00a0Dar es Salaam train tickets online\" \/>\n<meta property=\"og:url\" content=\"https:\/\/tiketi.com\/fr-fr\/train\/routes\/train-dar-es-salaam-to-mwanza\/\" \/>\n<meta property=\"og:site_name\" content=\"Tiketi.com\" \/>\n<meta property=\"article:publisher\" content=\"https:\/\/www.facebook.com\/TiketiCom\/\" \/>\n<meta property=\"article:modified_time\" content=\"2023-07-22T14:57:57+00:00\" \/>\n<meta property=\"og:image\" content=\"https:\/\/tiketi.com\/wp-content\/uploads\/2022\/02\/train-booking-ice-g5b642a238_1280.jpg\" \/>\n\t<meta property=\"og:image:width\" content=\"1200\" \/>\n\t<meta property=\"og:image:height\" content=\"200\" \/>\n\t<meta property=\"og:image:type\" content=\"image\/jpeg\" \/>\n<meta name=\"twitter:card\" content=\"summary_large_image\" \/>\n<meta name=\"twitter:label1\" content=\"Dur\u00e9e de lecture estim\u00e9e\" \/>\n\t<meta name=\"twitter:data1\" content=\"2 minutes\" \/>\n<script type=\"application\/ld+json\" class=\"yoast-schema-graph\">{\"@context\":\"https:\/\/schema.org\",\"@graph\":[{\"@type\":\"WebPage\",\"@id\":\"https:\/\/tiketi.com\/train\/routes\/train-dar-es-salaam-to-mwanza\/\",\"url\":\"https:\/\/tiketi.com\/train\/routes\/train-dar-es-salaam-to-mwanza\/\",\"name\":\"Train from Dar es Salaam to Mwanza Train Tickets Booking\",\"isPartOf\":{\"@id\":\"https:\/\/tiketi.com\/#website\"},\"primaryImageOfPage\":{\"@id\":\"https:\/\/tiketi.com\/train\/routes\/train-dar-es-salaam-to-mwanza\/#primaryimage\"},\"image\":{\"@id\":\"https:\/\/tiketi.com\/train\/routes\/train-dar-es-salaam-to-mwanza\/#primaryimage\"},\"thumbnailUrl\":\"https:\/\/tiketi.com\/wp-content\/uploads\/2022\/02\/train-booking-ice-g5b642a238_1280.jpg\",\"datePublished\":\"2022-01-19T11:54:35+00:00\",\"dateModified\":\"2023-07-22T14:57:57+00:00\",\"description\":\"Looking for train from Dar es Salaam to Mwanza train tickets booking, routes, schedules & fares? Book cheap train from Mwanza to\u00a0Dar es Salaam train tickets online\",\"breadcrumb\":{\"@id\":\"https:\/\/tiketi.com\/train\/routes\/train-dar-es-salaam-to-mwanza\/#breadcrumb\"},\"inLanguage\":\"fr-FR\",\"potentialAction\":[{\"@type\":\"ReadAction\",\"target\":[\"https:\/\/tiketi.com\/train\/routes\/train-dar-es-salaam-to-mwanza\/\"]}]},{\"@type\":\"ImageObject\",\"inLanguage\":\"fr-FR\",\"@id\":\"https:\/\/tiketi.com\/train\/routes\/train-dar-es-salaam-to-mwanza\/#primaryimage\",\"url\":\"https:\/\/tiketi.com\/wp-content\/uploads\/2022\/02\/train-booking-ice-g5b642a238_1280.jpg\",\"contentUrl\":\"https:\/\/tiketi.com\/wp-content\/uploads\/2022\/02\/train-booking-ice-g5b642a238_1280.jpg\",\"width\":1200,\"height\":200,\"caption\":\"Train Ticket Booking\"},{\"@type\":\"BreadcrumbList\",\"@id\":\"https:\/\/tiketi.com\/train\/routes\/train-dar-es-salaam-to-mwanza\/#breadcrumb\",\"itemListElement\":[{\"@type\":\"ListItem\",\"position\":1,\"name\":\"Home\",\"item\":\"https:\/\/tiketi.com\/\"},{\"@type\":\"ListItem\",\"position\":2,\"name\":\"Train\",\"item\":\"https:\/\/tiketi.com\/train\/\"},{\"@type\":\"ListItem\",\"position\":3,\"name\":\"Routes\",\"item\":\"https:\/\/tiketi.com\/train\/routes\/\"},{\"@type\":\"ListItem\",\"position\":4,\"name\":\"SGR Train from Dar es Salaam to Mwanza Train Tickets Booking\"}]},{\"@type\":\"WebSite\",\"@id\":\"https:\/\/tiketi.com\/#website\",\"url\":\"https:\/\/tiketi.com\/\",\"name\":\"Flight & Bus Tickets, Tour Packages & Activitites - Tiketi.com\",\"description\":\"Flight &amp; Bus Tickets, Tours, Activitites\",\"publisher\":{\"@id\":\"https:\/\/tiketi.com\/#organization\"},\"potentialAction\":[{\"@type\":\"SearchAction\",\"target\":{\"@type\":\"EntryPoint\",\"urlTemplate\":\"https:\/\/tiketi.com\/?s={search_term_string}\"},\"query-input\":{\"@type\":\"PropertyValueSpecification\",\"valueRequired\":true,\"valueName\":\"search_term_string\"}}],\"inLanguage\":\"fr-FR\"},{\"@type\":\"Organization\",\"@id\":\"https:\/\/tiketi.com\/#organization\",\"name\":\"Tiketi.com\",\"alternateName\":\"Tiketi\",\"url\":\"https:\/\/tiketi.com\/\",\"logo\":{\"@type\":\"ImageObject\",\"inLanguage\":\"fr-FR\",\"@id\":\"https:\/\/tiketi.com\/#\/schema\/logo\/image\/\",\"url\":\"https:\/\/tiketi.com\/wp-content\/uploads\/2019\/05\/tiketi-logo-696.png\",\"contentUrl\":\"https:\/\/tiketi.com\/wp-content\/uploads\/2019\/05\/tiketi-logo-696.png\",\"width\":696,\"height\":696,\"caption\":\"Tiketi.com\"},\"image\":{\"@id\":\"https:\/\/tiketi.com\/#\/schema\/logo\/image\/\"},\"sameAs\":[\"https:\/\/www.facebook.com\/TiketiCom\/\"]}]}<\/script>\n<!-- \/ Yoast SEO plugin. -->","yoast_head_json":{"title":"Train de Dar es Salaam \u00e0 Mwanza Billets de train R\u00e9servation","description":"Vous recherchez des billets de train de Dar es Salaam \u00e0 Mwanza, des itin\u00e9raires, des horaires et des tarifs? R\u00e9servez en ligne des billets de train pas chers de Mwanza \u00e0 Dar es Salaam","robots":{"index":"index","follow":"follow","max-snippet":"max-snippet:-1","max-image-preview":"max-image-preview:large","max-video-preview":"max-video-preview:-1"},"canonical":"https:\/\/tiketi.com\/fr-fr\/train\/routes\/train-dar-es-salaam-to-mwanza\/","og_locale":"fr_FR","og_type":"article","og_title":"Train from Dar es Salaam to Mwanza Train Tickets Booking","og_description":"Looking for train from Dar es Salaam to Mwanza train tickets booking, routes, schedules & fares? Book cheap train from Mwanza to\u00a0Dar es Salaam train tickets online","og_url":"https:\/\/tiketi.com\/fr-fr\/train\/routes\/train-dar-es-salaam-to-mwanza\/","og_site_name":"Tiketi.com","article_publisher":"https:\/\/www.facebook.com\/TiketiCom\/","article_modified_time":"2023-07-22T14:57:57+00:00","og_image":[{"width":1200,"height":200,"url":"https:\/\/tiketi.com\/wp-content\/uploads\/2022\/02\/train-booking-ice-g5b642a238_1280.jpg","type":"image\/jpeg"}],"twitter_card":"summary_large_image","twitter_misc":{"Dur\u00e9e de lecture estim\u00e9e":"2 minutes"},"schema":{"@context":"https:\/\/schema.org","@graph":[{"@type":"WebPage","@id":"https:\/\/tiketi.com\/train\/routes\/train-dar-es-salaam-to-mwanza\/","url":"https:\/\/tiketi.com\/train\/routes\/train-dar-es-salaam-to-mwanza\/","name":"Train de Dar es Salaam \u00e0 Mwanza Billets de train R\u00e9servation","isPartOf":{"@id":"https:\/\/tiketi.com\/#website"},"primaryImageOfPage":{"@id":"https:\/\/tiketi.com\/train\/routes\/train-dar-es-salaam-to-mwanza\/#primaryimage"},"image":{"@id":"https:\/\/tiketi.com\/train\/routes\/train-dar-es-salaam-to-mwanza\/#primaryimage"},"thumbnailUrl":"https:\/\/tiketi.com\/wp-content\/uploads\/2022\/02\/train-booking-ice-g5b642a238_1280.jpg","datePublished":"2022-01-19T11:54:35+00:00","dateModified":"2023-07-22T14:57:57+00:00","description":"Vous recherchez des billets de train de Dar es Salaam \u00e0 Mwanza, des itin\u00e9raires, des horaires et des tarifs? R\u00e9servez en ligne des billets de train pas chers de Mwanza \u00e0 Dar es Salaam","breadcrumb":{"@id":"https:\/\/tiketi.com\/train\/routes\/train-dar-es-salaam-to-mwanza\/#breadcrumb"},"inLanguage":"fr-FR","potentialAction":[{"@type":"ReadAction","target":["https:\/\/tiketi.com\/train\/routes\/train-dar-es-salaam-to-mwanza\/"]}]},{"@type":"ImageObject","inLanguage":"fr-FR","@id":"https:\/\/tiketi.com\/train\/routes\/train-dar-es-salaam-to-mwanza\/#primaryimage","url":"https:\/\/tiketi.com\/wp-content\/uploads\/2022\/02\/train-booking-ice-g5b642a238_1280.jpg","contentUrl":"https:\/\/tiketi.com\/wp-content\/uploads\/2022\/02\/train-booking-ice-g5b642a238_1280.jpg","width":1200,"height":200,"caption":"Train Ticket Booking"},{"@type":"BreadcrumbList","@id":"https:\/\/tiketi.com\/train\/routes\/train-dar-es-salaam-to-mwanza\/#breadcrumb","itemListElement":[{"@type":"ListItem","position":1,"name":"Home","item":"https:\/\/tiketi.com\/"},{"@type":"ListItem","position":2,"name":"Train","item":"https:\/\/tiketi.com\/train\/"},{"@type":"ListItem","position":3,"name":"Routes","item":"https:\/\/tiketi.com\/train\/routes\/"},{"@type":"ListItem","position":4,"name":"SGR Train from Dar es Salaam to Mwanza Train Tickets Booking"}]},{"@type":"WebSite","@id":"https:\/\/tiketi.com\/#website","url":"https:\/\/tiketi.com\/","name":"Billets d&#039;avion et de bus, forfaits touristiques et activit\u00e9s - Tiketi.com","description":"Billets d&#039;avion et de bus, Tours, Activit\u00e9s","publisher":{"@id":"https:\/\/tiketi.com\/#organization"},"potentialAction":[{"@type":"SearchAction","target":{"@type":"EntryPoint","urlTemplate":"https:\/\/tiketi.com\/?s={search_term_string}"},"query-input":{"@type":"PropertyValueSpecification","valueRequired":true,"valueName":"search_term_string"}}],"inLanguage":"fr-FR"},{"@type":"Organization","@id":"https:\/\/tiketi.com\/#organization","name":"Tiketi.com","alternateName":"Tiketi","url":"https:\/\/tiketi.com\/","logo":{"@type":"ImageObject","inLanguage":"fr-FR","@id":"https:\/\/tiketi.com\/#\/schema\/logo\/image\/","url":"https:\/\/tiketi.com\/wp-content\/uploads\/2019\/05\/tiketi-logo-696.png","contentUrl":"https:\/\/tiketi.com\/wp-content\/uploads\/2019\/05\/tiketi-logo-696.png","width":696,"height":696,"caption":"Tiketi.com"},"image":{"@id":"https:\/\/tiketi.com\/#\/schema\/logo\/image\/"},"sameAs":["https:\/\/www.facebook.com\/TiketiCom\/"]}]}},"_links":{"self":[{"href":"https:\/\/tiketi.com\/fr-fr\/wp-json\/wp\/v2\/pages\/11385","targetHints":{"allow":["GET"]}}],"collection":[{"href":"https:\/\/tiketi.com\/fr-fr\/wp-json\/wp\/v2\/pages"}],"about":[{"href":"https:\/\/tiketi.com\/fr-fr\/wp-json\/wp\/v2\/types\/page"}],"author":[{"embeddable":true,"href":"https:\/\/tiketi.com\/fr-fr\/wp-json\/wp\/v2\/users\/1"}],"replies":[{"embeddable":true,"href":"https:\/\/tiketi.com\/fr-fr\/wp-json\/wp\/v2\/comments?post=11385"}],"version-history":[{"count":0,"href":"https:\/\/tiketi.com\/fr-fr\/wp-json\/wp\/v2\/pages\/11385\/revisions"}],"up":[{"embeddable":true,"href":"https:\/\/tiketi.com\/fr-fr\/wp-json\/wp\/v2\/pages\/25256"}],"wp:featuredmedia":[{"embeddable":true,"href":"https:\/\/tiketi.com\/fr-fr\/wp-json\/wp\/v2\/media\/20644"}],"wp:attachment":[{"href":"https:\/\/tiketi.com\/fr-fr\/wp-json\/wp\/v2\/media?parent=11385"}],"curies":[{"name":"wp","href":"https:\/\/api.w.org\/{rel}","templated":true}]}}