{"id":11391,"date":"2022-01-19T12:54:36","date_gmt":"2022-01-19T11:54:36","guid":{"rendered":"https:\/\/new.tiketi.com\/train-from-dar-es-salaam-to-dodoma-train-tickets-booking-schedule-fare\/"},"modified":"2024-09-24T10:54:13","modified_gmt":"2024-09-24T09:54:13","slug":"train-dar-es-salaam-to-dodoma","status":"publish","type":"page","link":"https:\/\/tiketi.com\/fr-fr\/train\/routes\/train-dar-es-salaam-to-dodoma\/","title":{"rendered":"Train SGR de Dar es Salaam \u00e0 Dodoma Billets et tarifs de train"},"content":{"rendered":"<h2>Train pas cher de Dodoma \u00e0 Dar es Salaam Train R\u00e9servation en ligne de billets<\/h2>\n<h3>R\u00e9servez d\u00e8s maintenant vos billets en ligne de train de Sgr Dar es Salaam \u00e0Dodoma <a href=\"https:\/\/sgrticket.trc.co.tz\" target=\"_blank\" rel=\"noopener\">&gt;&gt;<\/a><\/h3>\n<p>R\u00e9servez en ligne des billets de train pas chers de Dar es Salaam \u00e0 Dodoma et voyagez de Dar es Salaam \u00e0 Dodoma en train. Situ\u00e9e au c\u0153ur de la Tanzanie, Dodoma est la capitale politique officielle de la nation et le si\u00e8ge de l&#039;administration du pays. Comparativement, il est beaucoup plus petit et moins d\u00e9velopp\u00e9 que le centre commercial du pays, Dar es Salaam. Bient\u00f4t, vous pourrez r\u00e9server des trains sgr Dar - Dodoma. Voici le guide sur la fa\u00e7on de r\u00e9server en ligne des billets de train de Dodoma \u00e0 Dar es Salaam:<\/p>\n<h2>Train de Dar es Salaam \u00e0 Dodoma R\u00e9servation de billets de train, itin\u00e9raires, horaires et tarifs FAQs<\/h2>\n<h3>Le train est-il abordable pour se rendre de Dar es Salam \u00e0 Dodoma ?<\/h3>\n<p>Le moyen abordable de se rendre de Dar es Salaam \u00e0 Dodoma en train. Les trains de Dar es Salaam \u00e0 Dodoma co\u00fbtent $55 et durent 11h.<\/p>\n<h3>Y a-t-il un train direct sgr de Dar es Salaam \u00e0 Dodoma sgr ?<\/h3>\n<p>Oui, il y a un train sgr direct de Dar es Salaam \u00e0 Dodoma. Les services partent une fois par semaine, et ex\u00e9cutent Jeudi. Le sgr prix train de Dodoma \u00e0 Dar es Salaam billets de train $55 et dure 11h.<\/p>\n<h3>O\u00f9 prendre les trains depuis SGR Dar pour Dodoma ?<\/h3>\n<p>Les services de train de Dar es Salaam \u00e0 Dodoma, g\u00e9r\u00e9s par la soci\u00e9t\u00e9 des chemins de fer de Tanzanie, partent de la gare de Dar es Salaam.<\/p>\n<h3>Avion, bus, train Dar es Salam jusqu&#039;\u00e0 Dodoma sgr?<\/h3>\n<p>Le moyen le plus rapide pour se rendre de Dar es Salaam \u00e0 Dodoma est de <u><a href=\"https:\/\/tiketi.com\/fr-fr\/flightst\/\" target=\"_blank\" rel=\"noopener\">voler<\/a><\/u> qui prend 1h 5m et co\u00fbte $60 \u2013 $150. Alternativement, vous pouvez <a href=\"https:\/\/tiketi.com\/fr-fr\/online-bus-tickets-from-dar-es-salaam-to-dodoma\/\" target=\"_blank\" rel=\"noopener\">autobus<\/a>, ce qui co\u00fbte et dure 8h 20m, et vous pouvez \u00e9galement former Dar es Salaam \u00e0 Dodoma sgr (coming soon), ce qui dure 11h.<\/p>\n<h2>Conseils de r\u00e9servation de billets de train SGR Train de Dodoma \u00e0 Dar es Salaam<\/h2>\n<p>Dodoma reste un centre pour les politiques nationales. Situ\u00e9 \u00e0 l&#039;extr\u00e9mit\u00e9 orientale des hautes terres du sud, le Dodoma est entour\u00e9 d&#039;une riche zone agricole et d&#039;un paysage agr\u00e9able. Dodoma a beaucoup d&#039;endroits et d&#039;\u00e9l\u00e9ments d&#039;int\u00e9r\u00eat \u00e0 conseiller au visiteur de passage. C&#039;est le centre de l&#039;industrie viticole en pleine croissance en Tanzanie et la soci\u00e9t\u00e9 Vineyards Tanganyika est active dans la promotion de son produit. Les nouveaux trains sgr Dar \u00e0 Dodoma permettront bient\u00f4t de voyager en train tr\u00e8s rapidement vers Dodoma.<\/p>","protected":false},"excerpt":{"rendered":"<p>Cheap Train from Dodoma to Dar es Salaam Train Online Ticket Booking Reserve your cheap Sgr Dar es Salaam to Dodoma train tickets online now &gt;&gt; Do cheap train from Dar es Salaam to Dodoma train tickets online booking and travel Dar es Salaam to Dodoma by rail. Placed in the heartland of Tanzania, Dodoma [&hellip;]<\/p>\n","protected":false},"author":1,"featured_media":20644,"parent":25256,"menu_order":0,"comment_status":"open","ping_status":"closed","template":"template-home-modern.php","meta":{"footnotes":""},"class_list":["post-11391","page","type-page","status-publish","has-post-thumbnail","hentry"],"yoast_head":"<!-- This site is optimized with the Yoast SEO plugin v27.4 - https:\/\/yoast.com\/product\/yoast-seo-wordpress\/ -->\n<title>SGR Train from Dar es Salaam to Dodoma Train Tickets &amp; Fares<\/title>\n<meta name=\"description\" content=\"Looking for sgr train from Dar es Salaam to Dodoma train tickets booking app, schedule &amp; fares? Book cheap train from Dodoma to Dar es Salaam online\" \/>\n<meta name=\"robots\" content=\"index, follow, max-snippet:-1, max-image-preview:large, max-video-preview:-1\" \/>\n<link rel=\"canonical\" href=\"https:\/\/tiketi.com\/fr-fr\/train\/routes\/train-dar-es-salaam-to-dodoma\/\" \/>\n<meta property=\"og:locale\" content=\"fr_FR\" \/>\n<meta property=\"og:type\" content=\"article\" \/>\n<meta property=\"og:title\" content=\"SGR Train from Dar es Salaam to Dodoma Train Tickets &amp; Fares\" \/>\n<meta property=\"og:description\" content=\"Looking for sgr train from Dar es Salaam to Dodoma train tickets booking app, schedule &amp; fares? Book cheap train from Dodoma to Dar es Salaam online\" \/>\n<meta property=\"og:url\" content=\"https:\/\/tiketi.com\/fr-fr\/train\/routes\/train-dar-es-salaam-to-dodoma\/\" \/>\n<meta property=\"og:site_name\" content=\"Tiketi.com\" \/>\n<meta property=\"article:publisher\" content=\"https:\/\/www.facebook.com\/TiketiCom\/\" \/>\n<meta property=\"article:modified_time\" content=\"2024-09-24T09:54:13+00:00\" \/>\n<meta property=\"og:image\" content=\"https:\/\/tiketi.com\/wp-content\/uploads\/2022\/02\/train-booking-ice-g5b642a238_1280.jpg\" \/>\n\t<meta property=\"og:image:width\" content=\"1200\" \/>\n\t<meta property=\"og:image:height\" content=\"200\" \/>\n\t<meta property=\"og:image:type\" content=\"image\/jpeg\" \/>\n<meta name=\"twitter:card\" content=\"summary_large_image\" \/>\n<meta name=\"twitter:label1\" content=\"Dur\u00e9e de lecture estim\u00e9e\" \/>\n\t<meta name=\"twitter:data1\" content=\"2 minutes\" \/>\n<script type=\"application\/ld+json\" class=\"yoast-schema-graph\">{\"@context\":\"https:\\\/\\\/schema.org\",\"@graph\":[{\"@type\":\"WebPage\",\"@id\":\"https:\\\/\\\/tiketi.com\\\/train\\\/routes\\\/train-dar-es-salaam-to-dodoma\\\/\",\"url\":\"https:\\\/\\\/tiketi.com\\\/train\\\/routes\\\/train-dar-es-salaam-to-dodoma\\\/\",\"name\":\"SGR Train from Dar es Salaam to Dodoma Train Tickets & Fares\",\"isPartOf\":{\"@id\":\"https:\\\/\\\/tiketi.com\\\/#website\"},\"primaryImageOfPage\":{\"@id\":\"https:\\\/\\\/tiketi.com\\\/train\\\/routes\\\/train-dar-es-salaam-to-dodoma\\\/#primaryimage\"},\"image\":{\"@id\":\"https:\\\/\\\/tiketi.com\\\/train\\\/routes\\\/train-dar-es-salaam-to-dodoma\\\/#primaryimage\"},\"thumbnailUrl\":\"https:\\\/\\\/tiketi.com\\\/wp-content\\\/uploads\\\/2022\\\/02\\\/train-booking-ice-g5b642a238_1280.jpg\",\"datePublished\":\"2022-01-19T11:54:36+00:00\",\"dateModified\":\"2024-09-24T09:54:13+00:00\",\"description\":\"Looking for sgr train from Dar es Salaam to Dodoma train tickets booking app, schedule & fares? Book cheap train from Dodoma to Dar es Salaam online\",\"breadcrumb\":{\"@id\":\"https:\\\/\\\/tiketi.com\\\/train\\\/routes\\\/train-dar-es-salaam-to-dodoma\\\/#breadcrumb\"},\"inLanguage\":\"fr-FR\",\"potentialAction\":[{\"@type\":\"ReadAction\",\"target\":[\"https:\\\/\\\/tiketi.com\\\/train\\\/routes\\\/train-dar-es-salaam-to-dodoma\\\/\"]}]},{\"@type\":\"ImageObject\",\"inLanguage\":\"fr-FR\",\"@id\":\"https:\\\/\\\/tiketi.com\\\/train\\\/routes\\\/train-dar-es-salaam-to-dodoma\\\/#primaryimage\",\"url\":\"https:\\\/\\\/tiketi.com\\\/wp-content\\\/uploads\\\/2022\\\/02\\\/train-booking-ice-g5b642a238_1280.jpg\",\"contentUrl\":\"https:\\\/\\\/tiketi.com\\\/wp-content\\\/uploads\\\/2022\\\/02\\\/train-booking-ice-g5b642a238_1280.jpg\",\"width\":1200,\"height\":200,\"caption\":\"Train Ticket Booking\"},{\"@type\":\"BreadcrumbList\",\"@id\":\"https:\\\/\\\/tiketi.com\\\/train\\\/routes\\\/train-dar-es-salaam-to-dodoma\\\/#breadcrumb\",\"itemListElement\":[{\"@type\":\"ListItem\",\"position\":1,\"name\":\"Home\",\"item\":\"https:\\\/\\\/tiketi.com\\\/\"},{\"@type\":\"ListItem\",\"position\":2,\"name\":\"Train\",\"item\":\"https:\\\/\\\/tiketi.com\\\/train\\\/\"},{\"@type\":\"ListItem\",\"position\":3,\"name\":\"Routes\",\"item\":\"https:\\\/\\\/tiketi.com\\\/train\\\/routes\\\/\"},{\"@type\":\"ListItem\",\"position\":4,\"name\":\"SGR Train from Dar es Salaam to Dodoma Train Tickets &#038; Fares\"}]},{\"@type\":\"WebSite\",\"@id\":\"https:\\\/\\\/tiketi.com\\\/#website\",\"url\":\"https:\\\/\\\/tiketi.com\\\/\",\"name\":\"Flight & Bus Tickets, Tour Packages & Activitites - Tiketi.com\",\"description\":\"Flight &amp; Bus Tickets, Tours, Activitites\",\"publisher\":{\"@id\":\"https:\\\/\\\/tiketi.com\\\/#organization\"},\"potentialAction\":[{\"@type\":\"SearchAction\",\"target\":{\"@type\":\"EntryPoint\",\"urlTemplate\":\"https:\\\/\\\/tiketi.com\\\/?s={search_term_string}\"},\"query-input\":{\"@type\":\"PropertyValueSpecification\",\"valueRequired\":true,\"valueName\":\"search_term_string\"}}],\"inLanguage\":\"fr-FR\"},{\"@type\":\"Organization\",\"@id\":\"https:\\\/\\\/tiketi.com\\\/#organization\",\"name\":\"Tiketi.com\",\"alternateName\":\"Tiketi\",\"url\":\"https:\\\/\\\/tiketi.com\\\/\",\"logo\":{\"@type\":\"ImageObject\",\"inLanguage\":\"fr-FR\",\"@id\":\"https:\\\/\\\/tiketi.com\\\/#\\\/schema\\\/logo\\\/image\\\/\",\"url\":\"https:\\\/\\\/tiketi.com\\\/wp-content\\\/uploads\\\/2019\\\/05\\\/tiketi-logo-696.png\",\"contentUrl\":\"https:\\\/\\\/tiketi.com\\\/wp-content\\\/uploads\\\/2019\\\/05\\\/tiketi-logo-696.png\",\"width\":696,\"height\":696,\"caption\":\"Tiketi.com\"},\"image\":{\"@id\":\"https:\\\/\\\/tiketi.com\\\/#\\\/schema\\\/logo\\\/image\\\/\"},\"sameAs\":[\"https:\\\/\\\/www.facebook.com\\\/TiketiCom\\\/\"]}]}<\/script>\n<!-- \/ Yoast SEO plugin. -->","yoast_head_json":{"title":"Train SGR de Dar es Salaam \u00e0 Dodoma Billets et tarifs de train","description":"Vous recherchez une application de r\u00e9servation de billets de train sgr de Dar es Salaam \u00e0 Dodoma, des horaires et des tarifs? R\u00e9servez en ligne un train pas cher de Dodoma \u00e0 Dar es Salam","robots":{"index":"index","follow":"follow","max-snippet":"max-snippet:-1","max-image-preview":"max-image-preview:large","max-video-preview":"max-video-preview:-1"},"canonical":"https:\/\/tiketi.com\/fr-fr\/train\/routes\/train-dar-es-salaam-to-dodoma\/","og_locale":"fr_FR","og_type":"article","og_title":"SGR Train from Dar es Salaam to Dodoma Train Tickets & Fares","og_description":"Looking for sgr train from Dar es Salaam to Dodoma train tickets booking app, schedule & fares? Book cheap train from Dodoma to Dar es Salaam online","og_url":"https:\/\/tiketi.com\/fr-fr\/train\/routes\/train-dar-es-salaam-to-dodoma\/","og_site_name":"Tiketi.com","article_publisher":"https:\/\/www.facebook.com\/TiketiCom\/","article_modified_time":"2024-09-24T09:54:13+00:00","og_image":[{"width":1200,"height":200,"url":"https:\/\/tiketi.com\/wp-content\/uploads\/2022\/02\/train-booking-ice-g5b642a238_1280.jpg","type":"image\/jpeg"}],"twitter_card":"summary_large_image","twitter_misc":{"Dur\u00e9e de lecture estim\u00e9e":"2 minutes"},"schema":{"@context":"https:\/\/schema.org","@graph":[{"@type":"WebPage","@id":"https:\/\/tiketi.com\/train\/routes\/train-dar-es-salaam-to-dodoma\/","url":"https:\/\/tiketi.com\/train\/routes\/train-dar-es-salaam-to-dodoma\/","name":"Train SGR de Dar es Salaam \u00e0 Dodoma Billets et tarifs de train","isPartOf":{"@id":"https:\/\/tiketi.com\/#website"},"primaryImageOfPage":{"@id":"https:\/\/tiketi.com\/train\/routes\/train-dar-es-salaam-to-dodoma\/#primaryimage"},"image":{"@id":"https:\/\/tiketi.com\/train\/routes\/train-dar-es-salaam-to-dodoma\/#primaryimage"},"thumbnailUrl":"https:\/\/tiketi.com\/wp-content\/uploads\/2022\/02\/train-booking-ice-g5b642a238_1280.jpg","datePublished":"2022-01-19T11:54:36+00:00","dateModified":"2024-09-24T09:54:13+00:00","description":"Vous recherchez une application de r\u00e9servation de billets de train sgr de Dar es Salaam \u00e0 Dodoma, des horaires et des tarifs? R\u00e9servez en ligne un train pas cher de Dodoma \u00e0 Dar es Salam","breadcrumb":{"@id":"https:\/\/tiketi.com\/train\/routes\/train-dar-es-salaam-to-dodoma\/#breadcrumb"},"inLanguage":"fr-FR","potentialAction":[{"@type":"ReadAction","target":["https:\/\/tiketi.com\/train\/routes\/train-dar-es-salaam-to-dodoma\/"]}]},{"@type":"ImageObject","inLanguage":"fr-FR","@id":"https:\/\/tiketi.com\/train\/routes\/train-dar-es-salaam-to-dodoma\/#primaryimage","url":"https:\/\/tiketi.com\/wp-content\/uploads\/2022\/02\/train-booking-ice-g5b642a238_1280.jpg","contentUrl":"https:\/\/tiketi.com\/wp-content\/uploads\/2022\/02\/train-booking-ice-g5b642a238_1280.jpg","width":1200,"height":200,"caption":"Train Ticket Booking"},{"@type":"BreadcrumbList","@id":"https:\/\/tiketi.com\/train\/routes\/train-dar-es-salaam-to-dodoma\/#breadcrumb","itemListElement":[{"@type":"ListItem","position":1,"name":"Home","item":"https:\/\/tiketi.com\/"},{"@type":"ListItem","position":2,"name":"Train","item":"https:\/\/tiketi.com\/train\/"},{"@type":"ListItem","position":3,"name":"Routes","item":"https:\/\/tiketi.com\/train\/routes\/"},{"@type":"ListItem","position":4,"name":"SGR Train from Dar es Salaam to Dodoma Train Tickets &#038; Fares"}]},{"@type":"WebSite","@id":"https:\/\/tiketi.com\/#website","url":"https:\/\/tiketi.com\/","name":"Billets d&#039;avion et de bus, forfaits touristiques et activit\u00e9s - Tiketi.com","description":"Billets d&#039;avion et de bus, Tours, Activit\u00e9s","publisher":{"@id":"https:\/\/tiketi.com\/#organization"},"potentialAction":[{"@type":"SearchAction","target":{"@type":"EntryPoint","urlTemplate":"https:\/\/tiketi.com\/?s={search_term_string}"},"query-input":{"@type":"PropertyValueSpecification","valueRequired":true,"valueName":"search_term_string"}}],"inLanguage":"fr-FR"},{"@type":"Organization","@id":"https:\/\/tiketi.com\/#organization","name":"Tiketi.com","alternateName":"Tiketi","url":"https:\/\/tiketi.com\/","logo":{"@type":"ImageObject","inLanguage":"fr-FR","@id":"https:\/\/tiketi.com\/#\/schema\/logo\/image\/","url":"https:\/\/tiketi.com\/wp-content\/uploads\/2019\/05\/tiketi-logo-696.png","contentUrl":"https:\/\/tiketi.com\/wp-content\/uploads\/2019\/05\/tiketi-logo-696.png","width":696,"height":696,"caption":"Tiketi.com"},"image":{"@id":"https:\/\/tiketi.com\/#\/schema\/logo\/image\/"},"sameAs":["https:\/\/www.facebook.com\/TiketiCom\/"]}]}},"_links":{"self":[{"href":"https:\/\/tiketi.com\/fr-fr\/wp-json\/wp\/v2\/pages\/11391","targetHints":{"allow":["GET"]}}],"collection":[{"href":"https:\/\/tiketi.com\/fr-fr\/wp-json\/wp\/v2\/pages"}],"about":[{"href":"https:\/\/tiketi.com\/fr-fr\/wp-json\/wp\/v2\/types\/page"}],"author":[{"embeddable":true,"href":"https:\/\/tiketi.com\/fr-fr\/wp-json\/wp\/v2\/users\/1"}],"replies":[{"embeddable":true,"href":"https:\/\/tiketi.com\/fr-fr\/wp-json\/wp\/v2\/comments?post=11391"}],"version-history":[{"count":1,"href":"https:\/\/tiketi.com\/fr-fr\/wp-json\/wp\/v2\/pages\/11391\/revisions"}],"predecessor-version":[{"id":31058,"href":"https:\/\/tiketi.com\/fr-fr\/wp-json\/wp\/v2\/pages\/11391\/revisions\/31058"}],"up":[{"embeddable":true,"href":"https:\/\/tiketi.com\/fr-fr\/wp-json\/wp\/v2\/pages\/25256"}],"wp:featuredmedia":[{"embeddable":true,"href":"https:\/\/tiketi.com\/fr-fr\/wp-json\/wp\/v2\/media\/20644"}],"wp:attachment":[{"href":"https:\/\/tiketi.com\/fr-fr\/wp-json\/wp\/v2\/media?parent=11391"}],"curies":[{"name":"wp","href":"https:\/\/api.w.org\/{rel}","templated":true}]}}