{"id":11392,"date":"2022-01-19T12:54:36","date_gmt":"2022-01-19T11:54:36","guid":{"rendered":"https:\/\/new.tiketi.com\/train-from-dar-es-salaam-to-morogoro-train-tickets-booking-schedule-fare\/"},"modified":"2024-04-23T10:53:36","modified_gmt":"2024-04-23T09:53:36","slug":"train-dar-es-salaam-to-morogoro","status":"publish","type":"page","link":"https:\/\/tiketi.com\/fr-fr\/train\/routes\/train-dar-es-salaam-to-morogoro\/","title":{"rendered":"Train SGR de Dar es Salaam \u00e0 Morogoro Billets et tarifs de train"},"content":{"rendered":"<h2>Train pas cher de Morogoro \u00e0 Dar es Salaam R\u00e9servation de billets de train en ligne<\/h2>\n<h3>R\u00e9servez d\u00e8s maintenant votre billet de train sgr Dar \u00e0 Morogoro pas cher en ligne <a href=\"https:\/\/booking.trc.co.tz\/\" target=\"_blank\" rel=\"noopener\">&gt;&gt;<\/a><\/h3>\n<p>R\u00e9servez en ligne des billets de train pas chers de Dar es Salaam \u00e0 Morogoro et voyagez de Dar es Salaam \u00e0 Morogoro en train. Situ\u00e9e au pied des magnifiques montagnes Uluguru, la r\u00e9gion de Morogoro est la terre agricole de la Tanzanie. La zone supporte la v\u00e9g\u00e9tation du tabac ainsi que le traitement complet avant d&#039;\u00eatre transport\u00e9 vers les march\u00e9s. Avec l&#039;agriculture, la ville est c\u00e9l\u00e8bre pour les centres \u00e9ducatifs et l&#039;h\u00f4pital promettant la confiance missionnaire. Bient\u00f4t, vous pourrez r\u00e9server des trains SGR Dar - Morogoro. Voici le guide sur la fa\u00e7on de faire la r\u00e9servation en ligne de billets de train de Morogoro \u00e0 Dar es Salaam:<\/p>\n<h2>Train de Dar es Salaam \u00e0 Morogoro R\u00e9servation de billets de train, itin\u00e9raires, horaires et tarifs FAQs<\/h2>\n<h3>Is there a train Dar es Salaam to Morogoro? Is the Dar es Salaam to Morogoro sgr the affordable way to get to Morogoro?<\/h3>\n<p>Le moyen abordable de se rendre de Dar es Salaam \u00e0 Morogoro en train. Dar es Salaam \u00e0 Morogoro sgr tarif et prend 3h 10m.<\/p>\n<h3>Is there a direct Morogoro to Dar es Salaam train booking?<\/h3>\n<p>Oui, il y a un train direct de Morogoro \u00e0 Dar es Salam, au d\u00e9part. Les services partent une fois par semaine, et ex\u00e9cutent Jeudi. Le trajet dure environ 5h.<\/p>\n<h3>Quelle est la distance du trajet en train entre sgr Dar et Morogoro\u00a0?<\/h3>\n<p>La distance entre Dar et Morogoro est de 178 km.<\/p>\n<h3>O\u00f9 prendre le train depuis Dar es Salam pour Morogoro Sgr ?<\/h3>\n<p>Services de Dar es Salaam \u00e0 Morogoro Sgr, g\u00e9r\u00e9s par la Tanzania Railway Corporation, au d\u00e9part de la gare de Dar es Salaam.<\/p>\n<h2>Train de Morogoro \u00e0 Dar es Salam conseils de r\u00e9servation en ligne de train<\/h2>\n<h3>Tourism<\/h3>\n<p>Taking about the tourism in Morogoro, the mountains play a vital role in attracting the visitor to the area. The forest place and the birdlife and the flora and fauna aids to the tourism making the city perfect for leisure and adventure.<\/p>\n<h3>Uluguru Mountains<\/h3>\n<p>Being near to the Uluguru mountains, camping and hiking is most thrilling task for the visitor, visiting the city of Tanzania.<\/p>\n<h3>Visites culturelles<\/h3>\n<p>The cultural tours are also famous. If not much to do, the little distance from the dynamic city Dar es salaam, makes Morogoro famous among the visitors.<\/p>\n<h3>Mikumi National Park<\/h3>\n<p>If you are in Morogoro, visit Mikumi National Park.<\/p>\n<p>The new Sgr Dar es Salaam to Morogoro will make it soon possible to travel by train fast to Morogoro.<\/p>","protected":false},"excerpt":{"rendered":"<p>Cheap Train from Morogoro to Dar es Salaam Train Online Ticket Booking Reserve your cheap sgr Dar to Morogoro train ticket online now &gt;&gt; Do cheap train from Dar es Salaam to Morogoro train tickets online booking and travel Dar es Salaam to Morogoro by rail. Lying at the base of the wonderful Uluguru Mountains, [&hellip;]<\/p>\n","protected":false},"author":1,"featured_media":20644,"parent":25256,"menu_order":0,"comment_status":"open","ping_status":"closed","template":"template-home-modern.php","meta":{"footnotes":""},"class_list":["post-11392","page","type-page","status-publish","has-post-thumbnail","hentry"],"yoast_head":"<!-- This site is optimized with the Yoast SEO plugin v27.3 - https:\/\/yoast.com\/product\/yoast-seo-wordpress\/ -->\n<title>SGR Train from Dar es Salaam to Morogoro Train Tickets &amp; Fares<\/title>\n<meta name=\"description\" content=\"Looking for sgr Dar es Salaam to Morogoro train tickets booking app, schedule &amp; fares? Book train from\u00a0Morogoro to Dar es Salaam sgr online\" \/>\n<meta name=\"robots\" content=\"index, follow, max-snippet:-1, max-image-preview:large, max-video-preview:-1\" \/>\n<link rel=\"canonical\" href=\"https:\/\/tiketi.com\/fr-fr\/train\/routes\/train-dar-es-salaam-to-morogoro\/\" \/>\n<meta property=\"og:locale\" content=\"fr_FR\" \/>\n<meta property=\"og:type\" content=\"article\" \/>\n<meta property=\"og:title\" content=\"SGR Train from Dar es Salaam to Morogoro Train Tickets &amp; Fares\" \/>\n<meta property=\"og:description\" content=\"Looking for sgr Dar es Salaam to Morogoro train tickets booking app, schedule &amp; fares? Book train from\u00a0Morogoro to Dar es Salaam sgr online\" \/>\n<meta property=\"og:url\" content=\"https:\/\/tiketi.com\/fr-fr\/train\/routes\/train-dar-es-salaam-to-morogoro\/\" \/>\n<meta property=\"og:site_name\" content=\"Tiketi.com\" \/>\n<meta property=\"article:publisher\" content=\"https:\/\/www.facebook.com\/TiketiCom\/\" \/>\n<meta property=\"article:modified_time\" content=\"2024-04-23T09:53:36+00:00\" \/>\n<meta property=\"og:image\" content=\"https:\/\/tiketi.com\/wp-content\/uploads\/2022\/02\/train-booking-ice-g5b642a238_1280.jpg\" \/>\n\t<meta property=\"og:image:width\" content=\"1200\" \/>\n\t<meta property=\"og:image:height\" content=\"200\" \/>\n\t<meta property=\"og:image:type\" content=\"image\/jpeg\" \/>\n<meta name=\"twitter:card\" content=\"summary_large_image\" \/>\n<meta name=\"twitter:label1\" content=\"Dur\u00e9e de lecture estim\u00e9e\" \/>\n\t<meta name=\"twitter:data1\" content=\"3 minutes\" \/>\n<script type=\"application\/ld+json\" class=\"yoast-schema-graph\">{\"@context\":\"https:\\\/\\\/schema.org\",\"@graph\":[{\"@type\":\"WebPage\",\"@id\":\"https:\\\/\\\/tiketi.com\\\/train\\\/routes\\\/train-dar-es-salaam-to-morogoro\\\/\",\"url\":\"https:\\\/\\\/tiketi.com\\\/train\\\/routes\\\/train-dar-es-salaam-to-morogoro\\\/\",\"name\":\"SGR Train from Dar es Salaam to Morogoro Train Tickets & Fares\",\"isPartOf\":{\"@id\":\"https:\\\/\\\/tiketi.com\\\/#website\"},\"primaryImageOfPage\":{\"@id\":\"https:\\\/\\\/tiketi.com\\\/train\\\/routes\\\/train-dar-es-salaam-to-morogoro\\\/#primaryimage\"},\"image\":{\"@id\":\"https:\\\/\\\/tiketi.com\\\/train\\\/routes\\\/train-dar-es-salaam-to-morogoro\\\/#primaryimage\"},\"thumbnailUrl\":\"https:\\\/\\\/tiketi.com\\\/wp-content\\\/uploads\\\/2022\\\/02\\\/train-booking-ice-g5b642a238_1280.jpg\",\"datePublished\":\"2022-01-19T11:54:36+00:00\",\"dateModified\":\"2024-04-23T09:53:36+00:00\",\"description\":\"Looking for sgr Dar es Salaam to Morogoro train tickets booking app, schedule & fares? Book train from\u00a0Morogoro to Dar es Salaam sgr online\",\"breadcrumb\":{\"@id\":\"https:\\\/\\\/tiketi.com\\\/train\\\/routes\\\/train-dar-es-salaam-to-morogoro\\\/#breadcrumb\"},\"inLanguage\":\"fr-FR\",\"potentialAction\":[{\"@type\":\"ReadAction\",\"target\":[\"https:\\\/\\\/tiketi.com\\\/train\\\/routes\\\/train-dar-es-salaam-to-morogoro\\\/\"]}]},{\"@type\":\"ImageObject\",\"inLanguage\":\"fr-FR\",\"@id\":\"https:\\\/\\\/tiketi.com\\\/train\\\/routes\\\/train-dar-es-salaam-to-morogoro\\\/#primaryimage\",\"url\":\"https:\\\/\\\/tiketi.com\\\/wp-content\\\/uploads\\\/2022\\\/02\\\/train-booking-ice-g5b642a238_1280.jpg\",\"contentUrl\":\"https:\\\/\\\/tiketi.com\\\/wp-content\\\/uploads\\\/2022\\\/02\\\/train-booking-ice-g5b642a238_1280.jpg\",\"width\":1200,\"height\":200,\"caption\":\"Train Ticket Booking\"},{\"@type\":\"BreadcrumbList\",\"@id\":\"https:\\\/\\\/tiketi.com\\\/train\\\/routes\\\/train-dar-es-salaam-to-morogoro\\\/#breadcrumb\",\"itemListElement\":[{\"@type\":\"ListItem\",\"position\":1,\"name\":\"Home\",\"item\":\"https:\\\/\\\/tiketi.com\\\/\"},{\"@type\":\"ListItem\",\"position\":2,\"name\":\"Train\",\"item\":\"https:\\\/\\\/tiketi.com\\\/train\\\/\"},{\"@type\":\"ListItem\",\"position\":3,\"name\":\"Routes\",\"item\":\"https:\\\/\\\/tiketi.com\\\/train\\\/routes\\\/\"},{\"@type\":\"ListItem\",\"position\":4,\"name\":\"SGR Train from Dar es Salaam to Morogoro Train Tickets &#038; Fares\"}]},{\"@type\":\"WebSite\",\"@id\":\"https:\\\/\\\/tiketi.com\\\/#website\",\"url\":\"https:\\\/\\\/tiketi.com\\\/\",\"name\":\"Flight & Bus Tickets, Tour Packages & Activitites - Tiketi.com\",\"description\":\"Flight &amp; Bus Tickets, Tours, Activitites\",\"publisher\":{\"@id\":\"https:\\\/\\\/tiketi.com\\\/#organization\"},\"potentialAction\":[{\"@type\":\"SearchAction\",\"target\":{\"@type\":\"EntryPoint\",\"urlTemplate\":\"https:\\\/\\\/tiketi.com\\\/?s={search_term_string}\"},\"query-input\":{\"@type\":\"PropertyValueSpecification\",\"valueRequired\":true,\"valueName\":\"search_term_string\"}}],\"inLanguage\":\"fr-FR\"},{\"@type\":\"Organization\",\"@id\":\"https:\\\/\\\/tiketi.com\\\/#organization\",\"name\":\"Tiketi.com\",\"alternateName\":\"Tiketi\",\"url\":\"https:\\\/\\\/tiketi.com\\\/\",\"logo\":{\"@type\":\"ImageObject\",\"inLanguage\":\"fr-FR\",\"@id\":\"https:\\\/\\\/tiketi.com\\\/#\\\/schema\\\/logo\\\/image\\\/\",\"url\":\"https:\\\/\\\/tiketi.com\\\/wp-content\\\/uploads\\\/2019\\\/05\\\/tiketi-logo-696.png\",\"contentUrl\":\"https:\\\/\\\/tiketi.com\\\/wp-content\\\/uploads\\\/2019\\\/05\\\/tiketi-logo-696.png\",\"width\":696,\"height\":696,\"caption\":\"Tiketi.com\"},\"image\":{\"@id\":\"https:\\\/\\\/tiketi.com\\\/#\\\/schema\\\/logo\\\/image\\\/\"},\"sameAs\":[\"https:\\\/\\\/www.facebook.com\\\/TiketiCom\\\/\"]}]}<\/script>\n<!-- \/ Yoast SEO plugin. -->","yoast_head_json":{"title":"Train SGR de Dar es Salaam \u00e0 Morogoro Billets et tarifs de train","description":"Looking for sgr Dar es Salaam to Morogoro train tickets booking app, schedule & fares? Book train from\u00a0Morogoro to Dar es Salaam sgr online","robots":{"index":"index","follow":"follow","max-snippet":"max-snippet:-1","max-image-preview":"max-image-preview:large","max-video-preview":"max-video-preview:-1"},"canonical":"https:\/\/tiketi.com\/fr-fr\/train\/routes\/train-dar-es-salaam-to-morogoro\/","og_locale":"fr_FR","og_type":"article","og_title":"SGR Train from Dar es Salaam to Morogoro Train Tickets & Fares","og_description":"Looking for sgr Dar es Salaam to Morogoro train tickets booking app, schedule & fares? Book train from\u00a0Morogoro to Dar es Salaam sgr online","og_url":"https:\/\/tiketi.com\/fr-fr\/train\/routes\/train-dar-es-salaam-to-morogoro\/","og_site_name":"Tiketi.com","article_publisher":"https:\/\/www.facebook.com\/TiketiCom\/","article_modified_time":"2024-04-23T09:53:36+00:00","og_image":[{"width":1200,"height":200,"url":"https:\/\/tiketi.com\/wp-content\/uploads\/2022\/02\/train-booking-ice-g5b642a238_1280.jpg","type":"image\/jpeg"}],"twitter_card":"summary_large_image","twitter_misc":{"Dur\u00e9e de lecture estim\u00e9e":"3 minutes"},"schema":{"@context":"https:\/\/schema.org","@graph":[{"@type":"WebPage","@id":"https:\/\/tiketi.com\/train\/routes\/train-dar-es-salaam-to-morogoro\/","url":"https:\/\/tiketi.com\/train\/routes\/train-dar-es-salaam-to-morogoro\/","name":"Train SGR de Dar es Salaam \u00e0 Morogoro Billets et tarifs de train","isPartOf":{"@id":"https:\/\/tiketi.com\/#website"},"primaryImageOfPage":{"@id":"https:\/\/tiketi.com\/train\/routes\/train-dar-es-salaam-to-morogoro\/#primaryimage"},"image":{"@id":"https:\/\/tiketi.com\/train\/routes\/train-dar-es-salaam-to-morogoro\/#primaryimage"},"thumbnailUrl":"https:\/\/tiketi.com\/wp-content\/uploads\/2022\/02\/train-booking-ice-g5b642a238_1280.jpg","datePublished":"2022-01-19T11:54:36+00:00","dateModified":"2024-04-23T09:53:36+00:00","description":"Looking for sgr Dar es Salaam to Morogoro train tickets booking app, schedule & fares? Book train from\u00a0Morogoro to Dar es Salaam sgr online","breadcrumb":{"@id":"https:\/\/tiketi.com\/train\/routes\/train-dar-es-salaam-to-morogoro\/#breadcrumb"},"inLanguage":"fr-FR","potentialAction":[{"@type":"ReadAction","target":["https:\/\/tiketi.com\/train\/routes\/train-dar-es-salaam-to-morogoro\/"]}]},{"@type":"ImageObject","inLanguage":"fr-FR","@id":"https:\/\/tiketi.com\/train\/routes\/train-dar-es-salaam-to-morogoro\/#primaryimage","url":"https:\/\/tiketi.com\/wp-content\/uploads\/2022\/02\/train-booking-ice-g5b642a238_1280.jpg","contentUrl":"https:\/\/tiketi.com\/wp-content\/uploads\/2022\/02\/train-booking-ice-g5b642a238_1280.jpg","width":1200,"height":200,"caption":"Train Ticket Booking"},{"@type":"BreadcrumbList","@id":"https:\/\/tiketi.com\/train\/routes\/train-dar-es-salaam-to-morogoro\/#breadcrumb","itemListElement":[{"@type":"ListItem","position":1,"name":"Home","item":"https:\/\/tiketi.com\/"},{"@type":"ListItem","position":2,"name":"Train","item":"https:\/\/tiketi.com\/train\/"},{"@type":"ListItem","position":3,"name":"Routes","item":"https:\/\/tiketi.com\/train\/routes\/"},{"@type":"ListItem","position":4,"name":"SGR Train from Dar es Salaam to Morogoro Train Tickets &#038; Fares"}]},{"@type":"WebSite","@id":"https:\/\/tiketi.com\/#website","url":"https:\/\/tiketi.com\/","name":"Billets d&#039;avion et de bus, forfaits touristiques et activit\u00e9s - Tiketi.com","description":"Billets d&#039;avion et de bus, Tours, Activit\u00e9s","publisher":{"@id":"https:\/\/tiketi.com\/#organization"},"potentialAction":[{"@type":"SearchAction","target":{"@type":"EntryPoint","urlTemplate":"https:\/\/tiketi.com\/?s={search_term_string}"},"query-input":{"@type":"PropertyValueSpecification","valueRequired":true,"valueName":"search_term_string"}}],"inLanguage":"fr-FR"},{"@type":"Organization","@id":"https:\/\/tiketi.com\/#organization","name":"Tiketi.com","alternateName":"Tiketi","url":"https:\/\/tiketi.com\/","logo":{"@type":"ImageObject","inLanguage":"fr-FR","@id":"https:\/\/tiketi.com\/#\/schema\/logo\/image\/","url":"https:\/\/tiketi.com\/wp-content\/uploads\/2019\/05\/tiketi-logo-696.png","contentUrl":"https:\/\/tiketi.com\/wp-content\/uploads\/2019\/05\/tiketi-logo-696.png","width":696,"height":696,"caption":"Tiketi.com"},"image":{"@id":"https:\/\/tiketi.com\/#\/schema\/logo\/image\/"},"sameAs":["https:\/\/www.facebook.com\/TiketiCom\/"]}]}},"_links":{"self":[{"href":"https:\/\/tiketi.com\/fr-fr\/wp-json\/wp\/v2\/pages\/11392","targetHints":{"allow":["GET"]}}],"collection":[{"href":"https:\/\/tiketi.com\/fr-fr\/wp-json\/wp\/v2\/pages"}],"about":[{"href":"https:\/\/tiketi.com\/fr-fr\/wp-json\/wp\/v2\/types\/page"}],"author":[{"embeddable":true,"href":"https:\/\/tiketi.com\/fr-fr\/wp-json\/wp\/v2\/users\/1"}],"replies":[{"embeddable":true,"href":"https:\/\/tiketi.com\/fr-fr\/wp-json\/wp\/v2\/comments?post=11392"}],"version-history":[{"count":0,"href":"https:\/\/tiketi.com\/fr-fr\/wp-json\/wp\/v2\/pages\/11392\/revisions"}],"up":[{"embeddable":true,"href":"https:\/\/tiketi.com\/fr-fr\/wp-json\/wp\/v2\/pages\/25256"}],"wp:featuredmedia":[{"embeddable":true,"href":"https:\/\/tiketi.com\/fr-fr\/wp-json\/wp\/v2\/media\/20644"}],"wp:attachment":[{"href":"https:\/\/tiketi.com\/fr-fr\/wp-json\/wp\/v2\/media?parent=11392"}],"curies":[{"name":"wp","href":"https:\/\/api.w.org\/{rel}","templated":true}]}}