{"id":11393,"date":"2022-01-19T12:54:36","date_gmt":"2022-01-19T11:54:36","guid":{"rendered":"https:\/\/new.tiketi.com\/sgr-train-from-nairobi-to-mtito-andei-online-booking-train-tickets-reservation\/"},"modified":"2022-02-21T16:27:50","modified_gmt":"2022-02-21T15:27:50","slug":"sgr-nairobi-to-mtito-andei-train-tickets-online","status":"publish","type":"page","link":"https:\/\/tiketi.com\/fr-fr\/sgr-nairobi-to-mtito-andei-train-tickets-online\/","title":{"rendered":"Train SGR de Nairobi \u00e0 Mtito Andei R\u00e9servation en ligne, billets de train"},"content":{"rendered":"<h2>Billets de train Nairobi - Mtito Andei R\u00e9servation en ligne<\/h2>\n<h3>R\u00e9servez votre billet de train SGR pas cher de Nairobi \u00e0 Mtito Andei en ligne <a href=\"https:\/\/metickets.krc.co.ke\/\" target=\"_blank\" rel=\"noopener\">maintenant &gt;&gt;<\/a><\/h3>\n<p>La r\u00e9servation en ligne de train SGR de Nairobi \u00e0 Mtito Andei est facile. Mtito Andei est une petite ville situ\u00e9e sur l&#039;autoroute et le chemin de fer Mombasa-Nairobi. Il se trouve \u00e0 la limite ouest du parc national de Tsavo et 2 portes d&#039;entr\u00e9e dans le parc sont plac\u00e9es dans la ville. La ville est administr\u00e9e par le conseil municipal de Mtito Andei qui sert de si\u00e8ge du sous-comt\u00e9 de Mtiti Andei dans lequel la ville est situ\u00e9e. Mtito Andei est le si\u00e8ge de la South Eastern Kenya University, une universit\u00e9 publique situ\u00e9e \u00e0 quelques kilom\u00e8tres de la ville. Voici le guide sur la fa\u00e7on de r\u00e9server en ligne vos billets de train SGR Nairobi \u00e0 Mtito Andei.<\/p>\n<h2>SGR de Nairobi \u00e0 Mtito Andei R\u00e9servation en ligne FAQ<\/h2>\n<h3>Le train de Nairobi \u00e0 Mtito Andei est-il le moyen abordable d&#039;obtenir Mtito Andei ?<\/h3>\n<p>Un moyen abordable de se rendre de Nairobi \u00e0 Mtito Andei en bus. Prix Sgr de Nairobi \u00e0 Mtito Andei $20 \u2013 $30 et dure 3h 50m.<\/p>\n<h3>Comment puis-je me d\u00e9placer de Nairobi \u00e0 Mtito Andei sans v\u00e9hicule personnel ?<\/h3>\n<p>Le meilleur moyen de se rendre de Nairobi \u00e0 Mtito Andei sans v\u00e9hicule personnel est de prendre le train. Tarif SGR de Nairobi \u00e0 Mtito Andei $40 et dure 3h.<\/p>\n<h3>Quel est le moyen le plus rapide pour aller de Nairobi \u00e0 Mtito Andei en train ?<\/h3>\n<p>Le moyen le plus rapide pour se rendre de Nairobi \u00e0 Mtito Andei est de prendre le bus. r\u00e9servation sgr via Mpesa de Nairobi \u00e0 Mtito Andei prix $40 et prend 3h.<\/p>\n<h2>Conseils pour r\u00e9server des billets de train de Nairobi \u00e0 Mtito Andei<\/h2>\n<p>Mtito Andei se trouve sur la principale ligne ferroviaire du Kenya, entre Nairobi et Mombasa. La ville poss\u00e8de \u00e9galement l&#039;a\u00e9roport de Mtito Andei. L&#039;art\u00e8re principale traversant la ville est la route Mombasa-Nairobi. En direction du sud-est, la route continue vers Tsavo, puis Voi et enfin Mombasa. En direction du nord-ouest, la route passe par Sultan Hamud et Kibwezi, avant d&#039;entrer dans Nairobi.<br \/>\nL&#039;un des points de sortie ou d&#039;entr\u00e9e du parc national de Tsavo ouest, situ\u00e9 \u00e0 son extr\u00e9mit\u00e9 nord \u00e0 la p\u00e9riph\u00e9rie de Mtiti Andei. Il y a une boutique, des cadeaux, des toilettes et des bureaux KWS.<\/p>","protected":false},"excerpt":{"rendered":"<p>Nairobi to Mtito Andei Train Tickets Online Booking Reserve your cheap sgr train ticket from Nairobi to Mtito Andei online now &gt;&gt; SGR train from Nairobi to Mtito Andei&nbsp;online booking made easy.&nbsp;Mtito Andei is a little town on the Mombasa to Nairobi Highway and Railway. It lies at the western edge of Tsavo National Park [&hellip;]<\/p>\n","protected":false},"author":1,"featured_media":20644,"parent":0,"menu_order":0,"comment_status":"open","ping_status":"closed","template":"template-home-modern.php","meta":{"footnotes":""},"class_list":["post-11393","page","type-page","status-publish","has-post-thumbnail","hentry"],"yoast_head":"<!-- This site is optimized with the Yoast SEO plugin v27.3 - https:\/\/yoast.com\/product\/yoast-seo-wordpress\/ -->\n<title>SGR Train from Nairobi to Mtito Andei Online Booking, Train Tickets<\/title>\n<meta name=\"description\" content=\"Looking for SGR train from Nairobi to Mtito Andei online booking app, route, schedule &amp; fare? Do your SGR Nairobi to Mtito Andei train tickets online booking\" \/>\n<meta name=\"robots\" content=\"index, follow, max-snippet:-1, max-image-preview:large, max-video-preview:-1\" \/>\n<link rel=\"canonical\" href=\"https:\/\/tiketi.com\/fr-fr\/sgr-nairobi-to-mtito-andei-train-tickets-online\/\" \/>\n<meta property=\"og:locale\" content=\"fr_FR\" \/>\n<meta property=\"og:type\" content=\"article\" \/>\n<meta property=\"og:title\" content=\"SGR Train from Nairobi to Mtito Andei Online Booking, Train Tickets\" \/>\n<meta property=\"og:description\" content=\"Looking for SGR train from Nairobi to Mtito Andei online booking app, route, schedule &amp; fare? Do your SGR Nairobi to Mtito Andei train tickets online booking\" \/>\n<meta property=\"og:url\" content=\"https:\/\/tiketi.com\/fr-fr\/sgr-nairobi-to-mtito-andei-train-tickets-online\/\" \/>\n<meta property=\"og:site_name\" content=\"Tiketi.com\" \/>\n<meta property=\"article:publisher\" content=\"https:\/\/www.facebook.com\/TiketiCom\/\" \/>\n<meta property=\"article:modified_time\" content=\"2022-02-21T15:27:50+00:00\" \/>\n<meta property=\"og:image\" content=\"https:\/\/tiketi.com\/wp-content\/uploads\/2022\/02\/train-booking-ice-g5b642a238_1280.jpg\" \/>\n\t<meta property=\"og:image:width\" content=\"1200\" \/>\n\t<meta property=\"og:image:height\" content=\"200\" \/>\n\t<meta property=\"og:image:type\" content=\"image\/jpeg\" \/>\n<meta name=\"twitter:card\" content=\"summary_large_image\" \/>\n<meta name=\"twitter:label1\" content=\"Dur\u00e9e de lecture estim\u00e9e\" \/>\n\t<meta name=\"twitter:data1\" content=\"2 minutes\" \/>\n<script type=\"application\/ld+json\" class=\"yoast-schema-graph\">{\"@context\":\"https:\\\/\\\/schema.org\",\"@graph\":[{\"@type\":\"WebPage\",\"@id\":\"https:\\\/\\\/tiketi.com\\\/sgr-nairobi-to-mtito-andei-train-tickets-online\\\/\",\"url\":\"https:\\\/\\\/tiketi.com\\\/sgr-nairobi-to-mtito-andei-train-tickets-online\\\/\",\"name\":\"SGR Train from Nairobi to Mtito Andei Online Booking, Train Tickets\",\"isPartOf\":{\"@id\":\"https:\\\/\\\/tiketi.com\\\/#website\"},\"primaryImageOfPage\":{\"@id\":\"https:\\\/\\\/tiketi.com\\\/sgr-nairobi-to-mtito-andei-train-tickets-online\\\/#primaryimage\"},\"image\":{\"@id\":\"https:\\\/\\\/tiketi.com\\\/sgr-nairobi-to-mtito-andei-train-tickets-online\\\/#primaryimage\"},\"thumbnailUrl\":\"https:\\\/\\\/tiketi.com\\\/wp-content\\\/uploads\\\/2022\\\/02\\\/train-booking-ice-g5b642a238_1280.jpg\",\"datePublished\":\"2022-01-19T11:54:36+00:00\",\"dateModified\":\"2022-02-21T15:27:50+00:00\",\"description\":\"Looking for SGR train from Nairobi to Mtito Andei online booking app, route, schedule & fare? Do your SGR Nairobi to Mtito Andei train tickets online booking\",\"breadcrumb\":{\"@id\":\"https:\\\/\\\/tiketi.com\\\/sgr-nairobi-to-mtito-andei-train-tickets-online\\\/#breadcrumb\"},\"inLanguage\":\"fr-FR\",\"potentialAction\":[{\"@type\":\"ReadAction\",\"target\":[\"https:\\\/\\\/tiketi.com\\\/sgr-nairobi-to-mtito-andei-train-tickets-online\\\/\"]}]},{\"@type\":\"ImageObject\",\"inLanguage\":\"fr-FR\",\"@id\":\"https:\\\/\\\/tiketi.com\\\/sgr-nairobi-to-mtito-andei-train-tickets-online\\\/#primaryimage\",\"url\":\"https:\\\/\\\/tiketi.com\\\/wp-content\\\/uploads\\\/2022\\\/02\\\/train-booking-ice-g5b642a238_1280.jpg\",\"contentUrl\":\"https:\\\/\\\/tiketi.com\\\/wp-content\\\/uploads\\\/2022\\\/02\\\/train-booking-ice-g5b642a238_1280.jpg\",\"width\":1200,\"height\":200,\"caption\":\"Train Ticket Booking\"},{\"@type\":\"BreadcrumbList\",\"@id\":\"https:\\\/\\\/tiketi.com\\\/sgr-nairobi-to-mtito-andei-train-tickets-online\\\/#breadcrumb\",\"itemListElement\":[{\"@type\":\"ListItem\",\"position\":1,\"name\":\"Home\",\"item\":\"https:\\\/\\\/tiketi.com\\\/\"},{\"@type\":\"ListItem\",\"position\":2,\"name\":\"SGR Train from Nairobi to Mtito Andei Online Booking, Train Tickets\"}]},{\"@type\":\"WebSite\",\"@id\":\"https:\\\/\\\/tiketi.com\\\/#website\",\"url\":\"https:\\\/\\\/tiketi.com\\\/\",\"name\":\"Flight & Bus Tickets, Tour Packages & Activitites - Tiketi.com\",\"description\":\"Flight &amp; Bus Tickets, Tours, Activitites\",\"publisher\":{\"@id\":\"https:\\\/\\\/tiketi.com\\\/#organization\"},\"potentialAction\":[{\"@type\":\"SearchAction\",\"target\":{\"@type\":\"EntryPoint\",\"urlTemplate\":\"https:\\\/\\\/tiketi.com\\\/?s={search_term_string}\"},\"query-input\":{\"@type\":\"PropertyValueSpecification\",\"valueRequired\":true,\"valueName\":\"search_term_string\"}}],\"inLanguage\":\"fr-FR\"},{\"@type\":\"Organization\",\"@id\":\"https:\\\/\\\/tiketi.com\\\/#organization\",\"name\":\"Tiketi.com\",\"alternateName\":\"Tiketi\",\"url\":\"https:\\\/\\\/tiketi.com\\\/\",\"logo\":{\"@type\":\"ImageObject\",\"inLanguage\":\"fr-FR\",\"@id\":\"https:\\\/\\\/tiketi.com\\\/#\\\/schema\\\/logo\\\/image\\\/\",\"url\":\"https:\\\/\\\/tiketi.com\\\/wp-content\\\/uploads\\\/2019\\\/05\\\/tiketi-logo-696.png\",\"contentUrl\":\"https:\\\/\\\/tiketi.com\\\/wp-content\\\/uploads\\\/2019\\\/05\\\/tiketi-logo-696.png\",\"width\":696,\"height\":696,\"caption\":\"Tiketi.com\"},\"image\":{\"@id\":\"https:\\\/\\\/tiketi.com\\\/#\\\/schema\\\/logo\\\/image\\\/\"},\"sameAs\":[\"https:\\\/\\\/www.facebook.com\\\/TiketiCom\\\/\"]}]}<\/script>\n<!-- \/ Yoast SEO plugin. -->","yoast_head_json":{"title":"Train SGR de Nairobi \u00e0 Mtito Andei R\u00e9servation en ligne, billets de train","description":"Vous recherchez une application de r\u00e9servation en ligne, un itin\u00e9raire, un horaire et un tarif SGR pour un train de Nairobi \u00e0 Mtito Andei ? R\u00e9servez en ligne vos billets de train SGR Nairobi - Mtito Andei","robots":{"index":"index","follow":"follow","max-snippet":"max-snippet:-1","max-image-preview":"max-image-preview:large","max-video-preview":"max-video-preview:-1"},"canonical":"https:\/\/tiketi.com\/fr-fr\/sgr-nairobi-to-mtito-andei-train-tickets-online\/","og_locale":"fr_FR","og_type":"article","og_title":"SGR Train from Nairobi to Mtito Andei Online Booking, Train Tickets","og_description":"Looking for SGR train from Nairobi to Mtito Andei online booking app, route, schedule & fare? Do your SGR Nairobi to Mtito Andei train tickets online booking","og_url":"https:\/\/tiketi.com\/fr-fr\/sgr-nairobi-to-mtito-andei-train-tickets-online\/","og_site_name":"Tiketi.com","article_publisher":"https:\/\/www.facebook.com\/TiketiCom\/","article_modified_time":"2022-02-21T15:27:50+00:00","og_image":[{"width":1200,"height":200,"url":"https:\/\/tiketi.com\/wp-content\/uploads\/2022\/02\/train-booking-ice-g5b642a238_1280.jpg","type":"image\/jpeg"}],"twitter_card":"summary_large_image","twitter_misc":{"Dur\u00e9e de lecture estim\u00e9e":"2 minutes"},"schema":{"@context":"https:\/\/schema.org","@graph":[{"@type":"WebPage","@id":"https:\/\/tiketi.com\/sgr-nairobi-to-mtito-andei-train-tickets-online\/","url":"https:\/\/tiketi.com\/sgr-nairobi-to-mtito-andei-train-tickets-online\/","name":"Train SGR de Nairobi \u00e0 Mtito Andei R\u00e9servation en ligne, billets de train","isPartOf":{"@id":"https:\/\/tiketi.com\/#website"},"primaryImageOfPage":{"@id":"https:\/\/tiketi.com\/sgr-nairobi-to-mtito-andei-train-tickets-online\/#primaryimage"},"image":{"@id":"https:\/\/tiketi.com\/sgr-nairobi-to-mtito-andei-train-tickets-online\/#primaryimage"},"thumbnailUrl":"https:\/\/tiketi.com\/wp-content\/uploads\/2022\/02\/train-booking-ice-g5b642a238_1280.jpg","datePublished":"2022-01-19T11:54:36+00:00","dateModified":"2022-02-21T15:27:50+00:00","description":"Vous recherchez une application de r\u00e9servation en ligne, un itin\u00e9raire, un horaire et un tarif SGR pour un train de Nairobi \u00e0 Mtito Andei ? R\u00e9servez en ligne vos billets de train SGR Nairobi - Mtito Andei","breadcrumb":{"@id":"https:\/\/tiketi.com\/sgr-nairobi-to-mtito-andei-train-tickets-online\/#breadcrumb"},"inLanguage":"fr-FR","potentialAction":[{"@type":"ReadAction","target":["https:\/\/tiketi.com\/sgr-nairobi-to-mtito-andei-train-tickets-online\/"]}]},{"@type":"ImageObject","inLanguage":"fr-FR","@id":"https:\/\/tiketi.com\/sgr-nairobi-to-mtito-andei-train-tickets-online\/#primaryimage","url":"https:\/\/tiketi.com\/wp-content\/uploads\/2022\/02\/train-booking-ice-g5b642a238_1280.jpg","contentUrl":"https:\/\/tiketi.com\/wp-content\/uploads\/2022\/02\/train-booking-ice-g5b642a238_1280.jpg","width":1200,"height":200,"caption":"Train Ticket Booking"},{"@type":"BreadcrumbList","@id":"https:\/\/tiketi.com\/sgr-nairobi-to-mtito-andei-train-tickets-online\/#breadcrumb","itemListElement":[{"@type":"ListItem","position":1,"name":"Home","item":"https:\/\/tiketi.com\/"},{"@type":"ListItem","position":2,"name":"SGR Train from Nairobi to Mtito Andei Online Booking, Train Tickets"}]},{"@type":"WebSite","@id":"https:\/\/tiketi.com\/#website","url":"https:\/\/tiketi.com\/","name":"Billets d&#039;avion et de bus, forfaits touristiques et activit\u00e9s - Tiketi.com","description":"Billets d&#039;avion et de bus, Tours, Activit\u00e9s","publisher":{"@id":"https:\/\/tiketi.com\/#organization"},"potentialAction":[{"@type":"SearchAction","target":{"@type":"EntryPoint","urlTemplate":"https:\/\/tiketi.com\/?s={search_term_string}"},"query-input":{"@type":"PropertyValueSpecification","valueRequired":true,"valueName":"search_term_string"}}],"inLanguage":"fr-FR"},{"@type":"Organization","@id":"https:\/\/tiketi.com\/#organization","name":"Tiketi.com","alternateName":"Tiketi","url":"https:\/\/tiketi.com\/","logo":{"@type":"ImageObject","inLanguage":"fr-FR","@id":"https:\/\/tiketi.com\/#\/schema\/logo\/image\/","url":"https:\/\/tiketi.com\/wp-content\/uploads\/2019\/05\/tiketi-logo-696.png","contentUrl":"https:\/\/tiketi.com\/wp-content\/uploads\/2019\/05\/tiketi-logo-696.png","width":696,"height":696,"caption":"Tiketi.com"},"image":{"@id":"https:\/\/tiketi.com\/#\/schema\/logo\/image\/"},"sameAs":["https:\/\/www.facebook.com\/TiketiCom\/"]}]}},"_links":{"self":[{"href":"https:\/\/tiketi.com\/fr-fr\/wp-json\/wp\/v2\/pages\/11393","targetHints":{"allow":["GET"]}}],"collection":[{"href":"https:\/\/tiketi.com\/fr-fr\/wp-json\/wp\/v2\/pages"}],"about":[{"href":"https:\/\/tiketi.com\/fr-fr\/wp-json\/wp\/v2\/types\/page"}],"author":[{"embeddable":true,"href":"https:\/\/tiketi.com\/fr-fr\/wp-json\/wp\/v2\/users\/1"}],"replies":[{"embeddable":true,"href":"https:\/\/tiketi.com\/fr-fr\/wp-json\/wp\/v2\/comments?post=11393"}],"version-history":[{"count":0,"href":"https:\/\/tiketi.com\/fr-fr\/wp-json\/wp\/v2\/pages\/11393\/revisions"}],"wp:featuredmedia":[{"embeddable":true,"href":"https:\/\/tiketi.com\/fr-fr\/wp-json\/wp\/v2\/media\/20644"}],"wp:attachment":[{"href":"https:\/\/tiketi.com\/fr-fr\/wp-json\/wp\/v2\/media?parent=11393"}],"curies":[{"name":"wp","href":"https:\/\/api.w.org\/{rel}","templated":true}]}}