{"id":11394,"date":"2022-01-19T12:54:36","date_gmt":"2022-01-19T11:54:36","guid":{"rendered":"https:\/\/new.tiketi.com\/sgr-train-from-nairobi-to-voi-online-booking-train-tickets-reservation\/"},"modified":"2022-02-21T16:19:42","modified_gmt":"2022-02-21T15:19:42","slug":"sgr-nairobi-to-voi-train-tickets-online-booking","status":"publish","type":"page","link":"https:\/\/tiketi.com\/fr-fr\/sgr-nairobi-to-voi-train-tickets-online-booking\/","title":{"rendered":"Train SGR de Nairobi \u00e0 Voi R\u00e9servation en ligne, Billets de train"},"content":{"rendered":"<h2>R\u00e9servation en ligne de billets de train SGR Nairobi \u00e0 Voi<\/h2>\n<h3>R\u00e9servez votre billet de train sgr pas cher de Nairobi \u00e0 Voi en ligne <a href=\"https:\/\/metickets.krc.co.ke\/\" target=\"_blank\" rel=\"noopener\">maintenant &gt;&gt;<\/a><\/h3>\n<p>Train SGR de Nairobi \u00e0 Voi La r\u00e9servation en ligne simplifi\u00e9e. Voi est la principale ville de la r\u00e9gion de Taita-Taveta au sud du Kenya, dans l&#039;ancienne province c\u00f4ti\u00e8re. Il se situe \u00e0 l&#039;extr\u00e9mit\u00e9 ouest du d\u00e9sert de Taru, \u00e0 l&#039;ouest et au sud du parc national de Tsavo East. Les collines de Sagala sont au sud. Voici le guide sur la fa\u00e7on de r\u00e9server en ligne des billets de train SGR Nairobi \u00e0 Voi:<\/p>\n<h2>Train SGR de Nairobi \u00e0 Voi R\u00e9servation en ligne, billets de train, FAQ sur l&#039;itin\u00e9raire, les horaires et les tarifs<\/h2>\n<h3>Combien co\u00fbte SGR de Nairobi \u00e0 Voi ?<\/h3>\n<p>Les chemins de fer du Kenya font circuler un train de Nairobi \u00e0 Voi une fois par jour. Tarif SGR de Nairobi \u00e0 Voi $7 \u2013 $22 et le trajet dure 3h 50m.<\/p>\n<h3>Combien d&#039;heures de route de Nairobi \u00e0 Voi\u00a0?<\/h3>\n<p>La distance entre Voi et Nairobi est de 304 kilom\u00e8tres. La distance en voiture de Nairobi et de Voi est de 330 km.<\/p>\n<h3>Est-ce que le train est le moyen le plus rapide pour se rendre de Nairobi \u00e0 Voi ?<\/h3>\n<p>Le moyen le plus rapide pour se rendre de Nairobi \u00e0 Voi en train et avion qui co\u00fbte $210 et $490 et prend 4h 5m.<\/p>\n<h2>Comment r\u00e9server une r\u00e9servation sgr via Mpesa de Nairobi \u00e0 Voi en ligne<\/h2>\n<p>1) Aller \u00e0 <strong>meticket.krc.co.ke<\/strong><\/p>\n<p>2) Choisissez le train pr\u00e9f\u00e9r\u00e9<\/p>\n<p>3) Choisissez la station de d\u00e9part (Voi, Kibwezi, Email, Athi River, Nairobi, Mtitio Andei)<\/p>\n<p>4) R\u00e9servez le si\u00e8ge et le billet<\/p>\n<p>5) Et payer les prix sgr de Nairobi \u00e0 Voi<\/p>\n<h2>SGR Nairobi \u00e0 Voi Billets de train Conseils de r\u00e9servation en ligne<\/h2>\n<p>Voi a 2 gares. La premi\u00e8re et la plus ancienne gare, aime sur le chemin de fer Kenya-Ouganda qui est construit par les Britanniques 1895 et 1900 reliant le port de Mombasa \u00e0 l&#039;Ouganda. Cette station forme \u00e9galement la jonction entre la ligne cl\u00e9 et une petite ligne aujourd&#039;hui abandonn\u00e9e vers Taveta \u00e0 la fronti\u00e8re tanzanienne. La deuxi\u00e8me gare, plus r\u00e9cente, relie le chemin de fer \u00e0 voie normale Mombasa-Nairobi. Le train de voyageurs de la nouvelle ligne de chemin de fer a une escale quotidienne \u00e0 Voi. Les services de passagers sur l&#039;ancien chemin de fer de construction britannique ont cess\u00e9 en mai 2017 via des services de fret limit\u00e9s qui se poursuivent sur cette ligne.<\/p>","protected":false},"excerpt":{"rendered":"<p>SGR Nairobi to Voi Train Tickets Online Booking Reserve your cheap sgr train ticket from Nairobi to Voi online now &gt;&gt; SGR train from Nairobi to Voi online booking made easy.\u00a0Voi is the main town in Taita-Taveta region in southern Kenya, in the ex-coast province. It places at the western edge of the Taru desert, [&hellip;]<\/p>\n","protected":false},"author":1,"featured_media":20644,"parent":0,"menu_order":0,"comment_status":"open","ping_status":"closed","template":"template-home-modern.php","meta":{"footnotes":""},"class_list":["post-11394","page","type-page","status-publish","has-post-thumbnail","hentry"],"yoast_head":"<!-- This site is optimized with the Yoast SEO plugin v27.3 - https:\/\/yoast.com\/product\/yoast-seo-wordpress\/ -->\n<title>SGR Train from Nairobi to Voi Online Booking, Train Tickets Reservation<\/title>\n<meta name=\"description\" content=\"Looking for SGR train from Nairobi to Voi online booking? Do Nairobi to Voi train tickets online booking now\" \/>\n<meta name=\"robots\" content=\"index, follow, max-snippet:-1, max-image-preview:large, max-video-preview:-1\" \/>\n<link rel=\"canonical\" href=\"https:\/\/tiketi.com\/fr-fr\/sgr-nairobi-to-voi-train-tickets-online-booking\/\" \/>\n<meta property=\"og:locale\" content=\"fr_FR\" \/>\n<meta property=\"og:type\" content=\"article\" \/>\n<meta property=\"og:title\" content=\"SGR Train from Nairobi to Voi Online Booking, Train Tickets Reservation\" \/>\n<meta property=\"og:description\" content=\"Looking for SGR train from Nairobi to Voi online booking? Do Nairobi to Voi train tickets online booking now\" \/>\n<meta property=\"og:url\" content=\"https:\/\/tiketi.com\/fr-fr\/sgr-nairobi-to-voi-train-tickets-online-booking\/\" \/>\n<meta property=\"og:site_name\" content=\"Tiketi.com\" \/>\n<meta property=\"article:publisher\" content=\"https:\/\/www.facebook.com\/TiketiCom\/\" \/>\n<meta property=\"article:modified_time\" content=\"2022-02-21T15:19:42+00:00\" \/>\n<meta property=\"og:image\" content=\"https:\/\/tiketi.com\/wp-content\/uploads\/2022\/02\/train-booking-ice-g5b642a238_1280.jpg\" \/>\n\t<meta property=\"og:image:width\" content=\"1200\" \/>\n\t<meta property=\"og:image:height\" content=\"200\" \/>\n\t<meta property=\"og:image:type\" content=\"image\/jpeg\" \/>\n<meta name=\"twitter:card\" content=\"summary_large_image\" \/>\n<meta name=\"twitter:label1\" content=\"Dur\u00e9e de lecture estim\u00e9e\" \/>\n\t<meta name=\"twitter:data1\" content=\"2 minutes\" \/>\n<script type=\"application\/ld+json\" class=\"yoast-schema-graph\">{\"@context\":\"https:\\\/\\\/schema.org\",\"@graph\":[{\"@type\":\"WebPage\",\"@id\":\"https:\\\/\\\/tiketi.com\\\/sgr-nairobi-to-voi-train-tickets-online-booking\\\/\",\"url\":\"https:\\\/\\\/tiketi.com\\\/sgr-nairobi-to-voi-train-tickets-online-booking\\\/\",\"name\":\"SGR Train from Nairobi to Voi Online Booking, Train Tickets Reservation\",\"isPartOf\":{\"@id\":\"https:\\\/\\\/tiketi.com\\\/#website\"},\"primaryImageOfPage\":{\"@id\":\"https:\\\/\\\/tiketi.com\\\/sgr-nairobi-to-voi-train-tickets-online-booking\\\/#primaryimage\"},\"image\":{\"@id\":\"https:\\\/\\\/tiketi.com\\\/sgr-nairobi-to-voi-train-tickets-online-booking\\\/#primaryimage\"},\"thumbnailUrl\":\"https:\\\/\\\/tiketi.com\\\/wp-content\\\/uploads\\\/2022\\\/02\\\/train-booking-ice-g5b642a238_1280.jpg\",\"datePublished\":\"2022-01-19T11:54:36+00:00\",\"dateModified\":\"2022-02-21T15:19:42+00:00\",\"description\":\"Looking for SGR train from Nairobi to Voi online booking? Do Nairobi to Voi train tickets online booking now\",\"breadcrumb\":{\"@id\":\"https:\\\/\\\/tiketi.com\\\/sgr-nairobi-to-voi-train-tickets-online-booking\\\/#breadcrumb\"},\"inLanguage\":\"fr-FR\",\"potentialAction\":[{\"@type\":\"ReadAction\",\"target\":[\"https:\\\/\\\/tiketi.com\\\/sgr-nairobi-to-voi-train-tickets-online-booking\\\/\"]}]},{\"@type\":\"ImageObject\",\"inLanguage\":\"fr-FR\",\"@id\":\"https:\\\/\\\/tiketi.com\\\/sgr-nairobi-to-voi-train-tickets-online-booking\\\/#primaryimage\",\"url\":\"https:\\\/\\\/tiketi.com\\\/wp-content\\\/uploads\\\/2022\\\/02\\\/train-booking-ice-g5b642a238_1280.jpg\",\"contentUrl\":\"https:\\\/\\\/tiketi.com\\\/wp-content\\\/uploads\\\/2022\\\/02\\\/train-booking-ice-g5b642a238_1280.jpg\",\"width\":1200,\"height\":200,\"caption\":\"Train Ticket Booking\"},{\"@type\":\"BreadcrumbList\",\"@id\":\"https:\\\/\\\/tiketi.com\\\/sgr-nairobi-to-voi-train-tickets-online-booking\\\/#breadcrumb\",\"itemListElement\":[{\"@type\":\"ListItem\",\"position\":1,\"name\":\"Home\",\"item\":\"https:\\\/\\\/tiketi.com\\\/\"},{\"@type\":\"ListItem\",\"position\":2,\"name\":\"SGR Train from Nairobi to Voi Online Booking, Train Tickets\"}]},{\"@type\":\"WebSite\",\"@id\":\"https:\\\/\\\/tiketi.com\\\/#website\",\"url\":\"https:\\\/\\\/tiketi.com\\\/\",\"name\":\"Flight & Bus Tickets, Tour Packages & Activitites - Tiketi.com\",\"description\":\"Flight &amp; Bus Tickets, Tours, Activitites\",\"publisher\":{\"@id\":\"https:\\\/\\\/tiketi.com\\\/#organization\"},\"potentialAction\":[{\"@type\":\"SearchAction\",\"target\":{\"@type\":\"EntryPoint\",\"urlTemplate\":\"https:\\\/\\\/tiketi.com\\\/?s={search_term_string}\"},\"query-input\":{\"@type\":\"PropertyValueSpecification\",\"valueRequired\":true,\"valueName\":\"search_term_string\"}}],\"inLanguage\":\"fr-FR\"},{\"@type\":\"Organization\",\"@id\":\"https:\\\/\\\/tiketi.com\\\/#organization\",\"name\":\"Tiketi.com\",\"alternateName\":\"Tiketi\",\"url\":\"https:\\\/\\\/tiketi.com\\\/\",\"logo\":{\"@type\":\"ImageObject\",\"inLanguage\":\"fr-FR\",\"@id\":\"https:\\\/\\\/tiketi.com\\\/#\\\/schema\\\/logo\\\/image\\\/\",\"url\":\"https:\\\/\\\/tiketi.com\\\/wp-content\\\/uploads\\\/2019\\\/05\\\/tiketi-logo-696.png\",\"contentUrl\":\"https:\\\/\\\/tiketi.com\\\/wp-content\\\/uploads\\\/2019\\\/05\\\/tiketi-logo-696.png\",\"width\":696,\"height\":696,\"caption\":\"Tiketi.com\"},\"image\":{\"@id\":\"https:\\\/\\\/tiketi.com\\\/#\\\/schema\\\/logo\\\/image\\\/\"},\"sameAs\":[\"https:\\\/\\\/www.facebook.com\\\/TiketiCom\\\/\"]}]}<\/script>\n<!-- \/ Yoast SEO plugin. -->","yoast_head_json":{"title":"Train SGR de Nairobi \u00e0 Voi R\u00e9servation en ligne, r\u00e9servation de billets de train","description":"Vous cherchez une r\u00e9servation en ligne de train SGR de Nairobi \u00e0 Voi? R\u00e9servation en ligne de billets de train de Nairobi \u00e0 Voi maintenant","robots":{"index":"index","follow":"follow","max-snippet":"max-snippet:-1","max-image-preview":"max-image-preview:large","max-video-preview":"max-video-preview:-1"},"canonical":"https:\/\/tiketi.com\/fr-fr\/sgr-nairobi-to-voi-train-tickets-online-booking\/","og_locale":"fr_FR","og_type":"article","og_title":"SGR Train from Nairobi to Voi Online Booking, Train Tickets Reservation","og_description":"Looking for SGR train from Nairobi to Voi online booking? Do Nairobi to Voi train tickets online booking now","og_url":"https:\/\/tiketi.com\/fr-fr\/sgr-nairobi-to-voi-train-tickets-online-booking\/","og_site_name":"Tiketi.com","article_publisher":"https:\/\/www.facebook.com\/TiketiCom\/","article_modified_time":"2022-02-21T15:19:42+00:00","og_image":[{"width":1200,"height":200,"url":"https:\/\/tiketi.com\/wp-content\/uploads\/2022\/02\/train-booking-ice-g5b642a238_1280.jpg","type":"image\/jpeg"}],"twitter_card":"summary_large_image","twitter_misc":{"Dur\u00e9e de lecture estim\u00e9e":"2 minutes"},"schema":{"@context":"https:\/\/schema.org","@graph":[{"@type":"WebPage","@id":"https:\/\/tiketi.com\/sgr-nairobi-to-voi-train-tickets-online-booking\/","url":"https:\/\/tiketi.com\/sgr-nairobi-to-voi-train-tickets-online-booking\/","name":"Train SGR de Nairobi \u00e0 Voi R\u00e9servation en ligne, r\u00e9servation de billets de train","isPartOf":{"@id":"https:\/\/tiketi.com\/#website"},"primaryImageOfPage":{"@id":"https:\/\/tiketi.com\/sgr-nairobi-to-voi-train-tickets-online-booking\/#primaryimage"},"image":{"@id":"https:\/\/tiketi.com\/sgr-nairobi-to-voi-train-tickets-online-booking\/#primaryimage"},"thumbnailUrl":"https:\/\/tiketi.com\/wp-content\/uploads\/2022\/02\/train-booking-ice-g5b642a238_1280.jpg","datePublished":"2022-01-19T11:54:36+00:00","dateModified":"2022-02-21T15:19:42+00:00","description":"Vous cherchez une r\u00e9servation en ligne de train SGR de Nairobi \u00e0 Voi? R\u00e9servation en ligne de billets de train de Nairobi \u00e0 Voi maintenant","breadcrumb":{"@id":"https:\/\/tiketi.com\/sgr-nairobi-to-voi-train-tickets-online-booking\/#breadcrumb"},"inLanguage":"fr-FR","potentialAction":[{"@type":"ReadAction","target":["https:\/\/tiketi.com\/sgr-nairobi-to-voi-train-tickets-online-booking\/"]}]},{"@type":"ImageObject","inLanguage":"fr-FR","@id":"https:\/\/tiketi.com\/sgr-nairobi-to-voi-train-tickets-online-booking\/#primaryimage","url":"https:\/\/tiketi.com\/wp-content\/uploads\/2022\/02\/train-booking-ice-g5b642a238_1280.jpg","contentUrl":"https:\/\/tiketi.com\/wp-content\/uploads\/2022\/02\/train-booking-ice-g5b642a238_1280.jpg","width":1200,"height":200,"caption":"Train Ticket Booking"},{"@type":"BreadcrumbList","@id":"https:\/\/tiketi.com\/sgr-nairobi-to-voi-train-tickets-online-booking\/#breadcrumb","itemListElement":[{"@type":"ListItem","position":1,"name":"Home","item":"https:\/\/tiketi.com\/"},{"@type":"ListItem","position":2,"name":"SGR Train from Nairobi to Voi Online Booking, Train Tickets"}]},{"@type":"WebSite","@id":"https:\/\/tiketi.com\/#website","url":"https:\/\/tiketi.com\/","name":"Billets d&#039;avion et de bus, forfaits touristiques et activit\u00e9s - Tiketi.com","description":"Billets d&#039;avion et de bus, Tours, Activit\u00e9s","publisher":{"@id":"https:\/\/tiketi.com\/#organization"},"potentialAction":[{"@type":"SearchAction","target":{"@type":"EntryPoint","urlTemplate":"https:\/\/tiketi.com\/?s={search_term_string}"},"query-input":{"@type":"PropertyValueSpecification","valueRequired":true,"valueName":"search_term_string"}}],"inLanguage":"fr-FR"},{"@type":"Organization","@id":"https:\/\/tiketi.com\/#organization","name":"Tiketi.com","alternateName":"Tiketi","url":"https:\/\/tiketi.com\/","logo":{"@type":"ImageObject","inLanguage":"fr-FR","@id":"https:\/\/tiketi.com\/#\/schema\/logo\/image\/","url":"https:\/\/tiketi.com\/wp-content\/uploads\/2019\/05\/tiketi-logo-696.png","contentUrl":"https:\/\/tiketi.com\/wp-content\/uploads\/2019\/05\/tiketi-logo-696.png","width":696,"height":696,"caption":"Tiketi.com"},"image":{"@id":"https:\/\/tiketi.com\/#\/schema\/logo\/image\/"},"sameAs":["https:\/\/www.facebook.com\/TiketiCom\/"]}]}},"_links":{"self":[{"href":"https:\/\/tiketi.com\/fr-fr\/wp-json\/wp\/v2\/pages\/11394","targetHints":{"allow":["GET"]}}],"collection":[{"href":"https:\/\/tiketi.com\/fr-fr\/wp-json\/wp\/v2\/pages"}],"about":[{"href":"https:\/\/tiketi.com\/fr-fr\/wp-json\/wp\/v2\/types\/page"}],"author":[{"embeddable":true,"href":"https:\/\/tiketi.com\/fr-fr\/wp-json\/wp\/v2\/users\/1"}],"replies":[{"embeddable":true,"href":"https:\/\/tiketi.com\/fr-fr\/wp-json\/wp\/v2\/comments?post=11394"}],"version-history":[{"count":0,"href":"https:\/\/tiketi.com\/fr-fr\/wp-json\/wp\/v2\/pages\/11394\/revisions"}],"wp:featuredmedia":[{"embeddable":true,"href":"https:\/\/tiketi.com\/fr-fr\/wp-json\/wp\/v2\/media\/20644"}],"wp:attachment":[{"href":"https:\/\/tiketi.com\/fr-fr\/wp-json\/wp\/v2\/media?parent=11394"}],"curies":[{"name":"wp","href":"https:\/\/api.w.org\/{rel}","templated":true}]}}