{"id":11395,"date":"2022-01-19T12:54:36","date_gmt":"2022-01-19T11:54:36","guid":{"rendered":"https:\/\/new.tiketi.com\/sgr-train-from-nairobi-to-mariakani-online-booking-train-tickets-reservation\/"},"modified":"2022-02-21T16:32:45","modified_gmt":"2022-02-21T15:32:45","slug":"sgr-nairobi-to-mariakani-train-tickets-online","status":"publish","type":"page","link":"https:\/\/tiketi.com\/fr-fr\/sgr-nairobi-to-mariakani-train-tickets-online\/","title":{"rendered":"Train SGR de Nairobi \u00e0 Mariakani R\u00e9servation en ligne, billets de train"},"content":{"rendered":"<h2>R\u00e9servation en ligne de billets de train de Nairobi \u00e0 Mariakani<\/h2>\n<h3>R\u00e9servez votre billet de train sgr pas cher de Nairobi \u00e0 Mariakani en ligne <a href=\"https:\/\/metickets.krc.co.ke\/\" target=\"_blank\" rel=\"noopener\">\u00e0 pr\u00e9sent<\/a>.<\/h3>\n<p>Train SGR de Nairobi \u00e0 Mariakani La r\u00e9servation en ligne simplifi\u00e9e. Mariakani, au Kenya, est une ville situ\u00e9e \u00e0 la fronti\u00e8re des r\u00e9gions de Kaloleni et de Kinango (anciennement respectivement kilifi et kwale), province c\u00f4ti\u00e8re du Kenya, \u00e0 trente-six kilom\u00e8tres au nord-ouest du port de la ville de Mombasa. Voici le guide sur la fa\u00e7on de r\u00e9server en ligne des billets de train de Nairobi \u00e0 Mariakani :<\/p>\n<h2>Train SGR de Nairobi \u00e0 Mariakani FAQ sur la r\u00e9servation en ligne<\/h2>\n<h3>Quel est le moyen abordable pour se rendre de Nairobi \u00e0 Mariakani ?<\/h3>\n<p>Le moyen abordable de se rendre de Nairobi \u00e0 Mariakani en train. Tarif SGR de Nairobi \u00e0 Mariakani $40 - $60 et dure 6h 50m.<\/p>\n<h3>Quelle est la distance entre Nairobi et Mombasa en train ?<\/h3>\n<p>La distance de voyage de sgr booking via Mpesa de Nairobi \u00e0 Mariakani est de 412 km.<\/p>\n<h3>Comment se d\u00e9placer de Nairobi \u00e0 Mariakani sans v\u00e9hicule personnel ?<\/h3>\n<p>Le meilleur moyen pour se rendre de Nairobi \u00e0 Mariakani sans v\u00e9hicule personnel est de train, ce qui dure 6h 24m et les prix sgr de Nairobi \u00e0 Mariakani $40 \u2013 $60.<\/p>\n<h3>Bus, avion ou train depuis Nairobi jusqu&#039;\u00e0 Mariakani ?<\/h3>\n<p>Le meilleur moyen de se rendre de Nairobi \u00e0 Mariakani est de <a href=\"https:\/\/tiketi.com\/fr-fr\/flightst\/\">voler<\/a> qui dure 1h 40m et co\u00fbte $140 \u2013 $200. Vous pouvez vous entra\u00eener, ce qui co\u00fbte $100 \u2013 $120 et dure 6h 30m, vous pouvez aussi prendre <a href=\"https:\/\/tiketi.com\/fr-fr\/cheap-bus-tickets-from-nairobi-to-mombasa\/\" target=\"_blank\" rel=\"noopener\">autobus<\/a>, qui co\u00fbte $70 \u2013 $95 et dure 8h 30m.<\/p>\n<h3>Puis-je conduire de Nairobi \u00e0 Mariakani ?<\/h3>\n<p>Oui, la distance entre Mariakani et Nairobi est de 450 km.<\/p>\n<h2>Billets de train de Nairobi \u00e0 Mariakani Conseils de r\u00e9servation en ligne<\/h2>\n<p>L&#039;altitude de Mariakani au-dessus du niveau de la mer est d&#039;environ z\u00e9ro m\u00e8tre. C&#039;est pourquoi Mariakani est le meilleur endroit pour voyager si vous voulez \u00eatre pr\u00e8s de la mer.<\/p>\n<p>Mariakani abrite un conseil municipal de 67 990 habitants, dont 19 980 sont class\u00e9s urbains. Le conseil municipal est compos\u00e9 de 5 quartiers : Kawala, Mugumo-wa-Patsa, Kaliangombe, Tsangatsini, Mariakani. Tous sont plac\u00e9s dans la circonscription de Kaloleni. Le centre de Mariakani est le lieu de la division Kaloeni du district de Kilifi.<\/p>","protected":false},"excerpt":{"rendered":"<p>Nairobi to Mariakani Train Tickets Online Booking Reserve your cheap sgr train ticket from Nairobi to Mariakani online now. SGR train from Nairobi to Mariakani online booking made easy.&nbsp;Mariakani, Kenya is a town place on the border line of Kaloleni &nbsp;and Kinango areas (formerly kilifi and kwale respectively), coast province of Kenya, thirty-six kilometers northwest [&hellip;]<\/p>\n","protected":false},"author":1,"featured_media":20644,"parent":0,"menu_order":0,"comment_status":"open","ping_status":"closed","template":"template-home-modern.php","meta":{"footnotes":""},"class_list":["post-11395","page","type-page","status-publish","has-post-thumbnail","hentry"],"yoast_head":"<!-- This site is optimized with the Yoast SEO plugin v27.3 - https:\/\/yoast.com\/product\/yoast-seo-wordpress\/ -->\n<title>SGR Train from Nairobi to Mariakani Online Booking, Train Tickets<\/title>\n<meta name=\"description\" content=\"Looking for SGR train from Nairobi to Mariakani, train tickets, route, schedule &amp; fare? Do cheap Nairobi to Mariakani train tickets online booking\" \/>\n<meta name=\"robots\" content=\"index, follow, max-snippet:-1, max-image-preview:large, max-video-preview:-1\" \/>\n<link rel=\"canonical\" href=\"https:\/\/tiketi.com\/fr-fr\/sgr-nairobi-to-mariakani-train-tickets-online\/\" \/>\n<meta property=\"og:locale\" content=\"fr_FR\" \/>\n<meta property=\"og:type\" content=\"article\" \/>\n<meta property=\"og:title\" content=\"SGR Train from Nairobi to Mariakani Online Booking, Train Tickets\" \/>\n<meta property=\"og:description\" content=\"Looking for SGR train from Nairobi to Mariakani, train tickets, route, schedule &amp; fare? Do cheap Nairobi to Mariakani train tickets online booking\" \/>\n<meta property=\"og:url\" content=\"https:\/\/tiketi.com\/fr-fr\/sgr-nairobi-to-mariakani-train-tickets-online\/\" \/>\n<meta property=\"og:site_name\" content=\"Tiketi.com\" \/>\n<meta property=\"article:publisher\" content=\"https:\/\/www.facebook.com\/TiketiCom\/\" \/>\n<meta property=\"article:modified_time\" content=\"2022-02-21T15:32:45+00:00\" \/>\n<meta property=\"og:image\" content=\"https:\/\/tiketi.com\/wp-content\/uploads\/2022\/02\/train-booking-ice-g5b642a238_1280.jpg\" \/>\n\t<meta property=\"og:image:width\" content=\"1200\" \/>\n\t<meta property=\"og:image:height\" content=\"200\" \/>\n\t<meta property=\"og:image:type\" content=\"image\/jpeg\" \/>\n<meta name=\"twitter:card\" content=\"summary_large_image\" \/>\n<meta name=\"twitter:label1\" content=\"Dur\u00e9e de lecture estim\u00e9e\" \/>\n\t<meta name=\"twitter:data1\" content=\"2 minutes\" \/>\n<script type=\"application\/ld+json\" class=\"yoast-schema-graph\">{\"@context\":\"https:\\\/\\\/schema.org\",\"@graph\":[{\"@type\":\"WebPage\",\"@id\":\"https:\\\/\\\/tiketi.com\\\/sgr-nairobi-to-mariakani-train-tickets-online\\\/\",\"url\":\"https:\\\/\\\/tiketi.com\\\/sgr-nairobi-to-mariakani-train-tickets-online\\\/\",\"name\":\"SGR Train from Nairobi to Mariakani Online Booking, Train Tickets\",\"isPartOf\":{\"@id\":\"https:\\\/\\\/tiketi.com\\\/#website\"},\"primaryImageOfPage\":{\"@id\":\"https:\\\/\\\/tiketi.com\\\/sgr-nairobi-to-mariakani-train-tickets-online\\\/#primaryimage\"},\"image\":{\"@id\":\"https:\\\/\\\/tiketi.com\\\/sgr-nairobi-to-mariakani-train-tickets-online\\\/#primaryimage\"},\"thumbnailUrl\":\"https:\\\/\\\/tiketi.com\\\/wp-content\\\/uploads\\\/2022\\\/02\\\/train-booking-ice-g5b642a238_1280.jpg\",\"datePublished\":\"2022-01-19T11:54:36+00:00\",\"dateModified\":\"2022-02-21T15:32:45+00:00\",\"description\":\"Looking for SGR train from Nairobi to Mariakani, train tickets, route, schedule & fare? Do cheap Nairobi to Mariakani train tickets online booking\",\"breadcrumb\":{\"@id\":\"https:\\\/\\\/tiketi.com\\\/sgr-nairobi-to-mariakani-train-tickets-online\\\/#breadcrumb\"},\"inLanguage\":\"fr-FR\",\"potentialAction\":[{\"@type\":\"ReadAction\",\"target\":[\"https:\\\/\\\/tiketi.com\\\/sgr-nairobi-to-mariakani-train-tickets-online\\\/\"]}]},{\"@type\":\"ImageObject\",\"inLanguage\":\"fr-FR\",\"@id\":\"https:\\\/\\\/tiketi.com\\\/sgr-nairobi-to-mariakani-train-tickets-online\\\/#primaryimage\",\"url\":\"https:\\\/\\\/tiketi.com\\\/wp-content\\\/uploads\\\/2022\\\/02\\\/train-booking-ice-g5b642a238_1280.jpg\",\"contentUrl\":\"https:\\\/\\\/tiketi.com\\\/wp-content\\\/uploads\\\/2022\\\/02\\\/train-booking-ice-g5b642a238_1280.jpg\",\"width\":1200,\"height\":200,\"caption\":\"Train Ticket Booking\"},{\"@type\":\"BreadcrumbList\",\"@id\":\"https:\\\/\\\/tiketi.com\\\/sgr-nairobi-to-mariakani-train-tickets-online\\\/#breadcrumb\",\"itemListElement\":[{\"@type\":\"ListItem\",\"position\":1,\"name\":\"Home\",\"item\":\"https:\\\/\\\/tiketi.com\\\/\"},{\"@type\":\"ListItem\",\"position\":2,\"name\":\"SGR Train from Nairobi to Mariakani Online Booking, Train Tickets\"}]},{\"@type\":\"WebSite\",\"@id\":\"https:\\\/\\\/tiketi.com\\\/#website\",\"url\":\"https:\\\/\\\/tiketi.com\\\/\",\"name\":\"Flight & Bus Tickets, Tour Packages & Activitites - Tiketi.com\",\"description\":\"Flight &amp; Bus Tickets, Tours, Activitites\",\"publisher\":{\"@id\":\"https:\\\/\\\/tiketi.com\\\/#organization\"},\"potentialAction\":[{\"@type\":\"SearchAction\",\"target\":{\"@type\":\"EntryPoint\",\"urlTemplate\":\"https:\\\/\\\/tiketi.com\\\/?s={search_term_string}\"},\"query-input\":{\"@type\":\"PropertyValueSpecification\",\"valueRequired\":true,\"valueName\":\"search_term_string\"}}],\"inLanguage\":\"fr-FR\"},{\"@type\":\"Organization\",\"@id\":\"https:\\\/\\\/tiketi.com\\\/#organization\",\"name\":\"Tiketi.com\",\"alternateName\":\"Tiketi\",\"url\":\"https:\\\/\\\/tiketi.com\\\/\",\"logo\":{\"@type\":\"ImageObject\",\"inLanguage\":\"fr-FR\",\"@id\":\"https:\\\/\\\/tiketi.com\\\/#\\\/schema\\\/logo\\\/image\\\/\",\"url\":\"https:\\\/\\\/tiketi.com\\\/wp-content\\\/uploads\\\/2019\\\/05\\\/tiketi-logo-696.png\",\"contentUrl\":\"https:\\\/\\\/tiketi.com\\\/wp-content\\\/uploads\\\/2019\\\/05\\\/tiketi-logo-696.png\",\"width\":696,\"height\":696,\"caption\":\"Tiketi.com\"},\"image\":{\"@id\":\"https:\\\/\\\/tiketi.com\\\/#\\\/schema\\\/logo\\\/image\\\/\"},\"sameAs\":[\"https:\\\/\\\/www.facebook.com\\\/TiketiCom\\\/\"]}]}<\/script>\n<!-- \/ Yoast SEO plugin. -->","yoast_head_json":{"title":"Train SGR de Nairobi \u00e0 Mariakani R\u00e9servation en ligne, billets de train","description":"Vous recherchez le train SGR de Nairobi \u00e0 Mariakani, les billets de train, l&#039;itin\u00e9raire, les horaires et les tarifs\u00a0? R\u00e9servez en ligne des billets de train pas chers de Nairobi \u00e0 Mariakani","robots":{"index":"index","follow":"follow","max-snippet":"max-snippet:-1","max-image-preview":"max-image-preview:large","max-video-preview":"max-video-preview:-1"},"canonical":"https:\/\/tiketi.com\/fr-fr\/sgr-nairobi-to-mariakani-train-tickets-online\/","og_locale":"fr_FR","og_type":"article","og_title":"SGR Train from Nairobi to Mariakani Online Booking, Train Tickets","og_description":"Looking for SGR train from Nairobi to Mariakani, train tickets, route, schedule & fare? Do cheap Nairobi to Mariakani train tickets online booking","og_url":"https:\/\/tiketi.com\/fr-fr\/sgr-nairobi-to-mariakani-train-tickets-online\/","og_site_name":"Tiketi.com","article_publisher":"https:\/\/www.facebook.com\/TiketiCom\/","article_modified_time":"2022-02-21T15:32:45+00:00","og_image":[{"width":1200,"height":200,"url":"https:\/\/tiketi.com\/wp-content\/uploads\/2022\/02\/train-booking-ice-g5b642a238_1280.jpg","type":"image\/jpeg"}],"twitter_card":"summary_large_image","twitter_misc":{"Dur\u00e9e de lecture estim\u00e9e":"2 minutes"},"schema":{"@context":"https:\/\/schema.org","@graph":[{"@type":"WebPage","@id":"https:\/\/tiketi.com\/sgr-nairobi-to-mariakani-train-tickets-online\/","url":"https:\/\/tiketi.com\/sgr-nairobi-to-mariakani-train-tickets-online\/","name":"Train SGR de Nairobi \u00e0 Mariakani R\u00e9servation en ligne, billets de train","isPartOf":{"@id":"https:\/\/tiketi.com\/#website"},"primaryImageOfPage":{"@id":"https:\/\/tiketi.com\/sgr-nairobi-to-mariakani-train-tickets-online\/#primaryimage"},"image":{"@id":"https:\/\/tiketi.com\/sgr-nairobi-to-mariakani-train-tickets-online\/#primaryimage"},"thumbnailUrl":"https:\/\/tiketi.com\/wp-content\/uploads\/2022\/02\/train-booking-ice-g5b642a238_1280.jpg","datePublished":"2022-01-19T11:54:36+00:00","dateModified":"2022-02-21T15:32:45+00:00","description":"Vous recherchez le train SGR de Nairobi \u00e0 Mariakani, les billets de train, l&#039;itin\u00e9raire, les horaires et les tarifs\u00a0? R\u00e9servez en ligne des billets de train pas chers de Nairobi \u00e0 Mariakani","breadcrumb":{"@id":"https:\/\/tiketi.com\/sgr-nairobi-to-mariakani-train-tickets-online\/#breadcrumb"},"inLanguage":"fr-FR","potentialAction":[{"@type":"ReadAction","target":["https:\/\/tiketi.com\/sgr-nairobi-to-mariakani-train-tickets-online\/"]}]},{"@type":"ImageObject","inLanguage":"fr-FR","@id":"https:\/\/tiketi.com\/sgr-nairobi-to-mariakani-train-tickets-online\/#primaryimage","url":"https:\/\/tiketi.com\/wp-content\/uploads\/2022\/02\/train-booking-ice-g5b642a238_1280.jpg","contentUrl":"https:\/\/tiketi.com\/wp-content\/uploads\/2022\/02\/train-booking-ice-g5b642a238_1280.jpg","width":1200,"height":200,"caption":"Train Ticket Booking"},{"@type":"BreadcrumbList","@id":"https:\/\/tiketi.com\/sgr-nairobi-to-mariakani-train-tickets-online\/#breadcrumb","itemListElement":[{"@type":"ListItem","position":1,"name":"Home","item":"https:\/\/tiketi.com\/"},{"@type":"ListItem","position":2,"name":"SGR Train from Nairobi to Mariakani Online Booking, Train Tickets"}]},{"@type":"WebSite","@id":"https:\/\/tiketi.com\/#website","url":"https:\/\/tiketi.com\/","name":"Billets d&#039;avion et de bus, forfaits touristiques et activit\u00e9s - Tiketi.com","description":"Billets d&#039;avion et de bus, Tours, Activit\u00e9s","publisher":{"@id":"https:\/\/tiketi.com\/#organization"},"potentialAction":[{"@type":"SearchAction","target":{"@type":"EntryPoint","urlTemplate":"https:\/\/tiketi.com\/?s={search_term_string}"},"query-input":{"@type":"PropertyValueSpecification","valueRequired":true,"valueName":"search_term_string"}}],"inLanguage":"fr-FR"},{"@type":"Organization","@id":"https:\/\/tiketi.com\/#organization","name":"Tiketi.com","alternateName":"Tiketi","url":"https:\/\/tiketi.com\/","logo":{"@type":"ImageObject","inLanguage":"fr-FR","@id":"https:\/\/tiketi.com\/#\/schema\/logo\/image\/","url":"https:\/\/tiketi.com\/wp-content\/uploads\/2019\/05\/tiketi-logo-696.png","contentUrl":"https:\/\/tiketi.com\/wp-content\/uploads\/2019\/05\/tiketi-logo-696.png","width":696,"height":696,"caption":"Tiketi.com"},"image":{"@id":"https:\/\/tiketi.com\/#\/schema\/logo\/image\/"},"sameAs":["https:\/\/www.facebook.com\/TiketiCom\/"]}]}},"_links":{"self":[{"href":"https:\/\/tiketi.com\/fr-fr\/wp-json\/wp\/v2\/pages\/11395","targetHints":{"allow":["GET"]}}],"collection":[{"href":"https:\/\/tiketi.com\/fr-fr\/wp-json\/wp\/v2\/pages"}],"about":[{"href":"https:\/\/tiketi.com\/fr-fr\/wp-json\/wp\/v2\/types\/page"}],"author":[{"embeddable":true,"href":"https:\/\/tiketi.com\/fr-fr\/wp-json\/wp\/v2\/users\/1"}],"replies":[{"embeddable":true,"href":"https:\/\/tiketi.com\/fr-fr\/wp-json\/wp\/v2\/comments?post=11395"}],"version-history":[{"count":0,"href":"https:\/\/tiketi.com\/fr-fr\/wp-json\/wp\/v2\/pages\/11395\/revisions"}],"wp:featuredmedia":[{"embeddable":true,"href":"https:\/\/tiketi.com\/fr-fr\/wp-json\/wp\/v2\/media\/20644"}],"wp:attachment":[{"href":"https:\/\/tiketi.com\/fr-fr\/wp-json\/wp\/v2\/media?parent=11395"}],"curies":[{"name":"wp","href":"https:\/\/api.w.org\/{rel}","templated":true}]}}