{"id":11396,"date":"2022-01-19T12:54:36","date_gmt":"2022-01-19T11:54:36","guid":{"rendered":"https:\/\/new.tiketi.com\/train-from-nairobi-to-athi-river-online-booking-sgr-train-tickets-reservation\/"},"modified":"2022-02-22T14:33:11","modified_gmt":"2022-02-22T13:33:11","slug":"sgr-nairobi-to-athi-river-train-tickets-online","status":"publish","type":"page","link":"https:\/\/tiketi.com\/fr-fr\/sgr-nairobi-to-athi-river-train-tickets-online\/","title":{"rendered":"Train from Nairobi to Athi River Online Booking, SGR Train Tickets Reservation"},"content":{"rendered":"<h2>Nairobi to Athi River Train Tickets Online Booking<\/h2>\n<h3>Reserve your cheap sgr train ticket from Nairobi to Athi River online <a href=\"https:\/\/metickets.krc.co.ke\/\" target=\"_blank\" rel=\"noopener\">maintenant &gt;&gt;<\/a><\/h3>\n<p>SGR train from Nairobi to Athi River online booking made easy.&nbsp;Athi River is a town outside Nairobi, Kenya. The town is known as Athi River, it is also known as Mavoko.<br \/>\nAthi River has a railway station built in 1920 along the Railway Uganda, from Mombasa to Kisumu. There is also a fresh railway station on the Mombasa-Nairobi standard Gauge railway.&nbsp;Here is the guide how to do a Nairobi to Athi River train tickets online booking:<\/p>\n<h2>SGR Train from Nairobi to Athi River Online Booking FAQs<\/h2>\n<h3>Is Nairobi to Athi River train the affordable way to get from Nairobi to Athi River?<\/h3>\n<p>The affordable way to get from Nairobi to Athi River by train. SGR fare from Nairobi to Athi River $2-$5 and takes 25 min.<\/p>\n<h3>What is the travel distance of Nairobi to Athi River by train?<\/h3>\n<p>The travel distance from Nairobi to Athi River is 26 km.<\/p>\n<h3>How do I travel from Nairobi to Athi River without a personal vehicle?<\/h3>\n<p>The top way to get from Nairobi to Athi River without a personal vehicle by train. Sgr prices from Nairobi to Athi River $5 and takes 25 mints.<br \/>\nYou can also do&nbsp;sgr booking via Mpesa from Nairobi to Athi River website.<\/p>\n<h2>Nairobi to Athi River Train Tickets Online Booking Tips<\/h2>\n<p>Athi River is also attached to Nairobi via the Nairobi-Mombasa Highway (generally known as Mombasa Road, a tarmacked twin carriageway, and to close by Kitengela by Namanga Road, a tarmacked single carriageway. Locals of Athi River are served by routes 110 and 120 due to the CBD Nairobi.<\/p>\n<p>Ahti River is a famous with sprouting businesses. Some of the most notable businesses contain the Coloho Mall, Safaricom mall, Crystal Rivers, Trailink logistics and the Wattle Blossom Retreat Centre. Some of the factors influencing the quick growth of businesses in the place contain the increased real estate development in the area and the proximity to Nairobi City and mining firms.<\/p>","protected":false},"excerpt":{"rendered":"<p>Nairobi to Athi River Train Tickets Online Booking Reserve your cheap sgr train ticket from Nairobi to Athi River online now &gt;&gt; SGR train from Nairobi to Athi River online booking made easy.&nbsp;Athi River is a town outside Nairobi, Kenya. The town is known as Athi River, it is also known as Mavoko. Athi River [&hellip;]<\/p>\n","protected":false},"author":1,"featured_media":20644,"parent":0,"menu_order":0,"comment_status":"open","ping_status":"closed","template":"template-home-modern.php","meta":{"footnotes":""},"class_list":["post-11396","page","type-page","status-publish","has-post-thumbnail","hentry"],"yoast_head":"<!-- This site is optimized with the Yoast SEO plugin v27.3 - https:\/\/yoast.com\/product\/yoast-seo-wordpress\/ -->\n<title>Train from Nairobi to Athi River Online Booking, SGR Train Tickets<\/title>\n<meta name=\"description\" content=\"Looking for SGR train from Nairobi to Athi River online booking? Do a Nairobi to Athi River train tickets online booking and save time\" \/>\n<meta name=\"robots\" content=\"index, follow, max-snippet:-1, max-image-preview:large, max-video-preview:-1\" \/>\n<link rel=\"canonical\" href=\"https:\/\/tiketi.com\/fr-fr\/sgr-nairobi-to-athi-river-train-tickets-online\/\" \/>\n<meta property=\"og:locale\" content=\"fr_FR\" \/>\n<meta property=\"og:type\" content=\"article\" \/>\n<meta property=\"og:title\" content=\"Train from Nairobi to Athi River Online Booking, SGR Train Tickets\" \/>\n<meta property=\"og:description\" content=\"Looking for SGR train from Nairobi to Athi River online booking? Do a Nairobi to Athi River train tickets online booking and save time\" \/>\n<meta property=\"og:url\" content=\"https:\/\/tiketi.com\/fr-fr\/sgr-nairobi-to-athi-river-train-tickets-online\/\" \/>\n<meta property=\"og:site_name\" content=\"Tiketi.com\" \/>\n<meta property=\"article:publisher\" content=\"https:\/\/www.facebook.com\/TiketiCom\/\" \/>\n<meta property=\"article:modified_time\" content=\"2022-02-22T13:33:11+00:00\" \/>\n<meta property=\"og:image\" content=\"https:\/\/tiketi.com\/wp-content\/uploads\/2022\/02\/train-booking-ice-g5b642a238_1280.jpg\" \/>\n\t<meta property=\"og:image:width\" content=\"1200\" \/>\n\t<meta property=\"og:image:height\" content=\"200\" \/>\n\t<meta property=\"og:image:type\" content=\"image\/jpeg\" \/>\n<meta name=\"twitter:card\" content=\"summary_large_image\" \/>\n<meta name=\"twitter:label1\" content=\"Dur\u00e9e de lecture estim\u00e9e\" \/>\n\t<meta name=\"twitter:data1\" content=\"2 minutes\" \/>\n<script type=\"application\/ld+json\" class=\"yoast-schema-graph\">{\"@context\":\"https:\\\/\\\/schema.org\",\"@graph\":[{\"@type\":\"WebPage\",\"@id\":\"https:\\\/\\\/tiketi.com\\\/sgr-nairobi-to-athi-river-train-tickets-online\\\/\",\"url\":\"https:\\\/\\\/tiketi.com\\\/sgr-nairobi-to-athi-river-train-tickets-online\\\/\",\"name\":\"Train from Nairobi to Athi River Online Booking, SGR Train Tickets\",\"isPartOf\":{\"@id\":\"https:\\\/\\\/tiketi.com\\\/#website\"},\"primaryImageOfPage\":{\"@id\":\"https:\\\/\\\/tiketi.com\\\/sgr-nairobi-to-athi-river-train-tickets-online\\\/#primaryimage\"},\"image\":{\"@id\":\"https:\\\/\\\/tiketi.com\\\/sgr-nairobi-to-athi-river-train-tickets-online\\\/#primaryimage\"},\"thumbnailUrl\":\"https:\\\/\\\/tiketi.com\\\/wp-content\\\/uploads\\\/2022\\\/02\\\/train-booking-ice-g5b642a238_1280.jpg\",\"datePublished\":\"2022-01-19T11:54:36+00:00\",\"dateModified\":\"2022-02-22T13:33:11+00:00\",\"description\":\"Looking for SGR train from Nairobi to Athi River online booking? Do a Nairobi to Athi River train tickets online booking and save time\",\"breadcrumb\":{\"@id\":\"https:\\\/\\\/tiketi.com\\\/sgr-nairobi-to-athi-river-train-tickets-online\\\/#breadcrumb\"},\"inLanguage\":\"fr-FR\",\"potentialAction\":[{\"@type\":\"ReadAction\",\"target\":[\"https:\\\/\\\/tiketi.com\\\/sgr-nairobi-to-athi-river-train-tickets-online\\\/\"]}]},{\"@type\":\"ImageObject\",\"inLanguage\":\"fr-FR\",\"@id\":\"https:\\\/\\\/tiketi.com\\\/sgr-nairobi-to-athi-river-train-tickets-online\\\/#primaryimage\",\"url\":\"https:\\\/\\\/tiketi.com\\\/wp-content\\\/uploads\\\/2022\\\/02\\\/train-booking-ice-g5b642a238_1280.jpg\",\"contentUrl\":\"https:\\\/\\\/tiketi.com\\\/wp-content\\\/uploads\\\/2022\\\/02\\\/train-booking-ice-g5b642a238_1280.jpg\",\"width\":1200,\"height\":200,\"caption\":\"Train Ticket Booking\"},{\"@type\":\"BreadcrumbList\",\"@id\":\"https:\\\/\\\/tiketi.com\\\/sgr-nairobi-to-athi-river-train-tickets-online\\\/#breadcrumb\",\"itemListElement\":[{\"@type\":\"ListItem\",\"position\":1,\"name\":\"Home\",\"item\":\"https:\\\/\\\/tiketi.com\\\/\"},{\"@type\":\"ListItem\",\"position\":2,\"name\":\"Train from Nairobi to Athi River Online Booking, SGR Train Tickets Reservation\"}]},{\"@type\":\"WebSite\",\"@id\":\"https:\\\/\\\/tiketi.com\\\/#website\",\"url\":\"https:\\\/\\\/tiketi.com\\\/\",\"name\":\"Flight & Bus Tickets, Tour Packages & Activitites - Tiketi.com\",\"description\":\"Flight &amp; Bus Tickets, Tours, Activitites\",\"publisher\":{\"@id\":\"https:\\\/\\\/tiketi.com\\\/#organization\"},\"potentialAction\":[{\"@type\":\"SearchAction\",\"target\":{\"@type\":\"EntryPoint\",\"urlTemplate\":\"https:\\\/\\\/tiketi.com\\\/?s={search_term_string}\"},\"query-input\":{\"@type\":\"PropertyValueSpecification\",\"valueRequired\":true,\"valueName\":\"search_term_string\"}}],\"inLanguage\":\"fr-FR\"},{\"@type\":\"Organization\",\"@id\":\"https:\\\/\\\/tiketi.com\\\/#organization\",\"name\":\"Tiketi.com\",\"alternateName\":\"Tiketi\",\"url\":\"https:\\\/\\\/tiketi.com\\\/\",\"logo\":{\"@type\":\"ImageObject\",\"inLanguage\":\"fr-FR\",\"@id\":\"https:\\\/\\\/tiketi.com\\\/#\\\/schema\\\/logo\\\/image\\\/\",\"url\":\"https:\\\/\\\/tiketi.com\\\/wp-content\\\/uploads\\\/2019\\\/05\\\/tiketi-logo-696.png\",\"contentUrl\":\"https:\\\/\\\/tiketi.com\\\/wp-content\\\/uploads\\\/2019\\\/05\\\/tiketi-logo-696.png\",\"width\":696,\"height\":696,\"caption\":\"Tiketi.com\"},\"image\":{\"@id\":\"https:\\\/\\\/tiketi.com\\\/#\\\/schema\\\/logo\\\/image\\\/\"},\"sameAs\":[\"https:\\\/\\\/www.facebook.com\\\/TiketiCom\\\/\"]}]}<\/script>\n<!-- \/ Yoast SEO plugin. -->","yoast_head_json":{"title":"R\u00e9servation en ligne de billets de train de Nairobi \u00e0 Athi River, billets de train SGR","description":"Vous cherchez \u00e0 r\u00e9server en ligne un train SGR de Nairobi \u00e0 Athi River\u00a0? R\u00e9servez vos billets de train Nairobi-Athi River en ligne et gagnez du temps.","robots":{"index":"index","follow":"follow","max-snippet":"max-snippet:-1","max-image-preview":"max-image-preview:large","max-video-preview":"max-video-preview:-1"},"canonical":"https:\/\/tiketi.com\/fr-fr\/sgr-nairobi-to-athi-river-train-tickets-online\/","og_locale":"fr_FR","og_type":"article","og_title":"Train from Nairobi to Athi River Online Booking, SGR Train Tickets","og_description":"Looking for SGR train from Nairobi to Athi River online booking? Do a Nairobi to Athi River train tickets online booking and save time","og_url":"https:\/\/tiketi.com\/fr-fr\/sgr-nairobi-to-athi-river-train-tickets-online\/","og_site_name":"Tiketi.com","article_publisher":"https:\/\/www.facebook.com\/TiketiCom\/","article_modified_time":"2022-02-22T13:33:11+00:00","og_image":[{"width":1200,"height":200,"url":"https:\/\/tiketi.com\/wp-content\/uploads\/2022\/02\/train-booking-ice-g5b642a238_1280.jpg","type":"image\/jpeg"}],"twitter_card":"summary_large_image","twitter_misc":{"Dur\u00e9e de lecture estim\u00e9e":"2 minutes"},"schema":{"@context":"https:\/\/schema.org","@graph":[{"@type":"WebPage","@id":"https:\/\/tiketi.com\/sgr-nairobi-to-athi-river-train-tickets-online\/","url":"https:\/\/tiketi.com\/sgr-nairobi-to-athi-river-train-tickets-online\/","name":"R\u00e9servation en ligne de billets de train de Nairobi \u00e0 Athi River, billets de train SGR","isPartOf":{"@id":"https:\/\/tiketi.com\/#website"},"primaryImageOfPage":{"@id":"https:\/\/tiketi.com\/sgr-nairobi-to-athi-river-train-tickets-online\/#primaryimage"},"image":{"@id":"https:\/\/tiketi.com\/sgr-nairobi-to-athi-river-train-tickets-online\/#primaryimage"},"thumbnailUrl":"https:\/\/tiketi.com\/wp-content\/uploads\/2022\/02\/train-booking-ice-g5b642a238_1280.jpg","datePublished":"2022-01-19T11:54:36+00:00","dateModified":"2022-02-22T13:33:11+00:00","description":"Vous cherchez \u00e0 r\u00e9server en ligne un train SGR de Nairobi \u00e0 Athi River\u00a0? R\u00e9servez vos billets de train Nairobi-Athi River en ligne et gagnez du temps.","breadcrumb":{"@id":"https:\/\/tiketi.com\/sgr-nairobi-to-athi-river-train-tickets-online\/#breadcrumb"},"inLanguage":"fr-FR","potentialAction":[{"@type":"ReadAction","target":["https:\/\/tiketi.com\/sgr-nairobi-to-athi-river-train-tickets-online\/"]}]},{"@type":"ImageObject","inLanguage":"fr-FR","@id":"https:\/\/tiketi.com\/sgr-nairobi-to-athi-river-train-tickets-online\/#primaryimage","url":"https:\/\/tiketi.com\/wp-content\/uploads\/2022\/02\/train-booking-ice-g5b642a238_1280.jpg","contentUrl":"https:\/\/tiketi.com\/wp-content\/uploads\/2022\/02\/train-booking-ice-g5b642a238_1280.jpg","width":1200,"height":200,"caption":"Train Ticket Booking"},{"@type":"BreadcrumbList","@id":"https:\/\/tiketi.com\/sgr-nairobi-to-athi-river-train-tickets-online\/#breadcrumb","itemListElement":[{"@type":"ListItem","position":1,"name":"Home","item":"https:\/\/tiketi.com\/"},{"@type":"ListItem","position":2,"name":"Train from Nairobi to Athi River Online Booking, SGR Train Tickets Reservation"}]},{"@type":"WebSite","@id":"https:\/\/tiketi.com\/#website","url":"https:\/\/tiketi.com\/","name":"Billets d&#039;avion et de bus, forfaits touristiques et activit\u00e9s - Tiketi.com","description":"Billets d&#039;avion et de bus, Tours, Activit\u00e9s","publisher":{"@id":"https:\/\/tiketi.com\/#organization"},"potentialAction":[{"@type":"SearchAction","target":{"@type":"EntryPoint","urlTemplate":"https:\/\/tiketi.com\/?s={search_term_string}"},"query-input":{"@type":"PropertyValueSpecification","valueRequired":true,"valueName":"search_term_string"}}],"inLanguage":"fr-FR"},{"@type":"Organization","@id":"https:\/\/tiketi.com\/#organization","name":"Tiketi.com","alternateName":"Tiketi","url":"https:\/\/tiketi.com\/","logo":{"@type":"ImageObject","inLanguage":"fr-FR","@id":"https:\/\/tiketi.com\/#\/schema\/logo\/image\/","url":"https:\/\/tiketi.com\/wp-content\/uploads\/2019\/05\/tiketi-logo-696.png","contentUrl":"https:\/\/tiketi.com\/wp-content\/uploads\/2019\/05\/tiketi-logo-696.png","width":696,"height":696,"caption":"Tiketi.com"},"image":{"@id":"https:\/\/tiketi.com\/#\/schema\/logo\/image\/"},"sameAs":["https:\/\/www.facebook.com\/TiketiCom\/"]}]}},"_links":{"self":[{"href":"https:\/\/tiketi.com\/fr-fr\/wp-json\/wp\/v2\/pages\/11396","targetHints":{"allow":["GET"]}}],"collection":[{"href":"https:\/\/tiketi.com\/fr-fr\/wp-json\/wp\/v2\/pages"}],"about":[{"href":"https:\/\/tiketi.com\/fr-fr\/wp-json\/wp\/v2\/types\/page"}],"author":[{"embeddable":true,"href":"https:\/\/tiketi.com\/fr-fr\/wp-json\/wp\/v2\/users\/1"}],"replies":[{"embeddable":true,"href":"https:\/\/tiketi.com\/fr-fr\/wp-json\/wp\/v2\/comments?post=11396"}],"version-history":[{"count":0,"href":"https:\/\/tiketi.com\/fr-fr\/wp-json\/wp\/v2\/pages\/11396\/revisions"}],"wp:featuredmedia":[{"embeddable":true,"href":"https:\/\/tiketi.com\/fr-fr\/wp-json\/wp\/v2\/media\/20644"}],"wp:attachment":[{"href":"https:\/\/tiketi.com\/fr-fr\/wp-json\/wp\/v2\/media?parent=11396"}],"curies":[{"name":"wp","href":"https:\/\/api.w.org\/{rel}","templated":true}]}}