{"id":11397,"date":"2022-01-19T12:54:36","date_gmt":"2022-01-19T11:54:36","guid":{"rendered":"https:\/\/new.tiketi.com\/train-from-mombasa-to-voi-online-booking-sgr-train-tickets-reservation\/"},"modified":"2022-02-22T14:28:43","modified_gmt":"2022-02-22T13:28:43","slug":"sgr-mombasa-to-voi-train-tickets-online-booking","status":"publish","type":"page","link":"https:\/\/tiketi.com\/fr-fr\/sgr-mombasa-to-voi-train-tickets-online-booking\/","title":{"rendered":"Train de Mombasa \u00e0 Voi R\u00e9servation en ligne, Billets de train SGR"},"content":{"rendered":"<h2>Billets de train SGR Mombasa \u00e0 Voi R\u00e9servation en ligne<\/h2>\n<h3>R\u00e9servez votre billet de train sgr pas cher de Mombasa \u00e0 Voi en ligne <a href=\"https:\/\/metickets.krc.co.ke\/\" target=\"_blank\" rel=\"noopener\">maintenant &gt;&gt;<\/a><\/h3>\n<p>Train SGR de Mombasa \u00e0 Voi La r\u00e9servation en ligne simplifi\u00e9e. Voi est un march\u00e9 pour la viande et les produits agricoles des collines fertiles de Taita ainsi que des lieux environnants. Les centres-villes de Voi se composent en grande partie de magasins g\u00e9n\u00e9raux, de magasins, de march\u00e9s, d&#039;h\u00f4tels et de kiosques. La plupart des lodges qui desservent les visiteurs des parcs nationaux sont situ\u00e9s dans les banlieues \u00e0 la p\u00e9riph\u00e9rie de la ville. Les domaines Voi Sisal sont plac\u00e9s \u00e0 l&#039;ouest de la ville. Voici le guide sur la fa\u00e7on de r\u00e9server en ligne des billets de train de Mombasa \u00e0 Voi\u00a0:<\/p>\n<h2>FAQ sur la r\u00e9servation en ligne du train SGR de Mombasa \u00e0 Voi<\/h2>\n<h3>Quel est le moyen le plus rapide pour se rendre de Mombasa \u00e0 Voi ?<\/h3>\n<p>Le moyen le plus rapide pour se rendre de Mombasa \u00e0 Voi en train. Prix Sgr de Mombasa \u00e0 Voi $13 \u2013 $21 et dure 2h 20m.<\/p>\n<h3>Quelle est la distance du voyage de Mombasa \u00e0 Voi?<\/h3>\n<p>La distance parcourue entre Mombasa et Voi est de 144 km.<\/p>\n<h3>Comment puis-je me d\u00e9placer de Mombasa \u00e0 Voi sans v\u00e9hicule personnel ?<\/h3>\n<p>Le meilleur moyen pour se rendre de Mombasa \u00e0 Voi sans voiture est de train. Tarif SGR de Mombasa \u00e0 Voi $13 - $21 et prend 2h.<\/p>\n<h3>Bus ou train de Mombasa \u00e0 Voi?<\/h3>\n<p>Le meilleur moyen d&#039;aller de Mombasa \u00e0 Voi pour s&#039;entra\u00eener. R\u00e9servation Sgr via Mpesa de Mombasa \u00e0 Voi prix $21 et prend 2h. alternativement, vous pouvez <a href=\"https:\/\/tiketi.com\/fr-fr\/cheap-bus-tickets-from-nairobi-to-mombasa\/\" target=\"_blank\" rel=\"noopener\">autobus<\/a>, $5 \u2013 $7 et dure 3h.<\/p>\n<h2>Billets de train SGR Mombasa \u00e0 Voi Conseils de r\u00e9servation en ligne<\/h2>\n<p>Voi existait avant m\u00eame l&#039;arriv\u00e9e des Portugais, des Arabes et des autres visiteurs sur la c\u00f4te kenyane. Quoi qu&#039;il en soit, certaines citations disent que la ville a commenc\u00e9 \u00e0 se d\u00e9velopper \u00e0 la fin du XIXe si\u00e8cle lorsque le chemin de fer ougandais a \u00e9t\u00e9 construit. Les gens ont commenc\u00e9 \u00e0 s&#039;installer pour travailler sur le chemin de fer et les plantations de sisal \u00e0 proximit\u00e9. Quoi qu&#039;il en soit, le statut de canton avec une superficie d&#039;environ 16,27 kilom\u00e8tres carr\u00e9s n&#039;a \u00e9t\u00e9 accord\u00e9 qu&#039;en 1932. La ville a depuis longtemps d\u00e9pass\u00e9 la v\u00e9ritable subvention.<\/p>","protected":false},"excerpt":{"rendered":"<p>SGR Mombasa to Voi Train Tickets Online Booking Reserve your cheap sgr train ticket from Mombasa to Voi online now &gt;&gt; SGR train from Mombasa to Voi online booking made easy.&nbsp;Voi is a marketplace for meat and agriculture products from the fertile Taita Hills as well as surrounding places. Voi town centers consists largely of [&hellip;]<\/p>\n","protected":false},"author":1,"featured_media":20644,"parent":0,"menu_order":0,"comment_status":"open","ping_status":"closed","template":"template-home-modern.php","meta":{"footnotes":""},"class_list":["post-11397","page","type-page","status-publish","has-post-thumbnail","hentry"],"yoast_head":"<!-- This site is optimized with the Yoast SEO plugin v27.3 - https:\/\/yoast.com\/product\/yoast-seo-wordpress\/ -->\n<title>Train from Mombasa to Voi Online Booking, SGR Train Tickets<\/title>\n<meta name=\"description\" content=\"Looking for SGR train from Nairobi to Voi online booking train tickets, routes, schedules &amp; fares? Book cheap SGR Mombasa to Voi Train Tickets online\" \/>\n<meta name=\"robots\" content=\"index, follow, max-snippet:-1, max-image-preview:large, max-video-preview:-1\" \/>\n<link rel=\"canonical\" href=\"https:\/\/tiketi.com\/fr-fr\/sgr-mombasa-to-voi-train-tickets-online-booking\/\" \/>\n<meta property=\"og:locale\" content=\"fr_FR\" \/>\n<meta property=\"og:type\" content=\"article\" \/>\n<meta property=\"og:title\" content=\"Train from Mombasa to Voi Online Booking, SGR Train Tickets\" \/>\n<meta property=\"og:description\" content=\"Looking for SGR train from Nairobi to Voi online booking train tickets, routes, schedules &amp; fares? Book cheap SGR Mombasa to Voi Train Tickets online\" \/>\n<meta property=\"og:url\" content=\"https:\/\/tiketi.com\/fr-fr\/sgr-mombasa-to-voi-train-tickets-online-booking\/\" \/>\n<meta property=\"og:site_name\" content=\"Tiketi.com\" \/>\n<meta property=\"article:publisher\" content=\"https:\/\/www.facebook.com\/TiketiCom\/\" \/>\n<meta property=\"article:modified_time\" content=\"2022-02-22T13:28:43+00:00\" \/>\n<meta property=\"og:image\" content=\"https:\/\/tiketi.com\/wp-content\/uploads\/2022\/02\/train-booking-ice-g5b642a238_1280.jpg\" \/>\n\t<meta property=\"og:image:width\" content=\"1200\" \/>\n\t<meta property=\"og:image:height\" content=\"200\" \/>\n\t<meta property=\"og:image:type\" content=\"image\/jpeg\" \/>\n<meta name=\"twitter:card\" content=\"summary_large_image\" \/>\n<meta name=\"twitter:label1\" content=\"Dur\u00e9e de lecture estim\u00e9e\" \/>\n\t<meta name=\"twitter:data1\" content=\"2 minutes\" \/>\n<script type=\"application\/ld+json\" class=\"yoast-schema-graph\">{\"@context\":\"https:\\\/\\\/schema.org\",\"@graph\":[{\"@type\":\"WebPage\",\"@id\":\"https:\\\/\\\/tiketi.com\\\/sgr-mombasa-to-voi-train-tickets-online-booking\\\/\",\"url\":\"https:\\\/\\\/tiketi.com\\\/sgr-mombasa-to-voi-train-tickets-online-booking\\\/\",\"name\":\"Train from Mombasa to Voi Online Booking, SGR Train Tickets\",\"isPartOf\":{\"@id\":\"https:\\\/\\\/tiketi.com\\\/#website\"},\"primaryImageOfPage\":{\"@id\":\"https:\\\/\\\/tiketi.com\\\/sgr-mombasa-to-voi-train-tickets-online-booking\\\/#primaryimage\"},\"image\":{\"@id\":\"https:\\\/\\\/tiketi.com\\\/sgr-mombasa-to-voi-train-tickets-online-booking\\\/#primaryimage\"},\"thumbnailUrl\":\"https:\\\/\\\/tiketi.com\\\/wp-content\\\/uploads\\\/2022\\\/02\\\/train-booking-ice-g5b642a238_1280.jpg\",\"datePublished\":\"2022-01-19T11:54:36+00:00\",\"dateModified\":\"2022-02-22T13:28:43+00:00\",\"description\":\"Looking for SGR train from Nairobi to Voi online booking train tickets, routes, schedules & fares? Book cheap SGR Mombasa to Voi Train Tickets online\",\"breadcrumb\":{\"@id\":\"https:\\\/\\\/tiketi.com\\\/sgr-mombasa-to-voi-train-tickets-online-booking\\\/#breadcrumb\"},\"inLanguage\":\"fr-FR\",\"potentialAction\":[{\"@type\":\"ReadAction\",\"target\":[\"https:\\\/\\\/tiketi.com\\\/sgr-mombasa-to-voi-train-tickets-online-booking\\\/\"]}]},{\"@type\":\"ImageObject\",\"inLanguage\":\"fr-FR\",\"@id\":\"https:\\\/\\\/tiketi.com\\\/sgr-mombasa-to-voi-train-tickets-online-booking\\\/#primaryimage\",\"url\":\"https:\\\/\\\/tiketi.com\\\/wp-content\\\/uploads\\\/2022\\\/02\\\/train-booking-ice-g5b642a238_1280.jpg\",\"contentUrl\":\"https:\\\/\\\/tiketi.com\\\/wp-content\\\/uploads\\\/2022\\\/02\\\/train-booking-ice-g5b642a238_1280.jpg\",\"width\":1200,\"height\":200,\"caption\":\"Train Ticket Booking\"},{\"@type\":\"BreadcrumbList\",\"@id\":\"https:\\\/\\\/tiketi.com\\\/sgr-mombasa-to-voi-train-tickets-online-booking\\\/#breadcrumb\",\"itemListElement\":[{\"@type\":\"ListItem\",\"position\":1,\"name\":\"Home\",\"item\":\"https:\\\/\\\/tiketi.com\\\/\"},{\"@type\":\"ListItem\",\"position\":2,\"name\":\"Train from Mombasa to Voi Online Booking, SGR Train Tickets\"}]},{\"@type\":\"WebSite\",\"@id\":\"https:\\\/\\\/tiketi.com\\\/#website\",\"url\":\"https:\\\/\\\/tiketi.com\\\/\",\"name\":\"Flight & Bus Tickets, Tour Packages & Activitites - Tiketi.com\",\"description\":\"Flight &amp; Bus Tickets, Tours, Activitites\",\"publisher\":{\"@id\":\"https:\\\/\\\/tiketi.com\\\/#organization\"},\"potentialAction\":[{\"@type\":\"SearchAction\",\"target\":{\"@type\":\"EntryPoint\",\"urlTemplate\":\"https:\\\/\\\/tiketi.com\\\/?s={search_term_string}\"},\"query-input\":{\"@type\":\"PropertyValueSpecification\",\"valueRequired\":true,\"valueName\":\"search_term_string\"}}],\"inLanguage\":\"fr-FR\"},{\"@type\":\"Organization\",\"@id\":\"https:\\\/\\\/tiketi.com\\\/#organization\",\"name\":\"Tiketi.com\",\"alternateName\":\"Tiketi\",\"url\":\"https:\\\/\\\/tiketi.com\\\/\",\"logo\":{\"@type\":\"ImageObject\",\"inLanguage\":\"fr-FR\",\"@id\":\"https:\\\/\\\/tiketi.com\\\/#\\\/schema\\\/logo\\\/image\\\/\",\"url\":\"https:\\\/\\\/tiketi.com\\\/wp-content\\\/uploads\\\/2019\\\/05\\\/tiketi-logo-696.png\",\"contentUrl\":\"https:\\\/\\\/tiketi.com\\\/wp-content\\\/uploads\\\/2019\\\/05\\\/tiketi-logo-696.png\",\"width\":696,\"height\":696,\"caption\":\"Tiketi.com\"},\"image\":{\"@id\":\"https:\\\/\\\/tiketi.com\\\/#\\\/schema\\\/logo\\\/image\\\/\"},\"sameAs\":[\"https:\\\/\\\/www.facebook.com\\\/TiketiCom\\\/\"]}]}<\/script>\n<!-- \/ Yoast SEO plugin. -->","yoast_head_json":{"title":"Train de Mombasa \u00e0 Voi R\u00e9servation en ligne, Billets de train SGR","description":"Vous recherchez le train SGR de Nairobi \u00e0 Voi en r\u00e9servant en ligne des billets de train, des itin\u00e9raires, des horaires et des tarifs? R\u00e9servez vos billets de train SGR Mombasa \u00e0 Voi pas chers en ligne","robots":{"index":"index","follow":"follow","max-snippet":"max-snippet:-1","max-image-preview":"max-image-preview:large","max-video-preview":"max-video-preview:-1"},"canonical":"https:\/\/tiketi.com\/fr-fr\/sgr-mombasa-to-voi-train-tickets-online-booking\/","og_locale":"fr_FR","og_type":"article","og_title":"Train from Mombasa to Voi Online Booking, SGR Train Tickets","og_description":"Looking for SGR train from Nairobi to Voi online booking train tickets, routes, schedules & fares? Book cheap SGR Mombasa to Voi Train Tickets online","og_url":"https:\/\/tiketi.com\/fr-fr\/sgr-mombasa-to-voi-train-tickets-online-booking\/","og_site_name":"Tiketi.com","article_publisher":"https:\/\/www.facebook.com\/TiketiCom\/","article_modified_time":"2022-02-22T13:28:43+00:00","og_image":[{"width":1200,"height":200,"url":"https:\/\/tiketi.com\/wp-content\/uploads\/2022\/02\/train-booking-ice-g5b642a238_1280.jpg","type":"image\/jpeg"}],"twitter_card":"summary_large_image","twitter_misc":{"Dur\u00e9e de lecture estim\u00e9e":"2 minutes"},"schema":{"@context":"https:\/\/schema.org","@graph":[{"@type":"WebPage","@id":"https:\/\/tiketi.com\/sgr-mombasa-to-voi-train-tickets-online-booking\/","url":"https:\/\/tiketi.com\/sgr-mombasa-to-voi-train-tickets-online-booking\/","name":"Train de Mombasa \u00e0 Voi R\u00e9servation en ligne, Billets de train SGR","isPartOf":{"@id":"https:\/\/tiketi.com\/#website"},"primaryImageOfPage":{"@id":"https:\/\/tiketi.com\/sgr-mombasa-to-voi-train-tickets-online-booking\/#primaryimage"},"image":{"@id":"https:\/\/tiketi.com\/sgr-mombasa-to-voi-train-tickets-online-booking\/#primaryimage"},"thumbnailUrl":"https:\/\/tiketi.com\/wp-content\/uploads\/2022\/02\/train-booking-ice-g5b642a238_1280.jpg","datePublished":"2022-01-19T11:54:36+00:00","dateModified":"2022-02-22T13:28:43+00:00","description":"Vous recherchez le train SGR de Nairobi \u00e0 Voi en r\u00e9servant en ligne des billets de train, des itin\u00e9raires, des horaires et des tarifs? R\u00e9servez vos billets de train SGR Mombasa \u00e0 Voi pas chers en ligne","breadcrumb":{"@id":"https:\/\/tiketi.com\/sgr-mombasa-to-voi-train-tickets-online-booking\/#breadcrumb"},"inLanguage":"fr-FR","potentialAction":[{"@type":"ReadAction","target":["https:\/\/tiketi.com\/sgr-mombasa-to-voi-train-tickets-online-booking\/"]}]},{"@type":"ImageObject","inLanguage":"fr-FR","@id":"https:\/\/tiketi.com\/sgr-mombasa-to-voi-train-tickets-online-booking\/#primaryimage","url":"https:\/\/tiketi.com\/wp-content\/uploads\/2022\/02\/train-booking-ice-g5b642a238_1280.jpg","contentUrl":"https:\/\/tiketi.com\/wp-content\/uploads\/2022\/02\/train-booking-ice-g5b642a238_1280.jpg","width":1200,"height":200,"caption":"Train Ticket Booking"},{"@type":"BreadcrumbList","@id":"https:\/\/tiketi.com\/sgr-mombasa-to-voi-train-tickets-online-booking\/#breadcrumb","itemListElement":[{"@type":"ListItem","position":1,"name":"Home","item":"https:\/\/tiketi.com\/"},{"@type":"ListItem","position":2,"name":"Train from Mombasa to Voi Online Booking, SGR Train Tickets"}]},{"@type":"WebSite","@id":"https:\/\/tiketi.com\/#website","url":"https:\/\/tiketi.com\/","name":"Billets d&#039;avion et de bus, forfaits touristiques et activit\u00e9s - Tiketi.com","description":"Billets d&#039;avion et de bus, Tours, Activit\u00e9s","publisher":{"@id":"https:\/\/tiketi.com\/#organization"},"potentialAction":[{"@type":"SearchAction","target":{"@type":"EntryPoint","urlTemplate":"https:\/\/tiketi.com\/?s={search_term_string}"},"query-input":{"@type":"PropertyValueSpecification","valueRequired":true,"valueName":"search_term_string"}}],"inLanguage":"fr-FR"},{"@type":"Organization","@id":"https:\/\/tiketi.com\/#organization","name":"Tiketi.com","alternateName":"Tiketi","url":"https:\/\/tiketi.com\/","logo":{"@type":"ImageObject","inLanguage":"fr-FR","@id":"https:\/\/tiketi.com\/#\/schema\/logo\/image\/","url":"https:\/\/tiketi.com\/wp-content\/uploads\/2019\/05\/tiketi-logo-696.png","contentUrl":"https:\/\/tiketi.com\/wp-content\/uploads\/2019\/05\/tiketi-logo-696.png","width":696,"height":696,"caption":"Tiketi.com"},"image":{"@id":"https:\/\/tiketi.com\/#\/schema\/logo\/image\/"},"sameAs":["https:\/\/www.facebook.com\/TiketiCom\/"]}]}},"_links":{"self":[{"href":"https:\/\/tiketi.com\/fr-fr\/wp-json\/wp\/v2\/pages\/11397","targetHints":{"allow":["GET"]}}],"collection":[{"href":"https:\/\/tiketi.com\/fr-fr\/wp-json\/wp\/v2\/pages"}],"about":[{"href":"https:\/\/tiketi.com\/fr-fr\/wp-json\/wp\/v2\/types\/page"}],"author":[{"embeddable":true,"href":"https:\/\/tiketi.com\/fr-fr\/wp-json\/wp\/v2\/users\/1"}],"replies":[{"embeddable":true,"href":"https:\/\/tiketi.com\/fr-fr\/wp-json\/wp\/v2\/comments?post=11397"}],"version-history":[{"count":0,"href":"https:\/\/tiketi.com\/fr-fr\/wp-json\/wp\/v2\/pages\/11397\/revisions"}],"wp:featuredmedia":[{"embeddable":true,"href":"https:\/\/tiketi.com\/fr-fr\/wp-json\/wp\/v2\/media\/20644"}],"wp:attachment":[{"href":"https:\/\/tiketi.com\/fr-fr\/wp-json\/wp\/v2\/media?parent=11397"}],"curies":[{"name":"wp","href":"https:\/\/api.w.org\/{rel}","templated":true}]}}