{"id":11398,"date":"2022-01-19T12:54:36","date_gmt":"2022-01-19T11:54:36","guid":{"rendered":"https:\/\/new.tiketi.com\/train-from-nairobi-to-emali-train-online-booking-tickets-route-schedule-fare\/"},"modified":"2022-02-22T14:33:07","modified_gmt":"2022-02-22T13:33:07","slug":"sgr-nairobi-to-emali-train-tickets-online-booking","status":"publish","type":"page","link":"https:\/\/tiketi.com\/fr-fr\/sgr-nairobi-to-emali-train-tickets-online-booking\/","title":{"rendered":"Train de Nairobi \u00e0 Emali R\u00e9servation en ligne de train, billets, itin\u00e9raire, horaires et tarifs"},"content":{"rendered":"<h2>R\u00e9servation en ligne de billets de train SGR Nairobi \u00e0 Emali<\/h2>\n<h3>R\u00e9servez votre billet de train sgr pas cher de Nairobi \u00e0 Emali en ligne <a href=\"https:\/\/metickets.krc.co.ke\/\" target=\"_blank\" rel=\"noopener\">maintenant &gt;&gt;<\/a><\/h3>\n<p>Train pas cher de Nairobi \u00e0 Emali, r\u00e9servation en ligne facile. Emali est une ville en d\u00e9veloppement situ\u00e9e le long de l&#039;autoroute Mombasa-Nairobi dans le comt\u00e9 de Makueni, au Kenya. C&#039;est un lieu de repos c\u00e9l\u00e8bre pour les camionneurs transportant des marchandises du port de Mombasa vers des lieux int\u00e9rieurs tels que Kampala, Nairobi, Kigali et m\u00eame la R\u00e9publique d\u00e9mocratique du Congo. Elle est connue comme la ville qui ne dort jamais en raison de sa vie nocturne dynamique. La ville est habit\u00e9e par les tribus Maasai et Kamba. Voici le guide sur la fa\u00e7on de r\u00e9server en ligne des billets de train de Nairobi \u00e0 Emali.<\/p>\n<h2>Train SGR de Nairobi \u00e0 Emali Train R\u00e9servation en ligne, billets, itin\u00e9raires, horaires et tarifs FAQs<\/h2>\n<h3>Quel est le moyen abordable pour se rendre de Nairobi \u00e0 Emali ?<\/h3>\n<p>Le moyen abordable de se rendre de Nairobi \u00e0 Email en train. Tarif SGR de Nairobi \u00e0 Emali $11 - $17 et dure 2h 10m.<\/p>\n<h3>Quelle est la distance du voyage de Nairobi \u00e0 Emali?<\/h3>\n<p>La distance entre Nairobi et Emali est de 115 km.<\/p>\n<h3>Est-ce que le train est le moyen le plus rapide pour se rendre de Nairobi \u00e0 Emali ?<\/h3>\n<p>Le moyen le plus rapide pour se rendre de Nairobi \u00e0 Emali en train. Le prix Sgr de Nairobi \u00e0 Emali est de $11 \u2013 $17 et dure 2h 10m.<br \/>\nLa r\u00e9servation Sgr via Mpesa de Nairobi \u00e0 Emali est tr\u00e8s simple. Il suffit de visiter le site ferroviaire et de r\u00e9server le billet.<\/p>\n<h2>Conseils pour les billets de train de SGR Nairobi \u00e0 Emali<\/h2>\n<p>L&#039;ancien chemin de fer \u00e0 voie d&#039;un m\u00e8tre passe par Emali. L&#039;une des 9 gares du nouveau chemin de fer \u00e0 \u00e9cartement standard de Mombasa Nairobi est situ\u00e9e \u00e0 Emali. Il y a aussi 2 routes qui se croisent, une d&#039;Emali \u00e0 Wote et une autre \u00e0 Oloitokitok (ville frontali\u00e8re avec la Tanzanie et le Kenya).<\/p>\n<p>Il y a 2 grandes marques super, Eden Mart et Mulleys. Il existe de nombreuses stations-service : Total, Shell, et d&#039;autres stations ind\u00e9pendantes. Il y a une mosqu\u00e9e et beaucoup d&#039;\u00e9glises ainsi que des restaurants et des h\u00f4tels. Les institutions financi\u00e8res ayant un pied dans la ville comprennent la fiducie de financement des femmes du Kenya, la banque commerciale du Kenya, la banque Posta et la banque Sidian.<\/p>","protected":false},"excerpt":{"rendered":"<p>SGR Nairobi to Emali Train Tickets Online Booking Reserve your cheap sgr train ticket from Nairobi to Emali online now &gt;&gt; Cheap train from Nairobi to Emali online booking made easy. Emali is a developing town placed along the Mombasa-Nairobi highway in Makueni county, Kenya. It is a famous resting location for truck drivers ferrying [&hellip;]<\/p>\n","protected":false},"author":1,"featured_media":20644,"parent":0,"menu_order":0,"comment_status":"open","ping_status":"closed","template":"template-home-modern.php","meta":{"footnotes":""},"class_list":["post-11398","page","type-page","status-publish","has-post-thumbnail","hentry"],"yoast_head":"<!-- This site is optimized with the Yoast SEO plugin v27.3 - https:\/\/yoast.com\/product\/yoast-seo-wordpress\/ -->\n<title>Train from Nairobi to Emali Train Online Booking, Tickets, Schedule &amp; Fare<\/title>\n<meta name=\"description\" content=\"Looking for SGR train from Nairobi to Emali train online booking, routes, schedules &amp; fares? Do cheap online Nairobi to Emali sgr train tickets booking now\" \/>\n<meta name=\"robots\" content=\"index, follow, max-snippet:-1, max-image-preview:large, max-video-preview:-1\" \/>\n<link rel=\"canonical\" href=\"https:\/\/tiketi.com\/fr-fr\/sgr-nairobi-to-emali-train-tickets-online-booking\/\" \/>\n<meta property=\"og:locale\" content=\"fr_FR\" \/>\n<meta property=\"og:type\" content=\"article\" \/>\n<meta property=\"og:title\" content=\"Train from Nairobi to Emali Train Online Booking, Tickets, Schedule &amp; Fare\" \/>\n<meta property=\"og:description\" content=\"Looking for SGR train from Nairobi to Emali train online booking, routes, schedules &amp; fares? Do cheap online Nairobi to Emali sgr train tickets booking now\" \/>\n<meta property=\"og:url\" content=\"https:\/\/tiketi.com\/fr-fr\/sgr-nairobi-to-emali-train-tickets-online-booking\/\" \/>\n<meta property=\"og:site_name\" content=\"Tiketi.com\" \/>\n<meta property=\"article:publisher\" content=\"https:\/\/www.facebook.com\/TiketiCom\/\" \/>\n<meta property=\"article:modified_time\" content=\"2022-02-22T13:33:07+00:00\" \/>\n<meta property=\"og:image\" content=\"https:\/\/tiketi.com\/wp-content\/uploads\/2022\/02\/train-booking-ice-g5b642a238_1280.jpg\" \/>\n\t<meta property=\"og:image:width\" content=\"1200\" \/>\n\t<meta property=\"og:image:height\" content=\"200\" \/>\n\t<meta property=\"og:image:type\" content=\"image\/jpeg\" \/>\n<meta name=\"twitter:card\" content=\"summary_large_image\" \/>\n<meta name=\"twitter:label1\" content=\"Dur\u00e9e de lecture estim\u00e9e\" \/>\n\t<meta name=\"twitter:data1\" content=\"2 minutes\" \/>\n<script type=\"application\/ld+json\" class=\"yoast-schema-graph\">{\"@context\":\"https:\\\/\\\/schema.org\",\"@graph\":[{\"@type\":\"WebPage\",\"@id\":\"https:\\\/\\\/tiketi.com\\\/sgr-nairobi-to-emali-train-tickets-online-booking\\\/\",\"url\":\"https:\\\/\\\/tiketi.com\\\/sgr-nairobi-to-emali-train-tickets-online-booking\\\/\",\"name\":\"Train from Nairobi to Emali Train Online Booking, Tickets, Schedule & Fare\",\"isPartOf\":{\"@id\":\"https:\\\/\\\/tiketi.com\\\/#website\"},\"primaryImageOfPage\":{\"@id\":\"https:\\\/\\\/tiketi.com\\\/sgr-nairobi-to-emali-train-tickets-online-booking\\\/#primaryimage\"},\"image\":{\"@id\":\"https:\\\/\\\/tiketi.com\\\/sgr-nairobi-to-emali-train-tickets-online-booking\\\/#primaryimage\"},\"thumbnailUrl\":\"https:\\\/\\\/tiketi.com\\\/wp-content\\\/uploads\\\/2022\\\/02\\\/train-booking-ice-g5b642a238_1280.jpg\",\"datePublished\":\"2022-01-19T11:54:36+00:00\",\"dateModified\":\"2022-02-22T13:33:07+00:00\",\"description\":\"Looking for SGR train from Nairobi to Emali train online booking, routes, schedules & fares? Do cheap online Nairobi to Emali sgr train tickets booking now\",\"breadcrumb\":{\"@id\":\"https:\\\/\\\/tiketi.com\\\/sgr-nairobi-to-emali-train-tickets-online-booking\\\/#breadcrumb\"},\"inLanguage\":\"fr-FR\",\"potentialAction\":[{\"@type\":\"ReadAction\",\"target\":[\"https:\\\/\\\/tiketi.com\\\/sgr-nairobi-to-emali-train-tickets-online-booking\\\/\"]}]},{\"@type\":\"ImageObject\",\"inLanguage\":\"fr-FR\",\"@id\":\"https:\\\/\\\/tiketi.com\\\/sgr-nairobi-to-emali-train-tickets-online-booking\\\/#primaryimage\",\"url\":\"https:\\\/\\\/tiketi.com\\\/wp-content\\\/uploads\\\/2022\\\/02\\\/train-booking-ice-g5b642a238_1280.jpg\",\"contentUrl\":\"https:\\\/\\\/tiketi.com\\\/wp-content\\\/uploads\\\/2022\\\/02\\\/train-booking-ice-g5b642a238_1280.jpg\",\"width\":1200,\"height\":200,\"caption\":\"Train Ticket Booking\"},{\"@type\":\"BreadcrumbList\",\"@id\":\"https:\\\/\\\/tiketi.com\\\/sgr-nairobi-to-emali-train-tickets-online-booking\\\/#breadcrumb\",\"itemListElement\":[{\"@type\":\"ListItem\",\"position\":1,\"name\":\"Home\",\"item\":\"https:\\\/\\\/tiketi.com\\\/\"},{\"@type\":\"ListItem\",\"position\":2,\"name\":\"Train from Nairobi to Emali Train Online Booking, Tickets, Route, Schedule &#038; Fare\"}]},{\"@type\":\"WebSite\",\"@id\":\"https:\\\/\\\/tiketi.com\\\/#website\",\"url\":\"https:\\\/\\\/tiketi.com\\\/\",\"name\":\"Flight & Bus Tickets, Tour Packages & Activitites - Tiketi.com\",\"description\":\"Flight &amp; Bus Tickets, Tours, Activitites\",\"publisher\":{\"@id\":\"https:\\\/\\\/tiketi.com\\\/#organization\"},\"potentialAction\":[{\"@type\":\"SearchAction\",\"target\":{\"@type\":\"EntryPoint\",\"urlTemplate\":\"https:\\\/\\\/tiketi.com\\\/?s={search_term_string}\"},\"query-input\":{\"@type\":\"PropertyValueSpecification\",\"valueRequired\":true,\"valueName\":\"search_term_string\"}}],\"inLanguage\":\"fr-FR\"},{\"@type\":\"Organization\",\"@id\":\"https:\\\/\\\/tiketi.com\\\/#organization\",\"name\":\"Tiketi.com\",\"alternateName\":\"Tiketi\",\"url\":\"https:\\\/\\\/tiketi.com\\\/\",\"logo\":{\"@type\":\"ImageObject\",\"inLanguage\":\"fr-FR\",\"@id\":\"https:\\\/\\\/tiketi.com\\\/#\\\/schema\\\/logo\\\/image\\\/\",\"url\":\"https:\\\/\\\/tiketi.com\\\/wp-content\\\/uploads\\\/2019\\\/05\\\/tiketi-logo-696.png\",\"contentUrl\":\"https:\\\/\\\/tiketi.com\\\/wp-content\\\/uploads\\\/2019\\\/05\\\/tiketi-logo-696.png\",\"width\":696,\"height\":696,\"caption\":\"Tiketi.com\"},\"image\":{\"@id\":\"https:\\\/\\\/tiketi.com\\\/#\\\/schema\\\/logo\\\/image\\\/\"},\"sameAs\":[\"https:\\\/\\\/www.facebook.com\\\/TiketiCom\\\/\"]}]}<\/script>\n<!-- \/ Yoast SEO plugin. -->","yoast_head_json":{"title":"Train de Nairobi \u00e0 Emali R\u00e9servation en ligne de train, billets, horaires et tarifs","description":"Vous recherchez le train SGR de Nairobi \u00e0 la r\u00e9servation en ligne de train Emali, les itin\u00e9raires, les horaires et les tarifs\u00a0? R\u00e9servez des billets de train pas chers en ligne de Nairobi \u00e0 Emali sgr maintenant","robots":{"index":"index","follow":"follow","max-snippet":"max-snippet:-1","max-image-preview":"max-image-preview:large","max-video-preview":"max-video-preview:-1"},"canonical":"https:\/\/tiketi.com\/fr-fr\/sgr-nairobi-to-emali-train-tickets-online-booking\/","og_locale":"fr_FR","og_type":"article","og_title":"Train from Nairobi to Emali Train Online Booking, Tickets, Schedule & Fare","og_description":"Looking for SGR train from Nairobi to Emali train online booking, routes, schedules & fares? Do cheap online Nairobi to Emali sgr train tickets booking now","og_url":"https:\/\/tiketi.com\/fr-fr\/sgr-nairobi-to-emali-train-tickets-online-booking\/","og_site_name":"Tiketi.com","article_publisher":"https:\/\/www.facebook.com\/TiketiCom\/","article_modified_time":"2022-02-22T13:33:07+00:00","og_image":[{"width":1200,"height":200,"url":"https:\/\/tiketi.com\/wp-content\/uploads\/2022\/02\/train-booking-ice-g5b642a238_1280.jpg","type":"image\/jpeg"}],"twitter_card":"summary_large_image","twitter_misc":{"Dur\u00e9e de lecture estim\u00e9e":"2 minutes"},"schema":{"@context":"https:\/\/schema.org","@graph":[{"@type":"WebPage","@id":"https:\/\/tiketi.com\/sgr-nairobi-to-emali-train-tickets-online-booking\/","url":"https:\/\/tiketi.com\/sgr-nairobi-to-emali-train-tickets-online-booking\/","name":"Train de Nairobi \u00e0 Emali R\u00e9servation en ligne de train, billets, horaires et tarifs","isPartOf":{"@id":"https:\/\/tiketi.com\/#website"},"primaryImageOfPage":{"@id":"https:\/\/tiketi.com\/sgr-nairobi-to-emali-train-tickets-online-booking\/#primaryimage"},"image":{"@id":"https:\/\/tiketi.com\/sgr-nairobi-to-emali-train-tickets-online-booking\/#primaryimage"},"thumbnailUrl":"https:\/\/tiketi.com\/wp-content\/uploads\/2022\/02\/train-booking-ice-g5b642a238_1280.jpg","datePublished":"2022-01-19T11:54:36+00:00","dateModified":"2022-02-22T13:33:07+00:00","description":"Vous recherchez le train SGR de Nairobi \u00e0 la r\u00e9servation en ligne de train Emali, les itin\u00e9raires, les horaires et les tarifs\u00a0? R\u00e9servez des billets de train pas chers en ligne de Nairobi \u00e0 Emali sgr maintenant","breadcrumb":{"@id":"https:\/\/tiketi.com\/sgr-nairobi-to-emali-train-tickets-online-booking\/#breadcrumb"},"inLanguage":"fr-FR","potentialAction":[{"@type":"ReadAction","target":["https:\/\/tiketi.com\/sgr-nairobi-to-emali-train-tickets-online-booking\/"]}]},{"@type":"ImageObject","inLanguage":"fr-FR","@id":"https:\/\/tiketi.com\/sgr-nairobi-to-emali-train-tickets-online-booking\/#primaryimage","url":"https:\/\/tiketi.com\/wp-content\/uploads\/2022\/02\/train-booking-ice-g5b642a238_1280.jpg","contentUrl":"https:\/\/tiketi.com\/wp-content\/uploads\/2022\/02\/train-booking-ice-g5b642a238_1280.jpg","width":1200,"height":200,"caption":"Train Ticket Booking"},{"@type":"BreadcrumbList","@id":"https:\/\/tiketi.com\/sgr-nairobi-to-emali-train-tickets-online-booking\/#breadcrumb","itemListElement":[{"@type":"ListItem","position":1,"name":"Home","item":"https:\/\/tiketi.com\/"},{"@type":"ListItem","position":2,"name":"Train from Nairobi to Emali Train Online Booking, Tickets, Route, Schedule &#038; Fare"}]},{"@type":"WebSite","@id":"https:\/\/tiketi.com\/#website","url":"https:\/\/tiketi.com\/","name":"Billets d&#039;avion et de bus, forfaits touristiques et activit\u00e9s - Tiketi.com","description":"Billets d&#039;avion et de bus, Tours, Activit\u00e9s","publisher":{"@id":"https:\/\/tiketi.com\/#organization"},"potentialAction":[{"@type":"SearchAction","target":{"@type":"EntryPoint","urlTemplate":"https:\/\/tiketi.com\/?s={search_term_string}"},"query-input":{"@type":"PropertyValueSpecification","valueRequired":true,"valueName":"search_term_string"}}],"inLanguage":"fr-FR"},{"@type":"Organization","@id":"https:\/\/tiketi.com\/#organization","name":"Tiketi.com","alternateName":"Tiketi","url":"https:\/\/tiketi.com\/","logo":{"@type":"ImageObject","inLanguage":"fr-FR","@id":"https:\/\/tiketi.com\/#\/schema\/logo\/image\/","url":"https:\/\/tiketi.com\/wp-content\/uploads\/2019\/05\/tiketi-logo-696.png","contentUrl":"https:\/\/tiketi.com\/wp-content\/uploads\/2019\/05\/tiketi-logo-696.png","width":696,"height":696,"caption":"Tiketi.com"},"image":{"@id":"https:\/\/tiketi.com\/#\/schema\/logo\/image\/"},"sameAs":["https:\/\/www.facebook.com\/TiketiCom\/"]}]}},"_links":{"self":[{"href":"https:\/\/tiketi.com\/fr-fr\/wp-json\/wp\/v2\/pages\/11398","targetHints":{"allow":["GET"]}}],"collection":[{"href":"https:\/\/tiketi.com\/fr-fr\/wp-json\/wp\/v2\/pages"}],"about":[{"href":"https:\/\/tiketi.com\/fr-fr\/wp-json\/wp\/v2\/types\/page"}],"author":[{"embeddable":true,"href":"https:\/\/tiketi.com\/fr-fr\/wp-json\/wp\/v2\/users\/1"}],"replies":[{"embeddable":true,"href":"https:\/\/tiketi.com\/fr-fr\/wp-json\/wp\/v2\/comments?post=11398"}],"version-history":[{"count":0,"href":"https:\/\/tiketi.com\/fr-fr\/wp-json\/wp\/v2\/pages\/11398\/revisions"}],"wp:featuredmedia":[{"embeddable":true,"href":"https:\/\/tiketi.com\/fr-fr\/wp-json\/wp\/v2\/media\/20644"}],"wp:attachment":[{"href":"https:\/\/tiketi.com\/fr-fr\/wp-json\/wp\/v2\/media?parent=11398"}],"curies":[{"name":"wp","href":"https:\/\/api.w.org\/{rel}","templated":true}]}}