{"id":11399,"date":"2022-01-19T12:54:36","date_gmt":"2022-01-19T11:54:36","guid":{"rendered":"https:\/\/new.tiketi.com\/train-from-nairobi-to-mombasa-train-online-booking-tickets-route-schedule-fare\/"},"modified":"2023-09-21T11:10:09","modified_gmt":"2023-09-21T10:10:09","slug":"train-nairobi-to-mombasa","status":"publish","type":"page","link":"https:\/\/tiketi.com\/fr-fr\/train\/routes\/train-nairobi-to-mombasa\/","title":{"rendered":"Train SGR de Nairobi \u00e0 Mombasa R\u00e9servation et tarifs en ligne"},"content":{"rendered":"<h2>R\u00e9servation en ligne de billets de train Nairobi \u00e0 Mombasa SGR<\/h2>\n<h3>R\u00e9servez votre billet de train sgr pas cher de Nairobi \u00e0 Mombasa en ligne maintenant <a href=\"https:\/\/metickets.krc.co.ke\/\" target=\"_blank\" rel=\"noopener\">&gt;&gt;<\/a><\/h3>\n<p>Train pas cher de Nairobi \u00e0 Mombasa La r\u00e9servation en ligne de train est facile. Vous souhaitez voyager de Nairobi \u00e0 Mombasa en train en premi\u00e8re classe ou en classe \u00e9conomique. Les horaires des trains de Nairobi \u00e0 Mombasa proposent des horaires de l&#039;apr\u00e8s-midi et du matin et les prix SGR de Nairobi \u00e0 Mombasa sont de $30 pour la premi\u00e8re classe et de $20 pour la deuxi\u00e8me classe. La distance de transit est de cinq heures pour une distance de trajet en train de cinq cents kilom\u00e8tres. Voici le guide sur la fa\u00e7on de r\u00e9server en ligne des billets de train Nairobi-Mombasa SGR.<\/p>\n<h2>Train SGR de Nairobi \u00e0 Mombasa Train Online Booking, Tickets, Schedule &amp; Fares FAQs<\/h2>\n<h3>Horaires de r\u00e9servation des billets de train Nairobi \u00e0 Mombasa SGR de Nairobi \u00e0 Mombasa<\/h3>\n<p>SGR Intercounty \u2013 Train du matin<\/p>\n<p>Mombasa \u00e0 Nairobi \u2013 8h00 (D\u00e9part)<\/p>\n<p>Nairobi \u00e0 Mombasa \u2013 8h20 (D\u00e9part)<\/p>\n<p>Mombasa \u00e0 Nairobi \u2013 13h45 (Arriv\u00e9e)<\/p>\n<p>Nairobi \u00e0 Mombasa \u2013 14h20 (Arriv\u00e9e)<\/p>\n<p>Faites une r\u00e9servation \u00e0 l&#039;avance et r\u00e9servez votre place pour les services de train. Les trains de Nairobi \u00e0 Mombasa vous seront livr\u00e9s \u00e0 votre arriv\u00e9e \u00e0 Nairobi ou \u00e0 votre endroit pr\u00e9f\u00e9r\u00e9 \u00e0 Nairobi. Une copie num\u00e9ris\u00e9e vous sera envoy\u00e9e par e-mail ou par t\u00e9l\u00e9phone \u00e0 l&#039;avance.<\/p>\n<h3>Tarif SGR de Nairobi \u00e0 Mombasa<\/h3>\n<p>Le nouveau tarif SGR de Nairobi \u00e0 Mombasa est en vigueur. Voici les horaires, les prix sgr de Nairobi \u00e0 Mombasa, les tarifs des billets de train et plus d&#039;informations.<\/p>\n<h3>Nairobi \u00e0 Mombasa selon les horaires de train<\/h3>\n<p>Mombasa \u00e0 Nairobi \u2013 15h15 (D\u00e9part)<\/p>\n<p>Nairobi \u00e0 Mombasa \u2013 14h35 (D\u00e9part)<\/p>\n<p>Mombasa \u00e0 Nairobi \u2013 20h15 (Arriv\u00e9e)<\/p>\n<p>Nairobi \u00e0 Mombasa \u2013 19h20 (Arriv\u00e9e)<\/p>\n<h2>Conseils de r\u00e9servation en ligne des billets de train Nairobi \u00e0 Mombasa SGR<\/h2>\n<p>Nairobi \u00e0 Mombasa en train est \u00e9galement accessible de Mombasa \u00e0 Nairobi en train depuis la gare de Mombasa. Le train du matin est un train interpays avec escale dans les gares de Voi, Mtito Andei, Email, Kibwezi, Athi River, Mariakani et Misasenyi. Le train de l&#039;apr\u00e8s-midi est un train express assurant une liaison sans escale entre Nairobi et Mombasa.<\/p>\n<p>Vous pouvez voyager de Nairobi \u00e0 Mombasa en train \u2013 The Standard Gauge Railway, train express Madaraka depuis Mombasa au d\u00e9part des terminaux ferroviaires de Nairobi ou de Mombasa.<\/p>","protected":false},"excerpt":{"rendered":"<p>Online Nairobi to Mombasa SGR Train Tickets Booking Reserve your cheap sgr train ticket from Nairobi to Mombasa online now &gt;&gt; Cheap train from Nairobi to Mombasa train online booking made easy. Looking to travel from Nairobi to Mombasa by train either first class or economy. Train Nairobi to Mombasa schedule offer both afternoon and [&hellip;]<\/p>\n","protected":false},"author":1,"featured_media":20644,"parent":25256,"menu_order":0,"comment_status":"open","ping_status":"closed","template":"template-home-modern.php","meta":{"footnotes":""},"class_list":["post-11399","page","type-page","status-publish","has-post-thumbnail","hentry"],"yoast_head":"<!-- This site is optimized with the Yoast SEO plugin v27.4 - https:\/\/yoast.com\/product\/yoast-seo-wordpress\/ -->\n<title>SGR Train from Nairobi to Mombasa Train Online Booking &amp; Fares<\/title>\n<meta name=\"description\" content=\"Looking for SGR train from Nairobi to Mombasa train online booking, tickets, routes, schedule &amp; fares? Do cheap online Nairobi to Mombasa sgr train tickets booking\" \/>\n<meta name=\"robots\" content=\"index, follow, max-snippet:-1, max-image-preview:large, max-video-preview:-1\" \/>\n<link rel=\"canonical\" href=\"https:\/\/tiketi.com\/fr-fr\/train\/routes\/train-nairobi-to-mombasa\/\" \/>\n<meta property=\"og:locale\" content=\"fr_FR\" \/>\n<meta property=\"og:type\" content=\"article\" \/>\n<meta property=\"og:title\" content=\"SGR Train from Nairobi to Mombasa Train Online Booking &amp; Fares\" \/>\n<meta property=\"og:description\" content=\"Looking for SGR train from Nairobi to Mombasa train online booking, tickets, routes, schedule &amp; fares? Do cheap online Nairobi to Mombasa sgr train tickets booking\" \/>\n<meta property=\"og:url\" content=\"https:\/\/tiketi.com\/fr-fr\/train\/routes\/train-nairobi-to-mombasa\/\" \/>\n<meta property=\"og:site_name\" content=\"Tiketi.com\" \/>\n<meta property=\"article:publisher\" content=\"https:\/\/www.facebook.com\/TiketiCom\/\" \/>\n<meta property=\"article:modified_time\" content=\"2023-09-21T10:10:09+00:00\" \/>\n<meta property=\"og:image\" content=\"https:\/\/tiketi.com\/wp-content\/uploads\/2022\/02\/train-booking-ice-g5b642a238_1280.jpg\" \/>\n\t<meta property=\"og:image:width\" content=\"1200\" \/>\n\t<meta property=\"og:image:height\" content=\"200\" \/>\n\t<meta property=\"og:image:type\" content=\"image\/jpeg\" \/>\n<meta name=\"twitter:card\" content=\"summary_large_image\" \/>\n<meta name=\"twitter:label1\" content=\"Dur\u00e9e de lecture estim\u00e9e\" \/>\n\t<meta name=\"twitter:data1\" content=\"2 minutes\" \/>\n<script type=\"application\/ld+json\" class=\"yoast-schema-graph\">{\"@context\":\"https:\\\/\\\/schema.org\",\"@graph\":[{\"@type\":\"WebPage\",\"@id\":\"https:\\\/\\\/tiketi.com\\\/train\\\/routes\\\/train-nairobi-to-mombasa\\\/\",\"url\":\"https:\\\/\\\/tiketi.com\\\/train\\\/routes\\\/train-nairobi-to-mombasa\\\/\",\"name\":\"SGR Train from Nairobi to Mombasa Train Online Booking & Fares\",\"isPartOf\":{\"@id\":\"https:\\\/\\\/tiketi.com\\\/#website\"},\"primaryImageOfPage\":{\"@id\":\"https:\\\/\\\/tiketi.com\\\/train\\\/routes\\\/train-nairobi-to-mombasa\\\/#primaryimage\"},\"image\":{\"@id\":\"https:\\\/\\\/tiketi.com\\\/train\\\/routes\\\/train-nairobi-to-mombasa\\\/#primaryimage\"},\"thumbnailUrl\":\"https:\\\/\\\/tiketi.com\\\/wp-content\\\/uploads\\\/2022\\\/02\\\/train-booking-ice-g5b642a238_1280.jpg\",\"datePublished\":\"2022-01-19T11:54:36+00:00\",\"dateModified\":\"2023-09-21T10:10:09+00:00\",\"description\":\"Looking for SGR train from Nairobi to Mombasa train online booking, tickets, routes, schedule & fares? Do cheap online Nairobi to Mombasa sgr train tickets booking\",\"breadcrumb\":{\"@id\":\"https:\\\/\\\/tiketi.com\\\/train\\\/routes\\\/train-nairobi-to-mombasa\\\/#breadcrumb\"},\"inLanguage\":\"fr-FR\",\"potentialAction\":[{\"@type\":\"ReadAction\",\"target\":[\"https:\\\/\\\/tiketi.com\\\/train\\\/routes\\\/train-nairobi-to-mombasa\\\/\"]}]},{\"@type\":\"ImageObject\",\"inLanguage\":\"fr-FR\",\"@id\":\"https:\\\/\\\/tiketi.com\\\/train\\\/routes\\\/train-nairobi-to-mombasa\\\/#primaryimage\",\"url\":\"https:\\\/\\\/tiketi.com\\\/wp-content\\\/uploads\\\/2022\\\/02\\\/train-booking-ice-g5b642a238_1280.jpg\",\"contentUrl\":\"https:\\\/\\\/tiketi.com\\\/wp-content\\\/uploads\\\/2022\\\/02\\\/train-booking-ice-g5b642a238_1280.jpg\",\"width\":1200,\"height\":200,\"caption\":\"Train Ticket Booking\"},{\"@type\":\"BreadcrumbList\",\"@id\":\"https:\\\/\\\/tiketi.com\\\/train\\\/routes\\\/train-nairobi-to-mombasa\\\/#breadcrumb\",\"itemListElement\":[{\"@type\":\"ListItem\",\"position\":1,\"name\":\"Home\",\"item\":\"https:\\\/\\\/tiketi.com\\\/\"},{\"@type\":\"ListItem\",\"position\":2,\"name\":\"Train\",\"item\":\"https:\\\/\\\/tiketi.com\\\/train\\\/\"},{\"@type\":\"ListItem\",\"position\":3,\"name\":\"Routes\",\"item\":\"https:\\\/\\\/tiketi.com\\\/train\\\/routes\\\/\"},{\"@type\":\"ListItem\",\"position\":4,\"name\":\"SGR Train from Nairobi to Mombasa Train Online Booking &amp; Fares\"}]},{\"@type\":\"WebSite\",\"@id\":\"https:\\\/\\\/tiketi.com\\\/#website\",\"url\":\"https:\\\/\\\/tiketi.com\\\/\",\"name\":\"Flight & Bus Tickets, Tour Packages & Activitites - Tiketi.com\",\"description\":\"Flight &amp; Bus Tickets, Tours, Activitites\",\"publisher\":{\"@id\":\"https:\\\/\\\/tiketi.com\\\/#organization\"},\"potentialAction\":[{\"@type\":\"SearchAction\",\"target\":{\"@type\":\"EntryPoint\",\"urlTemplate\":\"https:\\\/\\\/tiketi.com\\\/?s={search_term_string}\"},\"query-input\":{\"@type\":\"PropertyValueSpecification\",\"valueRequired\":true,\"valueName\":\"search_term_string\"}}],\"inLanguage\":\"fr-FR\"},{\"@type\":\"Organization\",\"@id\":\"https:\\\/\\\/tiketi.com\\\/#organization\",\"name\":\"Tiketi.com\",\"alternateName\":\"Tiketi\",\"url\":\"https:\\\/\\\/tiketi.com\\\/\",\"logo\":{\"@type\":\"ImageObject\",\"inLanguage\":\"fr-FR\",\"@id\":\"https:\\\/\\\/tiketi.com\\\/#\\\/schema\\\/logo\\\/image\\\/\",\"url\":\"https:\\\/\\\/tiketi.com\\\/wp-content\\\/uploads\\\/2019\\\/05\\\/tiketi-logo-696.png\",\"contentUrl\":\"https:\\\/\\\/tiketi.com\\\/wp-content\\\/uploads\\\/2019\\\/05\\\/tiketi-logo-696.png\",\"width\":696,\"height\":696,\"caption\":\"Tiketi.com\"},\"image\":{\"@id\":\"https:\\\/\\\/tiketi.com\\\/#\\\/schema\\\/logo\\\/image\\\/\"},\"sameAs\":[\"https:\\\/\\\/www.facebook.com\\\/TiketiCom\\\/\"]}]}<\/script>\n<!-- \/ Yoast SEO plugin. -->","yoast_head_json":{"title":"Train SGR de Nairobi \u00e0 Mombasa R\u00e9servation et tarifs en ligne","description":"Vous recherchez le train SGR de Nairobi \u00e0 Mombasa, la r\u00e9servation en ligne de train, les billets, les itin\u00e9raires, les horaires et les tarifs\u00a0? Faites des r\u00e9servations de billets de train Nairobi Mombasa sgr \u00e0 bas prix en ligne","robots":{"index":"index","follow":"follow","max-snippet":"max-snippet:-1","max-image-preview":"max-image-preview:large","max-video-preview":"max-video-preview:-1"},"canonical":"https:\/\/tiketi.com\/fr-fr\/train\/routes\/train-nairobi-to-mombasa\/","og_locale":"fr_FR","og_type":"article","og_title":"SGR Train from Nairobi to Mombasa Train Online Booking & Fares","og_description":"Looking for SGR train from Nairobi to Mombasa train online booking, tickets, routes, schedule & fares? Do cheap online Nairobi to Mombasa sgr train tickets booking","og_url":"https:\/\/tiketi.com\/fr-fr\/train\/routes\/train-nairobi-to-mombasa\/","og_site_name":"Tiketi.com","article_publisher":"https:\/\/www.facebook.com\/TiketiCom\/","article_modified_time":"2023-09-21T10:10:09+00:00","og_image":[{"width":1200,"height":200,"url":"https:\/\/tiketi.com\/wp-content\/uploads\/2022\/02\/train-booking-ice-g5b642a238_1280.jpg","type":"image\/jpeg"}],"twitter_card":"summary_large_image","twitter_misc":{"Dur\u00e9e de lecture estim\u00e9e":"2 minutes"},"schema":{"@context":"https:\/\/schema.org","@graph":[{"@type":"WebPage","@id":"https:\/\/tiketi.com\/train\/routes\/train-nairobi-to-mombasa\/","url":"https:\/\/tiketi.com\/train\/routes\/train-nairobi-to-mombasa\/","name":"Train SGR de Nairobi \u00e0 Mombasa R\u00e9servation et tarifs en ligne","isPartOf":{"@id":"https:\/\/tiketi.com\/#website"},"primaryImageOfPage":{"@id":"https:\/\/tiketi.com\/train\/routes\/train-nairobi-to-mombasa\/#primaryimage"},"image":{"@id":"https:\/\/tiketi.com\/train\/routes\/train-nairobi-to-mombasa\/#primaryimage"},"thumbnailUrl":"https:\/\/tiketi.com\/wp-content\/uploads\/2022\/02\/train-booking-ice-g5b642a238_1280.jpg","datePublished":"2022-01-19T11:54:36+00:00","dateModified":"2023-09-21T10:10:09+00:00","description":"Vous recherchez le train SGR de Nairobi \u00e0 Mombasa, la r\u00e9servation en ligne de train, les billets, les itin\u00e9raires, les horaires et les tarifs\u00a0? Faites des r\u00e9servations de billets de train Nairobi Mombasa sgr \u00e0 bas prix en ligne","breadcrumb":{"@id":"https:\/\/tiketi.com\/train\/routes\/train-nairobi-to-mombasa\/#breadcrumb"},"inLanguage":"fr-FR","potentialAction":[{"@type":"ReadAction","target":["https:\/\/tiketi.com\/train\/routes\/train-nairobi-to-mombasa\/"]}]},{"@type":"ImageObject","inLanguage":"fr-FR","@id":"https:\/\/tiketi.com\/train\/routes\/train-nairobi-to-mombasa\/#primaryimage","url":"https:\/\/tiketi.com\/wp-content\/uploads\/2022\/02\/train-booking-ice-g5b642a238_1280.jpg","contentUrl":"https:\/\/tiketi.com\/wp-content\/uploads\/2022\/02\/train-booking-ice-g5b642a238_1280.jpg","width":1200,"height":200,"caption":"Train Ticket Booking"},{"@type":"BreadcrumbList","@id":"https:\/\/tiketi.com\/train\/routes\/train-nairobi-to-mombasa\/#breadcrumb","itemListElement":[{"@type":"ListItem","position":1,"name":"Home","item":"https:\/\/tiketi.com\/"},{"@type":"ListItem","position":2,"name":"Train","item":"https:\/\/tiketi.com\/train\/"},{"@type":"ListItem","position":3,"name":"Routes","item":"https:\/\/tiketi.com\/train\/routes\/"},{"@type":"ListItem","position":4,"name":"SGR Train from Nairobi to Mombasa Train Online Booking &amp; Fares"}]},{"@type":"WebSite","@id":"https:\/\/tiketi.com\/#website","url":"https:\/\/tiketi.com\/","name":"Billets d&#039;avion et de bus, forfaits touristiques et activit\u00e9s - Tiketi.com","description":"Billets d&#039;avion et de bus, Tours, Activit\u00e9s","publisher":{"@id":"https:\/\/tiketi.com\/#organization"},"potentialAction":[{"@type":"SearchAction","target":{"@type":"EntryPoint","urlTemplate":"https:\/\/tiketi.com\/?s={search_term_string}"},"query-input":{"@type":"PropertyValueSpecification","valueRequired":true,"valueName":"search_term_string"}}],"inLanguage":"fr-FR"},{"@type":"Organization","@id":"https:\/\/tiketi.com\/#organization","name":"Tiketi.com","alternateName":"Tiketi","url":"https:\/\/tiketi.com\/","logo":{"@type":"ImageObject","inLanguage":"fr-FR","@id":"https:\/\/tiketi.com\/#\/schema\/logo\/image\/","url":"https:\/\/tiketi.com\/wp-content\/uploads\/2019\/05\/tiketi-logo-696.png","contentUrl":"https:\/\/tiketi.com\/wp-content\/uploads\/2019\/05\/tiketi-logo-696.png","width":696,"height":696,"caption":"Tiketi.com"},"image":{"@id":"https:\/\/tiketi.com\/#\/schema\/logo\/image\/"},"sameAs":["https:\/\/www.facebook.com\/TiketiCom\/"]}]}},"_links":{"self":[{"href":"https:\/\/tiketi.com\/fr-fr\/wp-json\/wp\/v2\/pages\/11399","targetHints":{"allow":["GET"]}}],"collection":[{"href":"https:\/\/tiketi.com\/fr-fr\/wp-json\/wp\/v2\/pages"}],"about":[{"href":"https:\/\/tiketi.com\/fr-fr\/wp-json\/wp\/v2\/types\/page"}],"author":[{"embeddable":true,"href":"https:\/\/tiketi.com\/fr-fr\/wp-json\/wp\/v2\/users\/1"}],"replies":[{"embeddable":true,"href":"https:\/\/tiketi.com\/fr-fr\/wp-json\/wp\/v2\/comments?post=11399"}],"version-history":[{"count":0,"href":"https:\/\/tiketi.com\/fr-fr\/wp-json\/wp\/v2\/pages\/11399\/revisions"}],"up":[{"embeddable":true,"href":"https:\/\/tiketi.com\/fr-fr\/wp-json\/wp\/v2\/pages\/25256"}],"wp:featuredmedia":[{"embeddable":true,"href":"https:\/\/tiketi.com\/fr-fr\/wp-json\/wp\/v2\/media\/20644"}],"wp:attachment":[{"href":"https:\/\/tiketi.com\/fr-fr\/wp-json\/wp\/v2\/media?parent=11399"}],"curies":[{"name":"wp","href":"https:\/\/api.w.org\/{rel}","templated":true}]}}