{"id":11404,"date":"2022-01-19T12:54:36","date_gmt":"2022-01-19T11:54:36","guid":{"rendered":"https:\/\/new.tiketi.com\/bus-from-ghana-to-togo-bus-tickets-fare-schedule-route\/"},"modified":"2022-01-28T12:15:48","modified_gmt":"2022-01-28T11:15:48","slug":"online-bus-tickets-from-ghana-to-togo","status":"publish","type":"page","link":"https:\/\/tiketi.com\/fr-fr\/online-bus-tickets-from-ghana-to-togo\/","title":{"rendered":"Bus de Ghana \u00e0 Togo Billets de bus, tarifs, horaires et itin\u00e9raire"},"content":{"rendered":"<h2>Billets de bus pas chers du Ghana au Togo R\u00e9servation en ligne<\/h2>\n<h3>D\u00e9couvrez votre itin\u00e9raire de voyage sur le web, le mobile ou l&#039;application et r\u00e9servez en ligne maintenant un billet de bus pas cher de Ghana \u00e0 Togo.<\/h3>\n<p>R\u00e9servez en ligne un bus pas cher de Ghana \u00e0 Togo et gagnez du temps et de l&#039;argent. Le Togo est plac\u00e9 en Afrique de l&#039;Ouest et borde le Ghana \u00e0 l&#039;ouest, le B\u00e9nin \u00e0 l&#039;est, le golfe de la c\u00f4te au sud, le Burkina Faso au nord. Lom\u00e9 est la capitale du Togo. La langue officielle parl\u00e9e ici est le fran\u00e7ais, mais de nombreuses autres langues en plus du fran\u00e7ais sont \u00e9galement parl\u00e9es. Voici le guide sur la fa\u00e7on de r\u00e9server des billets de bus du Ghana au Togo :<\/p>\n<h2>Bus de Ghana \u00e0 Togo FAQ sur les billets de bus, les itin\u00e9raires, les horaires et les tarifs<\/h2>\n<h3>Quel est le moyen abordable pour se rendre de Ghana au Togo ?<\/h3>\n<p>Le moyen abordable de se rendre du Ghana au Togo en bus. Billets de bus pas chers de Ghana \u00e0 Togo $40- $50 et dure 5h 12m.<\/p>\n<h3>Y a-t-il un bus entre Ghana et Togo ?<\/h3>\n<p>Oui, il y a un bus direct du Ghana au Togo. Les services partent 6 fois par semaine, et op\u00e8rent du lundi au samedi. Le trajet dure environ 5h 12m.<\/p>\n<h3>Quelle est la distance du trajet de bus Ghana to Togo?<\/h3>\n<p>La distance entre Ghana et Togo est de 246 km.<\/p>\n<h3>O\u00f9 prendre le bus depuis Ghana pour Togo ?<\/h3>\n<p>Les services de bus du Ghana au Togo, g\u00e9r\u00e9s par STM Voyageurs, partent de la gare d&#039;Accra.<\/p>\n<h2>R\u00e9servez des billets de bus de Ghana \u00e0 Togo<\/h2>\n<p>C&#039;est un endroit parfait pour le tourisme et poss\u00e8de de nombreux sites d&#039;attraction comme la r\u00e9serve de chasse de Manduri dans le nord-est du pays. Les visiteurs peuvent \u00e9galement profiter de la p\u00eache hauturi\u00e8re du golfe de Guin\u00e9e.<\/p>\n<p>Si vous choisissez de venir en vacances au Togo avec votre famille, ce sera vraiment incroyable. Le Togo poss\u00e8de des attractions remarquables et des lieux d&#039;int\u00e9r\u00eat pour les enfants et les adultes. Il y a des march\u00e9s ici o\u00f9 un visiteur peut acheter tous les types d&#039;artisanat, des v\u00eatements et bien d&#039;autres choses pour eux-m\u00eames et leurs enfants. Il y a des villages proches de la plage, leurs traditions, leur culture et le mode de vie de ces villages et de ces habitants sont incroyables.<\/p>","protected":false},"excerpt":{"rendered":"<p>Cheap Bus Tickets from\u00a0Ghana to Togo\u00a0Online Booking Discover your travel route on web, mobile or app and book cheap bus ticket from Ghana to Togo online now. Book cheap bus from Ghana to Togo online and save time and money.\u00a0Togo is placed in West Africa and it borders Ghana in the west, Benin in the [&hellip;]<\/p>\n","protected":false},"author":1,"featured_media":13999,"parent":0,"menu_order":0,"comment_status":"open","ping_status":"closed","template":"template-home-modern.php","meta":{"footnotes":""},"class_list":["post-11404","page","type-page","status-publish","has-post-thumbnail","hentry"],"yoast_head":"<!-- This site is optimized with the Yoast SEO plugin v27.3 - https:\/\/yoast.com\/product\/yoast-seo-wordpress\/ -->\n<title>Bus from Ghana to Togo Bus Tickets, Fare, Schedule &amp; Route<\/title>\n<meta name=\"description\" content=\"Looking for bus from\u00a0Ghana to Togo bus ticket booking app, routes, schedules &amp; fares? Book cheap bus tickets from Ghana to Togo online now\" \/>\n<meta name=\"robots\" content=\"index, follow, max-snippet:-1, max-image-preview:large, max-video-preview:-1\" \/>\n<link rel=\"canonical\" href=\"https:\/\/tiketi.com\/fr-fr\/online-bus-tickets-from-ghana-to-togo\/\" \/>\n<meta property=\"og:locale\" content=\"fr_FR\" \/>\n<meta property=\"og:type\" content=\"article\" \/>\n<meta property=\"og:title\" content=\"Bus from Ghana to Togo Bus Tickets, Fare, Schedule &amp; Route\" \/>\n<meta property=\"og:description\" content=\"Looking for bus from\u00a0Ghana to Togo bus ticket booking app, routes, schedules &amp; fares? Book cheap bus tickets from Ghana to Togo online now\" \/>\n<meta property=\"og:url\" content=\"https:\/\/tiketi.com\/fr-fr\/online-bus-tickets-from-ghana-to-togo\/\" \/>\n<meta property=\"og:site_name\" content=\"Tiketi.com\" \/>\n<meta property=\"article:publisher\" content=\"https:\/\/www.facebook.com\/TiketiCom\/\" \/>\n<meta property=\"article:modified_time\" content=\"2022-01-28T11:15:48+00:00\" \/>\n<meta property=\"og:image\" content=\"https:\/\/tiketi.com\/wp-content\/uploads\/2022\/01\/bus-ticket-online-booking.jpg\" \/>\n\t<meta property=\"og:image:width\" content=\"1200\" \/>\n\t<meta property=\"og:image:height\" content=\"206\" \/>\n\t<meta property=\"og:image:type\" content=\"image\/jpeg\" \/>\n<meta name=\"twitter:card\" content=\"summary_large_image\" \/>\n<meta name=\"twitter:label1\" content=\"Dur\u00e9e de lecture estim\u00e9e\" \/>\n\t<meta name=\"twitter:data1\" content=\"2 minutes\" \/>\n<script type=\"application\/ld+json\" class=\"yoast-schema-graph\">{\"@context\":\"https:\\\/\\\/schema.org\",\"@graph\":[{\"@type\":\"WebPage\",\"@id\":\"https:\\\/\\\/tiketi.com\\\/sw\\\/online-bus-tickets-from-ghana-to-togo\\\/\",\"url\":\"https:\\\/\\\/tiketi.com\\\/sw\\\/online-bus-tickets-from-ghana-to-togo\\\/\",\"name\":\"Bus from Ghana to Togo Bus Tickets, Fare, Schedule & Route\",\"isPartOf\":{\"@id\":\"https:\\\/\\\/tiketi.com\\\/#website\"},\"primaryImageOfPage\":{\"@id\":\"https:\\\/\\\/tiketi.com\\\/sw\\\/online-bus-tickets-from-ghana-to-togo\\\/#primaryimage\"},\"image\":{\"@id\":\"https:\\\/\\\/tiketi.com\\\/sw\\\/online-bus-tickets-from-ghana-to-togo\\\/#primaryimage\"},\"thumbnailUrl\":\"https:\\\/\\\/tiketi.com\\\/wp-content\\\/uploads\\\/2022\\\/01\\\/bus-ticket-online-booking.jpg\",\"datePublished\":\"2022-01-19T11:54:36+00:00\",\"dateModified\":\"2022-01-28T11:15:48+00:00\",\"description\":\"Looking for bus from\u00a0Ghana to Togo bus ticket booking app, routes, schedules & fares? Book cheap bus tickets from Ghana to Togo online now\",\"breadcrumb\":{\"@id\":\"https:\\\/\\\/tiketi.com\\\/sw\\\/online-bus-tickets-from-ghana-to-togo\\\/#breadcrumb\"},\"inLanguage\":\"fr-FR\",\"potentialAction\":[{\"@type\":\"ReadAction\",\"target\":[\"https:\\\/\\\/tiketi.com\\\/sw\\\/online-bus-tickets-from-ghana-to-togo\\\/\"]}]},{\"@type\":\"ImageObject\",\"inLanguage\":\"fr-FR\",\"@id\":\"https:\\\/\\\/tiketi.com\\\/sw\\\/online-bus-tickets-from-ghana-to-togo\\\/#primaryimage\",\"url\":\"https:\\\/\\\/tiketi.com\\\/wp-content\\\/uploads\\\/2022\\\/01\\\/bus-ticket-online-booking.jpg\",\"contentUrl\":\"https:\\\/\\\/tiketi.com\\\/wp-content\\\/uploads\\\/2022\\\/01\\\/bus-ticket-online-booking.jpg\",\"width\":1200,\"height\":206,\"caption\":\"Online Bus Ticket Booking\"},{\"@type\":\"BreadcrumbList\",\"@id\":\"https:\\\/\\\/tiketi.com\\\/sw\\\/online-bus-tickets-from-ghana-to-togo\\\/#breadcrumb\",\"itemListElement\":[{\"@type\":\"ListItem\",\"position\":1,\"name\":\"Home\",\"item\":\"https:\\\/\\\/tiketi.com\\\/\"},{\"@type\":\"ListItem\",\"position\":2,\"name\":\"Bus from Ghana to Togo Bus Tickets, Fare, Schedule &#038; Route\"}]},{\"@type\":\"WebSite\",\"@id\":\"https:\\\/\\\/tiketi.com\\\/#website\",\"url\":\"https:\\\/\\\/tiketi.com\\\/\",\"name\":\"Flight & Bus Tickets, Tour Packages & Activitites - Tiketi.com\",\"description\":\"Flight &amp; Bus Tickets, Tours, Activitites\",\"publisher\":{\"@id\":\"https:\\\/\\\/tiketi.com\\\/#organization\"},\"potentialAction\":[{\"@type\":\"SearchAction\",\"target\":{\"@type\":\"EntryPoint\",\"urlTemplate\":\"https:\\\/\\\/tiketi.com\\\/?s={search_term_string}\"},\"query-input\":{\"@type\":\"PropertyValueSpecification\",\"valueRequired\":true,\"valueName\":\"search_term_string\"}}],\"inLanguage\":\"fr-FR\"},{\"@type\":\"Organization\",\"@id\":\"https:\\\/\\\/tiketi.com\\\/#organization\",\"name\":\"Tiketi.com\",\"alternateName\":\"Tiketi\",\"url\":\"https:\\\/\\\/tiketi.com\\\/\",\"logo\":{\"@type\":\"ImageObject\",\"inLanguage\":\"fr-FR\",\"@id\":\"https:\\\/\\\/tiketi.com\\\/#\\\/schema\\\/logo\\\/image\\\/\",\"url\":\"https:\\\/\\\/tiketi.com\\\/wp-content\\\/uploads\\\/2019\\\/05\\\/tiketi-logo-696.png\",\"contentUrl\":\"https:\\\/\\\/tiketi.com\\\/wp-content\\\/uploads\\\/2019\\\/05\\\/tiketi-logo-696.png\",\"width\":696,\"height\":696,\"caption\":\"Tiketi.com\"},\"image\":{\"@id\":\"https:\\\/\\\/tiketi.com\\\/#\\\/schema\\\/logo\\\/image\\\/\"},\"sameAs\":[\"https:\\\/\\\/www.facebook.com\\\/TiketiCom\\\/\"]}]}<\/script>\n<!-- \/ Yoast SEO plugin. -->","yoast_head_json":{"title":"Bus de Ghana \u00e0 Togo Billets de bus, tarifs, horaires et itin\u00e9raire","description":"Vous recherchez une application de r\u00e9servation de billets de bus de Ghana \u00e0 Togo, des itin\u00e9raires, des horaires et des tarifs de bus ? R\u00e9servez en ligne maintenant des billets de bus \u00e0 bas prix de Ghana \u00e0 Togo","robots":{"index":"index","follow":"follow","max-snippet":"max-snippet:-1","max-image-preview":"max-image-preview:large","max-video-preview":"max-video-preview:-1"},"canonical":"https:\/\/tiketi.com\/fr-fr\/online-bus-tickets-from-ghana-to-togo\/","og_locale":"fr_FR","og_type":"article","og_title":"Bus from Ghana to Togo Bus Tickets, Fare, Schedule & Route","og_description":"Looking for bus from\u00a0Ghana to Togo bus ticket booking app, routes, schedules & fares? Book cheap bus tickets from Ghana to Togo online now","og_url":"https:\/\/tiketi.com\/fr-fr\/online-bus-tickets-from-ghana-to-togo\/","og_site_name":"Tiketi.com","article_publisher":"https:\/\/www.facebook.com\/TiketiCom\/","article_modified_time":"2022-01-28T11:15:48+00:00","og_image":[{"width":1200,"height":206,"url":"https:\/\/tiketi.com\/wp-content\/uploads\/2022\/01\/bus-ticket-online-booking.jpg","type":"image\/jpeg"}],"twitter_card":"summary_large_image","twitter_misc":{"Dur\u00e9e de lecture estim\u00e9e":"2 minutes"},"schema":{"@context":"https:\/\/schema.org","@graph":[{"@type":"WebPage","@id":"https:\/\/tiketi.com\/sw\/online-bus-tickets-from-ghana-to-togo\/","url":"https:\/\/tiketi.com\/sw\/online-bus-tickets-from-ghana-to-togo\/","name":"Bus de Ghana \u00e0 Togo Billets de bus, tarifs, horaires et itin\u00e9raire","isPartOf":{"@id":"https:\/\/tiketi.com\/#website"},"primaryImageOfPage":{"@id":"https:\/\/tiketi.com\/sw\/online-bus-tickets-from-ghana-to-togo\/#primaryimage"},"image":{"@id":"https:\/\/tiketi.com\/sw\/online-bus-tickets-from-ghana-to-togo\/#primaryimage"},"thumbnailUrl":"https:\/\/tiketi.com\/wp-content\/uploads\/2022\/01\/bus-ticket-online-booking.jpg","datePublished":"2022-01-19T11:54:36+00:00","dateModified":"2022-01-28T11:15:48+00:00","description":"Vous recherchez une application de r\u00e9servation de billets de bus de Ghana \u00e0 Togo, des itin\u00e9raires, des horaires et des tarifs de bus ? R\u00e9servez en ligne maintenant des billets de bus \u00e0 bas prix de Ghana \u00e0 Togo","breadcrumb":{"@id":"https:\/\/tiketi.com\/sw\/online-bus-tickets-from-ghana-to-togo\/#breadcrumb"},"inLanguage":"fr-FR","potentialAction":[{"@type":"ReadAction","target":["https:\/\/tiketi.com\/sw\/online-bus-tickets-from-ghana-to-togo\/"]}]},{"@type":"ImageObject","inLanguage":"fr-FR","@id":"https:\/\/tiketi.com\/sw\/online-bus-tickets-from-ghana-to-togo\/#primaryimage","url":"https:\/\/tiketi.com\/wp-content\/uploads\/2022\/01\/bus-ticket-online-booking.jpg","contentUrl":"https:\/\/tiketi.com\/wp-content\/uploads\/2022\/01\/bus-ticket-online-booking.jpg","width":1200,"height":206,"caption":"Online Bus Ticket Booking"},{"@type":"BreadcrumbList","@id":"https:\/\/tiketi.com\/sw\/online-bus-tickets-from-ghana-to-togo\/#breadcrumb","itemListElement":[{"@type":"ListItem","position":1,"name":"Home","item":"https:\/\/tiketi.com\/"},{"@type":"ListItem","position":2,"name":"Bus from Ghana to Togo Bus Tickets, Fare, Schedule &#038; Route"}]},{"@type":"WebSite","@id":"https:\/\/tiketi.com\/#website","url":"https:\/\/tiketi.com\/","name":"Billets d&#039;avion et de bus, forfaits touristiques et activit\u00e9s - Tiketi.com","description":"Billets d&#039;avion et de bus, Tours, Activit\u00e9s","publisher":{"@id":"https:\/\/tiketi.com\/#organization"},"potentialAction":[{"@type":"SearchAction","target":{"@type":"EntryPoint","urlTemplate":"https:\/\/tiketi.com\/?s={search_term_string}"},"query-input":{"@type":"PropertyValueSpecification","valueRequired":true,"valueName":"search_term_string"}}],"inLanguage":"fr-FR"},{"@type":"Organization","@id":"https:\/\/tiketi.com\/#organization","name":"Tiketi.com","alternateName":"Tiketi","url":"https:\/\/tiketi.com\/","logo":{"@type":"ImageObject","inLanguage":"fr-FR","@id":"https:\/\/tiketi.com\/#\/schema\/logo\/image\/","url":"https:\/\/tiketi.com\/wp-content\/uploads\/2019\/05\/tiketi-logo-696.png","contentUrl":"https:\/\/tiketi.com\/wp-content\/uploads\/2019\/05\/tiketi-logo-696.png","width":696,"height":696,"caption":"Tiketi.com"},"image":{"@id":"https:\/\/tiketi.com\/#\/schema\/logo\/image\/"},"sameAs":["https:\/\/www.facebook.com\/TiketiCom\/"]}]}},"_links":{"self":[{"href":"https:\/\/tiketi.com\/fr-fr\/wp-json\/wp\/v2\/pages\/11404","targetHints":{"allow":["GET"]}}],"collection":[{"href":"https:\/\/tiketi.com\/fr-fr\/wp-json\/wp\/v2\/pages"}],"about":[{"href":"https:\/\/tiketi.com\/fr-fr\/wp-json\/wp\/v2\/types\/page"}],"author":[{"embeddable":true,"href":"https:\/\/tiketi.com\/fr-fr\/wp-json\/wp\/v2\/users\/1"}],"replies":[{"embeddable":true,"href":"https:\/\/tiketi.com\/fr-fr\/wp-json\/wp\/v2\/comments?post=11404"}],"version-history":[{"count":0,"href":"https:\/\/tiketi.com\/fr-fr\/wp-json\/wp\/v2\/pages\/11404\/revisions"}],"wp:featuredmedia":[{"embeddable":true,"href":"https:\/\/tiketi.com\/fr-fr\/wp-json\/wp\/v2\/media\/13999"}],"wp:attachment":[{"href":"https:\/\/tiketi.com\/fr-fr\/wp-json\/wp\/v2\/media?parent=11404"}],"curies":[{"name":"wp","href":"https:\/\/api.w.org\/{rel}","templated":true}]}}