{"id":11406,"date":"2022-01-19T12:54:36","date_gmt":"2022-01-19T11:54:36","guid":{"rendered":"https:\/\/new.tiketi.com\/bus-from-calabar-to-enugu-bus-tickets-routes-schedules-fares\/"},"modified":"2022-01-27T12:34:18","modified_gmt":"2022-01-27T11:34:18","slug":"online-bus-tickets-from-calabar-to-enugu","status":"publish","type":"page","link":"https:\/\/tiketi.com\/fr-fr\/online-bus-tickets-from-calabar-to-enugu\/","title":{"rendered":"Bus de Calabar \u00e0 Enugu Billets de bus, itin\u00e9raires, horaires et tarifs"},"content":{"rendered":"<h2>Billets de bus pas chers de Calabar \u00e0 Enugu R\u00e9servation en ligne<\/h2>\n<h3>D\u00e9couvrez votre itin\u00e9raire sur le web, le mobile ou l&#039;application et r\u00e9servez en ligne maintenant un billet de bus pas cher de Calabar \u00e0 Enugu.<\/h3>\n<p>Faites une r\u00e9servation en ligne de bus pas cher de Calabar \u00e0 Enugu et \u00e9conomisez du temps et de l&#039;argent. Enugu, qui signifie sommet de la colline, a \u00e9t\u00e9 \u00e9patant pour le d\u00e9veloppement \u00e9conomique de la r\u00e9gion gr\u00e2ce \u00e0 la r\u00e9cup\u00e9ration du charbon en 1909 par une \u00e9quipe de g\u00e9ologues britanniques. Ville charmante dans toutes ses ramifications, Enugu se trouve \u00e0 environ 2h30 de route de Port Harcourt et \u00e0 une heure de route d&#039;Onitsu. Voici le guide sur la fa\u00e7on de r\u00e9server des billets de bus de Calabar \u00e0 Enugu :<\/p>\n<h2>Bus de Calabar \u00e0 Enugu Billets de bus, itin\u00e9raires, horaires et tarifs FAQ<\/h2>\n<h3>Le bus de Calabar \u00e0 Enugu est-il le moyen le plus \u00e9conomique de se rendre d&#039;Enugu ?<\/h3>\n<p>Le moyen abordable de se rendre \u00e0 Enugu est de fermer et de prendre le bus de Calabar \u00e0 Enugu. Les billets de bus pas chers de Calabar \u00e0 Enugu $36 et dure 19h 20m.<\/p>\n<h3>Quel est le moyen le plus rapide pour se rendre de Calabar \u00e0 Enugu ?<\/h3>\n<p>Le moyen le plus rapide pour se rendre de Calabar \u00e0 Enugu en bus. Calabar \u00e0 Enugu tarif de bus $36 et dure 19h 20m.<\/p>\n<h3>Quelle est la distance du trajet de bus Calabar \u00e0 Enugu ?<\/h3>\n<p>La distance entre Calabar et Enugu de bus est de 189 km.<\/p>\n<h3>Puis-je conduire de Calabar \u00e0 Enugu ?<\/h3>\n<p>Oui, la distance entre Enugu et Calabar est de 266 km. Il faut environ 3h 50m pour conduire de Calabar \u00e0 Enugu.<br \/>\nEnugu est plac\u00e9 dans une zone de for\u00eat tropicale humide avec une savane d\u00e9riv\u00e9e. La ville a un climat de savane tropicale. Le climat d&#039;Enugu est humide et chaud est \u00e0 son maximum entre mars et novembre. Pour le plein de l&#039;\u00e9tat d&#039;Enugu, la temp\u00e9rature quotidienne moyenne est de 26,8 C.<\/p>\n<h2>R\u00e9servez des billets de bus de Calabar \u00e0 Enugu Tips<\/h2>\n<p>Enugu poss\u00e8de une gamme remarquable de lieux qui piqueront certainement l&#039;int\u00e9r\u00eat des visiteurs. L&#039;endroit le plus fascinant est la grotte de Ngwo - une grotte de calcaire sculpt\u00e9e naturellement orn\u00e9e d&#039;une meilleure chute d&#039;eau tombant d&#039;une petite ouverture sur le toit de la grotte. Un autre meilleur site est le complexe touristique d&#039;Ezeagu, un lieu naturel merveilleux compos\u00e9 d&#039;une cascade, d&#039;une grotte de 3 kilom\u00e8tres, d&#039;une source naturelle et d&#039;un lac. Parmi les autres lieux \u00e0 visiter figurent le Mus\u00e9e national de l&#039;unit\u00e9 et la ferme Songha\u00ef, entre autres.<\/p>","protected":false},"excerpt":{"rendered":"<p>Cheap Bus Tickets from\u00a0Calabar to Enugu\u00a0Online Booking Discover your travel route on web, mobile or app and book cheap bus ticket from Calabar to Enugu online now. Do cheap bus from Calabar to Enugu bus online booking and save time and money.\u00a0Enugu, which means top of the hill, has been amazing to the economic development [&hellip;]<\/p>\n","protected":false},"author":1,"featured_media":13999,"parent":0,"menu_order":0,"comment_status":"open","ping_status":"closed","template":"template-home-modern.php","meta":{"footnotes":""},"class_list":["post-11406","page","type-page","status-publish","has-post-thumbnail","hentry"],"yoast_head":"<!-- This site is optimized with the Yoast SEO plugin v27.4 - https:\/\/yoast.com\/product\/yoast-seo-wordpress\/ -->\n<title>Bus from Calabar to Enugu Bus Tickets, Routes, Schedules &amp; Fares<\/title>\n<meta name=\"description\" content=\"Looking for bus from\u00a0Calabar to Enugu bus ticket booking app, route, schedule &amp; fare? Book cheap bus tickets from Calabar to Enugu online now\" \/>\n<meta name=\"robots\" content=\"index, follow, max-snippet:-1, max-image-preview:large, max-video-preview:-1\" \/>\n<link rel=\"canonical\" href=\"https:\/\/tiketi.com\/fr-fr\/online-bus-tickets-from-calabar-to-enugu\/\" \/>\n<meta property=\"og:locale\" content=\"fr_FR\" \/>\n<meta property=\"og:type\" content=\"article\" \/>\n<meta property=\"og:title\" content=\"Bus from Calabar to Enugu Bus Tickets, Routes, Schedules &amp; Fares\" \/>\n<meta property=\"og:description\" content=\"Looking for bus from\u00a0Calabar to Enugu bus ticket booking app, route, schedule &amp; fare? Book cheap bus tickets from Calabar to Enugu online now\" \/>\n<meta property=\"og:url\" content=\"https:\/\/tiketi.com\/fr-fr\/online-bus-tickets-from-calabar-to-enugu\/\" \/>\n<meta property=\"og:site_name\" content=\"Tiketi.com\" \/>\n<meta property=\"article:publisher\" content=\"https:\/\/www.facebook.com\/TiketiCom\/\" \/>\n<meta property=\"article:modified_time\" content=\"2022-01-27T11:34:18+00:00\" \/>\n<meta property=\"og:image\" content=\"https:\/\/tiketi.com\/wp-content\/uploads\/2022\/01\/bus-ticket-online-booking.jpg\" \/>\n\t<meta property=\"og:image:width\" content=\"1200\" \/>\n\t<meta property=\"og:image:height\" content=\"206\" \/>\n\t<meta property=\"og:image:type\" content=\"image\/jpeg\" \/>\n<meta name=\"twitter:card\" content=\"summary_large_image\" \/>\n<meta name=\"twitter:label1\" content=\"Dur\u00e9e de lecture estim\u00e9e\" \/>\n\t<meta name=\"twitter:data1\" content=\"2 minutes\" \/>\n<script type=\"application\/ld+json\" class=\"yoast-schema-graph\">{\"@context\":\"https:\\\/\\\/schema.org\",\"@graph\":[{\"@type\":\"WebPage\",\"@id\":\"https:\\\/\\\/tiketi.com\\\/online-bus-tickets-from-calabar-to-enugu\\\/\",\"url\":\"https:\\\/\\\/tiketi.com\\\/online-bus-tickets-from-calabar-to-enugu\\\/\",\"name\":\"Bus from Calabar to Enugu Bus Tickets, Routes, Schedules & Fares\",\"isPartOf\":{\"@id\":\"https:\\\/\\\/tiketi.com\\\/#website\"},\"primaryImageOfPage\":{\"@id\":\"https:\\\/\\\/tiketi.com\\\/online-bus-tickets-from-calabar-to-enugu\\\/#primaryimage\"},\"image\":{\"@id\":\"https:\\\/\\\/tiketi.com\\\/online-bus-tickets-from-calabar-to-enugu\\\/#primaryimage\"},\"thumbnailUrl\":\"https:\\\/\\\/tiketi.com\\\/wp-content\\\/uploads\\\/2022\\\/01\\\/bus-ticket-online-booking.jpg\",\"datePublished\":\"2022-01-19T11:54:36+00:00\",\"dateModified\":\"2022-01-27T11:34:18+00:00\",\"description\":\"Looking for bus from\u00a0Calabar to Enugu bus ticket booking app, route, schedule & fare? Book cheap bus tickets from Calabar to Enugu online now\",\"breadcrumb\":{\"@id\":\"https:\\\/\\\/tiketi.com\\\/online-bus-tickets-from-calabar-to-enugu\\\/#breadcrumb\"},\"inLanguage\":\"fr-FR\",\"potentialAction\":[{\"@type\":\"ReadAction\",\"target\":[\"https:\\\/\\\/tiketi.com\\\/online-bus-tickets-from-calabar-to-enugu\\\/\"]}]},{\"@type\":\"ImageObject\",\"inLanguage\":\"fr-FR\",\"@id\":\"https:\\\/\\\/tiketi.com\\\/online-bus-tickets-from-calabar-to-enugu\\\/#primaryimage\",\"url\":\"https:\\\/\\\/tiketi.com\\\/wp-content\\\/uploads\\\/2022\\\/01\\\/bus-ticket-online-booking.jpg\",\"contentUrl\":\"https:\\\/\\\/tiketi.com\\\/wp-content\\\/uploads\\\/2022\\\/01\\\/bus-ticket-online-booking.jpg\",\"width\":1200,\"height\":206,\"caption\":\"Online Bus Ticket Booking\"},{\"@type\":\"BreadcrumbList\",\"@id\":\"https:\\\/\\\/tiketi.com\\\/online-bus-tickets-from-calabar-to-enugu\\\/#breadcrumb\",\"itemListElement\":[{\"@type\":\"ListItem\",\"position\":1,\"name\":\"Home\",\"item\":\"https:\\\/\\\/tiketi.com\\\/\"},{\"@type\":\"ListItem\",\"position\":2,\"name\":\"Bus from Calabar to Enugu Bus Tickets, Routes, Schedules &#038; Fares\"}]},{\"@type\":\"WebSite\",\"@id\":\"https:\\\/\\\/tiketi.com\\\/#website\",\"url\":\"https:\\\/\\\/tiketi.com\\\/\",\"name\":\"Flight & Bus Tickets, Tour Packages & Activitites - Tiketi.com\",\"description\":\"Flight &amp; Bus Tickets, Tours, Activitites\",\"publisher\":{\"@id\":\"https:\\\/\\\/tiketi.com\\\/#organization\"},\"potentialAction\":[{\"@type\":\"SearchAction\",\"target\":{\"@type\":\"EntryPoint\",\"urlTemplate\":\"https:\\\/\\\/tiketi.com\\\/?s={search_term_string}\"},\"query-input\":{\"@type\":\"PropertyValueSpecification\",\"valueRequired\":true,\"valueName\":\"search_term_string\"}}],\"inLanguage\":\"fr-FR\"},{\"@type\":\"Organization\",\"@id\":\"https:\\\/\\\/tiketi.com\\\/#organization\",\"name\":\"Tiketi.com\",\"alternateName\":\"Tiketi\",\"url\":\"https:\\\/\\\/tiketi.com\\\/\",\"logo\":{\"@type\":\"ImageObject\",\"inLanguage\":\"fr-FR\",\"@id\":\"https:\\\/\\\/tiketi.com\\\/#\\\/schema\\\/logo\\\/image\\\/\",\"url\":\"https:\\\/\\\/tiketi.com\\\/wp-content\\\/uploads\\\/2019\\\/05\\\/tiketi-logo-696.png\",\"contentUrl\":\"https:\\\/\\\/tiketi.com\\\/wp-content\\\/uploads\\\/2019\\\/05\\\/tiketi-logo-696.png\",\"width\":696,\"height\":696,\"caption\":\"Tiketi.com\"},\"image\":{\"@id\":\"https:\\\/\\\/tiketi.com\\\/#\\\/schema\\\/logo\\\/image\\\/\"},\"sameAs\":[\"https:\\\/\\\/www.facebook.com\\\/TiketiCom\\\/\"]}]}<\/script>\n<!-- \/ Yoast SEO plugin. -->","yoast_head_json":{"title":"Bus de Calabar \u00e0 Enugu Billets de bus, itin\u00e9raires, horaires et tarifs","description":"\u00c0 la recherche d&#039;une application de r\u00e9servation de billets de bus de Calabar \u00e0 Enugu, d&#039;un itin\u00e9raire, d&#039;un horaire et d&#039;un tarif\u00a0? R\u00e9servez en ligne maintenant des billets de bus \u00e0 bas prix de Calabar \u00e0 Enugu","robots":{"index":"index","follow":"follow","max-snippet":"max-snippet:-1","max-image-preview":"max-image-preview:large","max-video-preview":"max-video-preview:-1"},"canonical":"https:\/\/tiketi.com\/fr-fr\/online-bus-tickets-from-calabar-to-enugu\/","og_locale":"fr_FR","og_type":"article","og_title":"Bus from Calabar to Enugu Bus Tickets, Routes, Schedules & Fares","og_description":"Looking for bus from\u00a0Calabar to Enugu bus ticket booking app, route, schedule & fare? Book cheap bus tickets from Calabar to Enugu online now","og_url":"https:\/\/tiketi.com\/fr-fr\/online-bus-tickets-from-calabar-to-enugu\/","og_site_name":"Tiketi.com","article_publisher":"https:\/\/www.facebook.com\/TiketiCom\/","article_modified_time":"2022-01-27T11:34:18+00:00","og_image":[{"width":1200,"height":206,"url":"https:\/\/tiketi.com\/wp-content\/uploads\/2022\/01\/bus-ticket-online-booking.jpg","type":"image\/jpeg"}],"twitter_card":"summary_large_image","twitter_misc":{"Dur\u00e9e de lecture estim\u00e9e":"2 minutes"},"schema":{"@context":"https:\/\/schema.org","@graph":[{"@type":"WebPage","@id":"https:\/\/tiketi.com\/online-bus-tickets-from-calabar-to-enugu\/","url":"https:\/\/tiketi.com\/online-bus-tickets-from-calabar-to-enugu\/","name":"Bus de Calabar \u00e0 Enugu Billets de bus, itin\u00e9raires, horaires et tarifs","isPartOf":{"@id":"https:\/\/tiketi.com\/#website"},"primaryImageOfPage":{"@id":"https:\/\/tiketi.com\/online-bus-tickets-from-calabar-to-enugu\/#primaryimage"},"image":{"@id":"https:\/\/tiketi.com\/online-bus-tickets-from-calabar-to-enugu\/#primaryimage"},"thumbnailUrl":"https:\/\/tiketi.com\/wp-content\/uploads\/2022\/01\/bus-ticket-online-booking.jpg","datePublished":"2022-01-19T11:54:36+00:00","dateModified":"2022-01-27T11:34:18+00:00","description":"\u00c0 la recherche d&#039;une application de r\u00e9servation de billets de bus de Calabar \u00e0 Enugu, d&#039;un itin\u00e9raire, d&#039;un horaire et d&#039;un tarif\u00a0? R\u00e9servez en ligne maintenant des billets de bus \u00e0 bas prix de Calabar \u00e0 Enugu","breadcrumb":{"@id":"https:\/\/tiketi.com\/online-bus-tickets-from-calabar-to-enugu\/#breadcrumb"},"inLanguage":"fr-FR","potentialAction":[{"@type":"ReadAction","target":["https:\/\/tiketi.com\/online-bus-tickets-from-calabar-to-enugu\/"]}]},{"@type":"ImageObject","inLanguage":"fr-FR","@id":"https:\/\/tiketi.com\/online-bus-tickets-from-calabar-to-enugu\/#primaryimage","url":"https:\/\/tiketi.com\/wp-content\/uploads\/2022\/01\/bus-ticket-online-booking.jpg","contentUrl":"https:\/\/tiketi.com\/wp-content\/uploads\/2022\/01\/bus-ticket-online-booking.jpg","width":1200,"height":206,"caption":"Online Bus Ticket Booking"},{"@type":"BreadcrumbList","@id":"https:\/\/tiketi.com\/online-bus-tickets-from-calabar-to-enugu\/#breadcrumb","itemListElement":[{"@type":"ListItem","position":1,"name":"Home","item":"https:\/\/tiketi.com\/"},{"@type":"ListItem","position":2,"name":"Bus from Calabar to Enugu Bus Tickets, Routes, Schedules &#038; Fares"}]},{"@type":"WebSite","@id":"https:\/\/tiketi.com\/#website","url":"https:\/\/tiketi.com\/","name":"Billets d&#039;avion et de bus, forfaits touristiques et activit\u00e9s - Tiketi.com","description":"Billets d&#039;avion et de bus, Tours, Activit\u00e9s","publisher":{"@id":"https:\/\/tiketi.com\/#organization"},"potentialAction":[{"@type":"SearchAction","target":{"@type":"EntryPoint","urlTemplate":"https:\/\/tiketi.com\/?s={search_term_string}"},"query-input":{"@type":"PropertyValueSpecification","valueRequired":true,"valueName":"search_term_string"}}],"inLanguage":"fr-FR"},{"@type":"Organization","@id":"https:\/\/tiketi.com\/#organization","name":"Tiketi.com","alternateName":"Tiketi","url":"https:\/\/tiketi.com\/","logo":{"@type":"ImageObject","inLanguage":"fr-FR","@id":"https:\/\/tiketi.com\/#\/schema\/logo\/image\/","url":"https:\/\/tiketi.com\/wp-content\/uploads\/2019\/05\/tiketi-logo-696.png","contentUrl":"https:\/\/tiketi.com\/wp-content\/uploads\/2019\/05\/tiketi-logo-696.png","width":696,"height":696,"caption":"Tiketi.com"},"image":{"@id":"https:\/\/tiketi.com\/#\/schema\/logo\/image\/"},"sameAs":["https:\/\/www.facebook.com\/TiketiCom\/"]}]}},"_links":{"self":[{"href":"https:\/\/tiketi.com\/fr-fr\/wp-json\/wp\/v2\/pages\/11406","targetHints":{"allow":["GET"]}}],"collection":[{"href":"https:\/\/tiketi.com\/fr-fr\/wp-json\/wp\/v2\/pages"}],"about":[{"href":"https:\/\/tiketi.com\/fr-fr\/wp-json\/wp\/v2\/types\/page"}],"author":[{"embeddable":true,"href":"https:\/\/tiketi.com\/fr-fr\/wp-json\/wp\/v2\/users\/1"}],"replies":[{"embeddable":true,"href":"https:\/\/tiketi.com\/fr-fr\/wp-json\/wp\/v2\/comments?post=11406"}],"version-history":[{"count":0,"href":"https:\/\/tiketi.com\/fr-fr\/wp-json\/wp\/v2\/pages\/11406\/revisions"}],"wp:featuredmedia":[{"embeddable":true,"href":"https:\/\/tiketi.com\/fr-fr\/wp-json\/wp\/v2\/media\/13999"}],"wp:attachment":[{"href":"https:\/\/tiketi.com\/fr-fr\/wp-json\/wp\/v2\/media?parent=11406"}],"curies":[{"name":"wp","href":"https:\/\/api.w.org\/{rel}","templated":true}]}}