{"id":11407,"date":"2022-01-19T12:54:36","date_gmt":"2022-01-19T11:54:36","guid":{"rendered":"https:\/\/new.tiketi.com\/bus-from-ghana-to-benin-bus-tickets-routes-schedules-fares\/"},"modified":"2022-01-28T12:14:13","modified_gmt":"2022-01-28T11:14:13","slug":"online-bus-tickets-from-ghana-to-benin","status":"publish","type":"page","link":"https:\/\/tiketi.com\/fr-fr\/online-bus-tickets-from-ghana-to-benin\/","title":{"rendered":"Bus de Ghana \u00e0 B\u00e9nin Billets de bus, itin\u00e9raires, horaires et tarifs"},"content":{"rendered":"<h2>Billets de bus pas chers du Ghana au B\u00e9nin R\u00e9servation en ligne<\/h2>\n<h3>D\u00e9couvrez votre itin\u00e9raire sur le web, le mobile ou l&#039;application et r\u00e9servez en ligne maintenant un billet de bus pas cher de Ghana \u00e0 B\u00e9nin.<\/h3>\n<p>Faites une r\u00e9servation en ligne de bus pas cher de Ghana \u00e0 B\u00e9nin et \u00e9conomisez du temps et de l&#039;argent. Le B\u00e9nin est une petite ville situ\u00e9e sur le continent africain. Mais il a beaucoup \u00e0 offrir \u00e0 ses visiteurs et ne renverrait pas ses visiteurs m\u00e9contents. Voici quelques-uns des meilleurs endroits \u00e0 visiter au B\u00e9nin et le guide sur la fa\u00e7on de r\u00e9server des billets de bus du Ghana au B\u00e9nin :<\/p>\n<h2>Bus de Ghana \u00e0 B\u00e9nin FAQ sur les billets de bus, les itin\u00e9raires, les horaires et les tarifs<\/h2>\n<h3>Le bus Ghana-B\u00e9nin est-il le moyen le plus \u00e9conomique de se rendre au B\u00e9nin ?<\/h3>\n<p>Le moyen abordable de se rendre du Ghana au B\u00e9nin en bus. Billets de bus pas chers de Ghana \u00e0 B\u00e9nin $30 \u2013 $45 et dure 5h 20m.<\/p>\n<h3>Quelle est la distance du trajet de bus Ghana \u00e0 B\u00e9nin ?<\/h3>\n<p>La distance parcourue de Ghana \u00e0 B\u00e9nin en bus est de 403 km.<\/p>\n<h3>Comment d\u00e9m\u00e9nager du Ghana au B\u00e9nin sans v\u00e9hicule personnel ?<\/h3>\n<p>Le meilleur moyen pour se rendre du Ghana au B\u00e9nin sans v\u00e9hicule personnel est le bus. Le Ghana au B\u00e9nin co\u00fbte le bus $30 \u2013 $40 et dure 5h 20m.<\/p>\n<h3>Puis-je conduire de Ghana \u00e0 B\u00e9nin ?<\/h3>\n<p>Oui, la distance en voiture entre B\u00e9nin et Ghana est de 343 km.<\/p>\n<h2>R\u00e9servez des billets de bus de Ghana \u00e0 B\u00e9nin<\/h2>\n<p>Le B\u00e9nin a une beaut\u00e9 naturelle \u00e0 proximit\u00e9 de tous les c\u00f4t\u00e9s. D&#039;une multitude de r\u00e9serves naturelles \u00e0 de charmants palmiers, le B\u00e9nin est un endroit qu&#039;il faut voir au moins une fois. Faune, plages et culture, le B\u00e9nin est une aventure et vous serez enthousiasm\u00e9 par les sites remarquables.<\/p>\n<h3>Ouidah<\/h3>\n<p>M\u00e9lange de culture fran\u00e7aise et portugaise, Oiudah est un m\u00e9lange que vous adorerez voir. L&#039;endroit a beaucoup d&#039;histoire \u00e0 explorer et si vous avez fini de regarder l&#039;histoire, vous pourrez profiter des plages de cet endroit. Ouidah a une histoire d&#039;histoire africaine et les gens aiment visiter cet endroit.<\/p>\n<h3>Porto Novo<\/h3>\n<p>Porto Nov regorge de parcs et de jardins de tous c\u00f4t\u00e9s. L&#039;histoire portugaise \u00e0 Porto Novo est populaire dans le monde d&#039;aujourd&#039;hui.<\/p>","protected":false},"excerpt":{"rendered":"<p>Cheap Bus Tickets from\u00a0Ghana to Benin\u00a0Online Booking Discover your travel route on web, mobile or app and book cheap bus ticket from Ghana to Benin online now. Do cheap bus from Ghana to Benin bus online booking\u00a0and save time and money. Benin is a little town placed in the continent of Africa. But it has [&hellip;]<\/p>\n","protected":false},"author":1,"featured_media":13999,"parent":0,"menu_order":0,"comment_status":"open","ping_status":"closed","template":"template-home-modern.php","meta":{"footnotes":""},"class_list":["post-11407","page","type-page","status-publish","has-post-thumbnail","hentry"],"yoast_head":"<!-- This site is optimized with the Yoast SEO plugin v27.3 - https:\/\/yoast.com\/product\/yoast-seo-wordpress\/ -->\n<title>Bus from Ghana to Benin Bus Tickets, Routes, Schedules &amp; Fares<\/title>\n<meta name=\"description\" content=\"Looking for bus from\u00a0Ghana to Benin bus ticket booking app, routes, schedules &amp; fares? Book cheap bus tickets from Ghana to Benin online now\" \/>\n<meta name=\"robots\" content=\"index, follow, max-snippet:-1, max-image-preview:large, max-video-preview:-1\" \/>\n<link rel=\"canonical\" href=\"https:\/\/tiketi.com\/fr-fr\/online-bus-tickets-from-ghana-to-benin\/\" \/>\n<meta property=\"og:locale\" content=\"fr_FR\" \/>\n<meta property=\"og:type\" content=\"article\" \/>\n<meta property=\"og:title\" content=\"Bus from Ghana to Benin Bus Tickets, Routes, Schedules &amp; Fares\" \/>\n<meta property=\"og:description\" content=\"Looking for bus from\u00a0Ghana to Benin bus ticket booking app, routes, schedules &amp; fares? Book cheap bus tickets from Ghana to Benin online now\" \/>\n<meta property=\"og:url\" content=\"https:\/\/tiketi.com\/fr-fr\/online-bus-tickets-from-ghana-to-benin\/\" \/>\n<meta property=\"og:site_name\" content=\"Tiketi.com\" \/>\n<meta property=\"article:publisher\" content=\"https:\/\/www.facebook.com\/TiketiCom\/\" \/>\n<meta property=\"article:modified_time\" content=\"2022-01-28T11:14:13+00:00\" \/>\n<meta property=\"og:image\" content=\"https:\/\/tiketi.com\/wp-content\/uploads\/2022\/01\/bus-ticket-online-booking.jpg\" \/>\n\t<meta property=\"og:image:width\" content=\"1200\" \/>\n\t<meta property=\"og:image:height\" content=\"206\" \/>\n\t<meta property=\"og:image:type\" content=\"image\/jpeg\" \/>\n<meta name=\"twitter:card\" content=\"summary_large_image\" \/>\n<meta name=\"twitter:label1\" content=\"Dur\u00e9e de lecture estim\u00e9e\" \/>\n\t<meta name=\"twitter:data1\" content=\"2 minutes\" \/>\n<script type=\"application\/ld+json\" class=\"yoast-schema-graph\">{\"@context\":\"https:\\\/\\\/schema.org\",\"@graph\":[{\"@type\":\"WebPage\",\"@id\":\"https:\\\/\\\/tiketi.com\\\/online-bus-tickets-from-ghana-to-benin\\\/\",\"url\":\"https:\\\/\\\/tiketi.com\\\/online-bus-tickets-from-ghana-to-benin\\\/\",\"name\":\"Bus from Ghana to Benin Bus Tickets, Routes, Schedules & Fares\",\"isPartOf\":{\"@id\":\"https:\\\/\\\/tiketi.com\\\/#website\"},\"primaryImageOfPage\":{\"@id\":\"https:\\\/\\\/tiketi.com\\\/online-bus-tickets-from-ghana-to-benin\\\/#primaryimage\"},\"image\":{\"@id\":\"https:\\\/\\\/tiketi.com\\\/online-bus-tickets-from-ghana-to-benin\\\/#primaryimage\"},\"thumbnailUrl\":\"https:\\\/\\\/tiketi.com\\\/wp-content\\\/uploads\\\/2022\\\/01\\\/bus-ticket-online-booking.jpg\",\"datePublished\":\"2022-01-19T11:54:36+00:00\",\"dateModified\":\"2022-01-28T11:14:13+00:00\",\"description\":\"Looking for bus from\u00a0Ghana to Benin bus ticket booking app, routes, schedules & fares? Book cheap bus tickets from Ghana to Benin online now\",\"breadcrumb\":{\"@id\":\"https:\\\/\\\/tiketi.com\\\/online-bus-tickets-from-ghana-to-benin\\\/#breadcrumb\"},\"inLanguage\":\"fr-FR\",\"potentialAction\":[{\"@type\":\"ReadAction\",\"target\":[\"https:\\\/\\\/tiketi.com\\\/online-bus-tickets-from-ghana-to-benin\\\/\"]}]},{\"@type\":\"ImageObject\",\"inLanguage\":\"fr-FR\",\"@id\":\"https:\\\/\\\/tiketi.com\\\/online-bus-tickets-from-ghana-to-benin\\\/#primaryimage\",\"url\":\"https:\\\/\\\/tiketi.com\\\/wp-content\\\/uploads\\\/2022\\\/01\\\/bus-ticket-online-booking.jpg\",\"contentUrl\":\"https:\\\/\\\/tiketi.com\\\/wp-content\\\/uploads\\\/2022\\\/01\\\/bus-ticket-online-booking.jpg\",\"width\":1200,\"height\":206,\"caption\":\"Online Bus Ticket Booking\"},{\"@type\":\"BreadcrumbList\",\"@id\":\"https:\\\/\\\/tiketi.com\\\/online-bus-tickets-from-ghana-to-benin\\\/#breadcrumb\",\"itemListElement\":[{\"@type\":\"ListItem\",\"position\":1,\"name\":\"Home\",\"item\":\"https:\\\/\\\/tiketi.com\\\/\"},{\"@type\":\"ListItem\",\"position\":2,\"name\":\"Bus from Ghana to Benin Bus Tickets, Routes, Schedules &#038; Fares\"}]},{\"@type\":\"WebSite\",\"@id\":\"https:\\\/\\\/tiketi.com\\\/#website\",\"url\":\"https:\\\/\\\/tiketi.com\\\/\",\"name\":\"Flight & Bus Tickets, Tour Packages & Activitites - Tiketi.com\",\"description\":\"Flight &amp; Bus Tickets, Tours, Activitites\",\"publisher\":{\"@id\":\"https:\\\/\\\/tiketi.com\\\/#organization\"},\"potentialAction\":[{\"@type\":\"SearchAction\",\"target\":{\"@type\":\"EntryPoint\",\"urlTemplate\":\"https:\\\/\\\/tiketi.com\\\/?s={search_term_string}\"},\"query-input\":{\"@type\":\"PropertyValueSpecification\",\"valueRequired\":true,\"valueName\":\"search_term_string\"}}],\"inLanguage\":\"fr-FR\"},{\"@type\":\"Organization\",\"@id\":\"https:\\\/\\\/tiketi.com\\\/#organization\",\"name\":\"Tiketi.com\",\"alternateName\":\"Tiketi\",\"url\":\"https:\\\/\\\/tiketi.com\\\/\",\"logo\":{\"@type\":\"ImageObject\",\"inLanguage\":\"fr-FR\",\"@id\":\"https:\\\/\\\/tiketi.com\\\/#\\\/schema\\\/logo\\\/image\\\/\",\"url\":\"https:\\\/\\\/tiketi.com\\\/wp-content\\\/uploads\\\/2019\\\/05\\\/tiketi-logo-696.png\",\"contentUrl\":\"https:\\\/\\\/tiketi.com\\\/wp-content\\\/uploads\\\/2019\\\/05\\\/tiketi-logo-696.png\",\"width\":696,\"height\":696,\"caption\":\"Tiketi.com\"},\"image\":{\"@id\":\"https:\\\/\\\/tiketi.com\\\/#\\\/schema\\\/logo\\\/image\\\/\"},\"sameAs\":[\"https:\\\/\\\/www.facebook.com\\\/TiketiCom\\\/\"]}]}<\/script>\n<!-- \/ Yoast SEO plugin. -->","yoast_head_json":{"title":"Bus de Ghana \u00e0 B\u00e9nin Billets de bus, itin\u00e9raires, horaires et tarifs","description":"Vous recherchez une application de r\u00e9servation de billets de bus de Ghana \u00e0 B\u00e9nin, des itin\u00e9raires, des horaires et des tarifs\u00a0? R\u00e9servez en ligne maintenant des billets de bus \u00e0 bas prix de Ghana \u00e0 B\u00e9nin","robots":{"index":"index","follow":"follow","max-snippet":"max-snippet:-1","max-image-preview":"max-image-preview:large","max-video-preview":"max-video-preview:-1"},"canonical":"https:\/\/tiketi.com\/fr-fr\/online-bus-tickets-from-ghana-to-benin\/","og_locale":"fr_FR","og_type":"article","og_title":"Bus from Ghana to Benin Bus Tickets, Routes, Schedules & Fares","og_description":"Looking for bus from\u00a0Ghana to Benin bus ticket booking app, routes, schedules & fares? Book cheap bus tickets from Ghana to Benin online now","og_url":"https:\/\/tiketi.com\/fr-fr\/online-bus-tickets-from-ghana-to-benin\/","og_site_name":"Tiketi.com","article_publisher":"https:\/\/www.facebook.com\/TiketiCom\/","article_modified_time":"2022-01-28T11:14:13+00:00","og_image":[{"width":1200,"height":206,"url":"https:\/\/tiketi.com\/wp-content\/uploads\/2022\/01\/bus-ticket-online-booking.jpg","type":"image\/jpeg"}],"twitter_card":"summary_large_image","twitter_misc":{"Dur\u00e9e de lecture estim\u00e9e":"2 minutes"},"schema":{"@context":"https:\/\/schema.org","@graph":[{"@type":"WebPage","@id":"https:\/\/tiketi.com\/online-bus-tickets-from-ghana-to-benin\/","url":"https:\/\/tiketi.com\/online-bus-tickets-from-ghana-to-benin\/","name":"Bus de Ghana \u00e0 B\u00e9nin Billets de bus, itin\u00e9raires, horaires et tarifs","isPartOf":{"@id":"https:\/\/tiketi.com\/#website"},"primaryImageOfPage":{"@id":"https:\/\/tiketi.com\/online-bus-tickets-from-ghana-to-benin\/#primaryimage"},"image":{"@id":"https:\/\/tiketi.com\/online-bus-tickets-from-ghana-to-benin\/#primaryimage"},"thumbnailUrl":"https:\/\/tiketi.com\/wp-content\/uploads\/2022\/01\/bus-ticket-online-booking.jpg","datePublished":"2022-01-19T11:54:36+00:00","dateModified":"2022-01-28T11:14:13+00:00","description":"Vous recherchez une application de r\u00e9servation de billets de bus de Ghana \u00e0 B\u00e9nin, des itin\u00e9raires, des horaires et des tarifs\u00a0? R\u00e9servez en ligne maintenant des billets de bus \u00e0 bas prix de Ghana \u00e0 B\u00e9nin","breadcrumb":{"@id":"https:\/\/tiketi.com\/online-bus-tickets-from-ghana-to-benin\/#breadcrumb"},"inLanguage":"fr-FR","potentialAction":[{"@type":"ReadAction","target":["https:\/\/tiketi.com\/online-bus-tickets-from-ghana-to-benin\/"]}]},{"@type":"ImageObject","inLanguage":"fr-FR","@id":"https:\/\/tiketi.com\/online-bus-tickets-from-ghana-to-benin\/#primaryimage","url":"https:\/\/tiketi.com\/wp-content\/uploads\/2022\/01\/bus-ticket-online-booking.jpg","contentUrl":"https:\/\/tiketi.com\/wp-content\/uploads\/2022\/01\/bus-ticket-online-booking.jpg","width":1200,"height":206,"caption":"Online Bus Ticket Booking"},{"@type":"BreadcrumbList","@id":"https:\/\/tiketi.com\/online-bus-tickets-from-ghana-to-benin\/#breadcrumb","itemListElement":[{"@type":"ListItem","position":1,"name":"Home","item":"https:\/\/tiketi.com\/"},{"@type":"ListItem","position":2,"name":"Bus from Ghana to Benin Bus Tickets, Routes, Schedules &#038; Fares"}]},{"@type":"WebSite","@id":"https:\/\/tiketi.com\/#website","url":"https:\/\/tiketi.com\/","name":"Billets d&#039;avion et de bus, forfaits touristiques et activit\u00e9s - Tiketi.com","description":"Billets d&#039;avion et de bus, Tours, Activit\u00e9s","publisher":{"@id":"https:\/\/tiketi.com\/#organization"},"potentialAction":[{"@type":"SearchAction","target":{"@type":"EntryPoint","urlTemplate":"https:\/\/tiketi.com\/?s={search_term_string}"},"query-input":{"@type":"PropertyValueSpecification","valueRequired":true,"valueName":"search_term_string"}}],"inLanguage":"fr-FR"},{"@type":"Organization","@id":"https:\/\/tiketi.com\/#organization","name":"Tiketi.com","alternateName":"Tiketi","url":"https:\/\/tiketi.com\/","logo":{"@type":"ImageObject","inLanguage":"fr-FR","@id":"https:\/\/tiketi.com\/#\/schema\/logo\/image\/","url":"https:\/\/tiketi.com\/wp-content\/uploads\/2019\/05\/tiketi-logo-696.png","contentUrl":"https:\/\/tiketi.com\/wp-content\/uploads\/2019\/05\/tiketi-logo-696.png","width":696,"height":696,"caption":"Tiketi.com"},"image":{"@id":"https:\/\/tiketi.com\/#\/schema\/logo\/image\/"},"sameAs":["https:\/\/www.facebook.com\/TiketiCom\/"]}]}},"_links":{"self":[{"href":"https:\/\/tiketi.com\/fr-fr\/wp-json\/wp\/v2\/pages\/11407","targetHints":{"allow":["GET"]}}],"collection":[{"href":"https:\/\/tiketi.com\/fr-fr\/wp-json\/wp\/v2\/pages"}],"about":[{"href":"https:\/\/tiketi.com\/fr-fr\/wp-json\/wp\/v2\/types\/page"}],"author":[{"embeddable":true,"href":"https:\/\/tiketi.com\/fr-fr\/wp-json\/wp\/v2\/users\/1"}],"replies":[{"embeddable":true,"href":"https:\/\/tiketi.com\/fr-fr\/wp-json\/wp\/v2\/comments?post=11407"}],"version-history":[{"count":0,"href":"https:\/\/tiketi.com\/fr-fr\/wp-json\/wp\/v2\/pages\/11407\/revisions"}],"wp:featuredmedia":[{"embeddable":true,"href":"https:\/\/tiketi.com\/fr-fr\/wp-json\/wp\/v2\/media\/13999"}],"wp:attachment":[{"href":"https:\/\/tiketi.com\/fr-fr\/wp-json\/wp\/v2\/media?parent=11407"}],"curies":[{"name":"wp","href":"https:\/\/api.w.org\/{rel}","templated":true}]}}