{"id":11408,"date":"2022-01-19T12:54:36","date_gmt":"2022-01-19T11:54:36","guid":{"rendered":"https:\/\/new.tiketi.com\/bus-from-accra-to-lome-bus-tickets-routes-schedules-fares\/"},"modified":"2022-01-26T22:09:24","modified_gmt":"2022-01-26T21:09:24","slug":"online-bus-tickets-from-accra-to-lome","status":"publish","type":"page","link":"https:\/\/tiketi.com\/fr-fr\/online-bus-tickets-from-accra-to-lome\/","title":{"rendered":"Bus de Accra \u00e0 Lom\u00e9, billets de bus, itin\u00e9raires, horaires et tarifs"},"content":{"rendered":"<h2>Billets de bus pas chers de Accra \u00e0 Lom\u00e9 R\u00e9servation en ligne<\/h2>\n<h3>D\u00e9couvrez votre itin\u00e9raire sur le web, le mobile ou l&#039;application et r\u00e9servez en ligne maintenant un billet de bus pas cher de Accra \u00e0 Lom\u00e9.<\/h3>\n<p>R\u00e9servez en ligne un bus pas cher de Accra \u00e0 Lom\u00e9 et \u00e9conomisez du temps et de l&#039;argent. Ador\u00e9 avec de beaux villages perch\u00e9s et de charmantes rives bord\u00e9es de palmiers, le Togo est un magnifique pays d&#039;Afrique de l&#039;Ouest qu&#039;il ne faut pas manquer d&#039;explorer. C&#039;est sur le golfe de Guin\u00e9e, et il s&#039;\u00e9tend de l&#039;oc\u00e9an Atlantique \u00e0 l&#039;int\u00e9rieur du Burkina Faso. Voici le guide sur la fa\u00e7on de r\u00e9server des billets de bus d&#039;Accra \u00e0 Lom\u00e9 :<\/p>\n<h2>Bus de Accra \u00e0 Lom\u00e9 FAQ sur les billets de bus, les itin\u00e9raires, les horaires et les tarifs<\/h2>\n<h3>Quel est le moyen abordable pour se rendre de Accra \u00e0 Lom\u00e9 ?<\/h3>\n<p>Le moyen abordable de se rendre \u00e0 Lom\u00e9 est de prendre le bus d&#039;Accra \u00e0 Lom\u00e9. Billets de bus pas chers de Accra \u00e0 Lom\u00e9 $17 \u2013 $25 et dure 2h 50m.<\/p>\n<h3>Y a-t-il un bus direct entre Accra et Lom\u00e9 ?<\/h3>\n<p>Oui, il y a un bus direct d&#039;Accra \u00e0 Lom\u00e9. Les services partent 6 fois par semaine, et op\u00e8rent du lundi au samedi. Le trajet dure environ 2h 50m.<\/p>\n<h3>O\u00f9 prendre le bus depuis Accra pour Lom\u00e9 ?<\/h3>\n<p>Billets de bus bon march\u00e9 d&#039;Accra \u00e0 Lom\u00e9 services, g\u00e9r\u00e9s par STM Voyageurs.<\/p>\n<h2>R\u00e9servez vos billets de bus de Accra \u00e0 Lom\u00e9 Conseils en ligne<\/h2>\n<p>Lom\u00e9 est connue comme la capitale du Togo, et vous pouvez trouver ici un remarquable bazar du Grand March\u00e9 pour faire du shopping \u00e0 votre guise. Ce petit est c\u00e9l\u00e8bre pour son attrait naturel qui comprend des montagnes sinueuses et brumeuses, des zones rurales boueuses, des rivi\u00e8res agr\u00e9ables, des mar\u00e9cages et une faune remarquable, comme des troupeaux de guibs et d&#039;\u00e9l\u00e9phants. Alors, avez-vous le Togo sur votre liste de boucles ?<\/p>\n<h3>Koutammakou<\/h3>\n<p>Koutammakou est un paysage magnifique qui est c\u00e9l\u00e8bre pour \u00eatre un lieu de l&#039;UNESCO que vous pouvez trouver dans le nord du Togo. Il est \u00e9galement connu comme le Pays des Batammariba. Vous pouvez trouver ici des villages rustiques qui ont des maisons construites comme celles d&#039;autrefois \u00e0 partir de boue et qui ont des murs en adobe et des toits de chaume.<\/p>\n<h3>Parc national de Keran<\/h3>\n<p>Si vous \u00eates un amoureux de la nature, ne manquez pas de visiter le parc national de Keran lors de vos vacances au Togo. Ce parc national contient un tiers de tous les parcs nationaux pr\u00e9sents dans le pays.<\/p>","protected":false},"excerpt":{"rendered":"<p>Cheap Bus Tickets from\u00a0Accra to Lom\u00e9\u00a0Online\u00a0Booking Discover your travel route on web, mobile or app and book cheap bus ticket from Accra to Lom\u00e9 online now. Book cheap bus from Accra to Lom\u00e9 bus online booking and save time and money.\u00a0Adored with beautiful hilltop villages and charming plam-lined shores, Togo is a magnificent West African [&hellip;]<\/p>\n","protected":false},"author":1,"featured_media":13999,"parent":0,"menu_order":0,"comment_status":"open","ping_status":"closed","template":"template-home-modern.php","meta":{"footnotes":""},"class_list":["post-11408","page","type-page","status-publish","has-post-thumbnail","hentry"],"yoast_head":"<!-- This site is optimized with the Yoast SEO plugin v27.5 - https:\/\/yoast.com\/product\/yoast-seo-wordpress\/ -->\n<title>Bus from Accra to Lom\u00e9 Bus Tickets, Routes, Schedules &amp; Fares<\/title>\n<meta name=\"description\" content=\"Looking for bus from\u00a0Accra to Lom\u00e9 bus tickets, routes, schedules &amp; fares? Book cheap bus tickets from Accra to Lom\u00e9 online now\" \/>\n<meta name=\"robots\" content=\"index, follow, max-snippet:-1, max-image-preview:large, max-video-preview:-1\" \/>\n<link rel=\"canonical\" href=\"https:\/\/tiketi.com\/fr-fr\/online-bus-tickets-from-accra-to-lome\/\" \/>\n<meta property=\"og:locale\" content=\"fr_FR\" \/>\n<meta property=\"og:type\" content=\"article\" \/>\n<meta property=\"og:title\" content=\"Bus from Accra to Lom\u00e9 Bus Tickets, Routes, Schedules &amp; Fares\" \/>\n<meta property=\"og:description\" content=\"Looking for bus from\u00a0Accra to Lom\u00e9 bus tickets, routes, schedules &amp; fares? Book cheap bus tickets from Accra to Lom\u00e9 online now\" \/>\n<meta property=\"og:url\" content=\"https:\/\/tiketi.com\/fr-fr\/online-bus-tickets-from-accra-to-lome\/\" \/>\n<meta property=\"og:site_name\" content=\"Tiketi.com\" \/>\n<meta property=\"article:publisher\" content=\"https:\/\/www.facebook.com\/TiketiCom\/\" \/>\n<meta property=\"article:modified_time\" content=\"2022-01-26T21:09:24+00:00\" \/>\n<meta property=\"og:image\" content=\"https:\/\/tiketi.com\/wp-content\/uploads\/2022\/01\/bus-ticket-online-booking.jpg\" \/>\n\t<meta property=\"og:image:width\" content=\"1200\" \/>\n\t<meta property=\"og:image:height\" content=\"206\" \/>\n\t<meta property=\"og:image:type\" content=\"image\/jpeg\" \/>\n<meta name=\"twitter:card\" content=\"summary_large_image\" \/>\n<meta name=\"twitter:label1\" content=\"Dur\u00e9e de lecture estim\u00e9e\" \/>\n\t<meta name=\"twitter:data1\" content=\"2 minutes\" \/>\n<script type=\"application\/ld+json\" class=\"yoast-schema-graph\">{\"@context\":\"https:\\\/\\\/schema.org\",\"@graph\":[{\"@type\":\"WebPage\",\"@id\":\"https:\\\/\\\/tiketi.com\\\/online-bus-tickets-from-accra-to-lome\\\/\",\"url\":\"https:\\\/\\\/tiketi.com\\\/online-bus-tickets-from-accra-to-lome\\\/\",\"name\":\"Bus from Accra to Lom\u00e9 Bus Tickets, Routes, Schedules & Fares\",\"isPartOf\":{\"@id\":\"https:\\\/\\\/tiketi.com\\\/#website\"},\"primaryImageOfPage\":{\"@id\":\"https:\\\/\\\/tiketi.com\\\/online-bus-tickets-from-accra-to-lome\\\/#primaryimage\"},\"image\":{\"@id\":\"https:\\\/\\\/tiketi.com\\\/online-bus-tickets-from-accra-to-lome\\\/#primaryimage\"},\"thumbnailUrl\":\"https:\\\/\\\/tiketi.com\\\/wp-content\\\/uploads\\\/2022\\\/01\\\/bus-ticket-online-booking.jpg\",\"datePublished\":\"2022-01-19T11:54:36+00:00\",\"dateModified\":\"2022-01-26T21:09:24+00:00\",\"description\":\"Looking for bus from\u00a0Accra to Lom\u00e9 bus tickets, routes, schedules & fares? Book cheap bus tickets from Accra to Lom\u00e9 online now\",\"breadcrumb\":{\"@id\":\"https:\\\/\\\/tiketi.com\\\/online-bus-tickets-from-accra-to-lome\\\/#breadcrumb\"},\"inLanguage\":\"fr-FR\",\"potentialAction\":[{\"@type\":\"ReadAction\",\"target\":[\"https:\\\/\\\/tiketi.com\\\/online-bus-tickets-from-accra-to-lome\\\/\"]}]},{\"@type\":\"ImageObject\",\"inLanguage\":\"fr-FR\",\"@id\":\"https:\\\/\\\/tiketi.com\\\/online-bus-tickets-from-accra-to-lome\\\/#primaryimage\",\"url\":\"https:\\\/\\\/tiketi.com\\\/wp-content\\\/uploads\\\/2022\\\/01\\\/bus-ticket-online-booking.jpg\",\"contentUrl\":\"https:\\\/\\\/tiketi.com\\\/wp-content\\\/uploads\\\/2022\\\/01\\\/bus-ticket-online-booking.jpg\",\"width\":1200,\"height\":206,\"caption\":\"Online Bus Ticket Booking\"},{\"@type\":\"BreadcrumbList\",\"@id\":\"https:\\\/\\\/tiketi.com\\\/online-bus-tickets-from-accra-to-lome\\\/#breadcrumb\",\"itemListElement\":[{\"@type\":\"ListItem\",\"position\":1,\"name\":\"Home\",\"item\":\"https:\\\/\\\/tiketi.com\\\/\"},{\"@type\":\"ListItem\",\"position\":2,\"name\":\"Bus from Accra to Lom\u00e9, Bus Tickets, Routes, Schedules &#038; Fares\"}]},{\"@type\":\"WebSite\",\"@id\":\"https:\\\/\\\/tiketi.com\\\/#website\",\"url\":\"https:\\\/\\\/tiketi.com\\\/\",\"name\":\"Flight & Bus Tickets, Tour Packages & Activitites - Tiketi.com\",\"description\":\"Flight &amp; Bus Tickets, Tours, Activitites\",\"publisher\":{\"@id\":\"https:\\\/\\\/tiketi.com\\\/#organization\"},\"potentialAction\":[{\"@type\":\"SearchAction\",\"target\":{\"@type\":\"EntryPoint\",\"urlTemplate\":\"https:\\\/\\\/tiketi.com\\\/?s={search_term_string}\"},\"query-input\":{\"@type\":\"PropertyValueSpecification\",\"valueRequired\":true,\"valueName\":\"search_term_string\"}}],\"inLanguage\":\"fr-FR\"},{\"@type\":\"Organization\",\"@id\":\"https:\\\/\\\/tiketi.com\\\/#organization\",\"name\":\"Tiketi.com\",\"alternateName\":\"Tiketi\",\"url\":\"https:\\\/\\\/tiketi.com\\\/\",\"logo\":{\"@type\":\"ImageObject\",\"inLanguage\":\"fr-FR\",\"@id\":\"https:\\\/\\\/tiketi.com\\\/#\\\/schema\\\/logo\\\/image\\\/\",\"url\":\"https:\\\/\\\/tiketi.com\\\/wp-content\\\/uploads\\\/2019\\\/05\\\/tiketi-logo-696.png\",\"contentUrl\":\"https:\\\/\\\/tiketi.com\\\/wp-content\\\/uploads\\\/2019\\\/05\\\/tiketi-logo-696.png\",\"width\":696,\"height\":696,\"caption\":\"Tiketi.com\"},\"image\":{\"@id\":\"https:\\\/\\\/tiketi.com\\\/#\\\/schema\\\/logo\\\/image\\\/\"},\"sameAs\":[\"https:\\\/\\\/www.facebook.com\\\/TiketiCom\\\/\"]}]}<\/script>\n<!-- \/ Yoast SEO plugin. -->","yoast_head_json":{"title":"Bus de Accra \u00e0 Lom\u00e9 Billets de bus, itin\u00e9raires, horaires et tarifs","description":"Vous recherchez des billets de bus de Accra \u00e0 Lom\u00e9, des itin\u00e9raires, des horaires et des tarifs de bus ? R\u00e9servez en ligne maintenant des billets de bus \u00e0 bas prix de Accra \u00e0 Lom\u00e9","robots":{"index":"index","follow":"follow","max-snippet":"max-snippet:-1","max-image-preview":"max-image-preview:large","max-video-preview":"max-video-preview:-1"},"canonical":"https:\/\/tiketi.com\/fr-fr\/online-bus-tickets-from-accra-to-lome\/","og_locale":"fr_FR","og_type":"article","og_title":"Bus from Accra to Lom\u00e9 Bus Tickets, Routes, Schedules & Fares","og_description":"Looking for bus from\u00a0Accra to Lom\u00e9 bus tickets, routes, schedules & fares? Book cheap bus tickets from Accra to Lom\u00e9 online now","og_url":"https:\/\/tiketi.com\/fr-fr\/online-bus-tickets-from-accra-to-lome\/","og_site_name":"Tiketi.com","article_publisher":"https:\/\/www.facebook.com\/TiketiCom\/","article_modified_time":"2022-01-26T21:09:24+00:00","og_image":[{"width":1200,"height":206,"url":"https:\/\/tiketi.com\/wp-content\/uploads\/2022\/01\/bus-ticket-online-booking.jpg","type":"image\/jpeg"}],"twitter_card":"summary_large_image","twitter_misc":{"Dur\u00e9e de lecture estim\u00e9e":"2 minutes"},"schema":{"@context":"https:\/\/schema.org","@graph":[{"@type":"WebPage","@id":"https:\/\/tiketi.com\/online-bus-tickets-from-accra-to-lome\/","url":"https:\/\/tiketi.com\/online-bus-tickets-from-accra-to-lome\/","name":"Bus de Accra \u00e0 Lom\u00e9 Billets de bus, itin\u00e9raires, horaires et tarifs","isPartOf":{"@id":"https:\/\/tiketi.com\/#website"},"primaryImageOfPage":{"@id":"https:\/\/tiketi.com\/online-bus-tickets-from-accra-to-lome\/#primaryimage"},"image":{"@id":"https:\/\/tiketi.com\/online-bus-tickets-from-accra-to-lome\/#primaryimage"},"thumbnailUrl":"https:\/\/tiketi.com\/wp-content\/uploads\/2022\/01\/bus-ticket-online-booking.jpg","datePublished":"2022-01-19T11:54:36+00:00","dateModified":"2022-01-26T21:09:24+00:00","description":"Vous recherchez des billets de bus de Accra \u00e0 Lom\u00e9, des itin\u00e9raires, des horaires et des tarifs de bus ? R\u00e9servez en ligne maintenant des billets de bus \u00e0 bas prix de Accra \u00e0 Lom\u00e9","breadcrumb":{"@id":"https:\/\/tiketi.com\/online-bus-tickets-from-accra-to-lome\/#breadcrumb"},"inLanguage":"fr-FR","potentialAction":[{"@type":"ReadAction","target":["https:\/\/tiketi.com\/online-bus-tickets-from-accra-to-lome\/"]}]},{"@type":"ImageObject","inLanguage":"fr-FR","@id":"https:\/\/tiketi.com\/online-bus-tickets-from-accra-to-lome\/#primaryimage","url":"https:\/\/tiketi.com\/wp-content\/uploads\/2022\/01\/bus-ticket-online-booking.jpg","contentUrl":"https:\/\/tiketi.com\/wp-content\/uploads\/2022\/01\/bus-ticket-online-booking.jpg","width":1200,"height":206,"caption":"Online Bus Ticket Booking"},{"@type":"BreadcrumbList","@id":"https:\/\/tiketi.com\/online-bus-tickets-from-accra-to-lome\/#breadcrumb","itemListElement":[{"@type":"ListItem","position":1,"name":"Home","item":"https:\/\/tiketi.com\/"},{"@type":"ListItem","position":2,"name":"Bus from Accra to Lom\u00e9, Bus Tickets, Routes, Schedules &#038; Fares"}]},{"@type":"WebSite","@id":"https:\/\/tiketi.com\/#website","url":"https:\/\/tiketi.com\/","name":"Billets d&#039;avion et de bus, forfaits touristiques et activit\u00e9s - Tiketi.com","description":"Billets d&#039;avion et de bus, Tours, Activit\u00e9s","publisher":{"@id":"https:\/\/tiketi.com\/#organization"},"potentialAction":[{"@type":"SearchAction","target":{"@type":"EntryPoint","urlTemplate":"https:\/\/tiketi.com\/?s={search_term_string}"},"query-input":{"@type":"PropertyValueSpecification","valueRequired":true,"valueName":"search_term_string"}}],"inLanguage":"fr-FR"},{"@type":"Organization","@id":"https:\/\/tiketi.com\/#organization","name":"Tiketi.com","alternateName":"Tiketi","url":"https:\/\/tiketi.com\/","logo":{"@type":"ImageObject","inLanguage":"fr-FR","@id":"https:\/\/tiketi.com\/#\/schema\/logo\/image\/","url":"https:\/\/tiketi.com\/wp-content\/uploads\/2019\/05\/tiketi-logo-696.png","contentUrl":"https:\/\/tiketi.com\/wp-content\/uploads\/2019\/05\/tiketi-logo-696.png","width":696,"height":696,"caption":"Tiketi.com"},"image":{"@id":"https:\/\/tiketi.com\/#\/schema\/logo\/image\/"},"sameAs":["https:\/\/www.facebook.com\/TiketiCom\/"]}]}},"_links":{"self":[{"href":"https:\/\/tiketi.com\/fr-fr\/wp-json\/wp\/v2\/pages\/11408","targetHints":{"allow":["GET"]}}],"collection":[{"href":"https:\/\/tiketi.com\/fr-fr\/wp-json\/wp\/v2\/pages"}],"about":[{"href":"https:\/\/tiketi.com\/fr-fr\/wp-json\/wp\/v2\/types\/page"}],"author":[{"embeddable":true,"href":"https:\/\/tiketi.com\/fr-fr\/wp-json\/wp\/v2\/users\/1"}],"replies":[{"embeddable":true,"href":"https:\/\/tiketi.com\/fr-fr\/wp-json\/wp\/v2\/comments?post=11408"}],"version-history":[{"count":0,"href":"https:\/\/tiketi.com\/fr-fr\/wp-json\/wp\/v2\/pages\/11408\/revisions"}],"wp:featuredmedia":[{"embeddable":true,"href":"https:\/\/tiketi.com\/fr-fr\/wp-json\/wp\/v2\/media\/13999"}],"wp:attachment":[{"href":"https:\/\/tiketi.com\/fr-fr\/wp-json\/wp\/v2\/media?parent=11408"}],"curies":[{"name":"wp","href":"https:\/\/api.w.org\/{rel}","templated":true}]}}