{"id":11409,"date":"2022-01-19T12:54:38","date_gmt":"2022-01-19T11:54:38","guid":{"rendered":"https:\/\/new.tiketi.com\/bus-from-accra-to-abidjan-bus-tickets-routes-schedules-fares\/"},"modified":"2022-01-26T17:27:38","modified_gmt":"2022-01-26T16:27:38","slug":"online-bus-tickets-from-accra-to-abidjan","status":"publish","type":"page","link":"https:\/\/tiketi.com\/fr-fr\/online-bus-tickets-from-accra-to-abidjan\/","title":{"rendered":"Bus de Accra \u00e0 Abidjan, billets de bus, itin\u00e9raire, horaires et tarifs"},"content":{"rendered":"<h2>Billets de bus pas chers de Accra \u00e0 Abidjan R\u00e9servation en ligne<\/h2>\n<h3>D\u00e9couvrez votre itin\u00e9raire sur le web, le mobile ou l&#039;application et r\u00e9servez en ligne maintenant un billet de bus pas cher de Accra \u00e0 Abidjan.<\/h3>\n<p>Faites une r\u00e9servation en ligne de bus pas cher de Accra \u00e0 Abidjan et \u00e9conomisez du temps et de l&#039;argent. Situ\u00e9e sur la c\u00f4te ouest de l&#039;Afrique, Abidjan est une ville cosmopolite qui se vante de charmantes lignes d&#039;horizon, de centres commerciaux, de supermarch\u00e9s, de cin\u00e9mas et de b\u00e2timents \u00e9tonnants tels que la cath\u00e9drale Saint-Paul. Cet \u00e9difice a \u00e9t\u00e9 construit en 1985 et consacr\u00e9 par le pape. Voici le guide sur la fa\u00e7on de r\u00e9server des billets de bus d&#039;Accra \u00e0 Abidjan :<\/p>\n<h2>Bus de Accra \u00e0 Abidjan FAQ sur les billets de bus, les itin\u00e9raires, les horaires et les tarifs<\/h2>\n<h3>Quel est le moyen abordable pour se rendre de Accra \u00e0 Abidjan ?<\/h3>\n<p>Le moyen abordable de se rendre d&#039;Accra \u00e0 Abidjan en bus. Les billets de bus pas chers de Accra \u00e0 Abidjan $29 et dure 10h 50m.<\/p>\n<h3>Y a-t-il un bus direct entre Accra et Abidjan ?<\/h3>\n<p>Oui, il y a un bus direct d&#039;Accra \u00e0 Abidjan. Les services partent un par jour, et circulent chaque jour. Le trajet dure environ 13h 20m.<\/p>\n<h3>Comment se d\u00e9placer d&#039;Accra \u00e0 Abidjan sans v\u00e9hicule personnel ?<\/h3>\n<p>Le meilleur moyen de se rendre d&#039;Accra \u00e0 Abidjan sans v\u00e9hicule personnel en bus. Accra \u00e0 Abidjan tarif de bus $29 et dure 10h 50m.<\/p>\n<h3>Avion ou bus Accra jusqu&#039;\u00e0 Abidjan?<\/h3>\n<p>Le meilleur moyen de se rendre d&#039;Accra \u00e0 Abidjan est de <a href=\"https:\/\/tiketi.com\/fr-fr\/flightst\/\" target=\"_blank\" rel=\"noopener\">voler<\/a> ce qui prend 2h 5m et co\u00fbte $150 \u2013 $750. Sinon, vous pouvez bus, ce qui co\u00fbte $30 et dure 10h 50m.<\/p>\n<h3>O\u00f9 puis-je prendre le bus depuis Accra pour Abidjan ?<\/h3>\n<p>Billets de bus bon march\u00e9 d&#039;Accra \u00e0 Abidjan, g\u00e9r\u00e9s par des autocars Intercity STC.<\/p>\n<h2>R\u00e9servez des billets de bus de Accra \u00e0 Abidjan<\/h2>\n<p>Le mus\u00e9e national d&#039;Abidjan est \u00e9galement un lieu remarquable car il pr\u00e9sente une \u00e9tonnante collection d&#039;objets qui relate l&#039;histoire du pays de l&#039;\u00e2ge de pierre \u00e0 nos jours. Les amoureux des fleurs et de la faune trouveront le Parc due Banco incroyable car il abrite une grande vari\u00e9t\u00e9 de fleurs, de bois durs, d&#039;animaux et d&#039;arbustes. Le parc dispose \u00e9galement d&#039;installations pour un restaurant, des pique-niques et un arboretum. Parmi les autres sites \u00e0 ne pas manquer dans la charmante ville d&#039;Abidjan figurent le march\u00e9 de Triechville, La Pyramide et le march\u00e9 de Cocody.<\/p>","protected":false},"excerpt":{"rendered":"<p>Cheap Bus Tickets from\u00a0Accra to Abidjan\u00a0Online Booking Discover your travel route on web, mobile or app and book cheap bus ticket from Accra to Abidjan online now. Do cheap bus from Accra to Abidjan bus online booking and save time and money.\u00a0Set on the west coast of Africa is Abidjan, a cosmopolitan city which boasts [&hellip;]<\/p>\n","protected":false},"author":1,"featured_media":13999,"parent":0,"menu_order":0,"comment_status":"open","ping_status":"closed","template":"template-home-modern.php","meta":{"footnotes":""},"class_list":["post-11409","page","type-page","status-publish","has-post-thumbnail","hentry"],"yoast_head":"<!-- This site is optimized with the Yoast SEO plugin v27.2 - https:\/\/yoast.com\/product\/yoast-seo-wordpress\/ -->\n<title>Bus from Accra to Abidjan Bus Tickets, Routes, Schedules &amp; Fares<\/title>\n<meta name=\"description\" content=\"Looking for bus from\u00a0Accra to Abidjan bus tickets, routes, schedules &amp; fares? Book cheap bus tickets from Accra to Abidjan online now\" \/>\n<meta name=\"robots\" content=\"index, follow, max-snippet:-1, max-image-preview:large, max-video-preview:-1\" \/>\n<link rel=\"canonical\" href=\"https:\/\/tiketi.com\/fr-fr\/online-bus-tickets-from-accra-to-abidjan\/\" \/>\n<meta property=\"og:locale\" content=\"fr_FR\" \/>\n<meta property=\"og:type\" content=\"article\" \/>\n<meta property=\"og:title\" content=\"Bus from Accra to Abidjan Bus Tickets, Routes, Schedules &amp; Fares\" \/>\n<meta property=\"og:description\" content=\"Looking for bus from\u00a0Accra to Abidjan bus tickets, routes, schedules &amp; fares? Book cheap bus tickets from Accra to Abidjan online now\" \/>\n<meta property=\"og:url\" content=\"https:\/\/tiketi.com\/fr-fr\/online-bus-tickets-from-accra-to-abidjan\/\" \/>\n<meta property=\"og:site_name\" content=\"Tiketi.com\" \/>\n<meta property=\"article:publisher\" content=\"https:\/\/www.facebook.com\/TiketiCom\/\" \/>\n<meta property=\"article:modified_time\" content=\"2022-01-26T16:27:38+00:00\" \/>\n<meta property=\"og:image\" content=\"https:\/\/tiketi.com\/wp-content\/uploads\/2022\/01\/bus-ticket-online-booking.jpg\" \/>\n\t<meta property=\"og:image:width\" content=\"1200\" \/>\n\t<meta property=\"og:image:height\" content=\"206\" \/>\n\t<meta property=\"og:image:type\" content=\"image\/jpeg\" \/>\n<meta name=\"twitter:card\" content=\"summary_large_image\" \/>\n<meta name=\"twitter:label1\" content=\"Dur\u00e9e de lecture estim\u00e9e\" \/>\n\t<meta name=\"twitter:data1\" content=\"2 minutes\" \/>\n<script type=\"application\/ld+json\" class=\"yoast-schema-graph\">{\"@context\":\"https:\/\/schema.org\",\"@graph\":[{\"@type\":\"WebPage\",\"@id\":\"https:\/\/tiketi.com\/sw\/online-bus-tickets-from-accra-to-abidjan\/\",\"url\":\"https:\/\/tiketi.com\/sw\/online-bus-tickets-from-accra-to-abidjan\/\",\"name\":\"Bus from Accra to Abidjan Bus Tickets, Routes, Schedules & Fares\",\"isPartOf\":{\"@id\":\"https:\/\/tiketi.com\/#website\"},\"primaryImageOfPage\":{\"@id\":\"https:\/\/tiketi.com\/sw\/online-bus-tickets-from-accra-to-abidjan\/#primaryimage\"},\"image\":{\"@id\":\"https:\/\/tiketi.com\/sw\/online-bus-tickets-from-accra-to-abidjan\/#primaryimage\"},\"thumbnailUrl\":\"https:\/\/tiketi.com\/wp-content\/uploads\/2022\/01\/bus-ticket-online-booking.jpg\",\"datePublished\":\"2022-01-19T11:54:38+00:00\",\"dateModified\":\"2022-01-26T16:27:38+00:00\",\"description\":\"Looking for bus from\u00a0Accra to Abidjan bus tickets, routes, schedules & fares? Book cheap bus tickets from Accra to Abidjan online now\",\"breadcrumb\":{\"@id\":\"https:\/\/tiketi.com\/sw\/online-bus-tickets-from-accra-to-abidjan\/#breadcrumb\"},\"inLanguage\":\"fr-FR\",\"potentialAction\":[{\"@type\":\"ReadAction\",\"target\":[\"https:\/\/tiketi.com\/sw\/online-bus-tickets-from-accra-to-abidjan\/\"]}]},{\"@type\":\"ImageObject\",\"inLanguage\":\"fr-FR\",\"@id\":\"https:\/\/tiketi.com\/sw\/online-bus-tickets-from-accra-to-abidjan\/#primaryimage\",\"url\":\"https:\/\/tiketi.com\/wp-content\/uploads\/2022\/01\/bus-ticket-online-booking.jpg\",\"contentUrl\":\"https:\/\/tiketi.com\/wp-content\/uploads\/2022\/01\/bus-ticket-online-booking.jpg\",\"width\":1200,\"height\":206,\"caption\":\"Online Bus Ticket Booking\"},{\"@type\":\"BreadcrumbList\",\"@id\":\"https:\/\/tiketi.com\/sw\/online-bus-tickets-from-accra-to-abidjan\/#breadcrumb\",\"itemListElement\":[{\"@type\":\"ListItem\",\"position\":1,\"name\":\"Home\",\"item\":\"https:\/\/tiketi.com\/\"},{\"@type\":\"ListItem\",\"position\":2,\"name\":\"Bus from Accra to Abidjan, Bus Tickets, Route, Schedule &#038; Fare\"}]},{\"@type\":\"WebSite\",\"@id\":\"https:\/\/tiketi.com\/#website\",\"url\":\"https:\/\/tiketi.com\/\",\"name\":\"Flight & Bus Tickets, Tour Packages & Activitites - Tiketi.com\",\"description\":\"Flight &amp; Bus Tickets, Tours, Activitites\",\"publisher\":{\"@id\":\"https:\/\/tiketi.com\/#organization\"},\"potentialAction\":[{\"@type\":\"SearchAction\",\"target\":{\"@type\":\"EntryPoint\",\"urlTemplate\":\"https:\/\/tiketi.com\/?s={search_term_string}\"},\"query-input\":{\"@type\":\"PropertyValueSpecification\",\"valueRequired\":true,\"valueName\":\"search_term_string\"}}],\"inLanguage\":\"fr-FR\"},{\"@type\":\"Organization\",\"@id\":\"https:\/\/tiketi.com\/#organization\",\"name\":\"Tiketi.com\",\"alternateName\":\"Tiketi\",\"url\":\"https:\/\/tiketi.com\/\",\"logo\":{\"@type\":\"ImageObject\",\"inLanguage\":\"fr-FR\",\"@id\":\"https:\/\/tiketi.com\/#\/schema\/logo\/image\/\",\"url\":\"https:\/\/tiketi.com\/wp-content\/uploads\/2019\/05\/tiketi-logo-696.png\",\"contentUrl\":\"https:\/\/tiketi.com\/wp-content\/uploads\/2019\/05\/tiketi-logo-696.png\",\"width\":696,\"height\":696,\"caption\":\"Tiketi.com\"},\"image\":{\"@id\":\"https:\/\/tiketi.com\/#\/schema\/logo\/image\/\"},\"sameAs\":[\"https:\/\/www.facebook.com\/TiketiCom\/\"]}]}<\/script>\n<!-- \/ Yoast SEO plugin. -->","yoast_head_json":{"title":"Bus de Accra \u00e0 Abidjan Billets de bus, itin\u00e9raires, horaires et tarifs","description":"Vous recherchez des billets de bus de Accra \u00e0 Abidjan, des itin\u00e9raires, des horaires et des tarifs de bus ? R\u00e9servez en ligne maintenant des billets de bus \u00e0 bas prix de Accra \u00e0 Abidjan","robots":{"index":"index","follow":"follow","max-snippet":"max-snippet:-1","max-image-preview":"max-image-preview:large","max-video-preview":"max-video-preview:-1"},"canonical":"https:\/\/tiketi.com\/fr-fr\/online-bus-tickets-from-accra-to-abidjan\/","og_locale":"fr_FR","og_type":"article","og_title":"Bus from Accra to Abidjan Bus Tickets, Routes, Schedules & Fares","og_description":"Looking for bus from\u00a0Accra to Abidjan bus tickets, routes, schedules & fares? Book cheap bus tickets from Accra to Abidjan online now","og_url":"https:\/\/tiketi.com\/fr-fr\/online-bus-tickets-from-accra-to-abidjan\/","og_site_name":"Tiketi.com","article_publisher":"https:\/\/www.facebook.com\/TiketiCom\/","article_modified_time":"2022-01-26T16:27:38+00:00","og_image":[{"width":1200,"height":206,"url":"https:\/\/tiketi.com\/wp-content\/uploads\/2022\/01\/bus-ticket-online-booking.jpg","type":"image\/jpeg"}],"twitter_card":"summary_large_image","twitter_misc":{"Dur\u00e9e de lecture estim\u00e9e":"2 minutes"},"schema":{"@context":"https:\/\/schema.org","@graph":[{"@type":"WebPage","@id":"https:\/\/tiketi.com\/sw\/online-bus-tickets-from-accra-to-abidjan\/","url":"https:\/\/tiketi.com\/sw\/online-bus-tickets-from-accra-to-abidjan\/","name":"Bus de Accra \u00e0 Abidjan Billets de bus, itin\u00e9raires, horaires et tarifs","isPartOf":{"@id":"https:\/\/tiketi.com\/#website"},"primaryImageOfPage":{"@id":"https:\/\/tiketi.com\/sw\/online-bus-tickets-from-accra-to-abidjan\/#primaryimage"},"image":{"@id":"https:\/\/tiketi.com\/sw\/online-bus-tickets-from-accra-to-abidjan\/#primaryimage"},"thumbnailUrl":"https:\/\/tiketi.com\/wp-content\/uploads\/2022\/01\/bus-ticket-online-booking.jpg","datePublished":"2022-01-19T11:54:38+00:00","dateModified":"2022-01-26T16:27:38+00:00","description":"Vous recherchez des billets de bus de Accra \u00e0 Abidjan, des itin\u00e9raires, des horaires et des tarifs de bus ? R\u00e9servez en ligne maintenant des billets de bus \u00e0 bas prix de Accra \u00e0 Abidjan","breadcrumb":{"@id":"https:\/\/tiketi.com\/sw\/online-bus-tickets-from-accra-to-abidjan\/#breadcrumb"},"inLanguage":"fr-FR","potentialAction":[{"@type":"ReadAction","target":["https:\/\/tiketi.com\/sw\/online-bus-tickets-from-accra-to-abidjan\/"]}]},{"@type":"ImageObject","inLanguage":"fr-FR","@id":"https:\/\/tiketi.com\/sw\/online-bus-tickets-from-accra-to-abidjan\/#primaryimage","url":"https:\/\/tiketi.com\/wp-content\/uploads\/2022\/01\/bus-ticket-online-booking.jpg","contentUrl":"https:\/\/tiketi.com\/wp-content\/uploads\/2022\/01\/bus-ticket-online-booking.jpg","width":1200,"height":206,"caption":"Online Bus Ticket Booking"},{"@type":"BreadcrumbList","@id":"https:\/\/tiketi.com\/sw\/online-bus-tickets-from-accra-to-abidjan\/#breadcrumb","itemListElement":[{"@type":"ListItem","position":1,"name":"Home","item":"https:\/\/tiketi.com\/"},{"@type":"ListItem","position":2,"name":"Bus from Accra to Abidjan, Bus Tickets, Route, Schedule &#038; Fare"}]},{"@type":"WebSite","@id":"https:\/\/tiketi.com\/#website","url":"https:\/\/tiketi.com\/","name":"Billets d&#039;avion et de bus, forfaits touristiques et activit\u00e9s - Tiketi.com","description":"Billets d&#039;avion et de bus, Tours, Activit\u00e9s","publisher":{"@id":"https:\/\/tiketi.com\/#organization"},"potentialAction":[{"@type":"SearchAction","target":{"@type":"EntryPoint","urlTemplate":"https:\/\/tiketi.com\/?s={search_term_string}"},"query-input":{"@type":"PropertyValueSpecification","valueRequired":true,"valueName":"search_term_string"}}],"inLanguage":"fr-FR"},{"@type":"Organization","@id":"https:\/\/tiketi.com\/#organization","name":"Tiketi.com","alternateName":"Tiketi","url":"https:\/\/tiketi.com\/","logo":{"@type":"ImageObject","inLanguage":"fr-FR","@id":"https:\/\/tiketi.com\/#\/schema\/logo\/image\/","url":"https:\/\/tiketi.com\/wp-content\/uploads\/2019\/05\/tiketi-logo-696.png","contentUrl":"https:\/\/tiketi.com\/wp-content\/uploads\/2019\/05\/tiketi-logo-696.png","width":696,"height":696,"caption":"Tiketi.com"},"image":{"@id":"https:\/\/tiketi.com\/#\/schema\/logo\/image\/"},"sameAs":["https:\/\/www.facebook.com\/TiketiCom\/"]}]}},"_links":{"self":[{"href":"https:\/\/tiketi.com\/fr-fr\/wp-json\/wp\/v2\/pages\/11409","targetHints":{"allow":["GET"]}}],"collection":[{"href":"https:\/\/tiketi.com\/fr-fr\/wp-json\/wp\/v2\/pages"}],"about":[{"href":"https:\/\/tiketi.com\/fr-fr\/wp-json\/wp\/v2\/types\/page"}],"author":[{"embeddable":true,"href":"https:\/\/tiketi.com\/fr-fr\/wp-json\/wp\/v2\/users\/1"}],"replies":[{"embeddable":true,"href":"https:\/\/tiketi.com\/fr-fr\/wp-json\/wp\/v2\/comments?post=11409"}],"version-history":[{"count":0,"href":"https:\/\/tiketi.com\/fr-fr\/wp-json\/wp\/v2\/pages\/11409\/revisions"}],"wp:featuredmedia":[{"embeddable":true,"href":"https:\/\/tiketi.com\/fr-fr\/wp-json\/wp\/v2\/media\/13999"}],"wp:attachment":[{"href":"https:\/\/tiketi.com\/fr-fr\/wp-json\/wp\/v2\/media?parent=11409"}],"curies":[{"name":"wp","href":"https:\/\/api.w.org\/{rel}","templated":true}]}}