{"id":11411,"date":"2022-01-19T12:54:38","date_gmt":"2022-01-19T11:54:38","guid":{"rendered":"https:\/\/new.tiketi.com\/bus-from-abuja-to-ibadan-bus-tickets-routes-schedules-fares\/"},"modified":"2022-01-26T17:38:33","modified_gmt":"2022-01-26T16:38:33","slug":"online-bus-tickets-from-abuja-to-ibadan","status":"publish","type":"page","link":"https:\/\/tiketi.com\/fr-fr\/online-bus-tickets-from-abuja-to-ibadan\/","title":{"rendered":"Bus d&#039;Abuja \u00e0 Ibadan\u00a0: billets, itin\u00e9raires, horaires et tarifs"},"content":{"rendered":"<h2>Billets de bus pas chers d&#039;Abuja \u00e0 Ibadan - R\u00e9servation en ligne<\/h2>\n<h3>D\u00e9couvrez votre itin\u00e9raire sur le web, mobile ou application et r\u00e9servez d\u00e8s maintenant en ligne un billet de bus pas cher d&#039;Abuja \u00e0 Ibadan.<\/h3>\n<p>R\u00e9servez votre billet de bus pas cher d&#039;Abuja \u00e0 Ibadan en ligne et gagnez du temps et de l&#039;argent. Ibadan est la troisi\u00e8me ville la plus peupl\u00e9e du Nigeria apr\u00e8s Kano et Lagos, avec environ 3 millions d&#039;habitants. C&#039;est la plus grande ville du Nigeria en superficie. Ibadan poss\u00e8de un patrimoine culturel extr\u00eamement riche et une histoire fascinante. C&#039;est l\u00e0 qu&#039;a \u00e9t\u00e9 fond\u00e9e la premi\u00e8re cha\u00eene de t\u00e9l\u00e9vision d&#039;Afrique, qu&#039;a \u00e9t\u00e9 construite la premi\u00e8re universit\u00e9 du Nigeria, le premier gratte-ciel du pays, l&#039;Universit\u00e9 d&#039;Ibadan, et que la Cocoa House a ouvert ses portes en 1965. Voici un guide pour r\u00e9server vos billets de bus d&#039;Abuja \u00e0 Ibadan\u00a0:<\/p>\n<h2>Billets de bus, itin\u00e9raires, horaires et tarifs (FAQ) pour le trajet Abuja-Ibadan<\/h2>\n<h3>Le bus Abjua-Ibadan est-il un moyen abordable de se rendre \u00e0 Ibadan\u00a0?<\/h3>\n<p>Le moyen le plus \u00e9conomique de se rendre \u00e0 Ibadan est de prendre une navette et un bus d&#039;Abuja \u00e0 Ibadan. Les billets de bus bon march\u00e9 d&#039;Abuja \u00e0 Ibadan ($36 \u2013 $40) permettent un trajet d&#039;environ 16 h 30.<\/p>\n<h3>Quelle est la distance parcourue en bus d&#039;Abuja \u00e0 Ibadan\u00a0?<\/h3>\n<p>La distance parcourue en bus d&#039;Abuja \u00e0 Ibadan est de 438 km.<\/p>\n<h3>Comment puis-je me rendre d&#039;Abuja \u00e0 Ibadan sans v\u00e9hicule personnel ?<\/h3>\n<p>Le meilleur moyen de se rendre d&#039;Abuja \u00e0 Ibadan sans v\u00e9hicule personnel est le bus. Le tarif est de $36 \u00e0 $40 et le trajet dure 16 h 30.<\/p>\n<h2>Conseils pour r\u00e9server des billets de bus d&#039;Abuja \u00e0 Ibadan<\/h2>\n<p>Lieux \u00e0 visiter:<\/p>\n<h3>Maison du cacao<\/h3>\n<p>Ce symbole d&#039;histoire et de pouvoir politique du sud-ouest du Nigeria a \u00e9t\u00e9 construit sous l&#039;administration du chef Obafemi Awolowo, alors dirigeant de l&#039;ancien \u00c9tat de l&#039;Ouest du Nigeria. Inaugur\u00e9 en ao\u00fbt 1965, il \u00e9tait \u00e0 l&#039;\u00e9poque le plus haut b\u00e2timent d&#039;Afrique tropicale.<\/p>\n<h3>Tour comm\u00e9morative Bower<\/h3>\n<p>La tour Bower a \u00e9t\u00e9 construite dans la capitale Robert Lister, nomm\u00e9 par l&#039;administration britannique pour administrer la ville d&#039;Ibadan entre 1893 et 1897. La tour mesure soixante pieds de haut et onze pieds de c\u00f4t\u00e9, avec 2 entr\u00e9es et un escalier en colima\u00e7on qui m\u00e8ne au sommet de la tour.<\/p>","protected":false},"excerpt":{"rendered":"<p>Cheap Bus Tickets from\u00a0Abuja to Ibadan\u00a0Online Booking Discover your travel route on web, mobile or app and book cheap bus ticket from Abuja to Ibadan online now. Do cheap bus from Abuja to Ibadan bus online booking\u00a0and save time and money.\u00a0lbadan is the 3rd most populous city in Nigeria after Kano and Lagos, with a [&hellip;]<\/p>\n","protected":false},"author":1,"featured_media":13999,"parent":0,"menu_order":0,"comment_status":"open","ping_status":"closed","template":"template-home-modern.php","meta":{"footnotes":""},"class_list":["post-11411","page","type-page","status-publish","has-post-thumbnail","hentry"],"yoast_head":"<!-- This site is optimized with the Yoast SEO plugin v27.3 - https:\/\/yoast.com\/product\/yoast-seo-wordpress\/ -->\n<title>Bus from Abuja to Ibadan Bus Tickets, Routes, Schedules &amp; Fares<\/title>\n<meta name=\"description\" content=\"Looking for bus from\u00a0Abuja to Ibadan bus tickets booking app, routes, schedules &amp; fares? Book cheap bus tickets from Abuja to Ibadan online\" \/>\n<meta name=\"robots\" content=\"index, follow, max-snippet:-1, max-image-preview:large, max-video-preview:-1\" \/>\n<link rel=\"canonical\" href=\"https:\/\/tiketi.com\/fr-fr\/online-bus-tickets-from-abuja-to-ibadan\/\" \/>\n<meta property=\"og:locale\" content=\"fr_FR\" \/>\n<meta property=\"og:type\" content=\"article\" \/>\n<meta property=\"og:title\" content=\"Bus from Abuja to Ibadan Bus Tickets, Routes, Schedules &amp; Fares\" \/>\n<meta property=\"og:description\" content=\"Looking for bus from\u00a0Abuja to Ibadan bus tickets booking app, routes, schedules &amp; fares? Book cheap bus tickets from Abuja to Ibadan online\" \/>\n<meta property=\"og:url\" content=\"https:\/\/tiketi.com\/fr-fr\/online-bus-tickets-from-abuja-to-ibadan\/\" \/>\n<meta property=\"og:site_name\" content=\"Tiketi.com\" \/>\n<meta property=\"article:publisher\" content=\"https:\/\/www.facebook.com\/TiketiCom\/\" \/>\n<meta property=\"article:modified_time\" content=\"2022-01-26T16:38:33+00:00\" \/>\n<meta property=\"og:image\" content=\"https:\/\/tiketi.com\/wp-content\/uploads\/2022\/01\/bus-ticket-online-booking.jpg\" \/>\n\t<meta property=\"og:image:width\" content=\"1200\" \/>\n\t<meta property=\"og:image:height\" content=\"206\" \/>\n\t<meta property=\"og:image:type\" content=\"image\/jpeg\" \/>\n<meta name=\"twitter:card\" content=\"summary_large_image\" \/>\n<meta name=\"twitter:label1\" content=\"Dur\u00e9e de lecture estim\u00e9e\" \/>\n\t<meta name=\"twitter:data1\" content=\"2 minutes\" \/>\n<script type=\"application\/ld+json\" class=\"yoast-schema-graph\">{\"@context\":\"https:\\\/\\\/schema.org\",\"@graph\":[{\"@type\":\"WebPage\",\"@id\":\"https:\\\/\\\/tiketi.com\\\/online-bus-tickets-from-abuja-to-ibadan\\\/\",\"url\":\"https:\\\/\\\/tiketi.com\\\/online-bus-tickets-from-abuja-to-ibadan\\\/\",\"name\":\"Bus from Abuja to Ibadan Bus Tickets, Routes, Schedules & Fares\",\"isPartOf\":{\"@id\":\"https:\\\/\\\/tiketi.com\\\/#website\"},\"primaryImageOfPage\":{\"@id\":\"https:\\\/\\\/tiketi.com\\\/online-bus-tickets-from-abuja-to-ibadan\\\/#primaryimage\"},\"image\":{\"@id\":\"https:\\\/\\\/tiketi.com\\\/online-bus-tickets-from-abuja-to-ibadan\\\/#primaryimage\"},\"thumbnailUrl\":\"https:\\\/\\\/tiketi.com\\\/wp-content\\\/uploads\\\/2022\\\/01\\\/bus-ticket-online-booking.jpg\",\"datePublished\":\"2022-01-19T11:54:38+00:00\",\"dateModified\":\"2022-01-26T16:38:33+00:00\",\"description\":\"Looking for bus from\u00a0Abuja to Ibadan bus tickets booking app, routes, schedules & fares? Book cheap bus tickets from Abuja to Ibadan online\",\"breadcrumb\":{\"@id\":\"https:\\\/\\\/tiketi.com\\\/online-bus-tickets-from-abuja-to-ibadan\\\/#breadcrumb\"},\"inLanguage\":\"fr-FR\",\"potentialAction\":[{\"@type\":\"ReadAction\",\"target\":[\"https:\\\/\\\/tiketi.com\\\/online-bus-tickets-from-abuja-to-ibadan\\\/\"]}]},{\"@type\":\"ImageObject\",\"inLanguage\":\"fr-FR\",\"@id\":\"https:\\\/\\\/tiketi.com\\\/online-bus-tickets-from-abuja-to-ibadan\\\/#primaryimage\",\"url\":\"https:\\\/\\\/tiketi.com\\\/wp-content\\\/uploads\\\/2022\\\/01\\\/bus-ticket-online-booking.jpg\",\"contentUrl\":\"https:\\\/\\\/tiketi.com\\\/wp-content\\\/uploads\\\/2022\\\/01\\\/bus-ticket-online-booking.jpg\",\"width\":1200,\"height\":206,\"caption\":\"Online Bus Ticket Booking\"},{\"@type\":\"BreadcrumbList\",\"@id\":\"https:\\\/\\\/tiketi.com\\\/online-bus-tickets-from-abuja-to-ibadan\\\/#breadcrumb\",\"itemListElement\":[{\"@type\":\"ListItem\",\"position\":1,\"name\":\"Home\",\"item\":\"https:\\\/\\\/tiketi.com\\\/\"},{\"@type\":\"ListItem\",\"position\":2,\"name\":\"Bus from Abuja to Ibadan, Bus Tickets, Routes, Schedules &#038; Fares\"}]},{\"@type\":\"WebSite\",\"@id\":\"https:\\\/\\\/tiketi.com\\\/#website\",\"url\":\"https:\\\/\\\/tiketi.com\\\/\",\"name\":\"Flight & Bus Tickets, Tour Packages & Activitites - Tiketi.com\",\"description\":\"Flight &amp; Bus Tickets, Tours, Activitites\",\"publisher\":{\"@id\":\"https:\\\/\\\/tiketi.com\\\/#organization\"},\"potentialAction\":[{\"@type\":\"SearchAction\",\"target\":{\"@type\":\"EntryPoint\",\"urlTemplate\":\"https:\\\/\\\/tiketi.com\\\/?s={search_term_string}\"},\"query-input\":{\"@type\":\"PropertyValueSpecification\",\"valueRequired\":true,\"valueName\":\"search_term_string\"}}],\"inLanguage\":\"fr-FR\"},{\"@type\":\"Organization\",\"@id\":\"https:\\\/\\\/tiketi.com\\\/#organization\",\"name\":\"Tiketi.com\",\"alternateName\":\"Tiketi\",\"url\":\"https:\\\/\\\/tiketi.com\\\/\",\"logo\":{\"@type\":\"ImageObject\",\"inLanguage\":\"fr-FR\",\"@id\":\"https:\\\/\\\/tiketi.com\\\/#\\\/schema\\\/logo\\\/image\\\/\",\"url\":\"https:\\\/\\\/tiketi.com\\\/wp-content\\\/uploads\\\/2019\\\/05\\\/tiketi-logo-696.png\",\"contentUrl\":\"https:\\\/\\\/tiketi.com\\\/wp-content\\\/uploads\\\/2019\\\/05\\\/tiketi-logo-696.png\",\"width\":696,\"height\":696,\"caption\":\"Tiketi.com\"},\"image\":{\"@id\":\"https:\\\/\\\/tiketi.com\\\/#\\\/schema\\\/logo\\\/image\\\/\"},\"sameAs\":[\"https:\\\/\\\/www.facebook.com\\\/TiketiCom\\\/\"]}]}<\/script>\n<!-- \/ Yoast SEO plugin. -->","yoast_head_json":{"title":"Billets de bus, itin\u00e9raires, horaires et tarifs entre Abuja et Ibadan","description":"Vous cherchez une application pour r\u00e9server des billets de bus entre Abuja et Ibadan\u00a0? Consultez les itin\u00e9raires, les horaires et les tarifs. R\u00e9servez vos billets de bus Abuja-Ibadan \u00e0 petit prix en ligne.","robots":{"index":"index","follow":"follow","max-snippet":"max-snippet:-1","max-image-preview":"max-image-preview:large","max-video-preview":"max-video-preview:-1"},"canonical":"https:\/\/tiketi.com\/fr-fr\/online-bus-tickets-from-abuja-to-ibadan\/","og_locale":"fr_FR","og_type":"article","og_title":"Bus from Abuja to Ibadan Bus Tickets, Routes, Schedules & Fares","og_description":"Looking for bus from\u00a0Abuja to Ibadan bus tickets booking app, routes, schedules & fares? Book cheap bus tickets from Abuja to Ibadan online","og_url":"https:\/\/tiketi.com\/fr-fr\/online-bus-tickets-from-abuja-to-ibadan\/","og_site_name":"Tiketi.com","article_publisher":"https:\/\/www.facebook.com\/TiketiCom\/","article_modified_time":"2022-01-26T16:38:33+00:00","og_image":[{"width":1200,"height":206,"url":"https:\/\/tiketi.com\/wp-content\/uploads\/2022\/01\/bus-ticket-online-booking.jpg","type":"image\/jpeg"}],"twitter_card":"summary_large_image","twitter_misc":{"Dur\u00e9e de lecture estim\u00e9e":"2 minutes"},"schema":{"@context":"https:\/\/schema.org","@graph":[{"@type":"WebPage","@id":"https:\/\/tiketi.com\/online-bus-tickets-from-abuja-to-ibadan\/","url":"https:\/\/tiketi.com\/online-bus-tickets-from-abuja-to-ibadan\/","name":"Billets de bus, itin\u00e9raires, horaires et tarifs entre Abuja et Ibadan","isPartOf":{"@id":"https:\/\/tiketi.com\/#website"},"primaryImageOfPage":{"@id":"https:\/\/tiketi.com\/online-bus-tickets-from-abuja-to-ibadan\/#primaryimage"},"image":{"@id":"https:\/\/tiketi.com\/online-bus-tickets-from-abuja-to-ibadan\/#primaryimage"},"thumbnailUrl":"https:\/\/tiketi.com\/wp-content\/uploads\/2022\/01\/bus-ticket-online-booking.jpg","datePublished":"2022-01-19T11:54:38+00:00","dateModified":"2022-01-26T16:38:33+00:00","description":"Vous cherchez une application pour r\u00e9server des billets de bus entre Abuja et Ibadan\u00a0? Consultez les itin\u00e9raires, les horaires et les tarifs. R\u00e9servez vos billets de bus Abuja-Ibadan \u00e0 petit prix en ligne.","breadcrumb":{"@id":"https:\/\/tiketi.com\/online-bus-tickets-from-abuja-to-ibadan\/#breadcrumb"},"inLanguage":"fr-FR","potentialAction":[{"@type":"ReadAction","target":["https:\/\/tiketi.com\/online-bus-tickets-from-abuja-to-ibadan\/"]}]},{"@type":"ImageObject","inLanguage":"fr-FR","@id":"https:\/\/tiketi.com\/online-bus-tickets-from-abuja-to-ibadan\/#primaryimage","url":"https:\/\/tiketi.com\/wp-content\/uploads\/2022\/01\/bus-ticket-online-booking.jpg","contentUrl":"https:\/\/tiketi.com\/wp-content\/uploads\/2022\/01\/bus-ticket-online-booking.jpg","width":1200,"height":206,"caption":"Online Bus Ticket Booking"},{"@type":"BreadcrumbList","@id":"https:\/\/tiketi.com\/online-bus-tickets-from-abuja-to-ibadan\/#breadcrumb","itemListElement":[{"@type":"ListItem","position":1,"name":"Home","item":"https:\/\/tiketi.com\/"},{"@type":"ListItem","position":2,"name":"Bus from Abuja to Ibadan, Bus Tickets, Routes, Schedules &#038; Fares"}]},{"@type":"WebSite","@id":"https:\/\/tiketi.com\/#website","url":"https:\/\/tiketi.com\/","name":"Billets d&#039;avion et de bus, forfaits touristiques et activit\u00e9s - Tiketi.com","description":"Billets d&#039;avion et de bus, Tours, Activit\u00e9s","publisher":{"@id":"https:\/\/tiketi.com\/#organization"},"potentialAction":[{"@type":"SearchAction","target":{"@type":"EntryPoint","urlTemplate":"https:\/\/tiketi.com\/?s={search_term_string}"},"query-input":{"@type":"PropertyValueSpecification","valueRequired":true,"valueName":"search_term_string"}}],"inLanguage":"fr-FR"},{"@type":"Organization","@id":"https:\/\/tiketi.com\/#organization","name":"Tiketi.com","alternateName":"Tiketi","url":"https:\/\/tiketi.com\/","logo":{"@type":"ImageObject","inLanguage":"fr-FR","@id":"https:\/\/tiketi.com\/#\/schema\/logo\/image\/","url":"https:\/\/tiketi.com\/wp-content\/uploads\/2019\/05\/tiketi-logo-696.png","contentUrl":"https:\/\/tiketi.com\/wp-content\/uploads\/2019\/05\/tiketi-logo-696.png","width":696,"height":696,"caption":"Tiketi.com"},"image":{"@id":"https:\/\/tiketi.com\/#\/schema\/logo\/image\/"},"sameAs":["https:\/\/www.facebook.com\/TiketiCom\/"]}]}},"_links":{"self":[{"href":"https:\/\/tiketi.com\/fr-fr\/wp-json\/wp\/v2\/pages\/11411","targetHints":{"allow":["GET"]}}],"collection":[{"href":"https:\/\/tiketi.com\/fr-fr\/wp-json\/wp\/v2\/pages"}],"about":[{"href":"https:\/\/tiketi.com\/fr-fr\/wp-json\/wp\/v2\/types\/page"}],"author":[{"embeddable":true,"href":"https:\/\/tiketi.com\/fr-fr\/wp-json\/wp\/v2\/users\/1"}],"replies":[{"embeddable":true,"href":"https:\/\/tiketi.com\/fr-fr\/wp-json\/wp\/v2\/comments?post=11411"}],"version-history":[{"count":0,"href":"https:\/\/tiketi.com\/fr-fr\/wp-json\/wp\/v2\/pages\/11411\/revisions"}],"wp:featuredmedia":[{"embeddable":true,"href":"https:\/\/tiketi.com\/fr-fr\/wp-json\/wp\/v2\/media\/13999"}],"wp:attachment":[{"href":"https:\/\/tiketi.com\/fr-fr\/wp-json\/wp\/v2\/media?parent=11411"}],"curies":[{"name":"wp","href":"https:\/\/api.w.org\/{rel}","templated":true}]}}