{"id":11412,"date":"2022-01-19T12:54:38","date_gmt":"2022-01-19T11:54:38","guid":{"rendered":"https:\/\/new.tiketi.com\/bus-from-abuja-to-enugu-bus-tickets-routes-schedules-fares\/"},"modified":"2022-01-26T17:40:46","modified_gmt":"2022-01-26T16:40:46","slug":"bus-from-abuja-to-enugu-bus-tickets-routes-schedules-fares","status":"publish","type":"page","link":"https:\/\/tiketi.com\/fr-fr\/bus-from-abuja-to-enugu-bus-tickets-routes-schedules-fares\/","title":{"rendered":"Bus de Abuja \u00e0 Enugu, billets de bus, itin\u00e9raires, horaires et tarifs"},"content":{"rendered":"<h2><span style=\"color: revert; font-size: revert; font-weight: revert;\">Billets de bus pas chers de Abuja \u00e0 Enugu R\u00e9servation en ligne<\/span><\/h2>\n<h3>D\u00e9couvrez votre itin\u00e9raire sur le web, le mobile ou l&#039;application et r\u00e9servez en ligne maintenant un billet de bus pas cher de Abuja \u00e0 Enugu.<\/h3>\n<p>R\u00e9servez en ligne un bus pas cher de Abuja \u00e0 Enugu et \u00e9conomisez du temps et de l&#039;argent. Enugu, la ville charbonni\u00e8re est r\u00e9put\u00e9e pour ses plaisirs incroyables, sa riche diversit\u00e9 culturelle et ses vues magnifiques. Envisagez-vous de visiter pour les loisirs, une passerelle familiale ou cherchez-vous \u00e0 voir les meilleures attractions apr\u00e8s votre visite d&#039;affaires en ville? Voici le guide sur la fa\u00e7on de r\u00e9server des billets de bus d&#039;Abuja \u00e0 Enugu :<\/p>\n<h2>Bus de Abuja \u00e0 Enugu FAQ sur les billets de bus, les itin\u00e9raires, les horaires et les tarifs<\/h2>\n<h3>Quel est le moyen abordable pour se rendre de Abuja \u00e0 Enugu ?<\/h3>\n<p>Le moyen abordable de se rendre \u00e0 Enugu est de prendre une navette et bus Abuja \u00e0 Enugu ce qui co\u00fbte $18 \u2013 $20 et prend 6h 55m.<\/p>\n<h3>Quelle est la distance du trajet de bus Abuja \u00e0 Enugu ?<\/h3>\n<p>La distance du trajet de bus Abuja \u00e0 Enugu est de 291 km.<\/p>\n<h3>Puis-je conduire de Abuja \u00e0 Enugu ?<\/h3>\n<p>Oui, la distance entre Enugu et Abuja est de 438 km. il faut 6h 55m pour conduire de Abuja \u00e0 Enugu.<\/p>\n<h3>Quel est le moyen le plus rapide pour se rendre de Abuja \u00e0 Enugu ?<\/h3>\n<p>Le moyen le plus rapide pour se rendre de Abuja \u00e0 Enugu est de prendre un taxi et avion ce qui co\u00fbte $140 \u2013 $210 et prend 4h 25m.<\/p>\n<h2>R\u00e9servez des billets de bus de Abuja \u00e0 Enugu<\/h2>\n<p>L&#039;\u00c9tat d&#039;Enugu est un d\u00e9lice pour les visiteurs, avec de tr\u00e8s anciennes reliques historiques, plusieurs lieux de loisirs et un art et un artisanat charmants. Les gens sont hospitaliers et amicaux, il y a plus qu&#039;assez d&#039;endroits incroyables pour les activit\u00e9s professionnelles et les loisirs.<\/p>\n<p>Lieux \u00e0 visiter:<\/p>\n<h3>Collines laiteuses<\/h3>\n<p>Les collines Milken situ\u00e9es \u00e0 Ngwo \u00e0 Engu North LGA ont \u00e9t\u00e9 nomm\u00e9es d&#039;apr\u00e8s l&#039;un des premiers administrateurs coloniaux d&#039;Enugu. La colline offre une vue imprenable sur la m\u00e9tropole d&#039;Enugu principalement \u00e0 l&#039;aube et au cr\u00e9puscule.<\/p>\n<h3>Complexe touristique Ezeagu<\/h3>\n<p>Le complexe Ezeagu est l&#039;une des grandes attractions d&#039;Engu. Avec une grotte de trois kilom\u00e8tres, une cascade, des lacs ainsi qu&#039;une source froide et chaude, le complexe de visiteurs d&#039;Ezeagu est le meilleur endroit pour les pique-niques et de nombreuses activit\u00e9s de loisirs.<\/p>\n<h3>Complexe touristique Ezeagu<\/h3>\n<p>Le complexe Ezeagu est l&#039;une des grandes attractions d&#039;Enugu. Avec une grotte de trois kilom\u00e8tres, une cascade, des lacs ainsi qu&#039;une source froide et chaude.<\/p>","protected":false},"excerpt":{"rendered":"<p>Cheap Bus Tickets from Abuja to Enugu Online Booking Discover your travel route on web, mobile or app and book cheap bus ticket from Abuja to Enugu online now. Book cheap bus from Abuja to Enugu bus online booking and save time and money.\u00a0Enugu, the coal city is renowned for its amazing pleasures, rich cultural [&hellip;]<\/p>\n","protected":false},"author":1,"featured_media":13999,"parent":0,"menu_order":0,"comment_status":"open","ping_status":"closed","template":"template-home-modern.php","meta":{"footnotes":""},"class_list":["post-11412","page","type-page","status-publish","has-post-thumbnail","hentry"],"yoast_head":"<!-- This site is optimized with the Yoast SEO plugin v27.3 - https:\/\/yoast.com\/product\/yoast-seo-wordpress\/ -->\n<title>Bus from Abuja to Enugu Bus Tickets, Routes, Schedules &amp; Fares<\/title>\n<meta name=\"description\" content=\"Looking for bus from\u00a0Abuja to Enugu bus ticket booking app, routes, schedules &amp; fares? Book cheap bus tickets from Abuja to Enugu online now\" \/>\n<meta name=\"robots\" content=\"index, follow, max-snippet:-1, max-image-preview:large, max-video-preview:-1\" \/>\n<link rel=\"canonical\" href=\"https:\/\/tiketi.com\/fr-fr\/bus-from-abuja-to-enugu-bus-tickets-routes-schedules-fares\/\" \/>\n<meta property=\"og:locale\" content=\"fr_FR\" \/>\n<meta property=\"og:type\" content=\"article\" \/>\n<meta property=\"og:title\" content=\"Bus from Abuja to Enugu Bus Tickets, Routes, Schedules &amp; Fares\" \/>\n<meta property=\"og:description\" content=\"Looking for bus from\u00a0Abuja to Enugu bus ticket booking app, routes, schedules &amp; fares? Book cheap bus tickets from Abuja to Enugu online now\" \/>\n<meta property=\"og:url\" content=\"https:\/\/tiketi.com\/fr-fr\/bus-from-abuja-to-enugu-bus-tickets-routes-schedules-fares\/\" \/>\n<meta property=\"og:site_name\" content=\"Tiketi.com\" \/>\n<meta property=\"article:publisher\" content=\"https:\/\/www.facebook.com\/TiketiCom\/\" \/>\n<meta property=\"article:modified_time\" content=\"2022-01-26T16:40:46+00:00\" \/>\n<meta property=\"og:image\" content=\"https:\/\/tiketi.com\/wp-content\/uploads\/2022\/01\/bus-ticket-online-booking.jpg\" \/>\n\t<meta property=\"og:image:width\" content=\"1200\" \/>\n\t<meta property=\"og:image:height\" content=\"206\" \/>\n\t<meta property=\"og:image:type\" content=\"image\/jpeg\" \/>\n<meta name=\"twitter:card\" content=\"summary_large_image\" \/>\n<meta name=\"twitter:label1\" content=\"Dur\u00e9e de lecture estim\u00e9e\" \/>\n\t<meta name=\"twitter:data1\" content=\"2 minutes\" \/>\n<script type=\"application\/ld+json\" class=\"yoast-schema-graph\">{\"@context\":\"https:\\\/\\\/schema.org\",\"@graph\":[{\"@type\":\"WebPage\",\"@id\":\"https:\\\/\\\/tiketi.com\\\/bus-from-abuja-to-enugu-bus-tickets-routes-schedules-fares\\\/\",\"url\":\"https:\\\/\\\/tiketi.com\\\/bus-from-abuja-to-enugu-bus-tickets-routes-schedules-fares\\\/\",\"name\":\"Bus from Abuja to Enugu Bus Tickets, Routes, Schedules & Fares\",\"isPartOf\":{\"@id\":\"https:\\\/\\\/tiketi.com\\\/#website\"},\"primaryImageOfPage\":{\"@id\":\"https:\\\/\\\/tiketi.com\\\/bus-from-abuja-to-enugu-bus-tickets-routes-schedules-fares\\\/#primaryimage\"},\"image\":{\"@id\":\"https:\\\/\\\/tiketi.com\\\/bus-from-abuja-to-enugu-bus-tickets-routes-schedules-fares\\\/#primaryimage\"},\"thumbnailUrl\":\"https:\\\/\\\/tiketi.com\\\/wp-content\\\/uploads\\\/2022\\\/01\\\/bus-ticket-online-booking.jpg\",\"datePublished\":\"2022-01-19T11:54:38+00:00\",\"dateModified\":\"2022-01-26T16:40:46+00:00\",\"description\":\"Looking for bus from\u00a0Abuja to Enugu bus ticket booking app, routes, schedules & fares? Book cheap bus tickets from Abuja to Enugu online now\",\"breadcrumb\":{\"@id\":\"https:\\\/\\\/tiketi.com\\\/bus-from-abuja-to-enugu-bus-tickets-routes-schedules-fares\\\/#breadcrumb\"},\"inLanguage\":\"fr-FR\",\"potentialAction\":[{\"@type\":\"ReadAction\",\"target\":[\"https:\\\/\\\/tiketi.com\\\/bus-from-abuja-to-enugu-bus-tickets-routes-schedules-fares\\\/\"]}]},{\"@type\":\"ImageObject\",\"inLanguage\":\"fr-FR\",\"@id\":\"https:\\\/\\\/tiketi.com\\\/bus-from-abuja-to-enugu-bus-tickets-routes-schedules-fares\\\/#primaryimage\",\"url\":\"https:\\\/\\\/tiketi.com\\\/wp-content\\\/uploads\\\/2022\\\/01\\\/bus-ticket-online-booking.jpg\",\"contentUrl\":\"https:\\\/\\\/tiketi.com\\\/wp-content\\\/uploads\\\/2022\\\/01\\\/bus-ticket-online-booking.jpg\",\"width\":1200,\"height\":206,\"caption\":\"Online Bus Ticket Booking\"},{\"@type\":\"BreadcrumbList\",\"@id\":\"https:\\\/\\\/tiketi.com\\\/bus-from-abuja-to-enugu-bus-tickets-routes-schedules-fares\\\/#breadcrumb\",\"itemListElement\":[{\"@type\":\"ListItem\",\"position\":1,\"name\":\"Home\",\"item\":\"https:\\\/\\\/tiketi.com\\\/\"},{\"@type\":\"ListItem\",\"position\":2,\"name\":\"Bus from Abuja to Enugu, Bus Tickets, Routes, Schedules &#038; Fares\"}]},{\"@type\":\"WebSite\",\"@id\":\"https:\\\/\\\/tiketi.com\\\/#website\",\"url\":\"https:\\\/\\\/tiketi.com\\\/\",\"name\":\"Flight & Bus Tickets, Tour Packages & Activitites - Tiketi.com\",\"description\":\"Flight &amp; Bus Tickets, Tours, Activitites\",\"publisher\":{\"@id\":\"https:\\\/\\\/tiketi.com\\\/#organization\"},\"potentialAction\":[{\"@type\":\"SearchAction\",\"target\":{\"@type\":\"EntryPoint\",\"urlTemplate\":\"https:\\\/\\\/tiketi.com\\\/?s={search_term_string}\"},\"query-input\":{\"@type\":\"PropertyValueSpecification\",\"valueRequired\":true,\"valueName\":\"search_term_string\"}}],\"inLanguage\":\"fr-FR\"},{\"@type\":\"Organization\",\"@id\":\"https:\\\/\\\/tiketi.com\\\/#organization\",\"name\":\"Tiketi.com\",\"alternateName\":\"Tiketi\",\"url\":\"https:\\\/\\\/tiketi.com\\\/\",\"logo\":{\"@type\":\"ImageObject\",\"inLanguage\":\"fr-FR\",\"@id\":\"https:\\\/\\\/tiketi.com\\\/#\\\/schema\\\/logo\\\/image\\\/\",\"url\":\"https:\\\/\\\/tiketi.com\\\/wp-content\\\/uploads\\\/2019\\\/05\\\/tiketi-logo-696.png\",\"contentUrl\":\"https:\\\/\\\/tiketi.com\\\/wp-content\\\/uploads\\\/2019\\\/05\\\/tiketi-logo-696.png\",\"width\":696,\"height\":696,\"caption\":\"Tiketi.com\"},\"image\":{\"@id\":\"https:\\\/\\\/tiketi.com\\\/#\\\/schema\\\/logo\\\/image\\\/\"},\"sameAs\":[\"https:\\\/\\\/www.facebook.com\\\/TiketiCom\\\/\"]}]}<\/script>\n<!-- \/ Yoast SEO plugin. -->","yoast_head_json":{"title":"Bus de Abuja \u00e0 Enugu Billets de bus, itin\u00e9raires, horaires et tarifs","description":"Vous recherchez une application de r\u00e9servation de billets de bus de Abuja \u00e0 Enugu, des itin\u00e9raires, des horaires et des tarifs\u00a0? R\u00e9servez en ligne maintenant des billets de bus \u00e0 bas prix de Abuja \u00e0 Enugu","robots":{"index":"index","follow":"follow","max-snippet":"max-snippet:-1","max-image-preview":"max-image-preview:large","max-video-preview":"max-video-preview:-1"},"canonical":"https:\/\/tiketi.com\/fr-fr\/bus-from-abuja-to-enugu-bus-tickets-routes-schedules-fares\/","og_locale":"fr_FR","og_type":"article","og_title":"Bus from Abuja to Enugu Bus Tickets, Routes, Schedules & Fares","og_description":"Looking for bus from\u00a0Abuja to Enugu bus ticket booking app, routes, schedules & fares? Book cheap bus tickets from Abuja to Enugu online now","og_url":"https:\/\/tiketi.com\/fr-fr\/bus-from-abuja-to-enugu-bus-tickets-routes-schedules-fares\/","og_site_name":"Tiketi.com","article_publisher":"https:\/\/www.facebook.com\/TiketiCom\/","article_modified_time":"2022-01-26T16:40:46+00:00","og_image":[{"width":1200,"height":206,"url":"https:\/\/tiketi.com\/wp-content\/uploads\/2022\/01\/bus-ticket-online-booking.jpg","type":"image\/jpeg"}],"twitter_card":"summary_large_image","twitter_misc":{"Dur\u00e9e de lecture estim\u00e9e":"2 minutes"},"schema":{"@context":"https:\/\/schema.org","@graph":[{"@type":"WebPage","@id":"https:\/\/tiketi.com\/bus-from-abuja-to-enugu-bus-tickets-routes-schedules-fares\/","url":"https:\/\/tiketi.com\/bus-from-abuja-to-enugu-bus-tickets-routes-schedules-fares\/","name":"Bus de Abuja \u00e0 Enugu Billets de bus, itin\u00e9raires, horaires et tarifs","isPartOf":{"@id":"https:\/\/tiketi.com\/#website"},"primaryImageOfPage":{"@id":"https:\/\/tiketi.com\/bus-from-abuja-to-enugu-bus-tickets-routes-schedules-fares\/#primaryimage"},"image":{"@id":"https:\/\/tiketi.com\/bus-from-abuja-to-enugu-bus-tickets-routes-schedules-fares\/#primaryimage"},"thumbnailUrl":"https:\/\/tiketi.com\/wp-content\/uploads\/2022\/01\/bus-ticket-online-booking.jpg","datePublished":"2022-01-19T11:54:38+00:00","dateModified":"2022-01-26T16:40:46+00:00","description":"Vous recherchez une application de r\u00e9servation de billets de bus de Abuja \u00e0 Enugu, des itin\u00e9raires, des horaires et des tarifs\u00a0? R\u00e9servez en ligne maintenant des billets de bus \u00e0 bas prix de Abuja \u00e0 Enugu","breadcrumb":{"@id":"https:\/\/tiketi.com\/bus-from-abuja-to-enugu-bus-tickets-routes-schedules-fares\/#breadcrumb"},"inLanguage":"fr-FR","potentialAction":[{"@type":"ReadAction","target":["https:\/\/tiketi.com\/bus-from-abuja-to-enugu-bus-tickets-routes-schedules-fares\/"]}]},{"@type":"ImageObject","inLanguage":"fr-FR","@id":"https:\/\/tiketi.com\/bus-from-abuja-to-enugu-bus-tickets-routes-schedules-fares\/#primaryimage","url":"https:\/\/tiketi.com\/wp-content\/uploads\/2022\/01\/bus-ticket-online-booking.jpg","contentUrl":"https:\/\/tiketi.com\/wp-content\/uploads\/2022\/01\/bus-ticket-online-booking.jpg","width":1200,"height":206,"caption":"Online Bus Ticket Booking"},{"@type":"BreadcrumbList","@id":"https:\/\/tiketi.com\/bus-from-abuja-to-enugu-bus-tickets-routes-schedules-fares\/#breadcrumb","itemListElement":[{"@type":"ListItem","position":1,"name":"Home","item":"https:\/\/tiketi.com\/"},{"@type":"ListItem","position":2,"name":"Bus from Abuja to Enugu, Bus Tickets, Routes, Schedules &#038; Fares"}]},{"@type":"WebSite","@id":"https:\/\/tiketi.com\/#website","url":"https:\/\/tiketi.com\/","name":"Billets d&#039;avion et de bus, forfaits touristiques et activit\u00e9s - Tiketi.com","description":"Billets d&#039;avion et de bus, Tours, Activit\u00e9s","publisher":{"@id":"https:\/\/tiketi.com\/#organization"},"potentialAction":[{"@type":"SearchAction","target":{"@type":"EntryPoint","urlTemplate":"https:\/\/tiketi.com\/?s={search_term_string}"},"query-input":{"@type":"PropertyValueSpecification","valueRequired":true,"valueName":"search_term_string"}}],"inLanguage":"fr-FR"},{"@type":"Organization","@id":"https:\/\/tiketi.com\/#organization","name":"Tiketi.com","alternateName":"Tiketi","url":"https:\/\/tiketi.com\/","logo":{"@type":"ImageObject","inLanguage":"fr-FR","@id":"https:\/\/tiketi.com\/#\/schema\/logo\/image\/","url":"https:\/\/tiketi.com\/wp-content\/uploads\/2019\/05\/tiketi-logo-696.png","contentUrl":"https:\/\/tiketi.com\/wp-content\/uploads\/2019\/05\/tiketi-logo-696.png","width":696,"height":696,"caption":"Tiketi.com"},"image":{"@id":"https:\/\/tiketi.com\/#\/schema\/logo\/image\/"},"sameAs":["https:\/\/www.facebook.com\/TiketiCom\/"]}]}},"_links":{"self":[{"href":"https:\/\/tiketi.com\/fr-fr\/wp-json\/wp\/v2\/pages\/11412","targetHints":{"allow":["GET"]}}],"collection":[{"href":"https:\/\/tiketi.com\/fr-fr\/wp-json\/wp\/v2\/pages"}],"about":[{"href":"https:\/\/tiketi.com\/fr-fr\/wp-json\/wp\/v2\/types\/page"}],"author":[{"embeddable":true,"href":"https:\/\/tiketi.com\/fr-fr\/wp-json\/wp\/v2\/users\/1"}],"replies":[{"embeddable":true,"href":"https:\/\/tiketi.com\/fr-fr\/wp-json\/wp\/v2\/comments?post=11412"}],"version-history":[{"count":0,"href":"https:\/\/tiketi.com\/fr-fr\/wp-json\/wp\/v2\/pages\/11412\/revisions"}],"wp:featuredmedia":[{"embeddable":true,"href":"https:\/\/tiketi.com\/fr-fr\/wp-json\/wp\/v2\/media\/13999"}],"wp:attachment":[{"href":"https:\/\/tiketi.com\/fr-fr\/wp-json\/wp\/v2\/media?parent=11412"}],"curies":[{"name":"wp","href":"https:\/\/api.w.org\/{rel}","templated":true}]}}