{"id":11413,"date":"2022-01-19T12:54:38","date_gmt":"2022-01-19T11:54:38","guid":{"rendered":"https:\/\/new.tiketi.com\/bus-from-abuja-to-calabar-bus-tickets-routes-schedules-fares\/"},"modified":"2022-01-26T17:43:06","modified_gmt":"2022-01-26T16:43:06","slug":"online-bus-tickets-from-abuja-to-calabar","status":"publish","type":"page","link":"https:\/\/tiketi.com\/fr-fr\/online-bus-tickets-from-abuja-to-calabar\/","title":{"rendered":"Bus de Abuja \u00e0 Calabar, billets de bus, itin\u00e9raires, horaires et tarifs"},"content":{"rendered":"<h2>Billets de bus pas chers de Abuja \u00e0 Calabar R\u00e9servation en ligne<\/h2>\n<h3>D\u00e9couvrez votre itin\u00e9raire sur le web, le mobile ou l&#039;application et r\u00e9servez en ligne maintenant un billet de bus pas cher de Abuja \u00e0 Calabar.<\/h3>\n<p>Faites une r\u00e9servation en ligne de bus pas cher de Abuja \u00e0 Calabar et \u00e9conomisez du temps et de l&#039;argent. Calabar, g\u00e9n\u00e9ralement appel\u00e9e Cannan City, est une ville de l&#039;\u00c9tat de Cross River, dans le sud du Nigeria. Calabar est la capitale de l&#039;\u00c9tat de Cross River. Le vrai nom de Calabar \u00e9tait Akwa Akpa, de la langue Efik. La ville est proche des rivi\u00e8res Calabar et Great Kwa et des ruisseaux Cross River. Calabar est sans doute la plus grande ville touristique d&#039;Afrique de l&#039;Ouest. Voici le guide sur la fa\u00e7on de r\u00e9server des billets de bus d&#039;Abuja \u00e0 Calabar :<\/p>\n<h2>Bus de Abuja \u00e0 Calabar FAQ sur les billets de bus, les itin\u00e9raires, les horaires et les tarifs<\/h2>\n<h3>Quel est le moyen abordable pour se rendre de Abuja \u00e0 Calabar ?<\/h3>\n<p>Le moyen abordable de se rendre \u00e0 Calabar est de prendre une navette et bus Abuja \u00e0 Calabar ce qui co\u00fbte $24 \u2013 $25 et dure 11h 45m.<\/p>\n<h3>Quelle est la distance entre Abuja et Calabar en bus ?<\/h3>\n<p>La distance du trajet de bus Abuja \u00e0 Calabar est de 465 km.<\/p>\n<h3>Avion ou bus Abuja jusqu&#039;\u00e0 Calabar ?<\/h3>\n<p>Le meilleur moyen de se rendre d&#039;Abuja \u00e0 Calabar est de <a href=\"https:\/\/tiketi.com\/fr-fr\/flightst\/\" target=\"_blank\" rel=\"noopener\">voler<\/a> qui dure 2h 50m et co\u00fbte $110 \u2013 $170. Sinon, vous pouvez prendre le bus, billets de bus pas chers de Abuja \u00e0 Calabar $30 \u2013 $45 et dure 20h 30m.<\/p>\n<h3>Puis-je conduire de Abuja \u00e0 Calabar ?<\/h3>\n<p>Oui, la distance entre Calabar et Abuja est de 691 km.<\/p>\n<h2>R\u00e9servez des billets de bus de Abuja \u00e0 Calabar<\/h2>\n<p><strong>Lieux \u00e0 visiter:<\/strong><\/p>\n<h3>Le Mus\u00e9e national<\/h3>\n<p>Aussi appel\u00e9 l&#039;ancien mus\u00e9e de la r\u00e9sidence. Le mus\u00e9e national, qui s&#039;appelait la maison du gouvernement, est une formation pr\u00e9fabriqu\u00e9e en bois de pin rouge scandinave exp\u00e9di\u00e9e du Royaume-Uni en 1884 sur instruction de l&#039;avocat Edward Hewett et \u00e9rig\u00e9e \u00e0 Old Calabar pour faciliter la premi\u00e8re administration britannique.<\/p>\n<h3>Mus\u00e9e de l&#039;esclave<\/h3>\n<p>Situ\u00e9 sur le site d&#039;un entrep\u00f4t de commerce d&#039;esclaves du XVe si\u00e8cle \u00e0 Marina Beach. Le mus\u00e9e d&#039;histoire des esclaves, calabar a \u00e9t\u00e9 cr\u00e9\u00e9 en 2007 et mis en service le 17 mars 2011. C&#039;est une riche source sur les activit\u00e9s de la traite n\u00e9gri\u00e8re qui s\u00e9vissait sur la place de Calabar au XVe si\u00e8cle.<\/p>","protected":false},"excerpt":{"rendered":"<p>Cheap Bus Tickets from\u00a0Abuja to Calabar\u00a0Online Booking Discover your travel route on web, mobile or app and book cheap bus ticket from Abuja to Calabar online now. Do cheap bus from Abuja to Calabar bus online booking and save time and money.\u00a0Calabar generally referred to as Cannan City is a city in Cross River state, [&hellip;]<\/p>\n","protected":false},"author":1,"featured_media":13999,"parent":0,"menu_order":0,"comment_status":"open","ping_status":"closed","template":"template-home-modern.php","meta":{"footnotes":""},"class_list":["post-11413","page","type-page","status-publish","has-post-thumbnail","hentry"],"yoast_head":"<!-- This site is optimized with the Yoast SEO plugin v27.3 - https:\/\/yoast.com\/product\/yoast-seo-wordpress\/ -->\n<title>Bus from Abuja to Calabar Bus Tickets, Routes, Schedules &amp; Fares<\/title>\n<meta name=\"description\" content=\"Looking for bus from\u00a0Abuja to Calabar bus tickets booking app, routes, schedules &amp; fares? Book cheap bus tickets from Abuja to Calabar online\" \/>\n<meta name=\"robots\" content=\"index, follow, max-snippet:-1, max-image-preview:large, max-video-preview:-1\" \/>\n<link rel=\"canonical\" href=\"https:\/\/tiketi.com\/fr-fr\/online-bus-tickets-from-abuja-to-calabar\/\" \/>\n<meta property=\"og:locale\" content=\"fr_FR\" \/>\n<meta property=\"og:type\" content=\"article\" \/>\n<meta property=\"og:title\" content=\"Bus from Abuja to Calabar Bus Tickets, Routes, Schedules &amp; Fares\" \/>\n<meta property=\"og:description\" content=\"Looking for bus from\u00a0Abuja to Calabar bus tickets booking app, routes, schedules &amp; fares? Book cheap bus tickets from Abuja to Calabar online\" \/>\n<meta property=\"og:url\" content=\"https:\/\/tiketi.com\/fr-fr\/online-bus-tickets-from-abuja-to-calabar\/\" \/>\n<meta property=\"og:site_name\" content=\"Tiketi.com\" \/>\n<meta property=\"article:publisher\" content=\"https:\/\/www.facebook.com\/TiketiCom\/\" \/>\n<meta property=\"article:modified_time\" content=\"2022-01-26T16:43:06+00:00\" \/>\n<meta property=\"og:image\" content=\"https:\/\/tiketi.com\/wp-content\/uploads\/2022\/01\/bus-ticket-online-booking.jpg\" \/>\n\t<meta property=\"og:image:width\" content=\"1200\" \/>\n\t<meta property=\"og:image:height\" content=\"206\" \/>\n\t<meta property=\"og:image:type\" content=\"image\/jpeg\" \/>\n<meta name=\"twitter:card\" content=\"summary_large_image\" \/>\n<meta name=\"twitter:label1\" content=\"Dur\u00e9e de lecture estim\u00e9e\" \/>\n\t<meta name=\"twitter:data1\" content=\"2 minutes\" \/>\n<script type=\"application\/ld+json\" class=\"yoast-schema-graph\">{\"@context\":\"https:\\\/\\\/schema.org\",\"@graph\":[{\"@type\":\"WebPage\",\"@id\":\"https:\\\/\\\/tiketi.com\\\/online-bus-tickets-from-abuja-to-calabar\\\/\",\"url\":\"https:\\\/\\\/tiketi.com\\\/online-bus-tickets-from-abuja-to-calabar\\\/\",\"name\":\"Bus from Abuja to Calabar Bus Tickets, Routes, Schedules & Fares\",\"isPartOf\":{\"@id\":\"https:\\\/\\\/tiketi.com\\\/#website\"},\"primaryImageOfPage\":{\"@id\":\"https:\\\/\\\/tiketi.com\\\/online-bus-tickets-from-abuja-to-calabar\\\/#primaryimage\"},\"image\":{\"@id\":\"https:\\\/\\\/tiketi.com\\\/online-bus-tickets-from-abuja-to-calabar\\\/#primaryimage\"},\"thumbnailUrl\":\"https:\\\/\\\/tiketi.com\\\/wp-content\\\/uploads\\\/2022\\\/01\\\/bus-ticket-online-booking.jpg\",\"datePublished\":\"2022-01-19T11:54:38+00:00\",\"dateModified\":\"2022-01-26T16:43:06+00:00\",\"description\":\"Looking for bus from\u00a0Abuja to Calabar bus tickets booking app, routes, schedules & fares? Book cheap bus tickets from Abuja to Calabar online\",\"breadcrumb\":{\"@id\":\"https:\\\/\\\/tiketi.com\\\/online-bus-tickets-from-abuja-to-calabar\\\/#breadcrumb\"},\"inLanguage\":\"fr-FR\",\"potentialAction\":[{\"@type\":\"ReadAction\",\"target\":[\"https:\\\/\\\/tiketi.com\\\/online-bus-tickets-from-abuja-to-calabar\\\/\"]}]},{\"@type\":\"ImageObject\",\"inLanguage\":\"fr-FR\",\"@id\":\"https:\\\/\\\/tiketi.com\\\/online-bus-tickets-from-abuja-to-calabar\\\/#primaryimage\",\"url\":\"https:\\\/\\\/tiketi.com\\\/wp-content\\\/uploads\\\/2022\\\/01\\\/bus-ticket-online-booking.jpg\",\"contentUrl\":\"https:\\\/\\\/tiketi.com\\\/wp-content\\\/uploads\\\/2022\\\/01\\\/bus-ticket-online-booking.jpg\",\"width\":1200,\"height\":206,\"caption\":\"Online Bus Ticket Booking\"},{\"@type\":\"BreadcrumbList\",\"@id\":\"https:\\\/\\\/tiketi.com\\\/online-bus-tickets-from-abuja-to-calabar\\\/#breadcrumb\",\"itemListElement\":[{\"@type\":\"ListItem\",\"position\":1,\"name\":\"Home\",\"item\":\"https:\\\/\\\/tiketi.com\\\/\"},{\"@type\":\"ListItem\",\"position\":2,\"name\":\"Bus from Abuja to Calabar, Bus Tickets, Routes, Schedules &#038; Fares\"}]},{\"@type\":\"WebSite\",\"@id\":\"https:\\\/\\\/tiketi.com\\\/#website\",\"url\":\"https:\\\/\\\/tiketi.com\\\/\",\"name\":\"Flight & Bus Tickets, Tour Packages & Activitites - Tiketi.com\",\"description\":\"Flight &amp; Bus Tickets, Tours, Activitites\",\"publisher\":{\"@id\":\"https:\\\/\\\/tiketi.com\\\/#organization\"},\"potentialAction\":[{\"@type\":\"SearchAction\",\"target\":{\"@type\":\"EntryPoint\",\"urlTemplate\":\"https:\\\/\\\/tiketi.com\\\/?s={search_term_string}\"},\"query-input\":{\"@type\":\"PropertyValueSpecification\",\"valueRequired\":true,\"valueName\":\"search_term_string\"}}],\"inLanguage\":\"fr-FR\"},{\"@type\":\"Organization\",\"@id\":\"https:\\\/\\\/tiketi.com\\\/#organization\",\"name\":\"Tiketi.com\",\"alternateName\":\"Tiketi\",\"url\":\"https:\\\/\\\/tiketi.com\\\/\",\"logo\":{\"@type\":\"ImageObject\",\"inLanguage\":\"fr-FR\",\"@id\":\"https:\\\/\\\/tiketi.com\\\/#\\\/schema\\\/logo\\\/image\\\/\",\"url\":\"https:\\\/\\\/tiketi.com\\\/wp-content\\\/uploads\\\/2019\\\/05\\\/tiketi-logo-696.png\",\"contentUrl\":\"https:\\\/\\\/tiketi.com\\\/wp-content\\\/uploads\\\/2019\\\/05\\\/tiketi-logo-696.png\",\"width\":696,\"height\":696,\"caption\":\"Tiketi.com\"},\"image\":{\"@id\":\"https:\\\/\\\/tiketi.com\\\/#\\\/schema\\\/logo\\\/image\\\/\"},\"sameAs\":[\"https:\\\/\\\/www.facebook.com\\\/TiketiCom\\\/\"]}]}<\/script>\n<!-- \/ Yoast SEO plugin. -->","yoast_head_json":{"title":"Bus de Abuja \u00e0 Calabar Billets de bus, itin\u00e9raires, horaires et tarifs","description":"Vous recherchez une application de r\u00e9servation de billets de bus de Abuja \u00e0 Calabar, des itin\u00e9raires, des horaires et des tarifs\u00a0? R\u00e9servez en ligne des billets de bus \u00e0 bas prix de Abuja \u00e0 Calabar","robots":{"index":"index","follow":"follow","max-snippet":"max-snippet:-1","max-image-preview":"max-image-preview:large","max-video-preview":"max-video-preview:-1"},"canonical":"https:\/\/tiketi.com\/fr-fr\/online-bus-tickets-from-abuja-to-calabar\/","og_locale":"fr_FR","og_type":"article","og_title":"Bus from Abuja to Calabar Bus Tickets, Routes, Schedules & Fares","og_description":"Looking for bus from\u00a0Abuja to Calabar bus tickets booking app, routes, schedules & fares? Book cheap bus tickets from Abuja to Calabar online","og_url":"https:\/\/tiketi.com\/fr-fr\/online-bus-tickets-from-abuja-to-calabar\/","og_site_name":"Tiketi.com","article_publisher":"https:\/\/www.facebook.com\/TiketiCom\/","article_modified_time":"2022-01-26T16:43:06+00:00","og_image":[{"width":1200,"height":206,"url":"https:\/\/tiketi.com\/wp-content\/uploads\/2022\/01\/bus-ticket-online-booking.jpg","type":"image\/jpeg"}],"twitter_card":"summary_large_image","twitter_misc":{"Dur\u00e9e de lecture estim\u00e9e":"2 minutes"},"schema":{"@context":"https:\/\/schema.org","@graph":[{"@type":"WebPage","@id":"https:\/\/tiketi.com\/online-bus-tickets-from-abuja-to-calabar\/","url":"https:\/\/tiketi.com\/online-bus-tickets-from-abuja-to-calabar\/","name":"Bus de Abuja \u00e0 Calabar Billets de bus, itin\u00e9raires, horaires et tarifs","isPartOf":{"@id":"https:\/\/tiketi.com\/#website"},"primaryImageOfPage":{"@id":"https:\/\/tiketi.com\/online-bus-tickets-from-abuja-to-calabar\/#primaryimage"},"image":{"@id":"https:\/\/tiketi.com\/online-bus-tickets-from-abuja-to-calabar\/#primaryimage"},"thumbnailUrl":"https:\/\/tiketi.com\/wp-content\/uploads\/2022\/01\/bus-ticket-online-booking.jpg","datePublished":"2022-01-19T11:54:38+00:00","dateModified":"2022-01-26T16:43:06+00:00","description":"Vous recherchez une application de r\u00e9servation de billets de bus de Abuja \u00e0 Calabar, des itin\u00e9raires, des horaires et des tarifs\u00a0? R\u00e9servez en ligne des billets de bus \u00e0 bas prix de Abuja \u00e0 Calabar","breadcrumb":{"@id":"https:\/\/tiketi.com\/online-bus-tickets-from-abuja-to-calabar\/#breadcrumb"},"inLanguage":"fr-FR","potentialAction":[{"@type":"ReadAction","target":["https:\/\/tiketi.com\/online-bus-tickets-from-abuja-to-calabar\/"]}]},{"@type":"ImageObject","inLanguage":"fr-FR","@id":"https:\/\/tiketi.com\/online-bus-tickets-from-abuja-to-calabar\/#primaryimage","url":"https:\/\/tiketi.com\/wp-content\/uploads\/2022\/01\/bus-ticket-online-booking.jpg","contentUrl":"https:\/\/tiketi.com\/wp-content\/uploads\/2022\/01\/bus-ticket-online-booking.jpg","width":1200,"height":206,"caption":"Online Bus Ticket Booking"},{"@type":"BreadcrumbList","@id":"https:\/\/tiketi.com\/online-bus-tickets-from-abuja-to-calabar\/#breadcrumb","itemListElement":[{"@type":"ListItem","position":1,"name":"Home","item":"https:\/\/tiketi.com\/"},{"@type":"ListItem","position":2,"name":"Bus from Abuja to Calabar, Bus Tickets, Routes, Schedules &#038; Fares"}]},{"@type":"WebSite","@id":"https:\/\/tiketi.com\/#website","url":"https:\/\/tiketi.com\/","name":"Billets d&#039;avion et de bus, forfaits touristiques et activit\u00e9s - Tiketi.com","description":"Billets d&#039;avion et de bus, Tours, Activit\u00e9s","publisher":{"@id":"https:\/\/tiketi.com\/#organization"},"potentialAction":[{"@type":"SearchAction","target":{"@type":"EntryPoint","urlTemplate":"https:\/\/tiketi.com\/?s={search_term_string}"},"query-input":{"@type":"PropertyValueSpecification","valueRequired":true,"valueName":"search_term_string"}}],"inLanguage":"fr-FR"},{"@type":"Organization","@id":"https:\/\/tiketi.com\/#organization","name":"Tiketi.com","alternateName":"Tiketi","url":"https:\/\/tiketi.com\/","logo":{"@type":"ImageObject","inLanguage":"fr-FR","@id":"https:\/\/tiketi.com\/#\/schema\/logo\/image\/","url":"https:\/\/tiketi.com\/wp-content\/uploads\/2019\/05\/tiketi-logo-696.png","contentUrl":"https:\/\/tiketi.com\/wp-content\/uploads\/2019\/05\/tiketi-logo-696.png","width":696,"height":696,"caption":"Tiketi.com"},"image":{"@id":"https:\/\/tiketi.com\/#\/schema\/logo\/image\/"},"sameAs":["https:\/\/www.facebook.com\/TiketiCom\/"]}]}},"_links":{"self":[{"href":"https:\/\/tiketi.com\/fr-fr\/wp-json\/wp\/v2\/pages\/11413","targetHints":{"allow":["GET"]}}],"collection":[{"href":"https:\/\/tiketi.com\/fr-fr\/wp-json\/wp\/v2\/pages"}],"about":[{"href":"https:\/\/tiketi.com\/fr-fr\/wp-json\/wp\/v2\/types\/page"}],"author":[{"embeddable":true,"href":"https:\/\/tiketi.com\/fr-fr\/wp-json\/wp\/v2\/users\/1"}],"replies":[{"embeddable":true,"href":"https:\/\/tiketi.com\/fr-fr\/wp-json\/wp\/v2\/comments?post=11413"}],"version-history":[{"count":0,"href":"https:\/\/tiketi.com\/fr-fr\/wp-json\/wp\/v2\/pages\/11413\/revisions"}],"wp:featuredmedia":[{"embeddable":true,"href":"https:\/\/tiketi.com\/fr-fr\/wp-json\/wp\/v2\/media\/13999"}],"wp:attachment":[{"href":"https:\/\/tiketi.com\/fr-fr\/wp-json\/wp\/v2\/media?parent=11413"}],"curies":[{"name":"wp","href":"https:\/\/api.w.org\/{rel}","templated":true}]}}