{"id":11414,"date":"2022-01-19T12:54:38","date_gmt":"2022-01-19T11:54:38","guid":{"rendered":"https:\/\/new.tiketi.com\/bus-from-abuja-to-benin-city-bus-tickets-routes-schedules-fares\/"},"modified":"2022-01-26T17:45:45","modified_gmt":"2022-01-26T16:45:45","slug":"online-bus-tickets-from-abuja-to-benin-city","status":"publish","type":"page","link":"https:\/\/tiketi.com\/fr-fr\/online-bus-tickets-from-abuja-to-benin-city\/","title":{"rendered":"Bus d&#039;Abuja \u00e0 Benin City, billets de bus, itin\u00e9raire, horaires et tarifs"},"content":{"rendered":"<h2>Billets de bus pas chers de Abuja \u00e0 Benin City R\u00e9servation en ligne<\/h2>\n<h3>D\u00e9couvrez votre itin\u00e9raire de voyage sur le Web, votre mobile ou votre application et r\u00e9servez d\u00e8s maintenant en ligne un billet de bus pas cher d&#039;Abuja \u00e0 Benin City.<\/h3>\n<p>Faites une r\u00e9servation de bus en ligne pas cher d&#039;Abuja \u00e0 Benin City et \u00e9conomisez du temps et de l&#039;argent. Si vous souhaitez explorer l&#039;histoire du B\u00e9nin, un mus\u00e9e \u00e9tonnant et extraordinaire est celui d&#039;Abomey, surnomm\u00e9 la ville royale, la capitale du Dan-Home, et appel\u00e9 le tr\u00e8s ancien royaume. Il poss\u00e8de l&#039;un des mus\u00e9es les plus \u00e9tonnants d&#039;Afrique. Les artisans et artistes tisserands, sculpteurs sur bois, bijoutiers, dinandiers et ferronneries sont appr\u00e9ci\u00e9s bien au-del\u00e0 des fronti\u00e8res de la R\u00e9publique du B\u00e9nin. Voici le guide sur la fa\u00e7on de r\u00e9server des billets de bus d\u2019Abuja \u00e0 Benin City :<\/p>\n<h2>Bus d&#039;Abuja \u00e0 Benin City Billets de bus, itin\u00e9raires, horaires et tarifs - FAQ<\/h2>\n<h3>Quelle est la distance de bus \u00e0 Abuja \u00e0 Benin City?<\/h3>\n<p>La distance de voyage de Abuja \u00e0 Benin City en bus est de 366 km.<\/p>\n<h3>Comment puis-je me d\u00e9placer d\u2019Abuja au B\u00e9nin sans v\u00e9hicule personnel ?<\/h3>\n<p>Le meilleur moyen pour se rendre de Abuja \u00e0 Benin ville sans voiture est de bus, ce qui dure 6h 58m et co\u00fbte $130 \u2013 $160.<\/p>\n<h3>Puis-je conduire de Abuja \u00e0 Benin City ?<\/h3>\n<p>Oui, la distance entre Benin City et Abuja est de 462 km. il faut environ 6h 59m pour conduire de Abuja \u00e0 Benin City.<\/p>\n<h3>Quel est le moyen le moins cher pour se rendre de Abuja \u00e0 Benin City ?<\/h3>\n<p>Un moyen abordable de se rendre d\u2019Abuja \u00e0 Benin City en bus. Billets de bus pas chers de Abuja \u00e0 Benin City $130 \u2013 $160 et dure 6h 58m.<\/p>\n<h2>Conseils pour r\u00e9server des billets de bus d\u2019Abuja \u00e0 Benin City<\/h2>\n<p>Les visiteurs peuvent \u00e9galement essayer de visiter un autre mus\u00e9e, le Quidah appel\u00e9 Whydah en anglais, la ville des mus\u00e9es. Quidah conna\u00eet l&#039;invasion occidentale avec les premiers postes ou bastions portugais, danois, anglais et fran\u00e7ais. Il est \u00e9tonnant de voir et de d\u00e9couvrir les vestiges du tr\u00e8s ancien refuge \u00e0 partir duquel les esclaves \u00e9taient embarqu\u00e9s et exp\u00e9di\u00e9s aux \u00c9tats-Unis. Le Porto Novo sp\u00e9cial offre une meilleure exp\u00e9rience. C&#039;est la Ville aux 3 noms (Hogbonou, Porto Novo, Adjatche). C&#039;est la capitale administrative du B\u00e9nin, en plein centre du pays Yoruba.<\/p>","protected":false},"excerpt":{"rendered":"<p>Cheap Bus Tickets from\u00a0Abuja to Benin City\u00a0Online Booking Discover your travel route on web, mobile or app and book cheap bus ticket from Abuja to Benin City online now. Do cheap bus from Abuja to Benin City bus\u00a0online booking and save time and money.\u00a0If you are interested to explore the Benin history, one amazing and [&hellip;]<\/p>\n","protected":false},"author":1,"featured_media":13999,"parent":0,"menu_order":0,"comment_status":"open","ping_status":"closed","template":"template-home-modern.php","meta":{"footnotes":""},"class_list":["post-11414","page","type-page","status-publish","has-post-thumbnail","hentry"],"yoast_head":"<!-- This site is optimized with the Yoast SEO plugin v27.5 - https:\/\/yoast.com\/product\/yoast-seo-wordpress\/ -->\n<title>Bus from Abuja to Benin City Bus Tickets, Routes, Schedules &amp; Fares<\/title>\n<meta name=\"description\" content=\"Looking for bus from\u00a0Abuja to Benin City bus ticket booking app, route, schedule &amp; fare? Book cheap bus tickets from Abuja to Benin City\" \/>\n<meta name=\"robots\" content=\"index, follow, max-snippet:-1, max-image-preview:large, max-video-preview:-1\" \/>\n<link rel=\"canonical\" href=\"https:\/\/tiketi.com\/fr-fr\/online-bus-tickets-from-abuja-to-benin-city\/\" \/>\n<meta property=\"og:locale\" content=\"fr_FR\" \/>\n<meta property=\"og:type\" content=\"article\" \/>\n<meta property=\"og:title\" content=\"Bus from Abuja to Benin City Bus Tickets, Routes, Schedules &amp; Fares\" \/>\n<meta property=\"og:description\" content=\"Looking for bus from\u00a0Abuja to Benin City bus ticket booking app, route, schedule &amp; fare? Book cheap bus tickets from Abuja to Benin City\" \/>\n<meta property=\"og:url\" content=\"https:\/\/tiketi.com\/fr-fr\/online-bus-tickets-from-abuja-to-benin-city\/\" \/>\n<meta property=\"og:site_name\" content=\"Tiketi.com\" \/>\n<meta property=\"article:publisher\" content=\"https:\/\/www.facebook.com\/TiketiCom\/\" \/>\n<meta property=\"article:modified_time\" content=\"2022-01-26T16:45:45+00:00\" \/>\n<meta property=\"og:image\" content=\"https:\/\/tiketi.com\/wp-content\/uploads\/2022\/01\/bus-ticket-online-booking.jpg\" \/>\n\t<meta property=\"og:image:width\" content=\"1200\" \/>\n\t<meta property=\"og:image:height\" content=\"206\" \/>\n\t<meta property=\"og:image:type\" content=\"image\/jpeg\" \/>\n<meta name=\"twitter:card\" content=\"summary_large_image\" \/>\n<meta name=\"twitter:label1\" content=\"Dur\u00e9e de lecture estim\u00e9e\" \/>\n\t<meta name=\"twitter:data1\" content=\"2 minutes\" \/>\n<script type=\"application\/ld+json\" class=\"yoast-schema-graph\">{\"@context\":\"https:\\\/\\\/schema.org\",\"@graph\":[{\"@type\":\"WebPage\",\"@id\":\"https:\\\/\\\/tiketi.com\\\/online-bus-tickets-from-abuja-to-benin-city\\\/\",\"url\":\"https:\\\/\\\/tiketi.com\\\/online-bus-tickets-from-abuja-to-benin-city\\\/\",\"name\":\"Bus from Abuja to Benin City Bus Tickets, Routes, Schedules & Fares\",\"isPartOf\":{\"@id\":\"https:\\\/\\\/tiketi.com\\\/#website\"},\"primaryImageOfPage\":{\"@id\":\"https:\\\/\\\/tiketi.com\\\/online-bus-tickets-from-abuja-to-benin-city\\\/#primaryimage\"},\"image\":{\"@id\":\"https:\\\/\\\/tiketi.com\\\/online-bus-tickets-from-abuja-to-benin-city\\\/#primaryimage\"},\"thumbnailUrl\":\"https:\\\/\\\/tiketi.com\\\/wp-content\\\/uploads\\\/2022\\\/01\\\/bus-ticket-online-booking.jpg\",\"datePublished\":\"2022-01-19T11:54:38+00:00\",\"dateModified\":\"2022-01-26T16:45:45+00:00\",\"description\":\"Looking for bus from\u00a0Abuja to Benin City bus ticket booking app, route, schedule & fare? Book cheap bus tickets from Abuja to Benin City\",\"breadcrumb\":{\"@id\":\"https:\\\/\\\/tiketi.com\\\/online-bus-tickets-from-abuja-to-benin-city\\\/#breadcrumb\"},\"inLanguage\":\"fr-FR\",\"potentialAction\":[{\"@type\":\"ReadAction\",\"target\":[\"https:\\\/\\\/tiketi.com\\\/online-bus-tickets-from-abuja-to-benin-city\\\/\"]}]},{\"@type\":\"ImageObject\",\"inLanguage\":\"fr-FR\",\"@id\":\"https:\\\/\\\/tiketi.com\\\/online-bus-tickets-from-abuja-to-benin-city\\\/#primaryimage\",\"url\":\"https:\\\/\\\/tiketi.com\\\/wp-content\\\/uploads\\\/2022\\\/01\\\/bus-ticket-online-booking.jpg\",\"contentUrl\":\"https:\\\/\\\/tiketi.com\\\/wp-content\\\/uploads\\\/2022\\\/01\\\/bus-ticket-online-booking.jpg\",\"width\":1200,\"height\":206,\"caption\":\"Online Bus Ticket Booking\"},{\"@type\":\"BreadcrumbList\",\"@id\":\"https:\\\/\\\/tiketi.com\\\/online-bus-tickets-from-abuja-to-benin-city\\\/#breadcrumb\",\"itemListElement\":[{\"@type\":\"ListItem\",\"position\":1,\"name\":\"Home\",\"item\":\"https:\\\/\\\/tiketi.com\\\/\"},{\"@type\":\"ListItem\",\"position\":2,\"name\":\"Bus from Abuja to Benin City, Bus Tickets, Route, Schedule &#038; Fare\"}]},{\"@type\":\"WebSite\",\"@id\":\"https:\\\/\\\/tiketi.com\\\/#website\",\"url\":\"https:\\\/\\\/tiketi.com\\\/\",\"name\":\"Flight & Bus Tickets, Tour Packages & Activitites - Tiketi.com\",\"description\":\"Flight &amp; Bus Tickets, Tours, Activitites\",\"publisher\":{\"@id\":\"https:\\\/\\\/tiketi.com\\\/#organization\"},\"potentialAction\":[{\"@type\":\"SearchAction\",\"target\":{\"@type\":\"EntryPoint\",\"urlTemplate\":\"https:\\\/\\\/tiketi.com\\\/?s={search_term_string}\"},\"query-input\":{\"@type\":\"PropertyValueSpecification\",\"valueRequired\":true,\"valueName\":\"search_term_string\"}}],\"inLanguage\":\"fr-FR\"},{\"@type\":\"Organization\",\"@id\":\"https:\\\/\\\/tiketi.com\\\/#organization\",\"name\":\"Tiketi.com\",\"alternateName\":\"Tiketi\",\"url\":\"https:\\\/\\\/tiketi.com\\\/\",\"logo\":{\"@type\":\"ImageObject\",\"inLanguage\":\"fr-FR\",\"@id\":\"https:\\\/\\\/tiketi.com\\\/#\\\/schema\\\/logo\\\/image\\\/\",\"url\":\"https:\\\/\\\/tiketi.com\\\/wp-content\\\/uploads\\\/2019\\\/05\\\/tiketi-logo-696.png\",\"contentUrl\":\"https:\\\/\\\/tiketi.com\\\/wp-content\\\/uploads\\\/2019\\\/05\\\/tiketi-logo-696.png\",\"width\":696,\"height\":696,\"caption\":\"Tiketi.com\"},\"image\":{\"@id\":\"https:\\\/\\\/tiketi.com\\\/#\\\/schema\\\/logo\\\/image\\\/\"},\"sameAs\":[\"https:\\\/\\\/www.facebook.com\\\/TiketiCom\\\/\"]}]}<\/script>\n<!-- \/ Yoast SEO plugin. -->","yoast_head_json":{"title":"Bus d&#039;Abuja \u00e0 Benin City Billets de bus, itin\u00e9raires, horaires et tarifs","description":"Vous recherchez une application de r\u00e9servation de billets de bus d&#039;Abuja \u00e0 Benin City, un itin\u00e9raire, des horaires et des tarifs ? R\u00e9servez des billets de bus pas chers de Abuja \u00e0 Benin City","robots":{"index":"index","follow":"follow","max-snippet":"max-snippet:-1","max-image-preview":"max-image-preview:large","max-video-preview":"max-video-preview:-1"},"canonical":"https:\/\/tiketi.com\/fr-fr\/online-bus-tickets-from-abuja-to-benin-city\/","og_locale":"fr_FR","og_type":"article","og_title":"Bus from Abuja to Benin City Bus Tickets, Routes, Schedules & Fares","og_description":"Looking for bus from\u00a0Abuja to Benin City bus ticket booking app, route, schedule & fare? Book cheap bus tickets from Abuja to Benin City","og_url":"https:\/\/tiketi.com\/fr-fr\/online-bus-tickets-from-abuja-to-benin-city\/","og_site_name":"Tiketi.com","article_publisher":"https:\/\/www.facebook.com\/TiketiCom\/","article_modified_time":"2022-01-26T16:45:45+00:00","og_image":[{"width":1200,"height":206,"url":"https:\/\/tiketi.com\/wp-content\/uploads\/2022\/01\/bus-ticket-online-booking.jpg","type":"image\/jpeg"}],"twitter_card":"summary_large_image","twitter_misc":{"Dur\u00e9e de lecture estim\u00e9e":"2 minutes"},"schema":{"@context":"https:\/\/schema.org","@graph":[{"@type":"WebPage","@id":"https:\/\/tiketi.com\/online-bus-tickets-from-abuja-to-benin-city\/","url":"https:\/\/tiketi.com\/online-bus-tickets-from-abuja-to-benin-city\/","name":"Bus d&#039;Abuja \u00e0 Benin City Billets de bus, itin\u00e9raires, horaires et tarifs","isPartOf":{"@id":"https:\/\/tiketi.com\/#website"},"primaryImageOfPage":{"@id":"https:\/\/tiketi.com\/online-bus-tickets-from-abuja-to-benin-city\/#primaryimage"},"image":{"@id":"https:\/\/tiketi.com\/online-bus-tickets-from-abuja-to-benin-city\/#primaryimage"},"thumbnailUrl":"https:\/\/tiketi.com\/wp-content\/uploads\/2022\/01\/bus-ticket-online-booking.jpg","datePublished":"2022-01-19T11:54:38+00:00","dateModified":"2022-01-26T16:45:45+00:00","description":"Vous recherchez une application de r\u00e9servation de billets de bus d&#039;Abuja \u00e0 Benin City, un itin\u00e9raire, des horaires et des tarifs ? R\u00e9servez des billets de bus pas chers de Abuja \u00e0 Benin City","breadcrumb":{"@id":"https:\/\/tiketi.com\/online-bus-tickets-from-abuja-to-benin-city\/#breadcrumb"},"inLanguage":"fr-FR","potentialAction":[{"@type":"ReadAction","target":["https:\/\/tiketi.com\/online-bus-tickets-from-abuja-to-benin-city\/"]}]},{"@type":"ImageObject","inLanguage":"fr-FR","@id":"https:\/\/tiketi.com\/online-bus-tickets-from-abuja-to-benin-city\/#primaryimage","url":"https:\/\/tiketi.com\/wp-content\/uploads\/2022\/01\/bus-ticket-online-booking.jpg","contentUrl":"https:\/\/tiketi.com\/wp-content\/uploads\/2022\/01\/bus-ticket-online-booking.jpg","width":1200,"height":206,"caption":"Online Bus Ticket Booking"},{"@type":"BreadcrumbList","@id":"https:\/\/tiketi.com\/online-bus-tickets-from-abuja-to-benin-city\/#breadcrumb","itemListElement":[{"@type":"ListItem","position":1,"name":"Home","item":"https:\/\/tiketi.com\/"},{"@type":"ListItem","position":2,"name":"Bus from Abuja to Benin City, Bus Tickets, Route, Schedule &#038; Fare"}]},{"@type":"WebSite","@id":"https:\/\/tiketi.com\/#website","url":"https:\/\/tiketi.com\/","name":"Billets d&#039;avion et de bus, forfaits touristiques et activit\u00e9s - Tiketi.com","description":"Billets d&#039;avion et de bus, Tours, Activit\u00e9s","publisher":{"@id":"https:\/\/tiketi.com\/#organization"},"potentialAction":[{"@type":"SearchAction","target":{"@type":"EntryPoint","urlTemplate":"https:\/\/tiketi.com\/?s={search_term_string}"},"query-input":{"@type":"PropertyValueSpecification","valueRequired":true,"valueName":"search_term_string"}}],"inLanguage":"fr-FR"},{"@type":"Organization","@id":"https:\/\/tiketi.com\/#organization","name":"Tiketi.com","alternateName":"Tiketi","url":"https:\/\/tiketi.com\/","logo":{"@type":"ImageObject","inLanguage":"fr-FR","@id":"https:\/\/tiketi.com\/#\/schema\/logo\/image\/","url":"https:\/\/tiketi.com\/wp-content\/uploads\/2019\/05\/tiketi-logo-696.png","contentUrl":"https:\/\/tiketi.com\/wp-content\/uploads\/2019\/05\/tiketi-logo-696.png","width":696,"height":696,"caption":"Tiketi.com"},"image":{"@id":"https:\/\/tiketi.com\/#\/schema\/logo\/image\/"},"sameAs":["https:\/\/www.facebook.com\/TiketiCom\/"]}]}},"_links":{"self":[{"href":"https:\/\/tiketi.com\/fr-fr\/wp-json\/wp\/v2\/pages\/11414","targetHints":{"allow":["GET"]}}],"collection":[{"href":"https:\/\/tiketi.com\/fr-fr\/wp-json\/wp\/v2\/pages"}],"about":[{"href":"https:\/\/tiketi.com\/fr-fr\/wp-json\/wp\/v2\/types\/page"}],"author":[{"embeddable":true,"href":"https:\/\/tiketi.com\/fr-fr\/wp-json\/wp\/v2\/users\/1"}],"replies":[{"embeddable":true,"href":"https:\/\/tiketi.com\/fr-fr\/wp-json\/wp\/v2\/comments?post=11414"}],"version-history":[{"count":0,"href":"https:\/\/tiketi.com\/fr-fr\/wp-json\/wp\/v2\/pages\/11414\/revisions"}],"wp:featuredmedia":[{"embeddable":true,"href":"https:\/\/tiketi.com\/fr-fr\/wp-json\/wp\/v2\/media\/13999"}],"wp:attachment":[{"href":"https:\/\/tiketi.com\/fr-fr\/wp-json\/wp\/v2\/media?parent=11414"}],"curies":[{"name":"wp","href":"https:\/\/api.w.org\/{rel}","templated":true}]}}