{"id":11416,"date":"2022-01-19T12:54:38","date_gmt":"2022-01-19T11:54:38","guid":{"rendered":"https:\/\/new.tiketi.com\/bus-from-uganda-to-tanzania-bus-tickets-routes-schedules-fares\/"},"modified":"2022-01-31T16:50:44","modified_gmt":"2022-01-31T15:50:44","slug":"online-bus-tickets-from-uganda-to-tanzania","status":"publish","type":"page","link":"https:\/\/tiketi.com\/fr-fr\/online-bus-tickets-from-uganda-to-tanzania\/","title":{"rendered":"Bus de l&#039;Ouganda \u00e0 la Tanzanie Billets de bus, itin\u00e9raires, horaires et tarifs"},"content":{"rendered":"<p>[wbtm-bus-search]<\/p>\n<h2>Cheap Bus Tickets from\u00a0Uganda to Tanzania\u00a0Online Booking<\/h2>\n<h3>Discover your travel route on web, mobile or app and book cheap bus ticket from Uganda to Tanzania online now.<\/h3>\n<p>Do cheap bus from Uganda to Tanzania bus online booking and save time and money.\u00a0One of the most stunning experiences travelers go through during their holidays in Tanzania is to visit the largest city and former capital of Tanzania &#8211; Dar es Salaam,\u00a0most popular National Parks in Africa\u00a0and also Zanzibar Islands. Here is the guide on how to book bus tickets from Uganda to Tanzania:<\/p>\n<h2>Bus from Uganda to Tanzania Bus Tickets, Routes, Schedules &amp; Fares FAQs<\/h2>\n<h3>What is the affordable way to get from Uganda to Tanzania?<\/h3>\n<p>The affordable way to get from Uganda to Tanzania by bus. Cheap bus tickets from Uganda to Tanzania $55 -$75 and takes 28 50m.<\/p>\n<h3>Is there a direct bus Uganda to Tanzania?<\/h3>\n<p>No, there is no direct bus Uganda to Tanzania. Anyway, there are services departing from Kampala. The journey including transfers, takes about 28h 50m.<\/p>\n<h3>Where do I take the Uganda to Tanzania bus from?<\/h3>\n<p>Uganda to Tanzania bus services, run by MASH, depart from Kampala station.<\/p>\n<h3>Fly or bus Uganda to Tanzania?<\/h3>\n<p>The excellent way to get from Uganda to Tanzania is to <a href=\"https:\/\/tiketi.com\/flightst\" target=\"_blank\" rel=\"noopener\">fly<\/a> which takes 2h 40m and costs $140 &#8211; $250. Alternatively, you can bus, Uganda to Tanzania bus fare $55 &#8211; $75 and takes 28h 50m.<\/p>\n<h2>Book Bus Tickets from\u00a0Uganda to Tanzania Tips<\/h2>\n<p>Zanzibar Islands is pretty charming with some of the most amazing beaches in the full globe. There are also some pretty notable historical places to explore like the old Harbor, the Cathedral of Saint Joseph, and the Old Fort.<\/p>\n<p>The beaches of Bwejuu are generally missed by visitors who travel to Tanzania. Anyway, these beaches provide offer a remarkable experience with best views of the Indian Ocean, soft white sandy resorts and crystal clear water.<\/p>\n<p>Travelers who trip Tanzania should never also miss the possibility to explore the seaside of the country during the evening. Several fishers \u00a0in the country start their adventures with the sand at dawn and return with the sunset. Tanzania is also a remarkable place to enjoy different fish dishes in many fish markets over the country.<\/p>\n","protected":false},"excerpt":{"rendered":"<p>[wbtm-bus-search] Cheap Bus Tickets from\u00a0Uganda to Tanzania\u00a0Online Booking Discover your travel route on web, mobile or app and book cheap bus ticket from Uganda to Tanzania online now. Do cheap bus from Uganda to Tanzania bus online booking and save time and money.\u00a0One of the most stunning experiences travelers go through during their holidays in [&hellip;]<\/p>\n","protected":false},"author":1,"featured_media":13999,"parent":0,"menu_order":0,"comment_status":"open","ping_status":"closed","template":"template-home-modern.php","meta":{"footnotes":""},"class_list":["post-11416","page","type-page","status-publish","has-post-thumbnail","hentry"],"yoast_head":"<!-- This site is optimized with the Yoast SEO plugin v27.2 - https:\/\/yoast.com\/product\/yoast-seo-wordpress\/ -->\n<title>Bus from Uganda to Tanzania Bus Tickets, Routes, Schedules &amp; Fares<\/title>\n<meta name=\"description\" content=\"Looking for bus from\u00a0Uganda to Tanzania bus ticket booking app, schedules &amp; fares? Book cheap bus tickets from Uganda to Tanzania online\" \/>\n<meta name=\"robots\" content=\"index, follow, max-snippet:-1, max-image-preview:large, max-video-preview:-1\" \/>\n<link rel=\"canonical\" href=\"https:\/\/tiketi.com\/fr-fr\/online-bus-tickets-from-uganda-to-tanzania\/\" \/>\n<meta property=\"og:locale\" content=\"fr_FR\" \/>\n<meta property=\"og:type\" content=\"article\" \/>\n<meta property=\"og:title\" content=\"Bus from Uganda to Tanzania Bus Tickets, Routes, Schedules &amp; Fares\" \/>\n<meta property=\"og:description\" content=\"Looking for bus from\u00a0Uganda to Tanzania bus ticket booking app, schedules &amp; fares? Book cheap bus tickets from Uganda to Tanzania online\" \/>\n<meta property=\"og:url\" content=\"https:\/\/tiketi.com\/fr-fr\/online-bus-tickets-from-uganda-to-tanzania\/\" \/>\n<meta property=\"og:site_name\" content=\"Tiketi.com\" \/>\n<meta property=\"article:publisher\" content=\"https:\/\/www.facebook.com\/TiketiCom\/\" \/>\n<meta property=\"article:modified_time\" content=\"2022-01-31T15:50:44+00:00\" \/>\n<meta property=\"og:image\" content=\"https:\/\/tiketi.com\/wp-content\/uploads\/2022\/01\/bus-ticket-online-booking.jpg\" \/>\n\t<meta property=\"og:image:width\" content=\"1200\" \/>\n\t<meta property=\"og:image:height\" content=\"206\" \/>\n\t<meta property=\"og:image:type\" content=\"image\/jpeg\" \/>\n<meta name=\"twitter:card\" content=\"summary_large_image\" \/>\n<meta name=\"twitter:label1\" content=\"Dur\u00e9e de lecture estim\u00e9e\" \/>\n\t<meta name=\"twitter:data1\" content=\"2 minutes\" \/>\n<script type=\"application\/ld+json\" class=\"yoast-schema-graph\">{\"@context\":\"https:\/\/schema.org\",\"@graph\":[{\"@type\":\"WebPage\",\"@id\":\"https:\/\/tiketi.com\/online-bus-tickets-from-uganda-to-tanzania\/\",\"url\":\"https:\/\/tiketi.com\/online-bus-tickets-from-uganda-to-tanzania\/\",\"name\":\"Bus from Uganda to Tanzania Bus Tickets, Routes, Schedules & Fares\",\"isPartOf\":{\"@id\":\"https:\/\/tiketi.com\/#website\"},\"primaryImageOfPage\":{\"@id\":\"https:\/\/tiketi.com\/online-bus-tickets-from-uganda-to-tanzania\/#primaryimage\"},\"image\":{\"@id\":\"https:\/\/tiketi.com\/online-bus-tickets-from-uganda-to-tanzania\/#primaryimage\"},\"thumbnailUrl\":\"https:\/\/tiketi.com\/wp-content\/uploads\/2022\/01\/bus-ticket-online-booking.jpg\",\"datePublished\":\"2022-01-19T11:54:38+00:00\",\"dateModified\":\"2022-01-31T15:50:44+00:00\",\"description\":\"Looking for bus from\u00a0Uganda to Tanzania bus ticket booking app, schedules & fares? Book cheap bus tickets from Uganda to Tanzania online\",\"breadcrumb\":{\"@id\":\"https:\/\/tiketi.com\/online-bus-tickets-from-uganda-to-tanzania\/#breadcrumb\"},\"inLanguage\":\"fr-FR\",\"potentialAction\":[{\"@type\":\"ReadAction\",\"target\":[\"https:\/\/tiketi.com\/online-bus-tickets-from-uganda-to-tanzania\/\"]}]},{\"@type\":\"ImageObject\",\"inLanguage\":\"fr-FR\",\"@id\":\"https:\/\/tiketi.com\/online-bus-tickets-from-uganda-to-tanzania\/#primaryimage\",\"url\":\"https:\/\/tiketi.com\/wp-content\/uploads\/2022\/01\/bus-ticket-online-booking.jpg\",\"contentUrl\":\"https:\/\/tiketi.com\/wp-content\/uploads\/2022\/01\/bus-ticket-online-booking.jpg\",\"width\":1200,\"height\":206,\"caption\":\"Online Bus Ticket Booking\"},{\"@type\":\"BreadcrumbList\",\"@id\":\"https:\/\/tiketi.com\/online-bus-tickets-from-uganda-to-tanzania\/#breadcrumb\",\"itemListElement\":[{\"@type\":\"ListItem\",\"position\":1,\"name\":\"Home\",\"item\":\"https:\/\/tiketi.com\/\"},{\"@type\":\"ListItem\",\"position\":2,\"name\":\"Bus from Uganda to Tanzania Bus Tickets, Routes, Schedules &#038; Fares\"}]},{\"@type\":\"WebSite\",\"@id\":\"https:\/\/tiketi.com\/#website\",\"url\":\"https:\/\/tiketi.com\/\",\"name\":\"Flight & Bus Tickets, Tour Packages & Activitites - Tiketi.com\",\"description\":\"Flight &amp; Bus Tickets, Tours, Activitites\",\"publisher\":{\"@id\":\"https:\/\/tiketi.com\/#organization\"},\"potentialAction\":[{\"@type\":\"SearchAction\",\"target\":{\"@type\":\"EntryPoint\",\"urlTemplate\":\"https:\/\/tiketi.com\/?s={search_term_string}\"},\"query-input\":{\"@type\":\"PropertyValueSpecification\",\"valueRequired\":true,\"valueName\":\"search_term_string\"}}],\"inLanguage\":\"fr-FR\"},{\"@type\":\"Organization\",\"@id\":\"https:\/\/tiketi.com\/#organization\",\"name\":\"Tiketi.com\",\"alternateName\":\"Tiketi\",\"url\":\"https:\/\/tiketi.com\/\",\"logo\":{\"@type\":\"ImageObject\",\"inLanguage\":\"fr-FR\",\"@id\":\"https:\/\/tiketi.com\/#\/schema\/logo\/image\/\",\"url\":\"https:\/\/tiketi.com\/wp-content\/uploads\/2019\/05\/tiketi-logo-696.png\",\"contentUrl\":\"https:\/\/tiketi.com\/wp-content\/uploads\/2019\/05\/tiketi-logo-696.png\",\"width\":696,\"height\":696,\"caption\":\"Tiketi.com\"},\"image\":{\"@id\":\"https:\/\/tiketi.com\/#\/schema\/logo\/image\/\"},\"sameAs\":[\"https:\/\/www.facebook.com\/TiketiCom\/\"]}]}<\/script>\n<!-- \/ Yoast SEO plugin. -->","yoast_head_json":{"title":"Bus de l&#039;Ouganda \u00e0 la Tanzanie Billets de bus, itin\u00e9raires, horaires et tarifs","description":"\u00c0 la recherche d&#039;une application de r\u00e9servation de billets de bus de Ouganda \u00e0 Tanzanie, des horaires et des tarifs de bus ? R\u00e9servez en ligne des billets de bus \u00e0 bas prix de l&#039;Ouganda \u00e0 la Tanzanie","robots":{"index":"index","follow":"follow","max-snippet":"max-snippet:-1","max-image-preview":"max-image-preview:large","max-video-preview":"max-video-preview:-1"},"canonical":"https:\/\/tiketi.com\/fr-fr\/online-bus-tickets-from-uganda-to-tanzania\/","og_locale":"fr_FR","og_type":"article","og_title":"Bus from Uganda to Tanzania Bus Tickets, Routes, Schedules & Fares","og_description":"Looking for bus from\u00a0Uganda to Tanzania bus ticket booking app, schedules & fares? Book cheap bus tickets from Uganda to Tanzania online","og_url":"https:\/\/tiketi.com\/fr-fr\/online-bus-tickets-from-uganda-to-tanzania\/","og_site_name":"Tiketi.com","article_publisher":"https:\/\/www.facebook.com\/TiketiCom\/","article_modified_time":"2022-01-31T15:50:44+00:00","og_image":[{"width":1200,"height":206,"url":"https:\/\/tiketi.com\/wp-content\/uploads\/2022\/01\/bus-ticket-online-booking.jpg","type":"image\/jpeg"}],"twitter_card":"summary_large_image","twitter_misc":{"Dur\u00e9e de lecture estim\u00e9e":"2 minutes"},"schema":{"@context":"https:\/\/schema.org","@graph":[{"@type":"WebPage","@id":"https:\/\/tiketi.com\/online-bus-tickets-from-uganda-to-tanzania\/","url":"https:\/\/tiketi.com\/online-bus-tickets-from-uganda-to-tanzania\/","name":"Bus de l&#039;Ouganda \u00e0 la Tanzanie Billets de bus, itin\u00e9raires, horaires et tarifs","isPartOf":{"@id":"https:\/\/tiketi.com\/#website"},"primaryImageOfPage":{"@id":"https:\/\/tiketi.com\/online-bus-tickets-from-uganda-to-tanzania\/#primaryimage"},"image":{"@id":"https:\/\/tiketi.com\/online-bus-tickets-from-uganda-to-tanzania\/#primaryimage"},"thumbnailUrl":"https:\/\/tiketi.com\/wp-content\/uploads\/2022\/01\/bus-ticket-online-booking.jpg","datePublished":"2022-01-19T11:54:38+00:00","dateModified":"2022-01-31T15:50:44+00:00","description":"\u00c0 la recherche d&#039;une application de r\u00e9servation de billets de bus de Ouganda \u00e0 Tanzanie, des horaires et des tarifs de bus ? R\u00e9servez en ligne des billets de bus \u00e0 bas prix de l&#039;Ouganda \u00e0 la Tanzanie","breadcrumb":{"@id":"https:\/\/tiketi.com\/online-bus-tickets-from-uganda-to-tanzania\/#breadcrumb"},"inLanguage":"fr-FR","potentialAction":[{"@type":"ReadAction","target":["https:\/\/tiketi.com\/online-bus-tickets-from-uganda-to-tanzania\/"]}]},{"@type":"ImageObject","inLanguage":"fr-FR","@id":"https:\/\/tiketi.com\/online-bus-tickets-from-uganda-to-tanzania\/#primaryimage","url":"https:\/\/tiketi.com\/wp-content\/uploads\/2022\/01\/bus-ticket-online-booking.jpg","contentUrl":"https:\/\/tiketi.com\/wp-content\/uploads\/2022\/01\/bus-ticket-online-booking.jpg","width":1200,"height":206,"caption":"Online Bus Ticket Booking"},{"@type":"BreadcrumbList","@id":"https:\/\/tiketi.com\/online-bus-tickets-from-uganda-to-tanzania\/#breadcrumb","itemListElement":[{"@type":"ListItem","position":1,"name":"Home","item":"https:\/\/tiketi.com\/"},{"@type":"ListItem","position":2,"name":"Bus from Uganda to Tanzania Bus Tickets, Routes, Schedules &#038; Fares"}]},{"@type":"WebSite","@id":"https:\/\/tiketi.com\/#website","url":"https:\/\/tiketi.com\/","name":"Billets d&#039;avion et de bus, forfaits touristiques et activit\u00e9s - Tiketi.com","description":"Billets d&#039;avion et de bus, Tours, Activit\u00e9s","publisher":{"@id":"https:\/\/tiketi.com\/#organization"},"potentialAction":[{"@type":"SearchAction","target":{"@type":"EntryPoint","urlTemplate":"https:\/\/tiketi.com\/?s={search_term_string}"},"query-input":{"@type":"PropertyValueSpecification","valueRequired":true,"valueName":"search_term_string"}}],"inLanguage":"fr-FR"},{"@type":"Organization","@id":"https:\/\/tiketi.com\/#organization","name":"Tiketi.com","alternateName":"Tiketi","url":"https:\/\/tiketi.com\/","logo":{"@type":"ImageObject","inLanguage":"fr-FR","@id":"https:\/\/tiketi.com\/#\/schema\/logo\/image\/","url":"https:\/\/tiketi.com\/wp-content\/uploads\/2019\/05\/tiketi-logo-696.png","contentUrl":"https:\/\/tiketi.com\/wp-content\/uploads\/2019\/05\/tiketi-logo-696.png","width":696,"height":696,"caption":"Tiketi.com"},"image":{"@id":"https:\/\/tiketi.com\/#\/schema\/logo\/image\/"},"sameAs":["https:\/\/www.facebook.com\/TiketiCom\/"]}]}},"_links":{"self":[{"href":"https:\/\/tiketi.com\/fr-fr\/wp-json\/wp\/v2\/pages\/11416","targetHints":{"allow":["GET"]}}],"collection":[{"href":"https:\/\/tiketi.com\/fr-fr\/wp-json\/wp\/v2\/pages"}],"about":[{"href":"https:\/\/tiketi.com\/fr-fr\/wp-json\/wp\/v2\/types\/page"}],"author":[{"embeddable":true,"href":"https:\/\/tiketi.com\/fr-fr\/wp-json\/wp\/v2\/users\/1"}],"replies":[{"embeddable":true,"href":"https:\/\/tiketi.com\/fr-fr\/wp-json\/wp\/v2\/comments?post=11416"}],"version-history":[{"count":0,"href":"https:\/\/tiketi.com\/fr-fr\/wp-json\/wp\/v2\/pages\/11416\/revisions"}],"wp:featuredmedia":[{"embeddable":true,"href":"https:\/\/tiketi.com\/fr-fr\/wp-json\/wp\/v2\/media\/13999"}],"wp:attachment":[{"href":"https:\/\/tiketi.com\/fr-fr\/wp-json\/wp\/v2\/media?parent=11416"}],"curies":[{"name":"wp","href":"https:\/\/api.w.org\/{rel}","templated":true}]}}