{"id":11417,"date":"2022-01-19T12:54:38","date_gmt":"2022-01-19T11:54:38","guid":{"rendered":"https:\/\/new.tiketi.com\/bus-from-uganda-to-rwanda-bus-tickets-routes-schedules-fares\/"},"modified":"2022-01-31T16:47:32","modified_gmt":"2022-01-31T15:47:32","slug":"online-bus-tickets-from-uganda-to-rwanda","status":"publish","type":"page","link":"https:\/\/tiketi.com\/fr-fr\/online-bus-tickets-from-uganda-to-rwanda\/","title":{"rendered":"Bus de l&#039;Ouganda au Rwanda Billets de bus, itin\u00e9raires, horaires et tarifs"},"content":{"rendered":"<p>Billets de bus pas chers de l&#039;Ouganda au Rwanda R\u00e9servation en ligne<\/p>\n<p>&gt;&gt; R\u00e9servez en ligne d\u00e8s maintenant votre billet de bus pas cher de l&#039;Ouganda au Rwanda.<\/p>\n<p>Faites une r\u00e9servation en ligne de bus pas cher de l&#039;Ouganda au Rwanda et \u00e9conomisez du temps et de l&#039;argent. Le Rwanda est l&#039;un des nouveaux lieux touristiques du continent africain. Le pays des milliers de collines est \u00e9galement le pays des milliers de c\u0153urs et offre aux visiteurs une chance sp\u00e9ciale de d\u00e9couvrir sa merveilleuse culture et sa flore et sa faune \u00e9tonnantes. Voici le guide sur la fa\u00e7on de r\u00e9server des billets de bus de l&#039;Ouganda au Rwanda\u00a0:<\/p>\n<p>Bus de l&#039;Ouganda au Rwanda FAQ sur les billets de bus, les itin\u00e9raires, les horaires et les tarifs<\/p>\n<p>Quel est le moyen abordable pour se rendre de Tanzanie au Rwanda ?<\/p>\n<p>Le moyen abordable de se rendre de l&#039;Ouganda au Rwanda en bus. Billets de bus pas chers de Ouganda \u00e0 Rwanda $14 et dure 9h.<\/p>\n<p>Y a-t-il un bus direct entre l&#039;Ouganda et le Rwanda ?<\/p>\n<p>Oui, il y a un bus direct de l&#039;Ouganda au Rwanda. Les services partent 4 fois par jour, et circulent tous les jours. Le trajet dure environ 9h.<\/p>\n<p>O\u00f9 prendre le bus depuis Ouganda pour Rwanda ?<\/p>\n<p>Les services de bus de l&#039;Ouganda au Rwanda, g\u00e9r\u00e9s par Volcano Express Ltd, partent de la gare de Kampala.<\/p>\n<p>Quelle est la distance de voyage de l&#039;Ouganda au Rwanda?<\/p>\n<p>La distance parcourue de l&#039;Ouganda au Rwanda est de 465 km.<\/p>\n<p>Comment puis-je me d\u00e9placer de l&#039;Ouganda au Rwanda sans v\u00e9hicule personnel ?<\/p>\n<p>L&#039;excellent moyen pour se rendre de Ouganda \u00e0 Rwanda sans v\u00e9hicule personnel est de bus, ce qui dure 9h et co\u00fbte $15.<\/p>\n<p>R\u00e9servez des billets de bus de l&#039;Ouganda au Rwanda<\/p>\n<p>Sous une administration stable qui a lutt\u00e9 pour la r\u00e9conciliation et le d\u00e9veloppement \u00e9conomique, le Rwanda est aujourd&#039;hui l&#039;une des nations les plus stables du continent. L&#039;un des meilleurs moments du Rwanda est le suivi des subtils gorilles de montagne dans le parc national du volcan \u00e0 l&#039;ouest du pays. Mais il ne faut pas aller au Rwanda juste pour le gorille seul.<\/p>\n<p>Le parc national d&#039;Akagera \u00e0 l&#039;est offre certains des meilleurs sites d&#039;observation du continent et le parc national de Nyungwe au sud abrite l&#039;une des plus grandes concentrations de primates de la plan\u00e8te, permettant aux visiteurs de voir des singes Colobus et Chimpanz\u00e9s.<\/p>","protected":false},"excerpt":{"rendered":"<p>Cheap Bus Tickets from\u00a0Uganda to Rwanda\u00a0Online Booking &gt;&gt;\u00a0Reserve\u00a0your cheap bus ticket\u00a0from Uganda to Rwanda online now. Do cheap bus from Uganda to Rwanda bus online booking and save time and money. Rwanda is one of the fresh tourism places on the Africa continent. The land of the 1000s of Hills is also the land of [&hellip;]<\/p>\n","protected":false},"author":1,"featured_media":13999,"parent":0,"menu_order":0,"comment_status":"open","ping_status":"closed","template":"","meta":{"footnotes":""},"class_list":["post-11417","page","type-page","status-publish","has-post-thumbnail","hentry"],"yoast_head":"<!-- This site is optimized with the Yoast SEO plugin v27.3 - https:\/\/yoast.com\/product\/yoast-seo-wordpress\/ -->\n<title>Bus from Uganda to Rwanda Bus Tickets, Routes, Schedules &amp; Fares<\/title>\n<meta name=\"description\" content=\"Looking for bus from\u00a0Uganda to Rwanda bus ticket booking app routes, schedules &amp; fares? Book cheap bus tickets from Uganda to Rwanda online\" \/>\n<meta name=\"robots\" content=\"index, follow, max-snippet:-1, max-image-preview:large, max-video-preview:-1\" \/>\n<link rel=\"canonical\" href=\"https:\/\/tiketi.com\/fr-fr\/online-bus-tickets-from-uganda-to-rwanda\/\" \/>\n<meta property=\"og:locale\" content=\"fr_FR\" \/>\n<meta property=\"og:type\" content=\"article\" \/>\n<meta property=\"og:title\" content=\"Bus from Uganda to Rwanda Bus Tickets, Routes, Schedules &amp; Fares\" \/>\n<meta property=\"og:description\" content=\"Looking for bus from\u00a0Uganda to Rwanda bus ticket booking app routes, schedules &amp; fares? Book cheap bus tickets from Uganda to Rwanda online\" \/>\n<meta property=\"og:url\" content=\"https:\/\/tiketi.com\/fr-fr\/online-bus-tickets-from-uganda-to-rwanda\/\" \/>\n<meta property=\"og:site_name\" content=\"Tiketi.com\" \/>\n<meta property=\"article:publisher\" content=\"https:\/\/www.facebook.com\/TiketiCom\/\" \/>\n<meta property=\"article:modified_time\" content=\"2022-01-31T15:47:32+00:00\" \/>\n<meta property=\"og:image\" content=\"https:\/\/tiketi.com\/wp-content\/uploads\/2022\/01\/bus-ticket-online-booking.jpg\" \/>\n\t<meta property=\"og:image:width\" content=\"1200\" \/>\n\t<meta property=\"og:image:height\" content=\"206\" \/>\n\t<meta property=\"og:image:type\" content=\"image\/jpeg\" \/>\n<meta name=\"twitter:card\" content=\"summary_large_image\" \/>\n<meta name=\"twitter:label1\" content=\"Dur\u00e9e de lecture estim\u00e9e\" \/>\n\t<meta name=\"twitter:data1\" content=\"2 minutes\" \/>\n<script type=\"application\/ld+json\" class=\"yoast-schema-graph\">{\"@context\":\"https:\\\/\\\/schema.org\",\"@graph\":[{\"@type\":\"WebPage\",\"@id\":\"https:\\\/\\\/tiketi.com\\\/online-bus-tickets-from-uganda-to-rwanda\\\/\",\"url\":\"https:\\\/\\\/tiketi.com\\\/online-bus-tickets-from-uganda-to-rwanda\\\/\",\"name\":\"Bus from Uganda to Rwanda Bus Tickets, Routes, Schedules & Fares\",\"isPartOf\":{\"@id\":\"https:\\\/\\\/tiketi.com\\\/#website\"},\"primaryImageOfPage\":{\"@id\":\"https:\\\/\\\/tiketi.com\\\/online-bus-tickets-from-uganda-to-rwanda\\\/#primaryimage\"},\"image\":{\"@id\":\"https:\\\/\\\/tiketi.com\\\/online-bus-tickets-from-uganda-to-rwanda\\\/#primaryimage\"},\"thumbnailUrl\":\"https:\\\/\\\/tiketi.com\\\/wp-content\\\/uploads\\\/2022\\\/01\\\/bus-ticket-online-booking.jpg\",\"datePublished\":\"2022-01-19T11:54:38+00:00\",\"dateModified\":\"2022-01-31T15:47:32+00:00\",\"description\":\"Looking for bus from\u00a0Uganda to Rwanda bus ticket booking app routes, schedules & fares? Book cheap bus tickets from Uganda to Rwanda online\",\"breadcrumb\":{\"@id\":\"https:\\\/\\\/tiketi.com\\\/online-bus-tickets-from-uganda-to-rwanda\\\/#breadcrumb\"},\"inLanguage\":\"fr-FR\",\"potentialAction\":[{\"@type\":\"ReadAction\",\"target\":[\"https:\\\/\\\/tiketi.com\\\/online-bus-tickets-from-uganda-to-rwanda\\\/\"]}]},{\"@type\":\"ImageObject\",\"inLanguage\":\"fr-FR\",\"@id\":\"https:\\\/\\\/tiketi.com\\\/online-bus-tickets-from-uganda-to-rwanda\\\/#primaryimage\",\"url\":\"https:\\\/\\\/tiketi.com\\\/wp-content\\\/uploads\\\/2022\\\/01\\\/bus-ticket-online-booking.jpg\",\"contentUrl\":\"https:\\\/\\\/tiketi.com\\\/wp-content\\\/uploads\\\/2022\\\/01\\\/bus-ticket-online-booking.jpg\",\"width\":1200,\"height\":206,\"caption\":\"Online Bus Ticket Booking\"},{\"@type\":\"BreadcrumbList\",\"@id\":\"https:\\\/\\\/tiketi.com\\\/online-bus-tickets-from-uganda-to-rwanda\\\/#breadcrumb\",\"itemListElement\":[{\"@type\":\"ListItem\",\"position\":1,\"name\":\"Home\",\"item\":\"https:\\\/\\\/tiketi.com\\\/\"},{\"@type\":\"ListItem\",\"position\":2,\"name\":\"Bus from Uganda to Rwanda Bus Tickets, Routes, Schedules &#038; Fares\"}]},{\"@type\":\"WebSite\",\"@id\":\"https:\\\/\\\/tiketi.com\\\/#website\",\"url\":\"https:\\\/\\\/tiketi.com\\\/\",\"name\":\"Flight & Bus Tickets, Tour Packages & Activitites - Tiketi.com\",\"description\":\"Flight &amp; Bus Tickets, Tours, Activitites\",\"publisher\":{\"@id\":\"https:\\\/\\\/tiketi.com\\\/#organization\"},\"potentialAction\":[{\"@type\":\"SearchAction\",\"target\":{\"@type\":\"EntryPoint\",\"urlTemplate\":\"https:\\\/\\\/tiketi.com\\\/?s={search_term_string}\"},\"query-input\":{\"@type\":\"PropertyValueSpecification\",\"valueRequired\":true,\"valueName\":\"search_term_string\"}}],\"inLanguage\":\"fr-FR\"},{\"@type\":\"Organization\",\"@id\":\"https:\\\/\\\/tiketi.com\\\/#organization\",\"name\":\"Tiketi.com\",\"alternateName\":\"Tiketi\",\"url\":\"https:\\\/\\\/tiketi.com\\\/\",\"logo\":{\"@type\":\"ImageObject\",\"inLanguage\":\"fr-FR\",\"@id\":\"https:\\\/\\\/tiketi.com\\\/#\\\/schema\\\/logo\\\/image\\\/\",\"url\":\"https:\\\/\\\/tiketi.com\\\/wp-content\\\/uploads\\\/2019\\\/05\\\/tiketi-logo-696.png\",\"contentUrl\":\"https:\\\/\\\/tiketi.com\\\/wp-content\\\/uploads\\\/2019\\\/05\\\/tiketi-logo-696.png\",\"width\":696,\"height\":696,\"caption\":\"Tiketi.com\"},\"image\":{\"@id\":\"https:\\\/\\\/tiketi.com\\\/#\\\/schema\\\/logo\\\/image\\\/\"},\"sameAs\":[\"https:\\\/\\\/www.facebook.com\\\/TiketiCom\\\/\"]}]}<\/script>\n<!-- \/ Yoast SEO plugin. -->","yoast_head_json":{"title":"Bus de l&#039;Ouganda au Rwanda Billets de bus, itin\u00e9raires, horaires et tarifs","description":"Vous recherchez des trajets, des horaires et des tarifs de l&#039;application de r\u00e9servation de billets de bus de l&#039;Ouganda vers le Rwanda ? R\u00e9servez en ligne des billets de bus \u00e0 bas prix de Ouganda \u00e0 Rwanda","robots":{"index":"index","follow":"follow","max-snippet":"max-snippet:-1","max-image-preview":"max-image-preview:large","max-video-preview":"max-video-preview:-1"},"canonical":"https:\/\/tiketi.com\/fr-fr\/online-bus-tickets-from-uganda-to-rwanda\/","og_locale":"fr_FR","og_type":"article","og_title":"Bus from Uganda to Rwanda Bus Tickets, Routes, Schedules & Fares","og_description":"Looking for bus from\u00a0Uganda to Rwanda bus ticket booking app routes, schedules & fares? Book cheap bus tickets from Uganda to Rwanda online","og_url":"https:\/\/tiketi.com\/fr-fr\/online-bus-tickets-from-uganda-to-rwanda\/","og_site_name":"Tiketi.com","article_publisher":"https:\/\/www.facebook.com\/TiketiCom\/","article_modified_time":"2022-01-31T15:47:32+00:00","og_image":[{"width":1200,"height":206,"url":"https:\/\/tiketi.com\/wp-content\/uploads\/2022\/01\/bus-ticket-online-booking.jpg","type":"image\/jpeg"}],"twitter_card":"summary_large_image","twitter_misc":{"Dur\u00e9e de lecture estim\u00e9e":"2 minutes"},"schema":{"@context":"https:\/\/schema.org","@graph":[{"@type":"WebPage","@id":"https:\/\/tiketi.com\/online-bus-tickets-from-uganda-to-rwanda\/","url":"https:\/\/tiketi.com\/online-bus-tickets-from-uganda-to-rwanda\/","name":"Bus de l&#039;Ouganda au Rwanda Billets de bus, itin\u00e9raires, horaires et tarifs","isPartOf":{"@id":"https:\/\/tiketi.com\/#website"},"primaryImageOfPage":{"@id":"https:\/\/tiketi.com\/online-bus-tickets-from-uganda-to-rwanda\/#primaryimage"},"image":{"@id":"https:\/\/tiketi.com\/online-bus-tickets-from-uganda-to-rwanda\/#primaryimage"},"thumbnailUrl":"https:\/\/tiketi.com\/wp-content\/uploads\/2022\/01\/bus-ticket-online-booking.jpg","datePublished":"2022-01-19T11:54:38+00:00","dateModified":"2022-01-31T15:47:32+00:00","description":"Vous recherchez des trajets, des horaires et des tarifs de l&#039;application de r\u00e9servation de billets de bus de l&#039;Ouganda vers le Rwanda ? R\u00e9servez en ligne des billets de bus \u00e0 bas prix de Ouganda \u00e0 Rwanda","breadcrumb":{"@id":"https:\/\/tiketi.com\/online-bus-tickets-from-uganda-to-rwanda\/#breadcrumb"},"inLanguage":"fr-FR","potentialAction":[{"@type":"ReadAction","target":["https:\/\/tiketi.com\/online-bus-tickets-from-uganda-to-rwanda\/"]}]},{"@type":"ImageObject","inLanguage":"fr-FR","@id":"https:\/\/tiketi.com\/online-bus-tickets-from-uganda-to-rwanda\/#primaryimage","url":"https:\/\/tiketi.com\/wp-content\/uploads\/2022\/01\/bus-ticket-online-booking.jpg","contentUrl":"https:\/\/tiketi.com\/wp-content\/uploads\/2022\/01\/bus-ticket-online-booking.jpg","width":1200,"height":206,"caption":"Online Bus Ticket Booking"},{"@type":"BreadcrumbList","@id":"https:\/\/tiketi.com\/online-bus-tickets-from-uganda-to-rwanda\/#breadcrumb","itemListElement":[{"@type":"ListItem","position":1,"name":"Home","item":"https:\/\/tiketi.com\/"},{"@type":"ListItem","position":2,"name":"Bus from Uganda to Rwanda Bus Tickets, Routes, Schedules &#038; Fares"}]},{"@type":"WebSite","@id":"https:\/\/tiketi.com\/#website","url":"https:\/\/tiketi.com\/","name":"Billets d&#039;avion et de bus, forfaits touristiques et activit\u00e9s - Tiketi.com","description":"Billets d&#039;avion et de bus, Tours, Activit\u00e9s","publisher":{"@id":"https:\/\/tiketi.com\/#organization"},"potentialAction":[{"@type":"SearchAction","target":{"@type":"EntryPoint","urlTemplate":"https:\/\/tiketi.com\/?s={search_term_string}"},"query-input":{"@type":"PropertyValueSpecification","valueRequired":true,"valueName":"search_term_string"}}],"inLanguage":"fr-FR"},{"@type":"Organization","@id":"https:\/\/tiketi.com\/#organization","name":"Tiketi.com","alternateName":"Tiketi","url":"https:\/\/tiketi.com\/","logo":{"@type":"ImageObject","inLanguage":"fr-FR","@id":"https:\/\/tiketi.com\/#\/schema\/logo\/image\/","url":"https:\/\/tiketi.com\/wp-content\/uploads\/2019\/05\/tiketi-logo-696.png","contentUrl":"https:\/\/tiketi.com\/wp-content\/uploads\/2019\/05\/tiketi-logo-696.png","width":696,"height":696,"caption":"Tiketi.com"},"image":{"@id":"https:\/\/tiketi.com\/#\/schema\/logo\/image\/"},"sameAs":["https:\/\/www.facebook.com\/TiketiCom\/"]}]}},"_links":{"self":[{"href":"https:\/\/tiketi.com\/fr-fr\/wp-json\/wp\/v2\/pages\/11417","targetHints":{"allow":["GET"]}}],"collection":[{"href":"https:\/\/tiketi.com\/fr-fr\/wp-json\/wp\/v2\/pages"}],"about":[{"href":"https:\/\/tiketi.com\/fr-fr\/wp-json\/wp\/v2\/types\/page"}],"author":[{"embeddable":true,"href":"https:\/\/tiketi.com\/fr-fr\/wp-json\/wp\/v2\/users\/1"}],"replies":[{"embeddable":true,"href":"https:\/\/tiketi.com\/fr-fr\/wp-json\/wp\/v2\/comments?post=11417"}],"version-history":[{"count":0,"href":"https:\/\/tiketi.com\/fr-fr\/wp-json\/wp\/v2\/pages\/11417\/revisions"}],"wp:featuredmedia":[{"embeddable":true,"href":"https:\/\/tiketi.com\/fr-fr\/wp-json\/wp\/v2\/media\/13999"}],"wp:attachment":[{"href":"https:\/\/tiketi.com\/fr-fr\/wp-json\/wp\/v2\/media?parent=11417"}],"curies":[{"name":"wp","href":"https:\/\/api.w.org\/{rel}","templated":true}]}}