{"id":11418,"date":"2022-01-19T12:54:38","date_gmt":"2022-01-19T11:54:38","guid":{"rendered":"https:\/\/new.tiketi.com\/bus-from-tanzania-to-zimbabwe-bus-tickets-routes-schedules-fares\/"},"modified":"2022-01-31T16:40:33","modified_gmt":"2022-01-31T15:40:33","slug":"online-bus-tickets-from-tanzania-to-zimbabwe","status":"publish","type":"page","link":"https:\/\/tiketi.com\/fr-fr\/online-bus-tickets-from-tanzania-to-zimbabwe\/","title":{"rendered":"Bus de la Tanzanie \u00e0 Zimbabwe Billets de bus, itin\u00e9raires, horaires et tarifs"},"content":{"rendered":"<p>[wbtm-bus-search]<\/p>\n<h2>Cheap Bus Tickets from&nbsp;Tanzania to Zimbabwe&nbsp;Online Booking<\/h2>\n<h3>Discover your travel route on web, mobile or app and book cheap bus ticket from Tanzania to Zimbabwe online now.<\/h3>\n<p>Do cheap bus from Tanzania to Zimbabwe bus online booking and save time and money. Placed on the southern area of the African continent, Zimbabwe has over the years developed as a big visitor destination of the planet. The country boasts of diversified attractions that range from waterfalls, national parks, heritage monuments, historical sites, to rivers. The country is also famous for introducing the visitors to amazing views of nature and for being home to a varied range of geographical formations. Here is the guide on how to book bus tickets from Tanzania to Zimbabwe:<\/p>\n<h2>Bus from Tanzania to Zimbabwe Bus Tickets, Routes, Schedules &amp; Fares FAQs<\/h2>\n<h3>Is the Tanzania to Zimbabwe bus the affordable way to get&nbsp; to Zimbabwe?<\/h3>\n<p>The affordable way to get from Tanzania to Zimbabwe by bus. Cheap bus tickets from Tanzania to Zimbabwe $180 &#8211; $270 and takes 32h 20m.<\/p>\n<h3>What is the travel distance of bus Tanzania to Zimbabwe?<\/h3>\n<p>The travel distance of Tanzania to Zimbabwe bus is 1480 km.<\/p>\n<h3>How do I move from Tanzania to Zimbabwe without a personal vehicle?<\/h3>\n<p>The top way to get to Zimbabwe without a personal vehicle is to bus Tanzania to Zimbabwe and private transfers which takes 32h 22m.<\/p>\n<h3>Can I drive from Tanzania to Zimbabwe?<\/h3>\n<p>Yes, the driving distance between Zimbabwe and Tanzania is 2275 km. It takes about 32 h 20m to drive from Tanzania to Zimbabwe.<\/p>\n<h2>Bus Tickets from&nbsp;Tanzania to Zimbabwe&nbsp;Tips<\/h2>\n<p>The big attraction of the country contains the likes of Victoria Falls and Hwange along with several other big national parks. Zimbabwe is mostly popular for its well-preserved national parks and wildlife. This African country specs as a perfect visitor place for adventure lovers. Explore the stunning side of the nature and take a plunge into adventure, as you visit Zimbabwe.<\/p>\n<p>Victoria Falls ranks as one of the top visitor place of the country. It could be one of the many reasons of your planning a tour to this remarkable country in the African continent. Placed on the Zambezi River between 2 two countries Zambia and Zimbabwe.<\/p>\n","protected":false},"excerpt":{"rendered":"<p>[wbtm-bus-search] Cheap Bus Tickets from&nbsp;Tanzania to Zimbabwe&nbsp;Online Booking Discover your travel route on web, mobile or app and book cheap bus ticket from Tanzania to Zimbabwe online now. Do cheap bus from Tanzania to Zimbabwe bus online booking and save time and money. Placed on the southern area of the African continent, Zimbabwe has over [&hellip;]<\/p>\n","protected":false},"author":1,"featured_media":13999,"parent":0,"menu_order":0,"comment_status":"open","ping_status":"closed","template":"template-home-modern.php","meta":{"footnotes":""},"class_list":["post-11418","page","type-page","status-publish","has-post-thumbnail","hentry"],"yoast_head":"<!-- This site is optimized with the Yoast SEO plugin v27.3 - https:\/\/yoast.com\/product\/yoast-seo-wordpress\/ -->\n<title>Bus from Tanzania to Zimbabwe Bus Tickets, Routes, Schedules &amp; Fares<\/title>\n<meta name=\"description\" content=\"Looking for bus from\u00a0Tanzania to Zimbabwe bus ticket booking app, schedules &amp; fares? Book cheap bus tickets from Tanzania to Zimbabwe online\" \/>\n<meta name=\"robots\" content=\"index, follow, max-snippet:-1, max-image-preview:large, max-video-preview:-1\" \/>\n<link rel=\"canonical\" href=\"https:\/\/tiketi.com\/fr-fr\/online-bus-tickets-from-tanzania-to-zimbabwe\/\" \/>\n<meta property=\"og:locale\" content=\"fr_FR\" \/>\n<meta property=\"og:type\" content=\"article\" \/>\n<meta property=\"og:title\" content=\"Bus from Tanzania to Zimbabwe Bus Tickets, Routes, Schedules &amp; Fares\" \/>\n<meta property=\"og:description\" content=\"Looking for bus from\u00a0Tanzania to Zimbabwe bus ticket booking app, schedules &amp; fares? Book cheap bus tickets from Tanzania to Zimbabwe online\" \/>\n<meta property=\"og:url\" content=\"https:\/\/tiketi.com\/fr-fr\/online-bus-tickets-from-tanzania-to-zimbabwe\/\" \/>\n<meta property=\"og:site_name\" content=\"Tiketi.com\" \/>\n<meta property=\"article:publisher\" content=\"https:\/\/www.facebook.com\/TiketiCom\/\" \/>\n<meta property=\"article:modified_time\" content=\"2022-01-31T15:40:33+00:00\" \/>\n<meta property=\"og:image\" content=\"https:\/\/tiketi.com\/wp-content\/uploads\/2022\/01\/bus-ticket-online-booking.jpg\" \/>\n\t<meta property=\"og:image:width\" content=\"1200\" \/>\n\t<meta property=\"og:image:height\" content=\"206\" \/>\n\t<meta property=\"og:image:type\" content=\"image\/jpeg\" \/>\n<meta name=\"twitter:card\" content=\"summary_large_image\" \/>\n<meta name=\"twitter:label1\" content=\"Dur\u00e9e de lecture estim\u00e9e\" \/>\n\t<meta name=\"twitter:data1\" content=\"2 minutes\" \/>\n<script type=\"application\/ld+json\" class=\"yoast-schema-graph\">{\"@context\":\"https:\\\/\\\/schema.org\",\"@graph\":[{\"@type\":\"WebPage\",\"@id\":\"https:\\\/\\\/tiketi.com\\\/online-bus-tickets-from-tanzania-to-zimbabwe\\\/\",\"url\":\"https:\\\/\\\/tiketi.com\\\/online-bus-tickets-from-tanzania-to-zimbabwe\\\/\",\"name\":\"Bus from Tanzania to Zimbabwe Bus Tickets, Routes, Schedules & Fares\",\"isPartOf\":{\"@id\":\"https:\\\/\\\/tiketi.com\\\/#website\"},\"primaryImageOfPage\":{\"@id\":\"https:\\\/\\\/tiketi.com\\\/online-bus-tickets-from-tanzania-to-zimbabwe\\\/#primaryimage\"},\"image\":{\"@id\":\"https:\\\/\\\/tiketi.com\\\/online-bus-tickets-from-tanzania-to-zimbabwe\\\/#primaryimage\"},\"thumbnailUrl\":\"https:\\\/\\\/tiketi.com\\\/wp-content\\\/uploads\\\/2022\\\/01\\\/bus-ticket-online-booking.jpg\",\"datePublished\":\"2022-01-19T11:54:38+00:00\",\"dateModified\":\"2022-01-31T15:40:33+00:00\",\"description\":\"Looking for bus from\u00a0Tanzania to Zimbabwe bus ticket booking app, schedules & fares? Book cheap bus tickets from Tanzania to Zimbabwe online\",\"breadcrumb\":{\"@id\":\"https:\\\/\\\/tiketi.com\\\/online-bus-tickets-from-tanzania-to-zimbabwe\\\/#breadcrumb\"},\"inLanguage\":\"fr-FR\",\"potentialAction\":[{\"@type\":\"ReadAction\",\"target\":[\"https:\\\/\\\/tiketi.com\\\/online-bus-tickets-from-tanzania-to-zimbabwe\\\/\"]}]},{\"@type\":\"ImageObject\",\"inLanguage\":\"fr-FR\",\"@id\":\"https:\\\/\\\/tiketi.com\\\/online-bus-tickets-from-tanzania-to-zimbabwe\\\/#primaryimage\",\"url\":\"https:\\\/\\\/tiketi.com\\\/wp-content\\\/uploads\\\/2022\\\/01\\\/bus-ticket-online-booking.jpg\",\"contentUrl\":\"https:\\\/\\\/tiketi.com\\\/wp-content\\\/uploads\\\/2022\\\/01\\\/bus-ticket-online-booking.jpg\",\"width\":1200,\"height\":206,\"caption\":\"Online Bus Ticket Booking\"},{\"@type\":\"BreadcrumbList\",\"@id\":\"https:\\\/\\\/tiketi.com\\\/online-bus-tickets-from-tanzania-to-zimbabwe\\\/#breadcrumb\",\"itemListElement\":[{\"@type\":\"ListItem\",\"position\":1,\"name\":\"Home\",\"item\":\"https:\\\/\\\/tiketi.com\\\/\"},{\"@type\":\"ListItem\",\"position\":2,\"name\":\"Bus from Tanzania to Zimbabwe Bus Tickets, Routes, Schedules &#038; Fares\"}]},{\"@type\":\"WebSite\",\"@id\":\"https:\\\/\\\/tiketi.com\\\/#website\",\"url\":\"https:\\\/\\\/tiketi.com\\\/\",\"name\":\"Flight & Bus Tickets, Tour Packages & Activitites - Tiketi.com\",\"description\":\"Flight &amp; Bus Tickets, Tours, Activitites\",\"publisher\":{\"@id\":\"https:\\\/\\\/tiketi.com\\\/#organization\"},\"potentialAction\":[{\"@type\":\"SearchAction\",\"target\":{\"@type\":\"EntryPoint\",\"urlTemplate\":\"https:\\\/\\\/tiketi.com\\\/?s={search_term_string}\"},\"query-input\":{\"@type\":\"PropertyValueSpecification\",\"valueRequired\":true,\"valueName\":\"search_term_string\"}}],\"inLanguage\":\"fr-FR\"},{\"@type\":\"Organization\",\"@id\":\"https:\\\/\\\/tiketi.com\\\/#organization\",\"name\":\"Tiketi.com\",\"alternateName\":\"Tiketi\",\"url\":\"https:\\\/\\\/tiketi.com\\\/\",\"logo\":{\"@type\":\"ImageObject\",\"inLanguage\":\"fr-FR\",\"@id\":\"https:\\\/\\\/tiketi.com\\\/#\\\/schema\\\/logo\\\/image\\\/\",\"url\":\"https:\\\/\\\/tiketi.com\\\/wp-content\\\/uploads\\\/2019\\\/05\\\/tiketi-logo-696.png\",\"contentUrl\":\"https:\\\/\\\/tiketi.com\\\/wp-content\\\/uploads\\\/2019\\\/05\\\/tiketi-logo-696.png\",\"width\":696,\"height\":696,\"caption\":\"Tiketi.com\"},\"image\":{\"@id\":\"https:\\\/\\\/tiketi.com\\\/#\\\/schema\\\/logo\\\/image\\\/\"},\"sameAs\":[\"https:\\\/\\\/www.facebook.com\\\/TiketiCom\\\/\"]}]}<\/script>\n<!-- \/ Yoast SEO plugin. -->","yoast_head_json":{"title":"Bus de la Tanzanie \u00e0 Zimbabwe Billets de bus, itin\u00e9raires, horaires et tarifs","description":"Vous recherchez une application de r\u00e9servation de billets de bus, des horaires et des tarifs pour les bus de la Tanzanie au Zimbabwe ? R\u00e9servez vos billets de bus pas chers de Tanzanie \u00e0 Zimbabwe en ligne","robots":{"index":"index","follow":"follow","max-snippet":"max-snippet:-1","max-image-preview":"max-image-preview:large","max-video-preview":"max-video-preview:-1"},"canonical":"https:\/\/tiketi.com\/fr-fr\/online-bus-tickets-from-tanzania-to-zimbabwe\/","og_locale":"fr_FR","og_type":"article","og_title":"Bus from Tanzania to Zimbabwe Bus Tickets, Routes, Schedules & Fares","og_description":"Looking for bus from\u00a0Tanzania to Zimbabwe bus ticket booking app, schedules & fares? Book cheap bus tickets from Tanzania to Zimbabwe online","og_url":"https:\/\/tiketi.com\/fr-fr\/online-bus-tickets-from-tanzania-to-zimbabwe\/","og_site_name":"Tiketi.com","article_publisher":"https:\/\/www.facebook.com\/TiketiCom\/","article_modified_time":"2022-01-31T15:40:33+00:00","og_image":[{"width":1200,"height":206,"url":"https:\/\/tiketi.com\/wp-content\/uploads\/2022\/01\/bus-ticket-online-booking.jpg","type":"image\/jpeg"}],"twitter_card":"summary_large_image","twitter_misc":{"Dur\u00e9e de lecture estim\u00e9e":"2 minutes"},"schema":{"@context":"https:\/\/schema.org","@graph":[{"@type":"WebPage","@id":"https:\/\/tiketi.com\/online-bus-tickets-from-tanzania-to-zimbabwe\/","url":"https:\/\/tiketi.com\/online-bus-tickets-from-tanzania-to-zimbabwe\/","name":"Bus de la Tanzanie \u00e0 Zimbabwe Billets de bus, itin\u00e9raires, horaires et tarifs","isPartOf":{"@id":"https:\/\/tiketi.com\/#website"},"primaryImageOfPage":{"@id":"https:\/\/tiketi.com\/online-bus-tickets-from-tanzania-to-zimbabwe\/#primaryimage"},"image":{"@id":"https:\/\/tiketi.com\/online-bus-tickets-from-tanzania-to-zimbabwe\/#primaryimage"},"thumbnailUrl":"https:\/\/tiketi.com\/wp-content\/uploads\/2022\/01\/bus-ticket-online-booking.jpg","datePublished":"2022-01-19T11:54:38+00:00","dateModified":"2022-01-31T15:40:33+00:00","description":"Vous recherchez une application de r\u00e9servation de billets de bus, des horaires et des tarifs pour les bus de la Tanzanie au Zimbabwe ? R\u00e9servez vos billets de bus pas chers de Tanzanie \u00e0 Zimbabwe en ligne","breadcrumb":{"@id":"https:\/\/tiketi.com\/online-bus-tickets-from-tanzania-to-zimbabwe\/#breadcrumb"},"inLanguage":"fr-FR","potentialAction":[{"@type":"ReadAction","target":["https:\/\/tiketi.com\/online-bus-tickets-from-tanzania-to-zimbabwe\/"]}]},{"@type":"ImageObject","inLanguage":"fr-FR","@id":"https:\/\/tiketi.com\/online-bus-tickets-from-tanzania-to-zimbabwe\/#primaryimage","url":"https:\/\/tiketi.com\/wp-content\/uploads\/2022\/01\/bus-ticket-online-booking.jpg","contentUrl":"https:\/\/tiketi.com\/wp-content\/uploads\/2022\/01\/bus-ticket-online-booking.jpg","width":1200,"height":206,"caption":"Online Bus Ticket Booking"},{"@type":"BreadcrumbList","@id":"https:\/\/tiketi.com\/online-bus-tickets-from-tanzania-to-zimbabwe\/#breadcrumb","itemListElement":[{"@type":"ListItem","position":1,"name":"Home","item":"https:\/\/tiketi.com\/"},{"@type":"ListItem","position":2,"name":"Bus from Tanzania to Zimbabwe Bus Tickets, Routes, Schedules &#038; Fares"}]},{"@type":"WebSite","@id":"https:\/\/tiketi.com\/#website","url":"https:\/\/tiketi.com\/","name":"Billets d&#039;avion et de bus, forfaits touristiques et activit\u00e9s - Tiketi.com","description":"Billets d&#039;avion et de bus, Tours, Activit\u00e9s","publisher":{"@id":"https:\/\/tiketi.com\/#organization"},"potentialAction":[{"@type":"SearchAction","target":{"@type":"EntryPoint","urlTemplate":"https:\/\/tiketi.com\/?s={search_term_string}"},"query-input":{"@type":"PropertyValueSpecification","valueRequired":true,"valueName":"search_term_string"}}],"inLanguage":"fr-FR"},{"@type":"Organization","@id":"https:\/\/tiketi.com\/#organization","name":"Tiketi.com","alternateName":"Tiketi","url":"https:\/\/tiketi.com\/","logo":{"@type":"ImageObject","inLanguage":"fr-FR","@id":"https:\/\/tiketi.com\/#\/schema\/logo\/image\/","url":"https:\/\/tiketi.com\/wp-content\/uploads\/2019\/05\/tiketi-logo-696.png","contentUrl":"https:\/\/tiketi.com\/wp-content\/uploads\/2019\/05\/tiketi-logo-696.png","width":696,"height":696,"caption":"Tiketi.com"},"image":{"@id":"https:\/\/tiketi.com\/#\/schema\/logo\/image\/"},"sameAs":["https:\/\/www.facebook.com\/TiketiCom\/"]}]}},"_links":{"self":[{"href":"https:\/\/tiketi.com\/fr-fr\/wp-json\/wp\/v2\/pages\/11418","targetHints":{"allow":["GET"]}}],"collection":[{"href":"https:\/\/tiketi.com\/fr-fr\/wp-json\/wp\/v2\/pages"}],"about":[{"href":"https:\/\/tiketi.com\/fr-fr\/wp-json\/wp\/v2\/types\/page"}],"author":[{"embeddable":true,"href":"https:\/\/tiketi.com\/fr-fr\/wp-json\/wp\/v2\/users\/1"}],"replies":[{"embeddable":true,"href":"https:\/\/tiketi.com\/fr-fr\/wp-json\/wp\/v2\/comments?post=11418"}],"version-history":[{"count":0,"href":"https:\/\/tiketi.com\/fr-fr\/wp-json\/wp\/v2\/pages\/11418\/revisions"}],"wp:featuredmedia":[{"embeddable":true,"href":"https:\/\/tiketi.com\/fr-fr\/wp-json\/wp\/v2\/media\/13999"}],"wp:attachment":[{"href":"https:\/\/tiketi.com\/fr-fr\/wp-json\/wp\/v2\/media?parent=11418"}],"curies":[{"name":"wp","href":"https:\/\/api.w.org\/{rel}","templated":true}]}}