{"id":11426,"date":"2022-01-19T12:54:38","date_gmt":"2022-01-19T11:54:38","guid":{"rendered":"https:\/\/new.tiketi.com\/bus-from-south-africa-to-angola-bus-tickets-routes-schedules-fares\/"},"modified":"2022-01-31T15:25:08","modified_gmt":"2022-01-31T14:25:08","slug":"online-bus-tickets-from-south-africa-to-angola","status":"publish","type":"page","link":"https:\/\/tiketi.com\/fr-fr\/online-bus-tickets-from-south-africa-to-angola\/","title":{"rendered":"Bus de l&#039;Afrique du Sud \u00e0 l&#039;Angola Billets de bus, itin\u00e9raires, horaires et tarifs"},"content":{"rendered":"<p>[wbtm-bus-search]<\/p>\n<h2>Cheap Bus Tickets from\u00a0South Africa to Angola\u00a0Online Booking<\/h2>\n<h3>Discover your travel route on web, mobile or app and book cheap bus ticket from South Africa to Angola online now.<\/h3>\n<p>Do cheap bus from South Africa to Angola bus online booking and save time and money. A visit to Angola will open your eyes to the surprises of how other nations live their lives in a day to day basis. This is a visit that you will talk about for many years and be sure to bring your camera so that you can get lots of different images of Angola. Here is the guide on how to book bus tickets from South Africa to Angola:<\/p>\n<h2>Bus from South Africa to Angola Bus Tickets, Routes, Schedules &amp; Fares\u00a0FAQs<\/h2>\n<h3>What is the affordable way to get from South Africa to Angola?<\/h3>\n<p>The affordable way to get from South Africa to Angola by bus. Cheap bus tickets from South Africa to Angola $75 &#8211; $190 and takes 45h.<\/p>\n<h3>What is the travel distance of South Africa to Angola bus?<\/h3>\n<p>The travel distance of bus South Africa to Angola is 2035 km.<\/p>\n<h3>Fly or bus South Africa to Angola?<\/h3>\n<p>The excellent way to get from South Africa to Angola is to fly which takes 3h 50m and costs $270 &#8211; $600. Alternatively, you can bus, South Africa to Angola bus fare $95 and takes 2 days 5h.<\/p>\n<h3>What is the fastest way to get from South Africa to Angola?<\/h3>\n<p>The fastest way to get from South Africa to Angola is to <a href=\"https:\/\/tiketi.com\/flightst\" target=\"_blank\" rel=\"noopener\">fly<\/a> which costs $280 &#8211; $600 and takes 3h 50m.<\/p>\n<h2>Book Bus Tickets from\u00a0South Africa to Angola Tips<\/h2>\n<p>It is a location that you have to visit in person to really understand the people and their land. If you do make Angola one of the locations you visit you will not be disappointed by the richness that you view in everything that you look at and touch. The investment in Angola is booming and the chance to start up a business or a fresh life, is attracting and more and more visitors. You are likely to bump in with people from all over the planet, sharing general interests and often documenting the beauty of this country.<\/p>\n","protected":false},"excerpt":{"rendered":"<p>[wbtm-bus-search] Cheap Bus Tickets from\u00a0South Africa to Angola\u00a0Online Booking Discover your travel route on web, mobile or app and book cheap bus ticket from South Africa to Angola online now. Do cheap bus from South Africa to Angola bus online booking and save time and money. A visit to Angola will open your eyes to [&hellip;]<\/p>\n","protected":false},"author":1,"featured_media":13999,"parent":0,"menu_order":0,"comment_status":"open","ping_status":"closed","template":"template-home-modern.php","meta":{"footnotes":""},"class_list":["post-11426","page","type-page","status-publish","has-post-thumbnail","hentry"],"yoast_head":"<!-- This site is optimized with the Yoast SEO plugin v27.2 - https:\/\/yoast.com\/product\/yoast-seo-wordpress\/ -->\n<title>Bus from South Africa to Angola Bus Tickets, Routes, Schedules &amp; Fares<\/title>\n<meta name=\"description\" content=\"Looking for bus from\u00a0South Africa to Angola bus ticket app, schedules &amp; fares? Book cheap bus tickets from South Africa to Angola online now\" \/>\n<meta name=\"robots\" content=\"index, follow, max-snippet:-1, max-image-preview:large, max-video-preview:-1\" \/>\n<link rel=\"canonical\" href=\"https:\/\/tiketi.com\/fr-fr\/online-bus-tickets-from-south-africa-to-angola\/\" \/>\n<meta property=\"og:locale\" content=\"fr_FR\" \/>\n<meta property=\"og:type\" content=\"article\" \/>\n<meta property=\"og:title\" content=\"Bus from South Africa to Angola Bus Tickets, Routes, Schedules &amp; Fares\" \/>\n<meta property=\"og:description\" content=\"Looking for bus from\u00a0South Africa to Angola bus ticket app, schedules &amp; fares? Book cheap bus tickets from South Africa to Angola online now\" \/>\n<meta property=\"og:url\" content=\"https:\/\/tiketi.com\/fr-fr\/online-bus-tickets-from-south-africa-to-angola\/\" \/>\n<meta property=\"og:site_name\" content=\"Tiketi.com\" \/>\n<meta property=\"article:publisher\" content=\"https:\/\/www.facebook.com\/TiketiCom\/\" \/>\n<meta property=\"article:modified_time\" content=\"2022-01-31T14:25:08+00:00\" \/>\n<meta property=\"og:image\" content=\"https:\/\/tiketi.com\/wp-content\/uploads\/2022\/01\/bus-ticket-online-booking.jpg\" \/>\n\t<meta property=\"og:image:width\" content=\"1200\" \/>\n\t<meta property=\"og:image:height\" content=\"206\" \/>\n\t<meta property=\"og:image:type\" content=\"image\/jpeg\" \/>\n<meta name=\"twitter:card\" content=\"summary_large_image\" \/>\n<meta name=\"twitter:label1\" content=\"Dur\u00e9e de lecture estim\u00e9e\" \/>\n\t<meta name=\"twitter:data1\" content=\"2 minutes\" \/>\n<script type=\"application\/ld+json\" class=\"yoast-schema-graph\">{\"@context\":\"https:\/\/schema.org\",\"@graph\":[{\"@type\":\"WebPage\",\"@id\":\"https:\/\/tiketi.com\/en-gb\/online-bus-tickets-from-south-africa-to-angola\/\",\"url\":\"https:\/\/tiketi.com\/en-gb\/online-bus-tickets-from-south-africa-to-angola\/\",\"name\":\"Bus from South Africa to Angola Bus Tickets, Routes, Schedules & Fares\",\"isPartOf\":{\"@id\":\"https:\/\/tiketi.com\/#website\"},\"primaryImageOfPage\":{\"@id\":\"https:\/\/tiketi.com\/en-gb\/online-bus-tickets-from-south-africa-to-angola\/#primaryimage\"},\"image\":{\"@id\":\"https:\/\/tiketi.com\/en-gb\/online-bus-tickets-from-south-africa-to-angola\/#primaryimage\"},\"thumbnailUrl\":\"https:\/\/tiketi.com\/wp-content\/uploads\/2022\/01\/bus-ticket-online-booking.jpg\",\"datePublished\":\"2022-01-19T11:54:38+00:00\",\"dateModified\":\"2022-01-31T14:25:08+00:00\",\"description\":\"Looking for bus from\u00a0South Africa to Angola bus ticket app, schedules & fares? Book cheap bus tickets from South Africa to Angola online now\",\"breadcrumb\":{\"@id\":\"https:\/\/tiketi.com\/en-gb\/online-bus-tickets-from-south-africa-to-angola\/#breadcrumb\"},\"inLanguage\":\"fr-FR\",\"potentialAction\":[{\"@type\":\"ReadAction\",\"target\":[\"https:\/\/tiketi.com\/en-gb\/online-bus-tickets-from-south-africa-to-angola\/\"]}]},{\"@type\":\"ImageObject\",\"inLanguage\":\"fr-FR\",\"@id\":\"https:\/\/tiketi.com\/en-gb\/online-bus-tickets-from-south-africa-to-angola\/#primaryimage\",\"url\":\"https:\/\/tiketi.com\/wp-content\/uploads\/2022\/01\/bus-ticket-online-booking.jpg\",\"contentUrl\":\"https:\/\/tiketi.com\/wp-content\/uploads\/2022\/01\/bus-ticket-online-booking.jpg\",\"width\":1200,\"height\":206,\"caption\":\"Online Bus Ticket Booking\"},{\"@type\":\"BreadcrumbList\",\"@id\":\"https:\/\/tiketi.com\/en-gb\/online-bus-tickets-from-south-africa-to-angola\/#breadcrumb\",\"itemListElement\":[{\"@type\":\"ListItem\",\"position\":1,\"name\":\"Home\",\"item\":\"https:\/\/tiketi.com\/\"},{\"@type\":\"ListItem\",\"position\":2,\"name\":\"Bus from South Africa to Angola Bus Tickets, Routes, Schedules &#038; Fares\"}]},{\"@type\":\"WebSite\",\"@id\":\"https:\/\/tiketi.com\/#website\",\"url\":\"https:\/\/tiketi.com\/\",\"name\":\"Flight & Bus Tickets, Tour Packages & Activitites - Tiketi.com\",\"description\":\"Flight &amp; Bus Tickets, Tours, Activitites\",\"publisher\":{\"@id\":\"https:\/\/tiketi.com\/#organization\"},\"potentialAction\":[{\"@type\":\"SearchAction\",\"target\":{\"@type\":\"EntryPoint\",\"urlTemplate\":\"https:\/\/tiketi.com\/?s={search_term_string}\"},\"query-input\":{\"@type\":\"PropertyValueSpecification\",\"valueRequired\":true,\"valueName\":\"search_term_string\"}}],\"inLanguage\":\"fr-FR\"},{\"@type\":\"Organization\",\"@id\":\"https:\/\/tiketi.com\/#organization\",\"name\":\"Tiketi.com\",\"alternateName\":\"Tiketi\",\"url\":\"https:\/\/tiketi.com\/\",\"logo\":{\"@type\":\"ImageObject\",\"inLanguage\":\"fr-FR\",\"@id\":\"https:\/\/tiketi.com\/#\/schema\/logo\/image\/\",\"url\":\"https:\/\/tiketi.com\/wp-content\/uploads\/2019\/05\/tiketi-logo-696.png\",\"contentUrl\":\"https:\/\/tiketi.com\/wp-content\/uploads\/2019\/05\/tiketi-logo-696.png\",\"width\":696,\"height\":696,\"caption\":\"Tiketi.com\"},\"image\":{\"@id\":\"https:\/\/tiketi.com\/#\/schema\/logo\/image\/\"},\"sameAs\":[\"https:\/\/www.facebook.com\/TiketiCom\/\"]}]}<\/script>\n<!-- \/ Yoast SEO plugin. -->","yoast_head_json":{"title":"Bus de l&#039;Afrique du Sud \u00e0 l&#039;Angola Billets de bus, itin\u00e9raires, horaires et tarifs","description":"Vous recherchez des applications, des horaires et des tarifs pour les billets de bus de l&#039;Afrique du Sud \u00e0 l&#039;Angola ? R\u00e9servez vos billets de bus pas chers de Afrique du Sud \u00e0 Angola en ligne maintenant","robots":{"index":"index","follow":"follow","max-snippet":"max-snippet:-1","max-image-preview":"max-image-preview:large","max-video-preview":"max-video-preview:-1"},"canonical":"https:\/\/tiketi.com\/fr-fr\/online-bus-tickets-from-south-africa-to-angola\/","og_locale":"fr_FR","og_type":"article","og_title":"Bus from South Africa to Angola Bus Tickets, Routes, Schedules & Fares","og_description":"Looking for bus from\u00a0South Africa to Angola bus ticket app, schedules & fares? Book cheap bus tickets from South Africa to Angola online now","og_url":"https:\/\/tiketi.com\/fr-fr\/online-bus-tickets-from-south-africa-to-angola\/","og_site_name":"Tiketi.com","article_publisher":"https:\/\/www.facebook.com\/TiketiCom\/","article_modified_time":"2022-01-31T14:25:08+00:00","og_image":[{"width":1200,"height":206,"url":"https:\/\/tiketi.com\/wp-content\/uploads\/2022\/01\/bus-ticket-online-booking.jpg","type":"image\/jpeg"}],"twitter_card":"summary_large_image","twitter_misc":{"Dur\u00e9e de lecture estim\u00e9e":"2 minutes"},"schema":{"@context":"https:\/\/schema.org","@graph":[{"@type":"WebPage","@id":"https:\/\/tiketi.com\/en-gb\/online-bus-tickets-from-south-africa-to-angola\/","url":"https:\/\/tiketi.com\/en-gb\/online-bus-tickets-from-south-africa-to-angola\/","name":"Bus de l&#039;Afrique du Sud \u00e0 l&#039;Angola Billets de bus, itin\u00e9raires, horaires et tarifs","isPartOf":{"@id":"https:\/\/tiketi.com\/#website"},"primaryImageOfPage":{"@id":"https:\/\/tiketi.com\/en-gb\/online-bus-tickets-from-south-africa-to-angola\/#primaryimage"},"image":{"@id":"https:\/\/tiketi.com\/en-gb\/online-bus-tickets-from-south-africa-to-angola\/#primaryimage"},"thumbnailUrl":"https:\/\/tiketi.com\/wp-content\/uploads\/2022\/01\/bus-ticket-online-booking.jpg","datePublished":"2022-01-19T11:54:38+00:00","dateModified":"2022-01-31T14:25:08+00:00","description":"Vous recherchez des applications, des horaires et des tarifs pour les billets de bus de l&#039;Afrique du Sud \u00e0 l&#039;Angola ? R\u00e9servez vos billets de bus pas chers de Afrique du Sud \u00e0 Angola en ligne maintenant","breadcrumb":{"@id":"https:\/\/tiketi.com\/en-gb\/online-bus-tickets-from-south-africa-to-angola\/#breadcrumb"},"inLanguage":"fr-FR","potentialAction":[{"@type":"ReadAction","target":["https:\/\/tiketi.com\/en-gb\/online-bus-tickets-from-south-africa-to-angola\/"]}]},{"@type":"ImageObject","inLanguage":"fr-FR","@id":"https:\/\/tiketi.com\/en-gb\/online-bus-tickets-from-south-africa-to-angola\/#primaryimage","url":"https:\/\/tiketi.com\/wp-content\/uploads\/2022\/01\/bus-ticket-online-booking.jpg","contentUrl":"https:\/\/tiketi.com\/wp-content\/uploads\/2022\/01\/bus-ticket-online-booking.jpg","width":1200,"height":206,"caption":"Online Bus Ticket Booking"},{"@type":"BreadcrumbList","@id":"https:\/\/tiketi.com\/en-gb\/online-bus-tickets-from-south-africa-to-angola\/#breadcrumb","itemListElement":[{"@type":"ListItem","position":1,"name":"Home","item":"https:\/\/tiketi.com\/"},{"@type":"ListItem","position":2,"name":"Bus from South Africa to Angola Bus Tickets, Routes, Schedules &#038; Fares"}]},{"@type":"WebSite","@id":"https:\/\/tiketi.com\/#website","url":"https:\/\/tiketi.com\/","name":"Billets d&#039;avion et de bus, forfaits touristiques et activit\u00e9s - Tiketi.com","description":"Billets d&#039;avion et de bus, Tours, Activit\u00e9s","publisher":{"@id":"https:\/\/tiketi.com\/#organization"},"potentialAction":[{"@type":"SearchAction","target":{"@type":"EntryPoint","urlTemplate":"https:\/\/tiketi.com\/?s={search_term_string}"},"query-input":{"@type":"PropertyValueSpecification","valueRequired":true,"valueName":"search_term_string"}}],"inLanguage":"fr-FR"},{"@type":"Organization","@id":"https:\/\/tiketi.com\/#organization","name":"Tiketi.com","alternateName":"Tiketi","url":"https:\/\/tiketi.com\/","logo":{"@type":"ImageObject","inLanguage":"fr-FR","@id":"https:\/\/tiketi.com\/#\/schema\/logo\/image\/","url":"https:\/\/tiketi.com\/wp-content\/uploads\/2019\/05\/tiketi-logo-696.png","contentUrl":"https:\/\/tiketi.com\/wp-content\/uploads\/2019\/05\/tiketi-logo-696.png","width":696,"height":696,"caption":"Tiketi.com"},"image":{"@id":"https:\/\/tiketi.com\/#\/schema\/logo\/image\/"},"sameAs":["https:\/\/www.facebook.com\/TiketiCom\/"]}]}},"_links":{"self":[{"href":"https:\/\/tiketi.com\/fr-fr\/wp-json\/wp\/v2\/pages\/11426","targetHints":{"allow":["GET"]}}],"collection":[{"href":"https:\/\/tiketi.com\/fr-fr\/wp-json\/wp\/v2\/pages"}],"about":[{"href":"https:\/\/tiketi.com\/fr-fr\/wp-json\/wp\/v2\/types\/page"}],"author":[{"embeddable":true,"href":"https:\/\/tiketi.com\/fr-fr\/wp-json\/wp\/v2\/users\/1"}],"replies":[{"embeddable":true,"href":"https:\/\/tiketi.com\/fr-fr\/wp-json\/wp\/v2\/comments?post=11426"}],"version-history":[{"count":0,"href":"https:\/\/tiketi.com\/fr-fr\/wp-json\/wp\/v2\/pages\/11426\/revisions"}],"wp:featuredmedia":[{"embeddable":true,"href":"https:\/\/tiketi.com\/fr-fr\/wp-json\/wp\/v2\/media\/13999"}],"wp:attachment":[{"href":"https:\/\/tiketi.com\/fr-fr\/wp-json\/wp\/v2\/media?parent=11426"}],"curies":[{"name":"wp","href":"https:\/\/api.w.org\/{rel}","templated":true}]}}