{"id":11429,"date":"2022-01-19T12:54:39","date_gmt":"2022-01-19T11:54:39","guid":{"rendered":"https:\/\/new.tiketi.com\/bus-from-kenya-to-rwanda-bus-tickets-routes-schedules-fares\/"},"modified":"2022-01-28T21:38:13","modified_gmt":"2022-01-28T20:38:13","slug":"online-bus-tickets-from-kenya-to-rwanda","status":"publish","type":"page","link":"https:\/\/tiketi.com\/fr-fr\/online-bus-tickets-from-kenya-to-rwanda\/","title":{"rendered":"Bus de Kenya \u00e0 Rwanda Billets de bus, itin\u00e9raires, horaires et tarifs"},"content":{"rendered":"<h2>Billets de bus pas chers du Kenya au Rwanda R\u00e9servation en ligne<\/h2>\n<h3>D\u00e9couvrez votre itin\u00e9raire de voyage sur le web, le mobile ou l&#039;application et r\u00e9servez en ligne maintenant un billet de bus pas cher de Kenya \u00e0 Rwanda.<\/h3>\n<p>Faites une r\u00e9servation en ligne de bus pas cher du Kenya au Rwanda et \u00e9conomisez du temps et de l&#039;argent. Le Rwanda est un pays charmant avec une beaut\u00e9 sc\u00e9nique remarquable. Voici le guide sur la fa\u00e7on de r\u00e9server des billets de bus du Kenya au Rwanda :<\/p>\n<h2>Bus de Kenya \u00e0 Rwanda FAQ sur les billets de bus, les itin\u00e9raires, les horaires et les tarifs<\/h2>\n<h3>Quel est le moyen abordable pour se rendre de Kenya \u00e0 Rwanda ?<\/h3>\n<p>Le moyen abordable de se rendre du Kenya au Rwanda en bus. Les billets de bus pas chers de Kenya \u00e0 Rwanda $19 \u2013 $40 et dure 17h 20m.<\/p>\n<h3>Y a-t-il un bus direct du Kenya au Rwanda ?<\/h3>\n<p>Oui, il y a un bus direct du Kenya au Rwanda. Les services partent deux par jour, et op\u00e8rent chaque jour. Le trajet dure environ 17h 20m.<\/p>\n<h3>O\u00f9 prendre le bus depuis Kenya pour Rwanda ?<\/h3>\n<p>Les services de bus du Kenya au Rwanda, g\u00e9r\u00e9s par Modern Coast, partent de la gare de Nairobi.<\/p>\n<h3>Avion ou bus du Kenya au Rwanda ?<\/h3>\n<p>L&#039;excellent moyen de se rendre du Kenya au Rwanda est de <a href=\"https:\/\/tiketi.com\/fr-fr\/flightst\/\" target=\"_blank\" rel=\"noopener\">voler<\/a> qui dure 2h30 et co\u00fbte $200 \u2013 $650. Sinon, vous pouvez bus, billets de bus pas chers de Kenya \u00e0 Rwanda $19 -$40 et dure 17h 20m.<\/p>\n<h2>Billets de bus pas chers de Kenya \u00e0 Rwanda<\/h2>\n<p>Un grand nombre de visiteurs aiment planifier le voyage au Rwanda pour profiter du voyage de leur vie. Le Rwanda est dot\u00e9 d&#039;une grande vari\u00e9t\u00e9 de flore et de faune et attire des milliers de visiteurs. L&#039;activit\u00e9 touristique s&#039;est d\u00e9velopp\u00e9e tr\u00e8s rapidement au Rwanda et ses caract\u00e9ristiques physiques offrent des emplacements incroyables pour la croissance des voyages et du tourisme. La beaut\u00e9 naturelle du pays et la verdure tout autour rendent l&#039;emplacement attrayant pour les visiteurs.<\/p>\n<p>La ville de Kigali au Rwanda est visit\u00e9e par un grand nombre de visiteurs en raison de sa beaut\u00e9. L&#039;\u00e9tat de la ville est au sommet de la colline, ce qui en fait un endroit vraiment incroyable. La ville se compose d&#039;une grande vari\u00e9t\u00e9 de flore et de faune. La verdure tout autour en fait le meilleur endroit pour visiter et dire pendant longtemps dans le giron de la nature.<\/p>","protected":false},"excerpt":{"rendered":"<p>Cheap Bus Tickets from\u00a0Kenya to Rwanda\u00a0Online Booking Discover your travel route on web, mobile or app and book cheap bus ticket from Kenya to Rwanda online now. Do cheap bus from Kenya to Rwanda bus online booking and save time and money. Rwanda is a charming country with remarkable scenic beauty. Here is the guide [&hellip;]<\/p>\n","protected":false},"author":1,"featured_media":13999,"parent":0,"menu_order":0,"comment_status":"open","ping_status":"closed","template":"template-home-modern.php","meta":{"footnotes":""},"class_list":["post-11429","page","type-page","status-publish","has-post-thumbnail","hentry"],"yoast_head":"<!-- This site is optimized with the Yoast SEO plugin v27.3 - https:\/\/yoast.com\/product\/yoast-seo-wordpress\/ -->\n<title>Bus from Kenya to Rwanda Bus Tickets, Routes, Schedules &amp; Fares<\/title>\n<meta name=\"description\" content=\"Looking for bus from\u00a0Kenya to Rwanda bus ticket booking app, routes, schedules &amp; fares? Book cheap bus tickets from Kenya to Rwanda online\" \/>\n<meta name=\"robots\" content=\"index, follow, max-snippet:-1, max-image-preview:large, max-video-preview:-1\" \/>\n<link rel=\"canonical\" href=\"https:\/\/tiketi.com\/fr-fr\/online-bus-tickets-from-kenya-to-rwanda\/\" \/>\n<meta property=\"og:locale\" content=\"fr_FR\" \/>\n<meta property=\"og:type\" content=\"article\" \/>\n<meta property=\"og:title\" content=\"Bus from Kenya to Rwanda Bus Tickets, Routes, Schedules &amp; Fares\" \/>\n<meta property=\"og:description\" content=\"Looking for bus from\u00a0Kenya to Rwanda bus ticket booking app, routes, schedules &amp; fares? Book cheap bus tickets from Kenya to Rwanda online\" \/>\n<meta property=\"og:url\" content=\"https:\/\/tiketi.com\/fr-fr\/online-bus-tickets-from-kenya-to-rwanda\/\" \/>\n<meta property=\"og:site_name\" content=\"Tiketi.com\" \/>\n<meta property=\"article:publisher\" content=\"https:\/\/www.facebook.com\/TiketiCom\/\" \/>\n<meta property=\"article:modified_time\" content=\"2022-01-28T20:38:13+00:00\" \/>\n<meta property=\"og:image\" content=\"https:\/\/tiketi.com\/wp-content\/uploads\/2022\/01\/bus-ticket-online-booking.jpg\" \/>\n\t<meta property=\"og:image:width\" content=\"1200\" \/>\n\t<meta property=\"og:image:height\" content=\"206\" \/>\n\t<meta property=\"og:image:type\" content=\"image\/jpeg\" \/>\n<meta name=\"twitter:card\" content=\"summary_large_image\" \/>\n<meta name=\"twitter:label1\" content=\"Dur\u00e9e de lecture estim\u00e9e\" \/>\n\t<meta name=\"twitter:data1\" content=\"2 minutes\" \/>\n<script type=\"application\/ld+json\" class=\"yoast-schema-graph\">{\"@context\":\"https:\\\/\\\/schema.org\",\"@graph\":[{\"@type\":\"WebPage\",\"@id\":\"https:\\\/\\\/tiketi.com\\\/online-bus-tickets-from-kenya-to-rwanda\\\/\",\"url\":\"https:\\\/\\\/tiketi.com\\\/online-bus-tickets-from-kenya-to-rwanda\\\/\",\"name\":\"Bus from Kenya to Rwanda Bus Tickets, Routes, Schedules & Fares\",\"isPartOf\":{\"@id\":\"https:\\\/\\\/tiketi.com\\\/#website\"},\"primaryImageOfPage\":{\"@id\":\"https:\\\/\\\/tiketi.com\\\/online-bus-tickets-from-kenya-to-rwanda\\\/#primaryimage\"},\"image\":{\"@id\":\"https:\\\/\\\/tiketi.com\\\/online-bus-tickets-from-kenya-to-rwanda\\\/#primaryimage\"},\"thumbnailUrl\":\"https:\\\/\\\/tiketi.com\\\/wp-content\\\/uploads\\\/2022\\\/01\\\/bus-ticket-online-booking.jpg\",\"datePublished\":\"2022-01-19T11:54:39+00:00\",\"dateModified\":\"2022-01-28T20:38:13+00:00\",\"description\":\"Looking for bus from\u00a0Kenya to Rwanda bus ticket booking app, routes, schedules & fares? Book cheap bus tickets from Kenya to Rwanda online\",\"breadcrumb\":{\"@id\":\"https:\\\/\\\/tiketi.com\\\/online-bus-tickets-from-kenya-to-rwanda\\\/#breadcrumb\"},\"inLanguage\":\"fr-FR\",\"potentialAction\":[{\"@type\":\"ReadAction\",\"target\":[\"https:\\\/\\\/tiketi.com\\\/online-bus-tickets-from-kenya-to-rwanda\\\/\"]}]},{\"@type\":\"ImageObject\",\"inLanguage\":\"fr-FR\",\"@id\":\"https:\\\/\\\/tiketi.com\\\/online-bus-tickets-from-kenya-to-rwanda\\\/#primaryimage\",\"url\":\"https:\\\/\\\/tiketi.com\\\/wp-content\\\/uploads\\\/2022\\\/01\\\/bus-ticket-online-booking.jpg\",\"contentUrl\":\"https:\\\/\\\/tiketi.com\\\/wp-content\\\/uploads\\\/2022\\\/01\\\/bus-ticket-online-booking.jpg\",\"width\":1200,\"height\":206,\"caption\":\"Online Bus Ticket Booking\"},{\"@type\":\"BreadcrumbList\",\"@id\":\"https:\\\/\\\/tiketi.com\\\/online-bus-tickets-from-kenya-to-rwanda\\\/#breadcrumb\",\"itemListElement\":[{\"@type\":\"ListItem\",\"position\":1,\"name\":\"Home\",\"item\":\"https:\\\/\\\/tiketi.com\\\/\"},{\"@type\":\"ListItem\",\"position\":2,\"name\":\"Bus from Kenya to Rwanda Bus Tickets, Routes, Schedules &#038; Fares\"}]},{\"@type\":\"WebSite\",\"@id\":\"https:\\\/\\\/tiketi.com\\\/#website\",\"url\":\"https:\\\/\\\/tiketi.com\\\/\",\"name\":\"Flight & Bus Tickets, Tour Packages & Activitites - Tiketi.com\",\"description\":\"Flight &amp; Bus Tickets, Tours, Activitites\",\"publisher\":{\"@id\":\"https:\\\/\\\/tiketi.com\\\/#organization\"},\"potentialAction\":[{\"@type\":\"SearchAction\",\"target\":{\"@type\":\"EntryPoint\",\"urlTemplate\":\"https:\\\/\\\/tiketi.com\\\/?s={search_term_string}\"},\"query-input\":{\"@type\":\"PropertyValueSpecification\",\"valueRequired\":true,\"valueName\":\"search_term_string\"}}],\"inLanguage\":\"fr-FR\"},{\"@type\":\"Organization\",\"@id\":\"https:\\\/\\\/tiketi.com\\\/#organization\",\"name\":\"Tiketi.com\",\"alternateName\":\"Tiketi\",\"url\":\"https:\\\/\\\/tiketi.com\\\/\",\"logo\":{\"@type\":\"ImageObject\",\"inLanguage\":\"fr-FR\",\"@id\":\"https:\\\/\\\/tiketi.com\\\/#\\\/schema\\\/logo\\\/image\\\/\",\"url\":\"https:\\\/\\\/tiketi.com\\\/wp-content\\\/uploads\\\/2019\\\/05\\\/tiketi-logo-696.png\",\"contentUrl\":\"https:\\\/\\\/tiketi.com\\\/wp-content\\\/uploads\\\/2019\\\/05\\\/tiketi-logo-696.png\",\"width\":696,\"height\":696,\"caption\":\"Tiketi.com\"},\"image\":{\"@id\":\"https:\\\/\\\/tiketi.com\\\/#\\\/schema\\\/logo\\\/image\\\/\"},\"sameAs\":[\"https:\\\/\\\/www.facebook.com\\\/TiketiCom\\\/\"]}]}<\/script>\n<!-- \/ Yoast SEO plugin. -->","yoast_head_json":{"title":"Bus de Kenya \u00e0 Rwanda Billets de bus, itin\u00e9raires, horaires et tarifs","description":"\u00c0 la recherche d&#039;une application de r\u00e9servation de billets de bus de Kenya \u00e0 Rwanda en bus, d&#039;itin\u00e9raires, d&#039;horaires et de tarifs\u00a0? R\u00e9servez en ligne des billets de bus \u00e0 bas prix de Kenya \u00e0 Rwanda","robots":{"index":"index","follow":"follow","max-snippet":"max-snippet:-1","max-image-preview":"max-image-preview:large","max-video-preview":"max-video-preview:-1"},"canonical":"https:\/\/tiketi.com\/fr-fr\/online-bus-tickets-from-kenya-to-rwanda\/","og_locale":"fr_FR","og_type":"article","og_title":"Bus from Kenya to Rwanda Bus Tickets, Routes, Schedules & Fares","og_description":"Looking for bus from\u00a0Kenya to Rwanda bus ticket booking app, routes, schedules & fares? Book cheap bus tickets from Kenya to Rwanda online","og_url":"https:\/\/tiketi.com\/fr-fr\/online-bus-tickets-from-kenya-to-rwanda\/","og_site_name":"Tiketi.com","article_publisher":"https:\/\/www.facebook.com\/TiketiCom\/","article_modified_time":"2022-01-28T20:38:13+00:00","og_image":[{"width":1200,"height":206,"url":"https:\/\/tiketi.com\/wp-content\/uploads\/2022\/01\/bus-ticket-online-booking.jpg","type":"image\/jpeg"}],"twitter_card":"summary_large_image","twitter_misc":{"Dur\u00e9e de lecture estim\u00e9e":"2 minutes"},"schema":{"@context":"https:\/\/schema.org","@graph":[{"@type":"WebPage","@id":"https:\/\/tiketi.com\/online-bus-tickets-from-kenya-to-rwanda\/","url":"https:\/\/tiketi.com\/online-bus-tickets-from-kenya-to-rwanda\/","name":"Bus de Kenya \u00e0 Rwanda Billets de bus, itin\u00e9raires, horaires et tarifs","isPartOf":{"@id":"https:\/\/tiketi.com\/#website"},"primaryImageOfPage":{"@id":"https:\/\/tiketi.com\/online-bus-tickets-from-kenya-to-rwanda\/#primaryimage"},"image":{"@id":"https:\/\/tiketi.com\/online-bus-tickets-from-kenya-to-rwanda\/#primaryimage"},"thumbnailUrl":"https:\/\/tiketi.com\/wp-content\/uploads\/2022\/01\/bus-ticket-online-booking.jpg","datePublished":"2022-01-19T11:54:39+00:00","dateModified":"2022-01-28T20:38:13+00:00","description":"\u00c0 la recherche d&#039;une application de r\u00e9servation de billets de bus de Kenya \u00e0 Rwanda en bus, d&#039;itin\u00e9raires, d&#039;horaires et de tarifs\u00a0? R\u00e9servez en ligne des billets de bus \u00e0 bas prix de Kenya \u00e0 Rwanda","breadcrumb":{"@id":"https:\/\/tiketi.com\/online-bus-tickets-from-kenya-to-rwanda\/#breadcrumb"},"inLanguage":"fr-FR","potentialAction":[{"@type":"ReadAction","target":["https:\/\/tiketi.com\/online-bus-tickets-from-kenya-to-rwanda\/"]}]},{"@type":"ImageObject","inLanguage":"fr-FR","@id":"https:\/\/tiketi.com\/online-bus-tickets-from-kenya-to-rwanda\/#primaryimage","url":"https:\/\/tiketi.com\/wp-content\/uploads\/2022\/01\/bus-ticket-online-booking.jpg","contentUrl":"https:\/\/tiketi.com\/wp-content\/uploads\/2022\/01\/bus-ticket-online-booking.jpg","width":1200,"height":206,"caption":"Online Bus Ticket Booking"},{"@type":"BreadcrumbList","@id":"https:\/\/tiketi.com\/online-bus-tickets-from-kenya-to-rwanda\/#breadcrumb","itemListElement":[{"@type":"ListItem","position":1,"name":"Home","item":"https:\/\/tiketi.com\/"},{"@type":"ListItem","position":2,"name":"Bus from Kenya to Rwanda Bus Tickets, Routes, Schedules &#038; Fares"}]},{"@type":"WebSite","@id":"https:\/\/tiketi.com\/#website","url":"https:\/\/tiketi.com\/","name":"Billets d&#039;avion et de bus, forfaits touristiques et activit\u00e9s - Tiketi.com","description":"Billets d&#039;avion et de bus, Tours, Activit\u00e9s","publisher":{"@id":"https:\/\/tiketi.com\/#organization"},"potentialAction":[{"@type":"SearchAction","target":{"@type":"EntryPoint","urlTemplate":"https:\/\/tiketi.com\/?s={search_term_string}"},"query-input":{"@type":"PropertyValueSpecification","valueRequired":true,"valueName":"search_term_string"}}],"inLanguage":"fr-FR"},{"@type":"Organization","@id":"https:\/\/tiketi.com\/#organization","name":"Tiketi.com","alternateName":"Tiketi","url":"https:\/\/tiketi.com\/","logo":{"@type":"ImageObject","inLanguage":"fr-FR","@id":"https:\/\/tiketi.com\/#\/schema\/logo\/image\/","url":"https:\/\/tiketi.com\/wp-content\/uploads\/2019\/05\/tiketi-logo-696.png","contentUrl":"https:\/\/tiketi.com\/wp-content\/uploads\/2019\/05\/tiketi-logo-696.png","width":696,"height":696,"caption":"Tiketi.com"},"image":{"@id":"https:\/\/tiketi.com\/#\/schema\/logo\/image\/"},"sameAs":["https:\/\/www.facebook.com\/TiketiCom\/"]}]}},"_links":{"self":[{"href":"https:\/\/tiketi.com\/fr-fr\/wp-json\/wp\/v2\/pages\/11429","targetHints":{"allow":["GET"]}}],"collection":[{"href":"https:\/\/tiketi.com\/fr-fr\/wp-json\/wp\/v2\/pages"}],"about":[{"href":"https:\/\/tiketi.com\/fr-fr\/wp-json\/wp\/v2\/types\/page"}],"author":[{"embeddable":true,"href":"https:\/\/tiketi.com\/fr-fr\/wp-json\/wp\/v2\/users\/1"}],"replies":[{"embeddable":true,"href":"https:\/\/tiketi.com\/fr-fr\/wp-json\/wp\/v2\/comments?post=11429"}],"version-history":[{"count":0,"href":"https:\/\/tiketi.com\/fr-fr\/wp-json\/wp\/v2\/pages\/11429\/revisions"}],"wp:featuredmedia":[{"embeddable":true,"href":"https:\/\/tiketi.com\/fr-fr\/wp-json\/wp\/v2\/media\/13999"}],"wp:attachment":[{"href":"https:\/\/tiketi.com\/fr-fr\/wp-json\/wp\/v2\/media?parent=11429"}],"curies":[{"name":"wp","href":"https:\/\/api.w.org\/{rel}","templated":true}]}}