{"id":11431,"date":"2022-01-19T12:54:39","date_gmt":"2022-01-19T11:54:39","guid":{"rendered":"https:\/\/new.tiketi.com\/bus-from-dar-es-salaam-to-lilongwe-bus-tickets-route-schedule-fare\/"},"modified":"2022-01-27T13:03:21","modified_gmt":"2022-01-27T12:03:21","slug":"online-bus-tickets-from-dar-es-salam-to-lilongwe","status":"publish","type":"page","link":"https:\/\/tiketi.com\/fr-fr\/online-bus-tickets-from-dar-es-salam-to-lilongwe\/","title":{"rendered":"Bus de Dar es Salaam \u00e0 Lilongwe Billets de bus, itin\u00e9raire, horaires et tarifs"},"content":{"rendered":"<h2>Billets de bus pas chers de Dar es Salaam \u00e0 Lilongwe R\u00e9servation en ligne<\/h2>\n<h3>D\u00e9couvrez votre itin\u00e9raire sur le web, le mobile ou l&#039;application et r\u00e9servez en ligne maintenant un billet de bus pas cher de Dar es Salam \u00e0 Lilongwe.<\/h3>\n<p>R\u00e9servez vos billets de bus de Dar es Salam \u00e0 Lilongwe en ligne et \u00e9conomisez du temps et de l&#039;argent. Lilongwe est l&#039;\u00e9tonnante capitale du Malawi qui fascine tout le monde avec ses sites touristiques remarquables. Voici le guide sur la fa\u00e7on de r\u00e9server des billets de bus de Dar es Salaam \u00e0 Lilongwe :<\/p>\n<h2>Bus de Dar es Salaam \u00e0 Lilongwe FAQ sur les billets de bus, les itin\u00e9raires, les horaires et les tarifs<\/h2>\n<h3>Est-ce que le bus de Dar es Salaam \u00e0 Lilongwe est le moyen abordable de se rendre \u00e0 Lilongwe ?<\/h3>\n<p>Le moyen abordable de se rendre de Dar es Salaam \u00e0 Lilongwe est de prendre la voiture et le bus. Les billets de bus pas chers de Dar es Salam \u00e0 Lilongwe $150 \u2013 $230 et dure 22h 50m.<\/p>\n<h3>Quelle est la distance du trajet de bus Dar es Salam \u00e0 Lilongwe ?<\/h3>\n<p>La distance du trajet de Dar es Salam \u00e0 Lilongwe en bus est de 995 km.<\/p>\n<h3>Comment se d\u00e9placer de Dar es Salaam \u00e0 Lilongwe sans v\u00e9hicule personnel ?<\/h3>\n<p>Le bus est le meilleur moyen de se rendre de Dar es Salaam \u00e0 Lilongwe sans v\u00e9hicule personnel. Dar es Salam \u00e0 Lilongwe trajet en bus 29h 30m et frais.<\/p>\n<h3>Quel est le moyen le plus rapide pour se rendre de Dar es Salaam \u00e0 Lilongwe ?<\/h3>\n<p>Le moyen le plus rapide pour se rendre de Dar es Salam \u00e0 Lilongwe est de <a href=\"https:\/\/tiketi.com\/fr-fr\/flightst\/\" target=\"_blank\" rel=\"noopener\">voler<\/a> qui co\u00fbte $230 \u2013 $580 et dure 3h 50m.<\/p>\n<h2>R\u00e9servez des billets de bus de Dar es Salaam \u00e0 Lilongwe<\/h2>\n<p>Les vols de Lilongwe vous emm\u00e8nent dans cet endroit admiratif o\u00f9 vous pourrez profiter des surprises du monde naturel en accueillant chaque personne avec bienveillance. La meilleure fa\u00e7on d&#039;atteindre cette capitale chaude du Malawi est les vols Lilongwe qui op\u00e8rent \u00e0 partir de partout dans le monde assez continuellement. Tous les vols arrivent au c\u00e9l\u00e8bre a\u00e9roport international de Kamuzu, qui est la grande porte d&#039;entr\u00e9e de Lilongwe.<\/p>\n<p>Lilongwe offre diff\u00e9rentes attractions, vous aurez la meilleure infrastructure de transport, y compris la voiture, le train et les bus qui vous emm\u00e8neront partout o\u00f9 vous voulez aller dans la ville. Le bus est le meilleur moyen abordable d&#039;atteindre la destination souhait\u00e9e. Le service de bus fonctionne \u00e0 chaque endroit de la ville et m\u00eame vous pouvez \u00e9galement vous d\u00e9placer dans la ville en bus.<\/p>","protected":false},"excerpt":{"rendered":"<p>Cheap Bus Tickets from Dar es Salaam to Lilongwe Online Booking Discover your travel route on web, mobile or app and book cheap bus ticket from Dar es Salam to Lilongwe online now. Book cheap bus from Dar es Salaam to Lilongwe bus tickets\u00a0online and save time and money. Lilongwe is the amazing capital of [&hellip;]<\/p>\n","protected":false},"author":1,"featured_media":13999,"parent":0,"menu_order":0,"comment_status":"open","ping_status":"closed","template":"template-home-modern.php","meta":{"footnotes":""},"class_list":["post-11431","page","type-page","status-publish","has-post-thumbnail","hentry"],"yoast_head":"<!-- This site is optimized with the Yoast SEO plugin v27.2 - https:\/\/yoast.com\/product\/yoast-seo-wordpress\/ -->\n<title>Bus from Dar es Salaam to Lilongwe Bus Tickets, Route, Schedule &amp; Fare<\/title>\n<meta name=\"description\" content=\"Looking for bus from\u00a0Dar es Salaam to Lilongwe bus ticket booking app, route, schedule &amp; fare? Book cheap bus tickets from Dar es Salaam to Lilongwe online\" \/>\n<meta name=\"robots\" content=\"index, follow, max-snippet:-1, max-image-preview:large, max-video-preview:-1\" \/>\n<link rel=\"canonical\" href=\"https:\/\/tiketi.com\/fr-fr\/online-bus-tickets-from-dar-es-salam-to-lilongwe\/\" \/>\n<meta property=\"og:locale\" content=\"fr_FR\" \/>\n<meta property=\"og:type\" content=\"article\" \/>\n<meta property=\"og:title\" content=\"Bus from Dar es Salaam to Lilongwe Bus Tickets, Route, Schedule &amp; Fare\" \/>\n<meta property=\"og:description\" content=\"Looking for bus from\u00a0Dar es Salaam to Lilongwe bus ticket booking app, route, schedule &amp; fare? Book cheap bus tickets from Dar es Salaam to Lilongwe online\" \/>\n<meta property=\"og:url\" content=\"https:\/\/tiketi.com\/fr-fr\/online-bus-tickets-from-dar-es-salam-to-lilongwe\/\" \/>\n<meta property=\"og:site_name\" content=\"Tiketi.com\" \/>\n<meta property=\"article:publisher\" content=\"https:\/\/www.facebook.com\/TiketiCom\/\" \/>\n<meta property=\"article:modified_time\" content=\"2022-01-27T12:03:21+00:00\" \/>\n<meta property=\"og:image\" content=\"https:\/\/tiketi.com\/wp-content\/uploads\/2022\/01\/bus-ticket-online-booking.jpg\" \/>\n\t<meta property=\"og:image:width\" content=\"1200\" \/>\n\t<meta property=\"og:image:height\" content=\"206\" \/>\n\t<meta property=\"og:image:type\" content=\"image\/jpeg\" \/>\n<meta name=\"twitter:card\" content=\"summary_large_image\" \/>\n<meta name=\"twitter:label1\" content=\"Dur\u00e9e de lecture estim\u00e9e\" \/>\n\t<meta name=\"twitter:data1\" content=\"2 minutes\" \/>\n<script type=\"application\/ld+json\" class=\"yoast-schema-graph\">{\"@context\":\"https:\/\/schema.org\",\"@graph\":[{\"@type\":\"WebPage\",\"@id\":\"https:\/\/tiketi.com\/online-bus-tickets-from-dar-es-salam-to-lilongwe\/\",\"url\":\"https:\/\/tiketi.com\/online-bus-tickets-from-dar-es-salam-to-lilongwe\/\",\"name\":\"Bus from Dar es Salaam to Lilongwe Bus Tickets, Route, Schedule & Fare\",\"isPartOf\":{\"@id\":\"https:\/\/tiketi.com\/#website\"},\"primaryImageOfPage\":{\"@id\":\"https:\/\/tiketi.com\/online-bus-tickets-from-dar-es-salam-to-lilongwe\/#primaryimage\"},\"image\":{\"@id\":\"https:\/\/tiketi.com\/online-bus-tickets-from-dar-es-salam-to-lilongwe\/#primaryimage\"},\"thumbnailUrl\":\"https:\/\/tiketi.com\/wp-content\/uploads\/2022\/01\/bus-ticket-online-booking.jpg\",\"datePublished\":\"2022-01-19T11:54:39+00:00\",\"dateModified\":\"2022-01-27T12:03:21+00:00\",\"description\":\"Looking for bus from\u00a0Dar es Salaam to Lilongwe bus ticket booking app, route, schedule & fare? Book cheap bus tickets from Dar es Salaam to Lilongwe online\",\"breadcrumb\":{\"@id\":\"https:\/\/tiketi.com\/online-bus-tickets-from-dar-es-salam-to-lilongwe\/#breadcrumb\"},\"inLanguage\":\"fr-FR\",\"potentialAction\":[{\"@type\":\"ReadAction\",\"target\":[\"https:\/\/tiketi.com\/online-bus-tickets-from-dar-es-salam-to-lilongwe\/\"]}]},{\"@type\":\"ImageObject\",\"inLanguage\":\"fr-FR\",\"@id\":\"https:\/\/tiketi.com\/online-bus-tickets-from-dar-es-salam-to-lilongwe\/#primaryimage\",\"url\":\"https:\/\/tiketi.com\/wp-content\/uploads\/2022\/01\/bus-ticket-online-booking.jpg\",\"contentUrl\":\"https:\/\/tiketi.com\/wp-content\/uploads\/2022\/01\/bus-ticket-online-booking.jpg\",\"width\":1200,\"height\":206,\"caption\":\"Online Bus Ticket Booking\"},{\"@type\":\"BreadcrumbList\",\"@id\":\"https:\/\/tiketi.com\/online-bus-tickets-from-dar-es-salam-to-lilongwe\/#breadcrumb\",\"itemListElement\":[{\"@type\":\"ListItem\",\"position\":1,\"name\":\"Home\",\"item\":\"https:\/\/tiketi.com\/\"},{\"@type\":\"ListItem\",\"position\":2,\"name\":\"Bus from Dar es Salaam to Lilongwe Bus Tickets, Route, Schedule &#038; Fare\"}]},{\"@type\":\"WebSite\",\"@id\":\"https:\/\/tiketi.com\/#website\",\"url\":\"https:\/\/tiketi.com\/\",\"name\":\"Flight & Bus Tickets, Tour Packages & Activitites - Tiketi.com\",\"description\":\"Flight &amp; Bus Tickets, Tours, Activitites\",\"publisher\":{\"@id\":\"https:\/\/tiketi.com\/#organization\"},\"potentialAction\":[{\"@type\":\"SearchAction\",\"target\":{\"@type\":\"EntryPoint\",\"urlTemplate\":\"https:\/\/tiketi.com\/?s={search_term_string}\"},\"query-input\":{\"@type\":\"PropertyValueSpecification\",\"valueRequired\":true,\"valueName\":\"search_term_string\"}}],\"inLanguage\":\"fr-FR\"},{\"@type\":\"Organization\",\"@id\":\"https:\/\/tiketi.com\/#organization\",\"name\":\"Tiketi.com\",\"alternateName\":\"Tiketi\",\"url\":\"https:\/\/tiketi.com\/\",\"logo\":{\"@type\":\"ImageObject\",\"inLanguage\":\"fr-FR\",\"@id\":\"https:\/\/tiketi.com\/#\/schema\/logo\/image\/\",\"url\":\"https:\/\/tiketi.com\/wp-content\/uploads\/2019\/05\/tiketi-logo-696.png\",\"contentUrl\":\"https:\/\/tiketi.com\/wp-content\/uploads\/2019\/05\/tiketi-logo-696.png\",\"width\":696,\"height\":696,\"caption\":\"Tiketi.com\"},\"image\":{\"@id\":\"https:\/\/tiketi.com\/#\/schema\/logo\/image\/\"},\"sameAs\":[\"https:\/\/www.facebook.com\/TiketiCom\/\"]}]}<\/script>\n<!-- \/ Yoast SEO plugin. -->","yoast_head_json":{"title":"Bus de Dar es Salaam \u00e0 Lilongwe Billets de bus, itin\u00e9raire, horaires et tarifs","description":"\u00c0 la recherche d&#039;une application de r\u00e9servation de billets de bus de Dar es Salaam \u00e0 Lilongwe, d&#039;un itin\u00e9raire, d&#039;un horaire et d&#039;un tarif de bus ? R\u00e9servez en ligne des billets de bus pas chers de Dar es Salam \u00e0 Lilongwe","robots":{"index":"index","follow":"follow","max-snippet":"max-snippet:-1","max-image-preview":"max-image-preview:large","max-video-preview":"max-video-preview:-1"},"canonical":"https:\/\/tiketi.com\/fr-fr\/online-bus-tickets-from-dar-es-salam-to-lilongwe\/","og_locale":"fr_FR","og_type":"article","og_title":"Bus from Dar es Salaam to Lilongwe Bus Tickets, Route, Schedule & Fare","og_description":"Looking for bus from\u00a0Dar es Salaam to Lilongwe bus ticket booking app, route, schedule & fare? Book cheap bus tickets from Dar es Salaam to Lilongwe online","og_url":"https:\/\/tiketi.com\/fr-fr\/online-bus-tickets-from-dar-es-salam-to-lilongwe\/","og_site_name":"Tiketi.com","article_publisher":"https:\/\/www.facebook.com\/TiketiCom\/","article_modified_time":"2022-01-27T12:03:21+00:00","og_image":[{"width":1200,"height":206,"url":"https:\/\/tiketi.com\/wp-content\/uploads\/2022\/01\/bus-ticket-online-booking.jpg","type":"image\/jpeg"}],"twitter_card":"summary_large_image","twitter_misc":{"Dur\u00e9e de lecture estim\u00e9e":"2 minutes"},"schema":{"@context":"https:\/\/schema.org","@graph":[{"@type":"WebPage","@id":"https:\/\/tiketi.com\/online-bus-tickets-from-dar-es-salam-to-lilongwe\/","url":"https:\/\/tiketi.com\/online-bus-tickets-from-dar-es-salam-to-lilongwe\/","name":"Bus de Dar es Salaam \u00e0 Lilongwe Billets de bus, itin\u00e9raire, horaires et tarifs","isPartOf":{"@id":"https:\/\/tiketi.com\/#website"},"primaryImageOfPage":{"@id":"https:\/\/tiketi.com\/online-bus-tickets-from-dar-es-salam-to-lilongwe\/#primaryimage"},"image":{"@id":"https:\/\/tiketi.com\/online-bus-tickets-from-dar-es-salam-to-lilongwe\/#primaryimage"},"thumbnailUrl":"https:\/\/tiketi.com\/wp-content\/uploads\/2022\/01\/bus-ticket-online-booking.jpg","datePublished":"2022-01-19T11:54:39+00:00","dateModified":"2022-01-27T12:03:21+00:00","description":"\u00c0 la recherche d&#039;une application de r\u00e9servation de billets de bus de Dar es Salaam \u00e0 Lilongwe, d&#039;un itin\u00e9raire, d&#039;un horaire et d&#039;un tarif de bus ? R\u00e9servez en ligne des billets de bus pas chers de Dar es Salam \u00e0 Lilongwe","breadcrumb":{"@id":"https:\/\/tiketi.com\/online-bus-tickets-from-dar-es-salam-to-lilongwe\/#breadcrumb"},"inLanguage":"fr-FR","potentialAction":[{"@type":"ReadAction","target":["https:\/\/tiketi.com\/online-bus-tickets-from-dar-es-salam-to-lilongwe\/"]}]},{"@type":"ImageObject","inLanguage":"fr-FR","@id":"https:\/\/tiketi.com\/online-bus-tickets-from-dar-es-salam-to-lilongwe\/#primaryimage","url":"https:\/\/tiketi.com\/wp-content\/uploads\/2022\/01\/bus-ticket-online-booking.jpg","contentUrl":"https:\/\/tiketi.com\/wp-content\/uploads\/2022\/01\/bus-ticket-online-booking.jpg","width":1200,"height":206,"caption":"Online Bus Ticket Booking"},{"@type":"BreadcrumbList","@id":"https:\/\/tiketi.com\/online-bus-tickets-from-dar-es-salam-to-lilongwe\/#breadcrumb","itemListElement":[{"@type":"ListItem","position":1,"name":"Home","item":"https:\/\/tiketi.com\/"},{"@type":"ListItem","position":2,"name":"Bus from Dar es Salaam to Lilongwe Bus Tickets, Route, Schedule &#038; Fare"}]},{"@type":"WebSite","@id":"https:\/\/tiketi.com\/#website","url":"https:\/\/tiketi.com\/","name":"Billets d&#039;avion et de bus, forfaits touristiques et activit\u00e9s - Tiketi.com","description":"Billets d&#039;avion et de bus, Tours, Activit\u00e9s","publisher":{"@id":"https:\/\/tiketi.com\/#organization"},"potentialAction":[{"@type":"SearchAction","target":{"@type":"EntryPoint","urlTemplate":"https:\/\/tiketi.com\/?s={search_term_string}"},"query-input":{"@type":"PropertyValueSpecification","valueRequired":true,"valueName":"search_term_string"}}],"inLanguage":"fr-FR"},{"@type":"Organization","@id":"https:\/\/tiketi.com\/#organization","name":"Tiketi.com","alternateName":"Tiketi","url":"https:\/\/tiketi.com\/","logo":{"@type":"ImageObject","inLanguage":"fr-FR","@id":"https:\/\/tiketi.com\/#\/schema\/logo\/image\/","url":"https:\/\/tiketi.com\/wp-content\/uploads\/2019\/05\/tiketi-logo-696.png","contentUrl":"https:\/\/tiketi.com\/wp-content\/uploads\/2019\/05\/tiketi-logo-696.png","width":696,"height":696,"caption":"Tiketi.com"},"image":{"@id":"https:\/\/tiketi.com\/#\/schema\/logo\/image\/"},"sameAs":["https:\/\/www.facebook.com\/TiketiCom\/"]}]}},"_links":{"self":[{"href":"https:\/\/tiketi.com\/fr-fr\/wp-json\/wp\/v2\/pages\/11431","targetHints":{"allow":["GET"]}}],"collection":[{"href":"https:\/\/tiketi.com\/fr-fr\/wp-json\/wp\/v2\/pages"}],"about":[{"href":"https:\/\/tiketi.com\/fr-fr\/wp-json\/wp\/v2\/types\/page"}],"author":[{"embeddable":true,"href":"https:\/\/tiketi.com\/fr-fr\/wp-json\/wp\/v2\/users\/1"}],"replies":[{"embeddable":true,"href":"https:\/\/tiketi.com\/fr-fr\/wp-json\/wp\/v2\/comments?post=11431"}],"version-history":[{"count":0,"href":"https:\/\/tiketi.com\/fr-fr\/wp-json\/wp\/v2\/pages\/11431\/revisions"}],"wp:featuredmedia":[{"embeddable":true,"href":"https:\/\/tiketi.com\/fr-fr\/wp-json\/wp\/v2\/media\/13999"}],"wp:attachment":[{"href":"https:\/\/tiketi.com\/fr-fr\/wp-json\/wp\/v2\/media?parent=11431"}],"curies":[{"name":"wp","href":"https:\/\/api.w.org\/{rel}","templated":true}]}}