{"id":11432,"date":"2022-01-19T12:54:39","date_gmt":"2022-01-19T11:54:39","guid":{"rendered":"https:\/\/new.tiketi.com\/bus-from-angola-to-namibia-bus-tickets-booking-route-schedule-fare\/"},"modified":"2022-01-26T22:48:50","modified_gmt":"2022-01-26T21:48:50","slug":"bonline-bus-tickets-from-angola-to-namibia","status":"publish","type":"page","link":"https:\/\/tiketi.com\/fr-fr\/bonline-bus-tickets-from-angola-to-namibia\/","title":{"rendered":"Bus de l&#039;Angola \u00e0 la Namibie, r\u00e9servation de billets de bus, itin\u00e9raire, horaires et tarifs"},"content":{"rendered":"<h2>Billets de bus pas chers de l&#039;Angola \u00e0 la Namibie R\u00e9servation en ligne<\/h2>\n<h3>D\u00e9couvrez votre itin\u00e9raire sur le web, le mobile ou l&#039;application et r\u00e9servez en ligne maintenant un billet de bus pas cher de l&#039;Angola \u00e0 la Namibie.<\/h3>\n<p>Faites une r\u00e9servation en ligne de bus pas cher de l&#039;Angola \u00e0 la Namibie et \u00e9conomisez du temps et de l&#039;argent. Si vous souhaitez vous rendre dans un endroit o\u00f9 vous pourrez vivre une aventure sans quitter les d\u00e9lassements de la vie urbaine, vous devriez mettre la Namibie sur votre liste. Avec autant d&#039;endroits \u00e0 visiter, une aventure namibienne peut rendre n&#039;importe quelles vacances int\u00e9ressantes. Avant de pr\u00e9parer vos affaires et de vous diriger vers un meilleur voyage en Namibie, voici quelques endroits \u00e0 visiter et un guide sur la fa\u00e7on de r\u00e9server des billets de bus de l&#039;Angola \u00e0 la Namibie :<\/p>\n<h2>Bus de l&#039;Angola \u00e0 la Namibie R\u00e9servation de billets de bus, itin\u00e9raires, horaires et tarifs FAQs<\/h2>\n<h3>Quel est le moyen abordable pour se rendre de Angola \u00e0 Namibie ?<\/h3>\n<p>Le moyen abordable de se rendre de l&#039;Angola \u00e0 la Namibie en bus. Billets de bus pas chers de Angola \u00e0 Namibie $40 \u2013 $140 et dure 25h 20m.<\/p>\n<h3>Quelle est la distance parcourue entre Angola et Namibie en bus ?<\/h3>\n<p>La distance du voyage en bus Angola \u00e0 Namibie est de 1263 km.<\/p>\n<h3>Avion ou bus de l&#039;Angola \u00e0 la Namibie ?<\/h3>\n<p>Le meilleur moyen de se rendre de l&#039;Angola \u00e0 la Namibie est de <a href=\"https:\/\/tiketi.com\/fr-fr\/flightst\/\" target=\"_blank\" rel=\"noopener\">voler<\/a> qui dure 2h 50m et co\u00fbte $140 \u2013 $460. Sinon, vous pouvez bus, Angola \u00e0 Namibie tarif de bus et dure 25 h 13m.<\/p>\n<h3>Quel est le moyen le plus rapide pour se rendre de Angola \u00e0 Namibie ?<\/h3>\n<p>Le moyen le plus rapide pour se rendre de l&#039;Angola \u00e0 la Namibie est de prendre l&#039;avion. L&#039;Angola \u00e0 la Namibie co\u00fbte le bus $170 - $380 et dure 1h 15m.<\/p>\n<h2>R\u00e9servez des billets de bus de l&#039;Angola vers la Namibie<\/h2>\n<p>Situ\u00e9 \u00e0 environ 68 kilom\u00e8tres \u00e0 l&#039;est d&#039;Otjiwarongo, le plateau de Waterberg se dresse \u00e0 environ deux cents m\u00e8tres au-dessus de l&#039;endroit environnant. L&#039;observation de la faune serait une meilleure activit\u00e9 du c\u00f4t\u00e9 de la Namibie. Cette r\u00e9serve de 405,5 km2 abrite des esp\u00e8ces rares et menac\u00e9es d&#039;antilopes et de rhinoc\u00e9ros, d&#039;oiseaux, de zibeline et de buffles.<\/p>\n<p>Damaraland est la maison d&#039;une large s\u00e9lection de destinations touristiques comme l&#039;ob\u00e9lisque naturel de 35 m Vingerklip et le plus grand d\u00e9p\u00f4t de p\u00e9troglyphes de l&#039;\u00e2ge de pierre de Namibie, Twyfelfontein. Une autre attraction populaire du Damaraland contient les tuyaux d&#039;orgue form\u00e9s par des mouvements dynamiques.<\/p>","protected":false},"excerpt":{"rendered":"<p>Cheap Bus Tickets from\u00a0Angola to Namibia\u00a0Online Booking Discover your travel route on web, mobile or app and book cheap bus ticket from Angola to Namibia online now. Do cheap bus from Angola to Namibia bus online booking and save time and money. If you want to go to a location where you can have an [&hellip;]<\/p>\n","protected":false},"author":1,"featured_media":13999,"parent":0,"menu_order":0,"comment_status":"open","ping_status":"closed","template":"template-home-modern.php","meta":{"footnotes":""},"class_list":["post-11432","page","type-page","status-publish","has-post-thumbnail","hentry"],"yoast_head":"<!-- This site is optimized with the Yoast SEO plugin v27.3 - https:\/\/yoast.com\/product\/yoast-seo-wordpress\/ -->\n<title>Bus from Angola to Namibia Bus Tickets Booking, Route, Schedule &amp; Fare<\/title>\n<meta name=\"description\" content=\"Looking for bus from\u00a0Angola to Namibia bus ticket booking app, route, schedule &amp; fare? Book cheap bus tickets from Angola to Namibia online\" \/>\n<meta name=\"robots\" content=\"index, follow, max-snippet:-1, max-image-preview:large, max-video-preview:-1\" \/>\n<link rel=\"canonical\" href=\"https:\/\/tiketi.com\/fr-fr\/bonline-bus-tickets-from-angola-to-namibia\/\" \/>\n<meta property=\"og:locale\" content=\"fr_FR\" \/>\n<meta property=\"og:type\" content=\"article\" \/>\n<meta property=\"og:title\" content=\"Bus from Angola to Namibia Bus Tickets Booking, Route, Schedule &amp; Fare\" \/>\n<meta property=\"og:description\" content=\"Looking for bus from\u00a0Angola to Namibia bus ticket booking app, route, schedule &amp; fare? Book cheap bus tickets from Angola to Namibia online\" \/>\n<meta property=\"og:url\" content=\"https:\/\/tiketi.com\/fr-fr\/bonline-bus-tickets-from-angola-to-namibia\/\" \/>\n<meta property=\"og:site_name\" content=\"Tiketi.com\" \/>\n<meta property=\"article:publisher\" content=\"https:\/\/www.facebook.com\/TiketiCom\/\" \/>\n<meta property=\"article:modified_time\" content=\"2022-01-26T21:48:50+00:00\" \/>\n<meta property=\"og:image\" content=\"https:\/\/tiketi.com\/wp-content\/uploads\/2022\/01\/bus-ticket-online-booking.jpg\" \/>\n\t<meta property=\"og:image:width\" content=\"1200\" \/>\n\t<meta property=\"og:image:height\" content=\"206\" \/>\n\t<meta property=\"og:image:type\" content=\"image\/jpeg\" \/>\n<meta name=\"twitter:card\" content=\"summary_large_image\" \/>\n<meta name=\"twitter:label1\" content=\"Dur\u00e9e de lecture estim\u00e9e\" \/>\n\t<meta name=\"twitter:data1\" content=\"2 minutes\" \/>\n<script type=\"application\/ld+json\" class=\"yoast-schema-graph\">{\"@context\":\"https:\\\/\\\/schema.org\",\"@graph\":[{\"@type\":\"WebPage\",\"@id\":\"https:\\\/\\\/tiketi.com\\\/bonline-bus-tickets-from-angola-to-namibia\\\/\",\"url\":\"https:\\\/\\\/tiketi.com\\\/bonline-bus-tickets-from-angola-to-namibia\\\/\",\"name\":\"Bus from Angola to Namibia Bus Tickets Booking, Route, Schedule & Fare\",\"isPartOf\":{\"@id\":\"https:\\\/\\\/tiketi.com\\\/#website\"},\"primaryImageOfPage\":{\"@id\":\"https:\\\/\\\/tiketi.com\\\/bonline-bus-tickets-from-angola-to-namibia\\\/#primaryimage\"},\"image\":{\"@id\":\"https:\\\/\\\/tiketi.com\\\/bonline-bus-tickets-from-angola-to-namibia\\\/#primaryimage\"},\"thumbnailUrl\":\"https:\\\/\\\/tiketi.com\\\/wp-content\\\/uploads\\\/2022\\\/01\\\/bus-ticket-online-booking.jpg\",\"datePublished\":\"2022-01-19T11:54:39+00:00\",\"dateModified\":\"2022-01-26T21:48:50+00:00\",\"description\":\"Looking for bus from\u00a0Angola to Namibia bus ticket booking app, route, schedule & fare? Book cheap bus tickets from Angola to Namibia online\",\"breadcrumb\":{\"@id\":\"https:\\\/\\\/tiketi.com\\\/bonline-bus-tickets-from-angola-to-namibia\\\/#breadcrumb\"},\"inLanguage\":\"fr-FR\",\"potentialAction\":[{\"@type\":\"ReadAction\",\"target\":[\"https:\\\/\\\/tiketi.com\\\/bonline-bus-tickets-from-angola-to-namibia\\\/\"]}]},{\"@type\":\"ImageObject\",\"inLanguage\":\"fr-FR\",\"@id\":\"https:\\\/\\\/tiketi.com\\\/bonline-bus-tickets-from-angola-to-namibia\\\/#primaryimage\",\"url\":\"https:\\\/\\\/tiketi.com\\\/wp-content\\\/uploads\\\/2022\\\/01\\\/bus-ticket-online-booking.jpg\",\"contentUrl\":\"https:\\\/\\\/tiketi.com\\\/wp-content\\\/uploads\\\/2022\\\/01\\\/bus-ticket-online-booking.jpg\",\"width\":1200,\"height\":206,\"caption\":\"Online Bus Ticket Booking\"},{\"@type\":\"BreadcrumbList\",\"@id\":\"https:\\\/\\\/tiketi.com\\\/bonline-bus-tickets-from-angola-to-namibia\\\/#breadcrumb\",\"itemListElement\":[{\"@type\":\"ListItem\",\"position\":1,\"name\":\"Home\",\"item\":\"https:\\\/\\\/tiketi.com\\\/\"},{\"@type\":\"ListItem\",\"position\":2,\"name\":\"Bus from Angola to Namibia, Bus Tickets Booking, Route, Schedule &#038; Fare\"}]},{\"@type\":\"WebSite\",\"@id\":\"https:\\\/\\\/tiketi.com\\\/#website\",\"url\":\"https:\\\/\\\/tiketi.com\\\/\",\"name\":\"Flight & Bus Tickets, Tour Packages & Activitites - Tiketi.com\",\"description\":\"Flight &amp; Bus Tickets, Tours, Activitites\",\"publisher\":{\"@id\":\"https:\\\/\\\/tiketi.com\\\/#organization\"},\"potentialAction\":[{\"@type\":\"SearchAction\",\"target\":{\"@type\":\"EntryPoint\",\"urlTemplate\":\"https:\\\/\\\/tiketi.com\\\/?s={search_term_string}\"},\"query-input\":{\"@type\":\"PropertyValueSpecification\",\"valueRequired\":true,\"valueName\":\"search_term_string\"}}],\"inLanguage\":\"fr-FR\"},{\"@type\":\"Organization\",\"@id\":\"https:\\\/\\\/tiketi.com\\\/#organization\",\"name\":\"Tiketi.com\",\"alternateName\":\"Tiketi\",\"url\":\"https:\\\/\\\/tiketi.com\\\/\",\"logo\":{\"@type\":\"ImageObject\",\"inLanguage\":\"fr-FR\",\"@id\":\"https:\\\/\\\/tiketi.com\\\/#\\\/schema\\\/logo\\\/image\\\/\",\"url\":\"https:\\\/\\\/tiketi.com\\\/wp-content\\\/uploads\\\/2019\\\/05\\\/tiketi-logo-696.png\",\"contentUrl\":\"https:\\\/\\\/tiketi.com\\\/wp-content\\\/uploads\\\/2019\\\/05\\\/tiketi-logo-696.png\",\"width\":696,\"height\":696,\"caption\":\"Tiketi.com\"},\"image\":{\"@id\":\"https:\\\/\\\/tiketi.com\\\/#\\\/schema\\\/logo\\\/image\\\/\"},\"sameAs\":[\"https:\\\/\\\/www.facebook.com\\\/TiketiCom\\\/\"]}]}<\/script>\n<!-- \/ Yoast SEO plugin. -->","yoast_head_json":{"title":"Bus de l&#039;Angola \u00e0 la Namibie R\u00e9servation de billets de bus, itin\u00e9raire, horaires et tarifs","description":"\u00c0 la recherche d&#039;une application de r\u00e9servation de bus de Angola \u00e0 Namibie, d&#039;un itin\u00e9raire, d&#039;un horaire et d&#039;un tarif de bus ? R\u00e9servez en ligne des billets de bus \u00e0 bas prix de Angola \u00e0 Namibie","robots":{"index":"index","follow":"follow","max-snippet":"max-snippet:-1","max-image-preview":"max-image-preview:large","max-video-preview":"max-video-preview:-1"},"canonical":"https:\/\/tiketi.com\/fr-fr\/bonline-bus-tickets-from-angola-to-namibia\/","og_locale":"fr_FR","og_type":"article","og_title":"Bus from Angola to Namibia Bus Tickets Booking, Route, Schedule & Fare","og_description":"Looking for bus from\u00a0Angola to Namibia bus ticket booking app, route, schedule & fare? Book cheap bus tickets from Angola to Namibia online","og_url":"https:\/\/tiketi.com\/fr-fr\/bonline-bus-tickets-from-angola-to-namibia\/","og_site_name":"Tiketi.com","article_publisher":"https:\/\/www.facebook.com\/TiketiCom\/","article_modified_time":"2022-01-26T21:48:50+00:00","og_image":[{"width":1200,"height":206,"url":"https:\/\/tiketi.com\/wp-content\/uploads\/2022\/01\/bus-ticket-online-booking.jpg","type":"image\/jpeg"}],"twitter_card":"summary_large_image","twitter_misc":{"Dur\u00e9e de lecture estim\u00e9e":"2 minutes"},"schema":{"@context":"https:\/\/schema.org","@graph":[{"@type":"WebPage","@id":"https:\/\/tiketi.com\/bonline-bus-tickets-from-angola-to-namibia\/","url":"https:\/\/tiketi.com\/bonline-bus-tickets-from-angola-to-namibia\/","name":"Bus de l&#039;Angola \u00e0 la Namibie R\u00e9servation de billets de bus, itin\u00e9raire, horaires et tarifs","isPartOf":{"@id":"https:\/\/tiketi.com\/#website"},"primaryImageOfPage":{"@id":"https:\/\/tiketi.com\/bonline-bus-tickets-from-angola-to-namibia\/#primaryimage"},"image":{"@id":"https:\/\/tiketi.com\/bonline-bus-tickets-from-angola-to-namibia\/#primaryimage"},"thumbnailUrl":"https:\/\/tiketi.com\/wp-content\/uploads\/2022\/01\/bus-ticket-online-booking.jpg","datePublished":"2022-01-19T11:54:39+00:00","dateModified":"2022-01-26T21:48:50+00:00","description":"\u00c0 la recherche d&#039;une application de r\u00e9servation de bus de Angola \u00e0 Namibie, d&#039;un itin\u00e9raire, d&#039;un horaire et d&#039;un tarif de bus ? R\u00e9servez en ligne des billets de bus \u00e0 bas prix de Angola \u00e0 Namibie","breadcrumb":{"@id":"https:\/\/tiketi.com\/bonline-bus-tickets-from-angola-to-namibia\/#breadcrumb"},"inLanguage":"fr-FR","potentialAction":[{"@type":"ReadAction","target":["https:\/\/tiketi.com\/bonline-bus-tickets-from-angola-to-namibia\/"]}]},{"@type":"ImageObject","inLanguage":"fr-FR","@id":"https:\/\/tiketi.com\/bonline-bus-tickets-from-angola-to-namibia\/#primaryimage","url":"https:\/\/tiketi.com\/wp-content\/uploads\/2022\/01\/bus-ticket-online-booking.jpg","contentUrl":"https:\/\/tiketi.com\/wp-content\/uploads\/2022\/01\/bus-ticket-online-booking.jpg","width":1200,"height":206,"caption":"Online Bus Ticket Booking"},{"@type":"BreadcrumbList","@id":"https:\/\/tiketi.com\/bonline-bus-tickets-from-angola-to-namibia\/#breadcrumb","itemListElement":[{"@type":"ListItem","position":1,"name":"Home","item":"https:\/\/tiketi.com\/"},{"@type":"ListItem","position":2,"name":"Bus from Angola to Namibia, Bus Tickets Booking, Route, Schedule &#038; Fare"}]},{"@type":"WebSite","@id":"https:\/\/tiketi.com\/#website","url":"https:\/\/tiketi.com\/","name":"Billets d&#039;avion et de bus, forfaits touristiques et activit\u00e9s - Tiketi.com","description":"Billets d&#039;avion et de bus, Tours, Activit\u00e9s","publisher":{"@id":"https:\/\/tiketi.com\/#organization"},"potentialAction":[{"@type":"SearchAction","target":{"@type":"EntryPoint","urlTemplate":"https:\/\/tiketi.com\/?s={search_term_string}"},"query-input":{"@type":"PropertyValueSpecification","valueRequired":true,"valueName":"search_term_string"}}],"inLanguage":"fr-FR"},{"@type":"Organization","@id":"https:\/\/tiketi.com\/#organization","name":"Tiketi.com","alternateName":"Tiketi","url":"https:\/\/tiketi.com\/","logo":{"@type":"ImageObject","inLanguage":"fr-FR","@id":"https:\/\/tiketi.com\/#\/schema\/logo\/image\/","url":"https:\/\/tiketi.com\/wp-content\/uploads\/2019\/05\/tiketi-logo-696.png","contentUrl":"https:\/\/tiketi.com\/wp-content\/uploads\/2019\/05\/tiketi-logo-696.png","width":696,"height":696,"caption":"Tiketi.com"},"image":{"@id":"https:\/\/tiketi.com\/#\/schema\/logo\/image\/"},"sameAs":["https:\/\/www.facebook.com\/TiketiCom\/"]}]}},"_links":{"self":[{"href":"https:\/\/tiketi.com\/fr-fr\/wp-json\/wp\/v2\/pages\/11432","targetHints":{"allow":["GET"]}}],"collection":[{"href":"https:\/\/tiketi.com\/fr-fr\/wp-json\/wp\/v2\/pages"}],"about":[{"href":"https:\/\/tiketi.com\/fr-fr\/wp-json\/wp\/v2\/types\/page"}],"author":[{"embeddable":true,"href":"https:\/\/tiketi.com\/fr-fr\/wp-json\/wp\/v2\/users\/1"}],"replies":[{"embeddable":true,"href":"https:\/\/tiketi.com\/fr-fr\/wp-json\/wp\/v2\/comments?post=11432"}],"version-history":[{"count":0,"href":"https:\/\/tiketi.com\/fr-fr\/wp-json\/wp\/v2\/pages\/11432\/revisions"}],"wp:featuredmedia":[{"embeddable":true,"href":"https:\/\/tiketi.com\/fr-fr\/wp-json\/wp\/v2\/media\/13999"}],"wp:attachment":[{"href":"https:\/\/tiketi.com\/fr-fr\/wp-json\/wp\/v2\/media?parent=11432"}],"curies":[{"name":"wp","href":"https:\/\/api.w.org\/{rel}","templated":true}]}}