{"id":11433,"date":"2022-01-19T12:54:39","date_gmt":"2022-01-19T11:54:39","guid":{"rendered":"https:\/\/new.tiketi.com\/bus-from-addis-ababa-to-jijiga-bus-tickets-booking-fare-schedule-route\/"},"modified":"2022-01-26T22:33:43","modified_gmt":"2022-01-26T21:33:43","slug":"online-bus-tickets-from-addis-ababa-to-jigjiga","status":"publish","type":"page","link":"https:\/\/tiketi.com\/fr-fr\/online-bus-tickets-from-addis-ababa-to-jigjiga\/","title":{"rendered":"Bus d&#039;Addis-Abeba \u00e0 Jijiga, billets de bus, tarif, horaires et itin\u00e9raire"},"content":{"rendered":"<h2>Billets de bus pas chers d&#039;Addis-Abeba \u00e0 Jijiga R\u00e9servation en ligne<\/h2>\n<h3>D\u00e9couvrez votre itin\u00e9raire sur le web, le mobile ou l&#039;application et r\u00e9servez en ligne maintenant un billet de bus pas cher de Addis-Abeba \u00e0 Jijiga.<\/h3>\n<p>R\u00e9servez en ligne un bus pas cher de Addis-Abeba \u00e0 Jijiga et \u00e9conomisez du temps et de l&#039;argent. Jijiga est une ville de la r\u00e9gion somalienne de l&#039;\u00c9thiopie. Elle est devenue la capitale r\u00e9gionale de l&#039;\u00c9tat somalien en 1995 apr\u00e8s avoir \u00e9t\u00e9 d\u00e9plac\u00e9e de Godey. Voici le guide sur la fa\u00e7on de r\u00e9server des billets de bus d&#039;Addis-Abeba \u00e0 Jijiga :<\/p>\n<h2>Bus d&#039;Addis-Abeba \u00e0 Jijiga Billets de bus FAQ sur la r\u00e9servation, le tarif, les horaires et l&#039;itin\u00e9raire<\/h2>\n<h3>Quelle est la distance du trajet de bus Addis-Abeba \u00e0 Jijiga ?<\/h3>\n<p>La distance du voyage en bus Addis-Abeba \u00e0 Jijiga est de 446 km.<\/p>\n<h3>Le bus Addis-Abeba-Jijiga est-il le moyen le plus \u00e9conomique de se rendre \u00e0 Jijiga ?<\/h3>\n<p>Le moyen abordable de se rendre d&#039;Addis-Abeba \u00e0 Jijiga en bus. Billets de bus pas chers de Addis-Abeba \u00e0 Jijiga $400 \u2013 $500 et dure 9h.<\/p>\n<h3>Quel est le moyen le plus rapide pour se rendre de Addis-Abeba \u00e0 Jijiga ?<\/h3>\n<p>Quel est le moyen le plus rapide pour se rendre de Addis-Abeba \u00e0 Jijiga. Addis-Abeba \u00e0 Jijiga trajet en bus $160 \u2013 $360 et dur\u00e9e 1h 10m.<\/p>\n<h3>Puis-je conduire de Addis-Abeba \u00e0 Jijiga ?<\/h3>\n<p>Oui, la distance entre Jijiga et Addis-Abeba est de 627 km. Il faut environ 9h 15m pour conduire de Addis-Abeba \u00e0 Jijiga.<\/p>\n<h2>Billets de bus de Addis-Abeba \u00e0 Jijiga Tips<\/h2>\n<p>Il y a un peu \u00e0 voir et moins \u00e0 faire \u00e0 Jijiga, mais il y a une puissante bouff\u00e9e d&#039;aventure \u00e9nerv\u00e9e \u00e0 propos de l&#039;emplacement, et l&#039;atmosph\u00e8re de cette capitale rarement visit\u00e9e de la r\u00e9gion somalienne est sensiblement diff\u00e9rente du reste du pays. Les panneaux sont \u00e9crits en somali, les femmes sont voil\u00e9es et les mosqu\u00e9es de style arabe dominent l&#039;horizon. Les affaires, y compris la vente de produits de contrebande introduits en contrebande depuis le Somaliland, sont surprenantes - il n&#039;est pas \u00e9tonnant que Jijiga soit l&#039;une des villes \u00e9thiopiennes \u00e0 la croissance la plus rapide. Pour les visiteurs, c&#039;est une \u00e9tape id\u00e9ale sur le chemin du Somaliland.<\/p>\n<p>Le climat de Jijiga est un climat subtropical des hautes terres. Tr\u00e8s humide et luxuriant pendant la saison des pluies, comme dans le reste des hautes terres \u00e9thiopiennes, les diff\u00e9rences saisonni\u00e8res ne concernent que les pr\u00e9cipitations, car les temp\u00e9ratures tout au long de l&#039;ann\u00e9e sont froides \u00e0 douces le matin et uniform\u00e9ment extr\u00eamement mais pas chaudes l&#039;apr\u00e8s-midi.<\/p>","protected":false},"excerpt":{"rendered":"<p>Cheap Bus Tickets from\u00a0Addis Ababa to Jijiga\u00a0Online Booking Discover your travel route on web, mobile or app and book cheap bus ticket from Addis Ababa to Jijiga online now. Book cheap bus from Addis Ababa to Jijiga bus online booking and save time and money. Jijiga is a city is the Somali area of Ethiopia. [&hellip;]<\/p>\n","protected":false},"author":1,"featured_media":13999,"parent":0,"menu_order":0,"comment_status":"open","ping_status":"closed","template":"template-home-modern.php","meta":{"footnotes":""},"class_list":["post-11433","page","type-page","status-publish","has-post-thumbnail","hentry"],"yoast_head":"<!-- This site is optimized with the Yoast SEO plugin v27.2 - https:\/\/yoast.com\/product\/yoast-seo-wordpress\/ -->\n<title>Bus from Addis Ababa to Jijiga, Bus Tickets, Fare, Schedule &amp; Route<\/title>\n<meta name=\"description\" content=\"Looking for bus from\u00a0Addis Ababa to Jijiga bus tickets booking app, route, schedule &amp; fare? Book cheap bus tickets from Addis Ababa to Jijiga online\" \/>\n<meta name=\"robots\" content=\"index, follow, max-snippet:-1, max-image-preview:large, max-video-preview:-1\" \/>\n<link rel=\"canonical\" href=\"https:\/\/tiketi.com\/fr-fr\/online-bus-tickets-from-addis-ababa-to-jigjiga\/\" \/>\n<meta property=\"og:locale\" content=\"fr_FR\" \/>\n<meta property=\"og:type\" content=\"article\" \/>\n<meta property=\"og:title\" content=\"Bus from Addis Ababa to Jijiga, Bus Tickets, Fare, Schedule &amp; Route\" \/>\n<meta property=\"og:description\" content=\"Looking for bus from\u00a0Addis Ababa to Jijiga bus tickets booking app, route, schedule &amp; fare? Book cheap bus tickets from Addis Ababa to Jijiga online\" \/>\n<meta property=\"og:url\" content=\"https:\/\/tiketi.com\/fr-fr\/online-bus-tickets-from-addis-ababa-to-jigjiga\/\" \/>\n<meta property=\"og:site_name\" content=\"Tiketi.com\" \/>\n<meta property=\"article:publisher\" content=\"https:\/\/www.facebook.com\/TiketiCom\/\" \/>\n<meta property=\"article:modified_time\" content=\"2022-01-26T21:33:43+00:00\" \/>\n<meta property=\"og:image\" content=\"https:\/\/tiketi.com\/wp-content\/uploads\/2022\/01\/bus-ticket-online-booking.jpg\" \/>\n\t<meta property=\"og:image:width\" content=\"1200\" \/>\n\t<meta property=\"og:image:height\" content=\"206\" \/>\n\t<meta property=\"og:image:type\" content=\"image\/jpeg\" \/>\n<meta name=\"twitter:card\" content=\"summary_large_image\" \/>\n<meta name=\"twitter:label1\" content=\"Dur\u00e9e de lecture estim\u00e9e\" \/>\n\t<meta name=\"twitter:data1\" content=\"2 minutes\" \/>\n<script type=\"application\/ld+json\" class=\"yoast-schema-graph\">{\"@context\":\"https:\/\/schema.org\",\"@graph\":[{\"@type\":\"WebPage\",\"@id\":\"https:\/\/tiketi.com\/online-bus-tickets-from-addis-ababa-to-jigjiga\/\",\"url\":\"https:\/\/tiketi.com\/online-bus-tickets-from-addis-ababa-to-jigjiga\/\",\"name\":\"Bus from Addis Ababa to Jijiga, Bus Tickets, Fare, Schedule & Route\",\"isPartOf\":{\"@id\":\"https:\/\/tiketi.com\/#website\"},\"primaryImageOfPage\":{\"@id\":\"https:\/\/tiketi.com\/online-bus-tickets-from-addis-ababa-to-jigjiga\/#primaryimage\"},\"image\":{\"@id\":\"https:\/\/tiketi.com\/online-bus-tickets-from-addis-ababa-to-jigjiga\/#primaryimage\"},\"thumbnailUrl\":\"https:\/\/tiketi.com\/wp-content\/uploads\/2022\/01\/bus-ticket-online-booking.jpg\",\"datePublished\":\"2022-01-19T11:54:39+00:00\",\"dateModified\":\"2022-01-26T21:33:43+00:00\",\"description\":\"Looking for bus from\u00a0Addis Ababa to Jijiga bus tickets booking app, route, schedule & fare? Book cheap bus tickets from Addis Ababa to Jijiga online\",\"breadcrumb\":{\"@id\":\"https:\/\/tiketi.com\/online-bus-tickets-from-addis-ababa-to-jigjiga\/#breadcrumb\"},\"inLanguage\":\"fr-FR\",\"potentialAction\":[{\"@type\":\"ReadAction\",\"target\":[\"https:\/\/tiketi.com\/online-bus-tickets-from-addis-ababa-to-jigjiga\/\"]}]},{\"@type\":\"ImageObject\",\"inLanguage\":\"fr-FR\",\"@id\":\"https:\/\/tiketi.com\/online-bus-tickets-from-addis-ababa-to-jigjiga\/#primaryimage\",\"url\":\"https:\/\/tiketi.com\/wp-content\/uploads\/2022\/01\/bus-ticket-online-booking.jpg\",\"contentUrl\":\"https:\/\/tiketi.com\/wp-content\/uploads\/2022\/01\/bus-ticket-online-booking.jpg\",\"width\":1200,\"height\":206,\"caption\":\"Online Bus Ticket Booking\"},{\"@type\":\"BreadcrumbList\",\"@id\":\"https:\/\/tiketi.com\/online-bus-tickets-from-addis-ababa-to-jigjiga\/#breadcrumb\",\"itemListElement\":[{\"@type\":\"ListItem\",\"position\":1,\"name\":\"Home\",\"item\":\"https:\/\/tiketi.com\/\"},{\"@type\":\"ListItem\",\"position\":2,\"name\":\"Bus from Addis Ababa to Jijiga, Bus Tickets, Fare, Schedule &#038; Route\"}]},{\"@type\":\"WebSite\",\"@id\":\"https:\/\/tiketi.com\/#website\",\"url\":\"https:\/\/tiketi.com\/\",\"name\":\"Flight & Bus Tickets, Tour Packages & Activitites - Tiketi.com\",\"description\":\"Flight &amp; Bus Tickets, Tours, Activitites\",\"publisher\":{\"@id\":\"https:\/\/tiketi.com\/#organization\"},\"potentialAction\":[{\"@type\":\"SearchAction\",\"target\":{\"@type\":\"EntryPoint\",\"urlTemplate\":\"https:\/\/tiketi.com\/?s={search_term_string}\"},\"query-input\":{\"@type\":\"PropertyValueSpecification\",\"valueRequired\":true,\"valueName\":\"search_term_string\"}}],\"inLanguage\":\"fr-FR\"},{\"@type\":\"Organization\",\"@id\":\"https:\/\/tiketi.com\/#organization\",\"name\":\"Tiketi.com\",\"alternateName\":\"Tiketi\",\"url\":\"https:\/\/tiketi.com\/\",\"logo\":{\"@type\":\"ImageObject\",\"inLanguage\":\"fr-FR\",\"@id\":\"https:\/\/tiketi.com\/#\/schema\/logo\/image\/\",\"url\":\"https:\/\/tiketi.com\/wp-content\/uploads\/2019\/05\/tiketi-logo-696.png\",\"contentUrl\":\"https:\/\/tiketi.com\/wp-content\/uploads\/2019\/05\/tiketi-logo-696.png\",\"width\":696,\"height\":696,\"caption\":\"Tiketi.com\"},\"image\":{\"@id\":\"https:\/\/tiketi.com\/#\/schema\/logo\/image\/\"},\"sameAs\":[\"https:\/\/www.facebook.com\/TiketiCom\/\"]}]}<\/script>\n<!-- \/ Yoast SEO plugin. -->","yoast_head_json":{"title":"Bus d&#039;Addis-Abeba \u00e0 Jijiga, billets de bus, tarif, horaires et itin\u00e9raire","description":"\u00c0 la recherche d&#039;une application de r\u00e9servation de billets de bus de Addis-Abeba \u00e0 Jijiga, d&#039;un itin\u00e9raire, d&#039;un horaire et d&#039;un tarif\u00a0? R\u00e9servez en ligne des billets de bus \u00e0 bas prix de Addis-Abeba \u00e0 Jijiga","robots":{"index":"index","follow":"follow","max-snippet":"max-snippet:-1","max-image-preview":"max-image-preview:large","max-video-preview":"max-video-preview:-1"},"canonical":"https:\/\/tiketi.com\/fr-fr\/online-bus-tickets-from-addis-ababa-to-jigjiga\/","og_locale":"fr_FR","og_type":"article","og_title":"Bus from Addis Ababa to Jijiga, Bus Tickets, Fare, Schedule & Route","og_description":"Looking for bus from\u00a0Addis Ababa to Jijiga bus tickets booking app, route, schedule & fare? Book cheap bus tickets from Addis Ababa to Jijiga online","og_url":"https:\/\/tiketi.com\/fr-fr\/online-bus-tickets-from-addis-ababa-to-jigjiga\/","og_site_name":"Tiketi.com","article_publisher":"https:\/\/www.facebook.com\/TiketiCom\/","article_modified_time":"2022-01-26T21:33:43+00:00","og_image":[{"width":1200,"height":206,"url":"https:\/\/tiketi.com\/wp-content\/uploads\/2022\/01\/bus-ticket-online-booking.jpg","type":"image\/jpeg"}],"twitter_card":"summary_large_image","twitter_misc":{"Dur\u00e9e de lecture estim\u00e9e":"2 minutes"},"schema":{"@context":"https:\/\/schema.org","@graph":[{"@type":"WebPage","@id":"https:\/\/tiketi.com\/online-bus-tickets-from-addis-ababa-to-jigjiga\/","url":"https:\/\/tiketi.com\/online-bus-tickets-from-addis-ababa-to-jigjiga\/","name":"Bus d&#039;Addis-Abeba \u00e0 Jijiga, billets de bus, tarif, horaires et itin\u00e9raire","isPartOf":{"@id":"https:\/\/tiketi.com\/#website"},"primaryImageOfPage":{"@id":"https:\/\/tiketi.com\/online-bus-tickets-from-addis-ababa-to-jigjiga\/#primaryimage"},"image":{"@id":"https:\/\/tiketi.com\/online-bus-tickets-from-addis-ababa-to-jigjiga\/#primaryimage"},"thumbnailUrl":"https:\/\/tiketi.com\/wp-content\/uploads\/2022\/01\/bus-ticket-online-booking.jpg","datePublished":"2022-01-19T11:54:39+00:00","dateModified":"2022-01-26T21:33:43+00:00","description":"\u00c0 la recherche d&#039;une application de r\u00e9servation de billets de bus de Addis-Abeba \u00e0 Jijiga, d&#039;un itin\u00e9raire, d&#039;un horaire et d&#039;un tarif\u00a0? R\u00e9servez en ligne des billets de bus \u00e0 bas prix de Addis-Abeba \u00e0 Jijiga","breadcrumb":{"@id":"https:\/\/tiketi.com\/online-bus-tickets-from-addis-ababa-to-jigjiga\/#breadcrumb"},"inLanguage":"fr-FR","potentialAction":[{"@type":"ReadAction","target":["https:\/\/tiketi.com\/online-bus-tickets-from-addis-ababa-to-jigjiga\/"]}]},{"@type":"ImageObject","inLanguage":"fr-FR","@id":"https:\/\/tiketi.com\/online-bus-tickets-from-addis-ababa-to-jigjiga\/#primaryimage","url":"https:\/\/tiketi.com\/wp-content\/uploads\/2022\/01\/bus-ticket-online-booking.jpg","contentUrl":"https:\/\/tiketi.com\/wp-content\/uploads\/2022\/01\/bus-ticket-online-booking.jpg","width":1200,"height":206,"caption":"Online Bus Ticket Booking"},{"@type":"BreadcrumbList","@id":"https:\/\/tiketi.com\/online-bus-tickets-from-addis-ababa-to-jigjiga\/#breadcrumb","itemListElement":[{"@type":"ListItem","position":1,"name":"Home","item":"https:\/\/tiketi.com\/"},{"@type":"ListItem","position":2,"name":"Bus from Addis Ababa to Jijiga, Bus Tickets, Fare, Schedule &#038; Route"}]},{"@type":"WebSite","@id":"https:\/\/tiketi.com\/#website","url":"https:\/\/tiketi.com\/","name":"Billets d&#039;avion et de bus, forfaits touristiques et activit\u00e9s - Tiketi.com","description":"Billets d&#039;avion et de bus, Tours, Activit\u00e9s","publisher":{"@id":"https:\/\/tiketi.com\/#organization"},"potentialAction":[{"@type":"SearchAction","target":{"@type":"EntryPoint","urlTemplate":"https:\/\/tiketi.com\/?s={search_term_string}"},"query-input":{"@type":"PropertyValueSpecification","valueRequired":true,"valueName":"search_term_string"}}],"inLanguage":"fr-FR"},{"@type":"Organization","@id":"https:\/\/tiketi.com\/#organization","name":"Tiketi.com","alternateName":"Tiketi","url":"https:\/\/tiketi.com\/","logo":{"@type":"ImageObject","inLanguage":"fr-FR","@id":"https:\/\/tiketi.com\/#\/schema\/logo\/image\/","url":"https:\/\/tiketi.com\/wp-content\/uploads\/2019\/05\/tiketi-logo-696.png","contentUrl":"https:\/\/tiketi.com\/wp-content\/uploads\/2019\/05\/tiketi-logo-696.png","width":696,"height":696,"caption":"Tiketi.com"},"image":{"@id":"https:\/\/tiketi.com\/#\/schema\/logo\/image\/"},"sameAs":["https:\/\/www.facebook.com\/TiketiCom\/"]}]}},"_links":{"self":[{"href":"https:\/\/tiketi.com\/fr-fr\/wp-json\/wp\/v2\/pages\/11433","targetHints":{"allow":["GET"]}}],"collection":[{"href":"https:\/\/tiketi.com\/fr-fr\/wp-json\/wp\/v2\/pages"}],"about":[{"href":"https:\/\/tiketi.com\/fr-fr\/wp-json\/wp\/v2\/types\/page"}],"author":[{"embeddable":true,"href":"https:\/\/tiketi.com\/fr-fr\/wp-json\/wp\/v2\/users\/1"}],"replies":[{"embeddable":true,"href":"https:\/\/tiketi.com\/fr-fr\/wp-json\/wp\/v2\/comments?post=11433"}],"version-history":[{"count":0,"href":"https:\/\/tiketi.com\/fr-fr\/wp-json\/wp\/v2\/pages\/11433\/revisions"}],"wp:featuredmedia":[{"embeddable":true,"href":"https:\/\/tiketi.com\/fr-fr\/wp-json\/wp\/v2\/media\/13999"}],"wp:attachment":[{"href":"https:\/\/tiketi.com\/fr-fr\/wp-json\/wp\/v2\/media?parent=11433"}],"curies":[{"name":"wp","href":"https:\/\/api.w.org\/{rel}","templated":true}]}}