{"id":11434,"date":"2022-01-19T12:54:39","date_gmt":"2022-01-19T11:54:39","guid":{"rendered":"https:\/\/new.tiketi.com\/bus-from-addis-ababa-to-asosa-bus-tickets-fare-route-schedule\/"},"modified":"2022-01-26T22:18:33","modified_gmt":"2022-01-26T21:18:33","slug":"online-bus-tickets-from-addis-ababa-to-asosa","status":"publish","type":"page","link":"https:\/\/tiketi.com\/fr-fr\/online-bus-tickets-from-addis-ababa-to-asosa\/","title":{"rendered":"Bus d&#039;Addis-Abeba \u00e0 Asosa, billets de bus, tarif, itin\u00e9raire et horaires"},"content":{"rendered":"<h2>Billets de bus pas chers d&#039;Addis-Abeba \u00e0 Asosa R\u00e9servation en ligne<\/h2>\n<h3>D\u00e9couvrez votre itin\u00e9raire sur le web, le mobile ou l&#039;application et r\u00e9servez en ligne maintenant un billet de bus pas cher de Addis-Abeba \u00e0 Asosa.<\/h3>\n<p>R\u00e9servez en ligne des billets de bus pas chers d&#039;Addis-Abeba \u00e0 Asosa et voyagez de Gaborone \u00e0 Kasane par la route. Asosa est une ville de l&#039;ouest de l&#039;\u00c9thiopie et de la r\u00e9gion de Beninshangual-Gumuz, la capitale \u00e9thiopienne situ\u00e9e dans la r\u00e9gion d&#039;Asosa. Voici le guide sur la fa\u00e7on de r\u00e9server des billets de bus d&#039;Addis-Abeba \u00e0 Asosa :<\/p>\n<h2>Bus d&#039;Addis-Abeba \u00e0 Asosa R\u00e9servation de billets de bus, itin\u00e9raires, horaires et tarifs FAQ<\/h2>\n<h3>Quel est le moyen le plus rapide pour se rendre de Addis-Abeba \u00e0 Asosa ?<\/h3>\n<p>Le moyen le plus rapide pour se rendre de Addis-Abeba \u00e0 Asosa est de <a href=\"https:\/\/tiketi.com\/fr-fr\/\" target=\"_blank\" rel=\"noopener\">voler<\/a> qui co\u00fbte $160 \u2013 $380 et dure 1h 25m.<\/p>\n<h3>Quelle est la distance du trajet de bus Addis-Abeba \u00e0 Asosa ?<\/h3>\n<p>La distance du trajet de bus Addis-Abeba \u00e0 Asosa est de 470 km.<\/p>\n<h3>Puis-je conduire de Addis-Abeba \u00e0 Asosa ?<\/h3>\n<p>Oui, la distance entre Addis-Abeba et Asosa est de 688 km. Il faut environ 4h 21m pour conduire de Addis-Abeba \u00e0 Asosa.<\/p>\n<h3>Quel est le moyen abordable pour se rendre de Addis-Abeba \u00e0 Asosa ?<\/h3>\n<p>Le moyen abordable de se rendre d&#039;Addis-Abeba \u00e0 Asosa en bus. Les billets de bus pas chers de Addis-Abeba \u00e0 $300 \u2013 $400 et dure 4h 21m.<\/p>\n<h2>Billets de bus de Addis-Abeba \u00e0 Asosa Tips<\/h2>\n<p>Au cours des ann\u00e9es 1990, Asosa \u00e9tait caract\u00e9ris\u00e9e par des complexes de bureaux enti\u00e8rement gouvernementaux compos\u00e9s de b\u00e2timents partiellement construits, ce qui, selon John Young, \u00e9tait \u00abun t\u00e9moignage de relations corrompues entre entrepreneurs et politiciens\u00bb. Young poursuit, &quot;indiquant l&#039;ampleur du probl\u00e8me, lors d&#039;une conf\u00e9rence sur le d\u00e9veloppement et la paix tenue \u00e0 Assosa en juin 1996, le vice-Premier ministre de l&#039;\u00e9poque, Tamrat Layne, a limog\u00e9 l&#039;ensemble du gouvernement r\u00e9gional et fait emprisonner nombre de ses membres pour corruption.<\/p>\n<p>Le gouverneur de la ville d&#039;Asosa, Ahmed Khalifa, s&#039;est rendu le 7 juillet 2007 \u00e0 Ad-Damazin, la capitale de l&#039;Etat du Nil bleu, au Soudan. Khalifa a \u00e9t\u00e9 accus\u00e9 par les autorit\u00e9s \u00e9thiopiennes de faire des concessions au Soudan sur les probl\u00e8mes frontaliers. Le Soudan a rejet\u00e9 une demande de retour de Khalifa en \u00c9thiopie, ce qui a entra\u00een\u00e9 une augmentation des tensions entre les deux nations.<\/p>","protected":false},"excerpt":{"rendered":"<p>Cheap Bus Tickets from\u00a0Addis Ababa to Asosa\u00a0Online Booking Discover your travel route on web, mobile or app and book cheap bus ticket from Addis Ababa to Asosa online now. Do cheap bus from Addis Ababa to Asosa bus tickets online booking and travel Gaborone to Kasane by road.\u00a0Asosa is a town in western Ethiopia and [&hellip;]<\/p>\n","protected":false},"author":1,"featured_media":13999,"parent":0,"menu_order":0,"comment_status":"open","ping_status":"closed","template":"template-home-modern.php","meta":{"footnotes":""},"class_list":["post-11434","page","type-page","status-publish","has-post-thumbnail","hentry"],"yoast_head":"<!-- This site is optimized with the Yoast SEO plugin v27.2 - https:\/\/yoast.com\/product\/yoast-seo-wordpress\/ -->\n<title>Bus from Addis Ababa to Asosa Bus Tickets, Fare, Route &amp; Schedule<\/title>\n<meta name=\"description\" content=\"Looking for bus from\u00a0Addis Ababa to Asosa bus ticket booking app, route, schedule &amp; fare? Book cheap bus tickets from Addis Ababa to Asosa\" \/>\n<meta name=\"robots\" content=\"index, follow, max-snippet:-1, max-image-preview:large, max-video-preview:-1\" \/>\n<link rel=\"canonical\" href=\"https:\/\/tiketi.com\/fr-fr\/online-bus-tickets-from-addis-ababa-to-asosa\/\" \/>\n<meta property=\"og:locale\" content=\"fr_FR\" \/>\n<meta property=\"og:type\" content=\"article\" \/>\n<meta property=\"og:title\" content=\"Bus from Addis Ababa to Asosa Bus Tickets, Fare, Route &amp; Schedule\" \/>\n<meta property=\"og:description\" content=\"Looking for bus from\u00a0Addis Ababa to Asosa bus ticket booking app, route, schedule &amp; fare? Book cheap bus tickets from Addis Ababa to Asosa\" \/>\n<meta property=\"og:url\" content=\"https:\/\/tiketi.com\/fr-fr\/online-bus-tickets-from-addis-ababa-to-asosa\/\" \/>\n<meta property=\"og:site_name\" content=\"Tiketi.com\" \/>\n<meta property=\"article:publisher\" content=\"https:\/\/www.facebook.com\/TiketiCom\/\" \/>\n<meta property=\"article:modified_time\" content=\"2022-01-26T21:18:33+00:00\" \/>\n<meta property=\"og:image\" content=\"https:\/\/tiketi.com\/wp-content\/uploads\/2022\/01\/bus-ticket-online-booking.jpg\" \/>\n\t<meta property=\"og:image:width\" content=\"1200\" \/>\n\t<meta property=\"og:image:height\" content=\"206\" \/>\n\t<meta property=\"og:image:type\" content=\"image\/jpeg\" \/>\n<meta name=\"twitter:card\" content=\"summary_large_image\" \/>\n<meta name=\"twitter:label1\" content=\"Dur\u00e9e de lecture estim\u00e9e\" \/>\n\t<meta name=\"twitter:data1\" content=\"2 minutes\" \/>\n<script type=\"application\/ld+json\" class=\"yoast-schema-graph\">{\"@context\":\"https:\/\/schema.org\",\"@graph\":[{\"@type\":\"WebPage\",\"@id\":\"https:\/\/tiketi.com\/online-bus-tickets-from-addis-ababa-to-asosa\/\",\"url\":\"https:\/\/tiketi.com\/online-bus-tickets-from-addis-ababa-to-asosa\/\",\"name\":\"Bus from Addis Ababa to Asosa Bus Tickets, Fare, Route & Schedule\",\"isPartOf\":{\"@id\":\"https:\/\/tiketi.com\/#website\"},\"primaryImageOfPage\":{\"@id\":\"https:\/\/tiketi.com\/online-bus-tickets-from-addis-ababa-to-asosa\/#primaryimage\"},\"image\":{\"@id\":\"https:\/\/tiketi.com\/online-bus-tickets-from-addis-ababa-to-asosa\/#primaryimage\"},\"thumbnailUrl\":\"https:\/\/tiketi.com\/wp-content\/uploads\/2022\/01\/bus-ticket-online-booking.jpg\",\"datePublished\":\"2022-01-19T11:54:39+00:00\",\"dateModified\":\"2022-01-26T21:18:33+00:00\",\"description\":\"Looking for bus from\u00a0Addis Ababa to Asosa bus ticket booking app, route, schedule & fare? Book cheap bus tickets from Addis Ababa to Asosa\",\"breadcrumb\":{\"@id\":\"https:\/\/tiketi.com\/online-bus-tickets-from-addis-ababa-to-asosa\/#breadcrumb\"},\"inLanguage\":\"fr-FR\",\"potentialAction\":[{\"@type\":\"ReadAction\",\"target\":[\"https:\/\/tiketi.com\/online-bus-tickets-from-addis-ababa-to-asosa\/\"]}]},{\"@type\":\"ImageObject\",\"inLanguage\":\"fr-FR\",\"@id\":\"https:\/\/tiketi.com\/online-bus-tickets-from-addis-ababa-to-asosa\/#primaryimage\",\"url\":\"https:\/\/tiketi.com\/wp-content\/uploads\/2022\/01\/bus-ticket-online-booking.jpg\",\"contentUrl\":\"https:\/\/tiketi.com\/wp-content\/uploads\/2022\/01\/bus-ticket-online-booking.jpg\",\"width\":1200,\"height\":206,\"caption\":\"Online Bus Ticket Booking\"},{\"@type\":\"BreadcrumbList\",\"@id\":\"https:\/\/tiketi.com\/online-bus-tickets-from-addis-ababa-to-asosa\/#breadcrumb\",\"itemListElement\":[{\"@type\":\"ListItem\",\"position\":1,\"name\":\"Home\",\"item\":\"https:\/\/tiketi.com\/\"},{\"@type\":\"ListItem\",\"position\":2,\"name\":\"Bus from Addis Ababa to Asosa, Bus Tickets, Fare, Route &#038; Schedule\"}]},{\"@type\":\"WebSite\",\"@id\":\"https:\/\/tiketi.com\/#website\",\"url\":\"https:\/\/tiketi.com\/\",\"name\":\"Flight & Bus Tickets, Tour Packages & Activitites - Tiketi.com\",\"description\":\"Flight &amp; Bus Tickets, Tours, Activitites\",\"publisher\":{\"@id\":\"https:\/\/tiketi.com\/#organization\"},\"potentialAction\":[{\"@type\":\"SearchAction\",\"target\":{\"@type\":\"EntryPoint\",\"urlTemplate\":\"https:\/\/tiketi.com\/?s={search_term_string}\"},\"query-input\":{\"@type\":\"PropertyValueSpecification\",\"valueRequired\":true,\"valueName\":\"search_term_string\"}}],\"inLanguage\":\"fr-FR\"},{\"@type\":\"Organization\",\"@id\":\"https:\/\/tiketi.com\/#organization\",\"name\":\"Tiketi.com\",\"alternateName\":\"Tiketi\",\"url\":\"https:\/\/tiketi.com\/\",\"logo\":{\"@type\":\"ImageObject\",\"inLanguage\":\"fr-FR\",\"@id\":\"https:\/\/tiketi.com\/#\/schema\/logo\/image\/\",\"url\":\"https:\/\/tiketi.com\/wp-content\/uploads\/2019\/05\/tiketi-logo-696.png\",\"contentUrl\":\"https:\/\/tiketi.com\/wp-content\/uploads\/2019\/05\/tiketi-logo-696.png\",\"width\":696,\"height\":696,\"caption\":\"Tiketi.com\"},\"image\":{\"@id\":\"https:\/\/tiketi.com\/#\/schema\/logo\/image\/\"},\"sameAs\":[\"https:\/\/www.facebook.com\/TiketiCom\/\"]}]}<\/script>\n<!-- \/ Yoast SEO plugin. -->","yoast_head_json":{"title":"Bus de Addis-Abeba \u00e0 Asosa Billets de bus, tarif, itin\u00e9raire et horaires","description":"\u00c0 la recherche d&#039;une application de r\u00e9servation de billets de bus de Addis-Abeba \u00e0 Asosa, d&#039;un itin\u00e9raire, d&#039;un horaire et d&#039;un tarif\u00a0? R\u00e9servez des billets de bus pas chers de Addis-Abeba \u00e0 Asosa","robots":{"index":"index","follow":"follow","max-snippet":"max-snippet:-1","max-image-preview":"max-image-preview:large","max-video-preview":"max-video-preview:-1"},"canonical":"https:\/\/tiketi.com\/fr-fr\/online-bus-tickets-from-addis-ababa-to-asosa\/","og_locale":"fr_FR","og_type":"article","og_title":"Bus from Addis Ababa to Asosa Bus Tickets, Fare, Route & Schedule","og_description":"Looking for bus from\u00a0Addis Ababa to Asosa bus ticket booking app, route, schedule & fare? Book cheap bus tickets from Addis Ababa to Asosa","og_url":"https:\/\/tiketi.com\/fr-fr\/online-bus-tickets-from-addis-ababa-to-asosa\/","og_site_name":"Tiketi.com","article_publisher":"https:\/\/www.facebook.com\/TiketiCom\/","article_modified_time":"2022-01-26T21:18:33+00:00","og_image":[{"width":1200,"height":206,"url":"https:\/\/tiketi.com\/wp-content\/uploads\/2022\/01\/bus-ticket-online-booking.jpg","type":"image\/jpeg"}],"twitter_card":"summary_large_image","twitter_misc":{"Dur\u00e9e de lecture estim\u00e9e":"2 minutes"},"schema":{"@context":"https:\/\/schema.org","@graph":[{"@type":"WebPage","@id":"https:\/\/tiketi.com\/online-bus-tickets-from-addis-ababa-to-asosa\/","url":"https:\/\/tiketi.com\/online-bus-tickets-from-addis-ababa-to-asosa\/","name":"Bus de Addis-Abeba \u00e0 Asosa Billets de bus, tarif, itin\u00e9raire et horaires","isPartOf":{"@id":"https:\/\/tiketi.com\/#website"},"primaryImageOfPage":{"@id":"https:\/\/tiketi.com\/online-bus-tickets-from-addis-ababa-to-asosa\/#primaryimage"},"image":{"@id":"https:\/\/tiketi.com\/online-bus-tickets-from-addis-ababa-to-asosa\/#primaryimage"},"thumbnailUrl":"https:\/\/tiketi.com\/wp-content\/uploads\/2022\/01\/bus-ticket-online-booking.jpg","datePublished":"2022-01-19T11:54:39+00:00","dateModified":"2022-01-26T21:18:33+00:00","description":"\u00c0 la recherche d&#039;une application de r\u00e9servation de billets de bus de Addis-Abeba \u00e0 Asosa, d&#039;un itin\u00e9raire, d&#039;un horaire et d&#039;un tarif\u00a0? R\u00e9servez des billets de bus pas chers de Addis-Abeba \u00e0 Asosa","breadcrumb":{"@id":"https:\/\/tiketi.com\/online-bus-tickets-from-addis-ababa-to-asosa\/#breadcrumb"},"inLanguage":"fr-FR","potentialAction":[{"@type":"ReadAction","target":["https:\/\/tiketi.com\/online-bus-tickets-from-addis-ababa-to-asosa\/"]}]},{"@type":"ImageObject","inLanguage":"fr-FR","@id":"https:\/\/tiketi.com\/online-bus-tickets-from-addis-ababa-to-asosa\/#primaryimage","url":"https:\/\/tiketi.com\/wp-content\/uploads\/2022\/01\/bus-ticket-online-booking.jpg","contentUrl":"https:\/\/tiketi.com\/wp-content\/uploads\/2022\/01\/bus-ticket-online-booking.jpg","width":1200,"height":206,"caption":"Online Bus Ticket Booking"},{"@type":"BreadcrumbList","@id":"https:\/\/tiketi.com\/online-bus-tickets-from-addis-ababa-to-asosa\/#breadcrumb","itemListElement":[{"@type":"ListItem","position":1,"name":"Home","item":"https:\/\/tiketi.com\/"},{"@type":"ListItem","position":2,"name":"Bus from Addis Ababa to Asosa, Bus Tickets, Fare, Route &#038; Schedule"}]},{"@type":"WebSite","@id":"https:\/\/tiketi.com\/#website","url":"https:\/\/tiketi.com\/","name":"Billets d&#039;avion et de bus, forfaits touristiques et activit\u00e9s - Tiketi.com","description":"Billets d&#039;avion et de bus, Tours, Activit\u00e9s","publisher":{"@id":"https:\/\/tiketi.com\/#organization"},"potentialAction":[{"@type":"SearchAction","target":{"@type":"EntryPoint","urlTemplate":"https:\/\/tiketi.com\/?s={search_term_string}"},"query-input":{"@type":"PropertyValueSpecification","valueRequired":true,"valueName":"search_term_string"}}],"inLanguage":"fr-FR"},{"@type":"Organization","@id":"https:\/\/tiketi.com\/#organization","name":"Tiketi.com","alternateName":"Tiketi","url":"https:\/\/tiketi.com\/","logo":{"@type":"ImageObject","inLanguage":"fr-FR","@id":"https:\/\/tiketi.com\/#\/schema\/logo\/image\/","url":"https:\/\/tiketi.com\/wp-content\/uploads\/2019\/05\/tiketi-logo-696.png","contentUrl":"https:\/\/tiketi.com\/wp-content\/uploads\/2019\/05\/tiketi-logo-696.png","width":696,"height":696,"caption":"Tiketi.com"},"image":{"@id":"https:\/\/tiketi.com\/#\/schema\/logo\/image\/"},"sameAs":["https:\/\/www.facebook.com\/TiketiCom\/"]}]}},"_links":{"self":[{"href":"https:\/\/tiketi.com\/fr-fr\/wp-json\/wp\/v2\/pages\/11434","targetHints":{"allow":["GET"]}}],"collection":[{"href":"https:\/\/tiketi.com\/fr-fr\/wp-json\/wp\/v2\/pages"}],"about":[{"href":"https:\/\/tiketi.com\/fr-fr\/wp-json\/wp\/v2\/types\/page"}],"author":[{"embeddable":true,"href":"https:\/\/tiketi.com\/fr-fr\/wp-json\/wp\/v2\/users\/1"}],"replies":[{"embeddable":true,"href":"https:\/\/tiketi.com\/fr-fr\/wp-json\/wp\/v2\/comments?post=11434"}],"version-history":[{"count":0,"href":"https:\/\/tiketi.com\/fr-fr\/wp-json\/wp\/v2\/pages\/11434\/revisions"}],"wp:featuredmedia":[{"embeddable":true,"href":"https:\/\/tiketi.com\/fr-fr\/wp-json\/wp\/v2\/media\/13999"}],"wp:attachment":[{"href":"https:\/\/tiketi.com\/fr-fr\/wp-json\/wp\/v2\/media?parent=11434"}],"curies":[{"name":"wp","href":"https:\/\/api.w.org\/{rel}","templated":true}]}}