{"id":11438,"date":"2022-01-19T12:54:39","date_gmt":"2022-01-19T11:54:39","guid":{"rendered":"https:\/\/new.tiketi.com\/bus-from-addis-ababa-to-gondar-bus-tickets-fare-route-schedule\/"},"modified":"2022-01-26T22:26:40","modified_gmt":"2022-01-26T21:26:40","slug":"online-bus-tickets-from-addis-ababa-to-gondar","status":"publish","type":"page","link":"https:\/\/tiketi.com\/fr-fr\/online-bus-tickets-from-addis-ababa-to-gondar\/","title":{"rendered":"Bus d&#039;Addis-Abeba \u00e0 Gondar, billets de bus, tarif, itin\u00e9raire et horaires"},"content":{"rendered":"<h2>Billets de bus pas chers d&#039;Addis-Abeba \u00e0 Gondar R\u00e9servation en ligne<\/h2>\n<h3>D\u00e9couvrez votre itin\u00e9raire sur le web, le mobile ou l&#039;application et r\u00e9servez en ligne maintenant un billet de bus pas cher de Addis-Abeba \u00e0 Gondar.<\/h3>\n<p>R\u00e9servez en ligne des billets de bus pas chers d&#039;Addis-Abeba \u00e0 Gondar et voyagez d&#039;Addis-Abeba \u00e0 Gondar par la route. Gondar est une ville historique tr\u00e8s ancienne et royale d&#039;\u00c9thiopie. C&#039;est la maison de nombreux empereurs et princesses qui ont dirig\u00e9 le pays du XIIe si\u00e8cle \u00e0 la derni\u00e8re d\u00e9cennie du XXe si\u00e8cle. Pour n&#039;en citer que quelques-uns, Empereur Faisledes, Sunseneos, Empres Mentwab, Twodros II, Mentwab. C&#039;est la maison de la plus haute montagne d&#039;\u00c9thiopie, du parc national des montagnes du Simien et de Ras Dashen. Voici le guide sur la fa\u00e7on de r\u00e9server des billets de bus d&#039;Addis-Abeba \u00e0 Gondar :<\/p>\n<h2>Bus d&#039;Addis-Abeba \u00e0 Gondar R\u00e9servation de billets de bus, itin\u00e9raires, horaires et tarifs FAQs<\/h2>\n<h3>Quelle est la distance du trajet de bus Addis-Abeba \u00e0 Gondar ?<\/h3>\n<p>La distance du trajet de bus Addis-Abeba \u00e0 Gondar est de 421 km.<\/p>\n<h3>Puis-je conduire de Addis-Abeba \u00e0 Gondar ?<\/h3>\n<p>Oui, la distance entre Gondar et Addis-Abeba 725 km. Il faut environ 10h 45m pour conduire de Addis-Abeba \u00e0 Gondar.<\/p>\n<h3>Le trajet Addis-Abeba-Gondar est-il le moyen abordable de se rendre \u00e0 Gondar ?<\/h3>\n<p>Le moyen abordable de se rendre d&#039;Addis-Abeba \u00e0 Gondar en bus. Les billets de bus pas chers de Addis-Abeba \u00e0 Gondar $300 \u2013 $400 et dure 10h 45m.<\/p>\n<h2>Billets de bus de Addis-Abeba \u00e0 Gondar Tips<\/h2>\n<p>L&#039;une de ces merveilles est la ville de Gondar. Cette enclave, \u00e9galement orthographi\u00e9e Gonder, abritait le ch\u00e2teau de l&#039;empereur Fasildas et la ville fortifi\u00e9e de Fasil Ghebbi, qui fait maintenant partie de la liste du patrimoine mondial de l&#039;UNESCO.<br \/>\nQuoi qu&#039;il en soit, avant de vous plonger dans l&#039;enchantement de Gondar, sachez que tous ceux qui souhaitent se rendre en \u00c9thiopie doivent obtenir un visa pour l&#039;\u00c9thiopie. Heureusement, les autorit\u00e9s \u00e9thiopiennes ont publi\u00e9 l&#039;eVisa \u00e9thiopien pour acc\u00e9l\u00e9rer ce processus.<\/p>\n<p>Il est simple d&#039;imaginer l&#039;apparat et l&#039;intrigue qui ont eu lieu aux XVIIe et XVIIIe si\u00e8cles, lorsque Gondar, alors la capitale \u00e9thiopienne, abritait un certain nombre de seigneurs de guerre et d&#039;empereurs, de rois et de courtisans. Il suffit de se promener dans les salles de banquet et de regarder depuis les balcons et de nombreux palais et ch\u00e2teaux ici pour plonger dans un monde lointain de conspirations et de batailles de cour.<\/p>","protected":false},"excerpt":{"rendered":"<p>Cheap Bus Tickets from\u00a0Addis Ababa to Gondar\u00a0Online Booking Discover your travel route on web, mobile or app and book cheap bus ticket from Addis Ababa to Gondar online now. Do cheap bus from Addis Ababa to Gondar\u00a0bus tickets online booking and travel Addis Ababa to Gondar\u00a0by road. Gondar is a very old and Royal historical [&hellip;]<\/p>\n","protected":false},"author":1,"featured_media":13999,"parent":0,"menu_order":0,"comment_status":"open","ping_status":"closed","template":"template-home-modern.php","meta":{"footnotes":""},"class_list":["post-11438","page","type-page","status-publish","has-post-thumbnail","hentry"],"yoast_head":"<!-- This site is optimized with the Yoast SEO plugin v27.3 - https:\/\/yoast.com\/product\/yoast-seo-wordpress\/ -->\n<title>Bus from Addis Ababa to Gondar Bus Tickets, Fare, Route &amp; Schedule<\/title>\n<meta name=\"description\" content=\"Looking for bus from\u00a0Addis Ababa to Gondar bus ticket booking app, route, schedule &amp; fare? Book cheap bus tickets from Addis Ababa to Gondar online\" \/>\n<meta name=\"robots\" content=\"index, follow, max-snippet:-1, max-image-preview:large, max-video-preview:-1\" \/>\n<link rel=\"canonical\" href=\"https:\/\/tiketi.com\/fr-fr\/online-bus-tickets-from-addis-ababa-to-gondar\/\" \/>\n<meta property=\"og:locale\" content=\"fr_FR\" \/>\n<meta property=\"og:type\" content=\"article\" \/>\n<meta property=\"og:title\" content=\"Bus from Addis Ababa to Gondar Bus Tickets, Fare, Route &amp; Schedule\" \/>\n<meta property=\"og:description\" content=\"Looking for bus from\u00a0Addis Ababa to Gondar bus ticket booking app, route, schedule &amp; fare? Book cheap bus tickets from Addis Ababa to Gondar online\" \/>\n<meta property=\"og:url\" content=\"https:\/\/tiketi.com\/fr-fr\/online-bus-tickets-from-addis-ababa-to-gondar\/\" \/>\n<meta property=\"og:site_name\" content=\"Tiketi.com\" \/>\n<meta property=\"article:publisher\" content=\"https:\/\/www.facebook.com\/TiketiCom\/\" \/>\n<meta property=\"article:modified_time\" content=\"2022-01-26T21:26:40+00:00\" \/>\n<meta property=\"og:image\" content=\"https:\/\/tiketi.com\/wp-content\/uploads\/2022\/01\/bus-ticket-online-booking.jpg\" \/>\n\t<meta property=\"og:image:width\" content=\"1200\" \/>\n\t<meta property=\"og:image:height\" content=\"206\" \/>\n\t<meta property=\"og:image:type\" content=\"image\/jpeg\" \/>\n<meta name=\"twitter:card\" content=\"summary_large_image\" \/>\n<meta name=\"twitter:label1\" content=\"Dur\u00e9e de lecture estim\u00e9e\" \/>\n\t<meta name=\"twitter:data1\" content=\"2 minutes\" \/>\n<script type=\"application\/ld+json\" class=\"yoast-schema-graph\">{\"@context\":\"https:\\\/\\\/schema.org\",\"@graph\":[{\"@type\":\"WebPage\",\"@id\":\"https:\\\/\\\/tiketi.com\\\/online-bus-tickets-from-addis-ababa-to-gondar\\\/\",\"url\":\"https:\\\/\\\/tiketi.com\\\/online-bus-tickets-from-addis-ababa-to-gondar\\\/\",\"name\":\"Bus from Addis Ababa to Gondar Bus Tickets, Fare, Route & Schedule\",\"isPartOf\":{\"@id\":\"https:\\\/\\\/tiketi.com\\\/#website\"},\"primaryImageOfPage\":{\"@id\":\"https:\\\/\\\/tiketi.com\\\/online-bus-tickets-from-addis-ababa-to-gondar\\\/#primaryimage\"},\"image\":{\"@id\":\"https:\\\/\\\/tiketi.com\\\/online-bus-tickets-from-addis-ababa-to-gondar\\\/#primaryimage\"},\"thumbnailUrl\":\"https:\\\/\\\/tiketi.com\\\/wp-content\\\/uploads\\\/2022\\\/01\\\/bus-ticket-online-booking.jpg\",\"datePublished\":\"2022-01-19T11:54:39+00:00\",\"dateModified\":\"2022-01-26T21:26:40+00:00\",\"description\":\"Looking for bus from\u00a0Addis Ababa to Gondar bus ticket booking app, route, schedule & fare? Book cheap bus tickets from Addis Ababa to Gondar online\",\"breadcrumb\":{\"@id\":\"https:\\\/\\\/tiketi.com\\\/online-bus-tickets-from-addis-ababa-to-gondar\\\/#breadcrumb\"},\"inLanguage\":\"fr-FR\",\"potentialAction\":[{\"@type\":\"ReadAction\",\"target\":[\"https:\\\/\\\/tiketi.com\\\/online-bus-tickets-from-addis-ababa-to-gondar\\\/\"]}]},{\"@type\":\"ImageObject\",\"inLanguage\":\"fr-FR\",\"@id\":\"https:\\\/\\\/tiketi.com\\\/online-bus-tickets-from-addis-ababa-to-gondar\\\/#primaryimage\",\"url\":\"https:\\\/\\\/tiketi.com\\\/wp-content\\\/uploads\\\/2022\\\/01\\\/bus-ticket-online-booking.jpg\",\"contentUrl\":\"https:\\\/\\\/tiketi.com\\\/wp-content\\\/uploads\\\/2022\\\/01\\\/bus-ticket-online-booking.jpg\",\"width\":1200,\"height\":206,\"caption\":\"Online Bus Ticket Booking\"},{\"@type\":\"BreadcrumbList\",\"@id\":\"https:\\\/\\\/tiketi.com\\\/online-bus-tickets-from-addis-ababa-to-gondar\\\/#breadcrumb\",\"itemListElement\":[{\"@type\":\"ListItem\",\"position\":1,\"name\":\"Home\",\"item\":\"https:\\\/\\\/tiketi.com\\\/\"},{\"@type\":\"ListItem\",\"position\":2,\"name\":\"Bus from Addis Ababa to Gondar, Bus Tickets, Fare, Route &#038; Schedule\"}]},{\"@type\":\"WebSite\",\"@id\":\"https:\\\/\\\/tiketi.com\\\/#website\",\"url\":\"https:\\\/\\\/tiketi.com\\\/\",\"name\":\"Flight & Bus Tickets, Tour Packages & Activitites - Tiketi.com\",\"description\":\"Flight &amp; Bus Tickets, Tours, Activitites\",\"publisher\":{\"@id\":\"https:\\\/\\\/tiketi.com\\\/#organization\"},\"potentialAction\":[{\"@type\":\"SearchAction\",\"target\":{\"@type\":\"EntryPoint\",\"urlTemplate\":\"https:\\\/\\\/tiketi.com\\\/?s={search_term_string}\"},\"query-input\":{\"@type\":\"PropertyValueSpecification\",\"valueRequired\":true,\"valueName\":\"search_term_string\"}}],\"inLanguage\":\"fr-FR\"},{\"@type\":\"Organization\",\"@id\":\"https:\\\/\\\/tiketi.com\\\/#organization\",\"name\":\"Tiketi.com\",\"alternateName\":\"Tiketi\",\"url\":\"https:\\\/\\\/tiketi.com\\\/\",\"logo\":{\"@type\":\"ImageObject\",\"inLanguage\":\"fr-FR\",\"@id\":\"https:\\\/\\\/tiketi.com\\\/#\\\/schema\\\/logo\\\/image\\\/\",\"url\":\"https:\\\/\\\/tiketi.com\\\/wp-content\\\/uploads\\\/2019\\\/05\\\/tiketi-logo-696.png\",\"contentUrl\":\"https:\\\/\\\/tiketi.com\\\/wp-content\\\/uploads\\\/2019\\\/05\\\/tiketi-logo-696.png\",\"width\":696,\"height\":696,\"caption\":\"Tiketi.com\"},\"image\":{\"@id\":\"https:\\\/\\\/tiketi.com\\\/#\\\/schema\\\/logo\\\/image\\\/\"},\"sameAs\":[\"https:\\\/\\\/www.facebook.com\\\/TiketiCom\\\/\"]}]}<\/script>\n<!-- \/ Yoast SEO plugin. -->","yoast_head_json":{"title":"Bus de Addis-Abeba \u00e0 Gondar Billets de bus, tarif, itin\u00e9raire et horaires","description":"\u00c0 la recherche d&#039;une application de r\u00e9servation de billets de bus de Addis-Abeba \u00e0 Gondar, d&#039;un itin\u00e9raire, d&#039;un horaire et d&#039;un tarif de bus\u00a0? R\u00e9servez en ligne des billets de bus \u00e0 bas prix de Addis-Abeba \u00e0 Gondar","robots":{"index":"index","follow":"follow","max-snippet":"max-snippet:-1","max-image-preview":"max-image-preview:large","max-video-preview":"max-video-preview:-1"},"canonical":"https:\/\/tiketi.com\/fr-fr\/online-bus-tickets-from-addis-ababa-to-gondar\/","og_locale":"fr_FR","og_type":"article","og_title":"Bus from Addis Ababa to Gondar Bus Tickets, Fare, Route & Schedule","og_description":"Looking for bus from\u00a0Addis Ababa to Gondar bus ticket booking app, route, schedule & fare? Book cheap bus tickets from Addis Ababa to Gondar online","og_url":"https:\/\/tiketi.com\/fr-fr\/online-bus-tickets-from-addis-ababa-to-gondar\/","og_site_name":"Tiketi.com","article_publisher":"https:\/\/www.facebook.com\/TiketiCom\/","article_modified_time":"2022-01-26T21:26:40+00:00","og_image":[{"width":1200,"height":206,"url":"https:\/\/tiketi.com\/wp-content\/uploads\/2022\/01\/bus-ticket-online-booking.jpg","type":"image\/jpeg"}],"twitter_card":"summary_large_image","twitter_misc":{"Dur\u00e9e de lecture estim\u00e9e":"2 minutes"},"schema":{"@context":"https:\/\/schema.org","@graph":[{"@type":"WebPage","@id":"https:\/\/tiketi.com\/online-bus-tickets-from-addis-ababa-to-gondar\/","url":"https:\/\/tiketi.com\/online-bus-tickets-from-addis-ababa-to-gondar\/","name":"Bus de Addis-Abeba \u00e0 Gondar Billets de bus, tarif, itin\u00e9raire et horaires","isPartOf":{"@id":"https:\/\/tiketi.com\/#website"},"primaryImageOfPage":{"@id":"https:\/\/tiketi.com\/online-bus-tickets-from-addis-ababa-to-gondar\/#primaryimage"},"image":{"@id":"https:\/\/tiketi.com\/online-bus-tickets-from-addis-ababa-to-gondar\/#primaryimage"},"thumbnailUrl":"https:\/\/tiketi.com\/wp-content\/uploads\/2022\/01\/bus-ticket-online-booking.jpg","datePublished":"2022-01-19T11:54:39+00:00","dateModified":"2022-01-26T21:26:40+00:00","description":"\u00c0 la recherche d&#039;une application de r\u00e9servation de billets de bus de Addis-Abeba \u00e0 Gondar, d&#039;un itin\u00e9raire, d&#039;un horaire et d&#039;un tarif de bus\u00a0? R\u00e9servez en ligne des billets de bus \u00e0 bas prix de Addis-Abeba \u00e0 Gondar","breadcrumb":{"@id":"https:\/\/tiketi.com\/online-bus-tickets-from-addis-ababa-to-gondar\/#breadcrumb"},"inLanguage":"fr-FR","potentialAction":[{"@type":"ReadAction","target":["https:\/\/tiketi.com\/online-bus-tickets-from-addis-ababa-to-gondar\/"]}]},{"@type":"ImageObject","inLanguage":"fr-FR","@id":"https:\/\/tiketi.com\/online-bus-tickets-from-addis-ababa-to-gondar\/#primaryimage","url":"https:\/\/tiketi.com\/wp-content\/uploads\/2022\/01\/bus-ticket-online-booking.jpg","contentUrl":"https:\/\/tiketi.com\/wp-content\/uploads\/2022\/01\/bus-ticket-online-booking.jpg","width":1200,"height":206,"caption":"Online Bus Ticket Booking"},{"@type":"BreadcrumbList","@id":"https:\/\/tiketi.com\/online-bus-tickets-from-addis-ababa-to-gondar\/#breadcrumb","itemListElement":[{"@type":"ListItem","position":1,"name":"Home","item":"https:\/\/tiketi.com\/"},{"@type":"ListItem","position":2,"name":"Bus from Addis Ababa to Gondar, Bus Tickets, Fare, Route &#038; Schedule"}]},{"@type":"WebSite","@id":"https:\/\/tiketi.com\/#website","url":"https:\/\/tiketi.com\/","name":"Billets d&#039;avion et de bus, forfaits touristiques et activit\u00e9s - Tiketi.com","description":"Billets d&#039;avion et de bus, Tours, Activit\u00e9s","publisher":{"@id":"https:\/\/tiketi.com\/#organization"},"potentialAction":[{"@type":"SearchAction","target":{"@type":"EntryPoint","urlTemplate":"https:\/\/tiketi.com\/?s={search_term_string}"},"query-input":{"@type":"PropertyValueSpecification","valueRequired":true,"valueName":"search_term_string"}}],"inLanguage":"fr-FR"},{"@type":"Organization","@id":"https:\/\/tiketi.com\/#organization","name":"Tiketi.com","alternateName":"Tiketi","url":"https:\/\/tiketi.com\/","logo":{"@type":"ImageObject","inLanguage":"fr-FR","@id":"https:\/\/tiketi.com\/#\/schema\/logo\/image\/","url":"https:\/\/tiketi.com\/wp-content\/uploads\/2019\/05\/tiketi-logo-696.png","contentUrl":"https:\/\/tiketi.com\/wp-content\/uploads\/2019\/05\/tiketi-logo-696.png","width":696,"height":696,"caption":"Tiketi.com"},"image":{"@id":"https:\/\/tiketi.com\/#\/schema\/logo\/image\/"},"sameAs":["https:\/\/www.facebook.com\/TiketiCom\/"]}]}},"_links":{"self":[{"href":"https:\/\/tiketi.com\/fr-fr\/wp-json\/wp\/v2\/pages\/11438","targetHints":{"allow":["GET"]}}],"collection":[{"href":"https:\/\/tiketi.com\/fr-fr\/wp-json\/wp\/v2\/pages"}],"about":[{"href":"https:\/\/tiketi.com\/fr-fr\/wp-json\/wp\/v2\/types\/page"}],"author":[{"embeddable":true,"href":"https:\/\/tiketi.com\/fr-fr\/wp-json\/wp\/v2\/users\/1"}],"replies":[{"embeddable":true,"href":"https:\/\/tiketi.com\/fr-fr\/wp-json\/wp\/v2\/comments?post=11438"}],"version-history":[{"count":0,"href":"https:\/\/tiketi.com\/fr-fr\/wp-json\/wp\/v2\/pages\/11438\/revisions"}],"wp:featuredmedia":[{"embeddable":true,"href":"https:\/\/tiketi.com\/fr-fr\/wp-json\/wp\/v2\/media\/13999"}],"wp:attachment":[{"href":"https:\/\/tiketi.com\/fr-fr\/wp-json\/wp\/v2\/media?parent=11438"}],"curies":[{"name":"wp","href":"https:\/\/api.w.org\/{rel}","templated":true}]}}