{"id":11439,"date":"2022-01-19T12:54:39","date_gmt":"2022-01-19T11:54:39","guid":{"rendered":"https:\/\/new.tiketi.com\/bus-from-addis-ababa-to-dire-dawa-bus-tickets-fare-route-schedule\/"},"modified":"2022-08-22T10:56:11","modified_gmt":"2022-08-22T09:56:11","slug":"bus-from-addis-ababa-to-dire-dawa","status":"publish","type":"page","link":"https:\/\/tiketi.com\/fr-fr\/bus-from-addis-ababa-to-dire-dawa\/","title":{"rendered":"Bus de Addis-Abeba \u00e0 Dire Dawa Billets de bus, tarifs et horaires"},"content":{"rendered":"<h2>Billets de bus pas chers d&#039;Addis-Abeba \u00e0 Dire Dawa R\u00e9servation en ligne<\/h2>\n<h3>R\u00e9servez en ligne maintenant votre billet de bus \u00e0 bas prix de Addis-Abeba \u00e0 Dire Dawa.<\/h3>\n<p>R\u00e9servez en ligne des billets de bus pas chers d&#039;Addis-Abeba \u00e0 Dire Dawa et voyagez d&#039;Addis-Abeba \u00e0 Dire Dawa par la route. Deuxi\u00e8me plus grande ville d&#039;\u00c9thiopie, avec une population de 420 000 habitants, Dire Dawa a vu le jour en 1902 comme un grand arr\u00eat sur le chemin de fer d&#039;Addis-Abeba \u00e0 Djibouti. Voici le guide sur la fa\u00e7on de r\u00e9server des billets de bus d&#039;Addis-Abeba \u00e0 Dire Dawa :<\/p>\n<h2>Bus d&#039;Addis-Abeba \u00e0 Dire Dawa R\u00e9servation de billets de bus, itin\u00e9raires, horaires et tarifs FAQ<\/h2>\n<h3>Quelle est la distance entre Addis-Abeba et Dire Dawa?<\/h3>\n<p>La distance parcourue entre Addis-Abeba et Dire Dawa est de 350 km.<\/p>\n<h3>Avion ou bus depuis Addis-Abeba jusqu&#039;\u00e0 Dire Dawa ?<\/h3>\n<p>Le meilleur moyen de se rendre de Addis-Abeba \u00e0 Dire Dawa est en avion, dure 1h 20m et co\u00fbte $120 - $150. Sinon, vous pouvez prendre le bus, billets de bus pas chers de Addis-Abeba \u00e0 Dire Dawa $78 et dure 10h 50m.<\/p>\n<h3>Puis-je conduire de Dire Dawa et Addis-Abeba ?<\/h3>\n<p>Oui, la distance entre Dire Dawa et Addis-Abeba est de 459 km. il faut environ 7h 2m pour conduire de Addis-Abeba \u00e0 Dire Dawa.<\/p>\n<h3>Le trajet Addis-Abeba-Dire Dawa est-il le moyen abordable de se rendre \u00e0 Dire Dawa ?<\/h3>\n<p>Le moyen abordable de se rendre d&#039;Addis-Abeba \u00e0 Dire Dawa en bus.<\/p>\n<h2>Billets de bus de Addis-Abeba \u00e0 Dire Dawa Tips<\/h2>\n<p>En fait appel\u00e9 Addis Harar, il surplombe le v\u00e9ritable Harar dans les ann\u00e9es 1970 et a un lien commercial essentiel avec les ports du Somaliland et de Djibouti depuis la fermeture de la fronti\u00e8re \u00e9thiopienne avec l&#039;\u00c9rythr\u00e9e \u00e0 la fin des ann\u00e9es 1990. en termes de visiteurs, c&#039;est surtout la porte d&#039;entr\u00e9e a\u00e9rienne de Harar, qui se trouve \u00e0 65 km au sud-ouest. Pendant la saison des pluies, son climat sec et chaud peut faire un contraste rafra\u00eechissant avec les hautes terres froides et bruineuses.<\/p>\n<p>Simplement explor\u00e9e \u00e0 pied, Dire Dawa est travers\u00e9e par le Dechatu Wadi, un cours d&#039;eau g\u00e9n\u00e9ralement sec travers\u00e9 par un pont et une chauss\u00e9e en ciment. Au nord-ouest de l&#039;oued, le centre-ville plut\u00f4t distingu\u00e9, \u00e9galement appel\u00e9 Kezira, comprend une grille parfaite de routes fran\u00e7aises \u00e9manant de l&#039;ancienne gare et bord\u00e9es de grands arbres ombrag\u00e9s.<\/p>","protected":false},"excerpt":{"rendered":"<p>Cheap Bus Tickets from\u00a0Addis Ababa to Dire Dawa\u00a0Online Booking Reserve your cheap bus ticket from Addis Ababa to Dire Dawa online now. Do cheap bus from Addis Ababa to Dire Dawa bus tickets online booking and travel Addis Ababa to Dire Dawa by road. Ethiopia second biggest city, with a population of 420,000, Dire Dawa [&hellip;]<\/p>\n","protected":false},"author":1,"featured_media":13999,"parent":0,"menu_order":0,"comment_status":"open","ping_status":"closed","template":"template-home-modern.php","meta":{"footnotes":""},"class_list":["post-11439","page","type-page","status-publish","has-post-thumbnail","hentry"],"yoast_head":"<!-- This site is optimized with the Yoast SEO plugin v27.5 - https:\/\/yoast.com\/product\/yoast-seo-wordpress\/ -->\n<title>Bus from Addis Ababa to Dire Dawa Bus Tickets, Fare, Route &amp; Schedule<\/title>\n<meta name=\"description\" content=\"Looking for bus from\u00a0Addis Ababa to Dire Dawa bus tickets booking, routes, schedules &amp; fares? Book cheap bus tickets from Addis Ababa to Dire Dawa online now\" \/>\n<meta name=\"robots\" content=\"index, follow, max-snippet:-1, max-image-preview:large, max-video-preview:-1\" \/>\n<link rel=\"canonical\" href=\"https:\/\/tiketi.com\/fr-fr\/bus-from-addis-ababa-to-dire-dawa\/\" \/>\n<meta property=\"og:locale\" content=\"fr_FR\" \/>\n<meta property=\"og:type\" content=\"article\" \/>\n<meta property=\"og:title\" content=\"Bus from Addis Ababa to Dire Dawa Bus Tickets, Fare, Route &amp; Schedule\" \/>\n<meta property=\"og:description\" content=\"Looking for bus from\u00a0Addis Ababa to Dire Dawa bus tickets booking, routes, schedules &amp; fares? Book cheap bus tickets from Addis Ababa to Dire Dawa online now\" \/>\n<meta property=\"og:url\" content=\"https:\/\/tiketi.com\/fr-fr\/bus-from-addis-ababa-to-dire-dawa\/\" \/>\n<meta property=\"og:site_name\" content=\"Tiketi.com\" \/>\n<meta property=\"article:publisher\" content=\"https:\/\/www.facebook.com\/TiketiCom\/\" \/>\n<meta property=\"article:modified_time\" content=\"2022-08-22T09:56:11+00:00\" \/>\n<meta property=\"og:image\" content=\"https:\/\/tiketi.com\/wp-content\/uploads\/2022\/01\/bus-ticket-online-booking.jpg\" \/>\n\t<meta property=\"og:image:width\" content=\"1200\" \/>\n\t<meta property=\"og:image:height\" content=\"206\" \/>\n\t<meta property=\"og:image:type\" content=\"image\/jpeg\" \/>\n<meta name=\"twitter:card\" content=\"summary_large_image\" \/>\n<meta name=\"twitter:label1\" content=\"Dur\u00e9e de lecture estim\u00e9e\" \/>\n\t<meta name=\"twitter:data1\" content=\"2 minutes\" \/>\n<script type=\"application\/ld+json\" class=\"yoast-schema-graph\">{\"@context\":\"https:\\\/\\\/schema.org\",\"@graph\":[{\"@type\":\"WebPage\",\"@id\":\"https:\\\/\\\/tiketi.com\\\/bus-from-addis-ababa-to-dire-dawa\\\/\",\"url\":\"https:\\\/\\\/tiketi.com\\\/bus-from-addis-ababa-to-dire-dawa\\\/\",\"name\":\"Bus from Addis Ababa to Dire Dawa Bus Tickets, Fare, Route & Schedule\",\"isPartOf\":{\"@id\":\"https:\\\/\\\/tiketi.com\\\/#website\"},\"primaryImageOfPage\":{\"@id\":\"https:\\\/\\\/tiketi.com\\\/bus-from-addis-ababa-to-dire-dawa\\\/#primaryimage\"},\"image\":{\"@id\":\"https:\\\/\\\/tiketi.com\\\/bus-from-addis-ababa-to-dire-dawa\\\/#primaryimage\"},\"thumbnailUrl\":\"https:\\\/\\\/tiketi.com\\\/wp-content\\\/uploads\\\/2022\\\/01\\\/bus-ticket-online-booking.jpg\",\"datePublished\":\"2022-01-19T11:54:39+00:00\",\"dateModified\":\"2022-08-22T09:56:11+00:00\",\"description\":\"Looking for bus from\u00a0Addis Ababa to Dire Dawa bus tickets booking, routes, schedules & fares? Book cheap bus tickets from Addis Ababa to Dire Dawa online now\",\"breadcrumb\":{\"@id\":\"https:\\\/\\\/tiketi.com\\\/bus-from-addis-ababa-to-dire-dawa\\\/#breadcrumb\"},\"inLanguage\":\"fr-FR\",\"potentialAction\":[{\"@type\":\"ReadAction\",\"target\":[\"https:\\\/\\\/tiketi.com\\\/bus-from-addis-ababa-to-dire-dawa\\\/\"]}]},{\"@type\":\"ImageObject\",\"inLanguage\":\"fr-FR\",\"@id\":\"https:\\\/\\\/tiketi.com\\\/bus-from-addis-ababa-to-dire-dawa\\\/#primaryimage\",\"url\":\"https:\\\/\\\/tiketi.com\\\/wp-content\\\/uploads\\\/2022\\\/01\\\/bus-ticket-online-booking.jpg\",\"contentUrl\":\"https:\\\/\\\/tiketi.com\\\/wp-content\\\/uploads\\\/2022\\\/01\\\/bus-ticket-online-booking.jpg\",\"width\":1200,\"height\":206,\"caption\":\"Online Bus Ticket Booking\"},{\"@type\":\"BreadcrumbList\",\"@id\":\"https:\\\/\\\/tiketi.com\\\/bus-from-addis-ababa-to-dire-dawa\\\/#breadcrumb\",\"itemListElement\":[{\"@type\":\"ListItem\",\"position\":1,\"name\":\"Home\",\"item\":\"https:\\\/\\\/tiketi.com\\\/\"},{\"@type\":\"ListItem\",\"position\":2,\"name\":\"Bus from Addis Ababa to Dire Dawa Bus Tickets, Fare &#038; Schedule\"}]},{\"@type\":\"WebSite\",\"@id\":\"https:\\\/\\\/tiketi.com\\\/#website\",\"url\":\"https:\\\/\\\/tiketi.com\\\/\",\"name\":\"Flight & Bus Tickets, Tour Packages & Activitites - Tiketi.com\",\"description\":\"Flight &amp; Bus Tickets, Tours, Activitites\",\"publisher\":{\"@id\":\"https:\\\/\\\/tiketi.com\\\/#organization\"},\"potentialAction\":[{\"@type\":\"SearchAction\",\"target\":{\"@type\":\"EntryPoint\",\"urlTemplate\":\"https:\\\/\\\/tiketi.com\\\/?s={search_term_string}\"},\"query-input\":{\"@type\":\"PropertyValueSpecification\",\"valueRequired\":true,\"valueName\":\"search_term_string\"}}],\"inLanguage\":\"fr-FR\"},{\"@type\":\"Organization\",\"@id\":\"https:\\\/\\\/tiketi.com\\\/#organization\",\"name\":\"Tiketi.com\",\"alternateName\":\"Tiketi\",\"url\":\"https:\\\/\\\/tiketi.com\\\/\",\"logo\":{\"@type\":\"ImageObject\",\"inLanguage\":\"fr-FR\",\"@id\":\"https:\\\/\\\/tiketi.com\\\/#\\\/schema\\\/logo\\\/image\\\/\",\"url\":\"https:\\\/\\\/tiketi.com\\\/wp-content\\\/uploads\\\/2019\\\/05\\\/tiketi-logo-696.png\",\"contentUrl\":\"https:\\\/\\\/tiketi.com\\\/wp-content\\\/uploads\\\/2019\\\/05\\\/tiketi-logo-696.png\",\"width\":696,\"height\":696,\"caption\":\"Tiketi.com\"},\"image\":{\"@id\":\"https:\\\/\\\/tiketi.com\\\/#\\\/schema\\\/logo\\\/image\\\/\"},\"sameAs\":[\"https:\\\/\\\/www.facebook.com\\\/TiketiCom\\\/\"]}]}<\/script>\n<!-- \/ Yoast SEO plugin. -->","yoast_head_json":{"title":"Bus de Addis-Abeba \u00e0 Dire Dawa Billets de bus, tarif, itin\u00e9raire et horaires","description":"\u00c0 la recherche de billets de bus de Addis-Abeba \u00e0 Dire Dawa, de r\u00e9servation d&#039;itin\u00e9raires, d&#039;horaires et de tarifs de bus ? R\u00e9servez en ligne maintenant des billets de bus \u00e0 bas prix de Addis-Abeba \u00e0 Dire Dawa","robots":{"index":"index","follow":"follow","max-snippet":"max-snippet:-1","max-image-preview":"max-image-preview:large","max-video-preview":"max-video-preview:-1"},"canonical":"https:\/\/tiketi.com\/fr-fr\/bus-from-addis-ababa-to-dire-dawa\/","og_locale":"fr_FR","og_type":"article","og_title":"Bus from Addis Ababa to Dire Dawa Bus Tickets, Fare, Route & Schedule","og_description":"Looking for bus from\u00a0Addis Ababa to Dire Dawa bus tickets booking, routes, schedules & fares? Book cheap bus tickets from Addis Ababa to Dire Dawa online now","og_url":"https:\/\/tiketi.com\/fr-fr\/bus-from-addis-ababa-to-dire-dawa\/","og_site_name":"Tiketi.com","article_publisher":"https:\/\/www.facebook.com\/TiketiCom\/","article_modified_time":"2022-08-22T09:56:11+00:00","og_image":[{"width":1200,"height":206,"url":"https:\/\/tiketi.com\/wp-content\/uploads\/2022\/01\/bus-ticket-online-booking.jpg","type":"image\/jpeg"}],"twitter_card":"summary_large_image","twitter_misc":{"Dur\u00e9e de lecture estim\u00e9e":"2 minutes"},"schema":{"@context":"https:\/\/schema.org","@graph":[{"@type":"WebPage","@id":"https:\/\/tiketi.com\/bus-from-addis-ababa-to-dire-dawa\/","url":"https:\/\/tiketi.com\/bus-from-addis-ababa-to-dire-dawa\/","name":"Bus de Addis-Abeba \u00e0 Dire Dawa Billets de bus, tarif, itin\u00e9raire et horaires","isPartOf":{"@id":"https:\/\/tiketi.com\/#website"},"primaryImageOfPage":{"@id":"https:\/\/tiketi.com\/bus-from-addis-ababa-to-dire-dawa\/#primaryimage"},"image":{"@id":"https:\/\/tiketi.com\/bus-from-addis-ababa-to-dire-dawa\/#primaryimage"},"thumbnailUrl":"https:\/\/tiketi.com\/wp-content\/uploads\/2022\/01\/bus-ticket-online-booking.jpg","datePublished":"2022-01-19T11:54:39+00:00","dateModified":"2022-08-22T09:56:11+00:00","description":"\u00c0 la recherche de billets de bus de Addis-Abeba \u00e0 Dire Dawa, de r\u00e9servation d&#039;itin\u00e9raires, d&#039;horaires et de tarifs de bus ? R\u00e9servez en ligne maintenant des billets de bus \u00e0 bas prix de Addis-Abeba \u00e0 Dire Dawa","breadcrumb":{"@id":"https:\/\/tiketi.com\/bus-from-addis-ababa-to-dire-dawa\/#breadcrumb"},"inLanguage":"fr-FR","potentialAction":[{"@type":"ReadAction","target":["https:\/\/tiketi.com\/bus-from-addis-ababa-to-dire-dawa\/"]}]},{"@type":"ImageObject","inLanguage":"fr-FR","@id":"https:\/\/tiketi.com\/bus-from-addis-ababa-to-dire-dawa\/#primaryimage","url":"https:\/\/tiketi.com\/wp-content\/uploads\/2022\/01\/bus-ticket-online-booking.jpg","contentUrl":"https:\/\/tiketi.com\/wp-content\/uploads\/2022\/01\/bus-ticket-online-booking.jpg","width":1200,"height":206,"caption":"Online Bus Ticket Booking"},{"@type":"BreadcrumbList","@id":"https:\/\/tiketi.com\/bus-from-addis-ababa-to-dire-dawa\/#breadcrumb","itemListElement":[{"@type":"ListItem","position":1,"name":"Home","item":"https:\/\/tiketi.com\/"},{"@type":"ListItem","position":2,"name":"Bus from Addis Ababa to Dire Dawa Bus Tickets, Fare &#038; Schedule"}]},{"@type":"WebSite","@id":"https:\/\/tiketi.com\/#website","url":"https:\/\/tiketi.com\/","name":"Billets d&#039;avion et de bus, forfaits touristiques et activit\u00e9s - Tiketi.com","description":"Billets d&#039;avion et de bus, Tours, Activit\u00e9s","publisher":{"@id":"https:\/\/tiketi.com\/#organization"},"potentialAction":[{"@type":"SearchAction","target":{"@type":"EntryPoint","urlTemplate":"https:\/\/tiketi.com\/?s={search_term_string}"},"query-input":{"@type":"PropertyValueSpecification","valueRequired":true,"valueName":"search_term_string"}}],"inLanguage":"fr-FR"},{"@type":"Organization","@id":"https:\/\/tiketi.com\/#organization","name":"Tiketi.com","alternateName":"Tiketi","url":"https:\/\/tiketi.com\/","logo":{"@type":"ImageObject","inLanguage":"fr-FR","@id":"https:\/\/tiketi.com\/#\/schema\/logo\/image\/","url":"https:\/\/tiketi.com\/wp-content\/uploads\/2019\/05\/tiketi-logo-696.png","contentUrl":"https:\/\/tiketi.com\/wp-content\/uploads\/2019\/05\/tiketi-logo-696.png","width":696,"height":696,"caption":"Tiketi.com"},"image":{"@id":"https:\/\/tiketi.com\/#\/schema\/logo\/image\/"},"sameAs":["https:\/\/www.facebook.com\/TiketiCom\/"]}]}},"_links":{"self":[{"href":"https:\/\/tiketi.com\/fr-fr\/wp-json\/wp\/v2\/pages\/11439","targetHints":{"allow":["GET"]}}],"collection":[{"href":"https:\/\/tiketi.com\/fr-fr\/wp-json\/wp\/v2\/pages"}],"about":[{"href":"https:\/\/tiketi.com\/fr-fr\/wp-json\/wp\/v2\/types\/page"}],"author":[{"embeddable":true,"href":"https:\/\/tiketi.com\/fr-fr\/wp-json\/wp\/v2\/users\/1"}],"replies":[{"embeddable":true,"href":"https:\/\/tiketi.com\/fr-fr\/wp-json\/wp\/v2\/comments?post=11439"}],"version-history":[{"count":0,"href":"https:\/\/tiketi.com\/fr-fr\/wp-json\/wp\/v2\/pages\/11439\/revisions"}],"wp:featuredmedia":[{"embeddable":true,"href":"https:\/\/tiketi.com\/fr-fr\/wp-json\/wp\/v2\/media\/13999"}],"wp:attachment":[{"href":"https:\/\/tiketi.com\/fr-fr\/wp-json\/wp\/v2\/media?parent=11439"}],"curies":[{"name":"wp","href":"https:\/\/api.w.org\/{rel}","templated":true}]}}