{"id":11440,"date":"2022-01-19T12:54:39","date_gmt":"2022-01-19T11:54:39","guid":{"rendered":"https:\/\/new.tiketi.com\/bus-from-gaborone-to-kasane-bus-tickets-fare-schedule-route\/"},"modified":"2022-01-28T11:55:53","modified_gmt":"2022-01-28T10:55:53","slug":"online-bus-tickets-from-gaborone-to-kasane","status":"publish","type":"page","link":"https:\/\/tiketi.com\/fr-fr\/online-bus-tickets-from-gaborone-to-kasane\/","title":{"rendered":"Bus de Gaborone \u00e0 Kasane Billets de bus, tarifs, horaires et itin\u00e9raire"},"content":{"rendered":"<h2>Billets de bus pas chers de Gaborone \u00e0 Kasane : r\u00e9servation en ligne<\/h2>\n<h3>D\u00e9couvrez votre itin\u00e9raire de voyage sur le Web, votre mobile ou votre application et r\u00e9servez d\u00e8s maintenant en ligne votre billet de bus pas cher de Gaborone \u00e0 Kasane.<\/h3>\n<p>R\u00e9servez des billets de bus pas chers de Gaborone \u00e0 Kasane en ligne et voyagez de Gaborone \u00e0 Kasane par la route. Kasane est situ\u00e9 dans le coin nord-est du Botswana, dans la r\u00e9gion de l&#039;Okavango-Chobe. La ville est le centre administratif du district de Chote et une ville frontali\u00e8re du Botswana o\u00f9 se rencontrent 4 pays : la Namibie, le Botswana, la Zambie et le Zimbabwe. Voici le guide sur la fa\u00e7on de r\u00e9server des billets de bus de Gaborone \u00e0 Kasane :<\/p>\n<h2>Bus de Gaborone \u00e0 Kasane R\u00e9servation de billets de bus, itin\u00e9raires, horaires et tarifs FAQ<\/h2>\n<h3>Quel est le moyen le moins cher pour se rendre de Gaborone \u00e0 Kasane ?<\/h3>\n<p>Le moyen le moins cher de se rendre de Gaborone \u00e0 Kasane est en avion qui co\u00fbte $120 \u2013 $160 et prend 1h 60m.<\/p>\n<h3>Quelle est la distance du bus de Gaborone \u00e0 Kasane?<\/h3>\n<p>La distance de voyage de Gaborone \u00e0 Kasane bus est de 766 km.<\/p>\n<h3>Avion ou bus Gaborone jusqu&#039;\u00e0 Kasane?<\/h3>\n<p>Le meilleur moyen pour aller de Gaborone \u00e0 Kasane est de <a href=\"https:\/\/tiketi.com\/fr-fr\/flightst\/\" target=\"_blank\" rel=\"noopener\">voler<\/a> ce qui dure 1h 59m et co\u00fbte $120 \u2013 $170. Sinon, vous pouvez bus bus Gaborone \u00e0 Kasane, ce qui co\u00fbte et dure 29h 59m.<\/p>\n<h3>Puis-je conduire de Gaborone \u00e0 Kasane ?<\/h3>\n<p>Oui, la distance entre Kasane et Gaborone est de 931 km. Il faut environ 11 h 59 min pour conduire de Gaborone \u00e0 Kasane.<\/p>\n<h2>Conseils pour les billets de bus de Gaborone \u00e0 Kasane<\/h2>\n<p>La ville a l&#039;avantage strat\u00e9gique d&#039;\u00eatre plac\u00e9e sur la route de grandes attractions dans 4 pays\u00a0: \u00e0 l&#039;ouest, Kasane offre un acc\u00e8s \u00e0 la bande de Caprivi en Namibie, les chutes Victoria sont \u00e0 l&#039;est, \u00e0 la fronti\u00e8re entre la Zambie et le Zimbabwe, tandis que la ville est l&#039;entr\u00e9e nord. aux importants parcs nationaux de Chobe au Botswana.<\/p>\n<p>Ajoutez \u00e0 cela les eaux de Kasane qui sont parfaites pour un safari de p\u00eache \u2013 la ville \u00e9tant dispos\u00e9e le long de la rive sud de la rivi\u00e8re Chobe, sa source chaude et l&#039;arbre historique Baoboa parmi d&#039;autres attractions nationales, on comprend pourquoi cette ville frontali\u00e8re est un endroit \u00e0 visiter. visite.<\/p>\n<p>Pour les aventuriers et les amateurs de divertissement, cette ville constitue la meilleure escapade parmi les principaux lieux touristiques d\u2019Afrique australe, principalement pour admirer sa magnifique faune et ses rivi\u00e8res.<\/p>","protected":false},"excerpt":{"rendered":"<p>Cheap Bus Tickets from\u00a0Gaborone to Kasane\u00a0Online Booking Discover your travel route on web, mobile or app and book cheap bus ticket from Gaborone to Kasane online now. Do cheap bus from Gaborone to Kasane bus tickets online booking and travel Gaborone to Kasane by road. Kasane is placed in the North-eastern corner of Botswana in [&hellip;]<\/p>\n","protected":false},"author":1,"featured_media":13999,"parent":0,"menu_order":0,"comment_status":"open","ping_status":"closed","template":"template-home-modern.php","meta":{"footnotes":""},"class_list":["post-11440","page","type-page","status-publish","has-post-thumbnail","hentry"],"yoast_head":"<!-- This site is optimized with the Yoast SEO plugin v27.4 - https:\/\/yoast.com\/product\/yoast-seo-wordpress\/ -->\n<title>Bus from Gaborone to Kasane Bus Tickets, Fare, Schedule &amp; Route<\/title>\n<meta name=\"description\" content=\"Looking for bus from\u00a0Gaborone to Kasane bus ticket booking app, schedule &amp; fare? Book cheap bus tickets from Gaborone to Kasane online now\" \/>\n<meta name=\"robots\" content=\"index, follow, max-snippet:-1, max-image-preview:large, max-video-preview:-1\" \/>\n<link rel=\"canonical\" href=\"https:\/\/tiketi.com\/fr-fr\/online-bus-tickets-from-gaborone-to-kasane\/\" \/>\n<meta property=\"og:locale\" content=\"fr_FR\" \/>\n<meta property=\"og:type\" content=\"article\" \/>\n<meta property=\"og:title\" content=\"Bus from Gaborone to Kasane Bus Tickets, Fare, Schedule &amp; Route\" \/>\n<meta property=\"og:description\" content=\"Looking for bus from\u00a0Gaborone to Kasane bus ticket booking app, schedule &amp; fare? Book cheap bus tickets from Gaborone to Kasane online now\" \/>\n<meta property=\"og:url\" content=\"https:\/\/tiketi.com\/fr-fr\/online-bus-tickets-from-gaborone-to-kasane\/\" \/>\n<meta property=\"og:site_name\" content=\"Tiketi.com\" \/>\n<meta property=\"article:publisher\" content=\"https:\/\/www.facebook.com\/TiketiCom\/\" \/>\n<meta property=\"article:modified_time\" content=\"2022-01-28T10:55:53+00:00\" \/>\n<meta property=\"og:image\" content=\"https:\/\/tiketi.com\/wp-content\/uploads\/2022\/01\/bus-ticket-online-booking.jpg\" \/>\n\t<meta property=\"og:image:width\" content=\"1200\" \/>\n\t<meta property=\"og:image:height\" content=\"206\" \/>\n\t<meta property=\"og:image:type\" content=\"image\/jpeg\" \/>\n<meta name=\"twitter:card\" content=\"summary_large_image\" \/>\n<meta name=\"twitter:label1\" content=\"Dur\u00e9e de lecture estim\u00e9e\" \/>\n\t<meta name=\"twitter:data1\" content=\"2 minutes\" \/>\n<script type=\"application\/ld+json\" class=\"yoast-schema-graph\">{\"@context\":\"https:\\\/\\\/schema.org\",\"@graph\":[{\"@type\":\"WebPage\",\"@id\":\"https:\\\/\\\/tiketi.com\\\/online-bus-tickets-from-gaborone-to-kasane\\\/\",\"url\":\"https:\\\/\\\/tiketi.com\\\/online-bus-tickets-from-gaborone-to-kasane\\\/\",\"name\":\"Bus from Gaborone to Kasane Bus Tickets, Fare, Schedule & Route\",\"isPartOf\":{\"@id\":\"https:\\\/\\\/tiketi.com\\\/#website\"},\"primaryImageOfPage\":{\"@id\":\"https:\\\/\\\/tiketi.com\\\/online-bus-tickets-from-gaborone-to-kasane\\\/#primaryimage\"},\"image\":{\"@id\":\"https:\\\/\\\/tiketi.com\\\/online-bus-tickets-from-gaborone-to-kasane\\\/#primaryimage\"},\"thumbnailUrl\":\"https:\\\/\\\/tiketi.com\\\/wp-content\\\/uploads\\\/2022\\\/01\\\/bus-ticket-online-booking.jpg\",\"datePublished\":\"2022-01-19T11:54:39+00:00\",\"dateModified\":\"2022-01-28T10:55:53+00:00\",\"description\":\"Looking for bus from\u00a0Gaborone to Kasane bus ticket booking app, schedule & fare? Book cheap bus tickets from Gaborone to Kasane online now\",\"breadcrumb\":{\"@id\":\"https:\\\/\\\/tiketi.com\\\/online-bus-tickets-from-gaborone-to-kasane\\\/#breadcrumb\"},\"inLanguage\":\"fr-FR\",\"potentialAction\":[{\"@type\":\"ReadAction\",\"target\":[\"https:\\\/\\\/tiketi.com\\\/online-bus-tickets-from-gaborone-to-kasane\\\/\"]}]},{\"@type\":\"ImageObject\",\"inLanguage\":\"fr-FR\",\"@id\":\"https:\\\/\\\/tiketi.com\\\/online-bus-tickets-from-gaborone-to-kasane\\\/#primaryimage\",\"url\":\"https:\\\/\\\/tiketi.com\\\/wp-content\\\/uploads\\\/2022\\\/01\\\/bus-ticket-online-booking.jpg\",\"contentUrl\":\"https:\\\/\\\/tiketi.com\\\/wp-content\\\/uploads\\\/2022\\\/01\\\/bus-ticket-online-booking.jpg\",\"width\":1200,\"height\":206,\"caption\":\"Online Bus Ticket Booking\"},{\"@type\":\"BreadcrumbList\",\"@id\":\"https:\\\/\\\/tiketi.com\\\/online-bus-tickets-from-gaborone-to-kasane\\\/#breadcrumb\",\"itemListElement\":[{\"@type\":\"ListItem\",\"position\":1,\"name\":\"Home\",\"item\":\"https:\\\/\\\/tiketi.com\\\/\"},{\"@type\":\"ListItem\",\"position\":2,\"name\":\"Bus from Gaborone to Kasane Bus Tickets, Fare, Schedule &#038; Route\"}]},{\"@type\":\"WebSite\",\"@id\":\"https:\\\/\\\/tiketi.com\\\/#website\",\"url\":\"https:\\\/\\\/tiketi.com\\\/\",\"name\":\"Flight & Bus Tickets, Tour Packages & Activitites - Tiketi.com\",\"description\":\"Flight &amp; Bus Tickets, Tours, Activitites\",\"publisher\":{\"@id\":\"https:\\\/\\\/tiketi.com\\\/#organization\"},\"potentialAction\":[{\"@type\":\"SearchAction\",\"target\":{\"@type\":\"EntryPoint\",\"urlTemplate\":\"https:\\\/\\\/tiketi.com\\\/?s={search_term_string}\"},\"query-input\":{\"@type\":\"PropertyValueSpecification\",\"valueRequired\":true,\"valueName\":\"search_term_string\"}}],\"inLanguage\":\"fr-FR\"},{\"@type\":\"Organization\",\"@id\":\"https:\\\/\\\/tiketi.com\\\/#organization\",\"name\":\"Tiketi.com\",\"alternateName\":\"Tiketi\",\"url\":\"https:\\\/\\\/tiketi.com\\\/\",\"logo\":{\"@type\":\"ImageObject\",\"inLanguage\":\"fr-FR\",\"@id\":\"https:\\\/\\\/tiketi.com\\\/#\\\/schema\\\/logo\\\/image\\\/\",\"url\":\"https:\\\/\\\/tiketi.com\\\/wp-content\\\/uploads\\\/2019\\\/05\\\/tiketi-logo-696.png\",\"contentUrl\":\"https:\\\/\\\/tiketi.com\\\/wp-content\\\/uploads\\\/2019\\\/05\\\/tiketi-logo-696.png\",\"width\":696,\"height\":696,\"caption\":\"Tiketi.com\"},\"image\":{\"@id\":\"https:\\\/\\\/tiketi.com\\\/#\\\/schema\\\/logo\\\/image\\\/\"},\"sameAs\":[\"https:\\\/\\\/www.facebook.com\\\/TiketiCom\\\/\"]}]}<\/script>\n<!-- \/ Yoast SEO plugin. -->","yoast_head_json":{"title":"Bus de Gaborone \u00e0 Kasane Billets de bus, tarifs, horaires et itin\u00e9raire","description":"Vous recherchez des bus de Gaborone \u00e0 Kasane, une application de r\u00e9servation de billets de bus, des horaires et des tarifs ? R\u00e9servez vos billets de bus \u00e0 bas prix de Gaborone \u00e0 Kasane en ligne maintenant","robots":{"index":"index","follow":"follow","max-snippet":"max-snippet:-1","max-image-preview":"max-image-preview:large","max-video-preview":"max-video-preview:-1"},"canonical":"https:\/\/tiketi.com\/fr-fr\/online-bus-tickets-from-gaborone-to-kasane\/","og_locale":"fr_FR","og_type":"article","og_title":"Bus from Gaborone to Kasane Bus Tickets, Fare, Schedule & Route","og_description":"Looking for bus from\u00a0Gaborone to Kasane bus ticket booking app, schedule & fare? Book cheap bus tickets from Gaborone to Kasane online now","og_url":"https:\/\/tiketi.com\/fr-fr\/online-bus-tickets-from-gaborone-to-kasane\/","og_site_name":"Tiketi.com","article_publisher":"https:\/\/www.facebook.com\/TiketiCom\/","article_modified_time":"2022-01-28T10:55:53+00:00","og_image":[{"width":1200,"height":206,"url":"https:\/\/tiketi.com\/wp-content\/uploads\/2022\/01\/bus-ticket-online-booking.jpg","type":"image\/jpeg"}],"twitter_card":"summary_large_image","twitter_misc":{"Dur\u00e9e de lecture estim\u00e9e":"2 minutes"},"schema":{"@context":"https:\/\/schema.org","@graph":[{"@type":"WebPage","@id":"https:\/\/tiketi.com\/online-bus-tickets-from-gaborone-to-kasane\/","url":"https:\/\/tiketi.com\/online-bus-tickets-from-gaborone-to-kasane\/","name":"Bus de Gaborone \u00e0 Kasane Billets de bus, tarifs, horaires et itin\u00e9raire","isPartOf":{"@id":"https:\/\/tiketi.com\/#website"},"primaryImageOfPage":{"@id":"https:\/\/tiketi.com\/online-bus-tickets-from-gaborone-to-kasane\/#primaryimage"},"image":{"@id":"https:\/\/tiketi.com\/online-bus-tickets-from-gaborone-to-kasane\/#primaryimage"},"thumbnailUrl":"https:\/\/tiketi.com\/wp-content\/uploads\/2022\/01\/bus-ticket-online-booking.jpg","datePublished":"2022-01-19T11:54:39+00:00","dateModified":"2022-01-28T10:55:53+00:00","description":"Vous recherchez des bus de Gaborone \u00e0 Kasane, une application de r\u00e9servation de billets de bus, des horaires et des tarifs ? R\u00e9servez vos billets de bus \u00e0 bas prix de Gaborone \u00e0 Kasane en ligne maintenant","breadcrumb":{"@id":"https:\/\/tiketi.com\/online-bus-tickets-from-gaborone-to-kasane\/#breadcrumb"},"inLanguage":"fr-FR","potentialAction":[{"@type":"ReadAction","target":["https:\/\/tiketi.com\/online-bus-tickets-from-gaborone-to-kasane\/"]}]},{"@type":"ImageObject","inLanguage":"fr-FR","@id":"https:\/\/tiketi.com\/online-bus-tickets-from-gaborone-to-kasane\/#primaryimage","url":"https:\/\/tiketi.com\/wp-content\/uploads\/2022\/01\/bus-ticket-online-booking.jpg","contentUrl":"https:\/\/tiketi.com\/wp-content\/uploads\/2022\/01\/bus-ticket-online-booking.jpg","width":1200,"height":206,"caption":"Online Bus Ticket Booking"},{"@type":"BreadcrumbList","@id":"https:\/\/tiketi.com\/online-bus-tickets-from-gaborone-to-kasane\/#breadcrumb","itemListElement":[{"@type":"ListItem","position":1,"name":"Home","item":"https:\/\/tiketi.com\/"},{"@type":"ListItem","position":2,"name":"Bus from Gaborone to Kasane Bus Tickets, Fare, Schedule &#038; Route"}]},{"@type":"WebSite","@id":"https:\/\/tiketi.com\/#website","url":"https:\/\/tiketi.com\/","name":"Billets d&#039;avion et de bus, forfaits touristiques et activit\u00e9s - Tiketi.com","description":"Billets d&#039;avion et de bus, Tours, Activit\u00e9s","publisher":{"@id":"https:\/\/tiketi.com\/#organization"},"potentialAction":[{"@type":"SearchAction","target":{"@type":"EntryPoint","urlTemplate":"https:\/\/tiketi.com\/?s={search_term_string}"},"query-input":{"@type":"PropertyValueSpecification","valueRequired":true,"valueName":"search_term_string"}}],"inLanguage":"fr-FR"},{"@type":"Organization","@id":"https:\/\/tiketi.com\/#organization","name":"Tiketi.com","alternateName":"Tiketi","url":"https:\/\/tiketi.com\/","logo":{"@type":"ImageObject","inLanguage":"fr-FR","@id":"https:\/\/tiketi.com\/#\/schema\/logo\/image\/","url":"https:\/\/tiketi.com\/wp-content\/uploads\/2019\/05\/tiketi-logo-696.png","contentUrl":"https:\/\/tiketi.com\/wp-content\/uploads\/2019\/05\/tiketi-logo-696.png","width":696,"height":696,"caption":"Tiketi.com"},"image":{"@id":"https:\/\/tiketi.com\/#\/schema\/logo\/image\/"},"sameAs":["https:\/\/www.facebook.com\/TiketiCom\/"]}]}},"_links":{"self":[{"href":"https:\/\/tiketi.com\/fr-fr\/wp-json\/wp\/v2\/pages\/11440","targetHints":{"allow":["GET"]}}],"collection":[{"href":"https:\/\/tiketi.com\/fr-fr\/wp-json\/wp\/v2\/pages"}],"about":[{"href":"https:\/\/tiketi.com\/fr-fr\/wp-json\/wp\/v2\/types\/page"}],"author":[{"embeddable":true,"href":"https:\/\/tiketi.com\/fr-fr\/wp-json\/wp\/v2\/users\/1"}],"replies":[{"embeddable":true,"href":"https:\/\/tiketi.com\/fr-fr\/wp-json\/wp\/v2\/comments?post=11440"}],"version-history":[{"count":0,"href":"https:\/\/tiketi.com\/fr-fr\/wp-json\/wp\/v2\/pages\/11440\/revisions"}],"wp:featuredmedia":[{"embeddable":true,"href":"https:\/\/tiketi.com\/fr-fr\/wp-json\/wp\/v2\/media\/13999"}],"wp:attachment":[{"href":"https:\/\/tiketi.com\/fr-fr\/wp-json\/wp\/v2\/media?parent=11440"}],"curies":[{"name":"wp","href":"https:\/\/api.w.org\/{rel}","templated":true}]}}