{"id":11445,"date":"2022-01-19T12:54:39","date_gmt":"2022-01-19T11:54:39","guid":{"rendered":"https:\/\/new.tiketi.com\/bus-from-maputo-to-nacala-bus-tickets-route-schedule-fare\/"},"modified":"2022-01-30T19:24:30","modified_gmt":"2022-01-30T18:24:30","slug":"online-bus-tickets-from-maputo-to-nacala","status":"publish","type":"page","link":"https:\/\/tiketi.com\/fr-fr\/online-bus-tickets-from-maputo-to-nacala\/","title":{"rendered":"Bus de Maputo \u00e0 Nacala Billets de bus, itin\u00e9raire, horaires et tarifs"},"content":{"rendered":"<p>[wbtm-bus-search]<\/p>\n<h2>Cheap Bus Tickets from\u00a0Maputo to Nacala\u00a0Online Booking<\/h2>\n<h3><strong>&gt;&gt;<\/strong>\u00a0Reserve\u00a0your cheap bus ticket\u00a0from Maputo to Nacala online now.<\/h3>\n<p>Do cheap bus from Maputo to Nacala bus tickets online booking and travel Maputo to Nacala by road. Nacala, also called as Nacala-Porto or \u00a0Cidade de Nacala is placed on the northern Mozambique coast and is the deepest natural port on the East coast of Africa. Here is the guide on how to book bus Maputo to Nacala:<\/p>\n<h2>Bus from Maputo to Nacala Bus Tickets, Route, Schedule\u00a0&amp; Fare\u00a0FAQs<\/h2>\n<h3>Is the Maputo to Nacala bus the affordable way to get\u00a0to Nacala?<\/h3>\n<p>The affordable way to get from Maputo to Nacala is to fly and bus which costs $230 &#8211; $650 and takes 2h 35m.<\/p>\n<h3>What is the travel distance of bus Maputo to Nacala?<\/h3>\n<p>The travel distance of Maputo to Nacala bus is 1523 km.<\/p>\n<h3>Can I drive from Maputo to Nacala?<\/h3>\n<p>Yes, the driving distance between Nacala and Maputo is 2265. It takes about 32h 40m to drive from Maputo to Nacala.<\/p>\n<h2>Bus Tickets from\u00a0Maputo to Nacala Tips<\/h2>\n<p>It serves as the terminal for the Railway of Nacala, which is the link to the landlock Malawi.<\/p>\n<p>There is no limitations on ship movement or size here due to the ports naturally sheltered position and deep water. It is anyway compulsory for the ships to be piloted into the bay for safety.<\/p>\n<p>Nacala is also famous as a diving gem, this place has not hit the visitor radar as yet, but is the best diving place.<\/p>\n<p>Visitors will find stalls, souvenirs, shops, and domestic products in Nacala. The restaurants at the lodges and hotels are a culinary delight and there is something to match every taste.<\/p>\n<h3>Activities in Nacala<\/h3>\n<p>This is the best diving holiday for visitors to escape the beatean track. Other activities to do:<\/p>\n<p>\u2022\u00a0\u00a0 \u00a0Fishing<\/p>\n<p>\u2022\u00a0\u00a0 \u00a0Snorkelling<\/p>\n<p>\u2022\u00a0\u00a0 \u00a0Dhow sailing<\/p>\n<p>\u2022\u00a0\u00a0 \u00a0Walks and hikes<\/p>\n<p>There is a big range of accommodation choices accessible in the area from hotels to lodges on the beach.<\/p>\n","protected":false},"excerpt":{"rendered":"<p>[wbtm-bus-search] Cheap Bus Tickets from\u00a0Maputo to Nacala\u00a0Online Booking &gt;&gt;\u00a0Reserve\u00a0your cheap bus ticket\u00a0from Maputo to Nacala online now. Do cheap bus from Maputo to Nacala bus tickets online booking and travel Maputo to Nacala by road. Nacala, also called as Nacala-Porto or \u00a0Cidade de Nacala is placed on the northern Mozambique coast and is the deepest [&hellip;]<\/p>\n","protected":false},"author":1,"featured_media":13999,"parent":0,"menu_order":0,"comment_status":"open","ping_status":"closed","template":"template-home-modern.php","meta":{"footnotes":""},"class_list":["post-11445","page","type-page","status-publish","has-post-thumbnail","hentry"],"yoast_head":"<!-- This site is optimized with the Yoast SEO plugin v27.3 - https:\/\/yoast.com\/product\/yoast-seo-wordpress\/ -->\n<title>Bus from Maputo to Nacala Bus Tickets, Route, Schedule\u00a0&amp; Fare<\/title>\n<meta name=\"description\" content=\"Looking for cheap bus from\u00a0Maputo to Nacala bus ticket booking app, schedule &amp; fare? Book cheap bus tickets from Maputo to Nacala online\" \/>\n<meta name=\"robots\" content=\"index, follow, max-snippet:-1, max-image-preview:large, max-video-preview:-1\" \/>\n<link rel=\"canonical\" href=\"https:\/\/tiketi.com\/fr-fr\/online-bus-tickets-from-maputo-to-nacala\/\" \/>\n<meta property=\"og:locale\" content=\"fr_FR\" \/>\n<meta property=\"og:type\" content=\"article\" \/>\n<meta property=\"og:title\" content=\"Bus from Maputo to Nacala Bus Tickets, Route, Schedule\u00a0&amp; Fare\" \/>\n<meta property=\"og:description\" content=\"Looking for cheap bus from\u00a0Maputo to Nacala bus ticket booking app, schedule &amp; fare? Book cheap bus tickets from Maputo to Nacala online\" \/>\n<meta property=\"og:url\" content=\"https:\/\/tiketi.com\/fr-fr\/online-bus-tickets-from-maputo-to-nacala\/\" \/>\n<meta property=\"og:site_name\" content=\"Tiketi.com\" \/>\n<meta property=\"article:publisher\" content=\"https:\/\/www.facebook.com\/TiketiCom\/\" \/>\n<meta property=\"article:modified_time\" content=\"2022-01-30T18:24:30+00:00\" \/>\n<meta property=\"og:image\" content=\"https:\/\/tiketi.com\/wp-content\/uploads\/2022\/01\/bus-ticket-online-booking.jpg\" \/>\n\t<meta property=\"og:image:width\" content=\"1200\" \/>\n\t<meta property=\"og:image:height\" content=\"206\" \/>\n\t<meta property=\"og:image:type\" content=\"image\/jpeg\" \/>\n<meta name=\"twitter:card\" content=\"summary_large_image\" \/>\n<meta name=\"twitter:label1\" content=\"Dur\u00e9e de lecture estim\u00e9e\" \/>\n\t<meta name=\"twitter:data1\" content=\"2 minutes\" \/>\n<script type=\"application\/ld+json\" class=\"yoast-schema-graph\">{\"@context\":\"https:\\\/\\\/schema.org\",\"@graph\":[{\"@type\":\"WebPage\",\"@id\":\"https:\\\/\\\/tiketi.com\\\/online-bus-tickets-from-maputo-to-nacala\\\/\",\"url\":\"https:\\\/\\\/tiketi.com\\\/online-bus-tickets-from-maputo-to-nacala\\\/\",\"name\":\"Bus from Maputo to Nacala Bus Tickets, Route, Schedule\u00a0& Fare\",\"isPartOf\":{\"@id\":\"https:\\\/\\\/tiketi.com\\\/#website\"},\"primaryImageOfPage\":{\"@id\":\"https:\\\/\\\/tiketi.com\\\/online-bus-tickets-from-maputo-to-nacala\\\/#primaryimage\"},\"image\":{\"@id\":\"https:\\\/\\\/tiketi.com\\\/online-bus-tickets-from-maputo-to-nacala\\\/#primaryimage\"},\"thumbnailUrl\":\"https:\\\/\\\/tiketi.com\\\/wp-content\\\/uploads\\\/2022\\\/01\\\/bus-ticket-online-booking.jpg\",\"datePublished\":\"2022-01-19T11:54:39+00:00\",\"dateModified\":\"2022-01-30T18:24:30+00:00\",\"description\":\"Looking for cheap bus from\u00a0Maputo to Nacala bus ticket booking app, schedule & fare? Book cheap bus tickets from Maputo to Nacala online\",\"breadcrumb\":{\"@id\":\"https:\\\/\\\/tiketi.com\\\/online-bus-tickets-from-maputo-to-nacala\\\/#breadcrumb\"},\"inLanguage\":\"fr-FR\",\"potentialAction\":[{\"@type\":\"ReadAction\",\"target\":[\"https:\\\/\\\/tiketi.com\\\/online-bus-tickets-from-maputo-to-nacala\\\/\"]}]},{\"@type\":\"ImageObject\",\"inLanguage\":\"fr-FR\",\"@id\":\"https:\\\/\\\/tiketi.com\\\/online-bus-tickets-from-maputo-to-nacala\\\/#primaryimage\",\"url\":\"https:\\\/\\\/tiketi.com\\\/wp-content\\\/uploads\\\/2022\\\/01\\\/bus-ticket-online-booking.jpg\",\"contentUrl\":\"https:\\\/\\\/tiketi.com\\\/wp-content\\\/uploads\\\/2022\\\/01\\\/bus-ticket-online-booking.jpg\",\"width\":1200,\"height\":206,\"caption\":\"Online Bus Ticket Booking\"},{\"@type\":\"BreadcrumbList\",\"@id\":\"https:\\\/\\\/tiketi.com\\\/online-bus-tickets-from-maputo-to-nacala\\\/#breadcrumb\",\"itemListElement\":[{\"@type\":\"ListItem\",\"position\":1,\"name\":\"Home\",\"item\":\"https:\\\/\\\/tiketi.com\\\/\"},{\"@type\":\"ListItem\",\"position\":2,\"name\":\"Bus from Maputo to Nacala Bus Tickets, Route, Schedule\u00a0&#038; Fare\"}]},{\"@type\":\"WebSite\",\"@id\":\"https:\\\/\\\/tiketi.com\\\/#website\",\"url\":\"https:\\\/\\\/tiketi.com\\\/\",\"name\":\"Flight & Bus Tickets, Tour Packages & Activitites - Tiketi.com\",\"description\":\"Flight &amp; Bus Tickets, Tours, Activitites\",\"publisher\":{\"@id\":\"https:\\\/\\\/tiketi.com\\\/#organization\"},\"potentialAction\":[{\"@type\":\"SearchAction\",\"target\":{\"@type\":\"EntryPoint\",\"urlTemplate\":\"https:\\\/\\\/tiketi.com\\\/?s={search_term_string}\"},\"query-input\":{\"@type\":\"PropertyValueSpecification\",\"valueRequired\":true,\"valueName\":\"search_term_string\"}}],\"inLanguage\":\"fr-FR\"},{\"@type\":\"Organization\",\"@id\":\"https:\\\/\\\/tiketi.com\\\/#organization\",\"name\":\"Tiketi.com\",\"alternateName\":\"Tiketi\",\"url\":\"https:\\\/\\\/tiketi.com\\\/\",\"logo\":{\"@type\":\"ImageObject\",\"inLanguage\":\"fr-FR\",\"@id\":\"https:\\\/\\\/tiketi.com\\\/#\\\/schema\\\/logo\\\/image\\\/\",\"url\":\"https:\\\/\\\/tiketi.com\\\/wp-content\\\/uploads\\\/2019\\\/05\\\/tiketi-logo-696.png\",\"contentUrl\":\"https:\\\/\\\/tiketi.com\\\/wp-content\\\/uploads\\\/2019\\\/05\\\/tiketi-logo-696.png\",\"width\":696,\"height\":696,\"caption\":\"Tiketi.com\"},\"image\":{\"@id\":\"https:\\\/\\\/tiketi.com\\\/#\\\/schema\\\/logo\\\/image\\\/\"},\"sameAs\":[\"https:\\\/\\\/www.facebook.com\\\/TiketiCom\\\/\"]}]}<\/script>\n<!-- \/ Yoast SEO plugin. -->","yoast_head_json":{"title":"Bus de Maputo \u00e0 Nacala Billets de bus, itin\u00e9raire, horaires et tarifs","description":"\u00c0 la recherche d&#039;une application de r\u00e9servation de billets de bus de Maputo \u00e0 Nacala en bus pas cher, des horaires et des tarifs ? R\u00e9servez en ligne des billets de bus de Maputo \u00e0 Nacala \u00e0 petits prix","robots":{"index":"index","follow":"follow","max-snippet":"max-snippet:-1","max-image-preview":"max-image-preview:large","max-video-preview":"max-video-preview:-1"},"canonical":"https:\/\/tiketi.com\/fr-fr\/online-bus-tickets-from-maputo-to-nacala\/","og_locale":"fr_FR","og_type":"article","og_title":"Bus from Maputo to Nacala Bus Tickets, Route, Schedule\u00a0& Fare","og_description":"Looking for cheap bus from\u00a0Maputo to Nacala bus ticket booking app, schedule & fare? Book cheap bus tickets from Maputo to Nacala online","og_url":"https:\/\/tiketi.com\/fr-fr\/online-bus-tickets-from-maputo-to-nacala\/","og_site_name":"Tiketi.com","article_publisher":"https:\/\/www.facebook.com\/TiketiCom\/","article_modified_time":"2022-01-30T18:24:30+00:00","og_image":[{"width":1200,"height":206,"url":"https:\/\/tiketi.com\/wp-content\/uploads\/2022\/01\/bus-ticket-online-booking.jpg","type":"image\/jpeg"}],"twitter_card":"summary_large_image","twitter_misc":{"Dur\u00e9e de lecture estim\u00e9e":"2 minutes"},"schema":{"@context":"https:\/\/schema.org","@graph":[{"@type":"WebPage","@id":"https:\/\/tiketi.com\/online-bus-tickets-from-maputo-to-nacala\/","url":"https:\/\/tiketi.com\/online-bus-tickets-from-maputo-to-nacala\/","name":"Bus de Maputo \u00e0 Nacala Billets de bus, itin\u00e9raire, horaires et tarifs","isPartOf":{"@id":"https:\/\/tiketi.com\/#website"},"primaryImageOfPage":{"@id":"https:\/\/tiketi.com\/online-bus-tickets-from-maputo-to-nacala\/#primaryimage"},"image":{"@id":"https:\/\/tiketi.com\/online-bus-tickets-from-maputo-to-nacala\/#primaryimage"},"thumbnailUrl":"https:\/\/tiketi.com\/wp-content\/uploads\/2022\/01\/bus-ticket-online-booking.jpg","datePublished":"2022-01-19T11:54:39+00:00","dateModified":"2022-01-30T18:24:30+00:00","description":"\u00c0 la recherche d&#039;une application de r\u00e9servation de billets de bus de Maputo \u00e0 Nacala en bus pas cher, des horaires et des tarifs ? R\u00e9servez en ligne des billets de bus de Maputo \u00e0 Nacala \u00e0 petits prix","breadcrumb":{"@id":"https:\/\/tiketi.com\/online-bus-tickets-from-maputo-to-nacala\/#breadcrumb"},"inLanguage":"fr-FR","potentialAction":[{"@type":"ReadAction","target":["https:\/\/tiketi.com\/online-bus-tickets-from-maputo-to-nacala\/"]}]},{"@type":"ImageObject","inLanguage":"fr-FR","@id":"https:\/\/tiketi.com\/online-bus-tickets-from-maputo-to-nacala\/#primaryimage","url":"https:\/\/tiketi.com\/wp-content\/uploads\/2022\/01\/bus-ticket-online-booking.jpg","contentUrl":"https:\/\/tiketi.com\/wp-content\/uploads\/2022\/01\/bus-ticket-online-booking.jpg","width":1200,"height":206,"caption":"Online Bus Ticket Booking"},{"@type":"BreadcrumbList","@id":"https:\/\/tiketi.com\/online-bus-tickets-from-maputo-to-nacala\/#breadcrumb","itemListElement":[{"@type":"ListItem","position":1,"name":"Home","item":"https:\/\/tiketi.com\/"},{"@type":"ListItem","position":2,"name":"Bus from Maputo to Nacala Bus Tickets, Route, Schedule\u00a0&#038; Fare"}]},{"@type":"WebSite","@id":"https:\/\/tiketi.com\/#website","url":"https:\/\/tiketi.com\/","name":"Billets d&#039;avion et de bus, forfaits touristiques et activit\u00e9s - Tiketi.com","description":"Billets d&#039;avion et de bus, Tours, Activit\u00e9s","publisher":{"@id":"https:\/\/tiketi.com\/#organization"},"potentialAction":[{"@type":"SearchAction","target":{"@type":"EntryPoint","urlTemplate":"https:\/\/tiketi.com\/?s={search_term_string}"},"query-input":{"@type":"PropertyValueSpecification","valueRequired":true,"valueName":"search_term_string"}}],"inLanguage":"fr-FR"},{"@type":"Organization","@id":"https:\/\/tiketi.com\/#organization","name":"Tiketi.com","alternateName":"Tiketi","url":"https:\/\/tiketi.com\/","logo":{"@type":"ImageObject","inLanguage":"fr-FR","@id":"https:\/\/tiketi.com\/#\/schema\/logo\/image\/","url":"https:\/\/tiketi.com\/wp-content\/uploads\/2019\/05\/tiketi-logo-696.png","contentUrl":"https:\/\/tiketi.com\/wp-content\/uploads\/2019\/05\/tiketi-logo-696.png","width":696,"height":696,"caption":"Tiketi.com"},"image":{"@id":"https:\/\/tiketi.com\/#\/schema\/logo\/image\/"},"sameAs":["https:\/\/www.facebook.com\/TiketiCom\/"]}]}},"_links":{"self":[{"href":"https:\/\/tiketi.com\/fr-fr\/wp-json\/wp\/v2\/pages\/11445","targetHints":{"allow":["GET"]}}],"collection":[{"href":"https:\/\/tiketi.com\/fr-fr\/wp-json\/wp\/v2\/pages"}],"about":[{"href":"https:\/\/tiketi.com\/fr-fr\/wp-json\/wp\/v2\/types\/page"}],"author":[{"embeddable":true,"href":"https:\/\/tiketi.com\/fr-fr\/wp-json\/wp\/v2\/users\/1"}],"replies":[{"embeddable":true,"href":"https:\/\/tiketi.com\/fr-fr\/wp-json\/wp\/v2\/comments?post=11445"}],"version-history":[{"count":0,"href":"https:\/\/tiketi.com\/fr-fr\/wp-json\/wp\/v2\/pages\/11445\/revisions"}],"wp:featuredmedia":[{"embeddable":true,"href":"https:\/\/tiketi.com\/fr-fr\/wp-json\/wp\/v2\/media\/13999"}],"wp:attachment":[{"href":"https:\/\/tiketi.com\/fr-fr\/wp-json\/wp\/v2\/media?parent=11445"}],"curies":[{"name":"wp","href":"https:\/\/api.w.org\/{rel}","templated":true}]}}