{"id":11452,"date":"2022-01-19T12:54:41","date_gmt":"2022-01-19T11:54:41","guid":{"rendered":"https:\/\/new.tiketi.com\/bus-from-gaborone-to-maun-bus-tickets-fare-schedule-route\/"},"modified":"2022-10-14T16:59:13","modified_gmt":"2022-10-14T15:59:13","slug":"tickets-from-gaborone-to-maun","status":"publish","type":"page","link":"https:\/\/tiketi.com\/fr-fr\/routes\/bus\/tickets-from-gaborone-to-maun\/","title":{"rendered":"Bus de Gaborone \u00e0 Maun Billets de bus, tarif, horaires et itin\u00e9raire"},"content":{"rendered":"<h2>Billets de bus pas chers de Gaborone \u00e0 Maun R\u00e9servation en ligne<\/h2>\n<h3>D\u00e9couvrez votre itin\u00e9raire sur le web, le mobile ou l&#039;application et r\u00e9servez en ligne maintenant un billet de bus pas cher de Gaborone \u00e0 Maun.<\/h3>\n<p>R\u00e9servez en ligne des billets de bus pas chers de Gaborone \u00e0 Maun et voyagez de Gaborone \u00e0 Maun par la route. Maun est une ville sur la rivi\u00e8re Thamalakane au nord du Botswana. En 2011, Maun avait des succursales de la Barclays Bank, de la First Botswana National Bank, de la Standard Chartered Bank et de la Stanbic Bank avec un guichet automatique. Manu poss\u00e8de 3 h\u00f4tels cl\u00e9s, l&#039;h\u00f4tel Rilleys, l&#039;h\u00f4tel Sedia Riverside et le lodge Maun. Il existe de nombreux autres campings et h\u00e9bergements, orient\u00e9s vers les activit\u00e9s de safari comme Thamalakane Lodge, Okavango River lodge, les routards Old Bridge et autres. Voici le guide sur la fa\u00e7on de r\u00e9server des billets de bus de Gaborone \u00e0 Maun :<\/p>\n<h2>Bus de Gaborone \u00e0 Maun R\u00e9servation de billets de bus, itin\u00e9raires, horaires et tarifs FAQ<\/h2>\n<h3>Y a-t-il un bus direct entre Gaborone et Maun ?<\/h3>\n<p>Oui, il y a un bus direct de Gaborone \u00e0 Maun. Les services partent un par jour, et circulent chaque jour. Le trajet dure environ 10h.<\/p>\n<h3>Quelle est la distance du voyage de Gaborone \u00e0 Maun?<\/h3>\n<p>Quelle est la distance parcourue entre Gaborone et Maun est de 600 km.<\/p>\n<h3>Comment se d\u00e9placer de Gaborone \u00e0 Maun sans v\u00e9hicule personnel ?<\/h3>\n<p>Le bus est le meilleur moyen de se rendre de Gaborone \u00e0 Maun sans v\u00e9hicule personnel. Billets de bus pas chers de Gaborone \u00e0 Maun 10h et co\u00fbts.<\/p>\n<h3>O\u00f9 prendre le bus depuis Gaborone pour Maun ?<\/h3>\n<p>Gaborone \u00e0 Maun par les services de bus, g\u00e9r\u00e9s par AT et T Monnakgotla, partent de la gare de Gaborone.<\/p>\n<h3>Avion ou bus Gaborone jusqu&#039;\u00e0 Maun ?<\/h3>\n<p>Le meilleur moyen de se rendre de Gaborone \u00e0 Maun est de <a href=\"https:\/\/tiketi.com\/fr-fr\/flightst\/\" target=\"_blank\" rel=\"noopener\">voler<\/a> qui dure 1h 15m et co\u00fbte $95 \u2013 $150. Alternativement, vous pouvez prendre le bus, Gaborone jusqu&#039;\u00e0 Maun et prendre 10h.<\/p>\n<h2>Billets de bus de Gaborone \u00e0 Maun Tips<\/h2>\n<p>Maun est le point de d\u00e9part du grand delta int\u00e9rieur de l&#039;Okavango, qui devient un habitat verdoyant lors des inondations saisonni\u00e8res. Dans le delta, des camps de safari pars\u00e8ment la r\u00e9serve de Moremi, qui abrite des lions, des hippopotames et des rhinoc\u00e9ros. Dans la ville, le mus\u00e9e Nhabe pr\u00e9sente de l&#039;art domestique, ainsi que des spectacles sur l&#039;histoire et la culture de la r\u00e9gion environnante de Ngamiland.<\/p>","protected":false},"excerpt":{"rendered":"<p>Cheap Bus Tickets from\u00a0Gaborone to Maun Online Booking Discover your travel route on web, mobile or app and book cheap bus ticket from Gaborone to Maun online now. Do cheap bus from Gaborone to Maun bus tickets online booking and travel Gaborone to Maun by road.\u00a0Maun is a town on the Thamalakane River in Botswana [&hellip;]<\/p>\n","protected":false},"author":1,"featured_media":13999,"parent":25566,"menu_order":0,"comment_status":"open","ping_status":"closed","template":"template-home-modern.php","meta":{"footnotes":""},"class_list":["post-11452","page","type-page","status-publish","has-post-thumbnail","hentry"],"yoast_head":"<!-- This site is optimized with the Yoast SEO plugin v27.2 - https:\/\/yoast.com\/product\/yoast-seo-wordpress\/ -->\n<title>Bus from Gaborone to Maun Bus Tickets, Fare, Schedule &amp; Route<\/title>\n<meta name=\"description\" content=\"Looking for bus from\u00a0Gaborone to Maun bus tickets booking app, routes, schedules &amp; fares? Book cheap bus tickets from Gaborone to Maun online\" \/>\n<meta name=\"robots\" content=\"index, follow, max-snippet:-1, max-image-preview:large, max-video-preview:-1\" \/>\n<link rel=\"canonical\" href=\"https:\/\/tiketi.com\/fr-fr\/routes\/bus\/tickets-from-gaborone-to-maun\/\" \/>\n<meta property=\"og:locale\" content=\"fr_FR\" \/>\n<meta property=\"og:type\" content=\"article\" \/>\n<meta property=\"og:title\" content=\"Bus from Gaborone to Maun Bus Tickets, Fare, Schedule &amp; Route\" \/>\n<meta property=\"og:description\" content=\"Looking for bus from\u00a0Gaborone to Maun bus tickets booking app, routes, schedules &amp; fares? Book cheap bus tickets from Gaborone to Maun online\" \/>\n<meta property=\"og:url\" content=\"https:\/\/tiketi.com\/fr-fr\/routes\/bus\/tickets-from-gaborone-to-maun\/\" \/>\n<meta property=\"og:site_name\" content=\"Tiketi.com\" \/>\n<meta property=\"article:publisher\" content=\"https:\/\/www.facebook.com\/TiketiCom\/\" \/>\n<meta property=\"article:modified_time\" content=\"2022-10-14T15:59:13+00:00\" \/>\n<meta property=\"og:image\" content=\"https:\/\/tiketi.com\/wp-content\/uploads\/2022\/01\/bus-ticket-online-booking.jpg\" \/>\n\t<meta property=\"og:image:width\" content=\"1200\" \/>\n\t<meta property=\"og:image:height\" content=\"206\" \/>\n\t<meta property=\"og:image:type\" content=\"image\/jpeg\" \/>\n<meta name=\"twitter:card\" content=\"summary_large_image\" \/>\n<meta name=\"twitter:label1\" content=\"Dur\u00e9e de lecture estim\u00e9e\" \/>\n\t<meta name=\"twitter:data1\" content=\"2 minutes\" \/>\n<script type=\"application\/ld+json\" class=\"yoast-schema-graph\">{\"@context\":\"https:\/\/schema.org\",\"@graph\":[{\"@type\":\"WebPage\",\"@id\":\"https:\/\/tiketi.com\/routes\/bus\/tickets-from-gaborone-to-maun\/\",\"url\":\"https:\/\/tiketi.com\/routes\/bus\/tickets-from-gaborone-to-maun\/\",\"name\":\"Bus from Gaborone to Maun Bus Tickets, Fare, Schedule & Route\",\"isPartOf\":{\"@id\":\"https:\/\/tiketi.com\/#website\"},\"primaryImageOfPage\":{\"@id\":\"https:\/\/tiketi.com\/routes\/bus\/tickets-from-gaborone-to-maun\/#primaryimage\"},\"image\":{\"@id\":\"https:\/\/tiketi.com\/routes\/bus\/tickets-from-gaborone-to-maun\/#primaryimage\"},\"thumbnailUrl\":\"https:\/\/tiketi.com\/wp-content\/uploads\/2022\/01\/bus-ticket-online-booking.jpg\",\"datePublished\":\"2022-01-19T11:54:41+00:00\",\"dateModified\":\"2022-10-14T15:59:13+00:00\",\"description\":\"Looking for bus from\u00a0Gaborone to Maun bus tickets booking app, routes, schedules & fares? Book cheap bus tickets from Gaborone to Maun online\",\"breadcrumb\":{\"@id\":\"https:\/\/tiketi.com\/routes\/bus\/tickets-from-gaborone-to-maun\/#breadcrumb\"},\"inLanguage\":\"fr-FR\",\"potentialAction\":[{\"@type\":\"ReadAction\",\"target\":[\"https:\/\/tiketi.com\/routes\/bus\/tickets-from-gaborone-to-maun\/\"]}]},{\"@type\":\"ImageObject\",\"inLanguage\":\"fr-FR\",\"@id\":\"https:\/\/tiketi.com\/routes\/bus\/tickets-from-gaborone-to-maun\/#primaryimage\",\"url\":\"https:\/\/tiketi.com\/wp-content\/uploads\/2022\/01\/bus-ticket-online-booking.jpg\",\"contentUrl\":\"https:\/\/tiketi.com\/wp-content\/uploads\/2022\/01\/bus-ticket-online-booking.jpg\",\"width\":1200,\"height\":206,\"caption\":\"Online Bus Ticket Booking\"},{\"@type\":\"BreadcrumbList\",\"@id\":\"https:\/\/tiketi.com\/routes\/bus\/tickets-from-gaborone-to-maun\/#breadcrumb\",\"itemListElement\":[{\"@type\":\"ListItem\",\"position\":1,\"name\":\"Home\",\"item\":\"https:\/\/tiketi.com\/\"},{\"@type\":\"ListItem\",\"position\":2,\"name\":\"Routes\",\"item\":\"https:\/\/tiketi.com\/routes\/\"},{\"@type\":\"ListItem\",\"position\":3,\"name\":\"Bus\",\"item\":\"https:\/\/tiketi.com\/routes\/bus\/\"},{\"@type\":\"ListItem\",\"position\":4,\"name\":\"Bus from Gaborone to Maun Bus Tickets, Fare, Schedule &#038; Route\"}]},{\"@type\":\"WebSite\",\"@id\":\"https:\/\/tiketi.com\/#website\",\"url\":\"https:\/\/tiketi.com\/\",\"name\":\"Flight & Bus Tickets, Tour Packages & Activitites - Tiketi.com\",\"description\":\"Flight &amp; Bus Tickets, Tours, Activitites\",\"publisher\":{\"@id\":\"https:\/\/tiketi.com\/#organization\"},\"potentialAction\":[{\"@type\":\"SearchAction\",\"target\":{\"@type\":\"EntryPoint\",\"urlTemplate\":\"https:\/\/tiketi.com\/?s={search_term_string}\"},\"query-input\":{\"@type\":\"PropertyValueSpecification\",\"valueRequired\":true,\"valueName\":\"search_term_string\"}}],\"inLanguage\":\"fr-FR\"},{\"@type\":\"Organization\",\"@id\":\"https:\/\/tiketi.com\/#organization\",\"name\":\"Tiketi.com\",\"alternateName\":\"Tiketi\",\"url\":\"https:\/\/tiketi.com\/\",\"logo\":{\"@type\":\"ImageObject\",\"inLanguage\":\"fr-FR\",\"@id\":\"https:\/\/tiketi.com\/#\/schema\/logo\/image\/\",\"url\":\"https:\/\/tiketi.com\/wp-content\/uploads\/2019\/05\/tiketi-logo-696.png\",\"contentUrl\":\"https:\/\/tiketi.com\/wp-content\/uploads\/2019\/05\/tiketi-logo-696.png\",\"width\":696,\"height\":696,\"caption\":\"Tiketi.com\"},\"image\":{\"@id\":\"https:\/\/tiketi.com\/#\/schema\/logo\/image\/\"},\"sameAs\":[\"https:\/\/www.facebook.com\/TiketiCom\/\"]}]}<\/script>\n<!-- \/ Yoast SEO plugin. -->","yoast_head_json":{"title":"Bus de Gaborone \u00e0 Maun Billets de bus, tarif, horaires et itin\u00e9raire","description":"Vous recherchez une application de r\u00e9servation de billets de bus de Gaborone \u00e0 Maun, des itin\u00e9raires, des horaires et des tarifs\u00a0? R\u00e9servez en ligne des billets de bus \u00e0 bas prix de Gaborone \u00e0 Maun","robots":{"index":"index","follow":"follow","max-snippet":"max-snippet:-1","max-image-preview":"max-image-preview:large","max-video-preview":"max-video-preview:-1"},"canonical":"https:\/\/tiketi.com\/fr-fr\/routes\/bus\/tickets-from-gaborone-to-maun\/","og_locale":"fr_FR","og_type":"article","og_title":"Bus from Gaborone to Maun Bus Tickets, Fare, Schedule & Route","og_description":"Looking for bus from\u00a0Gaborone to Maun bus tickets booking app, routes, schedules & fares? Book cheap bus tickets from Gaborone to Maun online","og_url":"https:\/\/tiketi.com\/fr-fr\/routes\/bus\/tickets-from-gaborone-to-maun\/","og_site_name":"Tiketi.com","article_publisher":"https:\/\/www.facebook.com\/TiketiCom\/","article_modified_time":"2022-10-14T15:59:13+00:00","og_image":[{"width":1200,"height":206,"url":"https:\/\/tiketi.com\/wp-content\/uploads\/2022\/01\/bus-ticket-online-booking.jpg","type":"image\/jpeg"}],"twitter_card":"summary_large_image","twitter_misc":{"Dur\u00e9e de lecture estim\u00e9e":"2 minutes"},"schema":{"@context":"https:\/\/schema.org","@graph":[{"@type":"WebPage","@id":"https:\/\/tiketi.com\/routes\/bus\/tickets-from-gaborone-to-maun\/","url":"https:\/\/tiketi.com\/routes\/bus\/tickets-from-gaborone-to-maun\/","name":"Bus de Gaborone \u00e0 Maun Billets de bus, tarif, horaires et itin\u00e9raire","isPartOf":{"@id":"https:\/\/tiketi.com\/#website"},"primaryImageOfPage":{"@id":"https:\/\/tiketi.com\/routes\/bus\/tickets-from-gaborone-to-maun\/#primaryimage"},"image":{"@id":"https:\/\/tiketi.com\/routes\/bus\/tickets-from-gaborone-to-maun\/#primaryimage"},"thumbnailUrl":"https:\/\/tiketi.com\/wp-content\/uploads\/2022\/01\/bus-ticket-online-booking.jpg","datePublished":"2022-01-19T11:54:41+00:00","dateModified":"2022-10-14T15:59:13+00:00","description":"Vous recherchez une application de r\u00e9servation de billets de bus de Gaborone \u00e0 Maun, des itin\u00e9raires, des horaires et des tarifs\u00a0? R\u00e9servez en ligne des billets de bus \u00e0 bas prix de Gaborone \u00e0 Maun","breadcrumb":{"@id":"https:\/\/tiketi.com\/routes\/bus\/tickets-from-gaborone-to-maun\/#breadcrumb"},"inLanguage":"fr-FR","potentialAction":[{"@type":"ReadAction","target":["https:\/\/tiketi.com\/routes\/bus\/tickets-from-gaborone-to-maun\/"]}]},{"@type":"ImageObject","inLanguage":"fr-FR","@id":"https:\/\/tiketi.com\/routes\/bus\/tickets-from-gaborone-to-maun\/#primaryimage","url":"https:\/\/tiketi.com\/wp-content\/uploads\/2022\/01\/bus-ticket-online-booking.jpg","contentUrl":"https:\/\/tiketi.com\/wp-content\/uploads\/2022\/01\/bus-ticket-online-booking.jpg","width":1200,"height":206,"caption":"Online Bus Ticket Booking"},{"@type":"BreadcrumbList","@id":"https:\/\/tiketi.com\/routes\/bus\/tickets-from-gaborone-to-maun\/#breadcrumb","itemListElement":[{"@type":"ListItem","position":1,"name":"Home","item":"https:\/\/tiketi.com\/"},{"@type":"ListItem","position":2,"name":"Routes","item":"https:\/\/tiketi.com\/routes\/"},{"@type":"ListItem","position":3,"name":"Bus","item":"https:\/\/tiketi.com\/routes\/bus\/"},{"@type":"ListItem","position":4,"name":"Bus from Gaborone to Maun Bus Tickets, Fare, Schedule &#038; Route"}]},{"@type":"WebSite","@id":"https:\/\/tiketi.com\/#website","url":"https:\/\/tiketi.com\/","name":"Billets d&#039;avion et de bus, forfaits touristiques et activit\u00e9s - Tiketi.com","description":"Billets d&#039;avion et de bus, Tours, Activit\u00e9s","publisher":{"@id":"https:\/\/tiketi.com\/#organization"},"potentialAction":[{"@type":"SearchAction","target":{"@type":"EntryPoint","urlTemplate":"https:\/\/tiketi.com\/?s={search_term_string}"},"query-input":{"@type":"PropertyValueSpecification","valueRequired":true,"valueName":"search_term_string"}}],"inLanguage":"fr-FR"},{"@type":"Organization","@id":"https:\/\/tiketi.com\/#organization","name":"Tiketi.com","alternateName":"Tiketi","url":"https:\/\/tiketi.com\/","logo":{"@type":"ImageObject","inLanguage":"fr-FR","@id":"https:\/\/tiketi.com\/#\/schema\/logo\/image\/","url":"https:\/\/tiketi.com\/wp-content\/uploads\/2019\/05\/tiketi-logo-696.png","contentUrl":"https:\/\/tiketi.com\/wp-content\/uploads\/2019\/05\/tiketi-logo-696.png","width":696,"height":696,"caption":"Tiketi.com"},"image":{"@id":"https:\/\/tiketi.com\/#\/schema\/logo\/image\/"},"sameAs":["https:\/\/www.facebook.com\/TiketiCom\/"]}]}},"_links":{"self":[{"href":"https:\/\/tiketi.com\/fr-fr\/wp-json\/wp\/v2\/pages\/11452","targetHints":{"allow":["GET"]}}],"collection":[{"href":"https:\/\/tiketi.com\/fr-fr\/wp-json\/wp\/v2\/pages"}],"about":[{"href":"https:\/\/tiketi.com\/fr-fr\/wp-json\/wp\/v2\/types\/page"}],"author":[{"embeddable":true,"href":"https:\/\/tiketi.com\/fr-fr\/wp-json\/wp\/v2\/users\/1"}],"replies":[{"embeddable":true,"href":"https:\/\/tiketi.com\/fr-fr\/wp-json\/wp\/v2\/comments?post=11452"}],"version-history":[{"count":0,"href":"https:\/\/tiketi.com\/fr-fr\/wp-json\/wp\/v2\/pages\/11452\/revisions"}],"up":[{"embeddable":true,"href":"https:\/\/tiketi.com\/fr-fr\/wp-json\/wp\/v2\/pages\/25566"}],"wp:featuredmedia":[{"embeddable":true,"href":"https:\/\/tiketi.com\/fr-fr\/wp-json\/wp\/v2\/media\/13999"}],"wp:attachment":[{"href":"https:\/\/tiketi.com\/fr-fr\/wp-json\/wp\/v2\/media?parent=11452"}],"curies":[{"name":"wp","href":"https:\/\/api.w.org\/{rel}","templated":true}]}}