{"id":11454,"date":"2022-01-19T12:54:41","date_gmt":"2022-01-19T11:54:41","guid":{"rendered":"https:\/\/new.tiketi.com\/bus-from-gaborone-to-kanye-bus-tickets-fare-route-schedule\/"},"modified":"2022-01-28T11:53:34","modified_gmt":"2022-01-28T10:53:34","slug":"online-bus-tickets-from-gaborone-to-kanye","status":"publish","type":"page","link":"https:\/\/tiketi.com\/fr-fr\/online-bus-tickets-from-gaborone-to-kanye\/","title":{"rendered":"Bus de Gaborone \u00e0 Kanye Billets de bus, tarifs, itin\u00e9raire et horaires"},"content":{"rendered":"<h2>Billets de bus pas chers de Gaborone \u00e0 Kanye R\u00e9servation en ligne<\/h2>\n<h3>D\u00e9couvrez votre itin\u00e9raire de voyage sur le Web, votre mobile ou votre application et r\u00e9servez d\u00e8s maintenant en ligne un billet de bus pas cher de Gaborone \u00e0 Kanye.<\/h3>\n<p>R\u00e9servez des billets de bus pas chers de Gaborone \u00e0 Kanye en ligne et voyagez de Gaborone \u00e0 Kanye par la route. Kanye est une ville situ\u00e9e dans la r\u00e9gion montagneuse du sud du Botswana. Il est bord\u00e9 par Lobatse, Moshupa et Jwaneng et se trouve \u00e0 quarante-cinq minutes en voiture de Gaborone, la capitale du Botswana. La ville est desservie par l&#039;a\u00e9roport de Kanye. Voici le guide sur la fa\u00e7on de r\u00e9server des billets de bus de Gaborone \u00e0 Kanye :<\/p>\n<h2>Bus de Gaborone \u00e0 Kanye R\u00e9servation de billets de bus, itin\u00e9raires, horaires et tarifs FAQ<\/h2>\n<h3>Quelle est la distance entre Gaborone et Kanye en bus?<\/h3>\n<p>La distance de voyage de Gaborone \u00e0 Kanye bus est de 68 km.<\/p>\n<h3>Comment puis-je me d\u00e9placer de Gaborone \u00e0 Kanye sans v\u00e9hicule personnel ?<\/h3>\n<p>Le meilleur moyen pour se rendre de Gaborone \u00e0 Kanye sans v\u00e9hicule personnel est de navette et bus Gaborone \u00e0 Kanye, ce qui dure 52 min et co\u00fbte .<\/p>\n<h3>Puis-je conduire de Gaborone \u00e0 Kanye ?<\/h3>\n<p>Oui, la distance entre Kanye et Gaborone est de 89 Km. Il faut environ 1h 25m pour conduire de Gaborone \u00e0 Kanye.<\/p>\n<h2>Billets de bus de Gaborone \u00e0 Kanye Conseils<\/h2>\n<p>Kanye est le centre administratif de la zone Sud. Kanye est le v\u00e9ritable village des Bangwaketse, l&#039;une des plus grandes tribus du Botswana. La ville a \u00e9t\u00e9 fond\u00e9e par des colons occidentaux en 1853. Elle est actuellement la capitale de la tribu Bangwaketse dont le roi est le fils du roi Malope II.<\/p>\n<p>Kanye se trouve sur une s\u00e9rie de collines qui constituent une barri\u00e8re protectrice naturelle contre les sables du d\u00e9sert du Kalahari. Les collines s&#039;\u00e9tendent dans la r\u00e9gion du Bushveld en Afrique du Sud. Il existe une gorge naturelle profonde (connue sous le nom de Kanye Gorge) \u00e0 proximit\u00e9 de la ville, qui aurait \u00e9t\u00e9 utilis\u00e9e comme cachette par les villageois lors des diff\u00e9rents conflits du XIXe si\u00e8cle.<\/p>\n<h3>Transport<\/h3>\n<p>La technique cl\u00e9 de transport vers et depuis Kanye se fait par le r\u00e9seau routier. Kanye est directement reli\u00e9 \u00e0 Gaborone via la route A10, et l&#039;autoroute A2 passe \u00e9galement par la ville. L&#039;A2 fait partie du corridor du Trans-Kalahari, reliant Walvis Bay, en Namibie, \u00e0 Pretoria, en Afrique du Sud. Kanye est en outre desservi par l&#039;a\u00e9roport de Kanye, qui est l&#039;un des deux seuls a\u00e9roports du district sud.<\/p>","protected":false},"excerpt":{"rendered":"<p>Cheap Bus Tickets from\u00a0Gaborone to Kanye Online Booking Discover your travel route on web, mobile or app and book cheap bus ticket from Gaborone to Kanye online now. Do\u00a0cheap bus from Gaborone to Kanye bus tickets online booking and travel aborone to Kanye by road.\u00a0Kanye is a town placed in the mountains area of southern [&hellip;]<\/p>\n","protected":false},"author":1,"featured_media":13999,"parent":0,"menu_order":0,"comment_status":"open","ping_status":"closed","template":"template-home-modern.php","meta":{"footnotes":""},"class_list":["post-11454","page","type-page","status-publish","has-post-thumbnail","hentry"],"yoast_head":"<!-- This site is optimized with the Yoast SEO plugin v27.2 - https:\/\/yoast.com\/product\/yoast-seo-wordpress\/ -->\n<title>Bus from Gaborone to Kanye Bus Tickets, Fare, Route &amp;\u00a0Schedule<\/title>\n<meta name=\"description\" content=\"Looking for bus from\u00a0aborone to Kanye bus tickets booking app, routes, schedules &amp; fares? Book cheap bus tickets from aborone to Kanye online\" \/>\n<meta name=\"robots\" content=\"index, follow, max-snippet:-1, max-image-preview:large, max-video-preview:-1\" \/>\n<link rel=\"canonical\" href=\"https:\/\/tiketi.com\/fr-fr\/online-bus-tickets-from-gaborone-to-kanye\/\" \/>\n<meta property=\"og:locale\" content=\"fr_FR\" \/>\n<meta property=\"og:type\" content=\"article\" \/>\n<meta property=\"og:title\" content=\"Bus from Gaborone to Kanye Bus Tickets, Fare, Route &amp;\u00a0Schedule\" \/>\n<meta property=\"og:description\" content=\"Looking for bus from\u00a0aborone to Kanye bus tickets booking app, routes, schedules &amp; fares? Book cheap bus tickets from aborone to Kanye online\" \/>\n<meta property=\"og:url\" content=\"https:\/\/tiketi.com\/fr-fr\/online-bus-tickets-from-gaborone-to-kanye\/\" \/>\n<meta property=\"og:site_name\" content=\"Tiketi.com\" \/>\n<meta property=\"article:publisher\" content=\"https:\/\/www.facebook.com\/TiketiCom\/\" \/>\n<meta property=\"article:modified_time\" content=\"2022-01-28T10:53:34+00:00\" \/>\n<meta property=\"og:image\" content=\"https:\/\/tiketi.com\/wp-content\/uploads\/2022\/01\/bus-ticket-online-booking.jpg\" \/>\n\t<meta property=\"og:image:width\" content=\"1200\" \/>\n\t<meta property=\"og:image:height\" content=\"206\" \/>\n\t<meta property=\"og:image:type\" content=\"image\/jpeg\" \/>\n<meta name=\"twitter:card\" content=\"summary_large_image\" \/>\n<meta name=\"twitter:label1\" content=\"Dur\u00e9e de lecture estim\u00e9e\" \/>\n\t<meta name=\"twitter:data1\" content=\"2 minutes\" \/>\n<script type=\"application\/ld+json\" class=\"yoast-schema-graph\">{\"@context\":\"https:\/\/schema.org\",\"@graph\":[{\"@type\":\"WebPage\",\"@id\":\"https:\/\/tiketi.com\/online-bus-tickets-from-gaborone-to-kanye\/\",\"url\":\"https:\/\/tiketi.com\/online-bus-tickets-from-gaborone-to-kanye\/\",\"name\":\"Bus from Gaborone to Kanye Bus Tickets, Fare, Route &\u00a0Schedule\",\"isPartOf\":{\"@id\":\"https:\/\/tiketi.com\/#website\"},\"primaryImageOfPage\":{\"@id\":\"https:\/\/tiketi.com\/online-bus-tickets-from-gaborone-to-kanye\/#primaryimage\"},\"image\":{\"@id\":\"https:\/\/tiketi.com\/online-bus-tickets-from-gaborone-to-kanye\/#primaryimage\"},\"thumbnailUrl\":\"https:\/\/tiketi.com\/wp-content\/uploads\/2022\/01\/bus-ticket-online-booking.jpg\",\"datePublished\":\"2022-01-19T11:54:41+00:00\",\"dateModified\":\"2022-01-28T10:53:34+00:00\",\"description\":\"Looking for bus from\u00a0aborone to Kanye bus tickets booking app, routes, schedules & fares? Book cheap bus tickets from aborone to Kanye online\",\"breadcrumb\":{\"@id\":\"https:\/\/tiketi.com\/online-bus-tickets-from-gaborone-to-kanye\/#breadcrumb\"},\"inLanguage\":\"fr-FR\",\"potentialAction\":[{\"@type\":\"ReadAction\",\"target\":[\"https:\/\/tiketi.com\/online-bus-tickets-from-gaborone-to-kanye\/\"]}]},{\"@type\":\"ImageObject\",\"inLanguage\":\"fr-FR\",\"@id\":\"https:\/\/tiketi.com\/online-bus-tickets-from-gaborone-to-kanye\/#primaryimage\",\"url\":\"https:\/\/tiketi.com\/wp-content\/uploads\/2022\/01\/bus-ticket-online-booking.jpg\",\"contentUrl\":\"https:\/\/tiketi.com\/wp-content\/uploads\/2022\/01\/bus-ticket-online-booking.jpg\",\"width\":1200,\"height\":206,\"caption\":\"Online Bus Ticket Booking\"},{\"@type\":\"BreadcrumbList\",\"@id\":\"https:\/\/tiketi.com\/online-bus-tickets-from-gaborone-to-kanye\/#breadcrumb\",\"itemListElement\":[{\"@type\":\"ListItem\",\"position\":1,\"name\":\"Home\",\"item\":\"https:\/\/tiketi.com\/\"},{\"@type\":\"ListItem\",\"position\":2,\"name\":\"Bus from Gaborone to Kanye Bus Tickets, Fare, Route &#038;\u00a0Schedule\"}]},{\"@type\":\"WebSite\",\"@id\":\"https:\/\/tiketi.com\/#website\",\"url\":\"https:\/\/tiketi.com\/\",\"name\":\"Flight & Bus Tickets, Tour Packages & Activitites - Tiketi.com\",\"description\":\"Flight &amp; Bus Tickets, Tours, Activitites\",\"publisher\":{\"@id\":\"https:\/\/tiketi.com\/#organization\"},\"potentialAction\":[{\"@type\":\"SearchAction\",\"target\":{\"@type\":\"EntryPoint\",\"urlTemplate\":\"https:\/\/tiketi.com\/?s={search_term_string}\"},\"query-input\":{\"@type\":\"PropertyValueSpecification\",\"valueRequired\":true,\"valueName\":\"search_term_string\"}}],\"inLanguage\":\"fr-FR\"},{\"@type\":\"Organization\",\"@id\":\"https:\/\/tiketi.com\/#organization\",\"name\":\"Tiketi.com\",\"alternateName\":\"Tiketi\",\"url\":\"https:\/\/tiketi.com\/\",\"logo\":{\"@type\":\"ImageObject\",\"inLanguage\":\"fr-FR\",\"@id\":\"https:\/\/tiketi.com\/#\/schema\/logo\/image\/\",\"url\":\"https:\/\/tiketi.com\/wp-content\/uploads\/2019\/05\/tiketi-logo-696.png\",\"contentUrl\":\"https:\/\/tiketi.com\/wp-content\/uploads\/2019\/05\/tiketi-logo-696.png\",\"width\":696,\"height\":696,\"caption\":\"Tiketi.com\"},\"image\":{\"@id\":\"https:\/\/tiketi.com\/#\/schema\/logo\/image\/\"},\"sameAs\":[\"https:\/\/www.facebook.com\/TiketiCom\/\"]}]}<\/script>\n<!-- \/ Yoast SEO plugin. -->","yoast_head_json":{"title":"Bus de Gaborone \u00e0 Kanye Billets de bus, tarifs, itin\u00e9raire et horaires","description":"Vous recherchez une application de r\u00e9servation de billets de bus d&#039;Aborone \u00e0 Kanye, des itin\u00e9raires, des horaires et des tarifs ? R\u00e9servez vos billets de bus pas chers de Aborone \u00e0 Kanye en ligne","robots":{"index":"index","follow":"follow","max-snippet":"max-snippet:-1","max-image-preview":"max-image-preview:large","max-video-preview":"max-video-preview:-1"},"canonical":"https:\/\/tiketi.com\/fr-fr\/online-bus-tickets-from-gaborone-to-kanye\/","og_locale":"fr_FR","og_type":"article","og_title":"Bus from Gaborone to Kanye Bus Tickets, Fare, Route &\u00a0Schedule","og_description":"Looking for bus from\u00a0aborone to Kanye bus tickets booking app, routes, schedules & fares? Book cheap bus tickets from aborone to Kanye online","og_url":"https:\/\/tiketi.com\/fr-fr\/online-bus-tickets-from-gaborone-to-kanye\/","og_site_name":"Tiketi.com","article_publisher":"https:\/\/www.facebook.com\/TiketiCom\/","article_modified_time":"2022-01-28T10:53:34+00:00","og_image":[{"width":1200,"height":206,"url":"https:\/\/tiketi.com\/wp-content\/uploads\/2022\/01\/bus-ticket-online-booking.jpg","type":"image\/jpeg"}],"twitter_card":"summary_large_image","twitter_misc":{"Dur\u00e9e de lecture estim\u00e9e":"2 minutes"},"schema":{"@context":"https:\/\/schema.org","@graph":[{"@type":"WebPage","@id":"https:\/\/tiketi.com\/online-bus-tickets-from-gaborone-to-kanye\/","url":"https:\/\/tiketi.com\/online-bus-tickets-from-gaborone-to-kanye\/","name":"Bus de Gaborone \u00e0 Kanye Billets de bus, tarifs, itin\u00e9raire et horaires","isPartOf":{"@id":"https:\/\/tiketi.com\/#website"},"primaryImageOfPage":{"@id":"https:\/\/tiketi.com\/online-bus-tickets-from-gaborone-to-kanye\/#primaryimage"},"image":{"@id":"https:\/\/tiketi.com\/online-bus-tickets-from-gaborone-to-kanye\/#primaryimage"},"thumbnailUrl":"https:\/\/tiketi.com\/wp-content\/uploads\/2022\/01\/bus-ticket-online-booking.jpg","datePublished":"2022-01-19T11:54:41+00:00","dateModified":"2022-01-28T10:53:34+00:00","description":"Vous recherchez une application de r\u00e9servation de billets de bus d&#039;Aborone \u00e0 Kanye, des itin\u00e9raires, des horaires et des tarifs ? R\u00e9servez vos billets de bus pas chers de Aborone \u00e0 Kanye en ligne","breadcrumb":{"@id":"https:\/\/tiketi.com\/online-bus-tickets-from-gaborone-to-kanye\/#breadcrumb"},"inLanguage":"fr-FR","potentialAction":[{"@type":"ReadAction","target":["https:\/\/tiketi.com\/online-bus-tickets-from-gaborone-to-kanye\/"]}]},{"@type":"ImageObject","inLanguage":"fr-FR","@id":"https:\/\/tiketi.com\/online-bus-tickets-from-gaborone-to-kanye\/#primaryimage","url":"https:\/\/tiketi.com\/wp-content\/uploads\/2022\/01\/bus-ticket-online-booking.jpg","contentUrl":"https:\/\/tiketi.com\/wp-content\/uploads\/2022\/01\/bus-ticket-online-booking.jpg","width":1200,"height":206,"caption":"Online Bus Ticket Booking"},{"@type":"BreadcrumbList","@id":"https:\/\/tiketi.com\/online-bus-tickets-from-gaborone-to-kanye\/#breadcrumb","itemListElement":[{"@type":"ListItem","position":1,"name":"Home","item":"https:\/\/tiketi.com\/"},{"@type":"ListItem","position":2,"name":"Bus from Gaborone to Kanye Bus Tickets, Fare, Route &#038;\u00a0Schedule"}]},{"@type":"WebSite","@id":"https:\/\/tiketi.com\/#website","url":"https:\/\/tiketi.com\/","name":"Billets d&#039;avion et de bus, forfaits touristiques et activit\u00e9s - Tiketi.com","description":"Billets d&#039;avion et de bus, Tours, Activit\u00e9s","publisher":{"@id":"https:\/\/tiketi.com\/#organization"},"potentialAction":[{"@type":"SearchAction","target":{"@type":"EntryPoint","urlTemplate":"https:\/\/tiketi.com\/?s={search_term_string}"},"query-input":{"@type":"PropertyValueSpecification","valueRequired":true,"valueName":"search_term_string"}}],"inLanguage":"fr-FR"},{"@type":"Organization","@id":"https:\/\/tiketi.com\/#organization","name":"Tiketi.com","alternateName":"Tiketi","url":"https:\/\/tiketi.com\/","logo":{"@type":"ImageObject","inLanguage":"fr-FR","@id":"https:\/\/tiketi.com\/#\/schema\/logo\/image\/","url":"https:\/\/tiketi.com\/wp-content\/uploads\/2019\/05\/tiketi-logo-696.png","contentUrl":"https:\/\/tiketi.com\/wp-content\/uploads\/2019\/05\/tiketi-logo-696.png","width":696,"height":696,"caption":"Tiketi.com"},"image":{"@id":"https:\/\/tiketi.com\/#\/schema\/logo\/image\/"},"sameAs":["https:\/\/www.facebook.com\/TiketiCom\/"]}]}},"_links":{"self":[{"href":"https:\/\/tiketi.com\/fr-fr\/wp-json\/wp\/v2\/pages\/11454","targetHints":{"allow":["GET"]}}],"collection":[{"href":"https:\/\/tiketi.com\/fr-fr\/wp-json\/wp\/v2\/pages"}],"about":[{"href":"https:\/\/tiketi.com\/fr-fr\/wp-json\/wp\/v2\/types\/page"}],"author":[{"embeddable":true,"href":"https:\/\/tiketi.com\/fr-fr\/wp-json\/wp\/v2\/users\/1"}],"replies":[{"embeddable":true,"href":"https:\/\/tiketi.com\/fr-fr\/wp-json\/wp\/v2\/comments?post=11454"}],"version-history":[{"count":0,"href":"https:\/\/tiketi.com\/fr-fr\/wp-json\/wp\/v2\/pages\/11454\/revisions"}],"wp:featuredmedia":[{"embeddable":true,"href":"https:\/\/tiketi.com\/fr-fr\/wp-json\/wp\/v2\/media\/13999"}],"wp:attachment":[{"href":"https:\/\/tiketi.com\/fr-fr\/wp-json\/wp\/v2\/media?parent=11454"}],"curies":[{"name":"wp","href":"https:\/\/api.w.org\/{rel}","templated":true}]}}