{"id":11455,"date":"2022-01-19T12:54:41","date_gmt":"2022-01-19T11:54:41","guid":{"rendered":"https:\/\/new.tiketi.com\/bus-from-gaborone-to-molepolole-bus-tickets-fare-route-schedule\/"},"modified":"2022-01-28T12:07:30","modified_gmt":"2022-01-28T11:07:30","slug":"online-bus-tickets-from-gaborone-to-molepolole","status":"publish","type":"page","link":"https:\/\/tiketi.com\/fr-fr\/online-bus-tickets-from-gaborone-to-molepolole\/","title":{"rendered":"Bus from Gaborone to Molepolole Bus Tickets, Fare, Route &#038;\u00a0Schedule"},"content":{"rendered":"<h2>Cheap Bus Tickets from\u00a0Gaborone to Molepolole Online Booking<\/h2>\n<h3>Discover your travel route on web, mobile or app and book cheap bus ticket from Gaborone to Molepolole online now.<\/h3>\n<p>Do\u00a0cheap bus from Gaborone to Molepolole bus tickets online booking and travel Gaborone to Molepolole by road. Molepeople is the administrative capital of the Kweneng area and home for Bakwena tribe. It was named after the Molepolole River and is Botswana biggest village with a population of just about 70,000 people. It lies fifty km away from the Botswana capital city, Gaborone and works as a gateway for exploring the Kalahari dessert. Here is the guide on how to book bus tickets from Gaborone to Molepolole:<\/p>\n<h2>Bus from Gaborone to Molepolole Bus Tickets Booking, Routes, Schedules &amp; Fares FAQs<\/h2>\n<h3>Is there a direct bus Gaborone to Molepolole?<\/h3>\n<p>Yes, there is a direct bus Gaborone to Molepolole. Services depart 3 times a day, and run every day. The journey takes about 35 min.<\/p>\n<h3>How do I move from travel from Molepolole without a personal vehicle?<\/h3>\n<p>The top way to get from Gaborone to Molepolole without a personal vehicle is to bus which takes 35 min and costs.<\/p>\n<h3>Where do I take the bus Gaborone to Molepolole from?<\/h3>\n<p>Gaborone to Molepoloe bus bus services, run by AT and T Monnakgotha, depart from Gaborone station.<\/p>\n<h3>Where does the Gaborone to Molepolole bus arrive?<\/h3>\n<p>Cheap bus tickets from Gaborone to Molepolole\u00a0services, run by T and AT Monnakgotla, arrive at Molepolole station.<\/p>\n<h3>Can I drive from Gaborone to Molepolole?<\/h3>\n<p>Yes, the driving distance between Molepolole and Gaborone is 57 km. It takes about 55 min to drive from Gaborone to Molepolole.<\/p>\n<h2>Bus Tickets from\u00a0Gaborone to Molepolole Tips<\/h2>\n<p>Things to do in Molepolole contain visiting Debswana Diamond company, which is a mining firm placed in Botswana and the worlds key producer of diamonds by value. It is Molepolole key attraction and Botswana bigger employer, employing six-thousand people.<\/p>\n<p>Molepolole is placed within a little drive of some of Botswana top-known historical places, including an amazing museum on the key road.<br \/>\nLovers of history and archaeology would enjoy travelling to this amazing location to have a firsthand experience. It provides one of the feeling of entering a very old village with all the trimmings of history.<\/p>","protected":false},"excerpt":{"rendered":"<p>Cheap Bus Tickets from\u00a0Gaborone to Molepolole Online Booking Discover your travel route on web, mobile or app and book cheap bus ticket from Gaborone to Molepolole online now. Do\u00a0cheap bus from Gaborone to Molepolole bus tickets online booking and travel Gaborone to Molepolole by road. Molepeople is the administrative capital of the Kweneng area and [&hellip;]<\/p>\n","protected":false},"author":1,"featured_media":13999,"parent":0,"menu_order":0,"comment_status":"open","ping_status":"closed","template":"template-home-modern.php","meta":{"footnotes":""},"class_list":["post-11455","page","type-page","status-publish","has-post-thumbnail","hentry"],"yoast_head":"<!-- This site is optimized with the Yoast SEO plugin v27.4 - https:\/\/yoast.com\/product\/yoast-seo-wordpress\/ -->\n<title>Bus from Gaborone to Molepolole Bus Tickets, Fare, Route &amp;\u00a0Schedule<\/title>\n<meta name=\"description\" content=\"Looking for bus from\u00a0Gaborone to Molepolole bus ticket booking, schedule &amp; far? Book cheap bus tickets from Gaborone to Molepolole online now\" \/>\n<meta name=\"robots\" content=\"index, follow, max-snippet:-1, max-image-preview:large, max-video-preview:-1\" \/>\n<link rel=\"canonical\" href=\"https:\/\/tiketi.com\/fr-fr\/online-bus-tickets-from-gaborone-to-molepolole\/\" \/>\n<meta property=\"og:locale\" content=\"fr_FR\" \/>\n<meta property=\"og:type\" content=\"article\" \/>\n<meta property=\"og:title\" content=\"Bus from Gaborone to Molepolole Bus Tickets, Fare, Route &amp;\u00a0Schedule\" \/>\n<meta property=\"og:description\" content=\"Looking for bus from\u00a0Gaborone to Molepolole bus ticket booking, schedule &amp; far? Book cheap bus tickets from Gaborone to Molepolole online now\" \/>\n<meta property=\"og:url\" content=\"https:\/\/tiketi.com\/fr-fr\/online-bus-tickets-from-gaborone-to-molepolole\/\" \/>\n<meta property=\"og:site_name\" content=\"Tiketi.com\" \/>\n<meta property=\"article:publisher\" content=\"https:\/\/www.facebook.com\/TiketiCom\/\" \/>\n<meta property=\"article:modified_time\" content=\"2022-01-28T11:07:30+00:00\" \/>\n<meta property=\"og:image\" content=\"https:\/\/tiketi.com\/wp-content\/uploads\/2022\/01\/bus-ticket-online-booking.jpg\" \/>\n\t<meta property=\"og:image:width\" content=\"1200\" \/>\n\t<meta property=\"og:image:height\" content=\"206\" \/>\n\t<meta property=\"og:image:type\" content=\"image\/jpeg\" \/>\n<meta name=\"twitter:card\" content=\"summary_large_image\" \/>\n<meta name=\"twitter:label1\" content=\"Dur\u00e9e de lecture estim\u00e9e\" \/>\n\t<meta name=\"twitter:data1\" content=\"2 minutes\" \/>\n<script type=\"application\/ld+json\" class=\"yoast-schema-graph\">{\"@context\":\"https:\\\/\\\/schema.org\",\"@graph\":[{\"@type\":\"WebPage\",\"@id\":\"https:\\\/\\\/tiketi.com\\\/online-bus-tickets-from-gaborone-to-molepolole\\\/\",\"url\":\"https:\\\/\\\/tiketi.com\\\/online-bus-tickets-from-gaborone-to-molepolole\\\/\",\"name\":\"Bus from Gaborone to Molepolole Bus Tickets, Fare, Route &\u00a0Schedule\",\"isPartOf\":{\"@id\":\"https:\\\/\\\/tiketi.com\\\/#website\"},\"primaryImageOfPage\":{\"@id\":\"https:\\\/\\\/tiketi.com\\\/online-bus-tickets-from-gaborone-to-molepolole\\\/#primaryimage\"},\"image\":{\"@id\":\"https:\\\/\\\/tiketi.com\\\/online-bus-tickets-from-gaborone-to-molepolole\\\/#primaryimage\"},\"thumbnailUrl\":\"https:\\\/\\\/tiketi.com\\\/wp-content\\\/uploads\\\/2022\\\/01\\\/bus-ticket-online-booking.jpg\",\"datePublished\":\"2022-01-19T11:54:41+00:00\",\"dateModified\":\"2022-01-28T11:07:30+00:00\",\"description\":\"Looking for bus from\u00a0Gaborone to Molepolole bus ticket booking, schedule & far? Book cheap bus tickets from Gaborone to Molepolole online now\",\"breadcrumb\":{\"@id\":\"https:\\\/\\\/tiketi.com\\\/online-bus-tickets-from-gaborone-to-molepolole\\\/#breadcrumb\"},\"inLanguage\":\"fr-FR\",\"potentialAction\":[{\"@type\":\"ReadAction\",\"target\":[\"https:\\\/\\\/tiketi.com\\\/online-bus-tickets-from-gaborone-to-molepolole\\\/\"]}]},{\"@type\":\"ImageObject\",\"inLanguage\":\"fr-FR\",\"@id\":\"https:\\\/\\\/tiketi.com\\\/online-bus-tickets-from-gaborone-to-molepolole\\\/#primaryimage\",\"url\":\"https:\\\/\\\/tiketi.com\\\/wp-content\\\/uploads\\\/2022\\\/01\\\/bus-ticket-online-booking.jpg\",\"contentUrl\":\"https:\\\/\\\/tiketi.com\\\/wp-content\\\/uploads\\\/2022\\\/01\\\/bus-ticket-online-booking.jpg\",\"width\":1200,\"height\":206,\"caption\":\"Online Bus Ticket Booking\"},{\"@type\":\"BreadcrumbList\",\"@id\":\"https:\\\/\\\/tiketi.com\\\/online-bus-tickets-from-gaborone-to-molepolole\\\/#breadcrumb\",\"itemListElement\":[{\"@type\":\"ListItem\",\"position\":1,\"name\":\"Home\",\"item\":\"https:\\\/\\\/tiketi.com\\\/\"},{\"@type\":\"ListItem\",\"position\":2,\"name\":\"Bus from Gaborone to Molepolole Bus Tickets, Fare, Route &#038;\u00a0Schedule\"}]},{\"@type\":\"WebSite\",\"@id\":\"https:\\\/\\\/tiketi.com\\\/#website\",\"url\":\"https:\\\/\\\/tiketi.com\\\/\",\"name\":\"Flight & Bus Tickets, Tour Packages & Activitites - Tiketi.com\",\"description\":\"Flight &amp; Bus Tickets, Tours, Activitites\",\"publisher\":{\"@id\":\"https:\\\/\\\/tiketi.com\\\/#organization\"},\"potentialAction\":[{\"@type\":\"SearchAction\",\"target\":{\"@type\":\"EntryPoint\",\"urlTemplate\":\"https:\\\/\\\/tiketi.com\\\/?s={search_term_string}\"},\"query-input\":{\"@type\":\"PropertyValueSpecification\",\"valueRequired\":true,\"valueName\":\"search_term_string\"}}],\"inLanguage\":\"fr-FR\"},{\"@type\":\"Organization\",\"@id\":\"https:\\\/\\\/tiketi.com\\\/#organization\",\"name\":\"Tiketi.com\",\"alternateName\":\"Tiketi\",\"url\":\"https:\\\/\\\/tiketi.com\\\/\",\"logo\":{\"@type\":\"ImageObject\",\"inLanguage\":\"fr-FR\",\"@id\":\"https:\\\/\\\/tiketi.com\\\/#\\\/schema\\\/logo\\\/image\\\/\",\"url\":\"https:\\\/\\\/tiketi.com\\\/wp-content\\\/uploads\\\/2019\\\/05\\\/tiketi-logo-696.png\",\"contentUrl\":\"https:\\\/\\\/tiketi.com\\\/wp-content\\\/uploads\\\/2019\\\/05\\\/tiketi-logo-696.png\",\"width\":696,\"height\":696,\"caption\":\"Tiketi.com\"},\"image\":{\"@id\":\"https:\\\/\\\/tiketi.com\\\/#\\\/schema\\\/logo\\\/image\\\/\"},\"sameAs\":[\"https:\\\/\\\/www.facebook.com\\\/TiketiCom\\\/\"]}]}<\/script>\n<!-- \/ Yoast SEO plugin. -->","yoast_head_json":{"title":"Bus de Gaborone \u00e0 Molepolole Billets de bus, tarifs, itin\u00e9raire et horaires","description":"Vous recherchez des bus de Gaborone \u00e0 Molepolole, une r\u00e9servation de billets de bus, les horaires et les distances ? R\u00e9servez vos billets de bus \u00e0 bas prix de Gaborone \u00e0 Molepolole en ligne maintenant","robots":{"index":"index","follow":"follow","max-snippet":"max-snippet:-1","max-image-preview":"max-image-preview:large","max-video-preview":"max-video-preview:-1"},"canonical":"https:\/\/tiketi.com\/fr-fr\/online-bus-tickets-from-gaborone-to-molepolole\/","og_locale":"fr_FR","og_type":"article","og_title":"Bus from Gaborone to Molepolole Bus Tickets, Fare, Route &\u00a0Schedule","og_description":"Looking for bus from\u00a0Gaborone to Molepolole bus ticket booking, schedule & far? Book cheap bus tickets from Gaborone to Molepolole online now","og_url":"https:\/\/tiketi.com\/fr-fr\/online-bus-tickets-from-gaborone-to-molepolole\/","og_site_name":"Tiketi.com","article_publisher":"https:\/\/www.facebook.com\/TiketiCom\/","article_modified_time":"2022-01-28T11:07:30+00:00","og_image":[{"width":1200,"height":206,"url":"https:\/\/tiketi.com\/wp-content\/uploads\/2022\/01\/bus-ticket-online-booking.jpg","type":"image\/jpeg"}],"twitter_card":"summary_large_image","twitter_misc":{"Dur\u00e9e de lecture estim\u00e9e":"2 minutes"},"schema":{"@context":"https:\/\/schema.org","@graph":[{"@type":"WebPage","@id":"https:\/\/tiketi.com\/online-bus-tickets-from-gaborone-to-molepolole\/","url":"https:\/\/tiketi.com\/online-bus-tickets-from-gaborone-to-molepolole\/","name":"Bus de Gaborone \u00e0 Molepolole Billets de bus, tarifs, itin\u00e9raire et horaires","isPartOf":{"@id":"https:\/\/tiketi.com\/#website"},"primaryImageOfPage":{"@id":"https:\/\/tiketi.com\/online-bus-tickets-from-gaborone-to-molepolole\/#primaryimage"},"image":{"@id":"https:\/\/tiketi.com\/online-bus-tickets-from-gaborone-to-molepolole\/#primaryimage"},"thumbnailUrl":"https:\/\/tiketi.com\/wp-content\/uploads\/2022\/01\/bus-ticket-online-booking.jpg","datePublished":"2022-01-19T11:54:41+00:00","dateModified":"2022-01-28T11:07:30+00:00","description":"Vous recherchez des bus de Gaborone \u00e0 Molepolole, une r\u00e9servation de billets de bus, les horaires et les distances ? R\u00e9servez vos billets de bus \u00e0 bas prix de Gaborone \u00e0 Molepolole en ligne maintenant","breadcrumb":{"@id":"https:\/\/tiketi.com\/online-bus-tickets-from-gaborone-to-molepolole\/#breadcrumb"},"inLanguage":"fr-FR","potentialAction":[{"@type":"ReadAction","target":["https:\/\/tiketi.com\/online-bus-tickets-from-gaborone-to-molepolole\/"]}]},{"@type":"ImageObject","inLanguage":"fr-FR","@id":"https:\/\/tiketi.com\/online-bus-tickets-from-gaborone-to-molepolole\/#primaryimage","url":"https:\/\/tiketi.com\/wp-content\/uploads\/2022\/01\/bus-ticket-online-booking.jpg","contentUrl":"https:\/\/tiketi.com\/wp-content\/uploads\/2022\/01\/bus-ticket-online-booking.jpg","width":1200,"height":206,"caption":"Online Bus Ticket Booking"},{"@type":"BreadcrumbList","@id":"https:\/\/tiketi.com\/online-bus-tickets-from-gaborone-to-molepolole\/#breadcrumb","itemListElement":[{"@type":"ListItem","position":1,"name":"Home","item":"https:\/\/tiketi.com\/"},{"@type":"ListItem","position":2,"name":"Bus from Gaborone to Molepolole Bus Tickets, Fare, Route &#038;\u00a0Schedule"}]},{"@type":"WebSite","@id":"https:\/\/tiketi.com\/#website","url":"https:\/\/tiketi.com\/","name":"Billets d&#039;avion et de bus, forfaits touristiques et activit\u00e9s - Tiketi.com","description":"Billets d&#039;avion et de bus, Tours, Activit\u00e9s","publisher":{"@id":"https:\/\/tiketi.com\/#organization"},"potentialAction":[{"@type":"SearchAction","target":{"@type":"EntryPoint","urlTemplate":"https:\/\/tiketi.com\/?s={search_term_string}"},"query-input":{"@type":"PropertyValueSpecification","valueRequired":true,"valueName":"search_term_string"}}],"inLanguage":"fr-FR"},{"@type":"Organization","@id":"https:\/\/tiketi.com\/#organization","name":"Tiketi.com","alternateName":"Tiketi","url":"https:\/\/tiketi.com\/","logo":{"@type":"ImageObject","inLanguage":"fr-FR","@id":"https:\/\/tiketi.com\/#\/schema\/logo\/image\/","url":"https:\/\/tiketi.com\/wp-content\/uploads\/2019\/05\/tiketi-logo-696.png","contentUrl":"https:\/\/tiketi.com\/wp-content\/uploads\/2019\/05\/tiketi-logo-696.png","width":696,"height":696,"caption":"Tiketi.com"},"image":{"@id":"https:\/\/tiketi.com\/#\/schema\/logo\/image\/"},"sameAs":["https:\/\/www.facebook.com\/TiketiCom\/"]}]}},"_links":{"self":[{"href":"https:\/\/tiketi.com\/fr-fr\/wp-json\/wp\/v2\/pages\/11455","targetHints":{"allow":["GET"]}}],"collection":[{"href":"https:\/\/tiketi.com\/fr-fr\/wp-json\/wp\/v2\/pages"}],"about":[{"href":"https:\/\/tiketi.com\/fr-fr\/wp-json\/wp\/v2\/types\/page"}],"author":[{"embeddable":true,"href":"https:\/\/tiketi.com\/fr-fr\/wp-json\/wp\/v2\/users\/1"}],"replies":[{"embeddable":true,"href":"https:\/\/tiketi.com\/fr-fr\/wp-json\/wp\/v2\/comments?post=11455"}],"version-history":[{"count":0,"href":"https:\/\/tiketi.com\/fr-fr\/wp-json\/wp\/v2\/pages\/11455\/revisions"}],"wp:featuredmedia":[{"embeddable":true,"href":"https:\/\/tiketi.com\/fr-fr\/wp-json\/wp\/v2\/media\/13999"}],"wp:attachment":[{"href":"https:\/\/tiketi.com\/fr-fr\/wp-json\/wp\/v2\/media?parent=11455"}],"curies":[{"name":"wp","href":"https:\/\/api.w.org\/{rel}","templated":true}]}}