{"id":11457,"date":"2022-01-19T12:54:41","date_gmt":"2022-01-19T11:54:41","guid":{"rendered":"https:\/\/new.tiketi.com\/bus-from-gaborone-to-francistown-bus-tickets-fare-schedule-route\/"},"modified":"2022-01-28T11:51:48","modified_gmt":"2022-01-28T10:51:48","slug":"online-bus-tickets-from-gaborone-to-francistown","status":"publish","type":"page","link":"https:\/\/tiketi.com\/fr-fr\/online-bus-tickets-from-gaborone-to-francistown\/","title":{"rendered":"Bus de Gaborone \u00e0 Francistown Billets de bus, tarif, horaires et itin\u00e9raire"},"content":{"rendered":"<h2>Billets de bus pas chers de Gaborone \u00e0 Francistown R\u00e9servation en ligne<\/h2>\n<h3>D\u00e9couvrez votre itin\u00e9raire sur le web, le mobile ou l&#039;application et r\u00e9servez en ligne maintenant un billet de bus pas cher de Gaborone \u00e0 Francistown.<\/h3>\n<p>R\u00e9servez en ligne des billets de bus pas chers de Gaborone \u00e0 Francistown et voyagez de Gaborone \u00e0 Francistown par la route. La deuxi\u00e8me grande ville du pays vous accueille avec une poign\u00e9e de main et un &quot;Dumilani&quot;. Abritant de nombreux indig\u00e8nes de Kalanga et g\u00e9n\u00e9ralement appel\u00e9e la capitale du Nord, Francistown est un endroit dynamique id\u00e9al pour une nuit lors d&#039;un safari africain de luxe. Voici le guide sur la fa\u00e7on de r\u00e9server des billets de bus de Gaborone \u00e0 Francistown :<\/p>\n<h2>Bus de Gaborone \u00e0 Francistown R\u00e9servation de billets de bus, itin\u00e9raires, horaires et tarifs FAQ<\/h2>\n<h3>Y a-t-il un bus direct entre Gaborone et Francistown ?<\/h3>\n<p>Oui, il y a un bus direct de Gaborone \u00e0 Francistown. Les services partent 4 fois par jour. Le trajet dure environ 5h.<\/p>\n<h3>Quelle est la distance parcourue de Gabor of Francistown?<\/h3>\n<p>La distance entre Gaborone et Francistown en bus est de 421 km.<\/p>\n<h3>Comment se d\u00e9placer de Gaborone \u00e0 Francistown sans v\u00e9hicule personnel ?<\/h3>\n<p>Le meilleur moyen pour se rendre de Gaborone \u00e0 Francistown sans v\u00e9hicule personnel est de bus, ce qui dure 5h et co\u00fbte $10 \u2013 $13.<\/p>\n<h3>O\u00f9 prendre le bus depuis Gaborone pour Francistown ?<\/h3>\n<p>Les billets de bus bon march\u00e9 de Gaborone au service Francistown, g\u00e9r\u00e9 par Seabelo Group, partent de la gare de Gaborone.<\/p>\n<h3>Quel est le moyen abordable pour se rendre de Gaborone \u00e0 Francistown ?<\/h3>\n<p>Le moyen abordable de se rendre de Gaborone \u00e0 Francistown en bus qui co\u00fbte $10 \u2013 $13 et prend 5h.<\/p>\n<h2>Billets de bus de Gaborone \u00e0 Francistown Tips<\/h2>\n<p>La ville a \u00e9t\u00e9 nomm\u00e9e d&#039;apr\u00e8s le mineur et prospecteur britannique Daniel Francis, qui a acquis des licences de prospection en 1869, devenant finalement directeur de la soci\u00e9t\u00e9 Tati Concessions. Francis et d&#039;autres prospecteurs utilisaient g\u00e9n\u00e9ralement de tr\u00e8s vieux puits d&#039;or comme points de rep\u00e8re pour leur prospection. La ville est encore entour\u00e9e d&#039;anciennes mines abandonn\u00e9es.<\/p>\n<p>Cette ville du Botswana est proche du confluent des rivi\u00e8res Tati et Inchwe, \u00e0 quelques kilom\u00e8tres de la fronti\u00e8re avec le Zimbabwe. La ville peut \u00eatre explor\u00e9e par soi-m\u00eame et abrite des supermarch\u00e9s et des restaurants. La route principale au nord-ouest de Francistown offre un passage vers Maun et le delta de l&#039;Okavango, le parc national de Chobe et Kasane, la Zambie, Livingstone et les chutes Victoria.<\/p>","protected":false},"excerpt":{"rendered":"<p>Cheap Bus Tickets from&nbsp;Gaborone to Francistown Online Booking Discover your travel route on web, mobile or app and book cheap bus ticket from Gaborone to Francistown online now. Do cheap bus from Gaborone to Francistown bus tickets online booking and travel Gaborone to Francistown by road. The second major city in the country greets you [&hellip;]<\/p>\n","protected":false},"author":1,"featured_media":13999,"parent":0,"menu_order":0,"comment_status":"open","ping_status":"closed","template":"template-home-modern.php","meta":{"footnotes":""},"class_list":["post-11457","page","type-page","status-publish","has-post-thumbnail","hentry"],"yoast_head":"<!-- This site is optimized with the Yoast SEO plugin v27.2 - https:\/\/yoast.com\/product\/yoast-seo-wordpress\/ -->\n<title>Bus from Gaborone to Francistown Bus Tickets, Fare, Schedule &amp; Route<\/title>\n<meta name=\"description\" content=\"Looking for bus from\u00a0Gaborone to Francistown bus tickets booking, schedule &amp; fare? Book cheap bus tickets from Gaborone to Francistown online\" \/>\n<meta name=\"robots\" content=\"index, follow, max-snippet:-1, max-image-preview:large, max-video-preview:-1\" \/>\n<link rel=\"canonical\" href=\"https:\/\/tiketi.com\/fr-fr\/online-bus-tickets-from-gaborone-to-francistown\/\" \/>\n<meta property=\"og:locale\" content=\"fr_FR\" \/>\n<meta property=\"og:type\" content=\"article\" \/>\n<meta property=\"og:title\" content=\"Bus from Gaborone to Francistown Bus Tickets, Fare, Schedule &amp; Route\" \/>\n<meta property=\"og:description\" content=\"Looking for bus from\u00a0Gaborone to Francistown bus tickets booking, schedule &amp; fare? Book cheap bus tickets from Gaborone to Francistown online\" \/>\n<meta property=\"og:url\" content=\"https:\/\/tiketi.com\/fr-fr\/online-bus-tickets-from-gaborone-to-francistown\/\" \/>\n<meta property=\"og:site_name\" content=\"Tiketi.com\" \/>\n<meta property=\"article:publisher\" content=\"https:\/\/www.facebook.com\/TiketiCom\/\" \/>\n<meta property=\"article:modified_time\" content=\"2022-01-28T10:51:48+00:00\" \/>\n<meta property=\"og:image\" content=\"https:\/\/tiketi.com\/wp-content\/uploads\/2022\/01\/bus-ticket-online-booking.jpg\" \/>\n\t<meta property=\"og:image:width\" content=\"1200\" \/>\n\t<meta property=\"og:image:height\" content=\"206\" \/>\n\t<meta property=\"og:image:type\" content=\"image\/jpeg\" \/>\n<meta name=\"twitter:card\" content=\"summary_large_image\" \/>\n<meta name=\"twitter:label1\" content=\"Dur\u00e9e de lecture estim\u00e9e\" \/>\n\t<meta name=\"twitter:data1\" content=\"2 minutes\" \/>\n<script type=\"application\/ld+json\" class=\"yoast-schema-graph\">{\"@context\":\"https:\/\/schema.org\",\"@graph\":[{\"@type\":\"WebPage\",\"@id\":\"https:\/\/tiketi.com\/online-bus-tickets-from-gaborone-to-francistown\/\",\"url\":\"https:\/\/tiketi.com\/online-bus-tickets-from-gaborone-to-francistown\/\",\"name\":\"Bus from Gaborone to Francistown Bus Tickets, Fare, Schedule & Route\",\"isPartOf\":{\"@id\":\"https:\/\/tiketi.com\/#website\"},\"primaryImageOfPage\":{\"@id\":\"https:\/\/tiketi.com\/online-bus-tickets-from-gaborone-to-francistown\/#primaryimage\"},\"image\":{\"@id\":\"https:\/\/tiketi.com\/online-bus-tickets-from-gaborone-to-francistown\/#primaryimage\"},\"thumbnailUrl\":\"https:\/\/tiketi.com\/wp-content\/uploads\/2022\/01\/bus-ticket-online-booking.jpg\",\"datePublished\":\"2022-01-19T11:54:41+00:00\",\"dateModified\":\"2022-01-28T10:51:48+00:00\",\"description\":\"Looking for bus from\u00a0Gaborone to Francistown bus tickets booking, schedule & fare? Book cheap bus tickets from Gaborone to Francistown online\",\"breadcrumb\":{\"@id\":\"https:\/\/tiketi.com\/online-bus-tickets-from-gaborone-to-francistown\/#breadcrumb\"},\"inLanguage\":\"fr-FR\",\"potentialAction\":[{\"@type\":\"ReadAction\",\"target\":[\"https:\/\/tiketi.com\/online-bus-tickets-from-gaborone-to-francistown\/\"]}]},{\"@type\":\"ImageObject\",\"inLanguage\":\"fr-FR\",\"@id\":\"https:\/\/tiketi.com\/online-bus-tickets-from-gaborone-to-francistown\/#primaryimage\",\"url\":\"https:\/\/tiketi.com\/wp-content\/uploads\/2022\/01\/bus-ticket-online-booking.jpg\",\"contentUrl\":\"https:\/\/tiketi.com\/wp-content\/uploads\/2022\/01\/bus-ticket-online-booking.jpg\",\"width\":1200,\"height\":206,\"caption\":\"Online Bus Ticket Booking\"},{\"@type\":\"BreadcrumbList\",\"@id\":\"https:\/\/tiketi.com\/online-bus-tickets-from-gaborone-to-francistown\/#breadcrumb\",\"itemListElement\":[{\"@type\":\"ListItem\",\"position\":1,\"name\":\"Home\",\"item\":\"https:\/\/tiketi.com\/\"},{\"@type\":\"ListItem\",\"position\":2,\"name\":\"Bus from Gaborone to Francistown Bus Tickets, Fare, Schedule &#038; Route\"}]},{\"@type\":\"WebSite\",\"@id\":\"https:\/\/tiketi.com\/#website\",\"url\":\"https:\/\/tiketi.com\/\",\"name\":\"Flight & Bus Tickets, Tour Packages & Activitites - Tiketi.com\",\"description\":\"Flight &amp; Bus Tickets, Tours, Activitites\",\"publisher\":{\"@id\":\"https:\/\/tiketi.com\/#organization\"},\"potentialAction\":[{\"@type\":\"SearchAction\",\"target\":{\"@type\":\"EntryPoint\",\"urlTemplate\":\"https:\/\/tiketi.com\/?s={search_term_string}\"},\"query-input\":{\"@type\":\"PropertyValueSpecification\",\"valueRequired\":true,\"valueName\":\"search_term_string\"}}],\"inLanguage\":\"fr-FR\"},{\"@type\":\"Organization\",\"@id\":\"https:\/\/tiketi.com\/#organization\",\"name\":\"Tiketi.com\",\"alternateName\":\"Tiketi\",\"url\":\"https:\/\/tiketi.com\/\",\"logo\":{\"@type\":\"ImageObject\",\"inLanguage\":\"fr-FR\",\"@id\":\"https:\/\/tiketi.com\/#\/schema\/logo\/image\/\",\"url\":\"https:\/\/tiketi.com\/wp-content\/uploads\/2019\/05\/tiketi-logo-696.png\",\"contentUrl\":\"https:\/\/tiketi.com\/wp-content\/uploads\/2019\/05\/tiketi-logo-696.png\",\"width\":696,\"height\":696,\"caption\":\"Tiketi.com\"},\"image\":{\"@id\":\"https:\/\/tiketi.com\/#\/schema\/logo\/image\/\"},\"sameAs\":[\"https:\/\/www.facebook.com\/TiketiCom\/\"]}]}<\/script>\n<!-- \/ Yoast SEO plugin. -->","yoast_head_json":{"title":"Bus de Gaborone \u00e0 Francistown Billets de bus, tarif, horaires et itin\u00e9raire","description":"\u00c0 la recherche de bus de Gaborone \u00e0 Francistown, r\u00e9servation de billets de bus, horaires et tarifs ? R\u00e9servez en ligne des billets de bus \u00e0 bas prix de Gaborone \u00e0 Francistown","robots":{"index":"index","follow":"follow","max-snippet":"max-snippet:-1","max-image-preview":"max-image-preview:large","max-video-preview":"max-video-preview:-1"},"canonical":"https:\/\/tiketi.com\/fr-fr\/online-bus-tickets-from-gaborone-to-francistown\/","og_locale":"fr_FR","og_type":"article","og_title":"Bus from Gaborone to Francistown Bus Tickets, Fare, Schedule & Route","og_description":"Looking for bus from\u00a0Gaborone to Francistown bus tickets booking, schedule & fare? Book cheap bus tickets from Gaborone to Francistown online","og_url":"https:\/\/tiketi.com\/fr-fr\/online-bus-tickets-from-gaborone-to-francistown\/","og_site_name":"Tiketi.com","article_publisher":"https:\/\/www.facebook.com\/TiketiCom\/","article_modified_time":"2022-01-28T10:51:48+00:00","og_image":[{"width":1200,"height":206,"url":"https:\/\/tiketi.com\/wp-content\/uploads\/2022\/01\/bus-ticket-online-booking.jpg","type":"image\/jpeg"}],"twitter_card":"summary_large_image","twitter_misc":{"Dur\u00e9e de lecture estim\u00e9e":"2 minutes"},"schema":{"@context":"https:\/\/schema.org","@graph":[{"@type":"WebPage","@id":"https:\/\/tiketi.com\/online-bus-tickets-from-gaborone-to-francistown\/","url":"https:\/\/tiketi.com\/online-bus-tickets-from-gaborone-to-francistown\/","name":"Bus de Gaborone \u00e0 Francistown Billets de bus, tarif, horaires et itin\u00e9raire","isPartOf":{"@id":"https:\/\/tiketi.com\/#website"},"primaryImageOfPage":{"@id":"https:\/\/tiketi.com\/online-bus-tickets-from-gaborone-to-francistown\/#primaryimage"},"image":{"@id":"https:\/\/tiketi.com\/online-bus-tickets-from-gaborone-to-francistown\/#primaryimage"},"thumbnailUrl":"https:\/\/tiketi.com\/wp-content\/uploads\/2022\/01\/bus-ticket-online-booking.jpg","datePublished":"2022-01-19T11:54:41+00:00","dateModified":"2022-01-28T10:51:48+00:00","description":"\u00c0 la recherche de bus de Gaborone \u00e0 Francistown, r\u00e9servation de billets de bus, horaires et tarifs ? R\u00e9servez en ligne des billets de bus \u00e0 bas prix de Gaborone \u00e0 Francistown","breadcrumb":{"@id":"https:\/\/tiketi.com\/online-bus-tickets-from-gaborone-to-francistown\/#breadcrumb"},"inLanguage":"fr-FR","potentialAction":[{"@type":"ReadAction","target":["https:\/\/tiketi.com\/online-bus-tickets-from-gaborone-to-francistown\/"]}]},{"@type":"ImageObject","inLanguage":"fr-FR","@id":"https:\/\/tiketi.com\/online-bus-tickets-from-gaborone-to-francistown\/#primaryimage","url":"https:\/\/tiketi.com\/wp-content\/uploads\/2022\/01\/bus-ticket-online-booking.jpg","contentUrl":"https:\/\/tiketi.com\/wp-content\/uploads\/2022\/01\/bus-ticket-online-booking.jpg","width":1200,"height":206,"caption":"Online Bus Ticket Booking"},{"@type":"BreadcrumbList","@id":"https:\/\/tiketi.com\/online-bus-tickets-from-gaborone-to-francistown\/#breadcrumb","itemListElement":[{"@type":"ListItem","position":1,"name":"Home","item":"https:\/\/tiketi.com\/"},{"@type":"ListItem","position":2,"name":"Bus from Gaborone to Francistown Bus Tickets, Fare, Schedule &#038; Route"}]},{"@type":"WebSite","@id":"https:\/\/tiketi.com\/#website","url":"https:\/\/tiketi.com\/","name":"Billets d&#039;avion et de bus, forfaits touristiques et activit\u00e9s - Tiketi.com","description":"Billets d&#039;avion et de bus, Tours, Activit\u00e9s","publisher":{"@id":"https:\/\/tiketi.com\/#organization"},"potentialAction":[{"@type":"SearchAction","target":{"@type":"EntryPoint","urlTemplate":"https:\/\/tiketi.com\/?s={search_term_string}"},"query-input":{"@type":"PropertyValueSpecification","valueRequired":true,"valueName":"search_term_string"}}],"inLanguage":"fr-FR"},{"@type":"Organization","@id":"https:\/\/tiketi.com\/#organization","name":"Tiketi.com","alternateName":"Tiketi","url":"https:\/\/tiketi.com\/","logo":{"@type":"ImageObject","inLanguage":"fr-FR","@id":"https:\/\/tiketi.com\/#\/schema\/logo\/image\/","url":"https:\/\/tiketi.com\/wp-content\/uploads\/2019\/05\/tiketi-logo-696.png","contentUrl":"https:\/\/tiketi.com\/wp-content\/uploads\/2019\/05\/tiketi-logo-696.png","width":696,"height":696,"caption":"Tiketi.com"},"image":{"@id":"https:\/\/tiketi.com\/#\/schema\/logo\/image\/"},"sameAs":["https:\/\/www.facebook.com\/TiketiCom\/"]}]}},"_links":{"self":[{"href":"https:\/\/tiketi.com\/fr-fr\/wp-json\/wp\/v2\/pages\/11457","targetHints":{"allow":["GET"]}}],"collection":[{"href":"https:\/\/tiketi.com\/fr-fr\/wp-json\/wp\/v2\/pages"}],"about":[{"href":"https:\/\/tiketi.com\/fr-fr\/wp-json\/wp\/v2\/types\/page"}],"author":[{"embeddable":true,"href":"https:\/\/tiketi.com\/fr-fr\/wp-json\/wp\/v2\/users\/1"}],"replies":[{"embeddable":true,"href":"https:\/\/tiketi.com\/fr-fr\/wp-json\/wp\/v2\/comments?post=11457"}],"version-history":[{"count":0,"href":"https:\/\/tiketi.com\/fr-fr\/wp-json\/wp\/v2\/pages\/11457\/revisions"}],"wp:featuredmedia":[{"embeddable":true,"href":"https:\/\/tiketi.com\/fr-fr\/wp-json\/wp\/v2\/media\/13999"}],"wp:attachment":[{"href":"https:\/\/tiketi.com\/fr-fr\/wp-json\/wp\/v2\/media?parent=11457"}],"curies":[{"name":"wp","href":"https:\/\/api.w.org\/{rel}","templated":true}]}}