{"id":11459,"date":"2022-01-19T12:54:41","date_gmt":"2022-01-19T11:54:41","guid":{"rendered":"https:\/\/new.tiketi.com\/bus-from-accra-to-obuase-bus-tickets-fare-schedule-route\/"},"modified":"2022-01-19T12:54:42","modified_gmt":"2022-01-19T11:54:42","slug":"bus-from-accra-to-obuase-bus-tickets-fare-schedule-route","status":"publish","type":"page","link":"https:\/\/tiketi.com\/fr-fr\/bus-from-accra-to-obuase-bus-tickets-fare-schedule-route\/","title":{"rendered":"Bus de Accra \u00e0 Obuase Billets de bus, tarif, horaires et itin\u00e9raire"},"content":{"rendered":"<p>Billets de bus pas chers de Accra \u00e0 Obuase R\u00e9servation en ligne<\/p>\n<p>&gt;&gt; R\u00e9servez votre billet de bus pas cher de Accra \u00e0 Obuase en ligne maintenant.<\/p>\n<p>R\u00e9servez en ligne des billets de bus pas chers d&#039;Accra \u00e0 Obuase et voyagez d&#039;Accra \u00e0 Obuase par la route. Obuasi est une ville appartenant \u00e0 la r\u00e9gion d&#039;Ashanti au Ghana, situ\u00e9e \u00e0 une soixantaine de kilom\u00e8tres au sud de la capitale r\u00e9gionale, Kumasi et \u00e0 deux cents kilom\u00e8tres au nord-ouest de la capitale nationale, Accra. Obusasi est bien connue pour ses meilleures activit\u00e9s mini\u00e8res, domin\u00e9es par la mine d&#039;or d&#039;Obusasi, qui est l&#039;une des dix plus grandes mines d&#039;or de la plan\u00e8te. Obuasi est la ville natale de l&#039;\u00e9minent footballeur John Menash. Voici le guide sur la fa\u00e7on de r\u00e9server des billets de bus d&#039;Accra \u00e0 Obuase :<\/p>\n<p>Bus de Accra \u00e0 Obuase R\u00e9servation de billets de bus, itin\u00e9raires, horaires et tarifs FAQ<\/p>\n<p>Le bus Accra-Obuase est-il le moyen le plus \u00e9conomique de se rendre \u00e0 Obuase ?<\/p>\n<p>Le moyen abordable de se rendre d&#039;Accra \u00e0 Obuase en bus. Les billets de bus pas chers de Accra \u00e0 Obuase co\u00fbtent $12 \u2013 $17 et dure 5h 30m.<\/p>\n<p>Quelle est la distance du trajet de bus Accra \u00e0 Obuasi ?<\/p>\n<p>La distance du trajet de bus Accra \u00e0 Obuasi est de 178 km.<\/p>\n<p>Puis-je conduire de Accra \u00e0 Obuase ?<\/p>\n<p>Oui, la distance entre Obuase et Accra est de 235 km. Il faut environ 3h 45m pour conduire de Accra \u00e0 Obuase.<\/p>\n<p>Billets de bus de Accra \u00e0 Obuase Tips<\/p>\n<p>L&#039;a\u00e9roport de Kumasi est l&#039;a\u00e9roport le plus proche d&#039;Obuasi, situ\u00e9 \u00e0 environ soixante-dix km et op\u00e8re des vols uniquement \u00e0 partir d&#039;Accra. Il est donc pr\u00e9f\u00e9rable que les visiteurs se rendent d&#039;abord \u00e0 l&#039;a\u00e9roport international de Kotoka \u00e0 Accra, puis prennent un taxi ou un bus de l\u00e0 \u00e0 Obuasi. L&#039;a\u00e9roport international de Kotoka est situ\u00e9 \u00e0 environ deux cents kilom\u00e8tres d&#039;Obuasi, assurant des vols depuis de nombreuses villes de premier plan dans le monde, notamment Londres, New York et Johannesburg.<\/p>\n<p>L&#039;h\u00f4pital AGA et le stade Len Clay sont les grands monuments d&#039;Obusasi. Les attractions touristiques d&#039;Obusasi sont en grande partie des mines d&#039;or et la ville abrite un parcours de golf de classe mondiale.<\/p>\n<p>Les magasins sont nombreux \u00e0 Obusai, y compris les boutiques d&#039;artisanat traditionnel et les restaurants \u00e0 Obuasi qui servent en grande partie aux visiteurs une cuisine ghan\u00e9enne traditionnelle all\u00e9chante.<\/p>","protected":false},"excerpt":{"rendered":"<p>Cheap Bus Tickets from Accra to Obuase Online Booking >>&nbsp;Reserve&nbsp;your cheap bus ticket&nbsp;from Accra to Obuase online now. Do cheap bus from Accra to Obuase bus tickets online booking and travel Accra to Obuase by road.&nbsp;Obuasi is a town belonging to the Ashanti area of Ghana, placed around sixty km south of the regional capital, [&hellip;]<\/p>\n","protected":false},"author":1,"featured_media":13999,"parent":0,"menu_order":0,"comment_status":"open","ping_status":"closed","template":"","meta":{"footnotes":""},"class_list":["post-11459","page","type-page","status-publish","has-post-thumbnail","hentry"],"yoast_head":"<!-- This site is optimized with the Yoast SEO plugin v27.2 - https:\/\/yoast.com\/product\/yoast-seo-wordpress\/ -->\n<title>Bus from Accra to Obuase Bus Tickets, Fare, Schedule &amp; Route<\/title>\n<meta name=\"description\" content=\"Looking for bus from\u00a0Accra to Obuase bus tickets booking, routes, schedules &amp; fares? Book cheap bus tickets from Accra to Obuase online now\" \/>\n<meta name=\"robots\" content=\"index, follow, max-snippet:-1, max-image-preview:large, max-video-preview:-1\" \/>\n<link rel=\"canonical\" href=\"https:\/\/tiketi.com\/fr-fr\/bus-from-accra-to-obuase-bus-tickets-fare-schedule-route\/\" \/>\n<meta property=\"og:locale\" content=\"fr_FR\" \/>\n<meta property=\"og:type\" content=\"article\" \/>\n<meta property=\"og:title\" content=\"Bus from Accra to Obuase Bus Tickets, Fare, Schedule &amp; Route\" \/>\n<meta property=\"og:description\" content=\"Looking for bus from\u00a0Accra to Obuase bus tickets booking, routes, schedules &amp; fares? Book cheap bus tickets from Accra to Obuase online now\" \/>\n<meta property=\"og:url\" content=\"https:\/\/tiketi.com\/fr-fr\/bus-from-accra-to-obuase-bus-tickets-fare-schedule-route\/\" \/>\n<meta property=\"og:site_name\" content=\"Tiketi.com\" \/>\n<meta property=\"article:publisher\" content=\"https:\/\/www.facebook.com\/TiketiCom\/\" \/>\n<meta property=\"article:modified_time\" content=\"2022-01-19T11:54:42+00:00\" \/>\n<meta property=\"og:image\" content=\"https:\/\/tiketi.com\/wp-content\/uploads\/2022\/01\/bus-ticket-online-booking.jpg\" \/>\n\t<meta property=\"og:image:width\" content=\"1200\" \/>\n\t<meta property=\"og:image:height\" content=\"206\" \/>\n\t<meta property=\"og:image:type\" content=\"image\/jpeg\" \/>\n<meta name=\"twitter:card\" content=\"summary_large_image\" \/>\n<meta name=\"twitter:label1\" content=\"Dur\u00e9e de lecture estim\u00e9e\" \/>\n\t<meta name=\"twitter:data1\" content=\"2 minutes\" \/>\n<script type=\"application\/ld+json\" class=\"yoast-schema-graph\">{\"@context\":\"https:\/\/schema.org\",\"@graph\":[{\"@type\":\"WebPage\",\"@id\":\"https:\/\/tiketi.com\/bus-from-accra-to-obuase-bus-tickets-fare-schedule-route\/\",\"url\":\"https:\/\/tiketi.com\/bus-from-accra-to-obuase-bus-tickets-fare-schedule-route\/\",\"name\":\"Bus from Accra to Obuase Bus Tickets, Fare, Schedule & Route\",\"isPartOf\":{\"@id\":\"https:\/\/tiketi.com\/#website\"},\"primaryImageOfPage\":{\"@id\":\"https:\/\/tiketi.com\/bus-from-accra-to-obuase-bus-tickets-fare-schedule-route\/#primaryimage\"},\"image\":{\"@id\":\"https:\/\/tiketi.com\/bus-from-accra-to-obuase-bus-tickets-fare-schedule-route\/#primaryimage\"},\"thumbnailUrl\":\"https:\/\/tiketi.com\/wp-content\/uploads\/2022\/01\/bus-ticket-online-booking.jpg\",\"datePublished\":\"2022-01-19T11:54:41+00:00\",\"dateModified\":\"2022-01-19T11:54:42+00:00\",\"description\":\"Looking for bus from\u00a0Accra to Obuase bus tickets booking, routes, schedules & fares? Book cheap bus tickets from Accra to Obuase online now\",\"breadcrumb\":{\"@id\":\"https:\/\/tiketi.com\/bus-from-accra-to-obuase-bus-tickets-fare-schedule-route\/#breadcrumb\"},\"inLanguage\":\"fr-FR\",\"potentialAction\":[{\"@type\":\"ReadAction\",\"target\":[\"https:\/\/tiketi.com\/bus-from-accra-to-obuase-bus-tickets-fare-schedule-route\/\"]}]},{\"@type\":\"ImageObject\",\"inLanguage\":\"fr-FR\",\"@id\":\"https:\/\/tiketi.com\/bus-from-accra-to-obuase-bus-tickets-fare-schedule-route\/#primaryimage\",\"url\":\"https:\/\/tiketi.com\/wp-content\/uploads\/2022\/01\/bus-ticket-online-booking.jpg\",\"contentUrl\":\"https:\/\/tiketi.com\/wp-content\/uploads\/2022\/01\/bus-ticket-online-booking.jpg\",\"width\":1200,\"height\":206,\"caption\":\"Online Bus Ticket Booking\"},{\"@type\":\"BreadcrumbList\",\"@id\":\"https:\/\/tiketi.com\/bus-from-accra-to-obuase-bus-tickets-fare-schedule-route\/#breadcrumb\",\"itemListElement\":[{\"@type\":\"ListItem\",\"position\":1,\"name\":\"Home\",\"item\":\"https:\/\/tiketi.com\/\"},{\"@type\":\"ListItem\",\"position\":2,\"name\":\"Bus from Accra to Obuase Bus Tickets, Fare, Schedule &#038; Route\"}]},{\"@type\":\"WebSite\",\"@id\":\"https:\/\/tiketi.com\/#website\",\"url\":\"https:\/\/tiketi.com\/\",\"name\":\"Flight & Bus Tickets, Tour Packages & Activitites - Tiketi.com\",\"description\":\"Flight &amp; Bus Tickets, Tours, Activitites\",\"publisher\":{\"@id\":\"https:\/\/tiketi.com\/#organization\"},\"potentialAction\":[{\"@type\":\"SearchAction\",\"target\":{\"@type\":\"EntryPoint\",\"urlTemplate\":\"https:\/\/tiketi.com\/?s={search_term_string}\"},\"query-input\":{\"@type\":\"PropertyValueSpecification\",\"valueRequired\":true,\"valueName\":\"search_term_string\"}}],\"inLanguage\":\"fr-FR\"},{\"@type\":\"Organization\",\"@id\":\"https:\/\/tiketi.com\/#organization\",\"name\":\"Tiketi.com\",\"alternateName\":\"Tiketi\",\"url\":\"https:\/\/tiketi.com\/\",\"logo\":{\"@type\":\"ImageObject\",\"inLanguage\":\"fr-FR\",\"@id\":\"https:\/\/tiketi.com\/#\/schema\/logo\/image\/\",\"url\":\"https:\/\/tiketi.com\/wp-content\/uploads\/2019\/05\/tiketi-logo-696.png\",\"contentUrl\":\"https:\/\/tiketi.com\/wp-content\/uploads\/2019\/05\/tiketi-logo-696.png\",\"width\":696,\"height\":696,\"caption\":\"Tiketi.com\"},\"image\":{\"@id\":\"https:\/\/tiketi.com\/#\/schema\/logo\/image\/\"},\"sameAs\":[\"https:\/\/www.facebook.com\/TiketiCom\/\"]}]}<\/script>\n<!-- \/ Yoast SEO plugin. -->","yoast_head_json":{"title":"Bus de Accra \u00e0 Obuase Billets de bus, tarif, horaires et itin\u00e9raire","description":"Vous recherchez des billets de bus de Accra \u00e0 Obuase, des itin\u00e9raires, des horaires et des tarifs de bus ? R\u00e9servez en ligne maintenant des billets de bus \u00e0 bas prix de Accra \u00e0 Obuase","robots":{"index":"index","follow":"follow","max-snippet":"max-snippet:-1","max-image-preview":"max-image-preview:large","max-video-preview":"max-video-preview:-1"},"canonical":"https:\/\/tiketi.com\/fr-fr\/bus-from-accra-to-obuase-bus-tickets-fare-schedule-route\/","og_locale":"fr_FR","og_type":"article","og_title":"Bus from Accra to Obuase Bus Tickets, Fare, Schedule & Route","og_description":"Looking for bus from\u00a0Accra to Obuase bus tickets booking, routes, schedules & fares? Book cheap bus tickets from Accra to Obuase online now","og_url":"https:\/\/tiketi.com\/fr-fr\/bus-from-accra-to-obuase-bus-tickets-fare-schedule-route\/","og_site_name":"Tiketi.com","article_publisher":"https:\/\/www.facebook.com\/TiketiCom\/","article_modified_time":"2022-01-19T11:54:42+00:00","og_image":[{"width":1200,"height":206,"url":"https:\/\/tiketi.com\/wp-content\/uploads\/2022\/01\/bus-ticket-online-booking.jpg","type":"image\/jpeg"}],"twitter_card":"summary_large_image","twitter_misc":{"Dur\u00e9e de lecture estim\u00e9e":"2 minutes"},"schema":{"@context":"https:\/\/schema.org","@graph":[{"@type":"WebPage","@id":"https:\/\/tiketi.com\/bus-from-accra-to-obuase-bus-tickets-fare-schedule-route\/","url":"https:\/\/tiketi.com\/bus-from-accra-to-obuase-bus-tickets-fare-schedule-route\/","name":"Bus de Accra \u00e0 Obuase Billets de bus, tarif, horaires et itin\u00e9raire","isPartOf":{"@id":"https:\/\/tiketi.com\/#website"},"primaryImageOfPage":{"@id":"https:\/\/tiketi.com\/bus-from-accra-to-obuase-bus-tickets-fare-schedule-route\/#primaryimage"},"image":{"@id":"https:\/\/tiketi.com\/bus-from-accra-to-obuase-bus-tickets-fare-schedule-route\/#primaryimage"},"thumbnailUrl":"https:\/\/tiketi.com\/wp-content\/uploads\/2022\/01\/bus-ticket-online-booking.jpg","datePublished":"2022-01-19T11:54:41+00:00","dateModified":"2022-01-19T11:54:42+00:00","description":"Vous recherchez des billets de bus de Accra \u00e0 Obuase, des itin\u00e9raires, des horaires et des tarifs de bus ? R\u00e9servez en ligne maintenant des billets de bus \u00e0 bas prix de Accra \u00e0 Obuase","breadcrumb":{"@id":"https:\/\/tiketi.com\/bus-from-accra-to-obuase-bus-tickets-fare-schedule-route\/#breadcrumb"},"inLanguage":"fr-FR","potentialAction":[{"@type":"ReadAction","target":["https:\/\/tiketi.com\/bus-from-accra-to-obuase-bus-tickets-fare-schedule-route\/"]}]},{"@type":"ImageObject","inLanguage":"fr-FR","@id":"https:\/\/tiketi.com\/bus-from-accra-to-obuase-bus-tickets-fare-schedule-route\/#primaryimage","url":"https:\/\/tiketi.com\/wp-content\/uploads\/2022\/01\/bus-ticket-online-booking.jpg","contentUrl":"https:\/\/tiketi.com\/wp-content\/uploads\/2022\/01\/bus-ticket-online-booking.jpg","width":1200,"height":206,"caption":"Online Bus Ticket Booking"},{"@type":"BreadcrumbList","@id":"https:\/\/tiketi.com\/bus-from-accra-to-obuase-bus-tickets-fare-schedule-route\/#breadcrumb","itemListElement":[{"@type":"ListItem","position":1,"name":"Home","item":"https:\/\/tiketi.com\/"},{"@type":"ListItem","position":2,"name":"Bus from Accra to Obuase Bus Tickets, Fare, Schedule &#038; Route"}]},{"@type":"WebSite","@id":"https:\/\/tiketi.com\/#website","url":"https:\/\/tiketi.com\/","name":"Billets d&#039;avion et de bus, forfaits touristiques et activit\u00e9s - Tiketi.com","description":"Billets d&#039;avion et de bus, Tours, Activit\u00e9s","publisher":{"@id":"https:\/\/tiketi.com\/#organization"},"potentialAction":[{"@type":"SearchAction","target":{"@type":"EntryPoint","urlTemplate":"https:\/\/tiketi.com\/?s={search_term_string}"},"query-input":{"@type":"PropertyValueSpecification","valueRequired":true,"valueName":"search_term_string"}}],"inLanguage":"fr-FR"},{"@type":"Organization","@id":"https:\/\/tiketi.com\/#organization","name":"Tiketi.com","alternateName":"Tiketi","url":"https:\/\/tiketi.com\/","logo":{"@type":"ImageObject","inLanguage":"fr-FR","@id":"https:\/\/tiketi.com\/#\/schema\/logo\/image\/","url":"https:\/\/tiketi.com\/wp-content\/uploads\/2019\/05\/tiketi-logo-696.png","contentUrl":"https:\/\/tiketi.com\/wp-content\/uploads\/2019\/05\/tiketi-logo-696.png","width":696,"height":696,"caption":"Tiketi.com"},"image":{"@id":"https:\/\/tiketi.com\/#\/schema\/logo\/image\/"},"sameAs":["https:\/\/www.facebook.com\/TiketiCom\/"]}]}},"_links":{"self":[{"href":"https:\/\/tiketi.com\/fr-fr\/wp-json\/wp\/v2\/pages\/11459","targetHints":{"allow":["GET"]}}],"collection":[{"href":"https:\/\/tiketi.com\/fr-fr\/wp-json\/wp\/v2\/pages"}],"about":[{"href":"https:\/\/tiketi.com\/fr-fr\/wp-json\/wp\/v2\/types\/page"}],"author":[{"embeddable":true,"href":"https:\/\/tiketi.com\/fr-fr\/wp-json\/wp\/v2\/users\/1"}],"replies":[{"embeddable":true,"href":"https:\/\/tiketi.com\/fr-fr\/wp-json\/wp\/v2\/comments?post=11459"}],"version-history":[{"count":0,"href":"https:\/\/tiketi.com\/fr-fr\/wp-json\/wp\/v2\/pages\/11459\/revisions"}],"wp:featuredmedia":[{"embeddable":true,"href":"https:\/\/tiketi.com\/fr-fr\/wp-json\/wp\/v2\/media\/13999"}],"wp:attachment":[{"href":"https:\/\/tiketi.com\/fr-fr\/wp-json\/wp\/v2\/media?parent=11459"}],"curies":[{"name":"wp","href":"https:\/\/api.w.org\/{rel}","templated":true}]}}